{"id":224,"date":"2022-12-23T00:08:07","date_gmt":"2022-12-23T00:08:07","guid":{"rendered":"https:\/\/tinte-toneri.hr\/?page_id=224"},"modified":"2026-04-29T12:34:14","modified_gmt":"2026-04-29T12:34:14","slug":"pocetna","status":"publish","type":"page","link":"https:\/\/tinte-toneri.hr\/en\/","title":{"rendered":"Po\u010detna"},"content":{"rendered":"<h2>TOP PONUDA<\/h2>\n<h2>TONERI<\/h2>\n<p><a href=\"https:\/\/tinte-toneri.hr\/en\/toneri\/original-toneri\/\"><br \/>\n<img fetchpriority=\"high\" decoding=\"async\" src=\"https:\/\/tinte-toneri.hr\/wp-content\/uploads\/2022\/12\/9-1024x576.jpg\" sizes=\"(max-width: 800px) 100vw, 800px\" srcset=\"https:\/\/tinte-toneri.hr\/wp-content\/uploads\/2022\/12\/9-1024x576.jpg 1024w, https:\/\/tinte-toneri.hr\/wp-content\/uploads\/2022\/12\/9-300x169.jpg 300w, https:\/\/tinte-toneri.hr\/wp-content\/uploads\/2022\/12\/9-768x432.jpg 768w, https:\/\/tinte-toneri.hr\/wp-content\/uploads\/2022\/12\/9-600x337.jpg 600w, https:\/\/tinte-toneri.hr\/wp-content\/uploads\/2022\/12\/9.jpg 1366w\" alt=\"\" width=\"800\" height=\"450\" \/> <\/a><\/p>\n<h2>ORIGINAL<\/h2>\n<p>Kupite original toner vode\u0107ih svjetskih proizvo\u0111a\u010da kod nas.<\/p>\n<p><a href=\"https:\/\/tinte-toneri.hr\/en\/toneri\/zamjenski-toneri\/\"><br \/>\n<img decoding=\"async\" src=\"https:\/\/tinte-toneri.hr\/wp-content\/uploads\/2022\/12\/3b.jpg\" sizes=\"(max-width: 800px) 100vw, 800px\" srcset=\"https:\/\/tinte-toneri.hr\/wp-content\/uploads\/2022\/12\/3b.jpg 1024w, https:\/\/tinte-toneri.hr\/wp-content\/uploads\/2022\/12\/3b-300x169.jpg 300w, https:\/\/tinte-toneri.hr\/wp-content\/uploads\/2022\/12\/3b-768x432.jpg 768w, https:\/\/tinte-toneri.hr\/wp-content\/uploads\/2022\/12\/3b-600x338.jpg 600w\" alt=\"\" width=\"800\" height=\"450\" \/> <\/a><\/p>\n<h2>ZAMJENSKI<\/h2>\n<p>Prona\u0111ite kvalitetan i povoljan zamjenski toner koji mo\u017eete koristiti na svom pisa\u010du.<\/p>\n<p><a href=\"https:\/\/tinte-toneri.hr\/en\/obnovljeni-toneri\/\"><br \/>\n<img decoding=\"async\" src=\"https:\/\/tinte-toneri.hr\/wp-content\/uploads\/2022\/12\/2b.jpg\" sizes=\"(max-width: 800px) 100vw, 800px\" srcset=\"https:\/\/tinte-toneri.hr\/wp-content\/uploads\/2022\/12\/2b.jpg 1024w, https:\/\/tinte-toneri.hr\/wp-content\/uploads\/2022\/12\/2b-300x169.jpg 300w, https:\/\/tinte-toneri.hr\/wp-content\/uploads\/2022\/12\/2b-768x432.jpg 768w, https:\/\/tinte-toneri.hr\/wp-content\/uploads\/2022\/12\/2b-600x338.jpg 600w\" alt=\"\" width=\"800\" height=\"450\" \/> <\/a><\/p>\n<h2>OBNOVLJENI<\/h2>\n<p>Kvaliteta ispisa potpuno je jednaka originalu, dok je cijena obnovljene kazete oko 50-60% ni\u017ea.<\/p>\n<h2>TINTE<\/h2>\n<p><a href=\"https:\/\/tinte-toneri.hr\/en\/tinte\/original-tinte\/\"><br \/>\n<img loading=\"lazy\" decoding=\"async\" src=\"https:\/\/tinte-toneri.hr\/wp-content\/uploads\/2022\/12\/a-1024x677.jpg\" sizes=\"(max-width: 800px) 100vw, 800px\" srcset=\"https:\/\/tinte-toneri.hr\/wp-content\/uploads\/2022\/12\/a-1024x677.jpg 1024w, https:\/\/tinte-toneri.hr\/wp-content\/uploads\/2022\/12\/a-300x198.jpg 300w, https:\/\/tinte-toneri.hr\/wp-content\/uploads\/2022\/12\/a-768x508.jpg 768w, https:\/\/tinte-toneri.hr\/wp-content\/uploads\/2022\/12\/a-1536x1016.jpg 1536w, https:\/\/tinte-toneri.hr\/wp-content\/uploads\/2022\/12\/a-2048x1354.jpg 2048w, https:\/\/tinte-toneri.hr\/wp-content\/uploads\/2022\/12\/a-600x397.jpg 600w\" alt=\"tinte\" width=\"800\" height=\"529\" \/> <\/a><\/p>\n<h2>ORIGINAL<\/h2>\n<p>Kupite original tinte vode\u0107ih svjetskih proizvo\u0111a\u010da kod nas.<\/p>\n<p><a href=\"https:\/\/tinte-toneri.hr\/en\/tinte\/zamjenske-tinte\/\"><br \/>\n<img loading=\"lazy\" decoding=\"async\" src=\"https:\/\/tinte-toneri.hr\/wp-content\/uploads\/2022\/12\/b-1024x1024.jpg\" sizes=\"(max-width: 800px) 100vw, 800px\" srcset=\"https:\/\/tinte-toneri.hr\/wp-content\/uploads\/2022\/12\/b-1024x1024.jpg 1024w, https:\/\/tinte-toneri.hr\/wp-content\/uploads\/2022\/12\/b-300x300.jpg 300w, https:\/\/tinte-toneri.hr\/wp-content\/uploads\/2022\/12\/b-150x150.jpg 150w, https:\/\/tinte-toneri.hr\/wp-content\/uploads\/2022\/12\/b-768x768.jpg 768w, https:\/\/tinte-toneri.hr\/wp-content\/uploads\/2022\/12\/b-1536x1536.jpg 1536w, https:\/\/tinte-toneri.hr\/wp-content\/uploads\/2022\/12\/b-2048x2048.jpg 2048w, https:\/\/tinte-toneri.hr\/wp-content\/uploads\/2022\/12\/b-600x600.jpg 600w, https:\/\/tinte-toneri.hr\/wp-content\/uploads\/2022\/12\/b-100x100.jpg 100w\" alt=\"tinte\" width=\"800\" height=\"800\" \/> <\/a><\/p>\n<h2>ZAMJENSKE<\/h2>\n<p>Prona\u0111ite kvalitetne i povoljne zamjenske tinte koje mo\u017eete koristiti na svom pisa\u010du.<\/p>\n<p><a href=\"https:\/\/tinte-toneri.hr\/en\/tinte\/obnovljene-tinte\/\"><br \/>\n<img loading=\"lazy\" decoding=\"async\" src=\"https:\/\/tinte-toneri.hr\/wp-content\/uploads\/2022\/12\/c-1024x683.jpg\" sizes=\"(max-width: 800px) 100vw, 800px\" srcset=\"https:\/\/tinte-toneri.hr\/wp-content\/uploads\/2022\/12\/c-1024x683.jpg 1024w, https:\/\/tinte-toneri.hr\/wp-content\/uploads\/2022\/12\/c-300x200.jpg 300w, https:\/\/tinte-toneri.hr\/wp-content\/uploads\/2022\/12\/c-768x512.jpg 768w, https:\/\/tinte-toneri.hr\/wp-content\/uploads\/2022\/12\/c-1536x1024.jpg 1536w, https:\/\/tinte-toneri.hr\/wp-content\/uploads\/2022\/12\/c-2048x1365.jpg 2048w, https:\/\/tinte-toneri.hr\/wp-content\/uploads\/2022\/12\/c-600x400.jpg 600w\" alt=\"\" width=\"800\" height=\"534\" \/> <\/a><\/p>\n<h2>OBNOVLJENE<\/h2>\n<p>Kvaliteta ispisa potpuno je jednaka originalu, dok je cijena obnovljene kazete oko 50-60% ni\u017ea.<\/p>\n<p>Brza dostava<\/p>\n<p>U roku od 48 sati (2 radna dana) za artikle na skladi\u0161tu<\/p>\n<p>Sigurnost kupnjeCertificirana web trgovinaVeliki izborOriginalni, zamjenski i obnovljeni tinte i toneri<\/p>\n<h2>Brza dostava<\/h2>\n<p>\u017delimo da Vam va\u0161a narud\u017eba stigne \u0161to je prije mogu\u0107e. Pohranjujemo tinte i tonere u na\u0161em skladi\u0161tu u Zagrebu tako da ako primimo va\u0161u narud\u017ebu prije 14:00 radnim danom, mo\u017eemo je poslati na bilo koju lokaciju u kopnenom dijelu Hrvatske istog dana.<\/p>\n<h2>Niske cijene<\/h2>\n<p>Sve na\u0161u opremu i papir kupujemo na veliko, tako da vam mo\u017eemo prenijeti u\u0161tedu kada kupujete online. To zna\u010di da \u0107ete svaki put dobiti odli\u010dnu ponudu, bilo da trebate napraviti zalihe za ured ili samo za ku\u0107ni pisa\u010d.<\/p>\n<h2>Veliki izbor<\/h2>\n<p>\u0160to god trebate \u2013 od potpuno novih ispisnih ulo\u017eaka do rijetkih starih ribona \u2013 imamo ono \u0161to tra\u017eite i to po najni\u017eoj cijeni. Na\u0161i novi i kompatibilni spremnici s tintom uklju\u010duju najpopularnije marke kao \u0161to su HP, Epson, Canon, Brother i Dell.<\/p>\n<p><img loading=\"lazy\" decoding=\"async\" src=\"https:\/\/tinte-toneri.hr\/wp-content\/uploads\/2023\/06\/engin-akyurt-CGnoRQZGWmw-unsplash-1-1024x768.jpg\" sizes=\"(max-width: 800px) 100vw, 800px\" srcset=\"https:\/\/tinte-toneri.hr\/wp-content\/uploads\/2023\/06\/engin-akyurt-CGnoRQZGWmw-unsplash-1-1024x768.jpg 1024w, https:\/\/tinte-toneri.hr\/wp-content\/uploads\/2023\/06\/engin-akyurt-CGnoRQZGWmw-unsplash-1-300x225.jpg 300w, https:\/\/tinte-toneri.hr\/wp-content\/uploads\/2023\/06\/engin-akyurt-CGnoRQZGWmw-unsplash-1-768x576.jpg 768w, https:\/\/tinte-toneri.hr\/wp-content\/uploads\/2023\/06\/engin-akyurt-CGnoRQZGWmw-unsplash-1-1536x1152.jpg 1536w, https:\/\/tinte-toneri.hr\/wp-content\/uploads\/2023\/06\/engin-akyurt-CGnoRQZGWmw-unsplash-1-2048x1536.jpg 2048w, https:\/\/tinte-toneri.hr\/wp-content\/uploads\/2023\/06\/engin-akyurt-CGnoRQZGWmw-unsplash-1-16x12.jpg 16w, https:\/\/tinte-toneri.hr\/wp-content\/uploads\/2023\/06\/engin-akyurt-CGnoRQZGWmw-unsplash-1-600x450.jpg 600w\" alt=\"\" width=\"800\" height=\"600\" \/><\/p>\n<h2>Niste i dalje sigurni koja vam tinta ili toner treba?<\/h2>\n<h2>Skratite si muke i nazovite nas, mi \u0107emo Vam rado pomo\u0107i i odgovoriti na sva Va\u0161a pitanja!<\/h2>\n<ul>\n<li>091 469 2307<\/li>\n<li>info@tinte-toneri.hr<\/li>\n<li>Sigurna kupovina! Besplatna dostava iznad 50 eura! Naru\u010dite bilo kada online. Brza dostava!<\/li>\n<\/ul>\n<h2>Brandovi<\/h2>\n<p><a href=\"https:\/\/tinte-toneri.hr\/wp-content\/uploads\/2022\/12\/epson.png\" data-elementor-open-lightbox=\"yes\" data-elementor-lightbox-slideshow=\"8ea9e38\" data-elementor-lightbox-title=\"epson\" data-e-action-hash=\"#elementor-action%3Aaction%3Dlightbox%26settings%3DeyJpZCI6NDkxLCJ1cmwiOiJodHRwczpcL1wvdGludGUtdG9uZXJpLmhyXC93cC1jb250ZW50XC91cGxvYWRzXC8yMDIyXC8xMlwvZXBzb24ucG5nIiwic2xpZGVzaG93IjoiOGVhOWUzOCJ9\"><br \/>\n<\/a><br \/>\n<a href=\"https:\/\/tinte-toneri.hr\/wp-content\/uploads\/2022\/12\/hp.png\" data-elementor-open-lightbox=\"yes\" data-elementor-lightbox-slideshow=\"8ea9e38\" data-elementor-lightbox-title=\"hp\" data-e-action-hash=\"#elementor-action%3Aaction%3Dlightbox%26settings%3DeyJpZCI6NDkyLCJ1cmwiOiJodHRwczpcL1wvdGludGUtdG9uZXJpLmhyXC93cC1jb250ZW50XC91cGxvYWRzXC8yMDIyXC8xMlwvaHAucG5nIiwic2xpZGVzaG93IjoiOGVhOWUzOCJ9\"><br \/>\n<\/a><br \/>\n<a href=\"https:\/\/tinte-toneri.hr\/wp-content\/uploads\/2022\/12\/samsung.png\" data-elementor-open-lightbox=\"yes\" data-elementor-lightbox-slideshow=\"8ea9e38\" data-elementor-lightbox-title=\"samsung\" data-e-action-hash=\"#elementor-action%3Aaction%3Dlightbox%26settings%3DeyJpZCI6NDg4LCJ1cmwiOiJodHRwczpcL1wvdGludGUtdG9uZXJpLmhyXC93cC1jb250ZW50XC91cGxvYWRzXC8yMDIyXC8xMlwvc2Ftc3VuZy5wbmciLCJzbGlkZXNob3ciOiI4ZWE5ZTM4In0%3D\"><br \/>\n<\/a><br \/>\n<a href=\"https:\/\/tinte-toneri.hr\/wp-content\/uploads\/2022\/12\/konica_minolta.png\" data-elementor-open-lightbox=\"yes\" data-elementor-lightbox-slideshow=\"8ea9e38\" data-elementor-lightbox-title=\"konica_minolta\" data-e-action-hash=\"#elementor-action%3Aaction%3Dlightbox%26settings%3DeyJpZCI6NDg2LCJ1cmwiOiJodHRwczpcL1wvdGludGUtdG9uZXJpLmhyXC93cC1jb250ZW50XC91cGxvYWRzXC8yMDIyXC8xMlwva29uaWNhX21pbm9sdGEucG5nIiwic2xpZGVzaG93IjoiOGVhOWUzOCJ9\"><br \/>\n<\/a><br \/>\n<a href=\"https:\/\/tinte-toneri.hr\/wp-content\/uploads\/2022\/12\/brother.png\" data-elementor-open-lightbox=\"yes\" data-elementor-lightbox-slideshow=\"8ea9e38\" data-elementor-lightbox-title=\"brother\" data-e-action-hash=\"#elementor-action%3Aaction%3Dlightbox%26settings%3DeyJpZCI6NDg1LCJ1cmwiOiJodHRwczpcL1wvdGludGUtdG9uZXJpLmhyXC93cC1jb250ZW50XC91cGxvYWRzXC8yMDIyXC8xMlwvYnJvdGhlci5wbmciLCJzbGlkZXNob3ciOiI4ZWE5ZTM4In0%3D\"><br \/>\n<\/a><br \/>\n<a href=\"https:\/\/tinte-toneri.hr\/wp-content\/uploads\/2022\/12\/kyocera.png\" data-elementor-open-lightbox=\"yes\" data-elementor-lightbox-slideshow=\"8ea9e38\" data-elementor-lightbox-title=\"kyocera\" data-e-action-hash=\"#elementor-action%3Aaction%3Dlightbox%26settings%3DeyJpZCI6NDkzLCJ1cmwiOiJodHRwczpcL1wvdGludGUtdG9uZXJpLmhyXC93cC1jb250ZW50XC91cGxvYWRzXC8yMDIyXC8xMlwva3lvY2VyYS5wbmciLCJzbGlkZXNob3ciOiI4ZWE5ZTM4In0%3D\"><br \/>\n<\/a><br \/>\n<a href=\"https:\/\/tinte-toneri.hr\/wp-content\/uploads\/2022\/12\/lexmark.png\" data-elementor-open-lightbox=\"yes\" data-elementor-lightbox-slideshow=\"8ea9e38\" data-elementor-lightbox-title=\"lexmark\" data-e-action-hash=\"#elementor-action%3Aaction%3Dlightbox%26settings%3DeyJpZCI6NDk0LCJ1cmwiOiJodHRwczpcL1wvdGludGUtdG9uZXJpLmhyXC93cC1jb250ZW50XC91cGxvYWRzXC8yMDIyXC8xMlwvbGV4bWFyay5wbmciLCJzbGlkZXNob3ciOiI4ZWE5ZTM4In0%3D\"><br \/>\n<\/a><br \/>\n<a href=\"https:\/\/tinte-toneri.hr\/wp-content\/uploads\/2022\/12\/xerox.png\" data-elementor-open-lightbox=\"yes\" data-elementor-lightbox-slideshow=\"8ea9e38\" data-elementor-lightbox-title=\"xerox\" data-e-action-hash=\"#elementor-action%3Aaction%3Dlightbox%26settings%3DeyJpZCI6NDkwLCJ1cmwiOiJodHRwczpcL1wvdGludGUtdG9uZXJpLmhyXC93cC1jb250ZW50XC91cGxvYWRzXC8yMDIyXC8xMlwveGVyb3gucG5nIiwic2xpZGVzaG93IjoiOGVhOWUzOCJ9\"><br \/>\n<\/a><br \/>\n<a href=\"https:\/\/tinte-toneri.hr\/wp-content\/uploads\/2022\/12\/canon.png\" data-elementor-open-lightbox=\"yes\" data-elementor-lightbox-slideshow=\"8ea9e38\" data-elementor-lightbox-title=\"canon\" data-e-action-hash=\"#elementor-action%3Aaction%3Dlightbox%26settings%3DeyJpZCI6NDg5LCJ1cmwiOiJodHRwczpcL1wvdGludGUtdG9uZXJpLmhyXC93cC1jb250ZW50XC91cGxvYWRzXC8yMDIyXC8xMlwvY2Fub24ucG5nIiwic2xpZGVzaG93IjoiOGVhOWUzOCJ9\"><br \/>\n<\/a><br \/>\n<a href=\"https:\/\/tinte-toneri.hr\/wp-content\/uploads\/2022\/12\/oki.png\" data-elementor-open-lightbox=\"yes\" data-elementor-lightbox-slideshow=\"8ea9e38\" data-elementor-lightbox-title=\"oki\" data-e-action-hash=\"#elementor-action%3Aaction%3Dlightbox%26settings%3DeyJpZCI6NDg3LCJ1cmwiOiJodHRwczpcL1wvdGludGUtdG9uZXJpLmhyXC93cC1jb250ZW50XC91cGxvYWRzXC8yMDIyXC8xMlwvb2tpLnBuZyIsInNsaWRlc2hvdyI6IjhlYTllMzgifQ%3D%3D\"><br \/>\n<\/a><\/p>","protected":false},"excerpt":{"rendered":"<p>TOP PONUDA TONERI ORIGINAL Kupite original toner vode\u0107ih svjetskih proizvo\u0111a\u010da kod nas. ZAMJENSKI Prona\u0111ite kvalitetan i povoljan zamjenski toner koji mo\u017eete koristiti na svom pisa\u010du. OBNOVLJENI Kvaliteta ispisa potpuno je jednaka originalu, dok je cijena obnovljene kazete oko 50-60% ni\u017ea. TINTE ORIGINAL Kupite original tinte vode\u0107ih svjetskih proizvo\u0111a\u010da kod nas. ZAMJENSKE Prona\u0111ite kvalitetne i povoljne [&hellip;]<\/p>\n","protected":false},"author":1,"featured_media":0,"parent":0,"menu_order":1,"comment_status":"closed","ping_status":"closed","template":"","meta":{"om_disable_all_campaigns":false,"_monsterinsights_skip_tracking":false,"_monsterinsights_sitenote_active":false,"_monsterinsights_sitenote_note":"","_monsterinsights_sitenote_category":0,"_uf_show_specific_survey":0,"_uf_disable_surveys":false,"footnotes":""},"class_list":["post-224","page","type-page","status-publish","hentry"],"aioseo_notices":[],"yoast_head":"<!-- This site is optimized with the Yoast SEO plugin v27.4 - https:\/\/yoast.com\/product\/yoast-seo-wordpress\/ -->\n<title>TNT Tinte i toneri - web trgovina<\/title>\n<meta name=\"description\" content=\"Opremite svoj ured ili dom proizvodima iz na\u0161eg bogatog asortimana tinti, tonera i uredskog materijala. Prona\u0111ite kvalitetne opcije po povoljnim cijenama, bilo da preferirate originalne marke ili visokokvalitetne zamjenske proizvode. Sve \u0161to vam je potrebno za va\u0161e printere i uredsku opremu mo\u017eete prona\u0107i na jednom mjestu. Otkrijte \u0161irok izbor proizvoda renomiranih marki, uz brzu dostavu i jednostavno online naru\u010divanje. Posjetite nas i transformirajte svoj radni prostor danas!\" \/>\n<meta name=\"robots\" content=\"index, follow, max-snippet:-1, max-image-preview:large, max-video-preview:-1\" \/>\n<link rel=\"canonical\" href=\"https:\/\/tinte-toneri.hr\/en\/\" \/>\n<meta property=\"og:locale\" content=\"en_US\" \/>\n<meta property=\"og:type\" content=\"article\" \/>\n<meta property=\"og:title\" content=\"TNT Tinte i toneri pouzdana online trgovina\" \/>\n<meta property=\"og:description\" content=\"Tinte i toneri po odli\u010dnim cijenama online! Sigurna kupovina! Lako prona\u0111ite ono \u0161to vam trebate uz na\u0161 pretra\u017eiva\u010d!\" \/>\n<meta property=\"og:url\" content=\"https:\/\/tinte-toneri.hr\/en\/\" \/>\n<meta property=\"og:site_name\" content=\"TNT\" \/>\n<meta property=\"article:modified_time\" content=\"2026-04-29T12:34:14+00:00\" \/>\n<meta property=\"og:image\" content=\"https:\/\/tinte-toneri.hr\/wp-content\/uploads\/2022\/12\/9-1024x576.jpg\" \/>\n<meta name=\"twitter:card\" content=\"summary_large_image\" \/>\n<meta name=\"twitter:label1\" content=\"Est. reading time\" \/>\n\t<meta name=\"twitter:data1\" content=\"3 minutes\" \/>\n<script type=\"application\/ld+json\" class=\"yoast-schema-graph\">{\"@context\":\"https:\\\/\\\/schema.org\",\"@graph\":[{\"@type\":\"WebPage\",\"@id\":\"https:\\\/\\\/tinte-toneri.hr\\\/\",\"url\":\"https:\\\/\\\/tinte-toneri.hr\\\/\",\"name\":\"TNT Tinte i toneri - web trgovina\",\"isPartOf\":{\"@id\":\"https:\\\/\\\/tinte-toneri.hr\\\/#website\"},\"primaryImageOfPage\":{\"@id\":\"https:\\\/\\\/tinte-toneri.hr\\\/#primaryimage\"},\"image\":{\"@id\":\"https:\\\/\\\/tinte-toneri.hr\\\/#primaryimage\"},\"thumbnailUrl\":\"https:\\\/\\\/tinte-toneri.hr\\\/wp-content\\\/uploads\\\/2022\\\/12\\\/9-1024x576.jpg\",\"datePublished\":\"2022-12-23T00:08:07+00:00\",\"dateModified\":\"2026-04-29T12:34:14+00:00\",\"description\":\"Opremite svoj ured ili dom proizvodima iz na\u0161eg bogatog asortimana tinti, tonera i uredskog materijala. Prona\u0111ite kvalitetne opcije po povoljnim cijenama, bilo da preferirate originalne marke ili visokokvalitetne zamjenske proizvode. Sve \u0161to vam je potrebno za va\u0161e printere i uredsku opremu mo\u017eete prona\u0107i na jednom mjestu. Otkrijte \u0161irok izbor proizvoda renomiranih marki, uz brzu dostavu i jednostavno online naru\u010divanje. Posjetite nas i transformirajte svoj radni prostor danas!\",\"breadcrumb\":{\"@id\":\"https:\\\/\\\/tinte-toneri.hr\\\/#breadcrumb\"},\"inLanguage\":\"en-US\",\"potentialAction\":[{\"@type\":\"ReadAction\",\"target\":[\"https:\\\/\\\/tinte-toneri.hr\\\/\"]}]},{\"@type\":\"ImageObject\",\"inLanguage\":\"en-US\",\"@id\":\"https:\\\/\\\/tinte-toneri.hr\\\/#primaryimage\",\"url\":\"https:\\\/\\\/tinte-toneri.hr\\\/wp-content\\\/uploads\\\/2022\\\/12\\\/9-1024x576.jpg\",\"contentUrl\":\"https:\\\/\\\/tinte-toneri.hr\\\/wp-content\\\/uploads\\\/2022\\\/12\\\/9-1024x576.jpg\"},{\"@type\":\"BreadcrumbList\",\"@id\":\"https:\\\/\\\/tinte-toneri.hr\\\/#breadcrumb\",\"itemListElement\":[{\"@type\":\"ListItem\",\"position\":1,\"name\":\"Po\u010detna stranica\",\"item\":\"https:\\\/\\\/tinte-toneri.hr\\\/\"},{\"@type\":\"ListItem\",\"position\":2,\"name\":\"Po\u010detna\"}]},{\"@type\":\"WebSite\",\"@id\":\"https:\\\/\\\/tinte-toneri.hr\\\/#website\",\"url\":\"https:\\\/\\\/tinte-toneri.hr\\\/\",\"name\":\"TNT\",\"description\":\"Tinte i toneri\",\"publisher\":{\"@id\":\"https:\\\/\\\/tinte-toneri.hr\\\/#organization\"},\"potentialAction\":[{\"@type\":\"SearchAction\",\"target\":{\"@type\":\"EntryPoint\",\"urlTemplate\":\"https:\\\/\\\/tinte-toneri.hr\\\/?s={search_term_string}\"},\"query-input\":{\"@type\":\"PropertyValueSpecification\",\"valueRequired\":true,\"valueName\":\"search_term_string\"}}],\"inLanguage\":\"en-US\"},{\"@type\":\"Organization\",\"@id\":\"https:\\\/\\\/tinte-toneri.hr\\\/#organization\",\"name\":\"TNT Global\",\"url\":\"https:\\\/\\\/tinte-toneri.hr\\\/\",\"logo\":{\"@type\":\"ImageObject\",\"inLanguage\":\"en-US\",\"@id\":\"https:\\\/\\\/tinte-toneri.hr\\\/#\\\/schema\\\/logo\\\/image\\\/\",\"url\":\"https:\\\/\\\/tinte-toneri.hr\\\/wp-content\\\/uploads\\\/2023\\\/10\\\/cropped-Logo1-removebg.png\",\"contentUrl\":\"https:\\\/\\\/tinte-toneri.hr\\\/wp-content\\\/uploads\\\/2023\\\/10\\\/cropped-Logo1-removebg.png\",\"width\":2124,\"height\":2129,\"caption\":\"TNT Global\"},\"image\":{\"@id\":\"https:\\\/\\\/tinte-toneri.hr\\\/#\\\/schema\\\/logo\\\/image\\\/\"}}]}<\/script>\n<!-- \/ Yoast SEO plugin. -->","yoast_head_json":{"title":"TNT Tinte i toneri - web trgovina","description":"Opremite svoj ured ili dom proizvodima iz na\u0161eg bogatog asortimana tinti, tonera i uredskog materijala. Prona\u0111ite kvalitetne opcije po povoljnim cijenama, bilo da preferirate originalne marke ili visokokvalitetne zamjenske proizvode. Sve \u0161to vam je potrebno za va\u0161e printere i uredsku opremu mo\u017eete prona\u0107i na jednom mjestu. Otkrijte \u0161irok izbor proizvoda renomiranih marki, uz brzu dostavu i jednostavno online naru\u010divanje. Posjetite nas i transformirajte svoj radni prostor danas!","robots":{"index":"index","follow":"follow","max-snippet":"max-snippet:-1","max-image-preview":"max-image-preview:large","max-video-preview":"max-video-preview:-1"},"canonical":"https:\/\/tinte-toneri.hr\/en\/","og_locale":"en_US","og_type":"article","og_title":"TNT Tinte i toneri pouzdana online trgovina","og_description":"Tinte i toneri po odli\u010dnim cijenama online! Sigurna kupovina! Lako prona\u0111ite ono \u0161to vam trebate uz na\u0161 pretra\u017eiva\u010d!","og_url":"https:\/\/tinte-toneri.hr\/en\/","og_site_name":"TNT","article_modified_time":"2026-04-29T12:34:14+00:00","og_image":[{"url":"https:\/\/tinte-toneri.hr\/wp-content\/uploads\/2022\/12\/9-1024x576.jpg","type":"","width":"","height":""}],"twitter_card":"summary_large_image","twitter_misc":{"Est. reading time":"3 minutes"},"schema":{"@context":"https:\/\/schema.org","@graph":[{"@type":"WebPage","@id":"https:\/\/tinte-toneri.hr\/","url":"https:\/\/tinte-toneri.hr\/","name":"TNT Tinte i toneri - web trgovina","isPartOf":{"@id":"https:\/\/tinte-toneri.hr\/#website"},"primaryImageOfPage":{"@id":"https:\/\/tinte-toneri.hr\/#primaryimage"},"image":{"@id":"https:\/\/tinte-toneri.hr\/#primaryimage"},"thumbnailUrl":"https:\/\/tinte-toneri.hr\/wp-content\/uploads\/2022\/12\/9-1024x576.jpg","datePublished":"2022-12-23T00:08:07+00:00","dateModified":"2026-04-29T12:34:14+00:00","description":"Opremite svoj ured ili dom proizvodima iz na\u0161eg bogatog asortimana tinti, tonera i uredskog materijala. Prona\u0111ite kvalitetne opcije po povoljnim cijenama, bilo da preferirate originalne marke ili visokokvalitetne zamjenske proizvode. Sve \u0161to vam je potrebno za va\u0161e printere i uredsku opremu mo\u017eete prona\u0107i na jednom mjestu. Otkrijte \u0161irok izbor proizvoda renomiranih marki, uz brzu dostavu i jednostavno online naru\u010divanje. Posjetite nas i transformirajte svoj radni prostor danas!","breadcrumb":{"@id":"https:\/\/tinte-toneri.hr\/#breadcrumb"},"inLanguage":"en-US","potentialAction":[{"@type":"ReadAction","target":["https:\/\/tinte-toneri.hr\/"]}]},{"@type":"ImageObject","inLanguage":"en-US","@id":"https:\/\/tinte-toneri.hr\/#primaryimage","url":"https:\/\/tinte-toneri.hr\/wp-content\/uploads\/2022\/12\/9-1024x576.jpg","contentUrl":"https:\/\/tinte-toneri.hr\/wp-content\/uploads\/2022\/12\/9-1024x576.jpg"},{"@type":"BreadcrumbList","@id":"https:\/\/tinte-toneri.hr\/#breadcrumb","itemListElement":[{"@type":"ListItem","position":1,"name":"Po\u010detna stranica","item":"https:\/\/tinte-toneri.hr\/"},{"@type":"ListItem","position":2,"name":"Po\u010detna"}]},{"@type":"WebSite","@id":"https:\/\/tinte-toneri.hr\/#website","url":"https:\/\/tinte-toneri.hr\/","name":"TNT","description":"Tinte i toneri","publisher":{"@id":"https:\/\/tinte-toneri.hr\/#organization"},"potentialAction":[{"@type":"SearchAction","target":{"@type":"EntryPoint","urlTemplate":"https:\/\/tinte-toneri.hr\/?s={search_term_string}"},"query-input":{"@type":"PropertyValueSpecification","valueRequired":true,"valueName":"search_term_string"}}],"inLanguage":"en-US"},{"@type":"Organization","@id":"https:\/\/tinte-toneri.hr\/#organization","name":"TNT Global","url":"https:\/\/tinte-toneri.hr\/","logo":{"@type":"ImageObject","inLanguage":"en-US","@id":"https:\/\/tinte-toneri.hr\/#\/schema\/logo\/image\/","url":"https:\/\/tinte-toneri.hr\/wp-content\/uploads\/2023\/10\/cropped-Logo1-removebg.png","contentUrl":"https:\/\/tinte-toneri.hr\/wp-content\/uploads\/2023\/10\/cropped-Logo1-removebg.png","width":2124,"height":2129,"caption":"TNT Global"},"image":{"@id":"https:\/\/tinte-toneri.hr\/#\/schema\/logo\/image\/"}}]}},"jetpack_sharing_enabled":true,"_links":{"self":[{"href":"https:\/\/tinte-toneri.hr\/en\/wp-json\/wp\/v2\/pages\/224","targetHints":{"allow":["GET"]}}],"collection":[{"href":"https:\/\/tinte-toneri.hr\/en\/wp-json\/wp\/v2\/pages"}],"about":[{"href":"https:\/\/tinte-toneri.hr\/en\/wp-json\/wp\/v2\/types\/page"}],"author":[{"embeddable":true,"href":"https:\/\/tinte-toneri.hr\/en\/wp-json\/wp\/v2\/users\/1"}],"replies":[{"embeddable":true,"href":"https:\/\/tinte-toneri.hr\/en\/wp-json\/wp\/v2\/comments?post=224"}],"version-history":[{"count":366,"href":"https:\/\/tinte-toneri.hr\/en\/wp-json\/wp\/v2\/pages\/224\/revisions"}],"predecessor-version":[{"id":7356,"href":"https:\/\/tinte-toneri.hr\/en\/wp-json\/wp\/v2\/pages\/224\/revisions\/7356"}],"wp:attachment":[{"href":"https:\/\/tinte-toneri.hr\/en\/wp-json\/wp\/v2\/media?parent=224"}],"curies":[{"name":"wp","href":"https:\/\/api.w.org\/{rel}","templated":true}]}}