{"id":340,"date":"2022-12-27T10:06:05","date_gmt":"2022-12-27T10:06:05","guid":{"rendered":"https:\/\/tinte-toneri.hr\/?page_id=340"},"modified":"2023-02-23T17:53:25","modified_gmt":"2023-02-23T17:53:25","slug":"tinte","status":"publish","type":"page","link":"https:\/\/tinte-toneri.hr\/en\/tinte\/","title":{"rendered":"Tinte"},"content":{"rendered":"<div data-elementor-type=\"wp-page\" data-elementor-id=\"340\" class=\"elementor elementor-340\" data-elementor-post-type=\"page\">\n\t\t\t\t\t\t<section class=\"elementor-section elementor-top-section elementor-element elementor-element-187a31e elementor-section-boxed elementor-section-height-default elementor-section-height-default\" data-id=\"187a31e\" data-element_type=\"section\" data-e-type=\"section\">\n\t\t\t\t\t\t<div class=\"elementor-container elementor-column-gap-default\">\n\t\t\t\t\t<div class=\"elementor-column elementor-col-100 elementor-top-column elementor-element elementor-element-ad19bc0\" data-id=\"ad19bc0\" data-element_type=\"column\" data-e-type=\"column\">\n\t\t\t<div class=\"elementor-widget-wrap elementor-element-populated\">\n\t\t\t\t\t\t<div class=\"elementor-element elementor-element-89cf0e7 elementor-widget elementor-widget-heading\" data-id=\"89cf0e7\" data-element_type=\"widget\" data-e-type=\"widget\" data-widget_type=\"heading.default\">\n\t\t\t\t<div class=\"elementor-widget-container\">\n\t\t\t\t\t<h2 class=\"elementor-heading-title elementor-size-default\">TINTE<\/h2>\t\t\t\t<\/div>\n\t\t\t\t<\/div>\n\t\t\t\t<section class=\"elementor-section elementor-inner-section elementor-element elementor-element-15aed46 elementor-section-boxed elementor-section-height-default elementor-section-height-default\" data-id=\"15aed46\" data-element_type=\"section\" data-e-type=\"section\">\n\t\t\t\t\t\t<div class=\"elementor-container elementor-column-gap-default\">\n\t\t\t\t\t<div class=\"elementor-column elementor-col-33 elementor-inner-column elementor-element elementor-element-a62de87\" data-id=\"a62de87\" data-element_type=\"column\" data-e-type=\"column\" data-settings=\"{&quot;background_background&quot;:&quot;classic&quot;}\">\n\t\t\t<div class=\"elementor-widget-wrap elementor-element-populated\">\n\t\t\t\t\t\t<div class=\"elementor-element elementor-element-07acaf6 elementor-widget elementor-widget-image\" data-id=\"07acaf6\" data-element_type=\"widget\" data-e-type=\"widget\" data-widget_type=\"image.default\">\n\t\t\t\t<div class=\"elementor-widget-container\">\n\t\t\t\t\t\t\t\t\t\t\t\t\t\t\t\t<a href=\"https:\/\/tinte-toneri.hr\/en\/tinte\/original-tinte\/\">\n\t\t\t\t\t\t\t<img fetchpriority=\"high\" decoding=\"async\" width=\"800\" height=\"529\" src=\"https:\/\/tinte-toneri.hr\/wp-content\/uploads\/2022\/12\/a-1024x677.jpg\" class=\"attachment-large size-large wp-image-355\" alt=\"tinte\" srcset=\"https:\/\/tinte-toneri.hr\/wp-content\/uploads\/2022\/12\/a-1024x677.jpg 1024w, https:\/\/tinte-toneri.hr\/wp-content\/uploads\/2022\/12\/a-300x198.jpg 300w, https:\/\/tinte-toneri.hr\/wp-content\/uploads\/2022\/12\/a-768x508.jpg 768w, https:\/\/tinte-toneri.hr\/wp-content\/uploads\/2022\/12\/a-1536x1016.jpg 1536w, https:\/\/tinte-toneri.hr\/wp-content\/uploads\/2022\/12\/a-2048x1354.jpg 2048w, https:\/\/tinte-toneri.hr\/wp-content\/uploads\/2022\/12\/a-600x397.jpg 600w\" sizes=\"(max-width: 800px) 100vw, 800px\" \/>\t\t\t\t\t\t\t\t<\/a>\n\t\t\t\t\t\t\t\t\t\t\t\t\t\t\t<\/div>\n\t\t\t\t<\/div>\n\t\t\t\t<div class=\"elementor-element elementor-element-6b6d039 elementor-widget elementor-widget-heading\" data-id=\"6b6d039\" data-element_type=\"widget\" data-e-type=\"widget\" data-widget_type=\"heading.default\">\n\t\t\t\t<div class=\"elementor-widget-container\">\n\t\t\t\t\t<h2 class=\"elementor-heading-title elementor-size-default\">ORIGINAL TINTE<\/h2>\t\t\t\t<\/div>\n\t\t\t\t<\/div>\n\t\t\t\t<div class=\"elementor-element elementor-element-8b5bc5c elementor-widget elementor-widget-text-editor\" data-id=\"8b5bc5c\" data-element_type=\"widget\" data-e-type=\"widget\" data-widget_type=\"text-editor.default\">\n\t\t\t\t<div class=\"elementor-widget-container\">\n\t\t\t\t\t\t\t\t\t<p>Kupi original tinte vode\u0107ih svjetskih proizvo\u0111a\u010da kod nas<\/p>\t\t\t\t\t\t\t\t<\/div>\n\t\t\t\t<\/div>\n\t\t\t\t<div class=\"elementor-element elementor-element-a02c06b elementor-align-justify elementor-widget elementor-widget-button\" data-id=\"a02c06b\" data-element_type=\"widget\" data-e-type=\"widget\" data-widget_type=\"button.default\">\n\t\t\t\t<div class=\"elementor-widget-container\">\n\t\t\t\t\t\t\t\t\t<div class=\"elementor-button-wrapper\">\n\t\t\t\t\t<a class=\"elementor-button elementor-button-link elementor-size-sm\" href=\"https:\/\/tinte-toneri.hr\/en\/tinte\/original-tinte\/\">\n\t\t\t\t\t\t<span class=\"elementor-button-content-wrapper\">\n\t\t\t\t\t\t\t\t\t<span class=\"elementor-button-text\">Otvori original tinte<\/span>\n\t\t\t\t\t<\/span>\n\t\t\t\t\t<\/a>\n\t\t\t\t<\/div>\n\t\t\t\t\t\t\t\t<\/div>\n\t\t\t\t<\/div>\n\t\t\t\t\t<\/div>\n\t\t<\/div>\n\t\t\t\t<div class=\"elementor-column elementor-col-33 elementor-inner-column elementor-element elementor-element-6132dd0\" data-id=\"6132dd0\" data-element_type=\"column\" data-e-type=\"column\" data-settings=\"{&quot;background_background&quot;:&quot;classic&quot;}\">\n\t\t\t<div class=\"elementor-widget-wrap elementor-element-populated\">\n\t\t\t\t\t\t<div class=\"elementor-element elementor-element-e6897a1 elementor-widget elementor-widget-image\" data-id=\"e6897a1\" data-element_type=\"widget\" data-e-type=\"widget\" data-widget_type=\"image.default\">\n\t\t\t\t<div class=\"elementor-widget-container\">\n\t\t\t\t\t\t\t\t\t\t\t\t\t\t\t\t<a href=\"https:\/\/tinte-toneri.hr\/en\/tinte\/zamjenske-tinte\/\">\n\t\t\t\t\t\t\t<img decoding=\"async\" width=\"800\" height=\"800\" src=\"https:\/\/tinte-toneri.hr\/wp-content\/uploads\/2022\/12\/b-1024x1024.jpg\" class=\"attachment-large size-large wp-image-356\" alt=\"tinte\" srcset=\"https:\/\/tinte-toneri.hr\/wp-content\/uploads\/2022\/12\/b-1024x1024.jpg 1024w, https:\/\/tinte-toneri.hr\/wp-content\/uploads\/2022\/12\/b-300x300.jpg 300w, https:\/\/tinte-toneri.hr\/wp-content\/uploads\/2022\/12\/b-150x150.jpg 150w, https:\/\/tinte-toneri.hr\/wp-content\/uploads\/2022\/12\/b-768x768.jpg 768w, https:\/\/tinte-toneri.hr\/wp-content\/uploads\/2022\/12\/b-1536x1536.jpg 1536w, https:\/\/tinte-toneri.hr\/wp-content\/uploads\/2022\/12\/b-2048x2048.jpg 2048w, https:\/\/tinte-toneri.hr\/wp-content\/uploads\/2022\/12\/b-600x600.jpg 600w, https:\/\/tinte-toneri.hr\/wp-content\/uploads\/2022\/12\/b-100x100.jpg 100w\" sizes=\"(max-width: 800px) 100vw, 800px\" \/>\t\t\t\t\t\t\t\t<\/a>\n\t\t\t\t\t\t\t\t\t\t\t\t\t\t\t<\/div>\n\t\t\t\t<\/div>\n\t\t\t\t<div class=\"elementor-element elementor-element-e64748c elementor-widget elementor-widget-heading\" data-id=\"e64748c\" data-element_type=\"widget\" data-e-type=\"widget\" data-widget_type=\"heading.default\">\n\t\t\t\t<div class=\"elementor-widget-container\">\n\t\t\t\t\t<h2 class=\"elementor-heading-title elementor-size-default\">ZAMJENSKE TINTE<\/h2>\t\t\t\t<\/div>\n\t\t\t\t<\/div>\n\t\t\t\t<div class=\"elementor-element elementor-element-baa6417 elementor-widget elementor-widget-text-editor\" data-id=\"baa6417\" data-element_type=\"widget\" data-e-type=\"widget\" data-widget_type=\"text-editor.default\">\n\t\t\t\t<div class=\"elementor-widget-container\">\n\t\t\t\t\t\t\t\t\t<p>Prona\u0111i kvalitetne i povoljne zamjenske tinte koje mo\u017ee\u0161 koristiti na svom pisa\u010du<\/p>\t\t\t\t\t\t\t\t<\/div>\n\t\t\t\t<\/div>\n\t\t\t\t<div class=\"elementor-element elementor-element-c27914d elementor-align-justify elementor-widget elementor-widget-button\" data-id=\"c27914d\" data-element_type=\"widget\" data-e-type=\"widget\" data-widget_type=\"button.default\">\n\t\t\t\t<div class=\"elementor-widget-container\">\n\t\t\t\t\t\t\t\t\t<div class=\"elementor-button-wrapper\">\n\t\t\t\t\t<a class=\"elementor-button elementor-button-link elementor-size-sm\" href=\"https:\/\/tinte-toneri.hr\/en\/tinte\/zamjenske-tinte\/\">\n\t\t\t\t\t\t<span class=\"elementor-button-content-wrapper\">\n\t\t\t\t\t\t\t\t\t<span class=\"elementor-button-text\">Otvori zamjenske tinte<\/span>\n\t\t\t\t\t<\/span>\n\t\t\t\t\t<\/a>\n\t\t\t\t<\/div>\n\t\t\t\t\t\t\t\t<\/div>\n\t\t\t\t<\/div>\n\t\t\t\t\t<\/div>\n\t\t<\/div>\n\t\t\t\t<div class=\"elementor-column elementor-col-33 elementor-inner-column elementor-element elementor-element-7b5eca4\" data-id=\"7b5eca4\" data-element_type=\"column\" data-e-type=\"column\" data-settings=\"{&quot;background_background&quot;:&quot;classic&quot;}\">\n\t\t\t<div class=\"elementor-widget-wrap elementor-element-populated\">\n\t\t\t\t\t\t<div class=\"elementor-element elementor-element-83235a8 elementor-widget elementor-widget-image\" data-id=\"83235a8\" data-element_type=\"widget\" data-e-type=\"widget\" data-widget_type=\"image.default\">\n\t\t\t\t<div class=\"elementor-widget-container\">\n\t\t\t\t\t\t\t\t\t\t\t\t\t\t\t\t<a href=\"https:\/\/tinte-toneri.hr\/en\/tinte\/obnovljene-tinte\/\">\n\t\t\t\t\t\t\t<img decoding=\"async\" width=\"800\" height=\"534\" src=\"https:\/\/tinte-toneri.hr\/wp-content\/uploads\/2022\/12\/c-1024x683.jpg\" class=\"attachment-large size-large wp-image-357\" alt=\"\" srcset=\"https:\/\/tinte-toneri.hr\/wp-content\/uploads\/2022\/12\/c-1024x683.jpg 1024w, https:\/\/tinte-toneri.hr\/wp-content\/uploads\/2022\/12\/c-300x200.jpg 300w, https:\/\/tinte-toneri.hr\/wp-content\/uploads\/2022\/12\/c-768x512.jpg 768w, https:\/\/tinte-toneri.hr\/wp-content\/uploads\/2022\/12\/c-1536x1024.jpg 1536w, https:\/\/tinte-toneri.hr\/wp-content\/uploads\/2022\/12\/c-2048x1365.jpg 2048w, https:\/\/tinte-toneri.hr\/wp-content\/uploads\/2022\/12\/c-600x400.jpg 600w\" sizes=\"(max-width: 800px) 100vw, 800px\" \/>\t\t\t\t\t\t\t\t<\/a>\n\t\t\t\t\t\t\t\t\t\t\t\t\t\t\t<\/div>\n\t\t\t\t<\/div>\n\t\t\t\t<div class=\"elementor-element elementor-element-d9f62e4 elementor-widget elementor-widget-heading\" data-id=\"d9f62e4\" data-element_type=\"widget\" data-e-type=\"widget\" data-widget_type=\"heading.default\">\n\t\t\t\t<div class=\"elementor-widget-container\">\n\t\t\t\t\t<h2 class=\"elementor-heading-title elementor-size-default\">OBNOVLJENE TINTE<\/h2>\t\t\t\t<\/div>\n\t\t\t\t<\/div>\n\t\t\t\t<div class=\"elementor-element elementor-element-d845090 elementor-widget elementor-widget-text-editor\" data-id=\"d845090\" data-element_type=\"widget\" data-e-type=\"widget\" data-widget_type=\"text-editor.default\">\n\t\t\t\t<div class=\"elementor-widget-container\">\n\t\t\t\t\t\t\t\t\t<p>Kvaliteta ispisa jednaka je originalu, dok je cijena obnovljene oko 50-60% ni\u017ea<\/p>\t\t\t\t\t\t\t\t<\/div>\n\t\t\t\t<\/div>\n\t\t\t\t<div class=\"elementor-element elementor-element-59e6214 elementor-align-justify elementor-widget elementor-widget-button\" data-id=\"59e6214\" data-element_type=\"widget\" data-e-type=\"widget\" data-widget_type=\"button.default\">\n\t\t\t\t<div class=\"elementor-widget-container\">\n\t\t\t\t\t\t\t\t\t<div class=\"elementor-button-wrapper\">\n\t\t\t\t\t<a class=\"elementor-button elementor-button-link elementor-size-sm\" href=\"https:\/\/tinte-toneri.hr\/en\/tinte\/obnovljene-tinte\/\">\n\t\t\t\t\t\t<span class=\"elementor-button-content-wrapper\">\n\t\t\t\t\t\t\t\t\t<span class=\"elementor-button-text\">Otvori obnovljene tinte<\/span>\n\t\t\t\t\t<\/span>\n\t\t\t\t\t<\/a>\n\t\t\t\t<\/div>\n\t\t\t\t\t\t\t\t<\/div>\n\t\t\t\t<\/div>\n\t\t\t\t\t<\/div>\n\t\t<\/div>\n\t\t\t\t\t<\/div>\n\t\t<\/section>\n\t\t\t\t\t<\/div>\n\t\t<\/div>\n\t\t\t\t\t<\/div>\n\t\t<\/section>\n\t\t\t\t<\/div>","protected":false},"excerpt":{"rendered":"<p>TINTE ORIGINAL TINTE Kupi original tinte vode\u0107ih svjetskih proizvo\u0111a\u010da kod nas Otvori original tinte ZAMJENSKE TINTE Prona\u0111i kvalitetne i povoljne zamjenske tinte koje mo\u017ee\u0161 koristiti na svom pisa\u010du Otvori zamjenske tinte OBNOVLJENE TINTE Kvaliteta ispisa jednaka je originalu, dok je cijena obnovljene oko 50-60% ni\u017ea Otvori obnovljene tinte<\/p>","protected":false},"author":1,"featured_media":0,"parent":0,"menu_order":3,"comment_status":"closed","ping_status":"closed","template":"","meta":{"om_disable_all_campaigns":false,"_monsterinsights_skip_tracking":false,"_monsterinsights_sitenote_active":false,"_monsterinsights_sitenote_note":"","_monsterinsights_sitenote_category":0,"_uf_show_specific_survey":0,"_uf_disable_surveys":false,"footnotes":""},"class_list":["post-340","page","type-page","status-publish","hentry"],"aioseo_notices":[],"yoast_head":"<!-- This site is optimized with the Yoast SEO plugin v27.4 - https:\/\/yoast.com\/product\/yoast-seo-wordpress\/ -->\n<title>Tinte: Originalne, Zamjenske i Obnovljene - TNT Global<\/title>\n<meta name=\"description\" content=\"Kupi original tinte vode\u0107ih svjetskih proizvo\u0111a\u010da kod nas. Prona\u0111i kvalitetne i povoljne zamjenske tinte koje mo\u017ee\u0161 koristiti na svom pisa\u010du.\" \/>\n<meta name=\"robots\" content=\"index, follow, max-snippet:-1, max-image-preview:large, max-video-preview:-1\" \/>\n<link rel=\"canonical\" href=\"https:\/\/tinte-toneri.hr\/en\/tinte\/\" \/>\n<meta property=\"og:locale\" content=\"en_US\" \/>\n<meta property=\"og:type\" content=\"article\" \/>\n<meta property=\"og:title\" content=\"Tinte - Original, Zamjenske i Obnovljene\" \/>\n<meta property=\"og:description\" content=\"Kupi original tinte vode\u0107ih svjetskih proizvo\u0111a\u010da kod nas ili prona\u0111i kvalitetne i povoljne zamjenske tinte koje mo\u017ee\u0161 koristiti na svom pisa\u010du.\" \/>\n<meta property=\"og:url\" content=\"https:\/\/tinte-toneri.hr\/en\/tinte\/\" \/>\n<meta property=\"og:site_name\" content=\"TNT\" \/>\n<meta property=\"article:modified_time\" content=\"2023-02-23T17:53:25+00:00\" \/>\n<meta property=\"og:image\" content=\"https:\/\/tinte-toneri.hr\/wp-content\/uploads\/2023\/02\/TNT-Zamjenska-Tinta.jpg\" \/>\n\t<meta property=\"og:image:width\" content=\"1047\" \/>\n\t<meta property=\"og:image:height\" content=\"748\" \/>\n\t<meta property=\"og:image:type\" content=\"image\/jpeg\" \/>\n<meta name=\"twitter:card\" content=\"summary_large_image\" \/>\n<meta name=\"twitter:label1\" content=\"Est. reading time\" \/>\n\t<meta name=\"twitter:data1\" content=\"1 minute\" \/>\n<script type=\"application\/ld+json\" class=\"yoast-schema-graph\">{\"@context\":\"https:\\\/\\\/schema.org\",\"@graph\":[{\"@type\":\"WebPage\",\"@id\":\"https:\\\/\\\/tinte-toneri.hr\\\/tinte\\\/\",\"url\":\"https:\\\/\\\/tinte-toneri.hr\\\/tinte\\\/\",\"name\":\"Tinte: Originalne, Zamjenske i Obnovljene - TNT Global\",\"isPartOf\":{\"@id\":\"https:\\\/\\\/tinte-toneri.hr\\\/#website\"},\"primaryImageOfPage\":{\"@id\":\"https:\\\/\\\/tinte-toneri.hr\\\/tinte\\\/#primaryimage\"},\"image\":{\"@id\":\"https:\\\/\\\/tinte-toneri.hr\\\/tinte\\\/#primaryimage\"},\"thumbnailUrl\":\"https:\\\/\\\/tinte-toneri.hr\\\/wp-content\\\/uploads\\\/2022\\\/12\\\/a-1024x677.jpg\",\"datePublished\":\"2022-12-27T10:06:05+00:00\",\"dateModified\":\"2023-02-23T17:53:25+00:00\",\"description\":\"Kupi original tinte vode\u0107ih svjetskih proizvo\u0111a\u010da kod nas. Prona\u0111i kvalitetne i povoljne zamjenske tinte koje mo\u017ee\u0161 koristiti na svom pisa\u010du.\",\"breadcrumb\":{\"@id\":\"https:\\\/\\\/tinte-toneri.hr\\\/tinte\\\/#breadcrumb\"},\"inLanguage\":\"en-US\",\"potentialAction\":[{\"@type\":\"ReadAction\",\"target\":[\"https:\\\/\\\/tinte-toneri.hr\\\/tinte\\\/\"]}]},{\"@type\":\"ImageObject\",\"inLanguage\":\"en-US\",\"@id\":\"https:\\\/\\\/tinte-toneri.hr\\\/tinte\\\/#primaryimage\",\"url\":\"https:\\\/\\\/tinte-toneri.hr\\\/wp-content\\\/uploads\\\/2022\\\/12\\\/a-1024x677.jpg\",\"contentUrl\":\"https:\\\/\\\/tinte-toneri.hr\\\/wp-content\\\/uploads\\\/2022\\\/12\\\/a-1024x677.jpg\"},{\"@type\":\"BreadcrumbList\",\"@id\":\"https:\\\/\\\/tinte-toneri.hr\\\/tinte\\\/#breadcrumb\",\"itemListElement\":[{\"@type\":\"ListItem\",\"position\":1,\"name\":\"Po\u010detna stranica\",\"item\":\"https:\\\/\\\/tinte-toneri.hr\\\/\"},{\"@type\":\"ListItem\",\"position\":2,\"name\":\"Tinte\"}]},{\"@type\":\"WebSite\",\"@id\":\"https:\\\/\\\/tinte-toneri.hr\\\/#website\",\"url\":\"https:\\\/\\\/tinte-toneri.hr\\\/\",\"name\":\"TNT\",\"description\":\"Tinte i toneri\",\"publisher\":{\"@id\":\"https:\\\/\\\/tinte-toneri.hr\\\/#organization\"},\"potentialAction\":[{\"@type\":\"SearchAction\",\"target\":{\"@type\":\"EntryPoint\",\"urlTemplate\":\"https:\\\/\\\/tinte-toneri.hr\\\/?s={search_term_string}\"},\"query-input\":{\"@type\":\"PropertyValueSpecification\",\"valueRequired\":true,\"valueName\":\"search_term_string\"}}],\"inLanguage\":\"en-US\"},{\"@type\":\"Organization\",\"@id\":\"https:\\\/\\\/tinte-toneri.hr\\\/#organization\",\"name\":\"TNT Global\",\"url\":\"https:\\\/\\\/tinte-toneri.hr\\\/\",\"logo\":{\"@type\":\"ImageObject\",\"inLanguage\":\"en-US\",\"@id\":\"https:\\\/\\\/tinte-toneri.hr\\\/#\\\/schema\\\/logo\\\/image\\\/\",\"url\":\"https:\\\/\\\/tinte-toneri.hr\\\/wp-content\\\/uploads\\\/2023\\\/10\\\/cropped-Logo1-removebg.png\",\"contentUrl\":\"https:\\\/\\\/tinte-toneri.hr\\\/wp-content\\\/uploads\\\/2023\\\/10\\\/cropped-Logo1-removebg.png\",\"width\":2124,\"height\":2129,\"caption\":\"TNT Global\"},\"image\":{\"@id\":\"https:\\\/\\\/tinte-toneri.hr\\\/#\\\/schema\\\/logo\\\/image\\\/\"}}]}<\/script>\n<!-- \/ Yoast SEO plugin. -->","yoast_head_json":{"title":"Tinte: Originalne, Zamjenske i Obnovljene - TNT Global","description":"Kupi original tinte vode\u0107ih svjetskih proizvo\u0111a\u010da kod nas. Prona\u0111i kvalitetne i povoljne zamjenske tinte koje mo\u017ee\u0161 koristiti na svom pisa\u010du.","robots":{"index":"index","follow":"follow","max-snippet":"max-snippet:-1","max-image-preview":"max-image-preview:large","max-video-preview":"max-video-preview:-1"},"canonical":"https:\/\/tinte-toneri.hr\/en\/tinte\/","og_locale":"en_US","og_type":"article","og_title":"Tinte - Original, Zamjenske i Obnovljene","og_description":"Kupi original tinte vode\u0107ih svjetskih proizvo\u0111a\u010da kod nas ili prona\u0111i kvalitetne i povoljne zamjenske tinte koje mo\u017ee\u0161 koristiti na svom pisa\u010du.","og_url":"https:\/\/tinte-toneri.hr\/en\/tinte\/","og_site_name":"TNT","article_modified_time":"2023-02-23T17:53:25+00:00","og_image":[{"width":1047,"height":748,"url":"https:\/\/tinte-toneri.hr\/wp-content\/uploads\/2023\/02\/TNT-Zamjenska-Tinta.jpg","type":"image\/jpeg"}],"twitter_card":"summary_large_image","twitter_misc":{"Est. reading time":"1 minute"},"schema":{"@context":"https:\/\/schema.org","@graph":[{"@type":"WebPage","@id":"https:\/\/tinte-toneri.hr\/tinte\/","url":"https:\/\/tinte-toneri.hr\/tinte\/","name":"Tinte: Originalne, Zamjenske i Obnovljene - TNT Global","isPartOf":{"@id":"https:\/\/tinte-toneri.hr\/#website"},"primaryImageOfPage":{"@id":"https:\/\/tinte-toneri.hr\/tinte\/#primaryimage"},"image":{"@id":"https:\/\/tinte-toneri.hr\/tinte\/#primaryimage"},"thumbnailUrl":"https:\/\/tinte-toneri.hr\/wp-content\/uploads\/2022\/12\/a-1024x677.jpg","datePublished":"2022-12-27T10:06:05+00:00","dateModified":"2023-02-23T17:53:25+00:00","description":"Kupi original tinte vode\u0107ih svjetskih proizvo\u0111a\u010da kod nas. Prona\u0111i kvalitetne i povoljne zamjenske tinte koje mo\u017ee\u0161 koristiti na svom pisa\u010du.","breadcrumb":{"@id":"https:\/\/tinte-toneri.hr\/tinte\/#breadcrumb"},"inLanguage":"en-US","potentialAction":[{"@type":"ReadAction","target":["https:\/\/tinte-toneri.hr\/tinte\/"]}]},{"@type":"ImageObject","inLanguage":"en-US","@id":"https:\/\/tinte-toneri.hr\/tinte\/#primaryimage","url":"https:\/\/tinte-toneri.hr\/wp-content\/uploads\/2022\/12\/a-1024x677.jpg","contentUrl":"https:\/\/tinte-toneri.hr\/wp-content\/uploads\/2022\/12\/a-1024x677.jpg"},{"@type":"BreadcrumbList","@id":"https:\/\/tinte-toneri.hr\/tinte\/#breadcrumb","itemListElement":[{"@type":"ListItem","position":1,"name":"Po\u010detna stranica","item":"https:\/\/tinte-toneri.hr\/"},{"@type":"ListItem","position":2,"name":"Tinte"}]},{"@type":"WebSite","@id":"https:\/\/tinte-toneri.hr\/#website","url":"https:\/\/tinte-toneri.hr\/","name":"TNT","description":"Tinte i toneri","publisher":{"@id":"https:\/\/tinte-toneri.hr\/#organization"},"potentialAction":[{"@type":"SearchAction","target":{"@type":"EntryPoint","urlTemplate":"https:\/\/tinte-toneri.hr\/?s={search_term_string}"},"query-input":{"@type":"PropertyValueSpecification","valueRequired":true,"valueName":"search_term_string"}}],"inLanguage":"en-US"},{"@type":"Organization","@id":"https:\/\/tinte-toneri.hr\/#organization","name":"TNT Global","url":"https:\/\/tinte-toneri.hr\/","logo":{"@type":"ImageObject","inLanguage":"en-US","@id":"https:\/\/tinte-toneri.hr\/#\/schema\/logo\/image\/","url":"https:\/\/tinte-toneri.hr\/wp-content\/uploads\/2023\/10\/cropped-Logo1-removebg.png","contentUrl":"https:\/\/tinte-toneri.hr\/wp-content\/uploads\/2023\/10\/cropped-Logo1-removebg.png","width":2124,"height":2129,"caption":"TNT Global"},"image":{"@id":"https:\/\/tinte-toneri.hr\/#\/schema\/logo\/image\/"}}]}},"jetpack_sharing_enabled":true,"_links":{"self":[{"href":"https:\/\/tinte-toneri.hr\/en\/wp-json\/wp\/v2\/pages\/340","targetHints":{"allow":["GET"]}}],"collection":[{"href":"https:\/\/tinte-toneri.hr\/en\/wp-json\/wp\/v2\/pages"}],"about":[{"href":"https:\/\/tinte-toneri.hr\/en\/wp-json\/wp\/v2\/types\/page"}],"author":[{"embeddable":true,"href":"https:\/\/tinte-toneri.hr\/en\/wp-json\/wp\/v2\/users\/1"}],"replies":[{"embeddable":true,"href":"https:\/\/tinte-toneri.hr\/en\/wp-json\/wp\/v2\/comments?post=340"}],"version-history":[{"count":49,"href":"https:\/\/tinte-toneri.hr\/en\/wp-json\/wp\/v2\/pages\/340\/revisions"}],"predecessor-version":[{"id":3941,"href":"https:\/\/tinte-toneri.hr\/en\/wp-json\/wp\/v2\/pages\/340\/revisions\/3941"}],"wp:attachment":[{"href":"https:\/\/tinte-toneri.hr\/en\/wp-json\/wp\/v2\/media?parent=340"}],"curies":[{"name":"wp","href":"https:\/\/api.w.org\/{rel}","templated":true}]}}