{"id":730,"date":"2023-01-17T10:56:22","date_gmt":"2023-01-17T10:56:22","guid":{"rendered":"https:\/\/tinte-toneri.hr\/?page_id=730"},"modified":"2024-01-04T07:45:51","modified_gmt":"2024-01-04T07:45:51","slug":"sigurnost-online-placanja","status":"publish","type":"page","link":"https:\/\/tinte-toneri.hr\/en\/sigurnost-online-placanja\/","title":{"rendered":"Sigurnost online pla\u0107anja"},"content":{"rendered":"<div data-elementor-type=\"wp-page\" data-elementor-id=\"730\" class=\"elementor elementor-730\" data-elementor-post-type=\"page\">\n\t\t\t\t\t\t<section class=\"elementor-section elementor-top-section elementor-element elementor-element-8435741 elementor-section-boxed elementor-section-height-default elementor-section-height-default\" data-id=\"8435741\" data-element_type=\"section\" data-e-type=\"section\">\n\t\t\t\t\t\t<div class=\"elementor-container elementor-column-gap-default\">\n\t\t\t\t\t<div class=\"elementor-column elementor-col-100 elementor-top-column elementor-element elementor-element-df3eaca\" data-id=\"df3eaca\" data-element_type=\"column\" data-e-type=\"column\">\n\t\t\t<div class=\"elementor-widget-wrap elementor-element-populated\">\n\t\t\t\t\t\t<div class=\"elementor-element elementor-element-a8a1228 elementor-widget elementor-widget-text-editor\" data-id=\"a8a1228\" data-element_type=\"widget\" data-e-type=\"widget\" data-widget_type=\"text-editor.default\">\n\t\t\t\t<div class=\"elementor-widget-container\">\n\t\t\t\t\t\t\t\t\t<p>Pri pla\u0107anju na na\u0161oj web trgovini koristite CorvusPay \u2013 napredni sustav za siguran prihvat platnih kartica putem interneta.<\/p>\n<p>CorvusPay sustav osigurava potpunu tajnost Va\u0161ih karti\u010dnih i osobnih podataka ve\u0107 od trenutka kada ih upi\u0161ete u CorvusPay platni formular. Platni podaci proslje\u0111uju se \u0161ifrirano od Va\u0161eg web preglednika do banke koja je izdala Va\u0161u karticu.&nbsp;<span style=\"color: var( --e-global-color-text ); font-family: var( --e-global-typography-text-font-family ), Arial; font-size: 1rem; font-weight: var( --e-global-typography-text-font-weight );\">Na\u0161a trgovina nikada ne dolazi u kontakt s cjelovitim podacima o Va\u0161oj platnoj kartici. Tako\u0111er, podaci su nedostupni \u010dak i djelatnicima CorvusPay sustava. Izolirana jezgra samostalno prenosi i upravlja osjetljivim podacima, \u010duvaju\u0107i ih pri tom potpuno sigurnima.<\/span><\/p>\n<p>Formular za upis platnih podataka osiguran je SSL transportnom \u0161ifrom najve\u0107e pouzdanosti. Svi skladi\u0161teni podaci dodatno su za\u0161ti\u0107eni \u0161ifriranjem, kori\u0161tenjem kriptografskog ure\u0111aja certificiranog prema FIPS 140-2 Level 3 standardu. CorvusPay zadovoljava sve zahtjeve vezane uz sigurnost on-line pla\u0107anja propisane od strane vode\u0107ih karti\u010dnih brandova, odnosno posluje sukladno normi \u2013 PCI DSS Level 1 \u2013 najvi\u0161i sigurnosni standard industrije platnih kartica. Pri pla\u0107anju karticama uvr\u0161tenim u 3-D Secure program Va\u0161a banka uz valjanost same kartice dodatno potvr\u0111uje i Va\u0161 identitet pomo\u0107u tokena ili lozinke.<\/p>\n<p>\nCorvus Pay sve prikupljene informacije smatra tajnom i tretira ih u skladu s tim.<br>Informacije se koriste isklju\u010divo u svrhe za koje su namijenjene. Va\u0161i osjetljivi podaci u potpunosti su sigurni, a njihova privatnost zajam\u010dena je najmodernijim za\u0161titnim mehanizmima. Prikupljaju se samo podaci nu\u017eni za obavljanje posla sukladno propisanim zahtjevnim procedurama za on-line pla\u0107anje.<\/p>\n<p>Sigurnosne kontrole i operativne procedure primijenjene na na\u0161u infrastrukturu osiguravaju trenutnu pouzdanost CorvusPay sustava. Uz to odr\u017eavanjem stroge kontrole pristupa, redovitim pra\u0107enjem sigurnosti i dubinskim provjerama za sprje\u010davanje ranjivosti mre\u017ee te planskim provo\u0111enjem odredbi o informacijskoj sigurnosti trajno odr\u017eavaju i unaprje\u0111uju stupanj sigurnosti sustava za\u0161titom Va\u0161ih karti\u010dnih podataka.<\/p>\n<p>Hvala \u0161to koristite CorvusPay!<\/p>\t\t\t\t\t\t\t\t<\/div>\n\t\t\t\t<\/div>\n\t\t\t\t<section class=\"elementor-section elementor-inner-section elementor-element elementor-element-24fd449 elementor-section-boxed elementor-section-height-default elementor-section-height-default\" data-id=\"24fd449\" data-element_type=\"section\" data-e-type=\"section\">\n\t\t\t\t\t\t<div class=\"elementor-container elementor-column-gap-default\">\n\t\t\t\t\t<div class=\"elementor-column elementor-col-25 elementor-inner-column elementor-element elementor-element-9093d41\" data-id=\"9093d41\" data-element_type=\"column\" data-e-type=\"column\">\n\t\t\t<div class=\"elementor-widget-wrap elementor-element-populated\">\n\t\t\t\t\t\t<div class=\"elementor-element elementor-element-4b34b5a elementor-widget elementor-widget-image\" data-id=\"4b34b5a\" data-element_type=\"widget\" data-e-type=\"widget\" data-widget_type=\"image.default\">\n\t\t\t\t<div class=\"elementor-widget-container\">\n\t\t\t\t\t\t\t\t\t\t\t\t\t\t\t\t<a href=\"https:\/\/www.mastercard.hr\/hr-hr\/poslovni\/izdavatelji.html\" target=\"_blank\">\n\t\t\t\t\t\t\t<img decoding=\"async\" width=\"61\" height=\"61\" src=\"https:\/\/tinte-toneri.hr\/wp-content\/uploads\/2023\/01\/mc_idcheck_vrt_pos_60px.png\" class=\"attachment-large size-large wp-image-825\" alt=\"\" \/>\t\t\t\t\t\t\t\t<\/a>\n\t\t\t\t\t\t\t\t\t\t\t\t\t\t\t<\/div>\n\t\t\t\t<\/div>\n\t\t\t\t\t<\/div>\n\t\t<\/div>\n\t\t\t\t<div class=\"elementor-column elementor-col-25 elementor-inner-column elementor-element elementor-element-04beee4\" data-id=\"04beee4\" data-element_type=\"column\" data-e-type=\"column\">\n\t\t\t<div class=\"elementor-widget-wrap elementor-element-populated\">\n\t\t\t\t\t\t<div class=\"elementor-element elementor-element-69349bf elementor-widget elementor-widget-image\" data-id=\"69349bf\" data-element_type=\"widget\" data-e-type=\"widget\" data-widget_type=\"image.default\">\n\t\t\t\t<div class=\"elementor-widget-container\">\n\t\t\t\t\t\t\t\t\t\t\t\t\t\t\t\t<a href=\"https:\/\/www.visa.com.hr\/products\/visa-secure.html\" target=\"_blank\">\n\t\t\t\t\t\t\t<img decoding=\"async\" width=\"75\" height=\"75\" src=\"https:\/\/tinte-toneri.hr\/wp-content\/uploads\/2022\/12\/VisaSecureLogo-x075.png\" class=\"attachment-large size-large wp-image-776\" alt=\"\" \/>\t\t\t\t\t\t\t\t<\/a>\n\t\t\t\t\t\t\t\t\t\t\t\t\t\t\t<\/div>\n\t\t\t\t<\/div>\n\t\t\t\t\t<\/div>\n\t\t<\/div>\n\t\t\t\t<div class=\"elementor-column elementor-col-25 elementor-inner-column elementor-element elementor-element-e137093\" data-id=\"e137093\" data-element_type=\"column\" data-e-type=\"column\">\n\t\t\t<div class=\"elementor-widget-wrap elementor-element-populated\">\n\t\t\t\t\t\t<div class=\"elementor-element elementor-element-24c69f62 elementor-widget elementor-widget-image\" data-id=\"24c69f62\" data-element_type=\"widget\" data-e-type=\"widget\" data-widget_type=\"image.default\">\n\t\t\t\t<div class=\"elementor-widget-container\">\n\t\t\t\t\t\t\t\t\t\t\t\t\t\t\t\t<a href=\"https:\/\/www.diners.hr\/\" target=\"_blank\">\n\t\t\t\t\t\t\t<img decoding=\"async\" width=\"228\" height=\"94\" src=\"https:\/\/tinte-toneri.hr\/wp-content\/uploads\/2022\/12\/logo_sigurna-kupnja_2.1.png\" class=\"attachment-large size-large wp-image-766\" alt=\"\" \/>\t\t\t\t\t\t\t\t<\/a>\n\t\t\t\t\t\t\t\t\t\t\t\t\t\t\t<\/div>\n\t\t\t\t<\/div>\n\t\t\t\t\t<\/div>\n\t\t<\/div>\n\t\t\t\t<div class=\"elementor-column elementor-col-25 elementor-inner-column elementor-element elementor-element-db11fc4\" data-id=\"db11fc4\" data-element_type=\"column\" data-e-type=\"column\">\n\t\t\t<div class=\"elementor-widget-wrap elementor-element-populated\">\n\t\t\t\t\t\t<div class=\"elementor-element elementor-element-42d909c3 elementor-widget elementor-widget-image\" data-id=\"42d909c3\" data-element_type=\"widget\" data-e-type=\"widget\" data-widget_type=\"image.default\">\n\t\t\t\t<div class=\"elementor-widget-container\">\n\t\t\t\t\t\t\t\t\t\t\t\t\t\t\t\t<a href=\"https:\/\/www.corvuspay.com\/\" target=\"_blank\">\n\t\t\t\t\t\t\t<img loading=\"lazy\" decoding=\"async\" width=\"716\" height=\"148\" src=\"https:\/\/tinte-toneri.hr\/wp-content\/uploads\/2023\/12\/CorvusPay-logo-horizontal@2x.png\" class=\"attachment-large size-large wp-image-6521\" alt=\"\" srcset=\"https:\/\/tinte-toneri.hr\/wp-content\/uploads\/2023\/12\/CorvusPay-logo-horizontal@2x.png 716w, https:\/\/tinte-toneri.hr\/wp-content\/uploads\/2023\/12\/CorvusPay-logo-horizontal@2x-300x62.png 300w, https:\/\/tinte-toneri.hr\/wp-content\/uploads\/2023\/12\/CorvusPay-logo-horizontal@2x-18x4.png 18w, https:\/\/tinte-toneri.hr\/wp-content\/uploads\/2023\/12\/CorvusPay-logo-horizontal@2x-600x124.png 600w\" sizes=\"(max-width: 716px) 100vw, 716px\" \/>\t\t\t\t\t\t\t\t<\/a>\n\t\t\t\t\t\t\t\t\t\t\t\t\t\t\t<\/div>\n\t\t\t\t<\/div>\n\t\t\t\t\t<\/div>\n\t\t<\/div>\n\t\t\t\t\t<\/div>\n\t\t<\/section>\n\t\t\t\t\t<\/div>\n\t\t<\/div>\n\t\t\t\t\t<\/div>\n\t\t<\/section>\n\t\t\t\t<\/div>","protected":false},"excerpt":{"rendered":"<p>Pri pla\u0107anju na na\u0161oj web trgovini koristite CorvusPay \u2013 napredni sustav za siguran prihvat platnih kartica putem interneta. CorvusPay sustav osigurava potpunu tajnost Va\u0161ih karti\u010dnih i osobnih podataka ve\u0107 od trenutka kada ih upi\u0161ete u CorvusPay platni formular. Platni podaci proslje\u0111uju se \u0161ifrirano od Va\u0161eg web preglednika do banke koja je izdala Va\u0161u karticu.&nbsp;Na\u0161a trgovina [&hellip;]<\/p>\n","protected":false},"author":1,"featured_media":0,"parent":0,"menu_order":15,"comment_status":"closed","ping_status":"closed","template":"","meta":{"om_disable_all_campaigns":false,"_monsterinsights_skip_tracking":false,"_monsterinsights_sitenote_active":false,"_monsterinsights_sitenote_note":"","_monsterinsights_sitenote_category":0,"_uf_show_specific_survey":0,"_uf_disable_surveys":false,"footnotes":""},"class_list":["post-730","page","type-page","status-publish","hentry"],"aioseo_notices":[],"yoast_head":"<!-- This site is optimized with the Yoast SEO plugin v27.4 - https:\/\/yoast.com\/product\/yoast-seo-wordpress\/ -->\n<title>Sigurnost online pla\u0107anja - TNT<\/title>\n<meta name=\"robots\" content=\"index, follow, max-snippet:-1, max-image-preview:large, max-video-preview:-1\" \/>\n<link rel=\"canonical\" href=\"https:\/\/tinte-toneri.hr\/en\/sigurnost-online-placanja\/\" \/>\n<meta property=\"og:locale\" content=\"en_US\" \/>\n<meta property=\"og:type\" content=\"article\" \/>\n<meta property=\"og:title\" content=\"Sigurnost online pla\u0107anja - TNT\" \/>\n<meta property=\"og:description\" content=\"Pri pla\u0107anju na na\u0161oj web trgovini koristite CorvusPay \u2013 napredni sustav za siguran prihvat platnih kartica putem interneta. CorvusPay sustav osigurava potpunu tajnost Va\u0161ih karti\u010dnih i osobnih podataka ve\u0107 od trenutka kada ih upi\u0161ete u CorvusPay platni formular. Platni podaci proslje\u0111uju se \u0161ifrirano od Va\u0161eg web preglednika do banke koja je izdala Va\u0161u karticu.&nbsp;Na\u0161a trgovina [&hellip;]\" \/>\n<meta property=\"og:url\" content=\"https:\/\/tinte-toneri.hr\/en\/sigurnost-online-placanja\/\" \/>\n<meta property=\"og:site_name\" content=\"TNT\" \/>\n<meta property=\"article:modified_time\" content=\"2024-01-04T07:45:51+00:00\" \/>\n<meta property=\"og:image\" content=\"https:\/\/tinte-toneri.hr\/wp-content\/uploads\/2023\/01\/mc_idcheck_vrt_pos_60px.png\" \/>\n<meta name=\"twitter:card\" content=\"summary_large_image\" \/>\n<meta name=\"twitter:label1\" content=\"Est. reading time\" \/>\n\t<meta name=\"twitter:data1\" content=\"3 minutes\" \/>\n<script type=\"application\/ld+json\" class=\"yoast-schema-graph\">{\"@context\":\"https:\\\/\\\/schema.org\",\"@graph\":[{\"@type\":\"WebPage\",\"@id\":\"https:\\\/\\\/tinte-toneri.hr\\\/sigurnost-online-placanja\\\/\",\"url\":\"https:\\\/\\\/tinte-toneri.hr\\\/sigurnost-online-placanja\\\/\",\"name\":\"Sigurnost online pla\u0107anja - TNT\",\"isPartOf\":{\"@id\":\"https:\\\/\\\/tinte-toneri.hr\\\/#website\"},\"primaryImageOfPage\":{\"@id\":\"https:\\\/\\\/tinte-toneri.hr\\\/sigurnost-online-placanja\\\/#primaryimage\"},\"image\":{\"@id\":\"https:\\\/\\\/tinte-toneri.hr\\\/sigurnost-online-placanja\\\/#primaryimage\"},\"thumbnailUrl\":\"https:\\\/\\\/tinte-toneri.hr\\\/wp-content\\\/uploads\\\/2023\\\/01\\\/mc_idcheck_vrt_pos_60px.png\",\"datePublished\":\"2023-01-17T10:56:22+00:00\",\"dateModified\":\"2024-01-04T07:45:51+00:00\",\"breadcrumb\":{\"@id\":\"https:\\\/\\\/tinte-toneri.hr\\\/sigurnost-online-placanja\\\/#breadcrumb\"},\"inLanguage\":\"en-US\",\"potentialAction\":[{\"@type\":\"ReadAction\",\"target\":[\"https:\\\/\\\/tinte-toneri.hr\\\/sigurnost-online-placanja\\\/\"]}]},{\"@type\":\"ImageObject\",\"inLanguage\":\"en-US\",\"@id\":\"https:\\\/\\\/tinte-toneri.hr\\\/sigurnost-online-placanja\\\/#primaryimage\",\"url\":\"https:\\\/\\\/tinte-toneri.hr\\\/wp-content\\\/uploads\\\/2023\\\/01\\\/mc_idcheck_vrt_pos_60px.png\",\"contentUrl\":\"https:\\\/\\\/tinte-toneri.hr\\\/wp-content\\\/uploads\\\/2023\\\/01\\\/mc_idcheck_vrt_pos_60px.png\"},{\"@type\":\"BreadcrumbList\",\"@id\":\"https:\\\/\\\/tinte-toneri.hr\\\/sigurnost-online-placanja\\\/#breadcrumb\",\"itemListElement\":[{\"@type\":\"ListItem\",\"position\":1,\"name\":\"Po\u010detna stranica\",\"item\":\"https:\\\/\\\/tinte-toneri.hr\\\/\"},{\"@type\":\"ListItem\",\"position\":2,\"name\":\"Sigurnost online pla\u0107anja\"}]},{\"@type\":\"WebSite\",\"@id\":\"https:\\\/\\\/tinte-toneri.hr\\\/#website\",\"url\":\"https:\\\/\\\/tinte-toneri.hr\\\/\",\"name\":\"TNT\",\"description\":\"Tinte i toneri\",\"publisher\":{\"@id\":\"https:\\\/\\\/tinte-toneri.hr\\\/#organization\"},\"potentialAction\":[{\"@type\":\"SearchAction\",\"target\":{\"@type\":\"EntryPoint\",\"urlTemplate\":\"https:\\\/\\\/tinte-toneri.hr\\\/?s={search_term_string}\"},\"query-input\":{\"@type\":\"PropertyValueSpecification\",\"valueRequired\":true,\"valueName\":\"search_term_string\"}}],\"inLanguage\":\"en-US\"},{\"@type\":\"Organization\",\"@id\":\"https:\\\/\\\/tinte-toneri.hr\\\/#organization\",\"name\":\"TNT Global\",\"url\":\"https:\\\/\\\/tinte-toneri.hr\\\/\",\"logo\":{\"@type\":\"ImageObject\",\"inLanguage\":\"en-US\",\"@id\":\"https:\\\/\\\/tinte-toneri.hr\\\/#\\\/schema\\\/logo\\\/image\\\/\",\"url\":\"https:\\\/\\\/tinte-toneri.hr\\\/wp-content\\\/uploads\\\/2023\\\/10\\\/cropped-Logo1-removebg.png\",\"contentUrl\":\"https:\\\/\\\/tinte-toneri.hr\\\/wp-content\\\/uploads\\\/2023\\\/10\\\/cropped-Logo1-removebg.png\",\"width\":2124,\"height\":2129,\"caption\":\"TNT Global\"},\"image\":{\"@id\":\"https:\\\/\\\/tinte-toneri.hr\\\/#\\\/schema\\\/logo\\\/image\\\/\"}}]}<\/script>\n<!-- \/ Yoast SEO plugin. -->","yoast_head_json":{"title":"Sigurnost online pla\u0107anja - TNT","robots":{"index":"index","follow":"follow","max-snippet":"max-snippet:-1","max-image-preview":"max-image-preview:large","max-video-preview":"max-video-preview:-1"},"canonical":"https:\/\/tinte-toneri.hr\/en\/sigurnost-online-placanja\/","og_locale":"en_US","og_type":"article","og_title":"Sigurnost online pla\u0107anja - TNT","og_description":"Pri pla\u0107anju na na\u0161oj web trgovini koristite CorvusPay \u2013 napredni sustav za siguran prihvat platnih kartica putem interneta. CorvusPay sustav osigurava potpunu tajnost Va\u0161ih karti\u010dnih i osobnih podataka ve\u0107 od trenutka kada ih upi\u0161ete u CorvusPay platni formular. Platni podaci proslje\u0111uju se \u0161ifrirano od Va\u0161eg web preglednika do banke koja je izdala Va\u0161u karticu.&nbsp;Na\u0161a trgovina [&hellip;]","og_url":"https:\/\/tinte-toneri.hr\/en\/sigurnost-online-placanja\/","og_site_name":"TNT","article_modified_time":"2024-01-04T07:45:51+00:00","og_image":[{"url":"https:\/\/tinte-toneri.hr\/wp-content\/uploads\/2023\/01\/mc_idcheck_vrt_pos_60px.png","type":"","width":"","height":""}],"twitter_card":"summary_large_image","twitter_misc":{"Est. reading time":"3 minutes"},"schema":{"@context":"https:\/\/schema.org","@graph":[{"@type":"WebPage","@id":"https:\/\/tinte-toneri.hr\/sigurnost-online-placanja\/","url":"https:\/\/tinte-toneri.hr\/sigurnost-online-placanja\/","name":"Sigurnost online pla\u0107anja - TNT","isPartOf":{"@id":"https:\/\/tinte-toneri.hr\/#website"},"primaryImageOfPage":{"@id":"https:\/\/tinte-toneri.hr\/sigurnost-online-placanja\/#primaryimage"},"image":{"@id":"https:\/\/tinte-toneri.hr\/sigurnost-online-placanja\/#primaryimage"},"thumbnailUrl":"https:\/\/tinte-toneri.hr\/wp-content\/uploads\/2023\/01\/mc_idcheck_vrt_pos_60px.png","datePublished":"2023-01-17T10:56:22+00:00","dateModified":"2024-01-04T07:45:51+00:00","breadcrumb":{"@id":"https:\/\/tinte-toneri.hr\/sigurnost-online-placanja\/#breadcrumb"},"inLanguage":"en-US","potentialAction":[{"@type":"ReadAction","target":["https:\/\/tinte-toneri.hr\/sigurnost-online-placanja\/"]}]},{"@type":"ImageObject","inLanguage":"en-US","@id":"https:\/\/tinte-toneri.hr\/sigurnost-online-placanja\/#primaryimage","url":"https:\/\/tinte-toneri.hr\/wp-content\/uploads\/2023\/01\/mc_idcheck_vrt_pos_60px.png","contentUrl":"https:\/\/tinte-toneri.hr\/wp-content\/uploads\/2023\/01\/mc_idcheck_vrt_pos_60px.png"},{"@type":"BreadcrumbList","@id":"https:\/\/tinte-toneri.hr\/sigurnost-online-placanja\/#breadcrumb","itemListElement":[{"@type":"ListItem","position":1,"name":"Po\u010detna stranica","item":"https:\/\/tinte-toneri.hr\/"},{"@type":"ListItem","position":2,"name":"Sigurnost online pla\u0107anja"}]},{"@type":"WebSite","@id":"https:\/\/tinte-toneri.hr\/#website","url":"https:\/\/tinte-toneri.hr\/","name":"TNT","description":"Tinte i toneri","publisher":{"@id":"https:\/\/tinte-toneri.hr\/#organization"},"potentialAction":[{"@type":"SearchAction","target":{"@type":"EntryPoint","urlTemplate":"https:\/\/tinte-toneri.hr\/?s={search_term_string}"},"query-input":{"@type":"PropertyValueSpecification","valueRequired":true,"valueName":"search_term_string"}}],"inLanguage":"en-US"},{"@type":"Organization","@id":"https:\/\/tinte-toneri.hr\/#organization","name":"TNT Global","url":"https:\/\/tinte-toneri.hr\/","logo":{"@type":"ImageObject","inLanguage":"en-US","@id":"https:\/\/tinte-toneri.hr\/#\/schema\/logo\/image\/","url":"https:\/\/tinte-toneri.hr\/wp-content\/uploads\/2023\/10\/cropped-Logo1-removebg.png","contentUrl":"https:\/\/tinte-toneri.hr\/wp-content\/uploads\/2023\/10\/cropped-Logo1-removebg.png","width":2124,"height":2129,"caption":"TNT Global"},"image":{"@id":"https:\/\/tinte-toneri.hr\/#\/schema\/logo\/image\/"}}]}},"jetpack_sharing_enabled":true,"_links":{"self":[{"href":"https:\/\/tinte-toneri.hr\/en\/wp-json\/wp\/v2\/pages\/730","targetHints":{"allow":["GET"]}}],"collection":[{"href":"https:\/\/tinte-toneri.hr\/en\/wp-json\/wp\/v2\/pages"}],"about":[{"href":"https:\/\/tinte-toneri.hr\/en\/wp-json\/wp\/v2\/types\/page"}],"author":[{"embeddable":true,"href":"https:\/\/tinte-toneri.hr\/en\/wp-json\/wp\/v2\/users\/1"}],"replies":[{"embeddable":true,"href":"https:\/\/tinte-toneri.hr\/en\/wp-json\/wp\/v2\/comments?post=730"}],"version-history":[{"count":16,"href":"https:\/\/tinte-toneri.hr\/en\/wp-json\/wp\/v2\/pages\/730\/revisions"}],"predecessor-version":[{"id":6585,"href":"https:\/\/tinte-toneri.hr\/en\/wp-json\/wp\/v2\/pages\/730\/revisions\/6585"}],"wp:attachment":[{"href":"https:\/\/tinte-toneri.hr\/en\/wp-json\/wp\/v2\/media?parent=730"}],"curies":[{"name":"wp","href":"https:\/\/api.w.org\/{rel}","templated":true}]}}