{"id":7623,"date":"2026-05-08T08:23:07","date_gmt":"2026-05-08T08:23:07","guid":{"rendered":"http:\/\/maliplan.local\/?page_id=7623"},"modified":"2026-05-15T14:27:32","modified_gmt":"2026-05-15T14:27:32","slug":"sumup","status":"publish","type":"page","link":"https:\/\/tinte-toneri.hr\/en\/sumup\/","title":{"rendered":"SumUp"},"content":{"rendered":"<div data-elementor-type=\"wp-page\" data-elementor-id=\"7623\" class=\"elementor elementor-7623\" data-elementor-post-type=\"page\">\n\t\t\t\t\t\t<section class=\"elementor-section elementor-top-section elementor-element elementor-element-5f9e21ef elementor-section-full_width elementor-section-height-default elementor-section-height-default\" data-id=\"5f9e21ef\" data-element_type=\"section\" data-e-type=\"section\" data-settings=\"{&quot;background_background&quot;:&quot;classic&quot;}\">\n\t\t\t\t\t\t\t<div class=\"elementor-background-overlay\"><\/div>\n\t\t\t\t\t\t\t<div class=\"elementor-container elementor-column-gap-default\">\n\t\t\t\t\t<div class=\"elementor-column elementor-col-50 elementor-top-column elementor-element elementor-element-117bd2f4 elementor-hidden-tablet elementor-hidden-mobile\" data-id=\"117bd2f4\" data-element_type=\"column\" data-e-type=\"column\">\n\t\t\t<div class=\"elementor-widget-wrap elementor-element-populated\">\n\t\t\t\t\t\t<div class=\"elementor-element elementor-element-6379d4de elementor-nav-menu__align-center elementor-nav-menu--dropdown-none elementor-widget__width-initial elementor-widget elementor-widget-nav-menu\" data-id=\"6379d4de\" data-element_type=\"widget\" data-e-type=\"widget\" data-settings=\"{&quot;layout&quot;:&quot;horizontal&quot;,&quot;submenu_icon&quot;:{&quot;value&quot;:&quot;&lt;i class=\\&quot;fas fa-caret-down\\&quot; aria-hidden=\\&quot;true\\&quot;&gt;&lt;\\\/i&gt;&quot;,&quot;library&quot;:&quot;fa-solid&quot;}}\" data-widget_type=\"nav-menu.default\">\n\t\t\t\t<div class=\"elementor-widget-container\">\n\t\t\t\t\t\t\t\t<nav aria-label=\"Menu\" class=\"elementor-nav-menu--main elementor-nav-menu__container elementor-nav-menu--layout-horizontal e--pointer-none\">\n\t\t\t\t<ul id=\"menu-1-6379d4de\" class=\"elementor-nav-menu\"><li class=\"menu-item menu-item-type-post_type menu-item-object-page menu-item-8832\"><a href=\"https:\/\/tinte-toneri.hr\/en\/o-nama\/\" class=\"elementor-item\">O nama<\/a><\/li>\n<li class=\"menu-item menu-item-type-post_type menu-item-object-page menu-item-8831\"><a href=\"https:\/\/tinte-toneri.hr\/en\/sumup\/\" class=\"elementor-item\">SumUp<\/a><\/li>\n<li class=\"menu-item menu-item-type-post_type menu-item-object-page menu-item-8829\"><a href=\"https:\/\/tinte-toneri.hr\/en\/izrada-web-stranica\/\" class=\"elementor-item\">Izrada web stranica<\/a><\/li>\n<li class=\"menu-item menu-item-type-post_type menu-item-object-page menu-item-8830\"><a href=\"https:\/\/tinte-toneri.hr\/en\/novosti-2\/\" class=\"elementor-item\">Novosti<\/a><\/li>\n<\/ul>\t\t\t<\/nav>\n\t\t\t\t\t\t<nav class=\"elementor-nav-menu--dropdown elementor-nav-menu__container\" aria-hidden=\"true\">\n\t\t\t\t<ul id=\"menu-2-6379d4de\" class=\"elementor-nav-menu\"><li class=\"menu-item menu-item-type-post_type menu-item-object-page menu-item-8832\"><a href=\"https:\/\/tinte-toneri.hr\/en\/o-nama\/\" class=\"elementor-item\" tabindex=\"-1\">O nama<\/a><\/li>\n<li class=\"menu-item menu-item-type-post_type menu-item-object-page menu-item-8831\"><a href=\"https:\/\/tinte-toneri.hr\/en\/sumup\/\" class=\"elementor-item\" tabindex=\"-1\">SumUp<\/a><\/li>\n<li class=\"menu-item menu-item-type-post_type menu-item-object-page menu-item-8829\"><a href=\"https:\/\/tinte-toneri.hr\/en\/izrada-web-stranica\/\" class=\"elementor-item\" tabindex=\"-1\">Izrada web stranica<\/a><\/li>\n<li class=\"menu-item menu-item-type-post_type menu-item-object-page menu-item-8830\"><a href=\"https:\/\/tinte-toneri.hr\/en\/novosti-2\/\" class=\"elementor-item\" tabindex=\"-1\">Novosti<\/a><\/li>\n<\/ul>\t\t\t<\/nav>\n\t\t\t\t\t\t<\/div>\n\t\t\t\t<\/div>\n\t\t\t\t\t<\/div>\n\t\t<\/div>\n\t\t\t\t<div class=\"elementor-column elementor-col-50 elementor-top-column elementor-element elementor-element-7aa1b34f elementor-hidden-desktop elementor-hidden-tablet elementor-hidden-mobile\" data-id=\"7aa1b34f\" data-element_type=\"column\" data-e-type=\"column\">\n\t\t\t<div class=\"elementor-widget-wrap elementor-element-populated\">\n\t\t\t\t\t\t<div class=\"elementor-element elementor-element-332eb3fe elementor-widget-tablet__width-initial elementor-widget-mobile__width-initial elementor-hidden-desktop elementor-widget elementor-widget-search\" data-id=\"332eb3fe\" data-element_type=\"widget\" data-e-type=\"widget\" data-settings=\"{&quot;submit_trigger&quot;:&quot;both&quot;,&quot;pagination_type_options&quot;:&quot;none&quot;}\" data-widget_type=\"search.default\">\n\t\t\t\t<div class=\"elementor-widget-container\">\n\t\t\t\t\t\t\t<search class=\"e-search hidden\" role=\"search\">\n\t\t\t<form class=\"e-search-form\" action=\"https:\/\/tinte-toneri.hr\/en\/\" method=\"get\" data-trp-original-action=\"https:\/\/tinte-toneri.hr\/en\">\n\n\t\t\t\t\n\t\t\t\t<label class=\"e-search-label\" for=\"search-332eb3fe\">\n\t\t\t\t\t<span class=\"elementor-screen-only\">\n\t\t\t\t\t\tSearch\t\t\t\t\t<\/span>\n\t\t\t\t\t\t\t\t\t<\/label>\n\n\t\t\t\t<div class=\"e-search-input-wrapper\">\n\t\t\t\t\t<input id=\"search-332eb3fe\" placeholder=\"Tra\u017ei proizvode...\" class=\"e-search-input\" type=\"search\" name=\"s\" value=\"\" autocomplete=\"off\" role=\"combobox\" aria-autocomplete=\"list\" aria-expanded=\"false\" aria-controls=\"results-332eb3fe\" aria-haspopup=\"listbox\">\n\t\t\t\t\t<i aria-hidden=\"true\" class=\"fas fa-times\"><\/i>\t\t\t\t\t\t\t\t\t\t<output id=\"results-332eb3fe\" class=\"e-search-results-container hide-loader\" aria-live=\"polite\" aria-atomic=\"true\" aria-label=\"Results for search\" tabindex=\"0\">\n\t\t\t\t\t\t<div class=\"e-search-results\"><\/div>\n\t\t\t\t\t\t\t\t\t\t\t<\/output>\n\t\t\t\t\t\t\t\t\t<\/div>\n\t\t\t\t\n\t\t\t\t\n\t\t\t\t<button class=\"e-search-submit\" type=\"submit\" aria-label=\"Search\">\n\t\t\t\t\t<i aria-hidden=\"true\" class=\"fas fa-search\"><\/i>\n\t\t\t\t\t\t\t\t\t<\/button>\n\t\t\t\t<input type=\"hidden\" name=\"e_search_props\" value=\"332eb3fe-7623\">\n\t\t\t<input type=\"hidden\" name=\"trp-form-language\" value=\"en\"\/><\/form>\n\t\t<\/search>\n\t\t\t\t\t\t<\/div>\n\t\t\t\t<\/div>\n\t\t\t\t\t<\/div>\n\t\t<\/div>\n\t\t\t\t\t<\/div>\n\t\t<\/section>\n\t\t<div class=\"elementor-element elementor-element-2eb32f4 e-flex e-con-boxed e-con e-parent\" data-id=\"2eb32f4\" data-element_type=\"container\" data-e-type=\"container\">\n\t\t\t\t\t<div class=\"e-con-inner\">\n\t\t\t\t<div class=\"elementor-element elementor-element-8d4b531 elementor-widget elementor-widget-heading\" data-id=\"8d4b531\" data-element_type=\"widget\" data-e-type=\"widget\" data-widget_type=\"heading.default\">\n\t\t\t\t<div class=\"elementor-widget-container\">\n\t\t\t\t\t<h3 class=\"elementor-heading-title elementor-size-default\">SumUp - ovla\u0161teni zastupnik za POS ure\u0111aje<\/h3>\t\t\t\t<\/div>\n\t\t\t\t<\/div>\n\t\t\t\t<div class=\"elementor-element elementor-element-90b2323 elementor-widget elementor-widget-text-editor\" data-id=\"90b2323\" data-element_type=\"widget\" data-e-type=\"widget\" data-widget_type=\"text-editor.default\">\n\t\t\t\t<div class=\"elementor-widget-container\">\n\t\t\t\t\t\t\t\t\t<p>SumUp je moderno POS rje\u0161enje za karti\u010dno pla\u0107anje namijenjeno trgovinama, restoranima, kafi\u0107ima, salonima, uslu\u017enim djelatnostima i svim poslovnim subjektima koji \u017eele jednostavno i brzo prihva\u0107ati karti\u010dna pla\u0107anja.<\/p><p>\u00a0<\/p><p>Rje\u0161enje je posebno pogodno za poslovne subjekte koji \u017eele smanjiti tro\u0161kove POS poslovanja, ubrzati naplatu i imati jednostavan pregled poslovanja na jednom mjestu.<\/p>\t\t\t\t\t\t\t\t<\/div>\n\t\t\t\t<\/div>\n\t\t<div class=\"elementor-element elementor-element-1633860 e-con-full e-grid e-con e-child\" data-id=\"1633860\" data-element_type=\"container\" data-e-type=\"container\">\n\t\t\t\t<div class=\"elementor-element elementor-element-7496415 elementor-widget elementor-widget-text-editor\" data-id=\"7496415\" data-element_type=\"widget\" data-e-type=\"widget\" data-widget_type=\"text-editor.default\">\n\t\t\t\t<div class=\"elementor-widget-container\">\n\t\t\t\t\t\t\t\t\t<p>Uz SumUp korisnici dobivaju:<\/p><p>\u2714\ufe0f POS ure\u0111aj bez po\u010detnog tro\u0161ka<br \/>\u2714\ufe0f bez mjese\u010dne naknade<br \/>\u2714\ufe0f bez ugovorne obveze<br \/>\u2714\ufe0f isplatu sredstava u roku od 24 sata<br \/>\u2714\ufe0f pregled svih transakcija putem mobilne aplikacije i web su\u010delja<br \/>\u2714\ufe0f mogu\u0107nost izdavanja ra\u010duna i pra\u0107enja prometa u realnom vremenu<br \/>\u2714\ufe0f podr\u0161ku dostupnu 0\u201324h<\/p><p>SumUp podr\u017eava pla\u0107anje debitnim i kreditnim karticama,<br \/>beskontaktno pla\u0107anje, Apple Pay i Google Pay.<\/p>\t\t\t\t\t\t\t\t<\/div>\n\t\t\t\t<\/div>\n\t\t\t\t<div class=\"elementor-element elementor-element-8cd1457 elementor-widget__width-initial elementor-widget elementor-widget-image\" data-id=\"8cd1457\" data-element_type=\"widget\" data-e-type=\"widget\" data-widget_type=\"image.default\">\n\t\t\t\t<div class=\"elementor-widget-container\">\n\t\t\t\t\t\t\t\t\t\t\t\t\t\t\t\t<a href=\"https:\/\/www.diners.hr\/\" target=\"_blank\">\n\t\t\t\t\t\t\t<img fetchpriority=\"high\" decoding=\"async\" width=\"566\" height=\"459\" src=\"https:\/\/tinte-toneri.hr\/wp-content\/uploads\/2026\/05\/summupp.png\" class=\"attachment-full size-full wp-image-8342\" alt=\"\" srcset=\"https:\/\/tinte-toneri.hr\/wp-content\/uploads\/2026\/05\/summupp.png 566w, https:\/\/tinte-toneri.hr\/wp-content\/uploads\/2026\/05\/summupp-300x243.png 300w, https:\/\/tinte-toneri.hr\/wp-content\/uploads\/2026\/05\/summupp-15x12.png 15w\" sizes=\"(max-width: 566px) 100vw, 566px\" \/>\t\t\t\t\t\t\t\t<\/a>\n\t\t\t\t\t\t\t\t\t\t\t\t\t\t\t<\/div>\n\t\t\t\t<\/div>\n\t\t\t\t<\/div>\n\t\t\t\t\t<\/div>\n\t\t\t\t<\/div>\n\t\t<div class=\"elementor-element elementor-element-c29152f e-flex e-con-boxed e-con e-parent\" data-id=\"c29152f\" data-element_type=\"container\" data-e-type=\"container\">\n\t\t\t\t\t<div class=\"e-con-inner\">\n\t\t\t\t<div class=\"elementor-element elementor-element-8801fd9 elementor-widget elementor-widget-text-editor\" data-id=\"8801fd9\" data-element_type=\"widget\" data-e-type=\"widget\" data-widget_type=\"text-editor.default\">\n\t\t\t\t<div class=\"elementor-widget-container\">\n\t\t\t\t\t\t\t\t\t<p>Zahvaljuju\u0107i na\u0161oj SumUp-u, milijuni poslovanja, koje ve\u0107ina pru\u017eatelja usluga smatra premalima, imaju pristup financijskim uslugama. Ta poslovanja su \u010dak 10 puta manja od najmanjih poslovanja koja su interesantna bankama i tradicionalnim pru\u017eateljima usluga. Ono \u0161to je po\u010delo kao jedan \u010dita\u010d kartica, danas se pretvorilo u veliki izbor \u010dita\u010da kartica, nekoliko rje\u0161enja za pla\u0107anje na daljinu, kao \u0161to su fakture, poklon kartice, poveznice za pla\u0107anje i jo\u0161 mnogo toga.<\/p>\t\t\t\t\t\t\t\t<\/div>\n\t\t\t\t<\/div>\n\t\t\t\t\t<\/div>\n\t\t\t\t<\/div>\n\t\t<div class=\"elementor-element elementor-element-94b0bb7 e-flex e-con-boxed e-con e-parent\" data-id=\"94b0bb7\" data-element_type=\"container\" data-e-type=\"container\">\n\t\t\t\t\t<div class=\"e-con-inner\">\n\t\t\t\t<div class=\"elementor-element elementor-element-78fffaa elementor-widget__width-initial elementor-widget elementor-widget-image\" data-id=\"78fffaa\" data-element_type=\"widget\" data-e-type=\"widget\" data-widget_type=\"image.default\">\n\t\t\t\t<div class=\"elementor-widget-container\">\n\t\t\t\t\t\t\t\t\t\t\t\t\t\t\t\t<a href=\"https:\/\/www.diners.hr\/\" target=\"_blank\">\n\t\t\t\t\t\t\t<img decoding=\"async\" width=\"800\" height=\"374\" src=\"https:\/\/tinte-toneri.hr\/wp-content\/uploads\/2026\/05\/sumbig-1024x479.png\" class=\"attachment-large size-large wp-image-8406\" alt=\"\" srcset=\"https:\/\/tinte-toneri.hr\/wp-content\/uploads\/2026\/05\/sumbig-1024x479.png 1024w, https:\/\/tinte-toneri.hr\/wp-content\/uploads\/2026\/05\/sumbig-300x140.png 300w, https:\/\/tinte-toneri.hr\/wp-content\/uploads\/2026\/05\/sumbig-768x359.png 768w, https:\/\/tinte-toneri.hr\/wp-content\/uploads\/2026\/05\/sumbig-18x8.png 18w, https:\/\/tinte-toneri.hr\/wp-content\/uploads\/2026\/05\/sumbig-600x281.png 600w, https:\/\/tinte-toneri.hr\/wp-content\/uploads\/2026\/05\/sumbig.png 1227w\" sizes=\"(max-width: 800px) 100vw, 800px\" \/>\t\t\t\t\t\t\t\t<\/a>\n\t\t\t\t\t\t\t\t\t\t\t\t\t\t\t<\/div>\n\t\t\t\t<\/div>\n\t\t\t\t\t<\/div>\n\t\t\t\t<\/div>\n\t\t<div class=\"elementor-element elementor-element-08cdb81 e-flex e-con-boxed e-con e-parent\" data-id=\"08cdb81\" data-element_type=\"container\" data-e-type=\"container\">\n\t\t\t\t\t<div class=\"e-con-inner\">\n\t\t\t\t\t<\/div>\n\t\t\t\t<\/div>\n\t\t\t\t<\/div>","protected":false},"excerpt":{"rendered":"<p>Search SumUp &#8211; ovla\u0161teni zastupnik za POS ure\u0111aje SumUp je moderno POS rje\u0161enje za karti\u010dno pla\u0107anje namijenjeno trgovinama, restoranima, kafi\u0107ima, salonima, uslu\u017enim djelatnostima i svim poslovnim subjektima koji \u017eele jednostavno i brzo prihva\u0107ati karti\u010dna pla\u0107anja. \u00a0 Rje\u0161enje je posebno pogodno za poslovne subjekte koji \u017eele smanjiti tro\u0161kove POS poslovanja, ubrzati naplatu i imati jednostavan pregled [&hellip;]<\/p>\n","protected":false},"author":3,"featured_media":0,"parent":0,"menu_order":0,"comment_status":"closed","ping_status":"closed","template":"","meta":{"om_disable_all_campaigns":false,"_monsterinsights_skip_tracking":false,"_monsterinsights_sitenote_active":false,"_monsterinsights_sitenote_note":"","_monsterinsights_sitenote_category":0,"_uf_show_specific_survey":0,"_uf_disable_surveys":false,"footnotes":""},"class_list":["post-7623","page","type-page","status-publish","hentry"],"aioseo_notices":[],"jetpack_sharing_enabled":true,"_links":{"self":[{"href":"https:\/\/tinte-toneri.hr\/en\/wp-json\/wp\/v2\/pages\/7623","targetHints":{"allow":["GET"]}}],"collection":[{"href":"https:\/\/tinte-toneri.hr\/en\/wp-json\/wp\/v2\/pages"}],"about":[{"href":"https:\/\/tinte-toneri.hr\/en\/wp-json\/wp\/v2\/types\/page"}],"author":[{"embeddable":true,"href":"https:\/\/tinte-toneri.hr\/en\/wp-json\/wp\/v2\/users\/3"}],"replies":[{"embeddable":true,"href":"https:\/\/tinte-toneri.hr\/en\/wp-json\/wp\/v2\/comments?post=7623"}],"version-history":[{"count":1,"href":"https:\/\/tinte-toneri.hr\/en\/wp-json\/wp\/v2\/pages\/7623\/revisions"}],"predecessor-version":[{"id":8817,"href":"https:\/\/tinte-toneri.hr\/en\/wp-json\/wp\/v2\/pages\/7623\/revisions\/8817"}],"wp:attachment":[{"href":"https:\/\/tinte-toneri.hr\/en\/wp-json\/wp\/v2\/media?parent=7623"}],"curies":[{"name":"wp","href":"https:\/\/api.w.org\/{rel}","templated":true}]}}