{"id":4971,"date":"2023-03-07T14:44:21","date_gmt":"2023-03-07T14:44:21","guid":{"rendered":"https:\/\/tinte-toneri.hr\/?post_type=product&#038;p=4971"},"modified":"2024-09-17T09:58:01","modified_gmt":"2024-09-17T09:58:01","slug":"tnt-zamjenska-tinta-canon-cli551-m-xl","status":"publish","type":"product","link":"https:\/\/tinte-toneri.hr\/en\/shop\/tinte\/zamjenske-tinte\/tnt-zamjenska-tinta-canon-cli551-m-xl\/","title":{"rendered":"TNT zamjenska tinta Canon CLI-551XL Magenta"},"content":{"rendered":"<p>Upotrijebite na\u0161u vrhunsku zamjensku tintu TNT za Canon CLI-551XL Magenta kako biste osigurali iznimno kvalitetne ispise po pristupa\u010dnoj cijeni. Ova tinta je idealna za Canon pisa\u010de i pru\u017ea izvanredne rezultate ispisa za otprilike 300 stranica.<\/p>\n<p>&nbsp;<\/p>\n<p>&nbsp;<\/p>\n<p>&nbsp;<\/p>\n<p>Na\u0161a TNT zamjenska tinta Canon CLI-551XL Magenta je formulirana s vrhunskim pigmentima koji osiguravaju o\u0161tre, jasne i duboke boje. Bez obzira na to je li u pitanju tekst, grafika ili fotografija, ova tinta pru\u017ea konzistentne rezultate s visokim stupnjem detalja.<\/p>\n<p>&nbsp;<\/p>\n<p>&nbsp;<\/p>\n<p>&nbsp;<\/p>\n<p>Pored izvrsne kvalitete ispisa, na\u0161a zamjenska tinta Canon PGI550 XL Magenta je i jednostavna za kori\u0161tenje. Napunite je u svoj Canon pisa\u010d bez napora i nastavite s besprijekornim ispisom.<\/p>\n<p>&nbsp;<\/p>\n<p>&nbsp;<\/p>\n<p>Proizvod sigurno radi sa:<\/p>\n<p>&nbsp;<\/p>\n<p>Canon Pixma iP7200<br \/>\nCanon Pixma iP7240<br \/>\nCanon Pixma iP7250<br \/>\nCanon Pixma iP8700<br \/>\nCanon Pixma iP8750<br \/>\nCanon Pixma iX6850<br \/>\nCanon Pixma MG5450<br \/>\nCanon Pixma MG5450S<br \/>\nCanon Pixma MG5550<br \/>\nCanon Pixma MG5600<br \/>\nCanon Pixma MG5650<br \/>\nCanon Pixma MG6340<br \/>\nCanon Pixma MG6350<br \/>\nCanon Pixma MG6450<br \/>\nCanon Pixma MG6600<br \/>\nCanon Pixma MG6650<br \/>\nCanon Pixma MG7150<br \/>\nCanon Pixma MG7500<br \/>\nCanon Pixma MG7550<br \/>\nCanon Pixma MX725<br \/>\nCanon Pixma MX920<br \/>\nCanon Pixma MX925<\/p>","protected":false},"excerpt":{"rendered":"<p>Upotrijebite na\u0161u vrhunsku zamjensku tintu TNT za Canon CLI-551XL Magenta kako biste osigurali iznimno kvalitetne ispise po pristupa\u010dnoj cijeni. Ova tinta je idealna za Canon pisa\u010de i pru\u017ea izvanredne rezultate ispisa za otprilike 300 stranica. &nbsp; &nbsp; &nbsp; Na\u0161a TNT zamjenska tinta Canon CLI-551XL Magenta je formulirana s vrhunskim pigmentima koji osiguravaju o\u0161tre, jasne i [&hellip;]<\/p>\n","protected":false},"featured_media":6271,"comment_status":"open","ping_status":"closed","template":"","meta":{"om_disable_all_campaigns":false,"_monsterinsights_skip_tracking":false,"_monsterinsights_sitenote_active":false,"_monsterinsights_sitenote_note":"","_monsterinsights_sitenote_category":0,"_uf_show_specific_survey":0,"_uf_disable_surveys":false},"product_brand":[],"product_cat":[21,28],"product_tag":[],"class_list":{"0":"post-4971","1":"product","2":"type-product","3":"status-publish","4":"has-post-thumbnail","6":"product_cat-tinte","7":"product_cat-zamjenske-tinte","9":"first","10":"instock","11":"taxable","12":"shipping-taxable","13":"purchasable","14":"product-type-simple"},"aioseo_notices":[],"jetpack_sharing_enabled":true,"_links":{"self":[{"href":"https:\/\/tinte-toneri.hr\/en\/wp-json\/wp\/v2\/product\/4971","targetHints":{"allow":["GET"]}}],"collection":[{"href":"https:\/\/tinte-toneri.hr\/en\/wp-json\/wp\/v2\/product"}],"about":[{"href":"https:\/\/tinte-toneri.hr\/en\/wp-json\/wp\/v2\/types\/product"}],"replies":[{"embeddable":true,"href":"https:\/\/tinte-toneri.hr\/en\/wp-json\/wp\/v2\/comments?post=4971"}],"wp:featuredmedia":[{"embeddable":true,"href":"https:\/\/tinte-toneri.hr\/en\/wp-json\/wp\/v2\/media\/6271"}],"wp:attachment":[{"href":"https:\/\/tinte-toneri.hr\/en\/wp-json\/wp\/v2\/media?parent=4971"}],"wp:term":[{"taxonomy":"product_brand","embeddable":true,"href":"https:\/\/tinte-toneri.hr\/en\/wp-json\/wp\/v2\/product_brand?post=4971"},{"taxonomy":"product_cat","embeddable":true,"href":"https:\/\/tinte-toneri.hr\/en\/wp-json\/wp\/v2\/product_cat?post=4971"},{"taxonomy":"product_tag","embeddable":true,"href":"https:\/\/tinte-toneri.hr\/en\/wp-json\/wp\/v2\/product_tag?post=4971"}],"curies":[{"name":"wp","href":"https:\/\/api.w.org\/{rel}","templated":true}]}}