{"id":4985,"date":"2023-03-07T14:44:23","date_gmt":"2023-03-07T14:44:23","guid":{"rendered":"https:\/\/tinte-toneri.hr\/?post_type=product&#038;p=4985"},"modified":"2024-09-17T09:57:57","modified_gmt":"2024-09-17T09:57:57","slug":"tnt-zamjenska-tinta-epson-t1281-bk-5-9ml","status":"publish","type":"product","link":"https:\/\/tinte-toneri.hr\/en\/shop\/tinte\/zamjenske-tinte\/tnt-zamjenska-tinta-epson-t1281-bk-5-9ml\/","title":{"rendered":"TNT zamjenska tinta Epson T1281 Black"},"content":{"rendered":"<p>Upotrijebite na\u0161u vrhunsku zamjensku tintu TNT za Epson T1281 Black kako biste osigurali iznimno kvalitetne ispise po pristupa\u010dnoj cijeni<\/p>\n<p>&nbsp;<\/p>\n<p>&nbsp;<\/p>\n<p>&nbsp;<\/p>\n<p>Na\u0161a TNT zamjenska tinta Epson T1281 Black je formulirana s vrhunskim pigmentima koji osiguravaju o\u0161tre, jasne i duboke crne boje. Bez obzira na to je li u pitanju tekst, grafika ili fotografija, ova tinta pru\u017ea konzistentne rezultate s visokim stupnjem detalja.<\/p>\n<p>&nbsp;<\/p>\n<p>&nbsp;<\/p>\n<p>&nbsp;<\/p>\n<p>Proizvod sigurno radi sa:<\/p>\n<p>&nbsp;<\/p>\n<p>Epson BX305F<\/p>\n<p>Epson BX305FW<\/p>\n<p>Epson Stylus Office BX305FW Plus<\/p>\n<p>Epson Stylus S22<\/p>\n<p>Epson Stylus SX125<\/p>\n<p>Epson Stylus SX130<\/p>\n<p>Epson Stylus SX230<\/p>\n<p>Epson Stylus SX235W<\/p>\n<p>Epson Stylus SX420W<\/p>\n<p>Epson Stylus SX425W<\/p>\n<p>Epson Stylus SX430W<\/p>\n<p>Epson Stylus SX435W<\/p>\n<p>Epson Stylus SX438W<\/p>\n<p>Epson Stylus SX440W<\/p>\n<p>Epson Stylus SX445W<\/p>\n<p>Epson Stylus SX445WE<\/p>","protected":false},"excerpt":{"rendered":"<p>Upotrijebite na\u0161u vrhunsku zamjensku tintu TNT za Epson T1281 Black kako biste osigurali iznimno kvalitetne ispise po pristupa\u010dnoj cijeni &nbsp; &nbsp; &nbsp; Na\u0161a TNT zamjenska tinta Epson T1281 Black je formulirana s vrhunskim pigmentima koji osiguravaju o\u0161tre, jasne i duboke crne boje. Bez obzira na to je li u pitanju tekst, grafika ili fotografija, ova [&hellip;]<\/p>\n","protected":false},"featured_media":6269,"comment_status":"open","ping_status":"closed","template":"","meta":{"om_disable_all_campaigns":false,"_monsterinsights_skip_tracking":false,"_monsterinsights_sitenote_active":false,"_monsterinsights_sitenote_note":"","_monsterinsights_sitenote_category":0,"_uf_show_specific_survey":0,"_uf_disable_surveys":false},"product_brand":[],"product_cat":[21,28],"product_tag":[],"class_list":{"0":"post-4985","1":"product","2":"type-product","3":"status-publish","4":"has-post-thumbnail","6":"product_cat-tinte","7":"product_cat-zamjenske-tinte","9":"first","10":"instock","11":"taxable","12":"shipping-taxable","13":"purchasable","14":"product-type-simple"},"aioseo_notices":[],"jetpack_sharing_enabled":true,"_links":{"self":[{"href":"https:\/\/tinte-toneri.hr\/en\/wp-json\/wp\/v2\/product\/4985","targetHints":{"allow":["GET"]}}],"collection":[{"href":"https:\/\/tinte-toneri.hr\/en\/wp-json\/wp\/v2\/product"}],"about":[{"href":"https:\/\/tinte-toneri.hr\/en\/wp-json\/wp\/v2\/types\/product"}],"replies":[{"embeddable":true,"href":"https:\/\/tinte-toneri.hr\/en\/wp-json\/wp\/v2\/comments?post=4985"}],"wp:featuredmedia":[{"embeddable":true,"href":"https:\/\/tinte-toneri.hr\/en\/wp-json\/wp\/v2\/media\/6269"}],"wp:attachment":[{"href":"https:\/\/tinte-toneri.hr\/en\/wp-json\/wp\/v2\/media?parent=4985"}],"wp:term":[{"taxonomy":"product_brand","embeddable":true,"href":"https:\/\/tinte-toneri.hr\/en\/wp-json\/wp\/v2\/product_brand?post=4985"},{"taxonomy":"product_cat","embeddable":true,"href":"https:\/\/tinte-toneri.hr\/en\/wp-json\/wp\/v2\/product_cat?post=4985"},{"taxonomy":"product_tag","embeddable":true,"href":"https:\/\/tinte-toneri.hr\/en\/wp-json\/wp\/v2\/product_tag?post=4985"}],"curies":[{"name":"wp","href":"https:\/\/api.w.org\/{rel}","templated":true}]}}