{"id":5000,"date":"2023-03-07T14:44:31","date_gmt":"2023-03-07T14:44:31","guid":{"rendered":"https:\/\/tinte-toneri.hr\/?post_type=product&#038;p=5000"},"modified":"2024-11-06T07:29:31","modified_gmt":"2024-11-06T07:29:31","slug":"tnt-zamjenski-toner-hp-cf259a-59a-bez-chipa","status":"publish","type":"product","link":"https:\/\/tinte-toneri.hr\/en\/shop\/toneri\/zamjenski-toneri\/tnt-zamjenski-toner-hp-cf259a-59a-bez-chipa\/","title":{"rendered":"TNT zamjenski toner HP CF259A \/ 59A Black bez \u010dipa"},"content":{"rendered":"<p>TNT zamjenski HP CF259A \/ 59A Black toner je idealan za visokokvalitetni crno-bijeli ispis.<\/p>\n<p>&nbsp;<\/p>\n<p>&nbsp;<\/p>\n<p>Toner mo\u017ee ispisati oko 3000 stranica i koristi preciznu tehnologiju koja osigurava brz i jasan ispis. Instalacija tonera je jednostavna, a toner ima dug vijek trajanja. Kori\u0161tenjem ovog tonera, tro\u0161kovi ispisa \u0107e biti znatno smanjeni. Svaka stranica \u0107e biti ispisana ujedna\u010deno bez ne\u017eeljenih sivih tonova.<\/p>\n<p>&nbsp;<\/p>\n<p>&nbsp;<\/p>\n<p>Ovaj toner pru\u017ea vrhunsku kvalitetu ispisa, s o\u0161trim, jasnim i profesionalnim crno-bijelim dokumentima. Odabirom ovog tonera, osiguravate si jednostavan i ekonomi\u010dan na\u010din za ispisivanje visokokvalitetnih dokumenata.<\/p>\n<p>&nbsp;<\/p>\n<p>&nbsp;<\/p>\n<p>Toner je kompatibilan sa:<\/p>\n<p>&nbsp;<\/p>\n<p>&nbsp;<\/p>\n<p>HP LaserJet Enterprise M 406 dn<\/p>\n<p>HP LaserJet Enterprise M 407 dn<\/p>\n<p>HP LaserJet Enterprise M 430 f<\/p>\n<p>HP LaserJet Pro M 304 a<\/p>\n<p>HP LaserJet Pro M 305 d<\/p>\n<p>HP LaserJet Pro M 305 dn<\/p>\n<p>HP LaserJet Pro M 404 d<\/p>\n<p>HP LaserJet Pro M 404 dn<\/p>\n<p>HP LaserJet Pro M 404 dw<\/p>\n<p>HP LaserJet Pro M 404 n<\/p>\n<p>HP LaserJet Pro M 405 d<\/p>\n<p>HP LaserJet Pro M 405 dn<\/p>\n<p>HP LaserJet Pro M 405 dw<\/p>\n<p>HP LaserJet Pro M 405 n<\/p>\n<p>HP LaserJet Pro MFP M 329 dn<\/p>\n<p>HP LaserJet Pro MFP M 329 dw<\/p>\n<p>HP LaserJet Pro MFP M 428 dw<\/p>\n<p>HP LaserJet Pro MFP M 428 fdn<\/p>\n<p>HP LaserJet Pro MFP M 428 fdw<\/p>\n<p>HP LaserJet Pro MFP M 428 m<\/p>\n<p>HP LaserJet Pro MFP M 429 dw<\/p>\n<p>HP LaserJet Pro MFP M 429 fdn<\/p>\n<p>HP LaserJet Pro MFP M 429 fdw<\/p>","protected":false},"excerpt":{"rendered":"<p>TNT zamjenski HP CF259A \/ 59A Black toner je idealan za visokokvalitetni crno-bijeli ispis. &nbsp; &nbsp; Toner mo\u017ee ispisati oko 3000 stranica i koristi preciznu tehnologiju koja osigurava brz i jasan ispis. Instalacija tonera je jednostavna, a toner ima dug vijek trajanja. Kori\u0161tenjem ovog tonera, tro\u0161kovi ispisa \u0107e biti znatno smanjeni. Svaka stranica \u0107e biti [&hellip;]<\/p>\n","protected":false},"featured_media":6264,"comment_status":"open","ping_status":"closed","template":"","meta":{"om_disable_all_campaigns":false,"_monsterinsights_skip_tracking":false,"_monsterinsights_sitenote_active":false,"_monsterinsights_sitenote_note":"","_monsterinsights_sitenote_category":0,"_uf_show_specific_survey":0,"_uf_disable_surveys":false},"product_brand":[],"product_cat":[22,24],"product_tag":[],"class_list":{"0":"post-5000","1":"product","2":"type-product","3":"status-publish","4":"has-post-thumbnail","6":"product_cat-toneri","7":"product_cat-zamjenski-toneri","9":"first","10":"instock","11":"sale","12":"taxable","13":"shipping-taxable","14":"purchasable","15":"product-type-simple"},"aioseo_notices":[],"jetpack_sharing_enabled":true,"_links":{"self":[{"href":"https:\/\/tinte-toneri.hr\/en\/wp-json\/wp\/v2\/product\/5000","targetHints":{"allow":["GET"]}}],"collection":[{"href":"https:\/\/tinte-toneri.hr\/en\/wp-json\/wp\/v2\/product"}],"about":[{"href":"https:\/\/tinte-toneri.hr\/en\/wp-json\/wp\/v2\/types\/product"}],"replies":[{"embeddable":true,"href":"https:\/\/tinte-toneri.hr\/en\/wp-json\/wp\/v2\/comments?post=5000"}],"wp:featuredmedia":[{"embeddable":true,"href":"https:\/\/tinte-toneri.hr\/en\/wp-json\/wp\/v2\/media\/6264"}],"wp:attachment":[{"href":"https:\/\/tinte-toneri.hr\/en\/wp-json\/wp\/v2\/media?parent=5000"}],"wp:term":[{"taxonomy":"product_brand","embeddable":true,"href":"https:\/\/tinte-toneri.hr\/en\/wp-json\/wp\/v2\/product_brand?post=5000"},{"taxonomy":"product_cat","embeddable":true,"href":"https:\/\/tinte-toneri.hr\/en\/wp-json\/wp\/v2\/product_cat?post=5000"},{"taxonomy":"product_tag","embeddable":true,"href":"https:\/\/tinte-toneri.hr\/en\/wp-json\/wp\/v2\/product_tag?post=5000"}],"curies":[{"name":"wp","href":"https:\/\/api.w.org\/{rel}","templated":true}]}}