{"id":5067,"date":"2023-03-07T14:44:51","date_gmt":"2023-03-07T14:44:51","guid":{"rendered":"https:\/\/tinte-toneri.hr\/?post_type=product&#038;p=5067"},"modified":"2024-09-17T09:57:07","modified_gmt":"2024-09-17T09:57:07","slug":"tnt-zamjenski-toner-samsung-ml-1710d3-ml1510-ml1520-sxy4216-scx4100-black","status":"publish","type":"product","link":"https:\/\/tinte-toneri.hr\/en\/shop\/toneri\/zamjenski-toneri\/tnt-zamjenski-toner-samsung-ml-1710d3-ml1510-ml1520-sxy4216-scx4100-black\/","title":{"rendered":"TNT zamjenski toner Samsung ML-1710D3 \/ ML-1510 \/ ML-1520 \/ SCX-4216\/ SCX-4100 Black"},"content":{"rendered":"<p>TNT zamjenski Samsung ML-1710D3 \/ ML-1510 \/ ML-1520 \/ SCX-4216\/ SCX-4100<span style=\"color: red;\">\u00a0<\/span>toner je idealan za visokokvalitetni crno-bijeli ispis.<\/p>\n<p>&nbsp;<\/p>\n<p>&nbsp;<\/p>\n<p>&nbsp;<\/p>\n<p>Toner mo\u017ee ispisati oko 3000<span style=\"color: red;\">\u00a0<\/span>stranica i koristi preciznu tehnologiju koja osigurava brz i jasan ispis. Instalacija tonera je jednostavna, a toner ima dug vijek trajanja. Kori\u0161tenjem ovog tonera, tro\u0161kovi ispisa \u0107e biti znatno smanjeni. Svaka stranica \u0107e biti ispisana ujedna\u010deno bez ne\u017eeljenih sivih tonova.<\/p>\n<p>&nbsp;<\/p>\n<p>&nbsp;<\/p>\n<p>&nbsp;<\/p>\n<p>Ovaj toner pru\u017ea vrhunsku kvalitetu ispisa, s o\u0161trim, jasnim i profesionalnim crno-bijelim dokumentima. Odabirom ovog tonera, osiguravate si jednostavan i ekonomi\u010dan na\u010din za ispisivanje visokokvalitetnih dokumenata.<\/p>\n<p>&nbsp;<\/p>\n<p>&nbsp;<\/p>\n<p>&nbsp;<\/p>\n<p>Zamjenski toner Samsung ML-1710D3 \/ ML-1510 \/ ML-1520 \/ SCX-4216\/ SCX-4100 Black radi u:<\/p>\n<p>&nbsp;<\/p>\n<p>Samsung ML-1410<\/p>\n<p>Samsung ML-1500<\/p>\n<p>Samsung ML-1500 B<\/p>\n<p>Samsung ML-1510<\/p>\n<p>Samsung ML-1510 B<\/p>\n<p>Samsung ML-1510 P<\/p>\n<p>Samsung ML-1515<\/p>\n<p>Samsung ML-1710<\/p>\n<p>Samsung ML-1710 D<\/p>\n<p>Samsung ML-1710 P<\/p>\n<p>Samsung ML-1710 PD<\/p>\n<p>Samsung ML-1720<\/p>\n<p>Samsung ML-1730<\/p>\n<p>Samsung ML-1740<\/p>\n<p>Samsung ML-1745<\/p>\n<p>Samsung ML-1750<\/p>\n<p>Samsung ML-1750 G<\/p>\n<p>Samsung ML-1755<\/p>\n<p>Samsung ML-1757<\/p>\n<p>Samsung ML-1760 G<\/p>\n<p>Samsung SCX-4016<\/p>\n<p>Samsung SCX-4116<\/p>\n<p>Samsung SCX-4214 F<\/p>\n<p>Samsung SCX-4216 F<\/p>\n<p>Samsung SCX-4216 FN<\/p>\n<p>Samsung SCX-4100<\/p>\n<p>Lexmark X 215 MFP<\/p>\n<p>&nbsp;<\/p>\n<p>&nbsp;<\/p>","protected":false},"excerpt":{"rendered":"<p>TNT zamjenski Samsung ML-1710D3 \/ ML-1510 \/ ML-1520 \/ SCX-4216\/ SCX-4100\u00a0toner je idealan za visokokvalitetni crno-bijeli ispis. &nbsp; &nbsp; &nbsp; Toner mo\u017ee ispisati oko 3000\u00a0stranica i koristi preciznu tehnologiju koja osigurava brz i jasan ispis. Instalacija tonera je jednostavna, a toner ima dug vijek trajanja. Kori\u0161tenjem ovog tonera, tro\u0161kovi ispisa \u0107e biti znatno smanjeni. Svaka [&hellip;]<\/p>\n","protected":false},"featured_media":6264,"comment_status":"open","ping_status":"closed","template":"","meta":{"om_disable_all_campaigns":false,"_monsterinsights_skip_tracking":false,"_monsterinsights_sitenote_active":false,"_monsterinsights_sitenote_note":"","_monsterinsights_sitenote_category":0,"_uf_show_specific_survey":0,"_uf_disable_surveys":false},"product_brand":[],"product_cat":[22,24],"product_tag":[],"class_list":{"0":"post-5067","1":"product","2":"type-product","3":"status-publish","4":"has-post-thumbnail","6":"product_cat-toneri","7":"product_cat-zamjenski-toneri","9":"first","10":"instock","11":"taxable","12":"shipping-taxable","13":"purchasable","14":"product-type-simple"},"aioseo_notices":[],"jetpack_sharing_enabled":true,"_links":{"self":[{"href":"https:\/\/tinte-toneri.hr\/en\/wp-json\/wp\/v2\/product\/5067","targetHints":{"allow":["GET"]}}],"collection":[{"href":"https:\/\/tinte-toneri.hr\/en\/wp-json\/wp\/v2\/product"}],"about":[{"href":"https:\/\/tinte-toneri.hr\/en\/wp-json\/wp\/v2\/types\/product"}],"replies":[{"embeddable":true,"href":"https:\/\/tinte-toneri.hr\/en\/wp-json\/wp\/v2\/comments?post=5067"}],"wp:featuredmedia":[{"embeddable":true,"href":"https:\/\/tinte-toneri.hr\/en\/wp-json\/wp\/v2\/media\/6264"}],"wp:attachment":[{"href":"https:\/\/tinte-toneri.hr\/en\/wp-json\/wp\/v2\/media?parent=5067"}],"wp:term":[{"taxonomy":"product_brand","embeddable":true,"href":"https:\/\/tinte-toneri.hr\/en\/wp-json\/wp\/v2\/product_brand?post=5067"},{"taxonomy":"product_cat","embeddable":true,"href":"https:\/\/tinte-toneri.hr\/en\/wp-json\/wp\/v2\/product_cat?post=5067"},{"taxonomy":"product_tag","embeddable":true,"href":"https:\/\/tinte-toneri.hr\/en\/wp-json\/wp\/v2\/product_tag?post=5067"}],"curies":[{"name":"wp","href":"https:\/\/api.w.org\/{rel}","templated":true}]}}