{"id":5076,"date":"2023-03-07T14:44:58","date_gmt":"2023-03-07T14:44:58","guid":{"rendered":"https:\/\/tinte-toneri.hr\/?post_type=product&#038;p=5076"},"modified":"2024-09-17T09:57:06","modified_gmt":"2024-09-17T09:57:06","slug":"tnt-zamjenski-toner-samsung-mlt-d116l","status":"publish","type":"product","link":"https:\/\/tinte-toneri.hr\/en\/shop\/toneri\/zamjenski-toneri\/tnt-zamjenski-toner-samsung-mlt-d116l\/","title":{"rendered":"TNT zamjenski toner Samsung MLT-D116L"},"content":{"rendered":"<div class=\"markdown prose w-full break-words dark:prose-invert light\">\n<p>TNT zamjenski Samsung MLT-D116L toner je idealan za visokokvalitetni crno-bijeli ispis.<\/p>\n<p>&nbsp;<\/p>\n<p>Namijenjen je Samsung laserskim pisa\u010dima.<\/p>\n<p>&nbsp;<\/p>\n<p>Toner mo\u017ee ispisati oko 3000 stranica i koristi preciznu tehnologiju koja osigurava brz i jasan ispis. Instalacija tonera je jednostavna, a toner ima dug vijek trajanja. Kori\u0161tenjem ovog tonera, tro\u0161kovi ispisa \u0107e biti znatno smanjeni. Svaka stranica \u0107e biti ispisana ujedna\u010deno bez ne\u017eeljenih sivih tonova.<\/p>\n<p>&nbsp;<\/p>\n<p>Ovaj toner pru\u017ea vrhunsku kvalitetu ispisa, s o\u0161trim, jasnim i profesionalnim crno-bijelim dokumentima. Odabirom ovog tonera, osiguravate si jednostavan i ekonomi\u010dan na\u010din za ispisivanje visokokvalitetnih dokumenata.<\/p>\n<p>&nbsp;<\/p>\n<p>Dakle, ne oklijevajte, odaberite TNT zamjenski Samsung MLT-D116L toner i u\u017eivajte u visokokvalitetnom crno-bijelom ispisu!<\/p>\n<p>&nbsp;<\/p>\n<\/div>\n<p>Proizvod sigurno radi u:<\/p>\n<p>Samsung SL-M 2620<br \/>\nSamsung SL-M 2620 D<br \/>\nSamsung SL-M 2620 ND<br \/>\nSamsung SL-M 2620 Series<br \/>\nSamsung SL-M 2625<br \/>\nSamsung SL-M 2625 D<br \/>\nSamsung SL-M 2625 F<br \/>\nSamsung SL-M 2625 FN<br \/>\nSamsung SL-M 2625 N<br \/>\nSamsung SL-M 2625 Series<br \/>\nSamsung SL-M 2626<br \/>\nSamsung SL-M 2675 FN<br \/>\nSamsung SL-M 2820 D<br \/>\nSamsung SL-M 2820 DW<br \/>\nSamsung SL-M 2820 ND<br \/>\nSamsung SL-M 2820 Series<br \/>\nSamsung SL-M 2826<br \/>\nSamsung SL-M 2870 FD<br \/>\nSamsung SL-M 2870 FW<br \/>\nSamsung SL-M 2871 FW<br \/>\nSamsung SL-M 2876<\/p>\n<p>Samsung Xpress M 2620<br \/>\nSamsung Xpress M 2620 D<br \/>\nSamsung Xpress M 2620 ND<br \/>\nSamsung Xpress M 2620 Series<br \/>\nSamsung Xpress M 2625<br \/>\nSamsung Xpress M 2625 D<br \/>\nSamsung Xpress M 2625 D Premium Line<br \/>\nSamsung Xpress M 2625 F<br \/>\nSamsung Xpress M 2625 FN<br \/>\nSamsung Xpress M 2625 N<br \/>\nSamsung Xpress M 2625 Series<br \/>\nSamsung Xpress M 2626<br \/>\nSamsung Xpress M 2675 F<br \/>\nSamsung Xpress M 2675 FN<br \/>\nSamsung Xpress M 2675 FN Premium Line<br \/>\nSamsung Xpress M 2675 Series<br \/>\nSamsung Xpress M 2676<br \/>\nSamsung Xpress M 2820 D<br \/>\nSamsung Xpress M 2820 DW<br \/>\nSamsung Xpress M 2820 ND<br \/>\nSamsung Xpress M 2820 Series<br \/>\nSamsung Xpress M 2825 DW<br \/>\nSamsung Xpress M 2825 ND<br \/>\nSamsung Xpress M 2825 ND Premium Line<br \/>\nSamsung Xpress M 2825 Series<br \/>\nSamsung Xpress M 2826<br \/>\nSamsung Xpress M 2830 DW<br \/>\nSamsung Xpress M 2835 DW<br \/>\nSamsung Xpress M 2835 DW Premium Line<br \/>\nSamsung Xpress M 2870 FD<br \/>\nSamsung Xpress M 2870 FW<br \/>\nSamsung Xpress M 2871 FW<br \/>\nSamsung Xpress M 2875 DW<br \/>\nSamsung Xpress M 2875 FD<br \/>\nSamsung Xpress M 2875 FD Premium Line<br \/>\nSamsung Xpress M 2875 FW<br \/>\nSamsung Xpress M 2875 ND<br \/>\nSamsung Xpress M 2875 Series<br \/>\nSamsung Xpress M 2876<br \/>\nSamsung Xpress M 2885<br \/>\nSamsung Xpress M 2885 FW<br \/>\nSamsung Xpress M 2885 FW Premium Line<br \/>\nSamsung Xpress M 2885 Series<\/p>","protected":false},"excerpt":{"rendered":"<p>TNT zamjenski Samsung MLT-D116L toner je idealan za visokokvalitetni crno-bijeli ispis. &nbsp; Namijenjen je Samsung laserskim pisa\u010dima. &nbsp; Toner mo\u017ee ispisati oko 3000 stranica i koristi preciznu tehnologiju koja osigurava brz i jasan ispis. Instalacija tonera je jednostavna, a toner ima dug vijek trajanja. Kori\u0161tenjem ovog tonera, tro\u0161kovi ispisa \u0107e biti znatno smanjeni. Svaka stranica [&hellip;]<\/p>\n","protected":false},"featured_media":6264,"comment_status":"open","ping_status":"closed","template":"","meta":{"om_disable_all_campaigns":false,"_monsterinsights_skip_tracking":false,"_monsterinsights_sitenote_active":false,"_monsterinsights_sitenote_note":"","_monsterinsights_sitenote_category":0,"_uf_show_specific_survey":0,"_uf_disable_surveys":false},"product_brand":[],"product_cat":[22,24],"product_tag":[],"class_list":{"0":"post-5076","1":"product","2":"type-product","3":"status-publish","4":"has-post-thumbnail","6":"product_cat-toneri","7":"product_cat-zamjenski-toneri","9":"first","10":"instock","11":"taxable","12":"shipping-taxable","13":"purchasable","14":"product-type-simple"},"aioseo_notices":[],"yoast_head":"<!-- This site is optimized with the Yoast SEO plugin v27.4 - https:\/\/yoast.com\/product\/yoast-seo-wordpress\/ -->\n<title>TNT zamjenski toner Samsung MLT-D116L - TNT<\/title>\n<meta name=\"description\" content=\"zamjenski Samsung toner MLT-D116L za: Samsung SL series - Samsung Xpress series - boja: crna - broj ispisa stranica: 3000\" \/>\n<meta name=\"robots\" content=\"index, follow, max-snippet:-1, max-image-preview:large, max-video-preview:-1\" \/>\n<link rel=\"canonical\" href=\"https:\/\/tinte-toneri.hr\/en\/shop\/toneri\/zamjenski-toneri\/tnt-zamjenski-toner-samsung-mlt-d116l\/\" \/>\n<meta property=\"og:locale\" content=\"en_US\" \/>\n<meta property=\"og:type\" content=\"article\" \/>\n<meta property=\"og:title\" content=\"TNT zamjenski toner Samsung MLT-D116L - TNT\" \/>\n<meta property=\"og:description\" content=\"zamjenski Samsung toner MLT-D116L za: Samsung SL series - Samsung Xpress series - boja: crna - broj ispisa stranica: 3000\" \/>\n<meta property=\"og:url\" content=\"https:\/\/tinte-toneri.hr\/en\/shop\/toneri\/zamjenski-toneri\/tnt-zamjenski-toner-samsung-mlt-d116l\/\" \/>\n<meta property=\"og:site_name\" content=\"TNT\" \/>\n<meta property=\"article:modified_time\" content=\"2024-09-17T09:57:06+00:00\" \/>\n<meta property=\"og:image\" content=\"https:\/\/tinte-toneri.hr\/wp-content\/uploads\/2023\/12\/Zamjenski-toner-black.png\" \/>\n\t<meta property=\"og:image:width\" content=\"2022\" \/>\n\t<meta property=\"og:image:height\" content=\"1376\" \/>\n\t<meta property=\"og:image:type\" content=\"image\/png\" \/>\n<meta name=\"twitter:card\" content=\"summary_large_image\" \/>\n<meta name=\"twitter:label1\" content=\"Est. reading time\" \/>\n\t<meta name=\"twitter:data1\" content=\"3 minutes\" \/>\n<script type=\"application\/ld+json\" class=\"yoast-schema-graph\">{\"@context\":\"https:\\\/\\\/schema.org\",\"@graph\":[{\"@type\":\"WebPage\",\"@id\":\"https:\\\/\\\/tinte-toneri.hr\\\/shop\\\/toneri\\\/zamjenski-toneri\\\/tnt-zamjenski-toner-samsung-mlt-d116l\\\/\",\"url\":\"https:\\\/\\\/tinte-toneri.hr\\\/shop\\\/toneri\\\/zamjenski-toneri\\\/tnt-zamjenski-toner-samsung-mlt-d116l\\\/\",\"name\":\"TNT zamjenski toner Samsung MLT-D116L - TNT\",\"isPartOf\":{\"@id\":\"https:\\\/\\\/tinte-toneri.hr\\\/#website\"},\"primaryImageOfPage\":{\"@id\":\"https:\\\/\\\/tinte-toneri.hr\\\/shop\\\/toneri\\\/zamjenski-toneri\\\/tnt-zamjenski-toner-samsung-mlt-d116l\\\/#primaryimage\"},\"image\":{\"@id\":\"https:\\\/\\\/tinte-toneri.hr\\\/shop\\\/toneri\\\/zamjenski-toneri\\\/tnt-zamjenski-toner-samsung-mlt-d116l\\\/#primaryimage\"},\"thumbnailUrl\":\"https:\\\/\\\/tinte-toneri.hr\\\/wp-content\\\/uploads\\\/2023\\\/12\\\/Zamjenski-toner-black.png\",\"datePublished\":\"2023-03-07T14:44:58+00:00\",\"dateModified\":\"2024-09-17T09:57:06+00:00\",\"description\":\"zamjenski Samsung toner MLT-D116L za: Samsung SL series - Samsung Xpress series - boja: crna - broj ispisa stranica: 3000\",\"breadcrumb\":{\"@id\":\"https:\\\/\\\/tinte-toneri.hr\\\/shop\\\/toneri\\\/zamjenski-toneri\\\/tnt-zamjenski-toner-samsung-mlt-d116l\\\/#breadcrumb\"},\"inLanguage\":\"en-US\",\"potentialAction\":[{\"@type\":\"ReadAction\",\"target\":[\"https:\\\/\\\/tinte-toneri.hr\\\/shop\\\/toneri\\\/zamjenski-toneri\\\/tnt-zamjenski-toner-samsung-mlt-d116l\\\/\"]}]},{\"@type\":\"ImageObject\",\"inLanguage\":\"en-US\",\"@id\":\"https:\\\/\\\/tinte-toneri.hr\\\/shop\\\/toneri\\\/zamjenski-toneri\\\/tnt-zamjenski-toner-samsung-mlt-d116l\\\/#primaryimage\",\"url\":\"https:\\\/\\\/tinte-toneri.hr\\\/wp-content\\\/uploads\\\/2023\\\/12\\\/Zamjenski-toner-black.png\",\"contentUrl\":\"https:\\\/\\\/tinte-toneri.hr\\\/wp-content\\\/uploads\\\/2023\\\/12\\\/Zamjenski-toner-black.png\",\"width\":2022,\"height\":1376},{\"@type\":\"BreadcrumbList\",\"@id\":\"https:\\\/\\\/tinte-toneri.hr\\\/shop\\\/toneri\\\/zamjenski-toneri\\\/tnt-zamjenski-toner-samsung-mlt-d116l\\\/#breadcrumb\",\"itemListElement\":[{\"@type\":\"ListItem\",\"position\":1,\"name\":\"Po\u010detna stranica\",\"item\":\"https:\\\/\\\/tinte-toneri.hr\\\/\"},{\"@type\":\"ListItem\",\"position\":2,\"name\":\"Shop\",\"item\":\"https:\\\/\\\/tinte-toneri.hr\\\/shop\\\/\"},{\"@type\":\"ListItem\",\"position\":3,\"name\":\"TNT zamjenski toner Samsung MLT-D116L\"}]},{\"@type\":\"WebSite\",\"@id\":\"https:\\\/\\\/tinte-toneri.hr\\\/#website\",\"url\":\"https:\\\/\\\/tinte-toneri.hr\\\/\",\"name\":\"TNT\",\"description\":\"Tinte i toneri\",\"publisher\":{\"@id\":\"https:\\\/\\\/tinte-toneri.hr\\\/#organization\"},\"potentialAction\":[{\"@type\":\"SearchAction\",\"target\":{\"@type\":\"EntryPoint\",\"urlTemplate\":\"https:\\\/\\\/tinte-toneri.hr\\\/?s={search_term_string}\"},\"query-input\":{\"@type\":\"PropertyValueSpecification\",\"valueRequired\":true,\"valueName\":\"search_term_string\"}}],\"inLanguage\":\"en-US\"},{\"@type\":\"Organization\",\"@id\":\"https:\\\/\\\/tinte-toneri.hr\\\/#organization\",\"name\":\"TNT Global\",\"url\":\"https:\\\/\\\/tinte-toneri.hr\\\/\",\"logo\":{\"@type\":\"ImageObject\",\"inLanguage\":\"en-US\",\"@id\":\"https:\\\/\\\/tinte-toneri.hr\\\/#\\\/schema\\\/logo\\\/image\\\/\",\"url\":\"https:\\\/\\\/tinte-toneri.hr\\\/wp-content\\\/uploads\\\/2023\\\/10\\\/cropped-Logo1-removebg.png\",\"contentUrl\":\"https:\\\/\\\/tinte-toneri.hr\\\/wp-content\\\/uploads\\\/2023\\\/10\\\/cropped-Logo1-removebg.png\",\"width\":2124,\"height\":2129,\"caption\":\"TNT Global\"},\"image\":{\"@id\":\"https:\\\/\\\/tinte-toneri.hr\\\/#\\\/schema\\\/logo\\\/image\\\/\"}}]}<\/script>\n<!-- \/ Yoast SEO plugin. -->","yoast_head_json":{"title":"TNT zamjenski toner Samsung MLT-D116L - TNT","description":"zamjenski Samsung toner MLT-D116L za: Samsung SL series - Samsung Xpress series - boja: crna - broj ispisa stranica: 3000","robots":{"index":"index","follow":"follow","max-snippet":"max-snippet:-1","max-image-preview":"max-image-preview:large","max-video-preview":"max-video-preview:-1"},"canonical":"https:\/\/tinte-toneri.hr\/en\/shop\/toneri\/zamjenski-toneri\/tnt-zamjenski-toner-samsung-mlt-d116l\/","og_locale":"en_US","og_type":"article","og_title":"TNT zamjenski toner Samsung MLT-D116L - TNT","og_description":"zamjenski Samsung toner MLT-D116L za: Samsung SL series - Samsung Xpress series - boja: crna - broj ispisa stranica: 3000","og_url":"https:\/\/tinte-toneri.hr\/en\/shop\/toneri\/zamjenski-toneri\/tnt-zamjenski-toner-samsung-mlt-d116l\/","og_site_name":"TNT","article_modified_time":"2024-09-17T09:57:06+00:00","og_image":[{"width":2022,"height":1376,"url":"https:\/\/tinte-toneri.hr\/wp-content\/uploads\/2023\/12\/Zamjenski-toner-black.png","type":"image\/png"}],"twitter_card":"summary_large_image","twitter_misc":{"Est. reading time":"3 minutes"},"schema":{"@context":"https:\/\/schema.org","@graph":[{"@type":"WebPage","@id":"https:\/\/tinte-toneri.hr\/shop\/toneri\/zamjenski-toneri\/tnt-zamjenski-toner-samsung-mlt-d116l\/","url":"https:\/\/tinte-toneri.hr\/shop\/toneri\/zamjenski-toneri\/tnt-zamjenski-toner-samsung-mlt-d116l\/","name":"TNT zamjenski toner Samsung MLT-D116L - TNT","isPartOf":{"@id":"https:\/\/tinte-toneri.hr\/#website"},"primaryImageOfPage":{"@id":"https:\/\/tinte-toneri.hr\/shop\/toneri\/zamjenski-toneri\/tnt-zamjenski-toner-samsung-mlt-d116l\/#primaryimage"},"image":{"@id":"https:\/\/tinte-toneri.hr\/shop\/toneri\/zamjenski-toneri\/tnt-zamjenski-toner-samsung-mlt-d116l\/#primaryimage"},"thumbnailUrl":"https:\/\/tinte-toneri.hr\/wp-content\/uploads\/2023\/12\/Zamjenski-toner-black.png","datePublished":"2023-03-07T14:44:58+00:00","dateModified":"2024-09-17T09:57:06+00:00","description":"zamjenski Samsung toner MLT-D116L za: Samsung SL series - Samsung Xpress series - boja: crna - broj ispisa stranica: 3000","breadcrumb":{"@id":"https:\/\/tinte-toneri.hr\/shop\/toneri\/zamjenski-toneri\/tnt-zamjenski-toner-samsung-mlt-d116l\/#breadcrumb"},"inLanguage":"en-US","potentialAction":[{"@type":"ReadAction","target":["https:\/\/tinte-toneri.hr\/shop\/toneri\/zamjenski-toneri\/tnt-zamjenski-toner-samsung-mlt-d116l\/"]}]},{"@type":"ImageObject","inLanguage":"en-US","@id":"https:\/\/tinte-toneri.hr\/shop\/toneri\/zamjenski-toneri\/tnt-zamjenski-toner-samsung-mlt-d116l\/#primaryimage","url":"https:\/\/tinte-toneri.hr\/wp-content\/uploads\/2023\/12\/Zamjenski-toner-black.png","contentUrl":"https:\/\/tinte-toneri.hr\/wp-content\/uploads\/2023\/12\/Zamjenski-toner-black.png","width":2022,"height":1376},{"@type":"BreadcrumbList","@id":"https:\/\/tinte-toneri.hr\/shop\/toneri\/zamjenski-toneri\/tnt-zamjenski-toner-samsung-mlt-d116l\/#breadcrumb","itemListElement":[{"@type":"ListItem","position":1,"name":"Po\u010detna stranica","item":"https:\/\/tinte-toneri.hr\/"},{"@type":"ListItem","position":2,"name":"Shop","item":"https:\/\/tinte-toneri.hr\/shop\/"},{"@type":"ListItem","position":3,"name":"TNT zamjenski toner Samsung MLT-D116L"}]},{"@type":"WebSite","@id":"https:\/\/tinte-toneri.hr\/#website","url":"https:\/\/tinte-toneri.hr\/","name":"TNT","description":"Tinte i toneri","publisher":{"@id":"https:\/\/tinte-toneri.hr\/#organization"},"potentialAction":[{"@type":"SearchAction","target":{"@type":"EntryPoint","urlTemplate":"https:\/\/tinte-toneri.hr\/?s={search_term_string}"},"query-input":{"@type":"PropertyValueSpecification","valueRequired":true,"valueName":"search_term_string"}}],"inLanguage":"en-US"},{"@type":"Organization","@id":"https:\/\/tinte-toneri.hr\/#organization","name":"TNT Global","url":"https:\/\/tinte-toneri.hr\/","logo":{"@type":"ImageObject","inLanguage":"en-US","@id":"https:\/\/tinte-toneri.hr\/#\/schema\/logo\/image\/","url":"https:\/\/tinte-toneri.hr\/wp-content\/uploads\/2023\/10\/cropped-Logo1-removebg.png","contentUrl":"https:\/\/tinte-toneri.hr\/wp-content\/uploads\/2023\/10\/cropped-Logo1-removebg.png","width":2124,"height":2129,"caption":"TNT Global"},"image":{"@id":"https:\/\/tinte-toneri.hr\/#\/schema\/logo\/image\/"}}]}},"jetpack_sharing_enabled":true,"_links":{"self":[{"href":"https:\/\/tinte-toneri.hr\/en\/wp-json\/wp\/v2\/product\/5076","targetHints":{"allow":["GET"]}}],"collection":[{"href":"https:\/\/tinte-toneri.hr\/en\/wp-json\/wp\/v2\/product"}],"about":[{"href":"https:\/\/tinte-toneri.hr\/en\/wp-json\/wp\/v2\/types\/product"}],"replies":[{"embeddable":true,"href":"https:\/\/tinte-toneri.hr\/en\/wp-json\/wp\/v2\/comments?post=5076"}],"wp:featuredmedia":[{"embeddable":true,"href":"https:\/\/tinte-toneri.hr\/en\/wp-json\/wp\/v2\/media\/6264"}],"wp:attachment":[{"href":"https:\/\/tinte-toneri.hr\/en\/wp-json\/wp\/v2\/media?parent=5076"}],"wp:term":[{"taxonomy":"product_brand","embeddable":true,"href":"https:\/\/tinte-toneri.hr\/en\/wp-json\/wp\/v2\/product_brand?post=5076"},{"taxonomy":"product_cat","embeddable":true,"href":"https:\/\/tinte-toneri.hr\/en\/wp-json\/wp\/v2\/product_cat?post=5076"},{"taxonomy":"product_tag","embeddable":true,"href":"https:\/\/tinte-toneri.hr\/en\/wp-json\/wp\/v2\/product_tag?post=5076"}],"curies":[{"name":"wp","href":"https:\/\/api.w.org\/{rel}","templated":true}]}}