{"id":5082,"date":"2023-03-07T14:44:58","date_gmt":"2023-03-07T14:44:58","guid":{"rendered":"https:\/\/tinte-toneri.hr\/?post_type=product&#038;p=5082"},"modified":"2024-09-17T09:57:07","modified_gmt":"2024-09-17T09:57:07","slug":"tnt-zamjenska-tinta-epson-t036-bk-10ml","status":"publish","type":"product","link":"https:\/\/tinte-toneri.hr\/en\/shop\/tinte\/zamjenske-tinte\/tnt-zamjenska-tinta-epson-t036-bk-10ml\/","title":{"rendered":"TNT zamjenska tinta Epson T036 Bk 10ml"},"content":{"rendered":"<p>TNT zamjenska tinta Epson T036 Bk 10ml deklarirana je za ispis 220 stranica uz popunjenost stranice od 5%. Tinta Epson T036 Bk 10ml dostupna je na na\u0161em skladi\u0161tu, uz rok isporuke od 2 radna dana na Va\u0161u adresu, putem kurirske slu\u017ebe DPD. Mo\u017eete ju vratiti u roku od 14 dana ukoliko niste zadovoljni ili ste se predomislili oko kupnje proizvoda.<\/p>","protected":false},"excerpt":{"rendered":"<p>TNT zamjenska tinta Epson T036 Bk 10ml deklarirana je za ispis 220 stranica uz popunjenost stranice od 5%. Tinta Epson T036 Bk 10ml dostupna je na na\u0161em skladi\u0161tu, uz rok isporuke od 2 radna dana na Va\u0161u adresu, putem kurirske slu\u017ebe DPD. Mo\u017eete ju vratiti u roku od 14 dana ukoliko niste zadovoljni ili ste [&hellip;]<\/p>\n","protected":false},"featured_media":6269,"comment_status":"open","ping_status":"closed","template":"","meta":{"om_disable_all_campaigns":false,"_monsterinsights_skip_tracking":false,"_monsterinsights_sitenote_active":false,"_monsterinsights_sitenote_note":"","_monsterinsights_sitenote_category":0,"_uf_show_specific_survey":0,"_uf_disable_surveys":false},"product_brand":[],"product_cat":[21,28],"product_tag":[],"class_list":{"0":"post-5082","1":"product","2":"type-product","3":"status-publish","4":"has-post-thumbnail","6":"product_cat-tinte","7":"product_cat-zamjenske-tinte","9":"first","10":"instock","11":"taxable","12":"shipping-taxable","13":"purchasable","14":"product-type-simple"},"aioseo_notices":[],"jetpack_sharing_enabled":true,"_links":{"self":[{"href":"https:\/\/tinte-toneri.hr\/en\/wp-json\/wp\/v2\/product\/5082","targetHints":{"allow":["GET"]}}],"collection":[{"href":"https:\/\/tinte-toneri.hr\/en\/wp-json\/wp\/v2\/product"}],"about":[{"href":"https:\/\/tinte-toneri.hr\/en\/wp-json\/wp\/v2\/types\/product"}],"replies":[{"embeddable":true,"href":"https:\/\/tinte-toneri.hr\/en\/wp-json\/wp\/v2\/comments?post=5082"}],"wp:featuredmedia":[{"embeddable":true,"href":"https:\/\/tinte-toneri.hr\/en\/wp-json\/wp\/v2\/media\/6269"}],"wp:attachment":[{"href":"https:\/\/tinte-toneri.hr\/en\/wp-json\/wp\/v2\/media?parent=5082"}],"wp:term":[{"taxonomy":"product_brand","embeddable":true,"href":"https:\/\/tinte-toneri.hr\/en\/wp-json\/wp\/v2\/product_brand?post=5082"},{"taxonomy":"product_cat","embeddable":true,"href":"https:\/\/tinte-toneri.hr\/en\/wp-json\/wp\/v2\/product_cat?post=5082"},{"taxonomy":"product_tag","embeddable":true,"href":"https:\/\/tinte-toneri.hr\/en\/wp-json\/wp\/v2\/product_tag?post=5082"}],"curies":[{"name":"wp","href":"https:\/\/api.w.org\/{rel}","templated":true}]}}