{"id":5135,"date":"2023-03-07T14:45:09","date_gmt":"2023-03-07T14:45:09","guid":{"rendered":"https:\/\/tinte-toneri.hr\/?post_type=product&#038;p=5135"},"modified":"2024-09-17T09:56:58","modified_gmt":"2024-09-17T09:56:58","slug":"tnt-zamjenska-tinta-canon-pg540xl","status":"publish","type":"product","link":"https:\/\/tinte-toneri.hr\/en\/shop\/tinte\/zamjenske-tinte\/tnt-zamjenska-tinta-canon-pg540xl\/","title":{"rendered":"TNT zamjenska tinta Canon PG540XL"},"content":{"rendered":"<p>Upotrijebite na\u0161u vrhunsku zamjensku tintu TNT za Canon PG-540XL Black kako biste osigurali iznimno kvalitetne ispise po pristupa\u010dnoj cijeni. Ova tinta je idealna za Canon pisa\u010de i pru\u017ea izvanredne rezultate u crno-bijelom ispisu za 600 stranica.<\/p>\n<p>&nbsp;<\/p>\n<p>Na\u0161a TNT zamjenska tinta PG-540XL Black je formulirana s vrhunskim pigmentima koji osiguravaju o\u0161tre, jasne i duboke crne boje. Bez obzira na to je li u pitanju tekst, grafika ili fotografija, ova tinta pru\u017ea konzistentne rezultate s visokim stupnjem detalja.<\/p>\n<p>&nbsp;<\/p>\n<p>Pored izvrsne kvalitete ispisa, na\u0161a zamjenska tinta TNT PG-540XL Black je i jednostavna za kori\u0161tenje. Napunite je u svoj Canon pisa\u010d bez napora i nastavite s besprijekornim ispisom. Tinta se lako integrira s va\u0161im pisa\u010dem, osiguravaju\u0107i pouzdane rezultate i minimalne smetnje tijekom ispisa.<\/p>\n<p>&nbsp;<\/p>\n<p>Ova zamjenska tinta TNT PG-540XL Black je pristupa\u010dna alternativa originalnim Canon tintama, bez kompromisa po pitanju kvalitete. U\u0161tedite novac bez gubitka na izvedbi. Uz na\u0161u TNT zamjensku tintu, dobit \u0107ete visokokvalitetne ispise po povoljnoj cijeni.<\/p>\n<p>&nbsp;<\/p>\n<p>Proizvod je kompatibilan sa:<\/p>\n<p>&nbsp;<\/p>\n<p>Canon Pixma MG 2140<\/p>\n<p>Canon Pixma MG 2150<\/p>\n<p>Canon Pixma MG 2250<\/p>\n<p>Canon Pixma MG 2255<\/p>\n<p>Canon Pixma MG 3140<\/p>\n<p>Canon Pixma MG 3150<\/p>\n<p>Canon Pixma MG 3155<\/p>\n<p>Canon Pixma MG 3250<\/p>\n<p>Canon Pixma MG 3255<\/p>\n<p>Canon Pixma MG 3520<\/p>\n<p>Canon Pixma MG 3550<\/p>\n<p>Canon Pixma MG 3550 red<\/p>\n<p>Canon Pixma MG 3550 white<\/p>\n<p>Canon Pixma MG 3600 Series<\/p>\n<p>Canon Pixma MG 3640 S<\/p>\n<p>Canon Pixma MG 3650<\/p>\n<p>Canon Pixma MG 3650 S black<\/p>\n<p>Canon Pixma MG 3650 S red<\/p>\n<p>Canon Pixma MG 3650 S white<\/p>\n<p>Canon Pixma MG 3650 red<\/p>\n<p>Canon Pixma MG 3650 white<\/p>\n<p>Canon Pixma MG 4140<\/p>\n<p>Canon Pixma MG 4150<\/p>\n<p>Canon Pixma MG 4250<\/p>\n<p>Canon Pixma MX 370<\/p>\n<p>Canon Pixma MX 375<\/p>\n<p>Canon Pixma MX 395<\/p>\n<p>Canon Pixma MX 432<\/p>\n<p>Canon Pixma MX 435<\/p>\n<p>Canon Pixma MX 454<\/p>\n<p>Canon Pixma MX 455<\/p>\n<p>Canon Pixma MX 472<\/p>\n<p>Canon Pixma MX 475<\/p>\n<p>Canon Pixma MX 515<\/p>\n<p>Canon Pixma MX 524<\/p>\n<p>Canon Pixma MX 525<\/p>\n<p>Canon Pixma MX 532<\/p>\n<p>Canon Pixma MX 535<\/p>\n<p>Canon Pixma TS 5140<\/p>\n<p>Canon Pixma TS 5150Canon Pixma TS 5151<\/p>","protected":false},"excerpt":{"rendered":"<p>Upotrijebite na\u0161u vrhunsku zamjensku tintu TNT za Canon PG-540XL Black kako biste osigurali iznimno kvalitetne ispise po pristupa\u010dnoj cijeni. Ova tinta je idealna za Canon pisa\u010de i pru\u017ea izvanredne rezultate u crno-bijelom ispisu za 600 stranica. &nbsp; Na\u0161a TNT zamjenska tinta PG-540XL Black je formulirana s vrhunskim pigmentima koji osiguravaju o\u0161tre, jasne i duboke crne [&hellip;]<\/p>\n","protected":false},"featured_media":6269,"comment_status":"open","ping_status":"closed","template":"","meta":{"om_disable_all_campaigns":false,"_monsterinsights_skip_tracking":false,"_monsterinsights_sitenote_active":false,"_monsterinsights_sitenote_note":"","_monsterinsights_sitenote_category":0,"_uf_show_specific_survey":0,"_uf_disable_surveys":false},"product_brand":[],"product_cat":[21,28],"product_tag":[],"class_list":{"0":"post-5135","1":"product","2":"type-product","3":"status-publish","4":"has-post-thumbnail","6":"product_cat-tinte","7":"product_cat-zamjenske-tinte","9":"first","10":"instock","11":"taxable","12":"shipping-taxable","13":"purchasable","14":"product-type-simple"},"aioseo_notices":[],"yoast_head":"<!-- This site is optimized with the Yoast SEO plugin v27.4 - https:\/\/yoast.com\/product\/yoast-seo-wordpress\/ -->\n<title>TNT zamjenska tinta Canon PG540XL - TNT<\/title>\n<meta name=\"robots\" content=\"index, follow, max-snippet:-1, max-image-preview:large, max-video-preview:-1\" \/>\n<link rel=\"canonical\" href=\"https:\/\/tinte-toneri.hr\/en\/shop\/tinte\/zamjenske-tinte\/tnt-zamjenska-tinta-canon-pg540xl\/\" \/>\n<meta property=\"og:locale\" content=\"en_US\" \/>\n<meta property=\"og:type\" content=\"article\" \/>\n<meta property=\"og:title\" content=\"TNT zamjenska tinta Canon PG540XL - TNT\" \/>\n<meta property=\"og:description\" content=\"Upotrijebite na\u0161u vrhunsku zamjensku tintu TNT za Canon PG-540XL Black kako biste osigurali iznimno kvalitetne ispise po pristupa\u010dnoj cijeni. Ova tinta je idealna za Canon pisa\u010de i pru\u017ea izvanredne rezultate u crno-bijelom ispisu za 600 stranica. &nbsp; Na\u0161a TNT zamjenska tinta PG-540XL Black je formulirana s vrhunskim pigmentima koji osiguravaju o\u0161tre, jasne i duboke crne [&hellip;]\" \/>\n<meta property=\"og:url\" content=\"https:\/\/tinte-toneri.hr\/en\/shop\/tinte\/zamjenske-tinte\/tnt-zamjenska-tinta-canon-pg540xl\/\" \/>\n<meta property=\"og:site_name\" content=\"TNT\" \/>\n<meta property=\"article:modified_time\" content=\"2024-09-17T09:56:58+00:00\" \/>\n<meta property=\"og:image\" content=\"https:\/\/tinte-toneri.hr\/wp-content\/uploads\/2023\/12\/Zamjenska-tinta-black-768x1024.png\" \/>\n\t<meta property=\"og:image:width\" content=\"768\" \/>\n\t<meta property=\"og:image:height\" content=\"1024\" \/>\n\t<meta property=\"og:image:type\" content=\"image\/png\" \/>\n<meta name=\"twitter:card\" content=\"summary_large_image\" \/>\n<meta name=\"twitter:label1\" content=\"Est. reading time\" \/>\n\t<meta name=\"twitter:data1\" content=\"2 minutes\" \/>\n<script type=\"application\/ld+json\" class=\"yoast-schema-graph\">{\"@context\":\"https:\\\/\\\/schema.org\",\"@graph\":[{\"@type\":\"WebPage\",\"@id\":\"https:\\\/\\\/tinte-toneri.hr\\\/shop\\\/tinte\\\/zamjenske-tinte\\\/tnt-zamjenska-tinta-canon-pg540xl\\\/\",\"url\":\"https:\\\/\\\/tinte-toneri.hr\\\/shop\\\/tinte\\\/zamjenske-tinte\\\/tnt-zamjenska-tinta-canon-pg540xl\\\/\",\"name\":\"TNT zamjenska tinta Canon PG540XL - TNT\",\"isPartOf\":{\"@id\":\"https:\\\/\\\/tinte-toneri.hr\\\/#website\"},\"primaryImageOfPage\":{\"@id\":\"https:\\\/\\\/tinte-toneri.hr\\\/shop\\\/tinte\\\/zamjenske-tinte\\\/tnt-zamjenska-tinta-canon-pg540xl\\\/#primaryimage\"},\"image\":{\"@id\":\"https:\\\/\\\/tinte-toneri.hr\\\/shop\\\/tinte\\\/zamjenske-tinte\\\/tnt-zamjenska-tinta-canon-pg540xl\\\/#primaryimage\"},\"thumbnailUrl\":\"https:\\\/\\\/tinte-toneri.hr\\\/wp-content\\\/uploads\\\/2023\\\/12\\\/Zamjenska-tinta-black.png\",\"datePublished\":\"2023-03-07T14:45:09+00:00\",\"dateModified\":\"2024-09-17T09:56:58+00:00\",\"breadcrumb\":{\"@id\":\"https:\\\/\\\/tinte-toneri.hr\\\/shop\\\/tinte\\\/zamjenske-tinte\\\/tnt-zamjenska-tinta-canon-pg540xl\\\/#breadcrumb\"},\"inLanguage\":\"en-US\",\"potentialAction\":[{\"@type\":\"ReadAction\",\"target\":[\"https:\\\/\\\/tinte-toneri.hr\\\/shop\\\/tinte\\\/zamjenske-tinte\\\/tnt-zamjenska-tinta-canon-pg540xl\\\/\"]}]},{\"@type\":\"ImageObject\",\"inLanguage\":\"en-US\",\"@id\":\"https:\\\/\\\/tinte-toneri.hr\\\/shop\\\/tinte\\\/zamjenske-tinte\\\/tnt-zamjenska-tinta-canon-pg540xl\\\/#primaryimage\",\"url\":\"https:\\\/\\\/tinte-toneri.hr\\\/wp-content\\\/uploads\\\/2023\\\/12\\\/Zamjenska-tinta-black.png\",\"contentUrl\":\"https:\\\/\\\/tinte-toneri.hr\\\/wp-content\\\/uploads\\\/2023\\\/12\\\/Zamjenska-tinta-black.png\",\"width\":3000,\"height\":4000},{\"@type\":\"BreadcrumbList\",\"@id\":\"https:\\\/\\\/tinte-toneri.hr\\\/shop\\\/tinte\\\/zamjenske-tinte\\\/tnt-zamjenska-tinta-canon-pg540xl\\\/#breadcrumb\",\"itemListElement\":[{\"@type\":\"ListItem\",\"position\":1,\"name\":\"Po\u010detna stranica\",\"item\":\"https:\\\/\\\/tinte-toneri.hr\\\/\"},{\"@type\":\"ListItem\",\"position\":2,\"name\":\"Shop\",\"item\":\"https:\\\/\\\/tinte-toneri.hr\\\/shop\\\/\"},{\"@type\":\"ListItem\",\"position\":3,\"name\":\"TNT zamjenska tinta Canon PG540XL\"}]},{\"@type\":\"WebSite\",\"@id\":\"https:\\\/\\\/tinte-toneri.hr\\\/#website\",\"url\":\"https:\\\/\\\/tinte-toneri.hr\\\/\",\"name\":\"TNT\",\"description\":\"Tinte i toneri\",\"publisher\":{\"@id\":\"https:\\\/\\\/tinte-toneri.hr\\\/#organization\"},\"potentialAction\":[{\"@type\":\"SearchAction\",\"target\":{\"@type\":\"EntryPoint\",\"urlTemplate\":\"https:\\\/\\\/tinte-toneri.hr\\\/?s={search_term_string}\"},\"query-input\":{\"@type\":\"PropertyValueSpecification\",\"valueRequired\":true,\"valueName\":\"search_term_string\"}}],\"inLanguage\":\"en-US\"},{\"@type\":\"Organization\",\"@id\":\"https:\\\/\\\/tinte-toneri.hr\\\/#organization\",\"name\":\"TNT Global\",\"url\":\"https:\\\/\\\/tinte-toneri.hr\\\/\",\"logo\":{\"@type\":\"ImageObject\",\"inLanguage\":\"en-US\",\"@id\":\"https:\\\/\\\/tinte-toneri.hr\\\/#\\\/schema\\\/logo\\\/image\\\/\",\"url\":\"https:\\\/\\\/tinte-toneri.hr\\\/wp-content\\\/uploads\\\/2023\\\/10\\\/cropped-Logo1-removebg.png\",\"contentUrl\":\"https:\\\/\\\/tinte-toneri.hr\\\/wp-content\\\/uploads\\\/2023\\\/10\\\/cropped-Logo1-removebg.png\",\"width\":2124,\"height\":2129,\"caption\":\"TNT Global\"},\"image\":{\"@id\":\"https:\\\/\\\/tinte-toneri.hr\\\/#\\\/schema\\\/logo\\\/image\\\/\"}}]}<\/script>\n<!-- \/ Yoast SEO plugin. -->","yoast_head_json":{"title":"TNT zamjenska tinta Canon PG540XL - TNT","robots":{"index":"index","follow":"follow","max-snippet":"max-snippet:-1","max-image-preview":"max-image-preview:large","max-video-preview":"max-video-preview:-1"},"canonical":"https:\/\/tinte-toneri.hr\/en\/shop\/tinte\/zamjenske-tinte\/tnt-zamjenska-tinta-canon-pg540xl\/","og_locale":"en_US","og_type":"article","og_title":"TNT zamjenska tinta Canon PG540XL - TNT","og_description":"Upotrijebite na\u0161u vrhunsku zamjensku tintu TNT za Canon PG-540XL Black kako biste osigurali iznimno kvalitetne ispise po pristupa\u010dnoj cijeni. Ova tinta je idealna za Canon pisa\u010de i pru\u017ea izvanredne rezultate u crno-bijelom ispisu za 600 stranica. &nbsp; Na\u0161a TNT zamjenska tinta PG-540XL Black je formulirana s vrhunskim pigmentima koji osiguravaju o\u0161tre, jasne i duboke crne [&hellip;]","og_url":"https:\/\/tinte-toneri.hr\/en\/shop\/tinte\/zamjenske-tinte\/tnt-zamjenska-tinta-canon-pg540xl\/","og_site_name":"TNT","article_modified_time":"2024-09-17T09:56:58+00:00","og_image":[{"width":768,"height":1024,"url":"https:\/\/tinte-toneri.hr\/wp-content\/uploads\/2023\/12\/Zamjenska-tinta-black-768x1024.png","type":"image\/png"}],"twitter_card":"summary_large_image","twitter_misc":{"Est. reading time":"2 minutes"},"schema":{"@context":"https:\/\/schema.org","@graph":[{"@type":"WebPage","@id":"https:\/\/tinte-toneri.hr\/shop\/tinte\/zamjenske-tinte\/tnt-zamjenska-tinta-canon-pg540xl\/","url":"https:\/\/tinte-toneri.hr\/shop\/tinte\/zamjenske-tinte\/tnt-zamjenska-tinta-canon-pg540xl\/","name":"TNT zamjenska tinta Canon PG540XL - TNT","isPartOf":{"@id":"https:\/\/tinte-toneri.hr\/#website"},"primaryImageOfPage":{"@id":"https:\/\/tinte-toneri.hr\/shop\/tinte\/zamjenske-tinte\/tnt-zamjenska-tinta-canon-pg540xl\/#primaryimage"},"image":{"@id":"https:\/\/tinte-toneri.hr\/shop\/tinte\/zamjenske-tinte\/tnt-zamjenska-tinta-canon-pg540xl\/#primaryimage"},"thumbnailUrl":"https:\/\/tinte-toneri.hr\/wp-content\/uploads\/2023\/12\/Zamjenska-tinta-black.png","datePublished":"2023-03-07T14:45:09+00:00","dateModified":"2024-09-17T09:56:58+00:00","breadcrumb":{"@id":"https:\/\/tinte-toneri.hr\/shop\/tinte\/zamjenske-tinte\/tnt-zamjenska-tinta-canon-pg540xl\/#breadcrumb"},"inLanguage":"en-US","potentialAction":[{"@type":"ReadAction","target":["https:\/\/tinte-toneri.hr\/shop\/tinte\/zamjenske-tinte\/tnt-zamjenska-tinta-canon-pg540xl\/"]}]},{"@type":"ImageObject","inLanguage":"en-US","@id":"https:\/\/tinte-toneri.hr\/shop\/tinte\/zamjenske-tinte\/tnt-zamjenska-tinta-canon-pg540xl\/#primaryimage","url":"https:\/\/tinte-toneri.hr\/wp-content\/uploads\/2023\/12\/Zamjenska-tinta-black.png","contentUrl":"https:\/\/tinte-toneri.hr\/wp-content\/uploads\/2023\/12\/Zamjenska-tinta-black.png","width":3000,"height":4000},{"@type":"BreadcrumbList","@id":"https:\/\/tinte-toneri.hr\/shop\/tinte\/zamjenske-tinte\/tnt-zamjenska-tinta-canon-pg540xl\/#breadcrumb","itemListElement":[{"@type":"ListItem","position":1,"name":"Po\u010detna stranica","item":"https:\/\/tinte-toneri.hr\/"},{"@type":"ListItem","position":2,"name":"Shop","item":"https:\/\/tinte-toneri.hr\/shop\/"},{"@type":"ListItem","position":3,"name":"TNT zamjenska tinta Canon PG540XL"}]},{"@type":"WebSite","@id":"https:\/\/tinte-toneri.hr\/#website","url":"https:\/\/tinte-toneri.hr\/","name":"TNT","description":"Tinte i toneri","publisher":{"@id":"https:\/\/tinte-toneri.hr\/#organization"},"potentialAction":[{"@type":"SearchAction","target":{"@type":"EntryPoint","urlTemplate":"https:\/\/tinte-toneri.hr\/?s={search_term_string}"},"query-input":{"@type":"PropertyValueSpecification","valueRequired":true,"valueName":"search_term_string"}}],"inLanguage":"en-US"},{"@type":"Organization","@id":"https:\/\/tinte-toneri.hr\/#organization","name":"TNT Global","url":"https:\/\/tinte-toneri.hr\/","logo":{"@type":"ImageObject","inLanguage":"en-US","@id":"https:\/\/tinte-toneri.hr\/#\/schema\/logo\/image\/","url":"https:\/\/tinte-toneri.hr\/wp-content\/uploads\/2023\/10\/cropped-Logo1-removebg.png","contentUrl":"https:\/\/tinte-toneri.hr\/wp-content\/uploads\/2023\/10\/cropped-Logo1-removebg.png","width":2124,"height":2129,"caption":"TNT Global"},"image":{"@id":"https:\/\/tinte-toneri.hr\/#\/schema\/logo\/image\/"}}]}},"jetpack_sharing_enabled":true,"_links":{"self":[{"href":"https:\/\/tinte-toneri.hr\/en\/wp-json\/wp\/v2\/product\/5135","targetHints":{"allow":["GET"]}}],"collection":[{"href":"https:\/\/tinte-toneri.hr\/en\/wp-json\/wp\/v2\/product"}],"about":[{"href":"https:\/\/tinte-toneri.hr\/en\/wp-json\/wp\/v2\/types\/product"}],"replies":[{"embeddable":true,"href":"https:\/\/tinte-toneri.hr\/en\/wp-json\/wp\/v2\/comments?post=5135"}],"wp:featuredmedia":[{"embeddable":true,"href":"https:\/\/tinte-toneri.hr\/en\/wp-json\/wp\/v2\/media\/6269"}],"wp:attachment":[{"href":"https:\/\/tinte-toneri.hr\/en\/wp-json\/wp\/v2\/media?parent=5135"}],"wp:term":[{"taxonomy":"product_brand","embeddable":true,"href":"https:\/\/tinte-toneri.hr\/en\/wp-json\/wp\/v2\/product_brand?post=5135"},{"taxonomy":"product_cat","embeddable":true,"href":"https:\/\/tinte-toneri.hr\/en\/wp-json\/wp\/v2\/product_cat?post=5135"},{"taxonomy":"product_tag","embeddable":true,"href":"https:\/\/tinte-toneri.hr\/en\/wp-json\/wp\/v2\/product_tag?post=5135"}],"curies":[{"name":"wp","href":"https:\/\/api.w.org\/{rel}","templated":true}]}}