{"id":5137,"date":"2023-03-07T14:45:16","date_gmt":"2023-03-07T14:45:16","guid":{"rendered":"https:\/\/tinte-toneri.hr\/?post_type=product&#038;p=5137"},"modified":"2024-09-23T06:50:55","modified_gmt":"2024-09-23T06:50:55","slug":"tnt-zamjenski-toner-lexmark-e120-12016se","status":"publish","type":"product","link":"https:\/\/tinte-toneri.hr\/en\/shop\/toneri\/zamjenski-toneri\/tnt-zamjenski-toner-lexmark-e120-12016se\/","title":{"rendered":"TNT zamjenski toner Lexmark E120 (12016SE)"},"content":{"rendered":"<p>Zamjenski toner Lexmark E120 (12016SE) je visokokvalitetni toner koji je kompatibilan s Lexmark laserskim pisa\u010dima. Ovaj toner osigurava iznimnu kvalitetu ispisa, s bogatim crnim bojama i o\u0161trim detaljima koji \u0107e impresionirati va\u0161e klijente ili korisnike.<\/p>\n<p>&nbsp;<\/p>\n<p>Kori\u0161tenje ovog zamjenskog tonera Lexmark E120 (12016SE) omogu\u0107it \u0107e vam da izvu\u010dete maksimum iz va\u0161eg Lexmark laserskog pisa\u010da, bez obzira koristite li ga u poslovnom ili ku\u0107nom okru\u017eenju. Ovaj toner je jednostavan za instalaciju i koristi se jednako jednostavno kao i originalni Lexmark toner.<\/p>\n<p>&nbsp;<\/p>\n<p>Zamjenski toner Lexmark E120 (12016SE) je izuzetno izdr\u017eljiv i pru\u017ea vam dugotrajnu u\u010dinkovitost s izvrsnom razinom ispisne sposobnosti. Ovaj toner nudi vam visoku razinu pouzdanosti i performansi, \u0161to zna\u010di da \u0107e vam va\u0161i dokumenti biti ispisani brzo, bez mrlja i sa savr\u0161enom \u010disto\u0107om.<\/p>\n<p>&nbsp;<\/p>\n<p>Svakako biste trebali razmotriti zamjenu svog postoje\u0107eg tonera s ovim zamjenskim tonerom Lexmark E120 (12016SE) kako biste dobili vrhunske performanse po povoljnoj cijeni. To je izvrsna opcija za bilo koju tvrtku ili pojedinca koji tra\u017ee toner koji \u0107e im omogu\u0107iti visokokvalitetne ispisne mogu\u0107nosti bez skupih tro\u0161kova. Naru\u010dite svoj toner ve\u0107 danas i u\u017eivajte u vrhunskoj kvaliteti ispisa uz u\u0161tedu novca.<\/p>\n<p>&nbsp;<\/p>\n<p>Zamjenski toner Lexmark E120 (12016SE) je kompatibilan sa:<\/p>\n<p>&nbsp;<\/p>\n<p>Lexmark E 120, 120 N, 120 Series<\/p>\n<p>Optra E 120, 120 N, 120 Series<\/p>\n<p>&nbsp;<\/p>","protected":false},"excerpt":{"rendered":"<p>Zamjenski toner Lexmark E120 (12016SE) je visokokvalitetni toner koji je kompatibilan s Lexmark laserskim pisa\u010dima. Ovaj toner osigurava iznimnu kvalitetu ispisa, s bogatim crnim bojama i o\u0161trim detaljima koji \u0107e impresionirati va\u0161e klijente ili korisnike. &nbsp; Kori\u0161tenje ovog zamjenskog tonera Lexmark E120 (12016SE) omogu\u0107it \u0107e vam da izvu\u010dete maksimum iz va\u0161eg Lexmark laserskog pisa\u010da, bez [&hellip;]<\/p>\n","protected":false},"featured_media":6264,"comment_status":"open","ping_status":"closed","template":"","meta":{"om_disable_all_campaigns":false,"_monsterinsights_skip_tracking":false,"_monsterinsights_sitenote_active":false,"_monsterinsights_sitenote_note":"","_monsterinsights_sitenote_category":0,"_uf_show_specific_survey":0,"_uf_disable_surveys":false},"product_brand":[],"product_cat":[22,24],"product_tag":[],"class_list":{"0":"post-5137","1":"product","2":"type-product","3":"status-publish","4":"has-post-thumbnail","6":"product_cat-toneri","7":"product_cat-zamjenski-toneri","9":"first","10":"instock","11":"taxable","12":"shipping-taxable","13":"purchasable","14":"product-type-simple"},"aioseo_notices":[],"yoast_head":"<!-- This site is optimized with the Yoast SEO plugin v27.4 - https:\/\/yoast.com\/product\/yoast-seo-wordpress\/ -->\n<title>TNT zamjenski toner Lexmark E120 (12016SE) - TNT<\/title>\n<meta name=\"description\" content=\"TNT zamjenski toner Lexmark E120 (12016SE) za: Lexmark E 120 - Lexmark E 120 N- Lexmark Optra E 120- Lexmark Optra E 120 N ...\" \/>\n<meta name=\"robots\" content=\"index, follow, max-snippet:-1, max-image-preview:large, max-video-preview:-1\" \/>\n<link rel=\"canonical\" href=\"https:\/\/tinte-toneri.hr\/en\/shop\/toneri\/zamjenski-toneri\/tnt-zamjenski-toner-lexmark-e120-12016se\/\" \/>\n<meta property=\"og:locale\" content=\"en_US\" \/>\n<meta property=\"og:type\" content=\"article\" \/>\n<meta property=\"og:title\" content=\"TNT zamjenski toner Lexmark E120 (12016SE) - TNT\" \/>\n<meta property=\"og:description\" content=\"TNT zamjenski toner Lexmark E120 (12016SE) za: Lexmark E 120 - Lexmark E 120 N- Lexmark Optra E 120- Lexmark Optra E 120 N ...\" \/>\n<meta property=\"og:url\" content=\"https:\/\/tinte-toneri.hr\/en\/shop\/toneri\/zamjenski-toneri\/tnt-zamjenski-toner-lexmark-e120-12016se\/\" \/>\n<meta property=\"og:site_name\" content=\"TNT\" \/>\n<meta property=\"article:modified_time\" content=\"2024-09-23T06:50:55+00:00\" \/>\n<meta property=\"og:image\" content=\"https:\/\/tinte-toneri.hr\/wp-content\/uploads\/2023\/12\/Zamjenski-toner-black.png\" \/>\n\t<meta property=\"og:image:width\" content=\"2022\" \/>\n\t<meta property=\"og:image:height\" content=\"1376\" \/>\n\t<meta property=\"og:image:type\" content=\"image\/png\" \/>\n<meta name=\"twitter:card\" content=\"summary_large_image\" \/>\n<meta name=\"twitter:label1\" content=\"Est. reading time\" \/>\n\t<meta name=\"twitter:data1\" content=\"2 minutes\" \/>\n<script type=\"application\/ld+json\" class=\"yoast-schema-graph\">{\"@context\":\"https:\\\/\\\/schema.org\",\"@graph\":[{\"@type\":\"WebPage\",\"@id\":\"https:\\\/\\\/tinte-toneri.hr\\\/shop\\\/toneri\\\/zamjenski-toneri\\\/tnt-zamjenski-toner-lexmark-e120-12016se\\\/\",\"url\":\"https:\\\/\\\/tinte-toneri.hr\\\/shop\\\/toneri\\\/zamjenski-toneri\\\/tnt-zamjenski-toner-lexmark-e120-12016se\\\/\",\"name\":\"TNT zamjenski toner Lexmark E120 (12016SE) - TNT\",\"isPartOf\":{\"@id\":\"https:\\\/\\\/tinte-toneri.hr\\\/#website\"},\"primaryImageOfPage\":{\"@id\":\"https:\\\/\\\/tinte-toneri.hr\\\/shop\\\/toneri\\\/zamjenski-toneri\\\/tnt-zamjenski-toner-lexmark-e120-12016se\\\/#primaryimage\"},\"image\":{\"@id\":\"https:\\\/\\\/tinte-toneri.hr\\\/shop\\\/toneri\\\/zamjenski-toneri\\\/tnt-zamjenski-toner-lexmark-e120-12016se\\\/#primaryimage\"},\"thumbnailUrl\":\"https:\\\/\\\/tinte-toneri.hr\\\/wp-content\\\/uploads\\\/2023\\\/12\\\/Zamjenski-toner-black.png\",\"datePublished\":\"2023-03-07T14:45:16+00:00\",\"dateModified\":\"2024-09-23T06:50:55+00:00\",\"description\":\"TNT zamjenski toner Lexmark E120 (12016SE) za: Lexmark E 120 - Lexmark E 120 N- Lexmark Optra E 120- Lexmark Optra E 120 N ...\",\"breadcrumb\":{\"@id\":\"https:\\\/\\\/tinte-toneri.hr\\\/shop\\\/toneri\\\/zamjenski-toneri\\\/tnt-zamjenski-toner-lexmark-e120-12016se\\\/#breadcrumb\"},\"inLanguage\":\"en-US\",\"potentialAction\":[{\"@type\":\"ReadAction\",\"target\":[\"https:\\\/\\\/tinte-toneri.hr\\\/shop\\\/toneri\\\/zamjenski-toneri\\\/tnt-zamjenski-toner-lexmark-e120-12016se\\\/\"]}]},{\"@type\":\"ImageObject\",\"inLanguage\":\"en-US\",\"@id\":\"https:\\\/\\\/tinte-toneri.hr\\\/shop\\\/toneri\\\/zamjenski-toneri\\\/tnt-zamjenski-toner-lexmark-e120-12016se\\\/#primaryimage\",\"url\":\"https:\\\/\\\/tinte-toneri.hr\\\/wp-content\\\/uploads\\\/2023\\\/12\\\/Zamjenski-toner-black.png\",\"contentUrl\":\"https:\\\/\\\/tinte-toneri.hr\\\/wp-content\\\/uploads\\\/2023\\\/12\\\/Zamjenski-toner-black.png\",\"width\":2022,\"height\":1376},{\"@type\":\"BreadcrumbList\",\"@id\":\"https:\\\/\\\/tinte-toneri.hr\\\/shop\\\/toneri\\\/zamjenski-toneri\\\/tnt-zamjenski-toner-lexmark-e120-12016se\\\/#breadcrumb\",\"itemListElement\":[{\"@type\":\"ListItem\",\"position\":1,\"name\":\"Po\u010detna stranica\",\"item\":\"https:\\\/\\\/tinte-toneri.hr\\\/\"},{\"@type\":\"ListItem\",\"position\":2,\"name\":\"Shop\",\"item\":\"https:\\\/\\\/tinte-toneri.hr\\\/shop\\\/\"},{\"@type\":\"ListItem\",\"position\":3,\"name\":\"TNT zamjenski toner Lexmark E120 (12016SE)\"}]},{\"@type\":\"WebSite\",\"@id\":\"https:\\\/\\\/tinte-toneri.hr\\\/#website\",\"url\":\"https:\\\/\\\/tinte-toneri.hr\\\/\",\"name\":\"TNT\",\"description\":\"Tinte i toneri\",\"publisher\":{\"@id\":\"https:\\\/\\\/tinte-toneri.hr\\\/#organization\"},\"potentialAction\":[{\"@type\":\"SearchAction\",\"target\":{\"@type\":\"EntryPoint\",\"urlTemplate\":\"https:\\\/\\\/tinte-toneri.hr\\\/?s={search_term_string}\"},\"query-input\":{\"@type\":\"PropertyValueSpecification\",\"valueRequired\":true,\"valueName\":\"search_term_string\"}}],\"inLanguage\":\"en-US\"},{\"@type\":\"Organization\",\"@id\":\"https:\\\/\\\/tinte-toneri.hr\\\/#organization\",\"name\":\"TNT Global\",\"url\":\"https:\\\/\\\/tinte-toneri.hr\\\/\",\"logo\":{\"@type\":\"ImageObject\",\"inLanguage\":\"en-US\",\"@id\":\"https:\\\/\\\/tinte-toneri.hr\\\/#\\\/schema\\\/logo\\\/image\\\/\",\"url\":\"https:\\\/\\\/tinte-toneri.hr\\\/wp-content\\\/uploads\\\/2023\\\/10\\\/cropped-Logo1-removebg.png\",\"contentUrl\":\"https:\\\/\\\/tinte-toneri.hr\\\/wp-content\\\/uploads\\\/2023\\\/10\\\/cropped-Logo1-removebg.png\",\"width\":2124,\"height\":2129,\"caption\":\"TNT Global\"},\"image\":{\"@id\":\"https:\\\/\\\/tinte-toneri.hr\\\/#\\\/schema\\\/logo\\\/image\\\/\"}}]}<\/script>\n<!-- \/ Yoast SEO plugin. -->","yoast_head_json":{"title":"TNT zamjenski toner Lexmark E120 (12016SE) - TNT","description":"TNT zamjenski toner Lexmark E120 (12016SE) za: Lexmark E 120 - Lexmark E 120 N- Lexmark Optra E 120- Lexmark Optra E 120 N ...","robots":{"index":"index","follow":"follow","max-snippet":"max-snippet:-1","max-image-preview":"max-image-preview:large","max-video-preview":"max-video-preview:-1"},"canonical":"https:\/\/tinte-toneri.hr\/en\/shop\/toneri\/zamjenski-toneri\/tnt-zamjenski-toner-lexmark-e120-12016se\/","og_locale":"en_US","og_type":"article","og_title":"TNT zamjenski toner Lexmark E120 (12016SE) - TNT","og_description":"TNT zamjenski toner Lexmark E120 (12016SE) za: Lexmark E 120 - Lexmark E 120 N- Lexmark Optra E 120- Lexmark Optra E 120 N ...","og_url":"https:\/\/tinte-toneri.hr\/en\/shop\/toneri\/zamjenski-toneri\/tnt-zamjenski-toner-lexmark-e120-12016se\/","og_site_name":"TNT","article_modified_time":"2024-09-23T06:50:55+00:00","og_image":[{"width":2022,"height":1376,"url":"https:\/\/tinte-toneri.hr\/wp-content\/uploads\/2023\/12\/Zamjenski-toner-black.png","type":"image\/png"}],"twitter_card":"summary_large_image","twitter_misc":{"Est. reading time":"2 minutes"},"schema":{"@context":"https:\/\/schema.org","@graph":[{"@type":"WebPage","@id":"https:\/\/tinte-toneri.hr\/shop\/toneri\/zamjenski-toneri\/tnt-zamjenski-toner-lexmark-e120-12016se\/","url":"https:\/\/tinte-toneri.hr\/shop\/toneri\/zamjenski-toneri\/tnt-zamjenski-toner-lexmark-e120-12016se\/","name":"TNT zamjenski toner Lexmark E120 (12016SE) - TNT","isPartOf":{"@id":"https:\/\/tinte-toneri.hr\/#website"},"primaryImageOfPage":{"@id":"https:\/\/tinte-toneri.hr\/shop\/toneri\/zamjenski-toneri\/tnt-zamjenski-toner-lexmark-e120-12016se\/#primaryimage"},"image":{"@id":"https:\/\/tinte-toneri.hr\/shop\/toneri\/zamjenski-toneri\/tnt-zamjenski-toner-lexmark-e120-12016se\/#primaryimage"},"thumbnailUrl":"https:\/\/tinte-toneri.hr\/wp-content\/uploads\/2023\/12\/Zamjenski-toner-black.png","datePublished":"2023-03-07T14:45:16+00:00","dateModified":"2024-09-23T06:50:55+00:00","description":"TNT zamjenski toner Lexmark E120 (12016SE) za: Lexmark E 120 - Lexmark E 120 N- Lexmark Optra E 120- Lexmark Optra E 120 N ...","breadcrumb":{"@id":"https:\/\/tinte-toneri.hr\/shop\/toneri\/zamjenski-toneri\/tnt-zamjenski-toner-lexmark-e120-12016se\/#breadcrumb"},"inLanguage":"en-US","potentialAction":[{"@type":"ReadAction","target":["https:\/\/tinte-toneri.hr\/shop\/toneri\/zamjenski-toneri\/tnt-zamjenski-toner-lexmark-e120-12016se\/"]}]},{"@type":"ImageObject","inLanguage":"en-US","@id":"https:\/\/tinte-toneri.hr\/shop\/toneri\/zamjenski-toneri\/tnt-zamjenski-toner-lexmark-e120-12016se\/#primaryimage","url":"https:\/\/tinte-toneri.hr\/wp-content\/uploads\/2023\/12\/Zamjenski-toner-black.png","contentUrl":"https:\/\/tinte-toneri.hr\/wp-content\/uploads\/2023\/12\/Zamjenski-toner-black.png","width":2022,"height":1376},{"@type":"BreadcrumbList","@id":"https:\/\/tinte-toneri.hr\/shop\/toneri\/zamjenski-toneri\/tnt-zamjenski-toner-lexmark-e120-12016se\/#breadcrumb","itemListElement":[{"@type":"ListItem","position":1,"name":"Po\u010detna stranica","item":"https:\/\/tinte-toneri.hr\/"},{"@type":"ListItem","position":2,"name":"Shop","item":"https:\/\/tinte-toneri.hr\/shop\/"},{"@type":"ListItem","position":3,"name":"TNT zamjenski toner Lexmark E120 (12016SE)"}]},{"@type":"WebSite","@id":"https:\/\/tinte-toneri.hr\/#website","url":"https:\/\/tinte-toneri.hr\/","name":"TNT","description":"Tinte i toneri","publisher":{"@id":"https:\/\/tinte-toneri.hr\/#organization"},"potentialAction":[{"@type":"SearchAction","target":{"@type":"EntryPoint","urlTemplate":"https:\/\/tinte-toneri.hr\/?s={search_term_string}"},"query-input":{"@type":"PropertyValueSpecification","valueRequired":true,"valueName":"search_term_string"}}],"inLanguage":"en-US"},{"@type":"Organization","@id":"https:\/\/tinte-toneri.hr\/#organization","name":"TNT Global","url":"https:\/\/tinte-toneri.hr\/","logo":{"@type":"ImageObject","inLanguage":"en-US","@id":"https:\/\/tinte-toneri.hr\/#\/schema\/logo\/image\/","url":"https:\/\/tinte-toneri.hr\/wp-content\/uploads\/2023\/10\/cropped-Logo1-removebg.png","contentUrl":"https:\/\/tinte-toneri.hr\/wp-content\/uploads\/2023\/10\/cropped-Logo1-removebg.png","width":2124,"height":2129,"caption":"TNT Global"},"image":{"@id":"https:\/\/tinte-toneri.hr\/#\/schema\/logo\/image\/"}}]}},"jetpack_sharing_enabled":true,"_links":{"self":[{"href":"https:\/\/tinte-toneri.hr\/en\/wp-json\/wp\/v2\/product\/5137","targetHints":{"allow":["GET"]}}],"collection":[{"href":"https:\/\/tinte-toneri.hr\/en\/wp-json\/wp\/v2\/product"}],"about":[{"href":"https:\/\/tinte-toneri.hr\/en\/wp-json\/wp\/v2\/types\/product"}],"replies":[{"embeddable":true,"href":"https:\/\/tinte-toneri.hr\/en\/wp-json\/wp\/v2\/comments?post=5137"}],"wp:featuredmedia":[{"embeddable":true,"href":"https:\/\/tinte-toneri.hr\/en\/wp-json\/wp\/v2\/media\/6264"}],"wp:attachment":[{"href":"https:\/\/tinte-toneri.hr\/en\/wp-json\/wp\/v2\/media?parent=5137"}],"wp:term":[{"taxonomy":"product_brand","embeddable":true,"href":"https:\/\/tinte-toneri.hr\/en\/wp-json\/wp\/v2\/product_brand?post=5137"},{"taxonomy":"product_cat","embeddable":true,"href":"https:\/\/tinte-toneri.hr\/en\/wp-json\/wp\/v2\/product_cat?post=5137"},{"taxonomy":"product_tag","embeddable":true,"href":"https:\/\/tinte-toneri.hr\/en\/wp-json\/wp\/v2\/product_tag?post=5137"}],"curies":[{"name":"wp","href":"https:\/\/api.w.org\/{rel}","templated":true}]}}