{"id":5147,"date":"2023-03-07T14:45:17","date_gmt":"2023-03-07T14:45:17","guid":{"rendered":"https:\/\/tinte-toneri.hr\/?post_type=product&#038;p=5147"},"modified":"2024-09-23T06:50:54","modified_gmt":"2024-09-23T06:50:54","slug":"tnt-zamjenski-toner-lexmark-x340-x342-x344-x340h11g-6k","status":"publish","type":"product","link":"https:\/\/tinte-toneri.hr\/en\/shop\/toneri\/zamjenski-toneri\/tnt-zamjenski-toner-lexmark-x340-x342-x344-x340h11g-6k\/","title":{"rendered":"TNT zamjenski toner Lexmark X340 \/ X342 \/ X344 (X340H11G) 6k"},"content":{"rendered":"<p>TNT zamjenski toner Lexmark X340 \/ X342 \/ X344 (X340H11G) 6k deklariran je za ispis 6000 stranica uz popunjenost stranice od 5%. Toner Lexmark X340 \/ X342 \/ X344 (X340H11G) 6k dostupan je na na\u0161em skladi\u0161tu, uz rok isporuke od 2 radna dana na Va\u0161u adresu, putem kurirske slu\u017ebe DPD. Mo\u017eete ga vratiti u roku od 14 dana ukoliko niste zadovoljni ili ste se predomislili oko kupnje proizvoda.<\/p>","protected":false},"excerpt":{"rendered":"<p>TNT zamjenski toner Lexmark X340 \/ X342 \/ X344 (X340H11G) 6k deklariran je za ispis 6000 stranica uz popunjenost stranice od 5%. Toner Lexmark X340 \/ X342 \/ X344 (X340H11G) 6k dostupan je na na\u0161em skladi\u0161tu, uz rok isporuke od 2 radna dana na Va\u0161u adresu, putem kurirske slu\u017ebe DPD. Mo\u017eete ga vratiti u roku [&hellip;]<\/p>\n","protected":false},"featured_media":6264,"comment_status":"open","ping_status":"closed","template":"","meta":{"om_disable_all_campaigns":false,"_monsterinsights_skip_tracking":false,"_monsterinsights_sitenote_active":false,"_monsterinsights_sitenote_note":"","_monsterinsights_sitenote_category":0,"_uf_show_specific_survey":0,"_uf_disable_surveys":false},"product_brand":[],"product_cat":[22,24],"product_tag":[],"class_list":{"0":"post-5147","1":"product","2":"type-product","3":"status-publish","4":"has-post-thumbnail","6":"product_cat-toneri","7":"product_cat-zamjenski-toneri","9":"first","10":"instock","11":"taxable","12":"shipping-taxable","13":"purchasable","14":"product-type-simple"},"aioseo_notices":[],"jetpack_sharing_enabled":true,"_links":{"self":[{"href":"https:\/\/tinte-toneri.hr\/en\/wp-json\/wp\/v2\/product\/5147","targetHints":{"allow":["GET"]}}],"collection":[{"href":"https:\/\/tinte-toneri.hr\/en\/wp-json\/wp\/v2\/product"}],"about":[{"href":"https:\/\/tinte-toneri.hr\/en\/wp-json\/wp\/v2\/types\/product"}],"replies":[{"embeddable":true,"href":"https:\/\/tinte-toneri.hr\/en\/wp-json\/wp\/v2\/comments?post=5147"}],"wp:featuredmedia":[{"embeddable":true,"href":"https:\/\/tinte-toneri.hr\/en\/wp-json\/wp\/v2\/media\/6264"}],"wp:attachment":[{"href":"https:\/\/tinte-toneri.hr\/en\/wp-json\/wp\/v2\/media?parent=5147"}],"wp:term":[{"taxonomy":"product_brand","embeddable":true,"href":"https:\/\/tinte-toneri.hr\/en\/wp-json\/wp\/v2\/product_brand?post=5147"},{"taxonomy":"product_cat","embeddable":true,"href":"https:\/\/tinte-toneri.hr\/en\/wp-json\/wp\/v2\/product_cat?post=5147"},{"taxonomy":"product_tag","embeddable":true,"href":"https:\/\/tinte-toneri.hr\/en\/wp-json\/wp\/v2\/product_tag?post=5147"}],"curies":[{"name":"wp","href":"https:\/\/api.w.org\/{rel}","templated":true}]}}