{"id":5211,"date":"2023-03-07T14:45:33","date_gmt":"2023-03-07T14:45:33","guid":{"rendered":"https:\/\/tinte-toneri.hr\/?post_type=product&#038;p=5211"},"modified":"2024-09-23T06:50:46","modified_gmt":"2024-09-23T06:50:46","slug":"tnt-zamjenski-toner-hp-ce505a-cf280a-crg-719-bijela-kutija","status":"publish","type":"product","link":"https:\/\/tinte-toneri.hr\/en\/shop\/toneri\/zamjenski-toneri\/tnt-zamjenski-toner-hp-ce505a-cf280a-crg-719-bijela-kutija\/","title":{"rendered":"TNT zamjenski toner HP CE505A \/ CF280A \/ CRG-719"},"content":{"rendered":"<div class=\"elementor-element elementor-element-40973e9 elementor-widget elementor-widget-woocommerce-product-content\" data-id=\"40973e9\" data-element_type=\"widget\" data-widget_type=\"woocommerce-product-content.default\">\n<div class=\"elementor-widget-container\">\n<div class=\"flex flex-grow flex-col gap-3\">\n<div class=\"min-h-[20px] flex flex-col items-start gap-4 whitespace-pre-wrap break-words\">\n<div class=\"markdown prose w-full break-words dark:prose-invert light\">\n<p>TNT zamjenski HP CE505A \/ CF280A \/ CRG-719 toner je idealan za visokokvalitetni crno-bijeli ispis.<\/p>\n<p>&nbsp;<\/p>\n<p>Namijenjen je HP i Canon laserskim pisa\u010dima, uklju\u010duju\u0107i modele poput HP LaserJet P 2030 series, HP LaserJet P 2050 series, Canon i-CLASS MF5940, Canon i-CLASS MF5950, Canon i-CLASS MF5960, Canon i-CLASS MF5980 i mnogim drugim modelima.<\/p>\n<\/div>\n<div class=\"markdown prose w-full break-words dark:prose-invert light\">\n<p>&nbsp;<\/p>\n<p>Toner mo\u017ee ispisati oko 2300 stranica i koristi preciznu tehnologiju koja osigurava brz i jasan ispis. Instalacija tonera je jednostavna, a toner ima dug vijek trajanja. Kori\u0161tenjem ovog tonera, tro\u0161kovi ispisa \u0107e biti znatno smanjeni. Svaka stranica \u0107e biti ispisana ujedna\u010deno bez ne\u017eeljenih sivih tonova.<\/p>\n<p>&nbsp;<\/p>\n<p>Ovaj toner pru\u017ea vrhunsku kvalitetu ispisa, s o\u0161trim, jasnim i profesionalnim crno-bijelim dokumentima. Odabirom ovog tonera, osiguravate si jednostavan i ekonomi\u010dan na\u010din za ispisivanje visokokvalitetnih dokumenata.<\/p>\n<p>&nbsp;<\/p>\n<p>Dakle, ne oklijevajte, odaberite TNT zamjenski HP CE505A toner i u\u017eivajte u visokokvalitetnom crno-bijelom ispisu!<\/p>\n<\/div>\n<\/div>\n<\/div>\n<\/div>\n<\/div>\n<p>&nbsp;<\/p>\n<p>Proizvod sigurno radi u:<\/p>\n<p>HP LaserJet P 2030 Series<br \/>\nHP LaserJet P 2033<br \/>\nHP LaserJet P 2033 N<br \/>\nHP LaserJet P 2034<br \/>\nHP LaserJet P 2034 n<br \/>\nHP LaserJet P 2035<br \/>\nHP LaserJet P 2035 N<br \/>\nHP LaserJet P 2036<br \/>\nHP LaserJet P 2036 N<br \/>\nHP LaserJet P 2037<br \/>\nHP LaserJet P 2037 N<br \/>\nHP LaserJet P 2050 Series<br \/>\nHP LaserJet P 2053 D<br \/>\nHP LaserJet P 2053 DN<br \/>\nHP LaserJet P 2053 Series<br \/>\nHP LaserJet P 2053 X<br \/>\nHP LaserJet P 2054 D<br \/>\nHP LaserJet P 2054 DN<br \/>\nHP LaserJet P 2054 Series<br \/>\nHP LaserJet P 2054 X<br \/>\nHP LaserJet P 2055<br \/>\nHP LaserJet P 2055 D<br \/>\nHP LaserJet P 2055 DN<br \/>\nHP LaserJet P 2055 DTN<br \/>\nHP LaserJet P 2055 Series<br \/>\nHP LaserJet P 2055 X<br \/>\nHP LaserJet P 2056 D<br \/>\nHP LaserJet P 2056 DN<br \/>\nHP LaserJet P 2056 Series<br \/>\nHP LaserJet P 2056 X<br \/>\nHP LaserJet P 2057 D<br \/>\nHP LaserJet P 2057 DN<br \/>\nHP LaserJet P 2057 Series<br \/>\nHP LaserJet P 2057 X<\/p>\n<p>HP LaserJet Pro 400 M 401 a<br \/>\nHP LaserJet Pro 400 M 401 d<br \/>\nHP LaserJet Pro 400 M 401 dn<br \/>\nHP LaserJet Pro 400 M 401 dne<br \/>\nHP LaserJet Pro 400 M 401 dw<br \/>\nHP LaserJet Pro 400 M 401 n<br \/>\nHP LaserJet Pro 400 MFP M 425 dn<br \/>\nHP LaserJet Pro 400 MFP M 425 dw<\/p>\n<p>Canon I-Sensys MF6100<br \/>\nCanon LBP6670DN<br \/>\nCanon Laserbase MF5940<br \/>\nCanon Laserbase MF5980<br \/>\nCanon Laserbase MF6650<br \/>\nCanon MF6140DN<br \/>\nCanon i-CLASS MF5940<br \/>\nCanon i-CLASS MF5980<br \/>\nCanon i-SENSYS MF411DW<br \/>\nCanon i-Sensys LBP6300<br \/>\nCanon i-Sensys LBP6300DN<br \/>\nCanon i-Sensys LBP6310DN<br \/>\nCanon i-Sensys LBP6650<br \/>\nCanon i-Sensys LBP6650DN<br \/>\nCanon i-Sensys LBP6670DN<br \/>\nCanon i-Sensys LBP6680X<br \/>\nCanon i-Sensys MF5840<br \/>\nCanon i-Sensys MF5840DN<br \/>\nCanon i-Sensys MF5880<br \/>\nCanon i-Sensys MF5940<br \/>\nCanon i-Sensys MF5940DN<br \/>\nCanon i-Sensys MF5980<br \/>\nCanon i-Sensys MF5980DW<br \/>\nCanon i-Sensys MF6650<br \/>\nCanon imageCLASS MF6650<\/p>\n","protected":false},"excerpt":{"rendered":"<p>TNT zamjenski HP CE505A \/ CF280A \/ CRG-719 toner je idealan za visokokvalitetni crno-bijeli ispis. &nbsp; Namijenjen je HP i Canon laserskim pisa\u010dima, uklju\u010duju\u0107i modele poput HP LaserJet P 2030 series, HP LaserJet P 2050 series, Canon i-CLASS MF5940, Canon i-CLASS MF5950, Canon i-CLASS MF5960, Canon i-CLASS MF5980 i mnogim drugim modelima. &nbsp; Toner mo\u017ee [&hellip;]<\/p>\n","protected":false},"featured_media":6264,"comment_status":"open","ping_status":"closed","template":"","meta":{"om_disable_all_campaigns":false,"_monsterinsights_skip_tracking":false,"_monsterinsights_sitenote_active":false,"_monsterinsights_sitenote_note":"","_monsterinsights_sitenote_category":0,"_uf_show_specific_survey":0,"_uf_disable_surveys":false},"product_brand":[],"product_cat":[22,24],"product_tag":[],"class_list":{"0":"post-5211","1":"product","2":"type-product","3":"status-publish","4":"has-post-thumbnail","6":"product_cat-toneri","7":"product_cat-zamjenski-toneri","9":"first","10":"instock","11":"taxable","12":"shipping-taxable","13":"purchasable","14":"product-type-simple"},"aioseo_notices":[],"yoast_head":"<!-- This site is optimized with the Yoast SEO plugin v27.4 - https:\/\/yoast.com\/product\/yoast-seo-wordpress\/ -->\n<title>TNT zamjenski toner HP CE505A \/ CF280A \/ CRG-719 - TNT<\/title>\n<meta name=\"robots\" content=\"index, follow, max-snippet:-1, max-image-preview:large, max-video-preview:-1\" \/>\n<link rel=\"canonical\" href=\"https:\/\/tinte-toneri.hr\/en\/shop\/toneri\/zamjenski-toneri\/tnt-zamjenski-toner-hp-ce505a-cf280a-crg-719-bijela-kutija\/\" \/>\n<meta property=\"og:locale\" content=\"en_US\" \/>\n<meta property=\"og:type\" content=\"article\" \/>\n<meta property=\"og:title\" content=\"TNT zamjenski toner HP CE505A \/ CF280A \/ CRG-719 - TNT\" \/>\n<meta property=\"og:description\" content=\"TNT zamjenski HP CE505A \/ CF280A \/ CRG-719 toner je idealan za visokokvalitetni crno-bijeli ispis. &nbsp; Namijenjen je HP i Canon laserskim pisa\u010dima, uklju\u010duju\u0107i modele poput HP LaserJet P 2030 series, HP LaserJet P 2050 series, Canon i-CLASS MF5940, Canon i-CLASS MF5950, Canon i-CLASS MF5960, Canon i-CLASS MF5980 i mnogim drugim modelima. &nbsp; Toner mo\u017ee [&hellip;]\" \/>\n<meta property=\"og:url\" content=\"https:\/\/tinte-toneri.hr\/en\/shop\/toneri\/zamjenski-toneri\/tnt-zamjenski-toner-hp-ce505a-cf280a-crg-719-bijela-kutija\/\" \/>\n<meta property=\"og:site_name\" content=\"TNT\" \/>\n<meta property=\"article:modified_time\" content=\"2024-09-23T06:50:46+00:00\" \/>\n<meta property=\"og:image\" content=\"https:\/\/tinte-toneri.hr\/wp-content\/uploads\/2023\/12\/Zamjenski-toner-black.png\" \/>\n\t<meta property=\"og:image:width\" content=\"2022\" \/>\n\t<meta property=\"og:image:height\" content=\"1376\" \/>\n\t<meta property=\"og:image:type\" content=\"image\/png\" \/>\n<meta name=\"twitter:card\" content=\"summary_large_image\" \/>\n<meta name=\"twitter:label1\" content=\"Est. reading time\" \/>\n\t<meta name=\"twitter:data1\" content=\"3 minutes\" \/>\n<script type=\"application\/ld+json\" class=\"yoast-schema-graph\">{\"@context\":\"https:\\\/\\\/schema.org\",\"@graph\":[{\"@type\":\"WebPage\",\"@id\":\"https:\\\/\\\/tinte-toneri.hr\\\/shop\\\/toneri\\\/zamjenski-toneri\\\/tnt-zamjenski-toner-hp-ce505a-cf280a-crg-719-bijela-kutija\\\/\",\"url\":\"https:\\\/\\\/tinte-toneri.hr\\\/shop\\\/toneri\\\/zamjenski-toneri\\\/tnt-zamjenski-toner-hp-ce505a-cf280a-crg-719-bijela-kutija\\\/\",\"name\":\"TNT zamjenski toner HP CE505A \\\/ CF280A \\\/ CRG-719 - TNT\",\"isPartOf\":{\"@id\":\"https:\\\/\\\/tinte-toneri.hr\\\/#website\"},\"primaryImageOfPage\":{\"@id\":\"https:\\\/\\\/tinte-toneri.hr\\\/shop\\\/toneri\\\/zamjenski-toneri\\\/tnt-zamjenski-toner-hp-ce505a-cf280a-crg-719-bijela-kutija\\\/#primaryimage\"},\"image\":{\"@id\":\"https:\\\/\\\/tinte-toneri.hr\\\/shop\\\/toneri\\\/zamjenski-toneri\\\/tnt-zamjenski-toner-hp-ce505a-cf280a-crg-719-bijela-kutija\\\/#primaryimage\"},\"thumbnailUrl\":\"https:\\\/\\\/tinte-toneri.hr\\\/wp-content\\\/uploads\\\/2023\\\/12\\\/Zamjenski-toner-black.png\",\"datePublished\":\"2023-03-07T14:45:33+00:00\",\"dateModified\":\"2024-09-23T06:50:46+00:00\",\"breadcrumb\":{\"@id\":\"https:\\\/\\\/tinte-toneri.hr\\\/shop\\\/toneri\\\/zamjenski-toneri\\\/tnt-zamjenski-toner-hp-ce505a-cf280a-crg-719-bijela-kutija\\\/#breadcrumb\"},\"inLanguage\":\"en-US\",\"potentialAction\":[{\"@type\":\"ReadAction\",\"target\":[\"https:\\\/\\\/tinte-toneri.hr\\\/shop\\\/toneri\\\/zamjenski-toneri\\\/tnt-zamjenski-toner-hp-ce505a-cf280a-crg-719-bijela-kutija\\\/\"]}]},{\"@type\":\"ImageObject\",\"inLanguage\":\"en-US\",\"@id\":\"https:\\\/\\\/tinte-toneri.hr\\\/shop\\\/toneri\\\/zamjenski-toneri\\\/tnt-zamjenski-toner-hp-ce505a-cf280a-crg-719-bijela-kutija\\\/#primaryimage\",\"url\":\"https:\\\/\\\/tinte-toneri.hr\\\/wp-content\\\/uploads\\\/2023\\\/12\\\/Zamjenski-toner-black.png\",\"contentUrl\":\"https:\\\/\\\/tinte-toneri.hr\\\/wp-content\\\/uploads\\\/2023\\\/12\\\/Zamjenski-toner-black.png\",\"width\":2022,\"height\":1376},{\"@type\":\"BreadcrumbList\",\"@id\":\"https:\\\/\\\/tinte-toneri.hr\\\/shop\\\/toneri\\\/zamjenski-toneri\\\/tnt-zamjenski-toner-hp-ce505a-cf280a-crg-719-bijela-kutija\\\/#breadcrumb\",\"itemListElement\":[{\"@type\":\"ListItem\",\"position\":1,\"name\":\"Po\u010detna stranica\",\"item\":\"https:\\\/\\\/tinte-toneri.hr\\\/\"},{\"@type\":\"ListItem\",\"position\":2,\"name\":\"Shop\",\"item\":\"https:\\\/\\\/tinte-toneri.hr\\\/shop\\\/\"},{\"@type\":\"ListItem\",\"position\":3,\"name\":\"TNT zamjenski toner HP CE505A \\\/ CF280A \\\/ CRG-719\"}]},{\"@type\":\"WebSite\",\"@id\":\"https:\\\/\\\/tinte-toneri.hr\\\/#website\",\"url\":\"https:\\\/\\\/tinte-toneri.hr\\\/\",\"name\":\"TNT\",\"description\":\"Tinte i toneri\",\"publisher\":{\"@id\":\"https:\\\/\\\/tinte-toneri.hr\\\/#organization\"},\"potentialAction\":[{\"@type\":\"SearchAction\",\"target\":{\"@type\":\"EntryPoint\",\"urlTemplate\":\"https:\\\/\\\/tinte-toneri.hr\\\/?s={search_term_string}\"},\"query-input\":{\"@type\":\"PropertyValueSpecification\",\"valueRequired\":true,\"valueName\":\"search_term_string\"}}],\"inLanguage\":\"en-US\"},{\"@type\":\"Organization\",\"@id\":\"https:\\\/\\\/tinte-toneri.hr\\\/#organization\",\"name\":\"TNT Global\",\"url\":\"https:\\\/\\\/tinte-toneri.hr\\\/\",\"logo\":{\"@type\":\"ImageObject\",\"inLanguage\":\"en-US\",\"@id\":\"https:\\\/\\\/tinte-toneri.hr\\\/#\\\/schema\\\/logo\\\/image\\\/\",\"url\":\"https:\\\/\\\/tinte-toneri.hr\\\/wp-content\\\/uploads\\\/2023\\\/10\\\/cropped-Logo1-removebg.png\",\"contentUrl\":\"https:\\\/\\\/tinte-toneri.hr\\\/wp-content\\\/uploads\\\/2023\\\/10\\\/cropped-Logo1-removebg.png\",\"width\":2124,\"height\":2129,\"caption\":\"TNT Global\"},\"image\":{\"@id\":\"https:\\\/\\\/tinte-toneri.hr\\\/#\\\/schema\\\/logo\\\/image\\\/\"}}]}<\/script>\n<!-- \/ Yoast SEO plugin. -->","yoast_head_json":{"title":"TNT zamjenski toner HP CE505A \/ CF280A \/ CRG-719 - TNT","robots":{"index":"index","follow":"follow","max-snippet":"max-snippet:-1","max-image-preview":"max-image-preview:large","max-video-preview":"max-video-preview:-1"},"canonical":"https:\/\/tinte-toneri.hr\/en\/shop\/toneri\/zamjenski-toneri\/tnt-zamjenski-toner-hp-ce505a-cf280a-crg-719-bijela-kutija\/","og_locale":"en_US","og_type":"article","og_title":"TNT zamjenski toner HP CE505A \/ CF280A \/ CRG-719 - TNT","og_description":"TNT zamjenski HP CE505A \/ CF280A \/ CRG-719 toner je idealan za visokokvalitetni crno-bijeli ispis. &nbsp; Namijenjen je HP i Canon laserskim pisa\u010dima, uklju\u010duju\u0107i modele poput HP LaserJet P 2030 series, HP LaserJet P 2050 series, Canon i-CLASS MF5940, Canon i-CLASS MF5950, Canon i-CLASS MF5960, Canon i-CLASS MF5980 i mnogim drugim modelima. &nbsp; Toner mo\u017ee [&hellip;]","og_url":"https:\/\/tinte-toneri.hr\/en\/shop\/toneri\/zamjenski-toneri\/tnt-zamjenski-toner-hp-ce505a-cf280a-crg-719-bijela-kutija\/","og_site_name":"TNT","article_modified_time":"2024-09-23T06:50:46+00:00","og_image":[{"width":2022,"height":1376,"url":"https:\/\/tinte-toneri.hr\/wp-content\/uploads\/2023\/12\/Zamjenski-toner-black.png","type":"image\/png"}],"twitter_card":"summary_large_image","twitter_misc":{"Est. reading time":"3 minutes"},"schema":{"@context":"https:\/\/schema.org","@graph":[{"@type":"WebPage","@id":"https:\/\/tinte-toneri.hr\/shop\/toneri\/zamjenski-toneri\/tnt-zamjenski-toner-hp-ce505a-cf280a-crg-719-bijela-kutija\/","url":"https:\/\/tinte-toneri.hr\/shop\/toneri\/zamjenski-toneri\/tnt-zamjenski-toner-hp-ce505a-cf280a-crg-719-bijela-kutija\/","name":"TNT zamjenski toner HP CE505A \/ CF280A \/ CRG-719 - TNT","isPartOf":{"@id":"https:\/\/tinte-toneri.hr\/#website"},"primaryImageOfPage":{"@id":"https:\/\/tinte-toneri.hr\/shop\/toneri\/zamjenski-toneri\/tnt-zamjenski-toner-hp-ce505a-cf280a-crg-719-bijela-kutija\/#primaryimage"},"image":{"@id":"https:\/\/tinte-toneri.hr\/shop\/toneri\/zamjenski-toneri\/tnt-zamjenski-toner-hp-ce505a-cf280a-crg-719-bijela-kutija\/#primaryimage"},"thumbnailUrl":"https:\/\/tinte-toneri.hr\/wp-content\/uploads\/2023\/12\/Zamjenski-toner-black.png","datePublished":"2023-03-07T14:45:33+00:00","dateModified":"2024-09-23T06:50:46+00:00","breadcrumb":{"@id":"https:\/\/tinte-toneri.hr\/shop\/toneri\/zamjenski-toneri\/tnt-zamjenski-toner-hp-ce505a-cf280a-crg-719-bijela-kutija\/#breadcrumb"},"inLanguage":"en-US","potentialAction":[{"@type":"ReadAction","target":["https:\/\/tinte-toneri.hr\/shop\/toneri\/zamjenski-toneri\/tnt-zamjenski-toner-hp-ce505a-cf280a-crg-719-bijela-kutija\/"]}]},{"@type":"ImageObject","inLanguage":"en-US","@id":"https:\/\/tinte-toneri.hr\/shop\/toneri\/zamjenski-toneri\/tnt-zamjenski-toner-hp-ce505a-cf280a-crg-719-bijela-kutija\/#primaryimage","url":"https:\/\/tinte-toneri.hr\/wp-content\/uploads\/2023\/12\/Zamjenski-toner-black.png","contentUrl":"https:\/\/tinte-toneri.hr\/wp-content\/uploads\/2023\/12\/Zamjenski-toner-black.png","width":2022,"height":1376},{"@type":"BreadcrumbList","@id":"https:\/\/tinte-toneri.hr\/shop\/toneri\/zamjenski-toneri\/tnt-zamjenski-toner-hp-ce505a-cf280a-crg-719-bijela-kutija\/#breadcrumb","itemListElement":[{"@type":"ListItem","position":1,"name":"Po\u010detna stranica","item":"https:\/\/tinte-toneri.hr\/"},{"@type":"ListItem","position":2,"name":"Shop","item":"https:\/\/tinte-toneri.hr\/shop\/"},{"@type":"ListItem","position":3,"name":"TNT zamjenski toner HP CE505A \/ CF280A \/ CRG-719"}]},{"@type":"WebSite","@id":"https:\/\/tinte-toneri.hr\/#website","url":"https:\/\/tinte-toneri.hr\/","name":"TNT","description":"Tinte i toneri","publisher":{"@id":"https:\/\/tinte-toneri.hr\/#organization"},"potentialAction":[{"@type":"SearchAction","target":{"@type":"EntryPoint","urlTemplate":"https:\/\/tinte-toneri.hr\/?s={search_term_string}"},"query-input":{"@type":"PropertyValueSpecification","valueRequired":true,"valueName":"search_term_string"}}],"inLanguage":"en-US"},{"@type":"Organization","@id":"https:\/\/tinte-toneri.hr\/#organization","name":"TNT Global","url":"https:\/\/tinte-toneri.hr\/","logo":{"@type":"ImageObject","inLanguage":"en-US","@id":"https:\/\/tinte-toneri.hr\/#\/schema\/logo\/image\/","url":"https:\/\/tinte-toneri.hr\/wp-content\/uploads\/2023\/10\/cropped-Logo1-removebg.png","contentUrl":"https:\/\/tinte-toneri.hr\/wp-content\/uploads\/2023\/10\/cropped-Logo1-removebg.png","width":2124,"height":2129,"caption":"TNT Global"},"image":{"@id":"https:\/\/tinte-toneri.hr\/#\/schema\/logo\/image\/"}}]}},"jetpack_sharing_enabled":true,"_links":{"self":[{"href":"https:\/\/tinte-toneri.hr\/en\/wp-json\/wp\/v2\/product\/5211","targetHints":{"allow":["GET"]}}],"collection":[{"href":"https:\/\/tinte-toneri.hr\/en\/wp-json\/wp\/v2\/product"}],"about":[{"href":"https:\/\/tinte-toneri.hr\/en\/wp-json\/wp\/v2\/types\/product"}],"replies":[{"embeddable":true,"href":"https:\/\/tinte-toneri.hr\/en\/wp-json\/wp\/v2\/comments?post=5211"}],"wp:featuredmedia":[{"embeddable":true,"href":"https:\/\/tinte-toneri.hr\/en\/wp-json\/wp\/v2\/media\/6264"}],"wp:attachment":[{"href":"https:\/\/tinte-toneri.hr\/en\/wp-json\/wp\/v2\/media?parent=5211"}],"wp:term":[{"taxonomy":"product_brand","embeddable":true,"href":"https:\/\/tinte-toneri.hr\/en\/wp-json\/wp\/v2\/product_brand?post=5211"},{"taxonomy":"product_cat","embeddable":true,"href":"https:\/\/tinte-toneri.hr\/en\/wp-json\/wp\/v2\/product_cat?post=5211"},{"taxonomy":"product_tag","embeddable":true,"href":"https:\/\/tinte-toneri.hr\/en\/wp-json\/wp\/v2\/product_tag?post=5211"}],"curies":[{"name":"wp","href":"https:\/\/api.w.org\/{rel}","templated":true}]}}