{"id":5215,"date":"2023-03-07T14:45:34","date_gmt":"2023-03-07T14:45:34","guid":{"rendered":"https:\/\/tinte-toneri.hr\/?post_type=product&#038;p=5215"},"modified":"2024-09-17T09:56:42","modified_gmt":"2024-09-17T09:56:42","slug":"tnt-zamjenska-tinta-hp-f6u68ae-no-302-xl-nr-302-xl-black","status":"publish","type":"product","link":"https:\/\/tinte-toneri.hr\/en\/shop\/tinte\/zamjenske-tinte\/tnt-zamjenska-tinta-hp-f6u68ae-no-302-xl-nr-302-xl-black\/","title":{"rendered":"TNT zamjenska tinta HP 302 XL (F6U68AE) Black"},"content":{"rendered":"<p>Koristite na\u0161u TNT zamjensku tintu HP 302 XL (F6U68AE) za visokokvalitetne ispisane dokumente po pristupa\u010dnim cijenama. Na\u0161a tinta jam\u010di o\u0161tre crne boje i jasne rezultate, bez obzira printate li tekst, grafike ili fotografije. Kompatibilna je s razli\u010ditim pisa\u010dima, pru\u017eaju\u0107i pouzdanost i fleksibilnost. S na\u0161om tintom ostvarite profesionalne rezultate uz zna\u010dajne u\u0161tede na tro\u0161kovima ispisa. Osigurajte dugovje\u010dnost pisa\u010da i visoku kvalitetu s TNT zamjenskom tintom HP 302 XL (F6U68AE) &#8211; vrhunska kvaliteta po pristupa\u010dnoj cijeni!<\/p>\n<p>&nbsp;<\/p>\n<p>Zamjenska tinta HP 302 XL (F6U68AE) kompatibilna je s:<\/p>\n<p>&nbsp;<\/p>\n<p>&nbsp;<\/p>\n<p>&nbsp;<\/p>\n<p>&nbsp;<\/p>\n<p>&nbsp;<\/p>\n<p>&nbsp;<\/p>\n<p>HP DeskJet 1110<\/p>\n<p>HP DeskJet 1112<\/p>\n<p>HP DeskJet 2100 Series<\/p>\n<p>HP DeskJet 2130<\/p>\n<p>HP DeskJet 2132<\/p>\n<p>HP DeskJet 2134<\/p>\n<p>HP DeskJet 2136<\/p>\n<p>HP DeskJet 3630<\/p>\n<p>HP DeskJet 3630 Series<\/p>\n<p>HP DeskJet 3631<\/p>\n<p>HP DeskJet 3632<\/p>\n<p>HP DeskJet 3633<\/p>\n<p>HP DeskJet 3634<\/p>\n<p>HP DeskJet 3635<\/p>\n<p>HP DeskJet 3636<\/p>\n<p>HP DeskJet 3637<\/p>\n<p>HP DeskJet 3638<\/p>\n<p>HP DeskJet 3639<\/p>\n<p>&nbsp;<\/p>\n<p>HP Envy 4520 Series<\/p>\n<p>HP Envy 4520 e-All-in-One<\/p>\n<p>HP Envy 4521 e-All-in-One<\/p>\n<p>HP Envy 4522 e-All-in-One<\/p>\n<p>HP Envy 4524 e-All-in-One<\/p>\n<p>HP Envy 4525 e-All-in-One<\/p>\n<p>HP Envy 4526 e-All-in-One<\/p>\n<p>HP Envy 4527 e-All-in-One<\/p>\n<p>HP Envy 4528 e-All-in-One<\/p>\n<p>&nbsp;<\/p>\n<p>HP OfficeJet 3800 Series<\/p>\n<p>HP OfficeJet 3830<\/p>\n<p>HP OfficeJet 3831<\/p>\n<p>HP OfficeJet 3832<\/p>\n<p>HP OfficeJet 3833<\/p>\n<p>HP OfficeJet 3834<\/p>\n<p>HP OfficeJet 3835<\/p>\n<p>HP OfficeJet 3836<\/p>\n<p>HP OfficeJet 3838<\/p>\n<p>HP OfficeJet 4650<\/p>\n<p>HP OfficeJet 4650 Series<\/p>\n<p>HP OfficeJet 4654<\/p>\n<p>HP OfficeJet 4655<\/p>\n<p>HP OfficeJet 4656<\/p>\n<p>HP OfficeJet 4657<\/p>\n<p>HP OfficeJet 4658<\/p>\n<p>HP OfficeJet 5200 Series<\/p>\n<p>HP OfficeJet 5220<\/p>\n<p>HP OfficeJet 5230<\/p>\n<p>HP OfficeJet 5232<\/p>\n<p>&nbsp;<\/p>","protected":false},"excerpt":{"rendered":"<p>Koristite na\u0161u TNT zamjensku tintu HP 302 XL (F6U68AE) za visokokvalitetne ispisane dokumente po pristupa\u010dnim cijenama. Na\u0161a tinta jam\u010di o\u0161tre crne boje i jasne rezultate, bez obzira printate li tekst, grafike ili fotografije. Kompatibilna je s razli\u010ditim pisa\u010dima, pru\u017eaju\u0107i pouzdanost i fleksibilnost. S na\u0161om tintom ostvarite profesionalne rezultate uz zna\u010dajne u\u0161tede na tro\u0161kovima ispisa. Osigurajte [&hellip;]<\/p>\n","protected":false},"featured_media":6269,"comment_status":"open","ping_status":"closed","template":"","meta":{"om_disable_all_campaigns":false,"_monsterinsights_skip_tracking":false,"_monsterinsights_sitenote_active":false,"_monsterinsights_sitenote_note":"","_monsterinsights_sitenote_category":0,"_uf_show_specific_survey":0,"_uf_disable_surveys":false},"product_brand":[],"product_cat":[21,28],"product_tag":[],"class_list":{"0":"post-5215","1":"product","2":"type-product","3":"status-publish","4":"has-post-thumbnail","6":"product_cat-tinte","7":"product_cat-zamjenske-tinte","9":"first","10":"instock","11":"taxable","12":"shipping-taxable","13":"purchasable","14":"product-type-simple"},"aioseo_notices":[],"yoast_head":"<!-- This site is optimized with the Yoast SEO plugin v27.4 - https:\/\/yoast.com\/product\/yoast-seo-wordpress\/ -->\n<title>TNT zamjenska tinta HP 302 XL (F6U68AE) Black - TNT<\/title>\n<meta name=\"description\" content=\"Zamjenska tinta HP 302 XL (F6U68AE) za: HP DeskJet 2100 Series - 3630 Series - HP Envy 4520 Series - HP OfficeJet 3800 Series - 4650 Series - 5200 Series\" \/>\n<meta name=\"robots\" content=\"index, follow, max-snippet:-1, max-image-preview:large, max-video-preview:-1\" \/>\n<link rel=\"canonical\" href=\"https:\/\/tinte-toneri.hr\/en\/shop\/tinte\/zamjenske-tinte\/tnt-zamjenska-tinta-hp-f6u68ae-no-302-xl-nr-302-xl-black\/\" \/>\n<meta property=\"og:locale\" content=\"en_US\" \/>\n<meta property=\"og:type\" content=\"article\" \/>\n<meta property=\"og:title\" content=\"TNT zamjenska tinta HP 302 XL (F6U68AE) Black - TNT\" \/>\n<meta property=\"og:description\" content=\"Zamjenska tinta HP 302 XL (F6U68AE) za: HP DeskJet 2100 Series - 3630 Series - HP Envy 4520 Series - HP OfficeJet 3800 Series - 4650 Series - 5200 Series\" \/>\n<meta property=\"og:url\" content=\"https:\/\/tinte-toneri.hr\/en\/shop\/tinte\/zamjenske-tinte\/tnt-zamjenska-tinta-hp-f6u68ae-no-302-xl-nr-302-xl-black\/\" \/>\n<meta property=\"og:site_name\" content=\"TNT\" \/>\n<meta property=\"article:modified_time\" content=\"2024-09-17T09:56:42+00:00\" \/>\n<meta property=\"og:image\" content=\"https:\/\/tinte-toneri.hr\/wp-content\/uploads\/2023\/12\/Zamjenska-tinta-black-768x1024.png\" \/>\n\t<meta property=\"og:image:width\" content=\"768\" \/>\n\t<meta property=\"og:image:height\" content=\"1024\" \/>\n\t<meta property=\"og:image:type\" content=\"image\/png\" \/>\n<meta name=\"twitter:card\" content=\"summary_large_image\" \/>\n<meta name=\"twitter:label1\" content=\"Est. reading time\" \/>\n\t<meta name=\"twitter:data1\" content=\"2 minutes\" \/>\n<script type=\"application\/ld+json\" class=\"yoast-schema-graph\">{\"@context\":\"https:\\\/\\\/schema.org\",\"@graph\":[{\"@type\":\"WebPage\",\"@id\":\"https:\\\/\\\/tinte-toneri.hr\\\/shop\\\/tinte\\\/zamjenske-tinte\\\/tnt-zamjenska-tinta-hp-f6u68ae-no-302-xl-nr-302-xl-black\\\/\",\"url\":\"https:\\\/\\\/tinte-toneri.hr\\\/shop\\\/tinte\\\/zamjenske-tinte\\\/tnt-zamjenska-tinta-hp-f6u68ae-no-302-xl-nr-302-xl-black\\\/\",\"name\":\"TNT zamjenska tinta HP 302 XL (F6U68AE) Black - TNT\",\"isPartOf\":{\"@id\":\"https:\\\/\\\/tinte-toneri.hr\\\/#website\"},\"primaryImageOfPage\":{\"@id\":\"https:\\\/\\\/tinte-toneri.hr\\\/shop\\\/tinte\\\/zamjenske-tinte\\\/tnt-zamjenska-tinta-hp-f6u68ae-no-302-xl-nr-302-xl-black\\\/#primaryimage\"},\"image\":{\"@id\":\"https:\\\/\\\/tinte-toneri.hr\\\/shop\\\/tinte\\\/zamjenske-tinte\\\/tnt-zamjenska-tinta-hp-f6u68ae-no-302-xl-nr-302-xl-black\\\/#primaryimage\"},\"thumbnailUrl\":\"https:\\\/\\\/tinte-toneri.hr\\\/wp-content\\\/uploads\\\/2023\\\/12\\\/Zamjenska-tinta-black.png\",\"datePublished\":\"2023-03-07T14:45:34+00:00\",\"dateModified\":\"2024-09-17T09:56:42+00:00\",\"description\":\"Zamjenska tinta HP 302 XL (F6U68AE) za: HP DeskJet 2100 Series - 3630 Series - HP Envy 4520 Series - HP OfficeJet 3800 Series - 4650 Series - 5200 Series\",\"breadcrumb\":{\"@id\":\"https:\\\/\\\/tinte-toneri.hr\\\/shop\\\/tinte\\\/zamjenske-tinte\\\/tnt-zamjenska-tinta-hp-f6u68ae-no-302-xl-nr-302-xl-black\\\/#breadcrumb\"},\"inLanguage\":\"en-US\",\"potentialAction\":[{\"@type\":\"ReadAction\",\"target\":[\"https:\\\/\\\/tinte-toneri.hr\\\/shop\\\/tinte\\\/zamjenske-tinte\\\/tnt-zamjenska-tinta-hp-f6u68ae-no-302-xl-nr-302-xl-black\\\/\"]}]},{\"@type\":\"ImageObject\",\"inLanguage\":\"en-US\",\"@id\":\"https:\\\/\\\/tinte-toneri.hr\\\/shop\\\/tinte\\\/zamjenske-tinte\\\/tnt-zamjenska-tinta-hp-f6u68ae-no-302-xl-nr-302-xl-black\\\/#primaryimage\",\"url\":\"https:\\\/\\\/tinte-toneri.hr\\\/wp-content\\\/uploads\\\/2023\\\/12\\\/Zamjenska-tinta-black.png\",\"contentUrl\":\"https:\\\/\\\/tinte-toneri.hr\\\/wp-content\\\/uploads\\\/2023\\\/12\\\/Zamjenska-tinta-black.png\",\"width\":3000,\"height\":4000},{\"@type\":\"BreadcrumbList\",\"@id\":\"https:\\\/\\\/tinte-toneri.hr\\\/shop\\\/tinte\\\/zamjenske-tinte\\\/tnt-zamjenska-tinta-hp-f6u68ae-no-302-xl-nr-302-xl-black\\\/#breadcrumb\",\"itemListElement\":[{\"@type\":\"ListItem\",\"position\":1,\"name\":\"Po\u010detna stranica\",\"item\":\"https:\\\/\\\/tinte-toneri.hr\\\/\"},{\"@type\":\"ListItem\",\"position\":2,\"name\":\"Shop\",\"item\":\"https:\\\/\\\/tinte-toneri.hr\\\/shop\\\/\"},{\"@type\":\"ListItem\",\"position\":3,\"name\":\"TNT zamjenska tinta HP 302 XL (F6U68AE) Black\"}]},{\"@type\":\"WebSite\",\"@id\":\"https:\\\/\\\/tinte-toneri.hr\\\/#website\",\"url\":\"https:\\\/\\\/tinte-toneri.hr\\\/\",\"name\":\"TNT\",\"description\":\"Tinte i toneri\",\"publisher\":{\"@id\":\"https:\\\/\\\/tinte-toneri.hr\\\/#organization\"},\"potentialAction\":[{\"@type\":\"SearchAction\",\"target\":{\"@type\":\"EntryPoint\",\"urlTemplate\":\"https:\\\/\\\/tinte-toneri.hr\\\/?s={search_term_string}\"},\"query-input\":{\"@type\":\"PropertyValueSpecification\",\"valueRequired\":true,\"valueName\":\"search_term_string\"}}],\"inLanguage\":\"en-US\"},{\"@type\":\"Organization\",\"@id\":\"https:\\\/\\\/tinte-toneri.hr\\\/#organization\",\"name\":\"TNT Global\",\"url\":\"https:\\\/\\\/tinte-toneri.hr\\\/\",\"logo\":{\"@type\":\"ImageObject\",\"inLanguage\":\"en-US\",\"@id\":\"https:\\\/\\\/tinte-toneri.hr\\\/#\\\/schema\\\/logo\\\/image\\\/\",\"url\":\"https:\\\/\\\/tinte-toneri.hr\\\/wp-content\\\/uploads\\\/2023\\\/10\\\/cropped-Logo1-removebg.png\",\"contentUrl\":\"https:\\\/\\\/tinte-toneri.hr\\\/wp-content\\\/uploads\\\/2023\\\/10\\\/cropped-Logo1-removebg.png\",\"width\":2124,\"height\":2129,\"caption\":\"TNT Global\"},\"image\":{\"@id\":\"https:\\\/\\\/tinte-toneri.hr\\\/#\\\/schema\\\/logo\\\/image\\\/\"}}]}<\/script>\n<!-- \/ Yoast SEO plugin. -->","yoast_head_json":{"title":"TNT zamjenska tinta HP 302 XL (F6U68AE) Black - TNT","description":"Zamjenska tinta HP 302 XL (F6U68AE) za: HP DeskJet 2100 Series - 3630 Series - HP Envy 4520 Series - HP OfficeJet 3800 Series - 4650 Series - 5200 Series","robots":{"index":"index","follow":"follow","max-snippet":"max-snippet:-1","max-image-preview":"max-image-preview:large","max-video-preview":"max-video-preview:-1"},"canonical":"https:\/\/tinte-toneri.hr\/en\/shop\/tinte\/zamjenske-tinte\/tnt-zamjenska-tinta-hp-f6u68ae-no-302-xl-nr-302-xl-black\/","og_locale":"en_US","og_type":"article","og_title":"TNT zamjenska tinta HP 302 XL (F6U68AE) Black - TNT","og_description":"Zamjenska tinta HP 302 XL (F6U68AE) za: HP DeskJet 2100 Series - 3630 Series - HP Envy 4520 Series - HP OfficeJet 3800 Series - 4650 Series - 5200 Series","og_url":"https:\/\/tinte-toneri.hr\/en\/shop\/tinte\/zamjenske-tinte\/tnt-zamjenska-tinta-hp-f6u68ae-no-302-xl-nr-302-xl-black\/","og_site_name":"TNT","article_modified_time":"2024-09-17T09:56:42+00:00","og_image":[{"width":768,"height":1024,"url":"https:\/\/tinte-toneri.hr\/wp-content\/uploads\/2023\/12\/Zamjenska-tinta-black-768x1024.png","type":"image\/png"}],"twitter_card":"summary_large_image","twitter_misc":{"Est. reading time":"2 minutes"},"schema":{"@context":"https:\/\/schema.org","@graph":[{"@type":"WebPage","@id":"https:\/\/tinte-toneri.hr\/shop\/tinte\/zamjenske-tinte\/tnt-zamjenska-tinta-hp-f6u68ae-no-302-xl-nr-302-xl-black\/","url":"https:\/\/tinte-toneri.hr\/shop\/tinte\/zamjenske-tinte\/tnt-zamjenska-tinta-hp-f6u68ae-no-302-xl-nr-302-xl-black\/","name":"TNT zamjenska tinta HP 302 XL (F6U68AE) Black - TNT","isPartOf":{"@id":"https:\/\/tinte-toneri.hr\/#website"},"primaryImageOfPage":{"@id":"https:\/\/tinte-toneri.hr\/shop\/tinte\/zamjenske-tinte\/tnt-zamjenska-tinta-hp-f6u68ae-no-302-xl-nr-302-xl-black\/#primaryimage"},"image":{"@id":"https:\/\/tinte-toneri.hr\/shop\/tinte\/zamjenske-tinte\/tnt-zamjenska-tinta-hp-f6u68ae-no-302-xl-nr-302-xl-black\/#primaryimage"},"thumbnailUrl":"https:\/\/tinte-toneri.hr\/wp-content\/uploads\/2023\/12\/Zamjenska-tinta-black.png","datePublished":"2023-03-07T14:45:34+00:00","dateModified":"2024-09-17T09:56:42+00:00","description":"Zamjenska tinta HP 302 XL (F6U68AE) za: HP DeskJet 2100 Series - 3630 Series - HP Envy 4520 Series - HP OfficeJet 3800 Series - 4650 Series - 5200 Series","breadcrumb":{"@id":"https:\/\/tinte-toneri.hr\/shop\/tinte\/zamjenske-tinte\/tnt-zamjenska-tinta-hp-f6u68ae-no-302-xl-nr-302-xl-black\/#breadcrumb"},"inLanguage":"en-US","potentialAction":[{"@type":"ReadAction","target":["https:\/\/tinte-toneri.hr\/shop\/tinte\/zamjenske-tinte\/tnt-zamjenska-tinta-hp-f6u68ae-no-302-xl-nr-302-xl-black\/"]}]},{"@type":"ImageObject","inLanguage":"en-US","@id":"https:\/\/tinte-toneri.hr\/shop\/tinte\/zamjenske-tinte\/tnt-zamjenska-tinta-hp-f6u68ae-no-302-xl-nr-302-xl-black\/#primaryimage","url":"https:\/\/tinte-toneri.hr\/wp-content\/uploads\/2023\/12\/Zamjenska-tinta-black.png","contentUrl":"https:\/\/tinte-toneri.hr\/wp-content\/uploads\/2023\/12\/Zamjenska-tinta-black.png","width":3000,"height":4000},{"@type":"BreadcrumbList","@id":"https:\/\/tinte-toneri.hr\/shop\/tinte\/zamjenske-tinte\/tnt-zamjenska-tinta-hp-f6u68ae-no-302-xl-nr-302-xl-black\/#breadcrumb","itemListElement":[{"@type":"ListItem","position":1,"name":"Po\u010detna stranica","item":"https:\/\/tinte-toneri.hr\/"},{"@type":"ListItem","position":2,"name":"Shop","item":"https:\/\/tinte-toneri.hr\/shop\/"},{"@type":"ListItem","position":3,"name":"TNT zamjenska tinta HP 302 XL (F6U68AE) Black"}]},{"@type":"WebSite","@id":"https:\/\/tinte-toneri.hr\/#website","url":"https:\/\/tinte-toneri.hr\/","name":"TNT","description":"Tinte i toneri","publisher":{"@id":"https:\/\/tinte-toneri.hr\/#organization"},"potentialAction":[{"@type":"SearchAction","target":{"@type":"EntryPoint","urlTemplate":"https:\/\/tinte-toneri.hr\/?s={search_term_string}"},"query-input":{"@type":"PropertyValueSpecification","valueRequired":true,"valueName":"search_term_string"}}],"inLanguage":"en-US"},{"@type":"Organization","@id":"https:\/\/tinte-toneri.hr\/#organization","name":"TNT Global","url":"https:\/\/tinte-toneri.hr\/","logo":{"@type":"ImageObject","inLanguage":"en-US","@id":"https:\/\/tinte-toneri.hr\/#\/schema\/logo\/image\/","url":"https:\/\/tinte-toneri.hr\/wp-content\/uploads\/2023\/10\/cropped-Logo1-removebg.png","contentUrl":"https:\/\/tinte-toneri.hr\/wp-content\/uploads\/2023\/10\/cropped-Logo1-removebg.png","width":2124,"height":2129,"caption":"TNT Global"},"image":{"@id":"https:\/\/tinte-toneri.hr\/#\/schema\/logo\/image\/"}}]}},"jetpack_sharing_enabled":true,"_links":{"self":[{"href":"https:\/\/tinte-toneri.hr\/en\/wp-json\/wp\/v2\/product\/5215","targetHints":{"allow":["GET"]}}],"collection":[{"href":"https:\/\/tinte-toneri.hr\/en\/wp-json\/wp\/v2\/product"}],"about":[{"href":"https:\/\/tinte-toneri.hr\/en\/wp-json\/wp\/v2\/types\/product"}],"replies":[{"embeddable":true,"href":"https:\/\/tinte-toneri.hr\/en\/wp-json\/wp\/v2\/comments?post=5215"}],"wp:featuredmedia":[{"embeddable":true,"href":"https:\/\/tinte-toneri.hr\/en\/wp-json\/wp\/v2\/media\/6269"}],"wp:attachment":[{"href":"https:\/\/tinte-toneri.hr\/en\/wp-json\/wp\/v2\/media?parent=5215"}],"wp:term":[{"taxonomy":"product_brand","embeddable":true,"href":"https:\/\/tinte-toneri.hr\/en\/wp-json\/wp\/v2\/product_brand?post=5215"},{"taxonomy":"product_cat","embeddable":true,"href":"https:\/\/tinte-toneri.hr\/en\/wp-json\/wp\/v2\/product_cat?post=5215"},{"taxonomy":"product_tag","embeddable":true,"href":"https:\/\/tinte-toneri.hr\/en\/wp-json\/wp\/v2\/product_tag?post=5215"}],"curies":[{"name":"wp","href":"https:\/\/api.w.org\/{rel}","templated":true}]}}