{"id":5218,"date":"2023-03-07T14:45:34","date_gmt":"2023-03-07T14:45:34","guid":{"rendered":"https:\/\/tinte-toneri.hr\/?post_type=product&#038;p=5218"},"modified":"2024-09-17T09:56:42","modified_gmt":"2024-09-17T09:56:42","slug":"tnt-zamjenski-bubanj-brother-dr-2300-dr-630-drum","status":"publish","type":"product","link":"https:\/\/tinte-toneri.hr\/en\/shop\/bubanj\/tnt-zamjenski-bubanj-brother-dr-2300-dr-630-drum\/","title":{"rendered":"TNT zamjenski bubanj Brother DR-2300 \/ DR-630 Black"},"content":{"rendered":"<p>Na\u0161 visokokvalitetni zamjenski bubanj TNT je idealan za Brother DR-2300 \/ DR-630 pisa\u010de, pru\u017eaju\u0107i izvrsnu izvedbu i o\u0161tre crno-bijele ispise po pristupa\u010dnoj cijeni. Posebno dizajniran za kompatibilnost s va\u0161im Brother pisa\u010dem, ovaj bubanj osigurava pouzdanost i dugotrajnost, omogu\u0107uju\u0107i vam da postignete visok stupanj detalja i o\u0161trinu u svakom ispisu.<\/p>\n<p>&nbsp;<\/p>\n<p>&nbsp;<\/p>\n<p>&nbsp;<\/p>\n<p>S kapacitetom od 10.000 stranica, na\u0161 zamjenski bubanj TNT za Brother DR-2300 \/ DR-630 pisa\u010de omogu\u0107uje vam kontinuirani rad bez \u010destih zamjena. Bilo da printate dokumente, izvje\u0161\u0107a ili grafi\u010dke elemente, ovaj bubanj jam\u010di izvrsnu kvalitetu ispisa i dugotrajnost.<\/p>\n<p>&nbsp;<\/p>\n<p>&nbsp;<\/p>\n<p>&nbsp;<\/p>\n<p>Naru\u010dite na\u0161 zamjenski bubanj TNT i iskusite iznimnu kvalitetu ispisa sa svojim Brother pisa\u010dem. U\u017eivajte u dugotrajnosti, preciznosti i pouzdanosti bez prekomjernog tro\u0161ka.<\/p>\n<p>&nbsp;<\/p>\n<p>&nbsp;<\/p>\n<p>Proizvod sigurno radi sa:<\/p>\n<p>&nbsp;<\/p>\n<p>Brother DCP-L 2500 D<\/p>\n<p>Brother DCP-L 2520 DW<\/p>\n<p>Brother DCP-L 2540 DN<\/p>\n<p>Brother DCP-L 2560 CDN<\/p>\n<p>Brother DCP-L 2560 CDW<\/p>\n<p>Brother DCP-L 2560 DN<\/p>\n<p>Brother DCP-L 2560 DW<\/p>\n<p>Brother DCP-L 2700 DW<\/p>\n<p>Brother HL-L 2300 D<\/p>\n<p>Brother HL-L 2320 D<\/p>\n<p>Brother HL-L 2321 D<\/p>\n<p>Brother HL-L 2340 DW<\/p>\n<p>Brother HL-L 2360 DN<\/p>\n<p>Brother HL-L 2360 DW<\/p>\n<p>Brother HL-L 2361 DN<\/p>\n<p>Brother HL-L 2365 DW<\/p>\n<p>Brother HL-L 2380 DW<\/p>\n<p>Brother MFC-L 2700 DN<\/p>\n<p>Brother MFC-L 2700 DW<\/p>\n<p>Brother MFC-L 2701<\/p>\n<p>Brother MFC-L 2701 DW<\/p>\n<p>Brother MFC-L 2703 DW<\/p>\n<p>Brother MFC-L 2720 DW<\/p>\n<p>Brother MFC-L 2740 CW<\/p>\n<p>Brother MFC-L 2740 DW<\/p>\n<p>&nbsp;<\/p>\n<p>&nbsp;<\/p>","protected":false},"excerpt":{"rendered":"<p>Na\u0161 visokokvalitetni zamjenski bubanj TNT je idealan za Brother DR-2300 \/ DR-630 pisa\u010de, pru\u017eaju\u0107i izvrsnu izvedbu i o\u0161tre crno-bijele ispise po pristupa\u010dnoj cijeni. Posebno dizajniran za kompatibilnost s va\u0161im Brother pisa\u010dem, ovaj bubanj osigurava pouzdanost i dugotrajnost, omogu\u0107uju\u0107i vam da postignete visok stupanj detalja i o\u0161trinu u svakom ispisu. &nbsp; &nbsp; &nbsp; S kapacitetom od [&hellip;]<\/p>\n","protected":false},"featured_media":6264,"comment_status":"open","ping_status":"closed","template":"","meta":{"om_disable_all_campaigns":false,"_monsterinsights_skip_tracking":false,"_monsterinsights_sitenote_active":false,"_monsterinsights_sitenote_note":"","_monsterinsights_sitenote_category":0,"_uf_show_specific_survey":0,"_uf_disable_surveys":false},"product_brand":[],"product_cat":[2578],"product_tag":[],"class_list":{"0":"post-5218","1":"product","2":"type-product","3":"status-publish","4":"has-post-thumbnail","6":"product_cat-bubanj","8":"first","9":"instock","10":"taxable","11":"shipping-taxable","12":"purchasable","13":"product-type-simple"},"aioseo_notices":[],"yoast_head":"<!-- This site is optimized with the Yoast SEO plugin v27.4 - https:\/\/yoast.com\/product\/yoast-seo-wordpress\/ -->\n<title>TNT zamjenski bubanj Brother DR-2300 \/ DR-630 Black - TNT<\/title>\n<meta name=\"description\" content=\"Zamjenski bubanj Brother DR-2300 \/ DR-630 Black za: Brother DCP-L 2500 D - Brother DCP-L 2560 DN - Brother HL-L 2361 DN - Brother MFC-L 2740 CW ...\" \/>\n<meta name=\"robots\" content=\"index, follow, max-snippet:-1, max-image-preview:large, max-video-preview:-1\" \/>\n<link rel=\"canonical\" href=\"https:\/\/tinte-toneri.hr\/en\/shop\/bubanj\/tnt-zamjenski-bubanj-brother-dr-2300-dr-630-drum\/\" \/>\n<meta property=\"og:locale\" content=\"en_US\" \/>\n<meta property=\"og:type\" content=\"article\" \/>\n<meta property=\"og:title\" content=\"TNT zamjenski bubanj Brother DR-2300 \/ DR-630 Black - TNT\" \/>\n<meta property=\"og:description\" content=\"Zamjenski bubanj Brother DR-2300 \/ DR-630 Black za: Brother DCP-L 2500 D - Brother DCP-L 2560 DN - Brother HL-L 2361 DN - Brother MFC-L 2740 CW ...\" \/>\n<meta property=\"og:url\" content=\"https:\/\/tinte-toneri.hr\/en\/shop\/bubanj\/tnt-zamjenski-bubanj-brother-dr-2300-dr-630-drum\/\" \/>\n<meta property=\"og:site_name\" content=\"TNT\" \/>\n<meta property=\"article:modified_time\" content=\"2024-09-17T09:56:42+00:00\" \/>\n<meta property=\"og:image\" content=\"https:\/\/tinte-toneri.hr\/wp-content\/uploads\/2023\/12\/Zamjenski-toner-black.png\" \/>\n\t<meta property=\"og:image:width\" content=\"2022\" \/>\n\t<meta property=\"og:image:height\" content=\"1376\" \/>\n\t<meta property=\"og:image:type\" content=\"image\/png\" \/>\n<meta name=\"twitter:card\" content=\"summary_large_image\" \/>\n<meta name=\"twitter:label1\" content=\"Est. reading time\" \/>\n\t<meta name=\"twitter:data1\" content=\"2 minutes\" \/>\n<script type=\"application\/ld+json\" class=\"yoast-schema-graph\">{\"@context\":\"https:\\\/\\\/schema.org\",\"@graph\":[{\"@type\":\"WebPage\",\"@id\":\"https:\\\/\\\/tinte-toneri.hr\\\/en\\\/shop\\\/bubanj\\\/tnt-zamjenski-bubanj-brother-dr-2300-dr-630-drum\\\/\",\"url\":\"https:\\\/\\\/tinte-toneri.hr\\\/en\\\/shop\\\/bubanj\\\/tnt-zamjenski-bubanj-brother-dr-2300-dr-630-drum\\\/\",\"name\":\"TNT zamjenski bubanj Brother DR-2300 \\\/ DR-630 Black - TNT\",\"isPartOf\":{\"@id\":\"https:\\\/\\\/tinte-toneri.hr\\\/#website\"},\"primaryImageOfPage\":{\"@id\":\"https:\\\/\\\/tinte-toneri.hr\\\/en\\\/shop\\\/bubanj\\\/tnt-zamjenski-bubanj-brother-dr-2300-dr-630-drum\\\/#primaryimage\"},\"image\":{\"@id\":\"https:\\\/\\\/tinte-toneri.hr\\\/en\\\/shop\\\/bubanj\\\/tnt-zamjenski-bubanj-brother-dr-2300-dr-630-drum\\\/#primaryimage\"},\"thumbnailUrl\":\"https:\\\/\\\/tinte-toneri.hr\\\/wp-content\\\/uploads\\\/2023\\\/12\\\/Zamjenski-toner-black.png\",\"datePublished\":\"2023-03-07T14:45:34+00:00\",\"dateModified\":\"2024-09-17T09:56:42+00:00\",\"description\":\"Zamjenski bubanj Brother DR-2300 \\\/ DR-630 Black za: Brother DCP-L 2500 D - Brother DCP-L 2560 DN - Brother HL-L 2361 DN - Brother MFC-L 2740 CW ...\",\"breadcrumb\":{\"@id\":\"https:\\\/\\\/tinte-toneri.hr\\\/en\\\/shop\\\/bubanj\\\/tnt-zamjenski-bubanj-brother-dr-2300-dr-630-drum\\\/#breadcrumb\"},\"inLanguage\":\"en-US\",\"potentialAction\":[{\"@type\":\"ReadAction\",\"target\":[\"https:\\\/\\\/tinte-toneri.hr\\\/en\\\/shop\\\/bubanj\\\/tnt-zamjenski-bubanj-brother-dr-2300-dr-630-drum\\\/\"]}]},{\"@type\":\"ImageObject\",\"inLanguage\":\"en-US\",\"@id\":\"https:\\\/\\\/tinte-toneri.hr\\\/en\\\/shop\\\/bubanj\\\/tnt-zamjenski-bubanj-brother-dr-2300-dr-630-drum\\\/#primaryimage\",\"url\":\"https:\\\/\\\/tinte-toneri.hr\\\/wp-content\\\/uploads\\\/2023\\\/12\\\/Zamjenski-toner-black.png\",\"contentUrl\":\"https:\\\/\\\/tinte-toneri.hr\\\/wp-content\\\/uploads\\\/2023\\\/12\\\/Zamjenski-toner-black.png\",\"width\":2022,\"height\":1376},{\"@type\":\"BreadcrumbList\",\"@id\":\"https:\\\/\\\/tinte-toneri.hr\\\/en\\\/shop\\\/bubanj\\\/tnt-zamjenski-bubanj-brother-dr-2300-dr-630-drum\\\/#breadcrumb\",\"itemListElement\":[{\"@type\":\"ListItem\",\"position\":1,\"name\":\"Po\u010detna stranica\",\"item\":\"https:\\\/\\\/tinte-toneri.hr\\\/\"},{\"@type\":\"ListItem\",\"position\":2,\"name\":\"Shop\",\"item\":\"https:\\\/\\\/tinte-toneri.hr\\\/shop\\\/\"},{\"@type\":\"ListItem\",\"position\":3,\"name\":\"TNT zamjenski bubanj Brother DR-2300 \\\/ DR-630 Black\"}]},{\"@type\":\"WebSite\",\"@id\":\"https:\\\/\\\/tinte-toneri.hr\\\/#website\",\"url\":\"https:\\\/\\\/tinte-toneri.hr\\\/\",\"name\":\"TNT\",\"description\":\"Tinte i toneri\",\"publisher\":{\"@id\":\"https:\\\/\\\/tinte-toneri.hr\\\/#organization\"},\"potentialAction\":[{\"@type\":\"SearchAction\",\"target\":{\"@type\":\"EntryPoint\",\"urlTemplate\":\"https:\\\/\\\/tinte-toneri.hr\\\/?s={search_term_string}\"},\"query-input\":{\"@type\":\"PropertyValueSpecification\",\"valueRequired\":true,\"valueName\":\"search_term_string\"}}],\"inLanguage\":\"en-US\"},{\"@type\":\"Organization\",\"@id\":\"https:\\\/\\\/tinte-toneri.hr\\\/#organization\",\"name\":\"TNT Global\",\"url\":\"https:\\\/\\\/tinte-toneri.hr\\\/\",\"logo\":{\"@type\":\"ImageObject\",\"inLanguage\":\"en-US\",\"@id\":\"https:\\\/\\\/tinte-toneri.hr\\\/#\\\/schema\\\/logo\\\/image\\\/\",\"url\":\"https:\\\/\\\/tinte-toneri.hr\\\/wp-content\\\/uploads\\\/2023\\\/10\\\/cropped-Logo1-removebg.png\",\"contentUrl\":\"https:\\\/\\\/tinte-toneri.hr\\\/wp-content\\\/uploads\\\/2023\\\/10\\\/cropped-Logo1-removebg.png\",\"width\":2124,\"height\":2129,\"caption\":\"TNT Global\"},\"image\":{\"@id\":\"https:\\\/\\\/tinte-toneri.hr\\\/#\\\/schema\\\/logo\\\/image\\\/\"}}]}<\/script>\n<!-- \/ Yoast SEO plugin. -->","yoast_head_json":{"title":"TNT zamjenski bubanj Brother DR-2300 \/ DR-630 Black - TNT","description":"Zamjenski bubanj Brother DR-2300 \/ DR-630 Black za: Brother DCP-L 2500 D - Brother DCP-L 2560 DN - Brother HL-L 2361 DN - Brother MFC-L 2740 CW ...","robots":{"index":"index","follow":"follow","max-snippet":"max-snippet:-1","max-image-preview":"max-image-preview:large","max-video-preview":"max-video-preview:-1"},"canonical":"https:\/\/tinte-toneri.hr\/en\/shop\/bubanj\/tnt-zamjenski-bubanj-brother-dr-2300-dr-630-drum\/","og_locale":"en_US","og_type":"article","og_title":"TNT zamjenski bubanj Brother DR-2300 \/ DR-630 Black - TNT","og_description":"Zamjenski bubanj Brother DR-2300 \/ DR-630 Black za: Brother DCP-L 2500 D - Brother DCP-L 2560 DN - Brother HL-L 2361 DN - Brother MFC-L 2740 CW ...","og_url":"https:\/\/tinte-toneri.hr\/en\/shop\/bubanj\/tnt-zamjenski-bubanj-brother-dr-2300-dr-630-drum\/","og_site_name":"TNT","article_modified_time":"2024-09-17T09:56:42+00:00","og_image":[{"width":2022,"height":1376,"url":"https:\/\/tinte-toneri.hr\/wp-content\/uploads\/2023\/12\/Zamjenski-toner-black.png","type":"image\/png"}],"twitter_card":"summary_large_image","twitter_misc":{"Est. reading time":"2 minutes"},"schema":{"@context":"https:\/\/schema.org","@graph":[{"@type":"WebPage","@id":"https:\/\/tinte-toneri.hr\/en\/shop\/bubanj\/tnt-zamjenski-bubanj-brother-dr-2300-dr-630-drum\/","url":"https:\/\/tinte-toneri.hr\/en\/shop\/bubanj\/tnt-zamjenski-bubanj-brother-dr-2300-dr-630-drum\/","name":"TNT zamjenski bubanj Brother DR-2300 \/ DR-630 Black - TNT","isPartOf":{"@id":"https:\/\/tinte-toneri.hr\/#website"},"primaryImageOfPage":{"@id":"https:\/\/tinte-toneri.hr\/en\/shop\/bubanj\/tnt-zamjenski-bubanj-brother-dr-2300-dr-630-drum\/#primaryimage"},"image":{"@id":"https:\/\/tinte-toneri.hr\/en\/shop\/bubanj\/tnt-zamjenski-bubanj-brother-dr-2300-dr-630-drum\/#primaryimage"},"thumbnailUrl":"https:\/\/tinte-toneri.hr\/wp-content\/uploads\/2023\/12\/Zamjenski-toner-black.png","datePublished":"2023-03-07T14:45:34+00:00","dateModified":"2024-09-17T09:56:42+00:00","description":"Zamjenski bubanj Brother DR-2300 \/ DR-630 Black za: Brother DCP-L 2500 D - Brother DCP-L 2560 DN - Brother HL-L 2361 DN - Brother MFC-L 2740 CW ...","breadcrumb":{"@id":"https:\/\/tinte-toneri.hr\/en\/shop\/bubanj\/tnt-zamjenski-bubanj-brother-dr-2300-dr-630-drum\/#breadcrumb"},"inLanguage":"en-US","potentialAction":[{"@type":"ReadAction","target":["https:\/\/tinte-toneri.hr\/en\/shop\/bubanj\/tnt-zamjenski-bubanj-brother-dr-2300-dr-630-drum\/"]}]},{"@type":"ImageObject","inLanguage":"en-US","@id":"https:\/\/tinte-toneri.hr\/en\/shop\/bubanj\/tnt-zamjenski-bubanj-brother-dr-2300-dr-630-drum\/#primaryimage","url":"https:\/\/tinte-toneri.hr\/wp-content\/uploads\/2023\/12\/Zamjenski-toner-black.png","contentUrl":"https:\/\/tinte-toneri.hr\/wp-content\/uploads\/2023\/12\/Zamjenski-toner-black.png","width":2022,"height":1376},{"@type":"BreadcrumbList","@id":"https:\/\/tinte-toneri.hr\/en\/shop\/bubanj\/tnt-zamjenski-bubanj-brother-dr-2300-dr-630-drum\/#breadcrumb","itemListElement":[{"@type":"ListItem","position":1,"name":"Po\u010detna stranica","item":"https:\/\/tinte-toneri.hr\/"},{"@type":"ListItem","position":2,"name":"Shop","item":"https:\/\/tinte-toneri.hr\/shop\/"},{"@type":"ListItem","position":3,"name":"TNT zamjenski bubanj Brother DR-2300 \/ DR-630 Black"}]},{"@type":"WebSite","@id":"https:\/\/tinte-toneri.hr\/#website","url":"https:\/\/tinte-toneri.hr\/","name":"TNT","description":"Tinte i toneri","publisher":{"@id":"https:\/\/tinte-toneri.hr\/#organization"},"potentialAction":[{"@type":"SearchAction","target":{"@type":"EntryPoint","urlTemplate":"https:\/\/tinte-toneri.hr\/?s={search_term_string}"},"query-input":{"@type":"PropertyValueSpecification","valueRequired":true,"valueName":"search_term_string"}}],"inLanguage":"en-US"},{"@type":"Organization","@id":"https:\/\/tinte-toneri.hr\/#organization","name":"TNT Global","url":"https:\/\/tinte-toneri.hr\/","logo":{"@type":"ImageObject","inLanguage":"en-US","@id":"https:\/\/tinte-toneri.hr\/#\/schema\/logo\/image\/","url":"https:\/\/tinte-toneri.hr\/wp-content\/uploads\/2023\/10\/cropped-Logo1-removebg.png","contentUrl":"https:\/\/tinte-toneri.hr\/wp-content\/uploads\/2023\/10\/cropped-Logo1-removebg.png","width":2124,"height":2129,"caption":"TNT Global"},"image":{"@id":"https:\/\/tinte-toneri.hr\/#\/schema\/logo\/image\/"}}]}},"jetpack_sharing_enabled":true,"_links":{"self":[{"href":"https:\/\/tinte-toneri.hr\/en\/wp-json\/wp\/v2\/product\/5218","targetHints":{"allow":["GET"]}}],"collection":[{"href":"https:\/\/tinte-toneri.hr\/en\/wp-json\/wp\/v2\/product"}],"about":[{"href":"https:\/\/tinte-toneri.hr\/en\/wp-json\/wp\/v2\/types\/product"}],"replies":[{"embeddable":true,"href":"https:\/\/tinte-toneri.hr\/en\/wp-json\/wp\/v2\/comments?post=5218"}],"wp:featuredmedia":[{"embeddable":true,"href":"https:\/\/tinte-toneri.hr\/en\/wp-json\/wp\/v2\/media\/6264"}],"wp:attachment":[{"href":"https:\/\/tinte-toneri.hr\/en\/wp-json\/wp\/v2\/media?parent=5218"}],"wp:term":[{"taxonomy":"product_brand","embeddable":true,"href":"https:\/\/tinte-toneri.hr\/en\/wp-json\/wp\/v2\/product_brand?post=5218"},{"taxonomy":"product_cat","embeddable":true,"href":"https:\/\/tinte-toneri.hr\/en\/wp-json\/wp\/v2\/product_cat?post=5218"},{"taxonomy":"product_tag","embeddable":true,"href":"https:\/\/tinte-toneri.hr\/en\/wp-json\/wp\/v2\/product_tag?post=5218"}],"curies":[{"name":"wp","href":"https:\/\/api.w.org\/{rel}","templated":true}]}}