{"id":5220,"date":"2023-03-07T14:45:34","date_gmt":"2023-03-07T14:45:34","guid":{"rendered":"https:\/\/tinte-toneri.hr\/?post_type=product&#038;p=5220"},"modified":"2024-09-17T09:56:43","modified_gmt":"2024-09-17T09:56:43","slug":"tnt-zamjenska-tinta-canon-cli571xl-y","status":"publish","type":"product","link":"https:\/\/tinte-toneri.hr\/en\/shop\/tinte\/zamjenske-tinte\/tnt-zamjenska-tinta-canon-cli571xl-y\/","title":{"rendered":"TNT zamjenska tinta Canon CLI-571XL Yellow"},"content":{"rendered":"<p>Upotrijebite na\u0161u vrhunsku zamjensku tintu TNT za Canon CLI-571XL Yellow kako biste osigurali iznimno kvalitetne ispise po pristupa\u010dnoj cijeni. Ova tinta je idealna za Canon pisa\u010de i pru\u017ea izvanredne rezultate.<\/p>\n<p>&nbsp;<\/p>\n<p>Na\u0161a TNT zamjenska tinta CLI-571XL Yellow je formulirana s vrhunskim pigmentima koji osiguravaju o\u0161tre i jasne boje. Bez obzira na to je li u pitanju tekst, grafika ili fotografija, ova tinta pru\u017ea konzistentne rezultate s visokim stupnjem detalja.<\/p>\n<p>&nbsp;<\/p>\n<p>Pored izvrsne kvalitete ispisa, na\u0161a zamjenska tinta CLI-571XL Yellow je i jednostavna za kori\u0161tenje. Napunite je u svoj Canon pisa\u010d bez napora i nastavite s besprijekornim ispisom. Tinta se lako integrira s va\u0161im pisa\u010dem, osiguravaju\u0107i pouzdane rezultate i minimalne smetnje tijekom ispisa.<\/p>\n<p>&nbsp;<\/p>\n<p>Ova zamjenska tinta CLI-571XL Yellow je pristupa\u010dna alternativa originalnim Canon tintama, bez kompromisa po pitanju kvalitete. U\u0161tedite novac bez gubitka na izvedbi. Uz na\u0161u TNT zamjensku tintu, dobit \u0107ete visokokvalitetne ispise po povoljnoj cijeni.<\/p>\n<p>&nbsp;<\/p>\n<p>Proizvod je kompatibilan sa:<\/p>\n<p>&nbsp;<\/p>\n<p>Canon Pixma MG 5750<\/p>\n<p>Canon Pixma MG 5751<\/p>\n<p>Canon Pixma MG 5752<\/p>\n<p>Canon Pixma MG 5753<\/p>\n<p>Canon Pixma MG 6850<\/p>\n<p>Canon Pixma MG 6851<\/p>\n<p>Canon Pixma MG 6852<\/p>\n<p>Canon Pixma MG 6853<\/p>\n<p>Canon Pixma MG 7750<\/p>\n<p>Canon Pixma MG 7751<\/p>\n<p>Canon Pixma MG 7752<\/p>\n<p>Canon Pixma MG 7753<\/p>\n<p>Canon Pixma TS 5050<\/p>\n<p>Canon Pixma TS 5051<\/p>\n<p>Canon Pixma TS 5052<\/p>\n<p>Canon Pixma TS 5053<\/p>\n<p>Canon Pixma TS 5055<\/p>\n<p>Canon Pixma TS 6040<\/p>\n<p>Canon Pixma TS 6050<\/p>\n<p>Canon Pixma TS 6051<\/p>\n<p>Canon Pixma TS 6052<\/p>\n<p>Canon Pixma TS 8040<\/p>\n<p>Canon Pixma TS 8050<\/p>\n<p>Canon Pixma TS 8051<\/p>\n<p>Canon Pixma TS 8052<\/p>\n<p>Canon Pixma TS 8053<\/p>\n<p>Canon Pixma TS 9040<\/p>\n<p>Canon Pixma TS 9050<\/p>\n<p>Canon Pixma TS 9055<\/p>","protected":false},"excerpt":{"rendered":"<p>Upotrijebite na\u0161u vrhunsku zamjensku tintu TNT za Canon CLI-571XL Yellow kako biste osigurali iznimno kvalitetne ispise po pristupa\u010dnoj cijeni. Ova tinta je idealna za Canon pisa\u010de i pru\u017ea izvanredne rezultate. &nbsp; Na\u0161a TNT zamjenska tinta CLI-571XL Yellow je formulirana s vrhunskim pigmentima koji osiguravaju o\u0161tre i jasne boje. Bez obzira na to je li u [&hellip;]<\/p>\n","protected":false},"featured_media":6272,"comment_status":"open","ping_status":"closed","template":"","meta":{"om_disable_all_campaigns":false,"_monsterinsights_skip_tracking":false,"_monsterinsights_sitenote_active":false,"_monsterinsights_sitenote_note":"","_monsterinsights_sitenote_category":0,"_uf_show_specific_survey":0,"_uf_disable_surveys":false},"product_brand":[],"product_cat":[21,28],"product_tag":[],"class_list":{"0":"post-5220","1":"product","2":"type-product","3":"status-publish","4":"has-post-thumbnail","6":"product_cat-tinte","7":"product_cat-zamjenske-tinte","9":"first","10":"instock","11":"taxable","12":"shipping-taxable","13":"purchasable","14":"product-type-simple"},"aioseo_notices":[],"jetpack_sharing_enabled":true,"_links":{"self":[{"href":"https:\/\/tinte-toneri.hr\/en\/wp-json\/wp\/v2\/product\/5220","targetHints":{"allow":["GET"]}}],"collection":[{"href":"https:\/\/tinte-toneri.hr\/en\/wp-json\/wp\/v2\/product"}],"about":[{"href":"https:\/\/tinte-toneri.hr\/en\/wp-json\/wp\/v2\/types\/product"}],"replies":[{"embeddable":true,"href":"https:\/\/tinte-toneri.hr\/en\/wp-json\/wp\/v2\/comments?post=5220"}],"wp:featuredmedia":[{"embeddable":true,"href":"https:\/\/tinte-toneri.hr\/en\/wp-json\/wp\/v2\/media\/6272"}],"wp:attachment":[{"href":"https:\/\/tinte-toneri.hr\/en\/wp-json\/wp\/v2\/media?parent=5220"}],"wp:term":[{"taxonomy":"product_brand","embeddable":true,"href":"https:\/\/tinte-toneri.hr\/en\/wp-json\/wp\/v2\/product_brand?post=5220"},{"taxonomy":"product_cat","embeddable":true,"href":"https:\/\/tinte-toneri.hr\/en\/wp-json\/wp\/v2\/product_cat?post=5220"},{"taxonomy":"product_tag","embeddable":true,"href":"https:\/\/tinte-toneri.hr\/en\/wp-json\/wp\/v2\/product_tag?post=5220"}],"curies":[{"name":"wp","href":"https:\/\/api.w.org\/{rel}","templated":true}]}}