{"id":5295,"date":"2023-03-07T14:45:58","date_gmt":"2023-03-07T14:45:58","guid":{"rendered":"https:\/\/tinte-toneri.hr\/?post_type=product&#038;p=5295"},"modified":"2024-09-23T06:50:38","modified_gmt":"2024-09-23T06:50:38","slug":"tnt-zamjenski-toner-hp-cb541a-ce321a-cf211a-crg-716-crg-731-cyan","status":"publish","type":"product","link":"https:\/\/tinte-toneri.hr\/en\/shop\/toneri\/zamjenski-toneri\/tnt-zamjenski-toner-hp-cb541a-ce321a-cf211a-crg-716-crg-731-cyan\/","title":{"rendered":"TNT zamjenski toner HP CB541A \/ CE321A \/ CF211A \/ CRG716 \/ CRG731 Cyan"},"content":{"rendered":"<p>Na\u0161 TNT zamjenski toner HP CB541A \/ CE321A \/ CF211A \/ CRG716 \/ CRG731<span style=\"color: red;\">\u00a0<\/span>pru\u017ea izvanredne rezultate ispisa s bogatim i \u017eivopisnim bojama za oko 1300<span style=\"color: red;\">\u00a0<\/span>stranica.<\/p>\n<p>&nbsp;<\/p>\n<p>&nbsp;<\/p>\n<p>&nbsp;<\/p>\n<p>Svaka stranica \u0107e o\u017eivjeti s visokom kvalitetom i profesionalnim izgledom koji va\u0161im dokumentima dodaje dozu elegancije.<\/p>\n<p>&nbsp;<\/p>\n<p>&nbsp;<\/p>\n<p>Ovaj zamjenski toner je pa\u017eljivo proizveden kako bi pru\u017eio pouzdane performanse i besprijekornu kompatibilnost s va\u0161im printerom. Na\u0161a formula visoke kvalitete osigurava \u010dist i o\u0161tar ispis, bez mrlja ili nepravilnosti.<\/p>\n<p>&nbsp;<\/p>\n<p>&nbsp;<\/p>\n<p>Uz na\u0161 TNT zamjenski toner HP CB541A \/ CE321A \/ CF211A \/ CRG716 \/ CRG731, ne samo da \u0107ete dobiti vrhunsku kvalitetu ispisa, ve\u0107 \u0107ete tako\u0111er u\u0161tedjeti na tro\u0161kovima ispisa. Na\u0161i zamjenski toneri pru\u017eaju izvrsnu vrijednost za novac, bez kompromisa na kvaliteti.<\/p>\n<p>&nbsp;<\/p>\n<p>&nbsp;<\/p>\n<p>&nbsp;<\/p>\n<p>Zamjenski toner HP CB541A \/ CE321A \/ CF211A \/ CRG716 \/ CRG731 Cyan radi sa:<\/p>\n<p>&nbsp;<\/p>\n<p>HP Color LaserJet CM 1312 CB MFP<\/p>\n<p>HP Color LaserJet CM 1312 CI MFP<\/p>\n<p>HP Color LaserJet CM 1312 EB MFP<\/p>\n<p>HP Color LaserJet CM 1312 EI MFP<\/p>\n<p>HP Color LaserJet CM 1312 MFP<\/p>\n<p>HP Color LaserJet CM 1312 NFI MFP<\/p>\n<p>HP Color LaserJet CM 1312 WB MFP<\/p>\n<p>HP Color LaserJet CM 1312 WI MFP<\/p>\n<p>HP Color LaserJet CM 1512 A<\/p>\n<p>HP Color LaserJet CM 1512 H<\/p>\n<p>HP Color LaserJet CM 1512 NFI<\/p>\n<p>HP Color LaserJet CM 1512 W<\/p>\n<p>HP Color LaserJet CP 1210<\/p>\n<p>HP Color LaserJet CP 1213<\/p>\n<p>HP Color LaserJet CP 1214<\/p>\n<p>HP Color LaserJet CP 1214 N<\/p>\n<p>HP Color LaserJet CP 1215<\/p>\n<p>HP Color LaserJet CP 1216<\/p>\n<p>HP Color LaserJet CP 1217<\/p>\n<p>HP Color LaserJet CP 1513<\/p>\n<p>HP Color LaserJet CP 1513 N<\/p>\n<p>HP Color LaserJet CP 1514 N<\/p>\n<p>HP Color LaserJet CP 1515 N<\/p>\n<p>HP Color LaserJet CP 1516 N<\/p>\n<p>HP Color LaserJet CP 1517 N<\/p>\n<p>HP Color LaserJet CP 1517 NI<\/p>\n<p>HP Color LaserJet CP 1518 NI<\/p>\n<p>HP Color LaserJet CP 1519 N<\/p>\n<p>HP Color LaserJet CP 1519 NI<\/p>\n<p>HP Color LaserJet Pro CM 1415 fn<\/p>\n<p>HP Color LaserJet Pro CM 1415 fnw<\/p>\n<p>HP Color LaserJet Pro CP 1525<\/p>\n<p>HP Color LaserJet Pro CP 1525 n<\/p>\n<p>HP Color LaserJet Pro CP 1525 nw<\/p>\n<p>HP LaserJet CP 1525<\/p>\n<p>HP LaserJet CP 1525 n<\/p>\n<p>HP LaserJet CP 1525 nw<\/p>\n<p>HP LaserJet CP 1526 nw<\/p>\n<p>HP LaserJet Pro 200 color M 251 n<\/p>\n<p>HP LaserJet Pro 200 color M 251 nw<\/p>\n<p>HP LaserJet Pro 200 color M 276 n<\/p>\n<p>HP LaserJet Pro 200 color M 276 nw<\/p>\n<p>HP LaserJet Pro CM 1411 fn<\/p>\n<p>HP LaserJet Pro CM 1412 fn<\/p>\n<p>HP LaserJet Pro CM 1413 fn<\/p>\n<p>HP LaserJet Pro CM 1415 fn<\/p>\n<p>HP LaserJet Pro CM 1415 fnw<\/p>\n<p>HP LaserJet Pro CM 1416 fnw<\/p>\n<p>HP LaserJet Pro CM 1417 fnw<\/p>\n<p>HP LaserJet Pro CM 1418 fnw<\/p>\n<p>HP LaserJet Pro CP 1521 n<\/p>\n<p>HP LaserJet Pro CP 1522 n<\/p>\n<p>HP LaserJet Pro CP 1523 n<\/p>\n<p>HP LaserJet Pro CP 1525<\/p>\n<p>HP LaserJet Pro CP 1525 n<\/p>\n<p>HP LaserJet Pro CP 1525 nw<\/p>\n<p>HP LaserJet Pro CP 1526 nw<\/p>\n<p>HP LaserJet Pro CP 1527 nw<\/p>\n<p>HP LaserJet Pro CP 1528 nw<\/p>\n<p>Canon LBP-5050<\/p>\n<p>Canon LBP-5050 n<\/p>\n<p>Canon i-SENSYS LBP-5050<\/p>\n<p>Canon i-SENSYS LBP-5050 n<\/p>\n<p>Canon i-SENSYS MF 8030<\/p>\n<p>Canon i-SENSYS MF 8030 cn<\/p>\n<p>Canon i-SENSYS MF 8040 cn<\/p>\n<p>Canon i-SENSYS MF 8050<\/p>\n<p>Canon i-SENSYS MF 8050 cn<\/p>\n<p>Canon i-SENSYS MF 8080 cw<\/p>\n<p>Canon imageCLASS MF 8050 cn<\/p>","protected":false},"excerpt":{"rendered":"<p>Na\u0161 TNT zamjenski toner HP CB541A \/ CE321A \/ CF211A \/ CRG716 \/ CRG731\u00a0pru\u017ea izvanredne rezultate ispisa s bogatim i \u017eivopisnim bojama za oko 1300\u00a0stranica. &nbsp; &nbsp; &nbsp; Svaka stranica \u0107e o\u017eivjeti s visokom kvalitetom i profesionalnim izgledom koji va\u0161im dokumentima dodaje dozu elegancije. &nbsp; &nbsp; Ovaj zamjenski toner je pa\u017eljivo proizveden kako bi pru\u017eio [&hellip;]<\/p>\n","protected":false},"featured_media":6265,"comment_status":"open","ping_status":"closed","template":"","meta":{"om_disable_all_campaigns":false,"_monsterinsights_skip_tracking":false,"_monsterinsights_sitenote_active":false,"_monsterinsights_sitenote_note":"","_monsterinsights_sitenote_category":0,"_uf_show_specific_survey":0,"_uf_disable_surveys":false},"product_brand":[],"product_cat":[22,24],"product_tag":[],"class_list":{"0":"post-5295","1":"product","2":"type-product","3":"status-publish","4":"has-post-thumbnail","6":"product_cat-toneri","7":"product_cat-zamjenski-toneri","9":"first","10":"instock","11":"taxable","12":"shipping-taxable","13":"purchasable","14":"product-type-simple"},"aioseo_notices":[],"yoast_head":"<!-- This site is optimized with the Yoast SEO plugin v27.4 - https:\/\/yoast.com\/product\/yoast-seo-wordpress\/ -->\n<title>TNT zamjenski toner HP CB541A \/ CE321A \/ CF211A \/ CRG716 \/ CRG731 Cyan - TNT<\/title>\n<meta name=\"description\" content=\"Zamjenski toner HP CB541A \/ CE321A \/ CF211A \/ CRG716 \/ CRG731 Cyan za: HP Color LaserJet CM 1312 CB MFP - Canon i-SENSYS LBP-5050 ...\" \/>\n<meta name=\"robots\" content=\"index, follow, max-snippet:-1, max-image-preview:large, max-video-preview:-1\" \/>\n<link rel=\"canonical\" href=\"https:\/\/tinte-toneri.hr\/en\/shop\/toneri\/zamjenski-toneri\/tnt-zamjenski-toner-hp-cb541a-ce321a-cf211a-crg-716-crg-731-cyan\/\" \/>\n<meta property=\"og:locale\" content=\"en_US\" \/>\n<meta property=\"og:type\" content=\"article\" \/>\n<meta property=\"og:title\" content=\"TNT zamjenski toner HP CB541A \/ CE321A \/ CF211A \/ CRG716 \/ CRG731 Cyan - TNT\" \/>\n<meta property=\"og:description\" content=\"Zamjenski toner HP CB541A \/ CE321A \/ CF211A \/ CRG716 \/ CRG731 Cyan za: HP Color LaserJet CM 1312 CB MFP - Canon i-SENSYS LBP-5050 ...\" \/>\n<meta property=\"og:url\" content=\"https:\/\/tinte-toneri.hr\/en\/shop\/toneri\/zamjenski-toneri\/tnt-zamjenski-toner-hp-cb541a-ce321a-cf211a-crg-716-crg-731-cyan\/\" \/>\n<meta property=\"og:site_name\" content=\"TNT\" \/>\n<meta property=\"article:modified_time\" content=\"2024-09-23T06:50:38+00:00\" \/>\n<meta property=\"og:image\" content=\"https:\/\/tinte-toneri.hr\/wp-content\/uploads\/2023\/12\/Zamjenski-toner-cyan.png\" \/>\n\t<meta property=\"og:image:width\" content=\"2022\" \/>\n\t<meta property=\"og:image:height\" content=\"1376\" \/>\n\t<meta property=\"og:image:type\" content=\"image\/png\" \/>\n<meta name=\"twitter:card\" content=\"summary_large_image\" \/>\n<meta name=\"twitter:label1\" content=\"Est. reading time\" \/>\n\t<meta name=\"twitter:data1\" content=\"3 minutes\" \/>\n<script type=\"application\/ld+json\" class=\"yoast-schema-graph\">{\"@context\":\"https:\\\/\\\/schema.org\",\"@graph\":[{\"@type\":\"WebPage\",\"@id\":\"https:\\\/\\\/tinte-toneri.hr\\\/en\\\/shop\\\/toneri\\\/zamjenski-toneri\\\/tnt-zamjenski-toner-hp-cb541a-ce321a-cf211a-crg-716-crg-731-cyan\\\/\",\"url\":\"https:\\\/\\\/tinte-toneri.hr\\\/en\\\/shop\\\/toneri\\\/zamjenski-toneri\\\/tnt-zamjenski-toner-hp-cb541a-ce321a-cf211a-crg-716-crg-731-cyan\\\/\",\"name\":\"TNT zamjenski toner HP CB541A \\\/ CE321A \\\/ CF211A \\\/ CRG716 \\\/ CRG731 Cyan - TNT\",\"isPartOf\":{\"@id\":\"https:\\\/\\\/tinte-toneri.hr\\\/#website\"},\"primaryImageOfPage\":{\"@id\":\"https:\\\/\\\/tinte-toneri.hr\\\/en\\\/shop\\\/toneri\\\/zamjenski-toneri\\\/tnt-zamjenski-toner-hp-cb541a-ce321a-cf211a-crg-716-crg-731-cyan\\\/#primaryimage\"},\"image\":{\"@id\":\"https:\\\/\\\/tinte-toneri.hr\\\/en\\\/shop\\\/toneri\\\/zamjenski-toneri\\\/tnt-zamjenski-toner-hp-cb541a-ce321a-cf211a-crg-716-crg-731-cyan\\\/#primaryimage\"},\"thumbnailUrl\":\"https:\\\/\\\/tinte-toneri.hr\\\/wp-content\\\/uploads\\\/2023\\\/12\\\/Zamjenski-toner-cyan.png\",\"datePublished\":\"2023-03-07T14:45:58+00:00\",\"dateModified\":\"2024-09-23T06:50:38+00:00\",\"description\":\"Zamjenski toner HP CB541A \\\/ CE321A \\\/ CF211A \\\/ CRG716 \\\/ CRG731 Cyan za: HP Color LaserJet CM 1312 CB MFP - Canon i-SENSYS LBP-5050 ...\",\"breadcrumb\":{\"@id\":\"https:\\\/\\\/tinte-toneri.hr\\\/en\\\/shop\\\/toneri\\\/zamjenski-toneri\\\/tnt-zamjenski-toner-hp-cb541a-ce321a-cf211a-crg-716-crg-731-cyan\\\/#breadcrumb\"},\"inLanguage\":\"en-US\",\"potentialAction\":[{\"@type\":\"ReadAction\",\"target\":[\"https:\\\/\\\/tinte-toneri.hr\\\/en\\\/shop\\\/toneri\\\/zamjenski-toneri\\\/tnt-zamjenski-toner-hp-cb541a-ce321a-cf211a-crg-716-crg-731-cyan\\\/\"]}]},{\"@type\":\"ImageObject\",\"inLanguage\":\"en-US\",\"@id\":\"https:\\\/\\\/tinte-toneri.hr\\\/en\\\/shop\\\/toneri\\\/zamjenski-toneri\\\/tnt-zamjenski-toner-hp-cb541a-ce321a-cf211a-crg-716-crg-731-cyan\\\/#primaryimage\",\"url\":\"https:\\\/\\\/tinte-toneri.hr\\\/wp-content\\\/uploads\\\/2023\\\/12\\\/Zamjenski-toner-cyan.png\",\"contentUrl\":\"https:\\\/\\\/tinte-toneri.hr\\\/wp-content\\\/uploads\\\/2023\\\/12\\\/Zamjenski-toner-cyan.png\",\"width\":2022,\"height\":1376},{\"@type\":\"BreadcrumbList\",\"@id\":\"https:\\\/\\\/tinte-toneri.hr\\\/en\\\/shop\\\/toneri\\\/zamjenski-toneri\\\/tnt-zamjenski-toner-hp-cb541a-ce321a-cf211a-crg-716-crg-731-cyan\\\/#breadcrumb\",\"itemListElement\":[{\"@type\":\"ListItem\",\"position\":1,\"name\":\"Po\u010detna stranica\",\"item\":\"https:\\\/\\\/tinte-toneri.hr\\\/\"},{\"@type\":\"ListItem\",\"position\":2,\"name\":\"Shop\",\"item\":\"https:\\\/\\\/tinte-toneri.hr\\\/shop\\\/\"},{\"@type\":\"ListItem\",\"position\":3,\"name\":\"TNT zamjenski toner HP CB541A \\\/ CE321A \\\/ CF211A \\\/ CRG716 \\\/ CRG731 Cyan\"}]},{\"@type\":\"WebSite\",\"@id\":\"https:\\\/\\\/tinte-toneri.hr\\\/#website\",\"url\":\"https:\\\/\\\/tinte-toneri.hr\\\/\",\"name\":\"TNT\",\"description\":\"Tinte i toneri\",\"publisher\":{\"@id\":\"https:\\\/\\\/tinte-toneri.hr\\\/#organization\"},\"potentialAction\":[{\"@type\":\"SearchAction\",\"target\":{\"@type\":\"EntryPoint\",\"urlTemplate\":\"https:\\\/\\\/tinte-toneri.hr\\\/?s={search_term_string}\"},\"query-input\":{\"@type\":\"PropertyValueSpecification\",\"valueRequired\":true,\"valueName\":\"search_term_string\"}}],\"inLanguage\":\"en-US\"},{\"@type\":\"Organization\",\"@id\":\"https:\\\/\\\/tinte-toneri.hr\\\/#organization\",\"name\":\"TNT Global\",\"url\":\"https:\\\/\\\/tinte-toneri.hr\\\/\",\"logo\":{\"@type\":\"ImageObject\",\"inLanguage\":\"en-US\",\"@id\":\"https:\\\/\\\/tinte-toneri.hr\\\/#\\\/schema\\\/logo\\\/image\\\/\",\"url\":\"https:\\\/\\\/tinte-toneri.hr\\\/wp-content\\\/uploads\\\/2023\\\/10\\\/cropped-Logo1-removebg.png\",\"contentUrl\":\"https:\\\/\\\/tinte-toneri.hr\\\/wp-content\\\/uploads\\\/2023\\\/10\\\/cropped-Logo1-removebg.png\",\"width\":2124,\"height\":2129,\"caption\":\"TNT Global\"},\"image\":{\"@id\":\"https:\\\/\\\/tinte-toneri.hr\\\/#\\\/schema\\\/logo\\\/image\\\/\"}}]}<\/script>\n<!-- \/ Yoast SEO plugin. -->","yoast_head_json":{"title":"TNT zamjenski toner HP CB541A \/ CE321A \/ CF211A \/ CRG716 \/ CRG731 Cyan - TNT","description":"Zamjenski toner HP CB541A \/ CE321A \/ CF211A \/ CRG716 \/ CRG731 Cyan za: HP Color LaserJet CM 1312 CB MFP - Canon i-SENSYS LBP-5050 ...","robots":{"index":"index","follow":"follow","max-snippet":"max-snippet:-1","max-image-preview":"max-image-preview:large","max-video-preview":"max-video-preview:-1"},"canonical":"https:\/\/tinte-toneri.hr\/en\/shop\/toneri\/zamjenski-toneri\/tnt-zamjenski-toner-hp-cb541a-ce321a-cf211a-crg-716-crg-731-cyan\/","og_locale":"en_US","og_type":"article","og_title":"TNT zamjenski toner HP CB541A \/ CE321A \/ CF211A \/ CRG716 \/ CRG731 Cyan - TNT","og_description":"Zamjenski toner HP CB541A \/ CE321A \/ CF211A \/ CRG716 \/ CRG731 Cyan za: HP Color LaserJet CM 1312 CB MFP - Canon i-SENSYS LBP-5050 ...","og_url":"https:\/\/tinte-toneri.hr\/en\/shop\/toneri\/zamjenski-toneri\/tnt-zamjenski-toner-hp-cb541a-ce321a-cf211a-crg-716-crg-731-cyan\/","og_site_name":"TNT","article_modified_time":"2024-09-23T06:50:38+00:00","og_image":[{"width":2022,"height":1376,"url":"https:\/\/tinte-toneri.hr\/wp-content\/uploads\/2023\/12\/Zamjenski-toner-cyan.png","type":"image\/png"}],"twitter_card":"summary_large_image","twitter_misc":{"Est. reading time":"3 minutes"},"schema":{"@context":"https:\/\/schema.org","@graph":[{"@type":"WebPage","@id":"https:\/\/tinte-toneri.hr\/en\/shop\/toneri\/zamjenski-toneri\/tnt-zamjenski-toner-hp-cb541a-ce321a-cf211a-crg-716-crg-731-cyan\/","url":"https:\/\/tinte-toneri.hr\/en\/shop\/toneri\/zamjenski-toneri\/tnt-zamjenski-toner-hp-cb541a-ce321a-cf211a-crg-716-crg-731-cyan\/","name":"TNT zamjenski toner HP CB541A \/ CE321A \/ CF211A \/ CRG716 \/ CRG731 Cyan - TNT","isPartOf":{"@id":"https:\/\/tinte-toneri.hr\/#website"},"primaryImageOfPage":{"@id":"https:\/\/tinte-toneri.hr\/en\/shop\/toneri\/zamjenski-toneri\/tnt-zamjenski-toner-hp-cb541a-ce321a-cf211a-crg-716-crg-731-cyan\/#primaryimage"},"image":{"@id":"https:\/\/tinte-toneri.hr\/en\/shop\/toneri\/zamjenski-toneri\/tnt-zamjenski-toner-hp-cb541a-ce321a-cf211a-crg-716-crg-731-cyan\/#primaryimage"},"thumbnailUrl":"https:\/\/tinte-toneri.hr\/wp-content\/uploads\/2023\/12\/Zamjenski-toner-cyan.png","datePublished":"2023-03-07T14:45:58+00:00","dateModified":"2024-09-23T06:50:38+00:00","description":"Zamjenski toner HP CB541A \/ CE321A \/ CF211A \/ CRG716 \/ CRG731 Cyan za: HP Color LaserJet CM 1312 CB MFP - Canon i-SENSYS LBP-5050 ...","breadcrumb":{"@id":"https:\/\/tinte-toneri.hr\/en\/shop\/toneri\/zamjenski-toneri\/tnt-zamjenski-toner-hp-cb541a-ce321a-cf211a-crg-716-crg-731-cyan\/#breadcrumb"},"inLanguage":"en-US","potentialAction":[{"@type":"ReadAction","target":["https:\/\/tinte-toneri.hr\/en\/shop\/toneri\/zamjenski-toneri\/tnt-zamjenski-toner-hp-cb541a-ce321a-cf211a-crg-716-crg-731-cyan\/"]}]},{"@type":"ImageObject","inLanguage":"en-US","@id":"https:\/\/tinte-toneri.hr\/en\/shop\/toneri\/zamjenski-toneri\/tnt-zamjenski-toner-hp-cb541a-ce321a-cf211a-crg-716-crg-731-cyan\/#primaryimage","url":"https:\/\/tinte-toneri.hr\/wp-content\/uploads\/2023\/12\/Zamjenski-toner-cyan.png","contentUrl":"https:\/\/tinte-toneri.hr\/wp-content\/uploads\/2023\/12\/Zamjenski-toner-cyan.png","width":2022,"height":1376},{"@type":"BreadcrumbList","@id":"https:\/\/tinte-toneri.hr\/en\/shop\/toneri\/zamjenski-toneri\/tnt-zamjenski-toner-hp-cb541a-ce321a-cf211a-crg-716-crg-731-cyan\/#breadcrumb","itemListElement":[{"@type":"ListItem","position":1,"name":"Po\u010detna stranica","item":"https:\/\/tinte-toneri.hr\/"},{"@type":"ListItem","position":2,"name":"Shop","item":"https:\/\/tinte-toneri.hr\/shop\/"},{"@type":"ListItem","position":3,"name":"TNT zamjenski toner HP CB541A \/ CE321A \/ CF211A \/ CRG716 \/ CRG731 Cyan"}]},{"@type":"WebSite","@id":"https:\/\/tinte-toneri.hr\/#website","url":"https:\/\/tinte-toneri.hr\/","name":"TNT","description":"Tinte i toneri","publisher":{"@id":"https:\/\/tinte-toneri.hr\/#organization"},"potentialAction":[{"@type":"SearchAction","target":{"@type":"EntryPoint","urlTemplate":"https:\/\/tinte-toneri.hr\/?s={search_term_string}"},"query-input":{"@type":"PropertyValueSpecification","valueRequired":true,"valueName":"search_term_string"}}],"inLanguage":"en-US"},{"@type":"Organization","@id":"https:\/\/tinte-toneri.hr\/#organization","name":"TNT Global","url":"https:\/\/tinte-toneri.hr\/","logo":{"@type":"ImageObject","inLanguage":"en-US","@id":"https:\/\/tinte-toneri.hr\/#\/schema\/logo\/image\/","url":"https:\/\/tinte-toneri.hr\/wp-content\/uploads\/2023\/10\/cropped-Logo1-removebg.png","contentUrl":"https:\/\/tinte-toneri.hr\/wp-content\/uploads\/2023\/10\/cropped-Logo1-removebg.png","width":2124,"height":2129,"caption":"TNT Global"},"image":{"@id":"https:\/\/tinte-toneri.hr\/#\/schema\/logo\/image\/"}}]}},"jetpack_sharing_enabled":true,"_links":{"self":[{"href":"https:\/\/tinte-toneri.hr\/en\/wp-json\/wp\/v2\/product\/5295","targetHints":{"allow":["GET"]}}],"collection":[{"href":"https:\/\/tinte-toneri.hr\/en\/wp-json\/wp\/v2\/product"}],"about":[{"href":"https:\/\/tinte-toneri.hr\/en\/wp-json\/wp\/v2\/types\/product"}],"replies":[{"embeddable":true,"href":"https:\/\/tinte-toneri.hr\/en\/wp-json\/wp\/v2\/comments?post=5295"}],"wp:featuredmedia":[{"embeddable":true,"href":"https:\/\/tinte-toneri.hr\/en\/wp-json\/wp\/v2\/media\/6265"}],"wp:attachment":[{"href":"https:\/\/tinte-toneri.hr\/en\/wp-json\/wp\/v2\/media?parent=5295"}],"wp:term":[{"taxonomy":"product_brand","embeddable":true,"href":"https:\/\/tinte-toneri.hr\/en\/wp-json\/wp\/v2\/product_brand?post=5295"},{"taxonomy":"product_cat","embeddable":true,"href":"https:\/\/tinte-toneri.hr\/en\/wp-json\/wp\/v2\/product_cat?post=5295"},{"taxonomy":"product_tag","embeddable":true,"href":"https:\/\/tinte-toneri.hr\/en\/wp-json\/wp\/v2\/product_tag?post=5295"}],"curies":[{"name":"wp","href":"https:\/\/api.w.org\/{rel}","templated":true}]}}