{"id":5514,"date":"2023-05-12T20:34:57","date_gmt":"2023-05-12T20:34:57","guid":{"rendered":"https:\/\/tinte-toneri.hr\/?post_type=product&#038;p=5514"},"modified":"2024-09-17T09:55:30","modified_gmt":"2024-09-17T09:55:30","slug":"adler-samsung-mlt-r116-drum-black-zamjenski-bubanj","status":"publish","type":"product","link":"https:\/\/tinte-toneri.hr\/en\/shop\/bubanj\/adler-samsung-mlt-r116-drum-black-zamjenski-bubanj\/","title":{"rendered":"TNT zamjenski bubanj Samsung MLT-R116 Black"},"content":{"rendered":"<p>Vrhunska zamjenska opcija koja \u0107e vam pru\u017eiti izvanredne rezultate i dugotrajnu pouzdanost.<\/p>\n<p>&nbsp;<\/p>\n<p>&nbsp;<\/p>\n<p>Napravljen je s pa\u017enjom prema detaljima i koristi najnoviju tehnologiju kako bi osigurao vrhunsku izvedbu. S ovim bubnjem, va\u0161 printer \u0107e pru\u017eiti o\u0161tre i \u010diste crno-bijele ispise svaki put.<\/p>\n<p>&nbsp;<\/p>\n<p>&nbsp;<\/p>\n<p>Izra\u0111en je od materijala koji osiguravaju trajnost i dugotrajnost. Na\u0161 zamjenski bubanj je kompatibilan s Samsung MLT-R116 Black modelom, \u0161to ga \u010dini savr\u0161enim izborom za va\u0161 printer. Tako\u0111er je jednostavan za instalaciju, bez potrebe za posebnim alatima ili tehni\u010dkim znanjem.<\/p>\n<p>&nbsp;<\/p>\n<p>&nbsp;<\/p>\n<p>Uz TNT zamjenski bubanj, dobit \u0107ete izvanrednu vrijednost po pristupa\u010dnoj cijeni. Kvaliteta ispisa ne\u0107e biti \u017ertvovana, a istovremeno \u0107ete u\u0161tedjeti na tro\u0161kovima odr\u017eavanja printera. Na\u0161a zamjenska opcija je odli\u010dan izbor za korisnike koji \u017eele visoku kvalitetu, pouzdanost i ekonomi\u010dnost.<\/p>\n<p>&nbsp;<\/p>\n<p>&nbsp;<\/p>\n<p>&nbsp;<\/p>\n<p>Zamjenski bubanj Samsung MLT-R116 Black radi u:<\/p>\n<p>&nbsp;<\/p>\n<p>Samsung SL:<\/p>\n<p>Samsung SL-M 2620<\/p>\n<p>Samsung SL-M 2620 D<\/p>\n<p>Samsung SL-M 2620 ND<\/p>\n<p>Samsung SL-M 2620 Series<\/p>\n<p>Samsung SL-M 2625<\/p>\n<p>Samsung SL-M 2625 D<\/p>\n<p>Samsung SL-M 2625 F<\/p>\n<p>Samsung SL-M 2625 FN<\/p>\n<p>Samsung SL-M 2625 N<\/p>\n<p>Samsung SL-M 2625 Series<\/p>\n<p>Samsung SL-M 2626<\/p>\n<p>Samsung SL-M 2675 FN<\/p>\n<p>Samsung SL-M 2820 D<\/p>\n<p>Samsung SL-M 2820 DW<\/p>\n<p>Samsung SL-M 2820 ND<\/p>\n<p>Samsung SL-M 2820 Series<\/p>\n<p>Samsung SL-M 2826<\/p>\n<p>Samsung SL-M 2870 FD<\/p>\n<p>Samsung SL-M 2870 FW<\/p>\n<p>Samsung SL-M 2871 FW<\/p>\n<p>Samsung SL-M 2876<\/p>\n<p>&nbsp;<\/p>\n<p>Samsung Xpress:<\/p>\n<p>Samsung Xpress M 2620<\/p>\n<p>Samsung Xpress M 2620 D<\/p>\n<p>Samsung Xpress M 2620 ND<\/p>\n<p>Samsung Xpress M 2620 Series<\/p>\n<p>Samsung Xpress M 2625<\/p>\n<p>Samsung Xpress M 2625 D<\/p>\n<p>Samsung Xpress M 2625 D Premium Line<\/p>\n<p>Samsung Xpress M 2625 F<\/p>\n<p>Samsung Xpress M 2625 FN<\/p>\n<p>Samsung Xpress M 2625 N<\/p>\n<p>Samsung Xpress M 2625 Series<\/p>\n<p>Samsung Xpress M 2626<\/p>\n<p>Samsung Xpress M 2675 F<\/p>\n<p>Samsung Xpress M 2675 FN<\/p>\n<p>Samsung Xpress M 2675 FN Premium Line<\/p>\n<p>Samsung Xpress M 2675 Series<\/p>\n<p>Samsung Xpress M 2676<\/p>\n<p>Samsung Xpress M 2820 D<\/p>\n<p>Samsung Xpress M 2820 DW<\/p>\n<p>Samsung Xpress M 2820 ND<\/p>\n<p>Samsung Xpress M 2820 Series<\/p>\n<p>Samsung Xpress M 2825 DW<\/p>\n<p>Samsung Xpress M 2825 ND<\/p>\n<p>Samsung Xpress M 2825 ND Premium Line<\/p>\n<p>Samsung Xpress M 2825 Series<\/p>\n<p>Samsung Xpress M 2826<\/p>\n<p>Samsung Xpress M 2830 DW<\/p>\n<p>Samsung Xpress M 2835 DW<\/p>\n<p>Samsung Xpress M 2835 DW Premium Line<\/p>\n<p>Samsung Xpress M 2870 FD<\/p>\n<p>Samsung Xpress M 2870 FW<\/p>\n<p>Samsung Xpress M 2871 FW<\/p>\n<p>Samsung Xpress M 2875 DW<\/p>\n<p>Samsung Xpress M 2875 FD<\/p>\n<p>Samsung Xpress M 2875 FD Premium Line<\/p>\n<p>Samsung Xpress M 2875 FW<\/p>\n<p>Samsung Xpress M 2875 ND<\/p>\n<p>Samsung Xpress M 2875 Series<\/p>\n<p>Samsung Xpress M 2876<\/p>\n<p>Samsung Xpress M 2885<\/p>\n<p>Samsung Xpress M 2885 FW<\/p>\n<p>Samsung Xpress M 2885 FW Premium Line<\/p>\n<p>Samsung Xpress M 2885 Series<\/p>\n<p>&nbsp;<\/p>","protected":false},"excerpt":{"rendered":"<p>Vrhunska zamjenska opcija koja \u0107e vam pru\u017eiti izvanredne rezultate i dugotrajnu pouzdanost. &nbsp; &nbsp; Napravljen je s pa\u017enjom prema detaljima i koristi najnoviju tehnologiju kako bi osigurao vrhunsku izvedbu. S ovim bubnjem, va\u0161 printer \u0107e pru\u017eiti o\u0161tre i \u010diste crno-bijele ispise svaki put. &nbsp; &nbsp; Izra\u0111en je od materijala koji osiguravaju trajnost i dugotrajnost. Na\u0161 [&hellip;]<\/p>\n","protected":false},"featured_media":6264,"comment_status":"open","ping_status":"closed","template":"","meta":{"om_disable_all_campaigns":false,"_monsterinsights_skip_tracking":false,"_monsterinsights_sitenote_active":false,"_monsterinsights_sitenote_note":"","_monsterinsights_sitenote_category":0,"_uf_show_specific_survey":0,"_uf_disable_surveys":false},"product_brand":[],"product_cat":[2578],"product_tag":[],"class_list":{"0":"post-5514","1":"product","2":"type-product","3":"status-publish","4":"has-post-thumbnail","6":"product_cat-bubanj","8":"first","9":"instock","10":"taxable","11":"shipping-taxable","12":"purchasable","13":"product-type-simple"},"aioseo_notices":[],"yoast_head":"<!-- This site is optimized with the Yoast SEO plugin v27.4 - https:\/\/yoast.com\/product\/yoast-seo-wordpress\/ -->\n<title>TNT zamjenski bubanj Samsung MLT-R116 Black - TNT<\/title>\n<meta name=\"description\" content=\"Zamjenski bubanj Samsung MLT-R116 Black\" \/>\n<meta name=\"robots\" content=\"index, follow, max-snippet:-1, max-image-preview:large, max-video-preview:-1\" \/>\n<link rel=\"canonical\" href=\"https:\/\/tinte-toneri.hr\/en\/shop\/bubanj\/adler-samsung-mlt-r116-drum-black-zamjenski-bubanj\/\" \/>\n<meta property=\"og:locale\" content=\"en_US\" \/>\n<meta property=\"og:type\" content=\"article\" \/>\n<meta property=\"og:title\" content=\"TNT zamjenski bubanj Samsung MLT-R116 Black - TNT\" \/>\n<meta property=\"og:description\" content=\"Zamjenski bubanj Samsung MLT-R116 Black\" \/>\n<meta property=\"og:url\" content=\"https:\/\/tinte-toneri.hr\/en\/shop\/bubanj\/adler-samsung-mlt-r116-drum-black-zamjenski-bubanj\/\" \/>\n<meta property=\"og:site_name\" content=\"TNT\" \/>\n<meta property=\"article:modified_time\" content=\"2024-09-17T09:55:30+00:00\" \/>\n<meta property=\"og:image\" content=\"https:\/\/tinte-toneri.hr\/wp-content\/uploads\/2023\/12\/Zamjenski-toner-black.png\" \/>\n\t<meta property=\"og:image:width\" content=\"2022\" \/>\n\t<meta property=\"og:image:height\" content=\"1376\" \/>\n\t<meta property=\"og:image:type\" content=\"image\/png\" \/>\n<meta name=\"twitter:card\" content=\"summary_large_image\" \/>\n<meta name=\"twitter:label1\" content=\"Est. reading time\" \/>\n\t<meta name=\"twitter:data1\" content=\"3 minutes\" \/>\n<script type=\"application\/ld+json\" class=\"yoast-schema-graph\">{\"@context\":\"https:\\\/\\\/schema.org\",\"@graph\":[{\"@type\":\"WebPage\",\"@id\":\"https:\\\/\\\/tinte-toneri.hr\\\/shop\\\/bubanj\\\/adler-samsung-mlt-r116-drum-black-zamjenski-bubanj\\\/\",\"url\":\"https:\\\/\\\/tinte-toneri.hr\\\/shop\\\/bubanj\\\/adler-samsung-mlt-r116-drum-black-zamjenski-bubanj\\\/\",\"name\":\"TNT zamjenski bubanj Samsung MLT-R116 Black - TNT\",\"isPartOf\":{\"@id\":\"https:\\\/\\\/tinte-toneri.hr\\\/#website\"},\"primaryImageOfPage\":{\"@id\":\"https:\\\/\\\/tinte-toneri.hr\\\/shop\\\/bubanj\\\/adler-samsung-mlt-r116-drum-black-zamjenski-bubanj\\\/#primaryimage\"},\"image\":{\"@id\":\"https:\\\/\\\/tinte-toneri.hr\\\/shop\\\/bubanj\\\/adler-samsung-mlt-r116-drum-black-zamjenski-bubanj\\\/#primaryimage\"},\"thumbnailUrl\":\"https:\\\/\\\/tinte-toneri.hr\\\/wp-content\\\/uploads\\\/2023\\\/12\\\/Zamjenski-toner-black.png\",\"datePublished\":\"2023-05-12T20:34:57+00:00\",\"dateModified\":\"2024-09-17T09:55:30+00:00\",\"description\":\"Zamjenski bubanj Samsung MLT-R116 Black\",\"breadcrumb\":{\"@id\":\"https:\\\/\\\/tinte-toneri.hr\\\/shop\\\/bubanj\\\/adler-samsung-mlt-r116-drum-black-zamjenski-bubanj\\\/#breadcrumb\"},\"inLanguage\":\"en-US\",\"potentialAction\":[{\"@type\":\"ReadAction\",\"target\":[\"https:\\\/\\\/tinte-toneri.hr\\\/shop\\\/bubanj\\\/adler-samsung-mlt-r116-drum-black-zamjenski-bubanj\\\/\"]}]},{\"@type\":\"ImageObject\",\"inLanguage\":\"en-US\",\"@id\":\"https:\\\/\\\/tinte-toneri.hr\\\/shop\\\/bubanj\\\/adler-samsung-mlt-r116-drum-black-zamjenski-bubanj\\\/#primaryimage\",\"url\":\"https:\\\/\\\/tinte-toneri.hr\\\/wp-content\\\/uploads\\\/2023\\\/12\\\/Zamjenski-toner-black.png\",\"contentUrl\":\"https:\\\/\\\/tinte-toneri.hr\\\/wp-content\\\/uploads\\\/2023\\\/12\\\/Zamjenski-toner-black.png\",\"width\":2022,\"height\":1376},{\"@type\":\"BreadcrumbList\",\"@id\":\"https:\\\/\\\/tinte-toneri.hr\\\/shop\\\/bubanj\\\/adler-samsung-mlt-r116-drum-black-zamjenski-bubanj\\\/#breadcrumb\",\"itemListElement\":[{\"@type\":\"ListItem\",\"position\":1,\"name\":\"Po\u010detna stranica\",\"item\":\"https:\\\/\\\/tinte-toneri.hr\\\/\"},{\"@type\":\"ListItem\",\"position\":2,\"name\":\"Shop\",\"item\":\"https:\\\/\\\/tinte-toneri.hr\\\/shop\\\/\"},{\"@type\":\"ListItem\",\"position\":3,\"name\":\"TNT zamjenski bubanj Samsung MLT-R116 Black\"}]},{\"@type\":\"WebSite\",\"@id\":\"https:\\\/\\\/tinte-toneri.hr\\\/#website\",\"url\":\"https:\\\/\\\/tinte-toneri.hr\\\/\",\"name\":\"TNT\",\"description\":\"Tinte i toneri\",\"publisher\":{\"@id\":\"https:\\\/\\\/tinte-toneri.hr\\\/#organization\"},\"potentialAction\":[{\"@type\":\"SearchAction\",\"target\":{\"@type\":\"EntryPoint\",\"urlTemplate\":\"https:\\\/\\\/tinte-toneri.hr\\\/?s={search_term_string}\"},\"query-input\":{\"@type\":\"PropertyValueSpecification\",\"valueRequired\":true,\"valueName\":\"search_term_string\"}}],\"inLanguage\":\"en-US\"},{\"@type\":\"Organization\",\"@id\":\"https:\\\/\\\/tinte-toneri.hr\\\/#organization\",\"name\":\"TNT Global\",\"url\":\"https:\\\/\\\/tinte-toneri.hr\\\/\",\"logo\":{\"@type\":\"ImageObject\",\"inLanguage\":\"en-US\",\"@id\":\"https:\\\/\\\/tinte-toneri.hr\\\/#\\\/schema\\\/logo\\\/image\\\/\",\"url\":\"https:\\\/\\\/tinte-toneri.hr\\\/wp-content\\\/uploads\\\/2023\\\/10\\\/cropped-Logo1-removebg.png\",\"contentUrl\":\"https:\\\/\\\/tinte-toneri.hr\\\/wp-content\\\/uploads\\\/2023\\\/10\\\/cropped-Logo1-removebg.png\",\"width\":2124,\"height\":2129,\"caption\":\"TNT Global\"},\"image\":{\"@id\":\"https:\\\/\\\/tinte-toneri.hr\\\/#\\\/schema\\\/logo\\\/image\\\/\"}}]}<\/script>\n<!-- \/ Yoast SEO plugin. -->","yoast_head_json":{"title":"TNT zamjenski bubanj Samsung MLT-R116 Black - TNT","description":"Zamjenski bubanj Samsung MLT-R116 Black","robots":{"index":"index","follow":"follow","max-snippet":"max-snippet:-1","max-image-preview":"max-image-preview:large","max-video-preview":"max-video-preview:-1"},"canonical":"https:\/\/tinte-toneri.hr\/en\/shop\/bubanj\/adler-samsung-mlt-r116-drum-black-zamjenski-bubanj\/","og_locale":"en_US","og_type":"article","og_title":"TNT zamjenski bubanj Samsung MLT-R116 Black - TNT","og_description":"Zamjenski bubanj Samsung MLT-R116 Black","og_url":"https:\/\/tinte-toneri.hr\/en\/shop\/bubanj\/adler-samsung-mlt-r116-drum-black-zamjenski-bubanj\/","og_site_name":"TNT","article_modified_time":"2024-09-17T09:55:30+00:00","og_image":[{"width":2022,"height":1376,"url":"https:\/\/tinte-toneri.hr\/wp-content\/uploads\/2023\/12\/Zamjenski-toner-black.png","type":"image\/png"}],"twitter_card":"summary_large_image","twitter_misc":{"Est. reading time":"3 minutes"},"schema":{"@context":"https:\/\/schema.org","@graph":[{"@type":"WebPage","@id":"https:\/\/tinte-toneri.hr\/shop\/bubanj\/adler-samsung-mlt-r116-drum-black-zamjenski-bubanj\/","url":"https:\/\/tinte-toneri.hr\/shop\/bubanj\/adler-samsung-mlt-r116-drum-black-zamjenski-bubanj\/","name":"TNT zamjenski bubanj Samsung MLT-R116 Black - TNT","isPartOf":{"@id":"https:\/\/tinte-toneri.hr\/#website"},"primaryImageOfPage":{"@id":"https:\/\/tinte-toneri.hr\/shop\/bubanj\/adler-samsung-mlt-r116-drum-black-zamjenski-bubanj\/#primaryimage"},"image":{"@id":"https:\/\/tinte-toneri.hr\/shop\/bubanj\/adler-samsung-mlt-r116-drum-black-zamjenski-bubanj\/#primaryimage"},"thumbnailUrl":"https:\/\/tinte-toneri.hr\/wp-content\/uploads\/2023\/12\/Zamjenski-toner-black.png","datePublished":"2023-05-12T20:34:57+00:00","dateModified":"2024-09-17T09:55:30+00:00","description":"Zamjenski bubanj Samsung MLT-R116 Black","breadcrumb":{"@id":"https:\/\/tinte-toneri.hr\/shop\/bubanj\/adler-samsung-mlt-r116-drum-black-zamjenski-bubanj\/#breadcrumb"},"inLanguage":"en-US","potentialAction":[{"@type":"ReadAction","target":["https:\/\/tinte-toneri.hr\/shop\/bubanj\/adler-samsung-mlt-r116-drum-black-zamjenski-bubanj\/"]}]},{"@type":"ImageObject","inLanguage":"en-US","@id":"https:\/\/tinte-toneri.hr\/shop\/bubanj\/adler-samsung-mlt-r116-drum-black-zamjenski-bubanj\/#primaryimage","url":"https:\/\/tinte-toneri.hr\/wp-content\/uploads\/2023\/12\/Zamjenski-toner-black.png","contentUrl":"https:\/\/tinte-toneri.hr\/wp-content\/uploads\/2023\/12\/Zamjenski-toner-black.png","width":2022,"height":1376},{"@type":"BreadcrumbList","@id":"https:\/\/tinte-toneri.hr\/shop\/bubanj\/adler-samsung-mlt-r116-drum-black-zamjenski-bubanj\/#breadcrumb","itemListElement":[{"@type":"ListItem","position":1,"name":"Po\u010detna stranica","item":"https:\/\/tinte-toneri.hr\/"},{"@type":"ListItem","position":2,"name":"Shop","item":"https:\/\/tinte-toneri.hr\/shop\/"},{"@type":"ListItem","position":3,"name":"TNT zamjenski bubanj Samsung MLT-R116 Black"}]},{"@type":"WebSite","@id":"https:\/\/tinte-toneri.hr\/#website","url":"https:\/\/tinte-toneri.hr\/","name":"TNT","description":"Tinte i toneri","publisher":{"@id":"https:\/\/tinte-toneri.hr\/#organization"},"potentialAction":[{"@type":"SearchAction","target":{"@type":"EntryPoint","urlTemplate":"https:\/\/tinte-toneri.hr\/?s={search_term_string}"},"query-input":{"@type":"PropertyValueSpecification","valueRequired":true,"valueName":"search_term_string"}}],"inLanguage":"en-US"},{"@type":"Organization","@id":"https:\/\/tinte-toneri.hr\/#organization","name":"TNT Global","url":"https:\/\/tinte-toneri.hr\/","logo":{"@type":"ImageObject","inLanguage":"en-US","@id":"https:\/\/tinte-toneri.hr\/#\/schema\/logo\/image\/","url":"https:\/\/tinte-toneri.hr\/wp-content\/uploads\/2023\/10\/cropped-Logo1-removebg.png","contentUrl":"https:\/\/tinte-toneri.hr\/wp-content\/uploads\/2023\/10\/cropped-Logo1-removebg.png","width":2124,"height":2129,"caption":"TNT Global"},"image":{"@id":"https:\/\/tinte-toneri.hr\/#\/schema\/logo\/image\/"}}]}},"jetpack_sharing_enabled":true,"_links":{"self":[{"href":"https:\/\/tinte-toneri.hr\/en\/wp-json\/wp\/v2\/product\/5514","targetHints":{"allow":["GET"]}}],"collection":[{"href":"https:\/\/tinte-toneri.hr\/en\/wp-json\/wp\/v2\/product"}],"about":[{"href":"https:\/\/tinte-toneri.hr\/en\/wp-json\/wp\/v2\/types\/product"}],"replies":[{"embeddable":true,"href":"https:\/\/tinte-toneri.hr\/en\/wp-json\/wp\/v2\/comments?post=5514"}],"wp:featuredmedia":[{"embeddable":true,"href":"https:\/\/tinte-toneri.hr\/en\/wp-json\/wp\/v2\/media\/6264"}],"wp:attachment":[{"href":"https:\/\/tinte-toneri.hr\/en\/wp-json\/wp\/v2\/media?parent=5514"}],"wp:term":[{"taxonomy":"product_brand","embeddable":true,"href":"https:\/\/tinte-toneri.hr\/en\/wp-json\/wp\/v2\/product_brand?post=5514"},{"taxonomy":"product_cat","embeddable":true,"href":"https:\/\/tinte-toneri.hr\/en\/wp-json\/wp\/v2\/product_cat?post=5514"},{"taxonomy":"product_tag","embeddable":true,"href":"https:\/\/tinte-toneri.hr\/en\/wp-json\/wp\/v2\/product_tag?post=5514"}],"curies":[{"name":"wp","href":"https:\/\/api.w.org\/{rel}","templated":true}]}}