{"id":5537,"date":"2023-05-18T14:13:26","date_gmt":"2023-05-18T14:13:26","guid":{"rendered":"https:\/\/tinte-toneri.hr\/?post_type=product&#038;p=5537"},"modified":"2024-09-17T09:55:29","modified_gmt":"2024-09-17T09:55:29","slug":"tnt-zamjenska-tinta-hp-22xl-tricolor-c9352ae","status":"publish","type":"product","link":"https:\/\/tinte-toneri.hr\/en\/shop\/tinte\/zamjenske-tinte\/tnt-zamjenska-tinta-hp-22xl-tricolor-c9352ae\/","title":{"rendered":"TNT zamjenska tinta HP 22XL Tricolor (C9352AE)"},"content":{"rendered":"<p>Upotrijebite na\u0161u vrhunsku zamjensku tintu TNT za HP 22XL Tricolor (C9352AE) kako biste osigurali iznimno kvalitetne ispise po pristupa\u010dnoj cijeni za otprilike 495 stranica. Ova tinta je idealna za HP pisa\u010de i pru\u017ea izvanredne rezultate u crno-bijelom ispisu.<\/p>\n<p>&nbsp;<\/p>\n<p>&nbsp;<\/p>\n<p>Na\u0161a TNT zamjenska tinta HP 22XL Tricolor (C9352AE) je formulirana s vrhunskim pigmentima koji osiguravaju o\u0161tre, jasne i duboke crne boje. Bez obzira na to je li u pitanju tekst, grafika ili fotografija, ova tinta pru\u017ea konzistentne rezultate s visokim stupnjem detalja.<\/p>\n<p>&nbsp;<\/p>\n<p>&nbsp;<\/p>\n<p>Ova zamjenska tinta TNT PG-540XL Black je pristupa\u010dna alternativa originalnim HP tintama, bez kompromisa po pitanju kvalitete. U\u0161tedite novac bez gubitka na izvedbi. Uz na\u0161u TNT zamjensku tintu, dobit \u0107ete visokokvalitetne ispise po povoljnoj cijeni.<\/p>\n<p>&nbsp;<\/p>\n<p>&nbsp;<\/p>\n<p>Narud\u017eba je jednostavna i brza. Odaberite na\u0161u zamjensku tintu TNT HP 22XL Tricolor (C9352AE) za HP pisa\u010de i u\u017eivajte u vrhunskim ispisima bez prekomjernog tro\u0161ka.<\/p>\n<p>&nbsp;<\/p>\n<p>&nbsp;<\/p>\n<p>Proizvod je kompatibilan sa:<\/p>\n<p>&nbsp;<\/p>\n<p>HP DeskJet 3910<\/p>\n<p>HP DeskJet 3915<\/p>\n<p>HP DeskJet 3920<\/p>\n<p>HP DeskJet 3940<\/p>\n<p>HP DeskJet 3940 V<\/p>\n<p>HP DeskJet 3950<\/p>\n<p>HP DeskJet D 1311<\/p>\n<p>HP DeskJet D 1320<\/p>\n<p>HP DeskJet D 1330<\/p>\n<p>HP DeskJet D 1341<\/p>\n<p>HP DeskJet D 1360<\/p>\n<p>HP DeskJet D 1420<\/p>\n<p>HP DeskJet D 1430<\/p>\n<p>HP DeskJet D 1445<\/p>\n<p>HP DeskJet D 1450<\/p>\n<p>HP DeskJet D 1455<\/p>\n<p>HP DeskJet D 1460<\/p>\n<p>HP DeskJet D 1468<\/p>\n<p>HP DeskJet D 1520<\/p>\n<p>HP DeskJet D 1530<\/p>\n<p>HP DeskJet D 1560<\/p>\n<p>HP DeskJet D 1568<\/p>\n<p>HP DeskJet D 2320<\/p>\n<p>HP DeskJet D 2330<\/p>\n<p>HP DeskJet D 2338<\/p>\n<p>HP DeskJet D 2340<\/p>\n<p>HP DeskJet D 2345<\/p>\n<p>HP DeskJet D 2360<\/p>\n<p>HP DeskJet D 2430<\/p>\n<p>HP DeskJet D 2445<\/p>\n<p>HP DeskJet D 2451<\/p>\n<p>HP DeskJet D 2460<\/p>\n<p>HP DeskJet F 310<\/p>\n<p>HP DeskJet F 325<\/p>\n<p>HP DeskJet F 335<\/p>\n<p>HP DeskJet F 340<\/p>\n<p>HP DeskJet F 350<\/p>\n<p>HP DeskJet F 370<\/p>\n<p>HP DeskJet F 375<\/p>\n<p>HP DeskJet F 378<\/p>\n<p>HP DeskJet F 380<\/p>\n<p>HP DeskJet F 385<\/p>\n<p>HP DeskJet F 388<\/p>\n<p>HP DeskJet F 390<\/p>\n<p>HP DeskJet F 394<\/p>\n<p>HP DeskJet F 2110<\/p>\n<p>HP DeskJet F 2120<\/p>\n<p>HP DeskJet F 2140<\/p>\n<p>HP DeskJet F 2149<\/p>\n<p>HP DeskJet F 2180<\/p>\n<p>HP DeskJet F 2185<\/p>\n<p>HP DeskJet F 2210<\/p>\n<p>HP DeskJet F 2212<\/p>\n<p>HP DeskJet F 2214<\/p>\n<p>HP DeskJet F 2224<\/p>\n<p>HP DeskJet F 2235<\/p>\n<p>HP DeskJet F 2238<\/p>\n<p>HP DeskJet F 2240<\/p>\n<p>HP DeskJet F 2250<\/p>\n<p>HP DeskJet F 2275<\/p>\n<p>HP DeskJet F 2276<\/p>\n<p>HP DeskJet F 2280<\/p>\n<p>HP DeskJet F 2288<\/p>\n<p>HP DeskJet F 2290<\/p>\n<p>HP DeskJet F 2291<\/p>\n<p>HP DeskJet F 4135<\/p>\n<p>HP DeskJet F 4140<\/p>\n<p>HP DeskJet F 4150<\/p>\n<p>HP DeskJet F 4155 e<\/p>\n<p>HP DeskJet F 4172<\/p>\n<p>HP DeskJet F 4175<\/p>\n<p>HP DeskJet F 4180<\/p>\n<p>HP DeskJet F 4185<\/p>\n<p>HP DeskJet F 4190<\/p>\n<p>HP DeskJet F 4194<\/p>\n<p>HP Fax 1250<\/p>\n<p>HP Fax 1250 XI<\/p>\n<p>HP Fax 3180<\/p>\n<p>HP OfficeJet 1410<\/p>\n<p>HP OfficeJet 1410 XI<\/p>\n<p>HP OfficeJet 4314<\/p>\n<p>HP OfficeJet 4315<\/p>\n<p>HP OfficeJet 4315 V<\/p>\n<p>HP OfficeJet 4315 XI<\/p>\n<p>HP OfficeJet 4352<\/p>\n<p>HP OfficeJet 4355<\/p>\n<p>HP OfficeJet 4359<\/p>\n<p>HP OfficeJet 4625<\/p>\n<p>HP OfficeJet 4712<\/p>\n<p>HP OfficeJet 5605<\/p>\n<p>HP OfficeJet 5605 Z<\/p>\n<p>HP OfficeJet 5610<\/p>\n<p>HP OfficeJet 5610 V<\/p>\n<p>HP OfficeJet 5610 XI<\/p>\n<p>HP OfficeJet 5615<\/p>\n<p>HP OfficeJet J 3606<\/p>\n<p>HP OfficeJet J 3608<\/p>\n<p>HP OfficeJet J 3625<\/p>\n<p>HP OfficeJet J 3635<\/p>\n<p>HP OfficeJet J 3640<\/p>\n<p>HP OfficeJet J 3680<\/p>\n<p>HP PSC 1402<\/p>\n<p>HP PSC 1410<\/p>\n<p>HP PSC 1410 XI<\/p>\n<p>HP PSC 1415<\/p>","protected":false},"excerpt":{"rendered":"<p>Upotrijebite na\u0161u vrhunsku zamjensku tintu TNT za HP 22XL Tricolor (C9352AE) kako biste osigurali iznimno kvalitetne ispise po pristupa\u010dnoj cijeni za otprilike 495 stranica. Ova tinta je idealna za HP pisa\u010de i pru\u017ea izvanredne rezultate u crno-bijelom ispisu. &nbsp; &nbsp; Na\u0161a TNT zamjenska tinta HP 22XL Tricolor (C9352AE) je formulirana s vrhunskim pigmentima koji osiguravaju [&hellip;]<\/p>\n","protected":false},"featured_media":6263,"comment_status":"open","ping_status":"closed","template":"","meta":{"om_disable_all_campaigns":false,"_monsterinsights_skip_tracking":false,"_monsterinsights_sitenote_active":false,"_monsterinsights_sitenote_note":"","_monsterinsights_sitenote_category":0,"_uf_show_specific_survey":0,"_uf_disable_surveys":false},"product_brand":[],"product_cat":[21,28],"product_tag":[],"class_list":{"0":"post-5537","1":"product","2":"type-product","3":"status-publish","4":"has-post-thumbnail","6":"product_cat-tinte","7":"product_cat-zamjenske-tinte","9":"first","10":"instock","11":"taxable","12":"shipping-taxable","13":"purchasable","14":"product-type-simple"},"aioseo_notices":[],"yoast_head":"<!-- This site is optimized with the Yoast SEO plugin v27.4 - https:\/\/yoast.com\/product\/yoast-seo-wordpress\/ -->\n<title>TNT zamjenska tinta HP 22XL Tricolor (C9352AE) - TNT<\/title>\n<meta name=\"robots\" content=\"index, follow, max-snippet:-1, max-image-preview:large, max-video-preview:-1\" \/>\n<link rel=\"canonical\" href=\"https:\/\/tinte-toneri.hr\/en\/shop\/tinte\/zamjenske-tinte\/tnt-zamjenska-tinta-hp-22xl-tricolor-c9352ae\/\" \/>\n<meta property=\"og:locale\" content=\"en_US\" \/>\n<meta property=\"og:type\" content=\"article\" \/>\n<meta property=\"og:title\" content=\"TNT zamjenska tinta HP 22XL Tricolor (C9352AE) - TNT\" \/>\n<meta property=\"og:description\" content=\"Upotrijebite na\u0161u vrhunsku zamjensku tintu TNT za HP 22XL Tricolor (C9352AE) kako biste osigurali iznimno kvalitetne ispise po pristupa\u010dnoj cijeni za otprilike 495 stranica. Ova tinta je idealna za HP pisa\u010de i pru\u017ea izvanredne rezultate u crno-bijelom ispisu. &nbsp; &nbsp; Na\u0161a TNT zamjenska tinta HP 22XL Tricolor (C9352AE) je formulirana s vrhunskim pigmentima koji osiguravaju [&hellip;]\" \/>\n<meta property=\"og:url\" content=\"https:\/\/tinte-toneri.hr\/en\/shop\/tinte\/zamjenske-tinte\/tnt-zamjenska-tinta-hp-22xl-tricolor-c9352ae\/\" \/>\n<meta property=\"og:site_name\" content=\"TNT\" \/>\n<meta property=\"article:modified_time\" content=\"2024-09-17T09:55:29+00:00\" \/>\n<meta property=\"og:image\" content=\"https:\/\/tinte-toneri.hr\/wp-content\/uploads\/2023\/12\/Zamjenska-tinta-768x1024.png\" \/>\n\t<meta property=\"og:image:width\" content=\"768\" \/>\n\t<meta property=\"og:image:height\" content=\"1024\" \/>\n\t<meta property=\"og:image:type\" content=\"image\/png\" \/>\n<meta name=\"twitter:card\" content=\"summary_large_image\" \/>\n<meta name=\"twitter:label1\" content=\"Est. reading time\" \/>\n\t<meta name=\"twitter:data1\" content=\"3 minutes\" \/>\n<script type=\"application\/ld+json\" class=\"yoast-schema-graph\">{\"@context\":\"https:\\\/\\\/schema.org\",\"@graph\":[{\"@type\":\"WebPage\",\"@id\":\"https:\\\/\\\/tinte-toneri.hr\\\/en\\\/shop\\\/tinte\\\/zamjenske-tinte\\\/tnt-zamjenska-tinta-hp-22xl-tricolor-c9352ae\\\/\",\"url\":\"https:\\\/\\\/tinte-toneri.hr\\\/en\\\/shop\\\/tinte\\\/zamjenske-tinte\\\/tnt-zamjenska-tinta-hp-22xl-tricolor-c9352ae\\\/\",\"name\":\"TNT zamjenska tinta HP 22XL Tricolor (C9352AE) - TNT\",\"isPartOf\":{\"@id\":\"https:\\\/\\\/tinte-toneri.hr\\\/#website\"},\"primaryImageOfPage\":{\"@id\":\"https:\\\/\\\/tinte-toneri.hr\\\/en\\\/shop\\\/tinte\\\/zamjenske-tinte\\\/tnt-zamjenska-tinta-hp-22xl-tricolor-c9352ae\\\/#primaryimage\"},\"image\":{\"@id\":\"https:\\\/\\\/tinte-toneri.hr\\\/en\\\/shop\\\/tinte\\\/zamjenske-tinte\\\/tnt-zamjenska-tinta-hp-22xl-tricolor-c9352ae\\\/#primaryimage\"},\"thumbnailUrl\":\"https:\\\/\\\/tinte-toneri.hr\\\/wp-content\\\/uploads\\\/2023\\\/12\\\/Zamjenska-tinta.png\",\"datePublished\":\"2023-05-18T14:13:26+00:00\",\"dateModified\":\"2024-09-17T09:55:29+00:00\",\"breadcrumb\":{\"@id\":\"https:\\\/\\\/tinte-toneri.hr\\\/en\\\/shop\\\/tinte\\\/zamjenske-tinte\\\/tnt-zamjenska-tinta-hp-22xl-tricolor-c9352ae\\\/#breadcrumb\"},\"inLanguage\":\"en-US\",\"potentialAction\":[{\"@type\":\"ReadAction\",\"target\":[\"https:\\\/\\\/tinte-toneri.hr\\\/en\\\/shop\\\/tinte\\\/zamjenske-tinte\\\/tnt-zamjenska-tinta-hp-22xl-tricolor-c9352ae\\\/\"]}]},{\"@type\":\"ImageObject\",\"inLanguage\":\"en-US\",\"@id\":\"https:\\\/\\\/tinte-toneri.hr\\\/en\\\/shop\\\/tinte\\\/zamjenske-tinte\\\/tnt-zamjenska-tinta-hp-22xl-tricolor-c9352ae\\\/#primaryimage\",\"url\":\"https:\\\/\\\/tinte-toneri.hr\\\/wp-content\\\/uploads\\\/2023\\\/12\\\/Zamjenska-tinta.png\",\"contentUrl\":\"https:\\\/\\\/tinte-toneri.hr\\\/wp-content\\\/uploads\\\/2023\\\/12\\\/Zamjenska-tinta.png\",\"width\":3000,\"height\":4000},{\"@type\":\"BreadcrumbList\",\"@id\":\"https:\\\/\\\/tinte-toneri.hr\\\/en\\\/shop\\\/tinte\\\/zamjenske-tinte\\\/tnt-zamjenska-tinta-hp-22xl-tricolor-c9352ae\\\/#breadcrumb\",\"itemListElement\":[{\"@type\":\"ListItem\",\"position\":1,\"name\":\"Po\u010detna stranica\",\"item\":\"https:\\\/\\\/tinte-toneri.hr\\\/\"},{\"@type\":\"ListItem\",\"position\":2,\"name\":\"Shop\",\"item\":\"https:\\\/\\\/tinte-toneri.hr\\\/shop\\\/\"},{\"@type\":\"ListItem\",\"position\":3,\"name\":\"TNT zamjenska tinta HP 22XL Tricolor (C9352AE)\"}]},{\"@type\":\"WebSite\",\"@id\":\"https:\\\/\\\/tinte-toneri.hr\\\/#website\",\"url\":\"https:\\\/\\\/tinte-toneri.hr\\\/\",\"name\":\"TNT\",\"description\":\"Tinte i toneri\",\"publisher\":{\"@id\":\"https:\\\/\\\/tinte-toneri.hr\\\/#organization\"},\"potentialAction\":[{\"@type\":\"SearchAction\",\"target\":{\"@type\":\"EntryPoint\",\"urlTemplate\":\"https:\\\/\\\/tinte-toneri.hr\\\/?s={search_term_string}\"},\"query-input\":{\"@type\":\"PropertyValueSpecification\",\"valueRequired\":true,\"valueName\":\"search_term_string\"}}],\"inLanguage\":\"en-US\"},{\"@type\":\"Organization\",\"@id\":\"https:\\\/\\\/tinte-toneri.hr\\\/#organization\",\"name\":\"TNT Global\",\"url\":\"https:\\\/\\\/tinte-toneri.hr\\\/\",\"logo\":{\"@type\":\"ImageObject\",\"inLanguage\":\"en-US\",\"@id\":\"https:\\\/\\\/tinte-toneri.hr\\\/#\\\/schema\\\/logo\\\/image\\\/\",\"url\":\"https:\\\/\\\/tinte-toneri.hr\\\/wp-content\\\/uploads\\\/2023\\\/10\\\/cropped-Logo1-removebg.png\",\"contentUrl\":\"https:\\\/\\\/tinte-toneri.hr\\\/wp-content\\\/uploads\\\/2023\\\/10\\\/cropped-Logo1-removebg.png\",\"width\":2124,\"height\":2129,\"caption\":\"TNT Global\"},\"image\":{\"@id\":\"https:\\\/\\\/tinte-toneri.hr\\\/#\\\/schema\\\/logo\\\/image\\\/\"}}]}<\/script>\n<!-- \/ Yoast SEO plugin. -->","yoast_head_json":{"title":"TNT zamjenska tinta HP 22XL Tricolor (C9352AE) - TNT","robots":{"index":"index","follow":"follow","max-snippet":"max-snippet:-1","max-image-preview":"max-image-preview:large","max-video-preview":"max-video-preview:-1"},"canonical":"https:\/\/tinte-toneri.hr\/en\/shop\/tinte\/zamjenske-tinte\/tnt-zamjenska-tinta-hp-22xl-tricolor-c9352ae\/","og_locale":"en_US","og_type":"article","og_title":"TNT zamjenska tinta HP 22XL Tricolor (C9352AE) - TNT","og_description":"Upotrijebite na\u0161u vrhunsku zamjensku tintu TNT za HP 22XL Tricolor (C9352AE) kako biste osigurali iznimno kvalitetne ispise po pristupa\u010dnoj cijeni za otprilike 495 stranica. Ova tinta je idealna za HP pisa\u010de i pru\u017ea izvanredne rezultate u crno-bijelom ispisu. &nbsp; &nbsp; Na\u0161a TNT zamjenska tinta HP 22XL Tricolor (C9352AE) je formulirana s vrhunskim pigmentima koji osiguravaju [&hellip;]","og_url":"https:\/\/tinte-toneri.hr\/en\/shop\/tinte\/zamjenske-tinte\/tnt-zamjenska-tinta-hp-22xl-tricolor-c9352ae\/","og_site_name":"TNT","article_modified_time":"2024-09-17T09:55:29+00:00","og_image":[{"width":768,"height":1024,"url":"https:\/\/tinte-toneri.hr\/wp-content\/uploads\/2023\/12\/Zamjenska-tinta-768x1024.png","type":"image\/png"}],"twitter_card":"summary_large_image","twitter_misc":{"Est. reading time":"3 minutes"},"schema":{"@context":"https:\/\/schema.org","@graph":[{"@type":"WebPage","@id":"https:\/\/tinte-toneri.hr\/en\/shop\/tinte\/zamjenske-tinte\/tnt-zamjenska-tinta-hp-22xl-tricolor-c9352ae\/","url":"https:\/\/tinte-toneri.hr\/en\/shop\/tinte\/zamjenske-tinte\/tnt-zamjenska-tinta-hp-22xl-tricolor-c9352ae\/","name":"TNT zamjenska tinta HP 22XL Tricolor (C9352AE) - TNT","isPartOf":{"@id":"https:\/\/tinte-toneri.hr\/#website"},"primaryImageOfPage":{"@id":"https:\/\/tinte-toneri.hr\/en\/shop\/tinte\/zamjenske-tinte\/tnt-zamjenska-tinta-hp-22xl-tricolor-c9352ae\/#primaryimage"},"image":{"@id":"https:\/\/tinte-toneri.hr\/en\/shop\/tinte\/zamjenske-tinte\/tnt-zamjenska-tinta-hp-22xl-tricolor-c9352ae\/#primaryimage"},"thumbnailUrl":"https:\/\/tinte-toneri.hr\/wp-content\/uploads\/2023\/12\/Zamjenska-tinta.png","datePublished":"2023-05-18T14:13:26+00:00","dateModified":"2024-09-17T09:55:29+00:00","breadcrumb":{"@id":"https:\/\/tinte-toneri.hr\/en\/shop\/tinte\/zamjenske-tinte\/tnt-zamjenska-tinta-hp-22xl-tricolor-c9352ae\/#breadcrumb"},"inLanguage":"en-US","potentialAction":[{"@type":"ReadAction","target":["https:\/\/tinte-toneri.hr\/en\/shop\/tinte\/zamjenske-tinte\/tnt-zamjenska-tinta-hp-22xl-tricolor-c9352ae\/"]}]},{"@type":"ImageObject","inLanguage":"en-US","@id":"https:\/\/tinte-toneri.hr\/en\/shop\/tinte\/zamjenske-tinte\/tnt-zamjenska-tinta-hp-22xl-tricolor-c9352ae\/#primaryimage","url":"https:\/\/tinte-toneri.hr\/wp-content\/uploads\/2023\/12\/Zamjenska-tinta.png","contentUrl":"https:\/\/tinte-toneri.hr\/wp-content\/uploads\/2023\/12\/Zamjenska-tinta.png","width":3000,"height":4000},{"@type":"BreadcrumbList","@id":"https:\/\/tinte-toneri.hr\/en\/shop\/tinte\/zamjenske-tinte\/tnt-zamjenska-tinta-hp-22xl-tricolor-c9352ae\/#breadcrumb","itemListElement":[{"@type":"ListItem","position":1,"name":"Po\u010detna stranica","item":"https:\/\/tinte-toneri.hr\/"},{"@type":"ListItem","position":2,"name":"Shop","item":"https:\/\/tinte-toneri.hr\/shop\/"},{"@type":"ListItem","position":3,"name":"TNT zamjenska tinta HP 22XL Tricolor (C9352AE)"}]},{"@type":"WebSite","@id":"https:\/\/tinte-toneri.hr\/#website","url":"https:\/\/tinte-toneri.hr\/","name":"TNT","description":"Tinte i toneri","publisher":{"@id":"https:\/\/tinte-toneri.hr\/#organization"},"potentialAction":[{"@type":"SearchAction","target":{"@type":"EntryPoint","urlTemplate":"https:\/\/tinte-toneri.hr\/?s={search_term_string}"},"query-input":{"@type":"PropertyValueSpecification","valueRequired":true,"valueName":"search_term_string"}}],"inLanguage":"en-US"},{"@type":"Organization","@id":"https:\/\/tinte-toneri.hr\/#organization","name":"TNT Global","url":"https:\/\/tinte-toneri.hr\/","logo":{"@type":"ImageObject","inLanguage":"en-US","@id":"https:\/\/tinte-toneri.hr\/#\/schema\/logo\/image\/","url":"https:\/\/tinte-toneri.hr\/wp-content\/uploads\/2023\/10\/cropped-Logo1-removebg.png","contentUrl":"https:\/\/tinte-toneri.hr\/wp-content\/uploads\/2023\/10\/cropped-Logo1-removebg.png","width":2124,"height":2129,"caption":"TNT Global"},"image":{"@id":"https:\/\/tinte-toneri.hr\/#\/schema\/logo\/image\/"}}]}},"jetpack_sharing_enabled":true,"_links":{"self":[{"href":"https:\/\/tinte-toneri.hr\/en\/wp-json\/wp\/v2\/product\/5537","targetHints":{"allow":["GET"]}}],"collection":[{"href":"https:\/\/tinte-toneri.hr\/en\/wp-json\/wp\/v2\/product"}],"about":[{"href":"https:\/\/tinte-toneri.hr\/en\/wp-json\/wp\/v2\/types\/product"}],"replies":[{"embeddable":true,"href":"https:\/\/tinte-toneri.hr\/en\/wp-json\/wp\/v2\/comments?post=5537"}],"wp:featuredmedia":[{"embeddable":true,"href":"https:\/\/tinte-toneri.hr\/en\/wp-json\/wp\/v2\/media\/6263"}],"wp:attachment":[{"href":"https:\/\/tinte-toneri.hr\/en\/wp-json\/wp\/v2\/media?parent=5537"}],"wp:term":[{"taxonomy":"product_brand","embeddable":true,"href":"https:\/\/tinte-toneri.hr\/en\/wp-json\/wp\/v2\/product_brand?post=5537"},{"taxonomy":"product_cat","embeddable":true,"href":"https:\/\/tinte-toneri.hr\/en\/wp-json\/wp\/v2\/product_cat?post=5537"},{"taxonomy":"product_tag","embeddable":true,"href":"https:\/\/tinte-toneri.hr\/en\/wp-json\/wp\/v2\/product_tag?post=5537"}],"curies":[{"name":"wp","href":"https:\/\/api.w.org\/{rel}","templated":true}]}}