{"id":5541,"date":"2023-05-18T19:48:34","date_gmt":"2023-05-18T19:48:34","guid":{"rendered":"https:\/\/tinte-toneri.hr\/?post_type=product&#038;p=5541"},"modified":"2024-09-17T09:55:28","modified_gmt":"2024-09-17T09:55:28","slug":"zamjenska-tinta-canon-pgi-580-xxl-black","status":"publish","type":"product","link":"https:\/\/tinte-toneri.hr\/en\/shop\/tinte\/zamjenske-tinte\/zamjenska-tinta-canon-pgi-580-xxl-black\/","title":{"rendered":"TNT zamjenska tinta Canon PGI-580 XXL Black"},"content":{"rendered":"<p>Upotrijebite na\u0161u vrhunsku zamjensku tintu TNT za Canon PGI-580 XXL Black kako biste osigurali iznimno kvalitetne ispise po pristupa\u010dnoj cijeni. Ova tinta je idealna za Canon pisa\u010de i pru\u017ea izvanredne rezultate u crno-bijelom ispisu.<\/p>\n<p>&nbsp;<\/p>\n<p>Na\u0161a TNT zamjenska tinta Canon PGI-580 XXL Black je formulirana s vrhunskim pigmentima koji osiguravaju o\u0161tre, jasne i duboke crne boje. Bez obzira na to je li u pitanju tekst, grafika ili fotografija, ova tinta pru\u017ea konzistentne rezultate s visokim stupnjem detalja.<\/p>\n<p>&nbsp;<\/p>\n<p>Pored izvrsne kvalitete ispisa, na\u0161a zamjenska tinta Canon PGI-580 XXL Black je i jednostavna za kori\u0161tenje. Napunite je u svoj Canon pisa\u010d bez napora i nastavite s besprijekornim ispisom. Tinta se lako integrira s va\u0161im pisa\u010dem, osiguravaju\u0107i pouzdane rezultate i minimalne smetnje tijekom ispisa.<\/p>\n<p>&nbsp;<\/p>\n<p>Ova zamjenska tinta Canon PGI-580 XXL Black je pristupa\u010dna alternativa originalnim Canon tintama, bez kompromisa po pitanju kvalitete. U\u0161tedite novac bez gubitka na izvedbi. Uz na\u0161u TNT zamjensku tintu, dobit \u0107ete visokokvalitetne ispise po povoljnoj cijeni.<br \/>\nNarud\u017eba je jednostavna i brza. Odaberite na\u0161u zamjensku tintu Canon PGI-580 XXL Black za Canon pisa\u010de i u\u017eivajte u vrhunskim ispisima bez prekomjernog tro\u0161ka.<\/p>\n<p>&nbsp;<\/p>\n<p>Proizvod je kompatibilan sa:<\/p>\n<p>&nbsp;<\/p>\n<p>&nbsp;<\/p>\n<p>Canon Pixma TR 7520<\/p>\n<p>Canon Pixma TR 7550<\/p>\n<p>Canon Pixma TR 8520<\/p>\n<p>Canon Pixma TR 8550<\/p>\n<p>Canon Pixma TR 8620<\/p>\n<p>Canon Pixma TR 8650<\/p>\n<p>Canon Pixma TS 705<\/p>\n<p>Canon Pixma TS 705 A<\/p>\n<p>Canon Pixma TS 6150<\/p>\n<p>Canon Pixma TS 6151<\/p>\n<p>Canon Pixma TS 6220<\/p>\n<p>Canon Pixma TS 6220 white<\/p>\n<p>Canon Pixma TS 6240<\/p>\n<p>Canon Pixma TS 6241<\/p>\n<p>Canon Pixma TS 6250<\/p>\n<p>Canon Pixma TS 6251<\/p>\n<p>Canon Pixma TS 6320<\/p>\n<p>Canon Pixma TS 6350<\/p>\n<p>Canon Pixma TS 6350 a<\/p>\n<p>Canon Pixma TS 6351<\/p>\n<p>Canon Pixma TS 6351 a<\/p>\n<p>Canon Pixma TS 8120<\/p>\n<p>Canon Pixma TS 8150<\/p>\n<p>Canon Pixma TS 8151<\/p>\n<p>Canon Pixma TS 8152<\/p>\n<p>Canon Pixma TS 8220<\/p>\n<p>Canon Pixma TS 8220 white<\/p>\n<p>Canon Pixma TS 8240<\/p>\n<p>Canon Pixma TS 8241<\/p>\n<p>Canon Pixma TS 8242<\/p>\n<p>Canon Pixma TS 8250<\/p>\n<p>Canon Pixma TS 8251<\/p>\n<p>Canon Pixma TS 8252<\/p>\n<p>Canon Pixma TS 8350<\/p>\n<p>Canon Pixma TS 8350 a<\/p>\n<p>Canon Pixma TS 8351<\/p>\n<p>Canon Pixma TS 8351 a<\/p>\n<p>Canon Pixma TS 8352<\/p>\n<p>Canon Pixma TS 8352 a<\/p>\n<p>Canon Pixma TS 9120 gray<\/p>\n<p>Canon Pixma TS 9150<\/p>\n<p>Canon Pixma TS 9155<\/p>\n<p>Canon Pixma TS 9520<\/p>\n<p>Canon Pixma TS 9521 C<\/p>\n<p>Canon Pixma TS 9540<\/p>\n<p>Canon Pixma TS 9541 C<\/p>\n<p>Canon Pixma TS 9550<\/p>\n<p>Canon Pixma TS 9551 C<\/p>","protected":false},"excerpt":{"rendered":"<p>Upotrijebite na\u0161u vrhunsku zamjensku tintu TNT za Canon PGI-580 XXL Black kako biste osigurali iznimno kvalitetne ispise po pristupa\u010dnoj cijeni. Ova tinta je idealna za Canon pisa\u010de i pru\u017ea izvanredne rezultate u crno-bijelom ispisu. &nbsp; Na\u0161a TNT zamjenska tinta Canon PGI-580 XXL Black je formulirana s vrhunskim pigmentima koji osiguravaju o\u0161tre, jasne i duboke crne [&hellip;]<\/p>\n","protected":false},"featured_media":6269,"comment_status":"open","ping_status":"closed","template":"","meta":{"om_disable_all_campaigns":false,"_monsterinsights_skip_tracking":false,"_monsterinsights_sitenote_active":false,"_monsterinsights_sitenote_note":"","_monsterinsights_sitenote_category":0,"_uf_show_specific_survey":0,"_uf_disable_surveys":false},"product_brand":[],"product_cat":[21,28],"product_tag":[],"class_list":{"0":"post-5541","1":"product","2":"type-product","3":"status-publish","4":"has-post-thumbnail","6":"product_cat-tinte","7":"product_cat-zamjenske-tinte","9":"first","10":"instock","11":"taxable","12":"shipping-taxable","13":"purchasable","14":"product-type-simple"},"aioseo_notices":[],"yoast_head":"<!-- This site is optimized with the Yoast SEO plugin v27.4 - https:\/\/yoast.com\/product\/yoast-seo-wordpress\/ -->\n<title>TNT zamjenska tinta Canon PGI-580 XXL Black - TNT<\/title>\n<meta name=\"robots\" content=\"index, follow, max-snippet:-1, max-image-preview:large, max-video-preview:-1\" \/>\n<link rel=\"canonical\" href=\"https:\/\/tinte-toneri.hr\/en\/shop\/tinte\/zamjenske-tinte\/zamjenska-tinta-canon-pgi-580-xxl-black\/\" \/>\n<meta property=\"og:locale\" content=\"en_US\" \/>\n<meta property=\"og:type\" content=\"article\" \/>\n<meta property=\"og:title\" content=\"TNT zamjenska tinta Canon PGI-580 XXL Black - TNT\" \/>\n<meta property=\"og:description\" content=\"Upotrijebite na\u0161u vrhunsku zamjensku tintu TNT za Canon PGI-580 XXL Black kako biste osigurali iznimno kvalitetne ispise po pristupa\u010dnoj cijeni. Ova tinta je idealna za Canon pisa\u010de i pru\u017ea izvanredne rezultate u crno-bijelom ispisu. &nbsp; Na\u0161a TNT zamjenska tinta Canon PGI-580 XXL Black je formulirana s vrhunskim pigmentima koji osiguravaju o\u0161tre, jasne i duboke crne [&hellip;]\" \/>\n<meta property=\"og:url\" content=\"https:\/\/tinte-toneri.hr\/en\/shop\/tinte\/zamjenske-tinte\/zamjenska-tinta-canon-pgi-580-xxl-black\/\" \/>\n<meta property=\"og:site_name\" content=\"TNT\" \/>\n<meta property=\"article:modified_time\" content=\"2024-09-17T09:55:28+00:00\" \/>\n<meta property=\"og:image\" content=\"https:\/\/tinte-toneri.hr\/wp-content\/uploads\/2023\/12\/Zamjenska-tinta-black-768x1024.png\" \/>\n\t<meta property=\"og:image:width\" content=\"768\" \/>\n\t<meta property=\"og:image:height\" content=\"1024\" \/>\n\t<meta property=\"og:image:type\" content=\"image\/png\" \/>\n<meta name=\"twitter:card\" content=\"summary_large_image\" \/>\n<meta name=\"twitter:label1\" content=\"Est. reading time\" \/>\n\t<meta name=\"twitter:data1\" content=\"3 minutes\" \/>\n<script type=\"application\/ld+json\" class=\"yoast-schema-graph\">{\"@context\":\"https:\\\/\\\/schema.org\",\"@graph\":[{\"@type\":\"WebPage\",\"@id\":\"https:\\\/\\\/tinte-toneri.hr\\\/shop\\\/tinte\\\/zamjenske-tinte\\\/zamjenska-tinta-canon-pgi-580-xxl-black\\\/\",\"url\":\"https:\\\/\\\/tinte-toneri.hr\\\/shop\\\/tinte\\\/zamjenske-tinte\\\/zamjenska-tinta-canon-pgi-580-xxl-black\\\/\",\"name\":\"TNT zamjenska tinta Canon PGI-580 XXL Black - TNT\",\"isPartOf\":{\"@id\":\"https:\\\/\\\/tinte-toneri.hr\\\/#website\"},\"primaryImageOfPage\":{\"@id\":\"https:\\\/\\\/tinte-toneri.hr\\\/shop\\\/tinte\\\/zamjenske-tinte\\\/zamjenska-tinta-canon-pgi-580-xxl-black\\\/#primaryimage\"},\"image\":{\"@id\":\"https:\\\/\\\/tinte-toneri.hr\\\/shop\\\/tinte\\\/zamjenske-tinte\\\/zamjenska-tinta-canon-pgi-580-xxl-black\\\/#primaryimage\"},\"thumbnailUrl\":\"https:\\\/\\\/tinte-toneri.hr\\\/wp-content\\\/uploads\\\/2023\\\/12\\\/Zamjenska-tinta-black.png\",\"datePublished\":\"2023-05-18T19:48:34+00:00\",\"dateModified\":\"2024-09-17T09:55:28+00:00\",\"breadcrumb\":{\"@id\":\"https:\\\/\\\/tinte-toneri.hr\\\/shop\\\/tinte\\\/zamjenske-tinte\\\/zamjenska-tinta-canon-pgi-580-xxl-black\\\/#breadcrumb\"},\"inLanguage\":\"en-US\",\"potentialAction\":[{\"@type\":\"ReadAction\",\"target\":[\"https:\\\/\\\/tinte-toneri.hr\\\/shop\\\/tinte\\\/zamjenske-tinte\\\/zamjenska-tinta-canon-pgi-580-xxl-black\\\/\"]}]},{\"@type\":\"ImageObject\",\"inLanguage\":\"en-US\",\"@id\":\"https:\\\/\\\/tinte-toneri.hr\\\/shop\\\/tinte\\\/zamjenske-tinte\\\/zamjenska-tinta-canon-pgi-580-xxl-black\\\/#primaryimage\",\"url\":\"https:\\\/\\\/tinte-toneri.hr\\\/wp-content\\\/uploads\\\/2023\\\/12\\\/Zamjenska-tinta-black.png\",\"contentUrl\":\"https:\\\/\\\/tinte-toneri.hr\\\/wp-content\\\/uploads\\\/2023\\\/12\\\/Zamjenska-tinta-black.png\",\"width\":3000,\"height\":4000},{\"@type\":\"BreadcrumbList\",\"@id\":\"https:\\\/\\\/tinte-toneri.hr\\\/shop\\\/tinte\\\/zamjenske-tinte\\\/zamjenska-tinta-canon-pgi-580-xxl-black\\\/#breadcrumb\",\"itemListElement\":[{\"@type\":\"ListItem\",\"position\":1,\"name\":\"Po\u010detna stranica\",\"item\":\"https:\\\/\\\/tinte-toneri.hr\\\/\"},{\"@type\":\"ListItem\",\"position\":2,\"name\":\"Shop\",\"item\":\"https:\\\/\\\/tinte-toneri.hr\\\/shop\\\/\"},{\"@type\":\"ListItem\",\"position\":3,\"name\":\"TNT zamjenska tinta Canon PGI-580 XXL Black\"}]},{\"@type\":\"WebSite\",\"@id\":\"https:\\\/\\\/tinte-toneri.hr\\\/#website\",\"url\":\"https:\\\/\\\/tinte-toneri.hr\\\/\",\"name\":\"TNT\",\"description\":\"Tinte i toneri\",\"publisher\":{\"@id\":\"https:\\\/\\\/tinte-toneri.hr\\\/#organization\"},\"potentialAction\":[{\"@type\":\"SearchAction\",\"target\":{\"@type\":\"EntryPoint\",\"urlTemplate\":\"https:\\\/\\\/tinte-toneri.hr\\\/?s={search_term_string}\"},\"query-input\":{\"@type\":\"PropertyValueSpecification\",\"valueRequired\":true,\"valueName\":\"search_term_string\"}}],\"inLanguage\":\"en-US\"},{\"@type\":\"Organization\",\"@id\":\"https:\\\/\\\/tinte-toneri.hr\\\/#organization\",\"name\":\"TNT Global\",\"url\":\"https:\\\/\\\/tinte-toneri.hr\\\/\",\"logo\":{\"@type\":\"ImageObject\",\"inLanguage\":\"en-US\",\"@id\":\"https:\\\/\\\/tinte-toneri.hr\\\/#\\\/schema\\\/logo\\\/image\\\/\",\"url\":\"https:\\\/\\\/tinte-toneri.hr\\\/wp-content\\\/uploads\\\/2023\\\/10\\\/cropped-Logo1-removebg.png\",\"contentUrl\":\"https:\\\/\\\/tinte-toneri.hr\\\/wp-content\\\/uploads\\\/2023\\\/10\\\/cropped-Logo1-removebg.png\",\"width\":2124,\"height\":2129,\"caption\":\"TNT Global\"},\"image\":{\"@id\":\"https:\\\/\\\/tinte-toneri.hr\\\/#\\\/schema\\\/logo\\\/image\\\/\"}}]}<\/script>\n<!-- \/ Yoast SEO plugin. -->","yoast_head_json":{"title":"TNT zamjenska tinta Canon PGI-580 XXL Black - TNT","robots":{"index":"index","follow":"follow","max-snippet":"max-snippet:-1","max-image-preview":"max-image-preview:large","max-video-preview":"max-video-preview:-1"},"canonical":"https:\/\/tinte-toneri.hr\/en\/shop\/tinte\/zamjenske-tinte\/zamjenska-tinta-canon-pgi-580-xxl-black\/","og_locale":"en_US","og_type":"article","og_title":"TNT zamjenska tinta Canon PGI-580 XXL Black - TNT","og_description":"Upotrijebite na\u0161u vrhunsku zamjensku tintu TNT za Canon PGI-580 XXL Black kako biste osigurali iznimno kvalitetne ispise po pristupa\u010dnoj cijeni. Ova tinta je idealna za Canon pisa\u010de i pru\u017ea izvanredne rezultate u crno-bijelom ispisu. &nbsp; Na\u0161a TNT zamjenska tinta Canon PGI-580 XXL Black je formulirana s vrhunskim pigmentima koji osiguravaju o\u0161tre, jasne i duboke crne [&hellip;]","og_url":"https:\/\/tinte-toneri.hr\/en\/shop\/tinte\/zamjenske-tinte\/zamjenska-tinta-canon-pgi-580-xxl-black\/","og_site_name":"TNT","article_modified_time":"2024-09-17T09:55:28+00:00","og_image":[{"width":768,"height":1024,"url":"https:\/\/tinte-toneri.hr\/wp-content\/uploads\/2023\/12\/Zamjenska-tinta-black-768x1024.png","type":"image\/png"}],"twitter_card":"summary_large_image","twitter_misc":{"Est. reading time":"3 minutes"},"schema":{"@context":"https:\/\/schema.org","@graph":[{"@type":"WebPage","@id":"https:\/\/tinte-toneri.hr\/shop\/tinte\/zamjenske-tinte\/zamjenska-tinta-canon-pgi-580-xxl-black\/","url":"https:\/\/tinte-toneri.hr\/shop\/tinte\/zamjenske-tinte\/zamjenska-tinta-canon-pgi-580-xxl-black\/","name":"TNT zamjenska tinta Canon PGI-580 XXL Black - TNT","isPartOf":{"@id":"https:\/\/tinte-toneri.hr\/#website"},"primaryImageOfPage":{"@id":"https:\/\/tinte-toneri.hr\/shop\/tinte\/zamjenske-tinte\/zamjenska-tinta-canon-pgi-580-xxl-black\/#primaryimage"},"image":{"@id":"https:\/\/tinte-toneri.hr\/shop\/tinte\/zamjenske-tinte\/zamjenska-tinta-canon-pgi-580-xxl-black\/#primaryimage"},"thumbnailUrl":"https:\/\/tinte-toneri.hr\/wp-content\/uploads\/2023\/12\/Zamjenska-tinta-black.png","datePublished":"2023-05-18T19:48:34+00:00","dateModified":"2024-09-17T09:55:28+00:00","breadcrumb":{"@id":"https:\/\/tinte-toneri.hr\/shop\/tinte\/zamjenske-tinte\/zamjenska-tinta-canon-pgi-580-xxl-black\/#breadcrumb"},"inLanguage":"en-US","potentialAction":[{"@type":"ReadAction","target":["https:\/\/tinte-toneri.hr\/shop\/tinte\/zamjenske-tinte\/zamjenska-tinta-canon-pgi-580-xxl-black\/"]}]},{"@type":"ImageObject","inLanguage":"en-US","@id":"https:\/\/tinte-toneri.hr\/shop\/tinte\/zamjenske-tinte\/zamjenska-tinta-canon-pgi-580-xxl-black\/#primaryimage","url":"https:\/\/tinte-toneri.hr\/wp-content\/uploads\/2023\/12\/Zamjenska-tinta-black.png","contentUrl":"https:\/\/tinte-toneri.hr\/wp-content\/uploads\/2023\/12\/Zamjenska-tinta-black.png","width":3000,"height":4000},{"@type":"BreadcrumbList","@id":"https:\/\/tinte-toneri.hr\/shop\/tinte\/zamjenske-tinte\/zamjenska-tinta-canon-pgi-580-xxl-black\/#breadcrumb","itemListElement":[{"@type":"ListItem","position":1,"name":"Po\u010detna stranica","item":"https:\/\/tinte-toneri.hr\/"},{"@type":"ListItem","position":2,"name":"Shop","item":"https:\/\/tinte-toneri.hr\/shop\/"},{"@type":"ListItem","position":3,"name":"TNT zamjenska tinta Canon PGI-580 XXL Black"}]},{"@type":"WebSite","@id":"https:\/\/tinte-toneri.hr\/#website","url":"https:\/\/tinte-toneri.hr\/","name":"TNT","description":"Tinte i toneri","publisher":{"@id":"https:\/\/tinte-toneri.hr\/#organization"},"potentialAction":[{"@type":"SearchAction","target":{"@type":"EntryPoint","urlTemplate":"https:\/\/tinte-toneri.hr\/?s={search_term_string}"},"query-input":{"@type":"PropertyValueSpecification","valueRequired":true,"valueName":"search_term_string"}}],"inLanguage":"en-US"},{"@type":"Organization","@id":"https:\/\/tinte-toneri.hr\/#organization","name":"TNT Global","url":"https:\/\/tinte-toneri.hr\/","logo":{"@type":"ImageObject","inLanguage":"en-US","@id":"https:\/\/tinte-toneri.hr\/#\/schema\/logo\/image\/","url":"https:\/\/tinte-toneri.hr\/wp-content\/uploads\/2023\/10\/cropped-Logo1-removebg.png","contentUrl":"https:\/\/tinte-toneri.hr\/wp-content\/uploads\/2023\/10\/cropped-Logo1-removebg.png","width":2124,"height":2129,"caption":"TNT Global"},"image":{"@id":"https:\/\/tinte-toneri.hr\/#\/schema\/logo\/image\/"}}]}},"jetpack_sharing_enabled":true,"_links":{"self":[{"href":"https:\/\/tinte-toneri.hr\/en\/wp-json\/wp\/v2\/product\/5541","targetHints":{"allow":["GET"]}}],"collection":[{"href":"https:\/\/tinte-toneri.hr\/en\/wp-json\/wp\/v2\/product"}],"about":[{"href":"https:\/\/tinte-toneri.hr\/en\/wp-json\/wp\/v2\/types\/product"}],"replies":[{"embeddable":true,"href":"https:\/\/tinte-toneri.hr\/en\/wp-json\/wp\/v2\/comments?post=5541"}],"wp:featuredmedia":[{"embeddable":true,"href":"https:\/\/tinte-toneri.hr\/en\/wp-json\/wp\/v2\/media\/6269"}],"wp:attachment":[{"href":"https:\/\/tinte-toneri.hr\/en\/wp-json\/wp\/v2\/media?parent=5541"}],"wp:term":[{"taxonomy":"product_brand","embeddable":true,"href":"https:\/\/tinte-toneri.hr\/en\/wp-json\/wp\/v2\/product_brand?post=5541"},{"taxonomy":"product_cat","embeddable":true,"href":"https:\/\/tinte-toneri.hr\/en\/wp-json\/wp\/v2\/product_cat?post=5541"},{"taxonomy":"product_tag","embeddable":true,"href":"https:\/\/tinte-toneri.hr\/en\/wp-json\/wp\/v2\/product_tag?post=5541"}],"curies":[{"name":"wp","href":"https:\/\/api.w.org\/{rel}","templated":true}]}}