{"id":5614,"date":"2023-05-23T10:20:18","date_gmt":"2023-05-23T10:20:18","guid":{"rendered":"https:\/\/tinte-toneri.hr\/?post_type=product&#038;p=5614"},"modified":"2024-09-17T09:55:26","modified_gmt":"2024-09-17T09:55:26","slug":"tnt-zamjenska-tinta-hp-45-51645ae-black","status":"publish","type":"product","link":"https:\/\/tinte-toneri.hr\/en\/shop\/tinte\/zamjenske-tinte\/tnt-zamjenska-tinta-hp-45-51645ae-black\/","title":{"rendered":"TNT zamjenska tinta HP 45 (51645AE) Black"},"content":{"rendered":"<p>Upotrijebite na\u0161u vrhunsku zamjensku tintu TNT za HP 45 (51645AE) Black kako biste osigurali iznimno kvalitetne ispise po pristupa\u010dnoj cijeni.<\/p>\n<p>&nbsp;<\/p>\n<p>&nbsp;<\/p>\n<p>&nbsp;<\/p>\n<p>&nbsp;<\/p>\n<p>Na\u0161a TNT zamjenska tinta HP 45 (51645AE) Black je formulirana s vrhunskim pigmentima koji osiguravaju o\u0161tre, jasne i duboke crne boje. Bez obzira na to je li u pitanju tekst, grafika ili fotografija, ova tinta pru\u017ea konzistentne rezultate s visokim stupnjem detalja.<\/p>\n<p>&nbsp;<\/p>\n<p>&nbsp;<\/p>\n<p>&nbsp;<\/p>\n<p>&nbsp;<\/p>\n<p>Zamjenska tinta HP 45 (51645AE) Black radi sa:<\/p>\n<p>&nbsp;<\/p>\n<p>&nbsp;<\/p>\n<p>Apple Color Stylewriter 6500<\/p>\n<p>HP Addmaster IJ 1000<\/p>\n<p>HP Thermal InkJet 2.5<\/p>\n<p>HP DesignJet 700<\/p>\n<p>HP DesignJet 750 C<\/p>\n<p>HP DesignJet 750 C Plus<\/p>\n<p>HP DesignJet 750 Plus<\/p>\n<p>HP DesignJet 755 CM<\/p>\n<p>HP DeskJet 710 C<\/p>\n<p>HP DeskJet 712 C<\/p>\n<p>HP DeskJet 720 C<\/p>\n<p>HP DeskJet 722 C<\/p>\n<p>HP DeskJet 750<\/p>\n<p>HP DeskJet 750 C<\/p>\n<p>HP DeskJet 755<\/p>\n<p>HP DeskJet 755 C<\/p>\n<p>HP DeskJet 815 C<\/p>\n<p>HP DeskJet 820 C<\/p>\n<p>HP DeskJet 820 CSE<\/p>\n<p>HP DeskJet 820 CXI<\/p>\n<p>HP DeskJet 830 C<\/p>\n<p>HP DeskJet 832 C<\/p>\n<p>HP DeskJet 850 C<\/p>\n<p>HP DeskJet 850 CXI<\/p>\n<p>HP DeskJet 855 C<\/p>\n<p>HP DeskJet 855 CSE<\/p>\n<p>HP DeskJet 855 CXI<\/p>\n<p>HP DeskJet 870 C<\/p>\n<p>HP DeskJet 870 CSE<\/p>\n<p>HP DeskJet 870 CSI<\/p>\n<p>HP DeskJet 870 CXI<\/p>\n<p>HP DeskJet 880 C<\/p>\n<p>HP DeskJet 882 C<\/p>\n<p>HP DeskJet 890 C<\/p>\n<p>HP DeskJet 890 CSE<\/p>\n<p>HP DeskJet 890 CXI<\/p>\n<p>HP DeskJet 895 CSE<\/p>\n<p>HP DeskJet 895 CXI<\/p>\n<p>HP DeskJet 930 C<\/p>\n<p>HP DeskJet 930 CM<\/p>\n<p>HP DeskJet 932 C<\/p>\n<p>HP DeskJet 935 C<\/p>\n<p>HP DeskJet 950 C<\/p>\n<p>HP DeskJet 952 C<\/p>\n<p>HP DeskJet 959 C<\/p>\n<p>HP DeskJet 960 C<\/p>\n<p>HP DeskJet 960 CSE<\/p>\n<p>HP DeskJet 960 CXI<\/p>\n<p>HP DeskJet 960 Series<\/p>\n<p>HP DeskJet 970 CSE<\/p>\n<p>HP DeskJet 970 CX<\/p>\n<p>HP DeskJet 970 CXI<\/p>\n<p>HP DeskJet 970 Series<\/p>\n<p>HP DeskJet 980 C<\/p>\n<p>HP DeskJet 980 CXI<\/p>\n<p>HP DeskJet 980 Series<\/p>\n<p>HP DeskJet 990 C<\/p>\n<p>HP DeskJet 990 CM<\/p>\n<p>HP DeskJet 990 CSE<\/p>\n<p>HP DeskJet 990 CXI<\/p>\n<p>HP DeskJet 990 Series<\/p>\n<p>HP DeskJet 995 C<\/p>\n<p>HP DeskJet 1000 C<\/p>\n<p>HP DeskJet 1000 CSE<\/p>\n<p>HP DeskJet 1000 CXI<\/p>\n<p>HP DeskJet 1100 C<\/p>\n<p>HP DeskJet 1120 C<\/p>\n<p>HP DeskJet 1120 CSE<\/p>\n<p>HP DeskJet 1120 CXI<\/p>\n<p>HP DeskJet 1120 Series<\/p>\n<p>HP DeskJet 1125 C<\/p>\n<p>HP DeskJet 1180 C<\/p>\n<p>HP DeskJet 1180 CSE<\/p>\n<p>HP DeskJet 1180 CXI<\/p>\n<p>HP DeskJet 1180 Series<\/p>\n<p>HP DeskJet 1220 C<\/p>\n<p>HP DeskJet 1220 C\/PS<\/p>\n<p>HP DeskJet 1220 CSE<\/p>\n<p>HP DeskJet 1220 CXI<\/p>\n<p>HP DeskJet 1220 Series<\/p>\n<p>HP DeskJet 1280<\/p>\n<p>HP DeskJet 1600 C<\/p>\n<p>HP DeskJet 1600 CM<\/p>\n<p>HP DeskJet 1600 CN<\/p>\n<p>HP DeskJet 1600 PS<\/p>\n<p>HP DeskJet 6122<\/p>\n<p>HP DeskJet 6127<\/p>\n<p>HP DeskJet 9300<\/p>\n<p>HP Fax 1220<\/p>\n<p>HP Fax 1220 XI<\/p>\n<p>HP OfficeJet G 55<\/p>\n<p>HP OfficeJet G 55 XI<\/p>\n<p>HP OfficeJet G 85<\/p>\n<p>HP OfficeJet G 85 XI<\/p>\n<p>HP OfficeJet G 95<\/p>\n<p>HP OfficeJet K 60<\/p>\n<p>HP OfficeJet K 60 XI<\/p>\n<p>HP OfficeJet K 80<\/p>\n<p>HP OfficeJet K 80 XI<\/p>\n<p>HP OfficeJet Pro 1150 C<\/p>\n<p>HP OfficeJet Pro 1150 CSE<\/p>\n<p>HP OfficeJet Pro 1170 C<\/p>\n<p>HP OfficeJet Pro 1170 CSE<\/p>\n<p>HP OfficeJet Pro 1170 CXI<\/p>\n<p>HP OfficeJet Pro 1175 C<\/p>\n<p>HP OfficeJet Pro 1175 CSE<\/p>\n<p>HP OfficeJet Pro 1175 CXI<\/p>\n<p>HP PhotoSmart 1000<\/p>\n<p>HP PhotoSmart 1000 XI<\/p>\n<p>HP PhotoSmart 1100<\/p>\n<p>HP PhotoSmart 1100 XI<\/p>\n<p>HP PhotoSmart 1115<\/p>\n<p>HP PhotoSmart 1115 CVR<\/p>\n<p>HP PhotoSmart 1215<\/p>\n<p>HP PhotoSmart 1215 VM<\/p>\n<p>HP PhotoSmart 1218<\/p>\n<p>HP PhotoSmart 1218 XI<\/p>\n<p>HP PhotoSmart 1315<\/p>\n<p>&nbsp;<\/p>\n<p>&nbsp;<\/p>\n<p>Pitney Bowes DA 50 S<\/p>\n<p>Pitney Bowes DA 55 S<\/p>\n<p>Pitney Bowes DA 70 S<\/p>\n<p>Pitney Bowes DA 75 S<\/p>\n<p>Pitney Bowes DA 80 F<\/p>\n<p>Pitney Bowes DA 95 F<\/p>\n<p>Pitney Bowes DA 400<\/p>\n<p>Pitney Bowes DA 500<\/p>\n<p>Pitney Bowes DA 550<\/p>\n<p>Pitney Bowes DA 700<\/p>\n<p>Pitney Bowes DA 750<\/p>\n<p>Pitney Bowes DA 900<\/p>\n<p>Pitney Bowes DA 950<\/p>\n<p>Pitney Bowes W 660<\/p>\n<p>Pitney Bowes W 661<\/p>\n<p>Pitney Bowes W 680<\/p>\n<p>Pitney Bowes W 700<\/p>\n<p>Pitney Bowes W 770<\/p>\n<p>Pitney Bowes W 790<\/p>\n<p>Pitney Bowes W 800<\/p>\n<p>Pitney Bowes W 801<\/p>\n<p>Pitney Bowes W 880<\/p>\n<p>Pitney Bowes W 890<\/p>\n<p>Pitney Bowes W 990<\/p>\n<p>Pitney Bowes W 991<\/p>\n<p>&nbsp;<\/p>\n<p>Kodak Science 1000 PS<\/p>\n<p>&nbsp;<\/p>\n<p>Olivetti JOB-JET P 200<\/p>\n<p>&nbsp;<\/p>\n<p>Toshiba GA 1030<\/p>\n<p>Toshiba MJ 5002<\/p>\n<p>Toshiba MR 3011<\/p>\n<p>&nbsp;<\/p>\n<p>&nbsp;<\/p>","protected":false},"excerpt":{"rendered":"<p>Upotrijebite na\u0161u vrhunsku zamjensku tintu TNT za HP 45 (51645AE) Black kako biste osigurali iznimno kvalitetne ispise po pristupa\u010dnoj cijeni. &nbsp; &nbsp; &nbsp; &nbsp; Na\u0161a TNT zamjenska tinta HP 45 (51645AE) Black je formulirana s vrhunskim pigmentima koji osiguravaju o\u0161tre, jasne i duboke crne boje. Bez obzira na to je li u pitanju tekst, grafika [&hellip;]<\/p>\n","protected":false},"featured_media":6269,"comment_status":"open","ping_status":"closed","template":"","meta":{"om_disable_all_campaigns":false,"_monsterinsights_skip_tracking":false,"_monsterinsights_sitenote_active":false,"_monsterinsights_sitenote_note":"","_monsterinsights_sitenote_category":0,"_uf_show_specific_survey":0,"_uf_disable_surveys":false},"product_brand":[],"product_cat":[21,28],"product_tag":[],"class_list":{"0":"post-5614","1":"product","2":"type-product","3":"status-publish","4":"has-post-thumbnail","6":"product_cat-tinte","7":"product_cat-zamjenske-tinte","9":"first","10":"instock","11":"taxable","12":"shipping-taxable","13":"purchasable","14":"product-type-simple"},"aioseo_notices":[],"yoast_head":"<!-- This site is optimized with the Yoast SEO plugin v27.4 - https:\/\/yoast.com\/product\/yoast-seo-wordpress\/ -->\n<title>TNT zamjenska tinta HP 45 (51645AE) Black - TNT<\/title>\n<meta name=\"description\" content=\"Zamjenska tinta HP 45 (51645AE) Black za: Toshiba GA 1030 - Kodak Science 1000 PS - Pitney Bowes DA 50 S - HP DesignJet 700 - Apple Color Stylewriter 6500..\" \/>\n<meta name=\"robots\" content=\"index, follow, max-snippet:-1, max-image-preview:large, max-video-preview:-1\" \/>\n<link rel=\"canonical\" href=\"https:\/\/tinte-toneri.hr\/en\/shop\/tinte\/zamjenske-tinte\/tnt-zamjenska-tinta-hp-45-51645ae-black\/\" \/>\n<meta property=\"og:locale\" content=\"en_US\" \/>\n<meta property=\"og:type\" content=\"article\" \/>\n<meta property=\"og:title\" content=\"TNT zamjenska tinta HP 45 (51645AE) Black - TNT\" \/>\n<meta property=\"og:description\" content=\"Zamjenska tinta HP 45 (51645AE) Black za: Toshiba GA 1030 - Kodak Science 1000 PS - Pitney Bowes DA 50 S - HP DesignJet 700 - Apple Color Stylewriter 6500..\" \/>\n<meta property=\"og:url\" content=\"https:\/\/tinte-toneri.hr\/en\/shop\/tinte\/zamjenske-tinte\/tnt-zamjenska-tinta-hp-45-51645ae-black\/\" \/>\n<meta property=\"og:site_name\" content=\"TNT\" \/>\n<meta property=\"article:modified_time\" content=\"2024-09-17T09:55:26+00:00\" \/>\n<meta property=\"og:image\" content=\"https:\/\/tinte-toneri.hr\/wp-content\/uploads\/2023\/12\/Zamjenska-tinta-black-768x1024.png\" \/>\n\t<meta property=\"og:image:width\" content=\"768\" \/>\n\t<meta property=\"og:image:height\" content=\"1024\" \/>\n\t<meta property=\"og:image:type\" content=\"image\/png\" \/>\n<meta name=\"twitter:card\" content=\"summary_large_image\" \/>\n<meta name=\"twitter:label1\" content=\"Est. reading time\" \/>\n\t<meta name=\"twitter:data1\" content=\"4 minutes\" \/>\n<script type=\"application\/ld+json\" class=\"yoast-schema-graph\">{\"@context\":\"https:\\\/\\\/schema.org\",\"@graph\":[{\"@type\":\"WebPage\",\"@id\":\"https:\\\/\\\/tinte-toneri.hr\\\/shop\\\/tinte\\\/zamjenske-tinte\\\/tnt-zamjenska-tinta-hp-45-51645ae-black\\\/\",\"url\":\"https:\\\/\\\/tinte-toneri.hr\\\/shop\\\/tinte\\\/zamjenske-tinte\\\/tnt-zamjenska-tinta-hp-45-51645ae-black\\\/\",\"name\":\"TNT zamjenska tinta HP 45 (51645AE) Black - TNT\",\"isPartOf\":{\"@id\":\"https:\\\/\\\/tinte-toneri.hr\\\/#website\"},\"primaryImageOfPage\":{\"@id\":\"https:\\\/\\\/tinte-toneri.hr\\\/shop\\\/tinte\\\/zamjenske-tinte\\\/tnt-zamjenska-tinta-hp-45-51645ae-black\\\/#primaryimage\"},\"image\":{\"@id\":\"https:\\\/\\\/tinte-toneri.hr\\\/shop\\\/tinte\\\/zamjenske-tinte\\\/tnt-zamjenska-tinta-hp-45-51645ae-black\\\/#primaryimage\"},\"thumbnailUrl\":\"https:\\\/\\\/tinte-toneri.hr\\\/wp-content\\\/uploads\\\/2023\\\/12\\\/Zamjenska-tinta-black.png\",\"datePublished\":\"2023-05-23T10:20:18+00:00\",\"dateModified\":\"2024-09-17T09:55:26+00:00\",\"description\":\"Zamjenska tinta HP 45 (51645AE) Black za: Toshiba GA 1030 - Kodak Science 1000 PS - Pitney Bowes DA 50 S - HP DesignJet 700 - Apple Color Stylewriter 6500..\",\"breadcrumb\":{\"@id\":\"https:\\\/\\\/tinte-toneri.hr\\\/shop\\\/tinte\\\/zamjenske-tinte\\\/tnt-zamjenska-tinta-hp-45-51645ae-black\\\/#breadcrumb\"},\"inLanguage\":\"en-US\",\"potentialAction\":[{\"@type\":\"ReadAction\",\"target\":[\"https:\\\/\\\/tinte-toneri.hr\\\/shop\\\/tinte\\\/zamjenske-tinte\\\/tnt-zamjenska-tinta-hp-45-51645ae-black\\\/\"]}]},{\"@type\":\"ImageObject\",\"inLanguage\":\"en-US\",\"@id\":\"https:\\\/\\\/tinte-toneri.hr\\\/shop\\\/tinte\\\/zamjenske-tinte\\\/tnt-zamjenska-tinta-hp-45-51645ae-black\\\/#primaryimage\",\"url\":\"https:\\\/\\\/tinte-toneri.hr\\\/wp-content\\\/uploads\\\/2023\\\/12\\\/Zamjenska-tinta-black.png\",\"contentUrl\":\"https:\\\/\\\/tinte-toneri.hr\\\/wp-content\\\/uploads\\\/2023\\\/12\\\/Zamjenska-tinta-black.png\",\"width\":3000,\"height\":4000},{\"@type\":\"BreadcrumbList\",\"@id\":\"https:\\\/\\\/tinte-toneri.hr\\\/shop\\\/tinte\\\/zamjenske-tinte\\\/tnt-zamjenska-tinta-hp-45-51645ae-black\\\/#breadcrumb\",\"itemListElement\":[{\"@type\":\"ListItem\",\"position\":1,\"name\":\"Po\u010detna stranica\",\"item\":\"https:\\\/\\\/tinte-toneri.hr\\\/\"},{\"@type\":\"ListItem\",\"position\":2,\"name\":\"Shop\",\"item\":\"https:\\\/\\\/tinte-toneri.hr\\\/shop\\\/\"},{\"@type\":\"ListItem\",\"position\":3,\"name\":\"TNT zamjenska tinta HP 45 (51645AE) Black\"}]},{\"@type\":\"WebSite\",\"@id\":\"https:\\\/\\\/tinte-toneri.hr\\\/#website\",\"url\":\"https:\\\/\\\/tinte-toneri.hr\\\/\",\"name\":\"TNT\",\"description\":\"Tinte i toneri\",\"publisher\":{\"@id\":\"https:\\\/\\\/tinte-toneri.hr\\\/#organization\"},\"potentialAction\":[{\"@type\":\"SearchAction\",\"target\":{\"@type\":\"EntryPoint\",\"urlTemplate\":\"https:\\\/\\\/tinte-toneri.hr\\\/?s={search_term_string}\"},\"query-input\":{\"@type\":\"PropertyValueSpecification\",\"valueRequired\":true,\"valueName\":\"search_term_string\"}}],\"inLanguage\":\"en-US\"},{\"@type\":\"Organization\",\"@id\":\"https:\\\/\\\/tinte-toneri.hr\\\/#organization\",\"name\":\"TNT Global\",\"url\":\"https:\\\/\\\/tinte-toneri.hr\\\/\",\"logo\":{\"@type\":\"ImageObject\",\"inLanguage\":\"en-US\",\"@id\":\"https:\\\/\\\/tinte-toneri.hr\\\/#\\\/schema\\\/logo\\\/image\\\/\",\"url\":\"https:\\\/\\\/tinte-toneri.hr\\\/wp-content\\\/uploads\\\/2023\\\/10\\\/cropped-Logo1-removebg.png\",\"contentUrl\":\"https:\\\/\\\/tinte-toneri.hr\\\/wp-content\\\/uploads\\\/2023\\\/10\\\/cropped-Logo1-removebg.png\",\"width\":2124,\"height\":2129,\"caption\":\"TNT Global\"},\"image\":{\"@id\":\"https:\\\/\\\/tinte-toneri.hr\\\/#\\\/schema\\\/logo\\\/image\\\/\"}}]}<\/script>\n<!-- \/ Yoast SEO plugin. -->","yoast_head_json":{"title":"TNT zamjenska tinta HP 45 (51645AE) Black - TNT","description":"Zamjenska tinta HP 45 (51645AE) Black za: Toshiba GA 1030 - Kodak Science 1000 PS - Pitney Bowes DA 50 S - HP DesignJet 700 - Apple Color Stylewriter 6500..","robots":{"index":"index","follow":"follow","max-snippet":"max-snippet:-1","max-image-preview":"max-image-preview:large","max-video-preview":"max-video-preview:-1"},"canonical":"https:\/\/tinte-toneri.hr\/en\/shop\/tinte\/zamjenske-tinte\/tnt-zamjenska-tinta-hp-45-51645ae-black\/","og_locale":"en_US","og_type":"article","og_title":"TNT zamjenska tinta HP 45 (51645AE) Black - TNT","og_description":"Zamjenska tinta HP 45 (51645AE) Black za: Toshiba GA 1030 - Kodak Science 1000 PS - Pitney Bowes DA 50 S - HP DesignJet 700 - Apple Color Stylewriter 6500..","og_url":"https:\/\/tinte-toneri.hr\/en\/shop\/tinte\/zamjenske-tinte\/tnt-zamjenska-tinta-hp-45-51645ae-black\/","og_site_name":"TNT","article_modified_time":"2024-09-17T09:55:26+00:00","og_image":[{"width":768,"height":1024,"url":"https:\/\/tinte-toneri.hr\/wp-content\/uploads\/2023\/12\/Zamjenska-tinta-black-768x1024.png","type":"image\/png"}],"twitter_card":"summary_large_image","twitter_misc":{"Est. reading time":"4 minutes"},"schema":{"@context":"https:\/\/schema.org","@graph":[{"@type":"WebPage","@id":"https:\/\/tinte-toneri.hr\/shop\/tinte\/zamjenske-tinte\/tnt-zamjenska-tinta-hp-45-51645ae-black\/","url":"https:\/\/tinte-toneri.hr\/shop\/tinte\/zamjenske-tinte\/tnt-zamjenska-tinta-hp-45-51645ae-black\/","name":"TNT zamjenska tinta HP 45 (51645AE) Black - TNT","isPartOf":{"@id":"https:\/\/tinte-toneri.hr\/#website"},"primaryImageOfPage":{"@id":"https:\/\/tinte-toneri.hr\/shop\/tinte\/zamjenske-tinte\/tnt-zamjenska-tinta-hp-45-51645ae-black\/#primaryimage"},"image":{"@id":"https:\/\/tinte-toneri.hr\/shop\/tinte\/zamjenske-tinte\/tnt-zamjenska-tinta-hp-45-51645ae-black\/#primaryimage"},"thumbnailUrl":"https:\/\/tinte-toneri.hr\/wp-content\/uploads\/2023\/12\/Zamjenska-tinta-black.png","datePublished":"2023-05-23T10:20:18+00:00","dateModified":"2024-09-17T09:55:26+00:00","description":"Zamjenska tinta HP 45 (51645AE) Black za: Toshiba GA 1030 - Kodak Science 1000 PS - Pitney Bowes DA 50 S - HP DesignJet 700 - Apple Color Stylewriter 6500..","breadcrumb":{"@id":"https:\/\/tinte-toneri.hr\/shop\/tinte\/zamjenske-tinte\/tnt-zamjenska-tinta-hp-45-51645ae-black\/#breadcrumb"},"inLanguage":"en-US","potentialAction":[{"@type":"ReadAction","target":["https:\/\/tinte-toneri.hr\/shop\/tinte\/zamjenske-tinte\/tnt-zamjenska-tinta-hp-45-51645ae-black\/"]}]},{"@type":"ImageObject","inLanguage":"en-US","@id":"https:\/\/tinte-toneri.hr\/shop\/tinte\/zamjenske-tinte\/tnt-zamjenska-tinta-hp-45-51645ae-black\/#primaryimage","url":"https:\/\/tinte-toneri.hr\/wp-content\/uploads\/2023\/12\/Zamjenska-tinta-black.png","contentUrl":"https:\/\/tinte-toneri.hr\/wp-content\/uploads\/2023\/12\/Zamjenska-tinta-black.png","width":3000,"height":4000},{"@type":"BreadcrumbList","@id":"https:\/\/tinte-toneri.hr\/shop\/tinte\/zamjenske-tinte\/tnt-zamjenska-tinta-hp-45-51645ae-black\/#breadcrumb","itemListElement":[{"@type":"ListItem","position":1,"name":"Po\u010detna stranica","item":"https:\/\/tinte-toneri.hr\/"},{"@type":"ListItem","position":2,"name":"Shop","item":"https:\/\/tinte-toneri.hr\/shop\/"},{"@type":"ListItem","position":3,"name":"TNT zamjenska tinta HP 45 (51645AE) Black"}]},{"@type":"WebSite","@id":"https:\/\/tinte-toneri.hr\/#website","url":"https:\/\/tinte-toneri.hr\/","name":"TNT","description":"Tinte i toneri","publisher":{"@id":"https:\/\/tinte-toneri.hr\/#organization"},"potentialAction":[{"@type":"SearchAction","target":{"@type":"EntryPoint","urlTemplate":"https:\/\/tinte-toneri.hr\/?s={search_term_string}"},"query-input":{"@type":"PropertyValueSpecification","valueRequired":true,"valueName":"search_term_string"}}],"inLanguage":"en-US"},{"@type":"Organization","@id":"https:\/\/tinte-toneri.hr\/#organization","name":"TNT Global","url":"https:\/\/tinte-toneri.hr\/","logo":{"@type":"ImageObject","inLanguage":"en-US","@id":"https:\/\/tinte-toneri.hr\/#\/schema\/logo\/image\/","url":"https:\/\/tinte-toneri.hr\/wp-content\/uploads\/2023\/10\/cropped-Logo1-removebg.png","contentUrl":"https:\/\/tinte-toneri.hr\/wp-content\/uploads\/2023\/10\/cropped-Logo1-removebg.png","width":2124,"height":2129,"caption":"TNT Global"},"image":{"@id":"https:\/\/tinte-toneri.hr\/#\/schema\/logo\/image\/"}}]}},"jetpack_sharing_enabled":true,"_links":{"self":[{"href":"https:\/\/tinte-toneri.hr\/en\/wp-json\/wp\/v2\/product\/5614","targetHints":{"allow":["GET"]}}],"collection":[{"href":"https:\/\/tinte-toneri.hr\/en\/wp-json\/wp\/v2\/product"}],"about":[{"href":"https:\/\/tinte-toneri.hr\/en\/wp-json\/wp\/v2\/types\/product"}],"replies":[{"embeddable":true,"href":"https:\/\/tinte-toneri.hr\/en\/wp-json\/wp\/v2\/comments?post=5614"}],"wp:featuredmedia":[{"embeddable":true,"href":"https:\/\/tinte-toneri.hr\/en\/wp-json\/wp\/v2\/media\/6269"}],"wp:attachment":[{"href":"https:\/\/tinte-toneri.hr\/en\/wp-json\/wp\/v2\/media?parent=5614"}],"wp:term":[{"taxonomy":"product_brand","embeddable":true,"href":"https:\/\/tinte-toneri.hr\/en\/wp-json\/wp\/v2\/product_brand?post=5614"},{"taxonomy":"product_cat","embeddable":true,"href":"https:\/\/tinte-toneri.hr\/en\/wp-json\/wp\/v2\/product_cat?post=5614"},{"taxonomy":"product_tag","embeddable":true,"href":"https:\/\/tinte-toneri.hr\/en\/wp-json\/wp\/v2\/product_tag?post=5614"}],"curies":[{"name":"wp","href":"https:\/\/api.w.org\/{rel}","templated":true}]}}