{"id":5746,"date":"2023-08-27T15:56:30","date_gmt":"2023-08-27T15:56:30","guid":{"rendered":"https:\/\/tinte-toneri.hr\/?post_type=product&#038;p=5746"},"modified":"2024-09-17T09:54:28","modified_gmt":"2024-09-17T09:54:28","slug":"tnt-zamjenska-tinta-hp-301xl-tricolor-ch564ee","status":"publish","type":"product","link":"https:\/\/tinte-toneri.hr\/en\/shop\/tinte\/zamjenske-tinte\/tnt-zamjenska-tinta-hp-301xl-tricolor-ch564ee\/","title":{"rendered":"TNT zamjenska tinta HP 301XL Tricolor (CH564EE)"},"content":{"rendered":"<p>Upotrijebite na\u0161u vrhunsku zamjensku tintu TNT za HP 301XL Tricolor (CH564EE) kako biste osigurali iznimno kvalitetne ispise po pristupa\u010dnoj cijeni.<\/p>\n<p>&nbsp;<\/p>\n<p>&nbsp;<\/p>\n<p>&nbsp;<\/p>\n<p>Na\u0161a TNT zamjenska tinta HP 301XL Tricolor (CH564EE) je formulirana s vrhunskim pigmentima koji osiguravaju o\u0161tre, jasne i duboke crne boje. Bez obzira na to je li u pitanju tekst, grafika ili fotografija, ova tinta pru\u017ea konzistentne rezultate s visokim stupnjem detalja.<\/p>\n<p>&nbsp;<\/p>\n<p>&nbsp;<\/p>\n<p>&nbsp;<\/p>\n<p>Proizvod sigurno radi sa:<\/p>\n<p>&nbsp;<\/p>\n<div class=\"row\">\n<div class=\"col-xs-12 col-sm-6 col-md-4 col-lg-4\">HP DeskJet 1000<\/div>\n<div class=\"col-xs-12 col-sm-6 col-md-4 col-lg-4\">HP DeskJet 1010<\/div>\n<div class=\"col-xs-12 col-sm-6 col-md-4 col-lg-4\">HP DeskJet 1050<\/div>\n<div class=\"col-xs-12 col-sm-6 col-md-4 col-lg-4\">HP DeskJet 1050 a<\/div>\n<div class=\"col-xs-12 col-sm-6 col-md-4 col-lg-4\">HP DeskJet 1055<\/div>\n<div class=\"col-xs-12 col-sm-6 col-md-4 col-lg-4\">HP DeskJet 1510<\/div>\n<div class=\"col-xs-12 col-sm-6 col-md-4 col-lg-4\">HP DeskJet 1512<\/div>\n<div class=\"col-xs-12 col-sm-6 col-md-4 col-lg-4\">HP DeskJet 1513<\/div>\n<div class=\"col-xs-12 col-sm-6 col-md-4 col-lg-4\">HP DeskJet 1514<\/div>\n<div class=\"col-xs-12 col-sm-6 col-md-4 col-lg-4\">HP DeskJet 2000<\/div>\n<div class=\"col-xs-12 col-sm-6 col-md-4 col-lg-4\">HP DeskJet 2050<\/div>\n<div class=\"col-xs-12 col-sm-6 col-md-4 col-lg-4\">HP DeskJet 2050 Series<\/div>\n<div class=\"col-xs-12 col-sm-6 col-md-4 col-lg-4\">HP DeskJet 2050 a<\/div>\n<div class=\"col-xs-12 col-sm-6 col-md-4 col-lg-4\">HP DeskJet 2050 s<\/div>\n<div class=\"col-xs-12 col-sm-6 col-md-4 col-lg-4\">HP DeskJet 2054 a<\/div>\n<div class=\"col-xs-12 col-sm-6 col-md-4 col-lg-4\">HP DeskJet 2510<\/div>\n<div class=\"col-xs-12 col-sm-6 col-md-4 col-lg-4\">HP DeskJet 2511<\/div>\n<div class=\"col-xs-12 col-sm-6 col-md-4 col-lg-4\">HP DeskJet 2512<\/div>\n<div class=\"col-xs-12 col-sm-6 col-md-4 col-lg-4\">HP DeskJet 2514<\/div>\n<div class=\"col-xs-12 col-sm-6 col-md-4 col-lg-4\">HP DeskJet 2540<\/div>\n<div class=\"col-xs-12 col-sm-6 col-md-4 col-lg-4\">HP DeskJet 2541<\/div>\n<div class=\"col-xs-12 col-sm-6 col-md-4 col-lg-4\">HP DeskJet 2542<\/div>\n<div class=\"col-xs-12 col-sm-6 col-md-4 col-lg-4\">HP DeskJet 2543<\/div>\n<div class=\"col-xs-12 col-sm-6 col-md-4 col-lg-4\">HP DeskJet 2544<\/div>\n<div class=\"col-xs-12 col-sm-6 col-md-4 col-lg-4\">HP DeskJet 2545<\/div>\n<div class=\"col-xs-12 col-sm-6 col-md-4 col-lg-4\">HP DeskJet 2545 gray<\/div>\n<div class=\"col-xs-12 col-sm-6 col-md-4 col-lg-4\">HP DeskJet 2546<\/div>\n<div class=\"col-xs-12 col-sm-6 col-md-4 col-lg-4\">HP DeskJet 2546 P<\/div>\n<div class=\"col-xs-12 col-sm-6 col-md-4 col-lg-4\">HP DeskJet 2546 Series<\/div>\n<div class=\"col-xs-12 col-sm-6 col-md-4 col-lg-4\">HP DeskJet 2547<\/div>\n<div class=\"col-xs-12 col-sm-6 col-md-4 col-lg-4\">HP DeskJet 2548<\/div>\n<div class=\"col-xs-12 col-sm-6 col-md-4 col-lg-4\">HP DeskJet 2549<\/div>\n<div class=\"col-xs-12 col-sm-6 col-md-4 col-lg-4\">HP DeskJet 2550<\/div>\n<div class=\"col-xs-12 col-sm-6 col-md-4 col-lg-4\">HP DeskJet 3000<\/div>\n<div class=\"col-xs-12 col-sm-6 col-md-4 col-lg-4\">HP DeskJet 3050<\/div>\n<div class=\"col-xs-12 col-sm-6 col-md-4 col-lg-4\">HP DeskJet 3050 Series<\/div>\n<div class=\"col-xs-12 col-sm-6 col-md-4 col-lg-4\">HP DeskJet 3050 a<\/div>\n<div class=\"col-xs-12 col-sm-6 col-md-4 col-lg-4\">HP DeskJet 3050 se<\/div>\n<div class=\"col-xs-12 col-sm-6 col-md-4 col-lg-4\">HP DeskJet 3050 ve<\/div>\n<div class=\"col-xs-12 col-sm-6 col-md-4 col-lg-4\">HP DeskJet 3052<\/div>\n<div class=\"col-xs-12 col-sm-6 col-md-4 col-lg-4\">HP DeskJet 3052 a<\/div>\n<div class=\"col-xs-12 col-sm-6 col-md-4 col-lg-4\">HP DeskJet 3054 a<\/div>\n<div class=\"col-xs-12 col-sm-6 col-md-4 col-lg-4\">HP DeskJet 3055<\/div>\n<div class=\"col-xs-12 col-sm-6 col-md-4 col-lg-4\">HP DeskJet 3055 a<\/div>\n<div class=\"col-xs-12 col-sm-6 col-md-4 col-lg-4\">HP DeskJet 3056 a<\/div>\n<div class=\"col-xs-12 col-sm-6 col-md-4 col-lg-4\">HP DeskJet 3057 a<\/div>\n<div class=\"col-xs-12 col-sm-6 col-md-4 col-lg-4\">HP DeskJet 3059 a<\/div>\n<div>\n<div class=\"row\">\n<div class=\"col-xs-12 col-sm-6 col-md-4 col-lg-4\">HP Envy 4500 e-All-in-One<\/div>\n<div class=\"col-xs-12 col-sm-6 col-md-4 col-lg-4\">HP Envy 4501 e-All-in-One<\/div>\n<div class=\"col-xs-12 col-sm-6 col-md-4 col-lg-4\">HP Envy 4502 e-All-in-One<\/div>\n<div class=\"col-xs-12 col-sm-6 col-md-4 col-lg-4\">HP Envy 4503 e-All-in-One<\/div>\n<div class=\"col-xs-12 col-sm-6 col-md-4 col-lg-4\">HP Envy 4504 e-All-in-One<\/div>\n<div class=\"col-xs-12 col-sm-6 col-md-4 col-lg-4\">HP Envy 4505 e-All-in-One<\/div>\n<div class=\"col-xs-12 col-sm-6 col-md-4 col-lg-4\">HP Envy 4506 e-All-in-One<\/div>\n<div class=\"col-xs-12 col-sm-6 col-md-4 col-lg-4\">HP Envy 4507 e-All-in-One<\/div>\n<div class=\"col-xs-12 col-sm-6 col-md-4 col-lg-4\">HP Envy 4508 e-All-in-One<\/div>\n<div class=\"col-xs-12 col-sm-6 col-md-4 col-lg-4\">HP Envy 5530 Series<\/div>\n<div class=\"col-xs-12 col-sm-6 col-md-4 col-lg-4\">HP Envy 5530 e-All-in-One<\/div>\n<div class=\"col-xs-12 col-sm-6 col-md-4 col-lg-4\">HP Envy 5532 e-All-in-One<\/div>\n<div class=\"col-xs-12 col-sm-6 col-md-4 col-lg-4\">HP Envy 5534 e-All-in-One<\/div>\n<div class=\"col-xs-12 col-sm-6 col-md-4 col-lg-4\">HP Envy 5535 e-All-in-One<\/div>\n<div class=\"col-xs-12 col-sm-6 col-md-4 col-lg-4\">HP Envy 5536 e-All-in-One<\/div>\n<div class=\"col-xs-12 col-sm-6 col-md-4 col-lg-4\">HP Envy 5539 e-All-in-One<\/div>\n<div>\n<div class=\"row\">\n<div class=\"col-xs-12 col-sm-6 col-md-4 col-lg-4\">HP OfficeJet 2600 Series<\/div>\n<div class=\"col-xs-12 col-sm-6 col-md-4 col-lg-4\">HP OfficeJet 2620<\/div>\n<div class=\"col-xs-12 col-sm-6 col-md-4 col-lg-4\">HP OfficeJet 2622<\/div>\n<div class=\"col-xs-12 col-sm-6 col-md-4 col-lg-4\">HP OfficeJet 2624<\/div>\n<div class=\"col-xs-12 col-sm-6 col-md-4 col-lg-4\">HP OfficeJet 4630<\/div>\n<div class=\"col-xs-12 col-sm-6 col-md-4 col-lg-4\">HP OfficeJet 4630 Series<\/div>\n<div class=\"col-xs-12 col-sm-6 col-md-4 col-lg-4\">HP OfficeJet 4631<\/div>\n<div class=\"col-xs-12 col-sm-6 col-md-4 col-lg-4\">HP OfficeJet 4632<\/div>\n<div class=\"col-xs-12 col-sm-6 col-md-4 col-lg-4\">HP OfficeJet 4634<\/div>\n<div class=\"col-xs-12 col-sm-6 col-md-4 col-lg-4\">HP OfficeJet 4635<\/div>\n<div class=\"col-xs-12 col-sm-6 col-md-4 col-lg-4\">HP OfficeJet 4636<\/div>\n<div class=\"col-xs-12 col-sm-6 col-md-4 col-lg-4\">HP OfficeJet 4639<\/div>\n<\/div>\n<\/div>\n<\/div>\n<\/div>\n<\/div>\n<p>&nbsp;<\/p>\n<p>&nbsp;<\/p>\n<p>&nbsp;<\/p>\n<p>&nbsp;<\/p>","protected":false},"excerpt":{"rendered":"<p>Upotrijebite na\u0161u vrhunsku zamjensku tintu TNT za HP 301XL Tricolor (CH564EE) kako biste osigurali iznimno kvalitetne ispise po pristupa\u010dnoj cijeni. &nbsp; &nbsp; &nbsp; Na\u0161a TNT zamjenska tinta HP 301XL Tricolor (CH564EE) je formulirana s vrhunskim pigmentima koji osiguravaju o\u0161tre, jasne i duboke crne boje. Bez obzira na to je li u pitanju tekst, grafika ili [&hellip;]<\/p>\n","protected":false},"featured_media":6263,"comment_status":"open","ping_status":"closed","template":"","meta":{"om_disable_all_campaigns":false,"_monsterinsights_skip_tracking":false,"_monsterinsights_sitenote_active":false,"_monsterinsights_sitenote_note":"","_monsterinsights_sitenote_category":0,"_uf_show_specific_survey":0,"_uf_disable_surveys":false},"product_brand":[],"product_cat":[21,28],"product_tag":[],"class_list":{"0":"post-5746","1":"product","2":"type-product","3":"status-publish","4":"has-post-thumbnail","6":"product_cat-tinte","7":"product_cat-zamjenske-tinte","9":"first","10":"instock","11":"taxable","12":"shipping-taxable","13":"purchasable","14":"product-type-simple"},"aioseo_notices":[],"yoast_head":"<!-- This site is optimized with the Yoast SEO plugin v27.4 - https:\/\/yoast.com\/product\/yoast-seo-wordpress\/ -->\n<title>TNT zamjenska tinta HP 301XL Tricolor (CH564EE) - TNT<\/title>\n<meta name=\"description\" content=\"zamjenska tinta HP 301XL Tricolor (CH564EE) za HP DeskJet 2050 Series - 2546 Series- 3050 Series - HP OfficeJet 2600 Series - HP OfficeJet 4630 Series ...\" \/>\n<meta name=\"robots\" content=\"index, follow, max-snippet:-1, max-image-preview:large, max-video-preview:-1\" \/>\n<link rel=\"canonical\" href=\"https:\/\/tinte-toneri.hr\/en\/shop\/tinte\/zamjenske-tinte\/tnt-zamjenska-tinta-hp-301xl-tricolor-ch564ee\/\" \/>\n<meta property=\"og:locale\" content=\"en_US\" \/>\n<meta property=\"og:type\" content=\"article\" \/>\n<meta property=\"og:title\" content=\"TNT zamjenska tinta HP 301XL Tricolor (CH564EE) - TNT\" \/>\n<meta property=\"og:description\" content=\"zamjenska tinta HP 301XL Tricolor (CH564EE) za HP DeskJet 2050 Series - 2546 Series- 3050 Series - HP OfficeJet 2600 Series - HP OfficeJet 4630 Series ...\" \/>\n<meta property=\"og:url\" content=\"https:\/\/tinte-toneri.hr\/en\/shop\/tinte\/zamjenske-tinte\/tnt-zamjenska-tinta-hp-301xl-tricolor-ch564ee\/\" \/>\n<meta property=\"og:site_name\" content=\"TNT\" \/>\n<meta property=\"article:modified_time\" content=\"2024-09-17T09:54:28+00:00\" \/>\n<meta property=\"og:image\" content=\"https:\/\/tinte-toneri.hr\/wp-content\/uploads\/2023\/12\/Zamjenska-tinta-768x1024.png\" \/>\n\t<meta property=\"og:image:width\" content=\"768\" \/>\n\t<meta property=\"og:image:height\" content=\"1024\" \/>\n\t<meta property=\"og:image:type\" content=\"image\/png\" \/>\n<meta name=\"twitter:card\" content=\"summary_large_image\" \/>\n<meta name=\"twitter:label1\" content=\"Est. reading time\" \/>\n\t<meta name=\"twitter:data1\" content=\"2 minutes\" \/>\n<script type=\"application\/ld+json\" class=\"yoast-schema-graph\">{\"@context\":\"https:\\\/\\\/schema.org\",\"@graph\":[{\"@type\":\"WebPage\",\"@id\":\"https:\\\/\\\/tinte-toneri.hr\\\/en\\\/shop\\\/tinte\\\/zamjenske-tinte\\\/tnt-zamjenska-tinta-hp-301xl-tricolor-ch564ee\\\/\",\"url\":\"https:\\\/\\\/tinte-toneri.hr\\\/en\\\/shop\\\/tinte\\\/zamjenske-tinte\\\/tnt-zamjenska-tinta-hp-301xl-tricolor-ch564ee\\\/\",\"name\":\"TNT zamjenska tinta HP 301XL Tricolor (CH564EE) - TNT\",\"isPartOf\":{\"@id\":\"https:\\\/\\\/tinte-toneri.hr\\\/#website\"},\"primaryImageOfPage\":{\"@id\":\"https:\\\/\\\/tinte-toneri.hr\\\/en\\\/shop\\\/tinte\\\/zamjenske-tinte\\\/tnt-zamjenska-tinta-hp-301xl-tricolor-ch564ee\\\/#primaryimage\"},\"image\":{\"@id\":\"https:\\\/\\\/tinte-toneri.hr\\\/en\\\/shop\\\/tinte\\\/zamjenske-tinte\\\/tnt-zamjenska-tinta-hp-301xl-tricolor-ch564ee\\\/#primaryimage\"},\"thumbnailUrl\":\"https:\\\/\\\/tinte-toneri.hr\\\/wp-content\\\/uploads\\\/2023\\\/12\\\/Zamjenska-tinta.png\",\"datePublished\":\"2023-08-27T15:56:30+00:00\",\"dateModified\":\"2024-09-17T09:54:28+00:00\",\"description\":\"zamjenska tinta HP 301XL Tricolor (CH564EE) za HP DeskJet 2050 Series - 2546 Series- 3050 Series - HP OfficeJet 2600 Series - HP OfficeJet 4630 Series ...\",\"breadcrumb\":{\"@id\":\"https:\\\/\\\/tinte-toneri.hr\\\/en\\\/shop\\\/tinte\\\/zamjenske-tinte\\\/tnt-zamjenska-tinta-hp-301xl-tricolor-ch564ee\\\/#breadcrumb\"},\"inLanguage\":\"en-US\",\"potentialAction\":[{\"@type\":\"ReadAction\",\"target\":[\"https:\\\/\\\/tinte-toneri.hr\\\/en\\\/shop\\\/tinte\\\/zamjenske-tinte\\\/tnt-zamjenska-tinta-hp-301xl-tricolor-ch564ee\\\/\"]}]},{\"@type\":\"ImageObject\",\"inLanguage\":\"en-US\",\"@id\":\"https:\\\/\\\/tinte-toneri.hr\\\/en\\\/shop\\\/tinte\\\/zamjenske-tinte\\\/tnt-zamjenska-tinta-hp-301xl-tricolor-ch564ee\\\/#primaryimage\",\"url\":\"https:\\\/\\\/tinte-toneri.hr\\\/wp-content\\\/uploads\\\/2023\\\/12\\\/Zamjenska-tinta.png\",\"contentUrl\":\"https:\\\/\\\/tinte-toneri.hr\\\/wp-content\\\/uploads\\\/2023\\\/12\\\/Zamjenska-tinta.png\",\"width\":3000,\"height\":4000},{\"@type\":\"BreadcrumbList\",\"@id\":\"https:\\\/\\\/tinte-toneri.hr\\\/en\\\/shop\\\/tinte\\\/zamjenske-tinte\\\/tnt-zamjenska-tinta-hp-301xl-tricolor-ch564ee\\\/#breadcrumb\",\"itemListElement\":[{\"@type\":\"ListItem\",\"position\":1,\"name\":\"Po\u010detna stranica\",\"item\":\"https:\\\/\\\/tinte-toneri.hr\\\/\"},{\"@type\":\"ListItem\",\"position\":2,\"name\":\"Shop\",\"item\":\"https:\\\/\\\/tinte-toneri.hr\\\/shop\\\/\"},{\"@type\":\"ListItem\",\"position\":3,\"name\":\"TNT zamjenska tinta HP 301XL Tricolor (CH564EE)\"}]},{\"@type\":\"WebSite\",\"@id\":\"https:\\\/\\\/tinte-toneri.hr\\\/#website\",\"url\":\"https:\\\/\\\/tinte-toneri.hr\\\/\",\"name\":\"TNT\",\"description\":\"Tinte i toneri\",\"publisher\":{\"@id\":\"https:\\\/\\\/tinte-toneri.hr\\\/#organization\"},\"potentialAction\":[{\"@type\":\"SearchAction\",\"target\":{\"@type\":\"EntryPoint\",\"urlTemplate\":\"https:\\\/\\\/tinte-toneri.hr\\\/?s={search_term_string}\"},\"query-input\":{\"@type\":\"PropertyValueSpecification\",\"valueRequired\":true,\"valueName\":\"search_term_string\"}}],\"inLanguage\":\"en-US\"},{\"@type\":\"Organization\",\"@id\":\"https:\\\/\\\/tinte-toneri.hr\\\/#organization\",\"name\":\"TNT Global\",\"url\":\"https:\\\/\\\/tinte-toneri.hr\\\/\",\"logo\":{\"@type\":\"ImageObject\",\"inLanguage\":\"en-US\",\"@id\":\"https:\\\/\\\/tinte-toneri.hr\\\/#\\\/schema\\\/logo\\\/image\\\/\",\"url\":\"https:\\\/\\\/tinte-toneri.hr\\\/wp-content\\\/uploads\\\/2023\\\/10\\\/cropped-Logo1-removebg.png\",\"contentUrl\":\"https:\\\/\\\/tinte-toneri.hr\\\/wp-content\\\/uploads\\\/2023\\\/10\\\/cropped-Logo1-removebg.png\",\"width\":2124,\"height\":2129,\"caption\":\"TNT Global\"},\"image\":{\"@id\":\"https:\\\/\\\/tinte-toneri.hr\\\/#\\\/schema\\\/logo\\\/image\\\/\"}}]}<\/script>\n<!-- \/ Yoast SEO plugin. -->","yoast_head_json":{"title":"TNT zamjenska tinta HP 301XL Tricolor (CH564EE) - TNT","description":"zamjenska tinta HP 301XL Tricolor (CH564EE) za HP DeskJet 2050 Series - 2546 Series- 3050 Series - HP OfficeJet 2600 Series - HP OfficeJet 4630 Series ...","robots":{"index":"index","follow":"follow","max-snippet":"max-snippet:-1","max-image-preview":"max-image-preview:large","max-video-preview":"max-video-preview:-1"},"canonical":"https:\/\/tinte-toneri.hr\/en\/shop\/tinte\/zamjenske-tinte\/tnt-zamjenska-tinta-hp-301xl-tricolor-ch564ee\/","og_locale":"en_US","og_type":"article","og_title":"TNT zamjenska tinta HP 301XL Tricolor (CH564EE) - TNT","og_description":"zamjenska tinta HP 301XL Tricolor (CH564EE) za HP DeskJet 2050 Series - 2546 Series- 3050 Series - HP OfficeJet 2600 Series - HP OfficeJet 4630 Series ...","og_url":"https:\/\/tinte-toneri.hr\/en\/shop\/tinte\/zamjenske-tinte\/tnt-zamjenska-tinta-hp-301xl-tricolor-ch564ee\/","og_site_name":"TNT","article_modified_time":"2024-09-17T09:54:28+00:00","og_image":[{"width":768,"height":1024,"url":"https:\/\/tinte-toneri.hr\/wp-content\/uploads\/2023\/12\/Zamjenska-tinta-768x1024.png","type":"image\/png"}],"twitter_card":"summary_large_image","twitter_misc":{"Est. reading time":"2 minutes"},"schema":{"@context":"https:\/\/schema.org","@graph":[{"@type":"WebPage","@id":"https:\/\/tinte-toneri.hr\/en\/shop\/tinte\/zamjenske-tinte\/tnt-zamjenska-tinta-hp-301xl-tricolor-ch564ee\/","url":"https:\/\/tinte-toneri.hr\/en\/shop\/tinte\/zamjenske-tinte\/tnt-zamjenska-tinta-hp-301xl-tricolor-ch564ee\/","name":"TNT zamjenska tinta HP 301XL Tricolor (CH564EE) - TNT","isPartOf":{"@id":"https:\/\/tinte-toneri.hr\/#website"},"primaryImageOfPage":{"@id":"https:\/\/tinte-toneri.hr\/en\/shop\/tinte\/zamjenske-tinte\/tnt-zamjenska-tinta-hp-301xl-tricolor-ch564ee\/#primaryimage"},"image":{"@id":"https:\/\/tinte-toneri.hr\/en\/shop\/tinte\/zamjenske-tinte\/tnt-zamjenska-tinta-hp-301xl-tricolor-ch564ee\/#primaryimage"},"thumbnailUrl":"https:\/\/tinte-toneri.hr\/wp-content\/uploads\/2023\/12\/Zamjenska-tinta.png","datePublished":"2023-08-27T15:56:30+00:00","dateModified":"2024-09-17T09:54:28+00:00","description":"zamjenska tinta HP 301XL Tricolor (CH564EE) za HP DeskJet 2050 Series - 2546 Series- 3050 Series - HP OfficeJet 2600 Series - HP OfficeJet 4630 Series ...","breadcrumb":{"@id":"https:\/\/tinte-toneri.hr\/en\/shop\/tinte\/zamjenske-tinte\/tnt-zamjenska-tinta-hp-301xl-tricolor-ch564ee\/#breadcrumb"},"inLanguage":"en-US","potentialAction":[{"@type":"ReadAction","target":["https:\/\/tinte-toneri.hr\/en\/shop\/tinte\/zamjenske-tinte\/tnt-zamjenska-tinta-hp-301xl-tricolor-ch564ee\/"]}]},{"@type":"ImageObject","inLanguage":"en-US","@id":"https:\/\/tinte-toneri.hr\/en\/shop\/tinte\/zamjenske-tinte\/tnt-zamjenska-tinta-hp-301xl-tricolor-ch564ee\/#primaryimage","url":"https:\/\/tinte-toneri.hr\/wp-content\/uploads\/2023\/12\/Zamjenska-tinta.png","contentUrl":"https:\/\/tinte-toneri.hr\/wp-content\/uploads\/2023\/12\/Zamjenska-tinta.png","width":3000,"height":4000},{"@type":"BreadcrumbList","@id":"https:\/\/tinte-toneri.hr\/en\/shop\/tinte\/zamjenske-tinte\/tnt-zamjenska-tinta-hp-301xl-tricolor-ch564ee\/#breadcrumb","itemListElement":[{"@type":"ListItem","position":1,"name":"Po\u010detna stranica","item":"https:\/\/tinte-toneri.hr\/"},{"@type":"ListItem","position":2,"name":"Shop","item":"https:\/\/tinte-toneri.hr\/shop\/"},{"@type":"ListItem","position":3,"name":"TNT zamjenska tinta HP 301XL Tricolor (CH564EE)"}]},{"@type":"WebSite","@id":"https:\/\/tinte-toneri.hr\/#website","url":"https:\/\/tinte-toneri.hr\/","name":"TNT","description":"Tinte i toneri","publisher":{"@id":"https:\/\/tinte-toneri.hr\/#organization"},"potentialAction":[{"@type":"SearchAction","target":{"@type":"EntryPoint","urlTemplate":"https:\/\/tinte-toneri.hr\/?s={search_term_string}"},"query-input":{"@type":"PropertyValueSpecification","valueRequired":true,"valueName":"search_term_string"}}],"inLanguage":"en-US"},{"@type":"Organization","@id":"https:\/\/tinte-toneri.hr\/#organization","name":"TNT Global","url":"https:\/\/tinte-toneri.hr\/","logo":{"@type":"ImageObject","inLanguage":"en-US","@id":"https:\/\/tinte-toneri.hr\/#\/schema\/logo\/image\/","url":"https:\/\/tinte-toneri.hr\/wp-content\/uploads\/2023\/10\/cropped-Logo1-removebg.png","contentUrl":"https:\/\/tinte-toneri.hr\/wp-content\/uploads\/2023\/10\/cropped-Logo1-removebg.png","width":2124,"height":2129,"caption":"TNT Global"},"image":{"@id":"https:\/\/tinte-toneri.hr\/#\/schema\/logo\/image\/"}}]}},"jetpack_sharing_enabled":true,"_links":{"self":[{"href":"https:\/\/tinte-toneri.hr\/en\/wp-json\/wp\/v2\/product\/5746","targetHints":{"allow":["GET"]}}],"collection":[{"href":"https:\/\/tinte-toneri.hr\/en\/wp-json\/wp\/v2\/product"}],"about":[{"href":"https:\/\/tinte-toneri.hr\/en\/wp-json\/wp\/v2\/types\/product"}],"replies":[{"embeddable":true,"href":"https:\/\/tinte-toneri.hr\/en\/wp-json\/wp\/v2\/comments?post=5746"}],"wp:featuredmedia":[{"embeddable":true,"href":"https:\/\/tinte-toneri.hr\/en\/wp-json\/wp\/v2\/media\/6263"}],"wp:attachment":[{"href":"https:\/\/tinte-toneri.hr\/en\/wp-json\/wp\/v2\/media?parent=5746"}],"wp:term":[{"taxonomy":"product_brand","embeddable":true,"href":"https:\/\/tinte-toneri.hr\/en\/wp-json\/wp\/v2\/product_brand?post=5746"},{"taxonomy":"product_cat","embeddable":true,"href":"https:\/\/tinte-toneri.hr\/en\/wp-json\/wp\/v2\/product_cat?post=5746"},{"taxonomy":"product_tag","embeddable":true,"href":"https:\/\/tinte-toneri.hr\/en\/wp-json\/wp\/v2\/product_tag?post=5746"}],"curies":[{"name":"wp","href":"https:\/\/api.w.org\/{rel}","templated":true}]}}