{"id":5793,"date":"2023-10-03T14:51:20","date_gmt":"2023-10-03T14:51:20","guid":{"rendered":"https:\/\/tinte-toneri.hr\/?post_type=product&#038;p=5793"},"modified":"2024-09-17T09:54:25","modified_gmt":"2024-09-17T09:54:25","slug":"hp-302-f6u66ae-black-original-tinta","status":"publish","type":"product","link":"https:\/\/tinte-toneri.hr\/en\/shop\/tinte\/original-tinte\/hp-302-f6u66ae-black-original-tinta\/","title":{"rendered":"HP 302 (F6U66AE) Black original tinta"},"content":{"rendered":"<p>Originalna HP tinta 302 (F6U66AE) pru\u017ea izuzetno precizan ispis, stranicu za stranicom, kako bi va\u0161i dokumenti bili jasni i o\u0161tri. Ova tinta je dizajnirana da radi bez problema svaki put, bez obzira na va\u0161e zahtjeve.<\/p>\n<p>&nbsp;<\/p>\n<p>&nbsp;<\/p>\n<p>&nbsp;<\/p>\n<p>HP 302 (F6U66AE) tinta je visoko pouzdan proizvod koji vam omogu\u0107uje postizanje izvrsnih rezultata tiska. Ovaj originalni proizvod osigurava dosljednost boja i dugotrajnost tiska, bez obzira jeste li kod ku\u0107e ili na poslu.<\/p>\n<p>&nbsp;<\/p>\n<p>&nbsp;<\/p>\n<p>&nbsp;<\/p>\n<p>Naru\u010divanje originalne HP 302 (F6U66AE) tinte iz na\u0161eg web shopa je jednostavno i sigurno. Pru\u017eamo vam autenti\u010dne proizvode koji dolaze direktno od proizvo\u0111a\u010da. Iskoristite prednosti vrhunske kvalitete i pouzdanosti originalnih HP tinti i osigurajte izvanredne rezultate tiska za sve svoje potrebe.<\/p>\n<p>&nbsp;<\/p>\n<p>&nbsp;<\/p>\n<p>&nbsp;<\/p>\n<p>Proizvod je kompatibilan sa:<\/p>\n<p>&nbsp;<\/p>\n<p>HP DeskJet 1110<\/p>\n<p>HP DeskJet 1112<\/p>\n<p>HP DeskJet 2130<\/p>\n<p>HP DeskJet 2132<\/p>\n<p>HP DeskJet 2134<\/p>\n<p>HP DeskJet 2136<\/p>\n<p>HP DeskJet 3630<\/p>\n<p>HP DeskJet 3631<\/p>\n<p>HP DeskJet 3632<\/p>\n<p>HP DeskJet 3633<\/p>\n<p>HP DeskJet 3634<\/p>\n<p>HP DeskJet 3635<\/p>\n<p>HP DeskJet 3636<\/p>\n<p>HP DeskJet 3637<\/p>\n<p>HP DeskJet 3638<\/p>\n<p>HP DeskJet 3639<\/p>\n<p>HP Envy 4520 e-All-in-One<\/p>\n<p>HP Envy 4521 e-All-in-One<\/p>\n<p>HP Envy 4522 e-All-in-One<\/p>\n<p>HP Envy 4524 e-All-in-One<\/p>\n<p>HP Envy 4525 e-All-in-One<\/p>\n<p>HP Envy 4526 e-All-in-One<\/p>\n<p>HP Envy 4527 e-All-in-One<\/p>\n<p>HP Envy 4528 e-All-in-One<\/p>\n<p>HP OfficeJet 3830<\/p>\n<p>HP OfficeJet 3831<\/p>\n<p>HP OfficeJet 3832<\/p>\n<p>HP OfficeJet 3833<\/p>\n<p>HP OfficeJet 3834<\/p>\n<p>HP OfficeJet 3835<\/p>\n<p>HP OfficeJet 3836<\/p>\n<p>HP OfficeJet 3838<\/p>\n<p>HP OfficeJet 4650<\/p>\n<p>HP OfficeJet 4654<\/p>\n<p>HP OfficeJet 4655<\/p>\n<p>HP OfficeJet 4656<\/p>\n<p>HP OfficeJet 4657<\/p>\n<p>HP OfficeJet 4658<\/p>\n<p>HP OfficeJet 5220<\/p>\n<p>HP OfficeJet 5230<\/p>\n<p>HP OfficeJet 5232<\/p>","protected":false},"excerpt":{"rendered":"<p>Originalna HP tinta 302 (F6U66AE) pru\u017ea izuzetno precizan ispis, stranicu za stranicom, kako bi va\u0161i dokumenti bili jasni i o\u0161tri. Ova tinta je dizajnirana da radi bez problema svaki put, bez obzira na va\u0161e zahtjeve. &nbsp; &nbsp; &nbsp; HP 302 (F6U66AE) tinta je visoko pouzdan proizvod koji vam omogu\u0107uje postizanje izvrsnih rezultata tiska. Ovaj originalni [&hellip;]<\/p>\n","protected":false},"featured_media":5794,"comment_status":"open","ping_status":"closed","template":"","meta":{"om_disable_all_campaigns":false,"_monsterinsights_skip_tracking":false,"_monsterinsights_sitenote_active":false,"_monsterinsights_sitenote_note":"","_monsterinsights_sitenote_category":0,"_uf_show_specific_survey":0,"_uf_disable_surveys":false},"product_brand":[],"product_cat":[27,21],"product_tag":[],"class_list":{"0":"post-5793","1":"product","2":"type-product","3":"status-publish","4":"has-post-thumbnail","6":"product_cat-original-tinte","7":"product_cat-tinte","9":"first","10":"instock","11":"featured","12":"taxable","13":"shipping-taxable","14":"purchasable","15":"product-type-simple"},"aioseo_notices":[],"yoast_head":"<!-- This site is optimized with the Yoast SEO plugin v27.4 - https:\/\/yoast.com\/product\/yoast-seo-wordpress\/ -->\n<title>HP 302 (F6U66AE) Black original tinta - TNT<\/title>\n<meta name=\"robots\" content=\"index, follow, max-snippet:-1, max-image-preview:large, max-video-preview:-1\" \/>\n<link rel=\"canonical\" href=\"https:\/\/tinte-toneri.hr\/en\/shop\/tinte\/original-tinte\/hp-302-f6u66ae-black-original-tinta\/\" \/>\n<meta property=\"og:locale\" content=\"en_US\" \/>\n<meta property=\"og:type\" content=\"article\" \/>\n<meta property=\"og:title\" content=\"HP 302 (F6U66AE) Black original tinta - TNT\" \/>\n<meta property=\"og:description\" content=\"Originalna HP tinta 302 (F6U66AE) pru\u017ea izuzetno precizan ispis, stranicu za stranicom, kako bi va\u0161i dokumenti bili jasni i o\u0161tri. Ova tinta je dizajnirana da radi bez problema svaki put, bez obzira na va\u0161e zahtjeve. &nbsp; &nbsp; &nbsp; HP 302 (F6U66AE) tinta je visoko pouzdan proizvod koji vam omogu\u0107uje postizanje izvrsnih rezultata tiska. Ovaj originalni [&hellip;]\" \/>\n<meta property=\"og:url\" content=\"https:\/\/tinte-toneri.hr\/en\/shop\/tinte\/original-tinte\/hp-302-f6u66ae-black-original-tinta\/\" \/>\n<meta property=\"og:site_name\" content=\"TNT\" \/>\n<meta property=\"article:modified_time\" content=\"2024-09-17T09:54:25+00:00\" \/>\n<meta property=\"og:image\" content=\"https:\/\/tinte-toneri.hr\/wp-content\/uploads\/2023\/10\/HP-302-F6U66AE-Black-original-tinta.jpg\" \/>\n\t<meta property=\"og:image:width\" content=\"560\" \/>\n\t<meta property=\"og:image:height\" content=\"560\" \/>\n\t<meta property=\"og:image:type\" content=\"image\/jpeg\" \/>\n<meta name=\"twitter:card\" content=\"summary_large_image\" \/>\n<meta name=\"twitter:label1\" content=\"Est. reading time\" \/>\n\t<meta name=\"twitter:data1\" content=\"2 minutes\" \/>\n<script type=\"application\/ld+json\" class=\"yoast-schema-graph\">{\"@context\":\"https:\\\/\\\/schema.org\",\"@graph\":[{\"@type\":\"WebPage\",\"@id\":\"https:\\\/\\\/tinte-toneri.hr\\\/en\\\/shop\\\/tinte\\\/original-tinte\\\/hp-302-f6u66ae-black-original-tinta\\\/\",\"url\":\"https:\\\/\\\/tinte-toneri.hr\\\/en\\\/shop\\\/tinte\\\/original-tinte\\\/hp-302-f6u66ae-black-original-tinta\\\/\",\"name\":\"HP 302 (F6U66AE) Black original tinta - TNT\",\"isPartOf\":{\"@id\":\"https:\\\/\\\/tinte-toneri.hr\\\/#website\"},\"primaryImageOfPage\":{\"@id\":\"https:\\\/\\\/tinte-toneri.hr\\\/en\\\/shop\\\/tinte\\\/original-tinte\\\/hp-302-f6u66ae-black-original-tinta\\\/#primaryimage\"},\"image\":{\"@id\":\"https:\\\/\\\/tinte-toneri.hr\\\/en\\\/shop\\\/tinte\\\/original-tinte\\\/hp-302-f6u66ae-black-original-tinta\\\/#primaryimage\"},\"thumbnailUrl\":\"https:\\\/\\\/tinte-toneri.hr\\\/wp-content\\\/uploads\\\/2023\\\/10\\\/HP-302-F6U66AE-Black-original-tinta.jpg\",\"datePublished\":\"2023-10-03T14:51:20+00:00\",\"dateModified\":\"2024-09-17T09:54:25+00:00\",\"breadcrumb\":{\"@id\":\"https:\\\/\\\/tinte-toneri.hr\\\/en\\\/shop\\\/tinte\\\/original-tinte\\\/hp-302-f6u66ae-black-original-tinta\\\/#breadcrumb\"},\"inLanguage\":\"en-US\",\"potentialAction\":[{\"@type\":\"ReadAction\",\"target\":[\"https:\\\/\\\/tinte-toneri.hr\\\/en\\\/shop\\\/tinte\\\/original-tinte\\\/hp-302-f6u66ae-black-original-tinta\\\/\"]}]},{\"@type\":\"ImageObject\",\"inLanguage\":\"en-US\",\"@id\":\"https:\\\/\\\/tinte-toneri.hr\\\/en\\\/shop\\\/tinte\\\/original-tinte\\\/hp-302-f6u66ae-black-original-tinta\\\/#primaryimage\",\"url\":\"https:\\\/\\\/tinte-toneri.hr\\\/wp-content\\\/uploads\\\/2023\\\/10\\\/HP-302-F6U66AE-Black-original-tinta.jpg\",\"contentUrl\":\"https:\\\/\\\/tinte-toneri.hr\\\/wp-content\\\/uploads\\\/2023\\\/10\\\/HP-302-F6U66AE-Black-original-tinta.jpg\",\"width\":560,\"height\":560},{\"@type\":\"BreadcrumbList\",\"@id\":\"https:\\\/\\\/tinte-toneri.hr\\\/en\\\/shop\\\/tinte\\\/original-tinte\\\/hp-302-f6u66ae-black-original-tinta\\\/#breadcrumb\",\"itemListElement\":[{\"@type\":\"ListItem\",\"position\":1,\"name\":\"Po\u010detna stranica\",\"item\":\"https:\\\/\\\/tinte-toneri.hr\\\/\"},{\"@type\":\"ListItem\",\"position\":2,\"name\":\"Shop\",\"item\":\"https:\\\/\\\/tinte-toneri.hr\\\/shop\\\/\"},{\"@type\":\"ListItem\",\"position\":3,\"name\":\"HP 302 (F6U66AE) Black original tinta\"}]},{\"@type\":\"WebSite\",\"@id\":\"https:\\\/\\\/tinte-toneri.hr\\\/#website\",\"url\":\"https:\\\/\\\/tinte-toneri.hr\\\/\",\"name\":\"TNT\",\"description\":\"Tinte i toneri\",\"publisher\":{\"@id\":\"https:\\\/\\\/tinte-toneri.hr\\\/#organization\"},\"potentialAction\":[{\"@type\":\"SearchAction\",\"target\":{\"@type\":\"EntryPoint\",\"urlTemplate\":\"https:\\\/\\\/tinte-toneri.hr\\\/?s={search_term_string}\"},\"query-input\":{\"@type\":\"PropertyValueSpecification\",\"valueRequired\":true,\"valueName\":\"search_term_string\"}}],\"inLanguage\":\"en-US\"},{\"@type\":\"Organization\",\"@id\":\"https:\\\/\\\/tinte-toneri.hr\\\/#organization\",\"name\":\"TNT Global\",\"url\":\"https:\\\/\\\/tinte-toneri.hr\\\/\",\"logo\":{\"@type\":\"ImageObject\",\"inLanguage\":\"en-US\",\"@id\":\"https:\\\/\\\/tinte-toneri.hr\\\/#\\\/schema\\\/logo\\\/image\\\/\",\"url\":\"https:\\\/\\\/tinte-toneri.hr\\\/wp-content\\\/uploads\\\/2023\\\/10\\\/cropped-Logo1-removebg.png\",\"contentUrl\":\"https:\\\/\\\/tinte-toneri.hr\\\/wp-content\\\/uploads\\\/2023\\\/10\\\/cropped-Logo1-removebg.png\",\"width\":2124,\"height\":2129,\"caption\":\"TNT Global\"},\"image\":{\"@id\":\"https:\\\/\\\/tinte-toneri.hr\\\/#\\\/schema\\\/logo\\\/image\\\/\"}}]}<\/script>\n<!-- \/ Yoast SEO plugin. -->","yoast_head_json":{"title":"HP 302 (F6U66AE) Black original tinta - TNT","robots":{"index":"index","follow":"follow","max-snippet":"max-snippet:-1","max-image-preview":"max-image-preview:large","max-video-preview":"max-video-preview:-1"},"canonical":"https:\/\/tinte-toneri.hr\/en\/shop\/tinte\/original-tinte\/hp-302-f6u66ae-black-original-tinta\/","og_locale":"en_US","og_type":"article","og_title":"HP 302 (F6U66AE) Black original tinta - TNT","og_description":"Originalna HP tinta 302 (F6U66AE) pru\u017ea izuzetno precizan ispis, stranicu za stranicom, kako bi va\u0161i dokumenti bili jasni i o\u0161tri. Ova tinta je dizajnirana da radi bez problema svaki put, bez obzira na va\u0161e zahtjeve. &nbsp; &nbsp; &nbsp; HP 302 (F6U66AE) tinta je visoko pouzdan proizvod koji vam omogu\u0107uje postizanje izvrsnih rezultata tiska. Ovaj originalni [&hellip;]","og_url":"https:\/\/tinte-toneri.hr\/en\/shop\/tinte\/original-tinte\/hp-302-f6u66ae-black-original-tinta\/","og_site_name":"TNT","article_modified_time":"2024-09-17T09:54:25+00:00","og_image":[{"width":560,"height":560,"url":"https:\/\/tinte-toneri.hr\/wp-content\/uploads\/2023\/10\/HP-302-F6U66AE-Black-original-tinta.jpg","type":"image\/jpeg"}],"twitter_card":"summary_large_image","twitter_misc":{"Est. reading time":"2 minutes"},"schema":{"@context":"https:\/\/schema.org","@graph":[{"@type":"WebPage","@id":"https:\/\/tinte-toneri.hr\/en\/shop\/tinte\/original-tinte\/hp-302-f6u66ae-black-original-tinta\/","url":"https:\/\/tinte-toneri.hr\/en\/shop\/tinte\/original-tinte\/hp-302-f6u66ae-black-original-tinta\/","name":"HP 302 (F6U66AE) Black original tinta - TNT","isPartOf":{"@id":"https:\/\/tinte-toneri.hr\/#website"},"primaryImageOfPage":{"@id":"https:\/\/tinte-toneri.hr\/en\/shop\/tinte\/original-tinte\/hp-302-f6u66ae-black-original-tinta\/#primaryimage"},"image":{"@id":"https:\/\/tinte-toneri.hr\/en\/shop\/tinte\/original-tinte\/hp-302-f6u66ae-black-original-tinta\/#primaryimage"},"thumbnailUrl":"https:\/\/tinte-toneri.hr\/wp-content\/uploads\/2023\/10\/HP-302-F6U66AE-Black-original-tinta.jpg","datePublished":"2023-10-03T14:51:20+00:00","dateModified":"2024-09-17T09:54:25+00:00","breadcrumb":{"@id":"https:\/\/tinte-toneri.hr\/en\/shop\/tinte\/original-tinte\/hp-302-f6u66ae-black-original-tinta\/#breadcrumb"},"inLanguage":"en-US","potentialAction":[{"@type":"ReadAction","target":["https:\/\/tinte-toneri.hr\/en\/shop\/tinte\/original-tinte\/hp-302-f6u66ae-black-original-tinta\/"]}]},{"@type":"ImageObject","inLanguage":"en-US","@id":"https:\/\/tinte-toneri.hr\/en\/shop\/tinte\/original-tinte\/hp-302-f6u66ae-black-original-tinta\/#primaryimage","url":"https:\/\/tinte-toneri.hr\/wp-content\/uploads\/2023\/10\/HP-302-F6U66AE-Black-original-tinta.jpg","contentUrl":"https:\/\/tinte-toneri.hr\/wp-content\/uploads\/2023\/10\/HP-302-F6U66AE-Black-original-tinta.jpg","width":560,"height":560},{"@type":"BreadcrumbList","@id":"https:\/\/tinte-toneri.hr\/en\/shop\/tinte\/original-tinte\/hp-302-f6u66ae-black-original-tinta\/#breadcrumb","itemListElement":[{"@type":"ListItem","position":1,"name":"Po\u010detna stranica","item":"https:\/\/tinte-toneri.hr\/"},{"@type":"ListItem","position":2,"name":"Shop","item":"https:\/\/tinte-toneri.hr\/shop\/"},{"@type":"ListItem","position":3,"name":"HP 302 (F6U66AE) Black original tinta"}]},{"@type":"WebSite","@id":"https:\/\/tinte-toneri.hr\/#website","url":"https:\/\/tinte-toneri.hr\/","name":"TNT","description":"Tinte i toneri","publisher":{"@id":"https:\/\/tinte-toneri.hr\/#organization"},"potentialAction":[{"@type":"SearchAction","target":{"@type":"EntryPoint","urlTemplate":"https:\/\/tinte-toneri.hr\/?s={search_term_string}"},"query-input":{"@type":"PropertyValueSpecification","valueRequired":true,"valueName":"search_term_string"}}],"inLanguage":"en-US"},{"@type":"Organization","@id":"https:\/\/tinte-toneri.hr\/#organization","name":"TNT Global","url":"https:\/\/tinte-toneri.hr\/","logo":{"@type":"ImageObject","inLanguage":"en-US","@id":"https:\/\/tinte-toneri.hr\/#\/schema\/logo\/image\/","url":"https:\/\/tinte-toneri.hr\/wp-content\/uploads\/2023\/10\/cropped-Logo1-removebg.png","contentUrl":"https:\/\/tinte-toneri.hr\/wp-content\/uploads\/2023\/10\/cropped-Logo1-removebg.png","width":2124,"height":2129,"caption":"TNT Global"},"image":{"@id":"https:\/\/tinte-toneri.hr\/#\/schema\/logo\/image\/"}}]}},"jetpack_sharing_enabled":true,"_links":{"self":[{"href":"https:\/\/tinte-toneri.hr\/en\/wp-json\/wp\/v2\/product\/5793","targetHints":{"allow":["GET"]}}],"collection":[{"href":"https:\/\/tinte-toneri.hr\/en\/wp-json\/wp\/v2\/product"}],"about":[{"href":"https:\/\/tinte-toneri.hr\/en\/wp-json\/wp\/v2\/types\/product"}],"replies":[{"embeddable":true,"href":"https:\/\/tinte-toneri.hr\/en\/wp-json\/wp\/v2\/comments?post=5793"}],"wp:featuredmedia":[{"embeddable":true,"href":"https:\/\/tinte-toneri.hr\/en\/wp-json\/wp\/v2\/media\/5794"}],"wp:attachment":[{"href":"https:\/\/tinte-toneri.hr\/en\/wp-json\/wp\/v2\/media?parent=5793"}],"wp:term":[{"taxonomy":"product_brand","embeddable":true,"href":"https:\/\/tinte-toneri.hr\/en\/wp-json\/wp\/v2\/product_brand?post=5793"},{"taxonomy":"product_cat","embeddable":true,"href":"https:\/\/tinte-toneri.hr\/en\/wp-json\/wp\/v2\/product_cat?post=5793"},{"taxonomy":"product_tag","embeddable":true,"href":"https:\/\/tinte-toneri.hr\/en\/wp-json\/wp\/v2\/product_tag?post=5793"}],"curies":[{"name":"wp","href":"https:\/\/api.w.org\/{rel}","templated":true}]}}