{"id":5902,"date":"2023-10-14T08:34:51","date_gmt":"2023-10-14T08:34:51","guid":{"rendered":"https:\/\/tinte-toneri.hr\/?post_type=product&#038;p=5902"},"modified":"2024-09-17T09:54:17","modified_gmt":"2024-09-17T09:54:17","slug":"tnt-zamjenska-tinta-epson-603xl-yellow","status":"publish","type":"product","link":"https:\/\/tinte-toneri.hr\/en\/shop\/tinte\/zamjenske-tinte\/tnt-zamjenska-tinta-epson-603xl-yellow\/","title":{"rendered":"TNT zamjenska tinta Epson 603XL Yellow"},"content":{"rendered":"<p>Upotrijebite na\u0161u vrhunsku zamjensku tintu TNT za Epson 603XL Yellow kako biste osigurali iznimno kvalitetne ispise po pristupa\u010dnoj cijeni. Ova tinta je idealna za Epson pisa\u010de i pru\u017ea izvanredne rezultate za otprilike 350 stranica.<\/p>\n<p>&nbsp;<\/p>\n<p>&nbsp;<\/p>\n<p>&nbsp;<\/p>\n<p>&nbsp;<\/p>\n<p>Na\u0161a TNT zamjenska tinta Epson 603XL Yellow je formulirana s vrhunskim pigmentima koji osiguravaju o\u0161tre, jasne i duboke boje. Bez obzira na to je li u pitanju tekst, grafika ili fotografija, ova tinta pru\u017ea konzistentne rezultate s visokim stupnjem detalja.<\/p>\n<p>&nbsp;<\/p>\n<p>&nbsp;<\/p>\n<p>&nbsp;<\/p>\n<p>&nbsp;<\/p>\n<p>Ova zamjenska tinta Epson 603XL Yellow je pristupa\u010dna alternativa originalnim Epson tintama, bez kompromisa po pitanju kvalitete. U\u0161tedite novac bez gubitka na izvedbi. Uz na\u0161u TNT zamjensku tintu, dobit \u0107ete visokokvalitetne ispise po povoljnoj cijeni.<\/p>\n<p>&nbsp;<\/p>\n<p>&nbsp;<\/p>\n<p>&nbsp;<\/p>\n<p>&nbsp;<\/p>\n<p>Proizvod sigurno radi sa:<\/p>\n<p>&nbsp;<\/p>\n<p>&nbsp;<\/p>\n<p>Epson Expression Home XP-2100<\/p>\n<p>Epson Expression Home XP-2105<\/p>\n<p>Epson Expression Home XP-2150<\/p>\n<p>Epson Expression Home XP-2155<\/p>\n<p>Epson Expression Home XP-3100<\/p>\n<p>Epson Expression Home XP-3105<\/p>\n<p>Epson Expression Home XP-3150<\/p>\n<p>Epson Expression Home XP-3155<\/p>\n<p>Epson Expression Home XP-4100<\/p>\n<p>Epson Expression Home XP-4105<\/p>\n<p>Epson Expression Home XP-4150<\/p>\n<p>Epson Expression Home XP-4155<\/p>\n<p>Epson WorkForce WF-2810 DWF<\/p>\n<p>Epson WorkForce WF-2820 DWF<\/p>\n<p>Epson WorkForce WF-2830 DWF<\/p>\n<p>Epson WorkForce WF-2835 DWF<\/p>\n<p>Epson WorkForce WF-2840 DWF<\/p>\n<p>Epson WorkForce WF-2845 DWF<\/p>\n<p>Epson WorkForce WF-2850 DWF<\/p>\n<p>Epson WorkForce WF-2870 DWF<\/p>","protected":false},"excerpt":{"rendered":"<p>Upotrijebite na\u0161u vrhunsku zamjensku tintu TNT za Epson 603XL Yellow kako biste osigurali iznimno kvalitetne ispise po pristupa\u010dnoj cijeni. Ova tinta je idealna za Epson pisa\u010de i pru\u017ea izvanredne rezultate za otprilike 350 stranica. &nbsp; &nbsp; &nbsp; &nbsp; Na\u0161a TNT zamjenska tinta Epson 603XL Yellow je formulirana s vrhunskim pigmentima koji osiguravaju o\u0161tre, jasne i [&hellip;]<\/p>\n","protected":false},"featured_media":6272,"comment_status":"open","ping_status":"closed","template":"","meta":{"om_disable_all_campaigns":false,"_monsterinsights_skip_tracking":false,"_monsterinsights_sitenote_active":false,"_monsterinsights_sitenote_note":"","_monsterinsights_sitenote_category":0,"_uf_show_specific_survey":0,"_uf_disable_surveys":false},"product_brand":[],"product_cat":[21,28],"product_tag":[],"class_list":{"0":"post-5902","1":"product","2":"type-product","3":"status-publish","4":"has-post-thumbnail","6":"product_cat-tinte","7":"product_cat-zamjenske-tinte","9":"first","10":"instock","11":"taxable","12":"shipping-taxable","13":"purchasable","14":"product-type-simple"},"aioseo_notices":[],"jetpack_sharing_enabled":true,"_links":{"self":[{"href":"https:\/\/tinte-toneri.hr\/en\/wp-json\/wp\/v2\/product\/5902","targetHints":{"allow":["GET"]}}],"collection":[{"href":"https:\/\/tinte-toneri.hr\/en\/wp-json\/wp\/v2\/product"}],"about":[{"href":"https:\/\/tinte-toneri.hr\/en\/wp-json\/wp\/v2\/types\/product"}],"replies":[{"embeddable":true,"href":"https:\/\/tinte-toneri.hr\/en\/wp-json\/wp\/v2\/comments?post=5902"}],"wp:featuredmedia":[{"embeddable":true,"href":"https:\/\/tinte-toneri.hr\/en\/wp-json\/wp\/v2\/media\/6272"}],"wp:attachment":[{"href":"https:\/\/tinte-toneri.hr\/en\/wp-json\/wp\/v2\/media?parent=5902"}],"wp:term":[{"taxonomy":"product_brand","embeddable":true,"href":"https:\/\/tinte-toneri.hr\/en\/wp-json\/wp\/v2\/product_brand?post=5902"},{"taxonomy":"product_cat","embeddable":true,"href":"https:\/\/tinte-toneri.hr\/en\/wp-json\/wp\/v2\/product_cat?post=5902"},{"taxonomy":"product_tag","embeddable":true,"href":"https:\/\/tinte-toneri.hr\/en\/wp-json\/wp\/v2\/product_tag?post=5902"}],"curies":[{"name":"wp","href":"https:\/\/api.w.org\/{rel}","templated":true}]}}