{"id":6042,"date":"2023-10-25T09:11:38","date_gmt":"2023-10-25T09:11:38","guid":{"rendered":"https:\/\/tinte-toneri.hr\/?post_type=product&#038;p=6042"},"modified":"2024-09-17T09:54:12","modified_gmt":"2024-09-17T09:54:12","slug":"canon-cl-580-cli-581-multipack-2078c005-original-tinte","status":"publish","type":"product","link":"https:\/\/tinte-toneri.hr\/en\/shop\/tinte\/original-tinte\/canon-cl-580-cli-581-multipack-2078c005-original-tinte\/","title":{"rendered":"Canon PGI-580 + CLI-581 BCMY Multipack (2078C005) original tinte"},"content":{"rendered":"<p>Produ\u017eite vijek trajanja Va\u0161e tinte i smanjite tro\u0161kove ispisa po stranici s ovim visoko u\u010dinkovitim Original Canon tintama. Ove tinte visokog u\u010dinka omogu\u0107uju Vam pove\u0107anje produktivnosti na sljede\u0107u razinu.<\/p>\n<p>&nbsp;<\/p>\n<p>&nbsp;<\/p>\n<p>&nbsp;<\/p>\n<p>Uz originalne Canon tinte, mo\u017eete u\u017eivati u prednostima vrhunske kvalitete ispisa. Svaki ispis bit \u0107e o\u0161tar, jasan i profesionalan, pru\u017eaju\u0107i Vam rezultate koji se isti\u010du.<\/p>\n<p>&nbsp;<\/p>\n<p>&nbsp;<\/p>\n<p>&nbsp;<\/p>\n<p>Promjena tinte nikada nije bila jednostavnija. Jednostavna instalacija omogu\u0107uje svima da lako zamijene tintu, bez potrebe za dodatnim tehni\u010dkim znanjem. Tehnologija automatskog uklanjanja brtvi osigurava da zamjena tinte bude \u010dista i bez gnjava\u017ee, bez ikakvog nereda.<\/p>\n<p>&nbsp;<\/p>\n<p>&nbsp;<\/p>\n<p>&nbsp;<\/p>\n<p>Naru\u010divanje originalnih Canon tinti iz na\u0161eg web shopa je pouzdano i prakti\u010dno. Osiguravamo Vam autenti\u010dne proizvode koji dolaze izravno od proizvo\u0111a\u010da. Iskoristite vrhunsku kvalitetu i jednostavnost zamjene tinte uz originalni Canon proizvod i unaprijedite svoje iskustvo tiska.<\/p>\n<p>&nbsp;<\/p>\n<p>&nbsp;<\/p>\n<p>&nbsp;<\/p>\n<p>Proizvod je kompatibilan sa:<\/p>\n<p>&nbsp;<\/p>\n<p>&nbsp;<\/p>\n<p>Canon Pixma TR 7520<\/p>\n<p>Canon Pixma TR 7550<\/p>\n<p>Canon Pixma TR 8520<\/p>\n<p>Canon Pixma TR 8550<\/p>\n<p>Canon Pixma TR 8620<\/p>\n<p>Canon Pixma TR 8650<\/p>\n<p>Canon Pixma TS 705<\/p>\n<p>Canon Pixma TS 705 A<\/p>\n<p>Canon Pixma TS 6150<\/p>\n<p>Canon Pixma TS 6151<\/p>\n<p>Canon Pixma TS 6220<\/p>\n<p>Canon Pixma TS 6220 white<\/p>\n<p>Canon Pixma TS 6240<\/p>\n<p>Canon Pixma TS 6241<\/p>\n<p>Canon Pixma TS 6250<\/p>\n<p>Canon Pixma TS 6251<\/p>\n<p>Canon Pixma TS 6320<\/p>\n<p>Canon Pixma TS 6350<\/p>\n<p>Canon Pixma TS 6350 a<\/p>\n<p>Canon Pixma TS 6351<\/p>\n<p>Canon Pixma TS 6351 a<\/p>\n<p>Canon Pixma TS 8120<\/p>\n<p>Canon Pixma TS 8150<\/p>\n<p>Canon Pixma TS 8151<\/p>\n<p>Canon Pixma TS 8152<\/p>\n<p>Canon Pixma TS 8220<\/p>\n<p>Canon Pixma TS 8220 white<\/p>\n<p>Canon Pixma TS 8240<\/p>\n<p>Canon Pixma TS 8241<\/p>\n<p>Canon Pixma TS 8242<\/p>\n<p>Canon Pixma TS 8250<\/p>\n<p>Canon Pixma TS 8251<\/p>\n<p>Canon Pixma TS 8252<\/p>\n<p>Canon Pixma TS 8350<\/p>\n<p>Canon Pixma TS 8350 a<\/p>\n<p>Canon Pixma TS 8351<\/p>\n<p>Canon Pixma TS 8351 a<\/p>\n<p>Canon Pixma TS 8352<\/p>\n<p>Canon Pixma TS 8352 a<\/p>\n<p>Canon Pixma TS 9120 gray<\/p>\n<p>Canon Pixma TS 9150<\/p>\n<p>Canon Pixma TS 9155<\/p>\n<p>Canon Pixma TS 9520<\/p>\n<p>Canon Pixma TS 9521 C<\/p>\n<p>Canon Pixma TS 9540<\/p>\n<p>Canon Pixma TS 9541 C<\/p>\n<p>Canon Pixma TS 9550<\/p>\n<p>Canon Pixma TS 9551 C<\/p>","protected":false},"excerpt":{"rendered":"<p>Produ\u017eite vijek trajanja Va\u0161e tinte i smanjite tro\u0161kove ispisa po stranici s ovim visoko u\u010dinkovitim Original Canon tintama. Ove tinte visokog u\u010dinka omogu\u0107uju Vam pove\u0107anje produktivnosti na sljede\u0107u razinu. &nbsp; &nbsp; &nbsp; Uz originalne Canon tinte, mo\u017eete u\u017eivati u prednostima vrhunske kvalitete ispisa. Svaki ispis bit \u0107e o\u0161tar, jasan i profesionalan, pru\u017eaju\u0107i Vam rezultate koji [&hellip;]<\/p>\n","protected":false},"featured_media":6043,"comment_status":"open","ping_status":"closed","template":"","meta":{"om_disable_all_campaigns":false,"_monsterinsights_skip_tracking":false,"_monsterinsights_sitenote_active":false,"_monsterinsights_sitenote_note":"","_monsterinsights_sitenote_category":0,"_uf_show_specific_survey":0,"_uf_disable_surveys":false},"product_brand":[],"product_cat":[27,21],"product_tag":[],"class_list":{"0":"post-6042","1":"product","2":"type-product","3":"status-publish","4":"has-post-thumbnail","6":"product_cat-original-tinte","7":"product_cat-tinte","9":"first","10":"instock","11":"taxable","12":"shipping-taxable","13":"purchasable","14":"product-type-simple"},"aioseo_notices":[],"yoast_head":"<!-- This site is optimized with the Yoast SEO plugin v27.4 - https:\/\/yoast.com\/product\/yoast-seo-wordpress\/ -->\n<title>Canon PGI-580 + CLI-581 BCMY Multipack (2078C005) original tinte - TNT<\/title>\n<meta name=\"description\" content=\"Canon PGI-580 + CLI-581 BCMY Multipack (2078C005) original tinte\" \/>\n<meta name=\"robots\" content=\"index, follow, max-snippet:-1, max-image-preview:large, max-video-preview:-1\" \/>\n<link rel=\"canonical\" href=\"https:\/\/tinte-toneri.hr\/en\/shop\/tinte\/original-tinte\/canon-cl-580-cli-581-multipack-2078c005-original-tinte\/\" \/>\n<meta property=\"og:locale\" content=\"en_US\" \/>\n<meta property=\"og:type\" content=\"article\" \/>\n<meta property=\"og:title\" content=\"Canon PGI-580 + CLI-581 BCMY Multipack (2078C005) original tinte - TNT\" \/>\n<meta property=\"og:description\" content=\"Canon PGI-580 + CLI-581 BCMY Multipack (2078C005) original tinte\" \/>\n<meta property=\"og:url\" content=\"https:\/\/tinte-toneri.hr\/en\/shop\/tinte\/original-tinte\/canon-cl-580-cli-581-multipack-2078c005-original-tinte\/\" \/>\n<meta property=\"og:site_name\" content=\"TNT\" \/>\n<meta property=\"article:modified_time\" content=\"2024-09-17T09:54:12+00:00\" \/>\n<meta property=\"og:image\" content=\"https:\/\/tinte-toneri.hr\/wp-content\/uploads\/2023\/10\/Canon-PGI-580-CLI-581-BCMY-Multipack-2078C005-original-tinte.jpg\" \/>\n\t<meta property=\"og:image:width\" content=\"600\" \/>\n\t<meta property=\"og:image:height\" content=\"600\" \/>\n\t<meta property=\"og:image:type\" content=\"image\/jpeg\" \/>\n<meta name=\"twitter:card\" content=\"summary_large_image\" \/>\n<meta name=\"twitter:label1\" content=\"Est. reading time\" \/>\n\t<meta name=\"twitter:data1\" content=\"2 minutes\" \/>\n<script type=\"application\/ld+json\" class=\"yoast-schema-graph\">{\"@context\":\"https:\\\/\\\/schema.org\",\"@graph\":[{\"@type\":\"WebPage\",\"@id\":\"https:\\\/\\\/tinte-toneri.hr\\\/shop\\\/tinte\\\/original-tinte\\\/canon-cl-580-cli-581-multipack-2078c005-original-tinte\\\/\",\"url\":\"https:\\\/\\\/tinte-toneri.hr\\\/shop\\\/tinte\\\/original-tinte\\\/canon-cl-580-cli-581-multipack-2078c005-original-tinte\\\/\",\"name\":\"Canon PGI-580 + CLI-581 BCMY Multipack (2078C005) original tinte - TNT\",\"isPartOf\":{\"@id\":\"https:\\\/\\\/tinte-toneri.hr\\\/#website\"},\"primaryImageOfPage\":{\"@id\":\"https:\\\/\\\/tinte-toneri.hr\\\/shop\\\/tinte\\\/original-tinte\\\/canon-cl-580-cli-581-multipack-2078c005-original-tinte\\\/#primaryimage\"},\"image\":{\"@id\":\"https:\\\/\\\/tinte-toneri.hr\\\/shop\\\/tinte\\\/original-tinte\\\/canon-cl-580-cli-581-multipack-2078c005-original-tinte\\\/#primaryimage\"},\"thumbnailUrl\":\"https:\\\/\\\/tinte-toneri.hr\\\/wp-content\\\/uploads\\\/2023\\\/10\\\/Canon-PGI-580-CLI-581-BCMY-Multipack-2078C005-original-tinte.jpg\",\"datePublished\":\"2023-10-25T09:11:38+00:00\",\"dateModified\":\"2024-09-17T09:54:12+00:00\",\"description\":\"Canon PGI-580 + CLI-581 BCMY Multipack (2078C005) original tinte\",\"breadcrumb\":{\"@id\":\"https:\\\/\\\/tinte-toneri.hr\\\/shop\\\/tinte\\\/original-tinte\\\/canon-cl-580-cli-581-multipack-2078c005-original-tinte\\\/#breadcrumb\"},\"inLanguage\":\"en-US\",\"potentialAction\":[{\"@type\":\"ReadAction\",\"target\":[\"https:\\\/\\\/tinte-toneri.hr\\\/shop\\\/tinte\\\/original-tinte\\\/canon-cl-580-cli-581-multipack-2078c005-original-tinte\\\/\"]}]},{\"@type\":\"ImageObject\",\"inLanguage\":\"en-US\",\"@id\":\"https:\\\/\\\/tinte-toneri.hr\\\/shop\\\/tinte\\\/original-tinte\\\/canon-cl-580-cli-581-multipack-2078c005-original-tinte\\\/#primaryimage\",\"url\":\"https:\\\/\\\/tinte-toneri.hr\\\/wp-content\\\/uploads\\\/2023\\\/10\\\/Canon-PGI-580-CLI-581-BCMY-Multipack-2078C005-original-tinte.jpg\",\"contentUrl\":\"https:\\\/\\\/tinte-toneri.hr\\\/wp-content\\\/uploads\\\/2023\\\/10\\\/Canon-PGI-580-CLI-581-BCMY-Multipack-2078C005-original-tinte.jpg\",\"width\":600,\"height\":600},{\"@type\":\"BreadcrumbList\",\"@id\":\"https:\\\/\\\/tinte-toneri.hr\\\/shop\\\/tinte\\\/original-tinte\\\/canon-cl-580-cli-581-multipack-2078c005-original-tinte\\\/#breadcrumb\",\"itemListElement\":[{\"@type\":\"ListItem\",\"position\":1,\"name\":\"Po\u010detna stranica\",\"item\":\"https:\\\/\\\/tinte-toneri.hr\\\/\"},{\"@type\":\"ListItem\",\"position\":2,\"name\":\"Shop\",\"item\":\"https:\\\/\\\/tinte-toneri.hr\\\/shop\\\/\"},{\"@type\":\"ListItem\",\"position\":3,\"name\":\"Canon PGI-580 + CLI-581 BCMY Multipack (2078C005) original tinte\"}]},{\"@type\":\"WebSite\",\"@id\":\"https:\\\/\\\/tinte-toneri.hr\\\/#website\",\"url\":\"https:\\\/\\\/tinte-toneri.hr\\\/\",\"name\":\"TNT\",\"description\":\"Tinte i toneri\",\"publisher\":{\"@id\":\"https:\\\/\\\/tinte-toneri.hr\\\/#organization\"},\"potentialAction\":[{\"@type\":\"SearchAction\",\"target\":{\"@type\":\"EntryPoint\",\"urlTemplate\":\"https:\\\/\\\/tinte-toneri.hr\\\/?s={search_term_string}\"},\"query-input\":{\"@type\":\"PropertyValueSpecification\",\"valueRequired\":true,\"valueName\":\"search_term_string\"}}],\"inLanguage\":\"en-US\"},{\"@type\":\"Organization\",\"@id\":\"https:\\\/\\\/tinte-toneri.hr\\\/#organization\",\"name\":\"TNT Global\",\"url\":\"https:\\\/\\\/tinte-toneri.hr\\\/\",\"logo\":{\"@type\":\"ImageObject\",\"inLanguage\":\"en-US\",\"@id\":\"https:\\\/\\\/tinte-toneri.hr\\\/#\\\/schema\\\/logo\\\/image\\\/\",\"url\":\"https:\\\/\\\/tinte-toneri.hr\\\/wp-content\\\/uploads\\\/2023\\\/10\\\/cropped-Logo1-removebg.png\",\"contentUrl\":\"https:\\\/\\\/tinte-toneri.hr\\\/wp-content\\\/uploads\\\/2023\\\/10\\\/cropped-Logo1-removebg.png\",\"width\":2124,\"height\":2129,\"caption\":\"TNT Global\"},\"image\":{\"@id\":\"https:\\\/\\\/tinte-toneri.hr\\\/#\\\/schema\\\/logo\\\/image\\\/\"}}]}<\/script>\n<!-- \/ Yoast SEO plugin. -->","yoast_head_json":{"title":"Canon PGI-580 + CLI-581 BCMY Multipack (2078C005) original tinte - TNT","description":"Canon PGI-580 + CLI-581 BCMY Multipack (2078C005) original tinte","robots":{"index":"index","follow":"follow","max-snippet":"max-snippet:-1","max-image-preview":"max-image-preview:large","max-video-preview":"max-video-preview:-1"},"canonical":"https:\/\/tinte-toneri.hr\/en\/shop\/tinte\/original-tinte\/canon-cl-580-cli-581-multipack-2078c005-original-tinte\/","og_locale":"en_US","og_type":"article","og_title":"Canon PGI-580 + CLI-581 BCMY Multipack (2078C005) original tinte - TNT","og_description":"Canon PGI-580 + CLI-581 BCMY Multipack (2078C005) original tinte","og_url":"https:\/\/tinte-toneri.hr\/en\/shop\/tinte\/original-tinte\/canon-cl-580-cli-581-multipack-2078c005-original-tinte\/","og_site_name":"TNT","article_modified_time":"2024-09-17T09:54:12+00:00","og_image":[{"width":600,"height":600,"url":"https:\/\/tinte-toneri.hr\/wp-content\/uploads\/2023\/10\/Canon-PGI-580-CLI-581-BCMY-Multipack-2078C005-original-tinte.jpg","type":"image\/jpeg"}],"twitter_card":"summary_large_image","twitter_misc":{"Est. reading time":"2 minutes"},"schema":{"@context":"https:\/\/schema.org","@graph":[{"@type":"WebPage","@id":"https:\/\/tinte-toneri.hr\/shop\/tinte\/original-tinte\/canon-cl-580-cli-581-multipack-2078c005-original-tinte\/","url":"https:\/\/tinte-toneri.hr\/shop\/tinte\/original-tinte\/canon-cl-580-cli-581-multipack-2078c005-original-tinte\/","name":"Canon PGI-580 + CLI-581 BCMY Multipack (2078C005) original tinte - TNT","isPartOf":{"@id":"https:\/\/tinte-toneri.hr\/#website"},"primaryImageOfPage":{"@id":"https:\/\/tinte-toneri.hr\/shop\/tinte\/original-tinte\/canon-cl-580-cli-581-multipack-2078c005-original-tinte\/#primaryimage"},"image":{"@id":"https:\/\/tinte-toneri.hr\/shop\/tinte\/original-tinte\/canon-cl-580-cli-581-multipack-2078c005-original-tinte\/#primaryimage"},"thumbnailUrl":"https:\/\/tinte-toneri.hr\/wp-content\/uploads\/2023\/10\/Canon-PGI-580-CLI-581-BCMY-Multipack-2078C005-original-tinte.jpg","datePublished":"2023-10-25T09:11:38+00:00","dateModified":"2024-09-17T09:54:12+00:00","description":"Canon PGI-580 + CLI-581 BCMY Multipack (2078C005) original tinte","breadcrumb":{"@id":"https:\/\/tinte-toneri.hr\/shop\/tinte\/original-tinte\/canon-cl-580-cli-581-multipack-2078c005-original-tinte\/#breadcrumb"},"inLanguage":"en-US","potentialAction":[{"@type":"ReadAction","target":["https:\/\/tinte-toneri.hr\/shop\/tinte\/original-tinte\/canon-cl-580-cli-581-multipack-2078c005-original-tinte\/"]}]},{"@type":"ImageObject","inLanguage":"en-US","@id":"https:\/\/tinte-toneri.hr\/shop\/tinte\/original-tinte\/canon-cl-580-cli-581-multipack-2078c005-original-tinte\/#primaryimage","url":"https:\/\/tinte-toneri.hr\/wp-content\/uploads\/2023\/10\/Canon-PGI-580-CLI-581-BCMY-Multipack-2078C005-original-tinte.jpg","contentUrl":"https:\/\/tinte-toneri.hr\/wp-content\/uploads\/2023\/10\/Canon-PGI-580-CLI-581-BCMY-Multipack-2078C005-original-tinte.jpg","width":600,"height":600},{"@type":"BreadcrumbList","@id":"https:\/\/tinte-toneri.hr\/shop\/tinte\/original-tinte\/canon-cl-580-cli-581-multipack-2078c005-original-tinte\/#breadcrumb","itemListElement":[{"@type":"ListItem","position":1,"name":"Po\u010detna stranica","item":"https:\/\/tinte-toneri.hr\/"},{"@type":"ListItem","position":2,"name":"Shop","item":"https:\/\/tinte-toneri.hr\/shop\/"},{"@type":"ListItem","position":3,"name":"Canon PGI-580 + CLI-581 BCMY Multipack (2078C005) original tinte"}]},{"@type":"WebSite","@id":"https:\/\/tinte-toneri.hr\/#website","url":"https:\/\/tinte-toneri.hr\/","name":"TNT","description":"Tinte i toneri","publisher":{"@id":"https:\/\/tinte-toneri.hr\/#organization"},"potentialAction":[{"@type":"SearchAction","target":{"@type":"EntryPoint","urlTemplate":"https:\/\/tinte-toneri.hr\/?s={search_term_string}"},"query-input":{"@type":"PropertyValueSpecification","valueRequired":true,"valueName":"search_term_string"}}],"inLanguage":"en-US"},{"@type":"Organization","@id":"https:\/\/tinte-toneri.hr\/#organization","name":"TNT Global","url":"https:\/\/tinte-toneri.hr\/","logo":{"@type":"ImageObject","inLanguage":"en-US","@id":"https:\/\/tinte-toneri.hr\/#\/schema\/logo\/image\/","url":"https:\/\/tinte-toneri.hr\/wp-content\/uploads\/2023\/10\/cropped-Logo1-removebg.png","contentUrl":"https:\/\/tinte-toneri.hr\/wp-content\/uploads\/2023\/10\/cropped-Logo1-removebg.png","width":2124,"height":2129,"caption":"TNT Global"},"image":{"@id":"https:\/\/tinte-toneri.hr\/#\/schema\/logo\/image\/"}}]}},"jetpack_sharing_enabled":true,"_links":{"self":[{"href":"https:\/\/tinte-toneri.hr\/en\/wp-json\/wp\/v2\/product\/6042","targetHints":{"allow":["GET"]}}],"collection":[{"href":"https:\/\/tinte-toneri.hr\/en\/wp-json\/wp\/v2\/product"}],"about":[{"href":"https:\/\/tinte-toneri.hr\/en\/wp-json\/wp\/v2\/types\/product"}],"replies":[{"embeddable":true,"href":"https:\/\/tinte-toneri.hr\/en\/wp-json\/wp\/v2\/comments?post=6042"}],"wp:featuredmedia":[{"embeddable":true,"href":"https:\/\/tinte-toneri.hr\/en\/wp-json\/wp\/v2\/media\/6043"}],"wp:attachment":[{"href":"https:\/\/tinte-toneri.hr\/en\/wp-json\/wp\/v2\/media?parent=6042"}],"wp:term":[{"taxonomy":"product_brand","embeddable":true,"href":"https:\/\/tinte-toneri.hr\/en\/wp-json\/wp\/v2\/product_brand?post=6042"},{"taxonomy":"product_cat","embeddable":true,"href":"https:\/\/tinte-toneri.hr\/en\/wp-json\/wp\/v2\/product_cat?post=6042"},{"taxonomy":"product_tag","embeddable":true,"href":"https:\/\/tinte-toneri.hr\/en\/wp-json\/wp\/v2\/product_tag?post=6042"}],"curies":[{"name":"wp","href":"https:\/\/api.w.org\/{rel}","templated":true}]}}