{"id":6217,"date":"2023-11-29T12:37:57","date_gmt":"2023-11-29T12:37:57","guid":{"rendered":"https:\/\/tinte-toneri.hr\/?post_type=product&#038;p=6217"},"modified":"2024-09-17T09:53:09","modified_gmt":"2024-09-17T09:53:09","slug":"tnt-zamjenska-tinta-epson-t0792-cyan","status":"publish","type":"product","link":"https:\/\/tinte-toneri.hr\/en\/shop\/tinte\/zamjenske-tinte\/tnt-zamjenska-tinta-epson-t0792-cyan\/","title":{"rendered":"TNT zamjenska tinta Epson T0792 Cyan"},"content":{"rendered":"<p>Upotrijebite na\u0161u vrhunsku zamjensku tintu TNT za Epson T0792 kako biste osigurali iznimno kvalitetne ispise po pristupa\u010dnoj cijeni.<\/p>\n<p>&nbsp;<\/p>\n<p>&nbsp;<\/p>\n<p>&nbsp;<\/p>\n<p>&nbsp;<\/p>\n<p>Na\u0161a TNT zamjenska tinta Epson T0792 je formulirana s vrhunskim pigmentima koji osiguravaju o\u0161tre, jasne i duboke boje. Bez obzira na to je li u pitanju tekst, grafika ili fotografija, ova tinta pru\u017ea konzistentne rezultate s visokim stupnjem detalja.<\/p>\n<p>&nbsp;<\/p>\n<p>&nbsp;<\/p>\n<p>&nbsp;<\/p>\n<p>&nbsp;<\/p>\n<p>Ova zamjenska tinta Epson T0792 je pristupa\u010dna alternativa originalnim Epson tintama, bez kompromisa po pitanju kvalitete. U\u0161tedite novac bez gubitka na izvedbi. Uz na\u0161u TNT zamjensku tintu, dobit \u0107ete visokokvalitetne ispise po povoljnoj cijeni.<\/p>\n<p>&nbsp;<\/p>\n<p>&nbsp;<\/p>\n<p>&nbsp;<\/p>\n<p>&nbsp;<\/p>\n<p>Proizvod sigurno radi sa:<\/p>\n<p>&nbsp;<\/p>\n<p>&nbsp;<\/p>\n<p>Epson Stylus Photo 1400<\/p>\n<p>Epson Stylus Photo 1500 W<\/p>\n<p>Epson Stylus Photo P 50<\/p>\n<p>Epson Stylus Photo PX 650<\/p>\n<p>Epson Stylus Photo PX 660<\/p>\n<p>Epson Stylus Photo PX 700 W<\/p>\n<p>Epson Stylus Photo PX 710 W<\/p>\n<p>Epson Stylus Photo PX 720 WD<\/p>\n<p>Epson Stylus Photo PX 730 WD<\/p>\n<p>Epson Stylus Photo PX 800 FW<\/p>\n<p>Epson Stylus Photo PX 810 FW<\/p>\n<p>Epson Stylus Photo PX 820 FWD<\/p>\n<p>Epson Stylus Photo PX 830 FWD<\/p>","protected":false},"excerpt":{"rendered":"<p>Upotrijebite na\u0161u vrhunsku zamjensku tintu TNT za Epson T0792 kako biste osigurali iznimno kvalitetne ispise po pristupa\u010dnoj cijeni. &nbsp; &nbsp; &nbsp; &nbsp; Na\u0161a TNT zamjenska tinta Epson T0792 je formulirana s vrhunskim pigmentima koji osiguravaju o\u0161tre, jasne i duboke boje. Bez obzira na to je li u pitanju tekst, grafika ili fotografija, ova tinta pru\u017ea [&hellip;]<\/p>\n","protected":false},"featured_media":6270,"comment_status":"open","ping_status":"closed","template":"","meta":{"om_disable_all_campaigns":false,"_monsterinsights_skip_tracking":false,"_monsterinsights_sitenote_active":false,"_monsterinsights_sitenote_note":"","_monsterinsights_sitenote_category":0,"_uf_show_specific_survey":0,"_uf_disable_surveys":false},"product_brand":[],"product_cat":[21,28],"product_tag":[],"class_list":{"0":"post-6217","1":"product","2":"type-product","3":"status-publish","4":"has-post-thumbnail","6":"product_cat-tinte","7":"product_cat-zamjenske-tinte","9":"first","10":"instock","11":"taxable","12":"shipping-taxable","13":"purchasable","14":"product-type-simple"},"aioseo_notices":[],"yoast_head":"<!-- This site is optimized with the Yoast SEO plugin v27.4 - https:\/\/yoast.com\/product\/yoast-seo-wordpress\/ -->\n<title>TNT zamjenska tinta Epson T0792 Cyan - TNT<\/title>\n<meta name=\"description\" content=\"Epson Stylus Photo 1400 - 1500 W - P 50 - PX 650- PX 660 - PX 700 W - PX 710 W - PX 720 WD - PX 730 WD - PX 800 FW - PX 810 FW- PX 820 FWD - PX 830 FWD\" \/>\n<meta name=\"robots\" content=\"index, follow, max-snippet:-1, max-image-preview:large, max-video-preview:-1\" \/>\n<link rel=\"canonical\" href=\"https:\/\/tinte-toneri.hr\/en\/shop\/tinte\/zamjenske-tinte\/tnt-zamjenska-tinta-epson-t0792-cyan\/\" \/>\n<meta property=\"og:locale\" content=\"en_US\" \/>\n<meta property=\"og:type\" content=\"article\" \/>\n<meta property=\"og:title\" content=\"TNT zamjenska tinta Epson T0792 Cyan - TNT\" \/>\n<meta property=\"og:description\" content=\"Epson Stylus Photo 1400 - 1500 W - P 50 - PX 650- PX 660 - PX 700 W - PX 710 W - PX 720 WD - PX 730 WD - PX 800 FW - PX 810 FW- PX 820 FWD - PX 830 FWD\" \/>\n<meta property=\"og:url\" content=\"https:\/\/tinte-toneri.hr\/en\/shop\/tinte\/zamjenske-tinte\/tnt-zamjenska-tinta-epson-t0792-cyan\/\" \/>\n<meta property=\"og:site_name\" content=\"TNT\" \/>\n<meta property=\"article:modified_time\" content=\"2024-09-17T09:53:09+00:00\" \/>\n<meta property=\"og:image\" content=\"https:\/\/tinte-toneri.hr\/wp-content\/uploads\/2023\/12\/Zamjenska-tinta-cyan-768x1024.png\" \/>\n\t<meta property=\"og:image:width\" content=\"768\" \/>\n\t<meta property=\"og:image:height\" content=\"1024\" \/>\n\t<meta property=\"og:image:type\" content=\"image\/png\" \/>\n<meta name=\"twitter:card\" content=\"summary_large_image\" \/>\n<meta name=\"twitter:label1\" content=\"Est. reading time\" \/>\n\t<meta name=\"twitter:data1\" content=\"1 minute\" \/>\n<script type=\"application\/ld+json\" class=\"yoast-schema-graph\">{\"@context\":\"https:\\\/\\\/schema.org\",\"@graph\":[{\"@type\":\"WebPage\",\"@id\":\"https:\\\/\\\/tinte-toneri.hr\\\/shop\\\/tinte\\\/zamjenske-tinte\\\/tnt-zamjenska-tinta-epson-t0792-cyan\\\/\",\"url\":\"https:\\\/\\\/tinte-toneri.hr\\\/shop\\\/tinte\\\/zamjenske-tinte\\\/tnt-zamjenska-tinta-epson-t0792-cyan\\\/\",\"name\":\"TNT zamjenska tinta Epson T0792 Cyan - TNT\",\"isPartOf\":{\"@id\":\"https:\\\/\\\/tinte-toneri.hr\\\/#website\"},\"primaryImageOfPage\":{\"@id\":\"https:\\\/\\\/tinte-toneri.hr\\\/shop\\\/tinte\\\/zamjenske-tinte\\\/tnt-zamjenska-tinta-epson-t0792-cyan\\\/#primaryimage\"},\"image\":{\"@id\":\"https:\\\/\\\/tinte-toneri.hr\\\/shop\\\/tinte\\\/zamjenske-tinte\\\/tnt-zamjenska-tinta-epson-t0792-cyan\\\/#primaryimage\"},\"thumbnailUrl\":\"https:\\\/\\\/tinte-toneri.hr\\\/wp-content\\\/uploads\\\/2023\\\/12\\\/Zamjenska-tinta-cyan.png\",\"datePublished\":\"2023-11-29T12:37:57+00:00\",\"dateModified\":\"2024-09-17T09:53:09+00:00\",\"description\":\"Epson Stylus Photo 1400 - 1500 W - P 50 - PX 650- PX 660 - PX 700 W - PX 710 W - PX 720 WD - PX 730 WD - PX 800 FW - PX 810 FW- PX 820 FWD - PX 830 FWD\",\"breadcrumb\":{\"@id\":\"https:\\\/\\\/tinte-toneri.hr\\\/shop\\\/tinte\\\/zamjenske-tinte\\\/tnt-zamjenska-tinta-epson-t0792-cyan\\\/#breadcrumb\"},\"inLanguage\":\"en-US\",\"potentialAction\":[{\"@type\":\"ReadAction\",\"target\":[\"https:\\\/\\\/tinte-toneri.hr\\\/shop\\\/tinte\\\/zamjenske-tinte\\\/tnt-zamjenska-tinta-epson-t0792-cyan\\\/\"]}]},{\"@type\":\"ImageObject\",\"inLanguage\":\"en-US\",\"@id\":\"https:\\\/\\\/tinte-toneri.hr\\\/shop\\\/tinte\\\/zamjenske-tinte\\\/tnt-zamjenska-tinta-epson-t0792-cyan\\\/#primaryimage\",\"url\":\"https:\\\/\\\/tinte-toneri.hr\\\/wp-content\\\/uploads\\\/2023\\\/12\\\/Zamjenska-tinta-cyan.png\",\"contentUrl\":\"https:\\\/\\\/tinte-toneri.hr\\\/wp-content\\\/uploads\\\/2023\\\/12\\\/Zamjenska-tinta-cyan.png\",\"width\":3000,\"height\":4000},{\"@type\":\"BreadcrumbList\",\"@id\":\"https:\\\/\\\/tinte-toneri.hr\\\/shop\\\/tinte\\\/zamjenske-tinte\\\/tnt-zamjenska-tinta-epson-t0792-cyan\\\/#breadcrumb\",\"itemListElement\":[{\"@type\":\"ListItem\",\"position\":1,\"name\":\"Po\u010detna stranica\",\"item\":\"https:\\\/\\\/tinte-toneri.hr\\\/\"},{\"@type\":\"ListItem\",\"position\":2,\"name\":\"Shop\",\"item\":\"https:\\\/\\\/tinte-toneri.hr\\\/shop\\\/\"},{\"@type\":\"ListItem\",\"position\":3,\"name\":\"TNT zamjenska tinta Epson T0792 Cyan\"}]},{\"@type\":\"WebSite\",\"@id\":\"https:\\\/\\\/tinte-toneri.hr\\\/#website\",\"url\":\"https:\\\/\\\/tinte-toneri.hr\\\/\",\"name\":\"TNT\",\"description\":\"Tinte i toneri\",\"publisher\":{\"@id\":\"https:\\\/\\\/tinte-toneri.hr\\\/#organization\"},\"potentialAction\":[{\"@type\":\"SearchAction\",\"target\":{\"@type\":\"EntryPoint\",\"urlTemplate\":\"https:\\\/\\\/tinte-toneri.hr\\\/?s={search_term_string}\"},\"query-input\":{\"@type\":\"PropertyValueSpecification\",\"valueRequired\":true,\"valueName\":\"search_term_string\"}}],\"inLanguage\":\"en-US\"},{\"@type\":\"Organization\",\"@id\":\"https:\\\/\\\/tinte-toneri.hr\\\/#organization\",\"name\":\"TNT Global\",\"url\":\"https:\\\/\\\/tinte-toneri.hr\\\/\",\"logo\":{\"@type\":\"ImageObject\",\"inLanguage\":\"en-US\",\"@id\":\"https:\\\/\\\/tinte-toneri.hr\\\/#\\\/schema\\\/logo\\\/image\\\/\",\"url\":\"https:\\\/\\\/tinte-toneri.hr\\\/wp-content\\\/uploads\\\/2023\\\/10\\\/cropped-Logo1-removebg.png\",\"contentUrl\":\"https:\\\/\\\/tinte-toneri.hr\\\/wp-content\\\/uploads\\\/2023\\\/10\\\/cropped-Logo1-removebg.png\",\"width\":2124,\"height\":2129,\"caption\":\"TNT Global\"},\"image\":{\"@id\":\"https:\\\/\\\/tinte-toneri.hr\\\/#\\\/schema\\\/logo\\\/image\\\/\"}}]}<\/script>\n<!-- \/ Yoast SEO plugin. -->","yoast_head_json":{"title":"TNT zamjenska tinta Epson T0792 Cyan - TNT","description":"Epson Stylus Photo 1400 - 1500 W - P 50 - PX 650- PX 660 - PX 700 W - PX 710 W - PX 720 WD - PX 730 WD - PX 800 FW - PX 810 FW- PX 820 FWD - PX 830 FWD","robots":{"index":"index","follow":"follow","max-snippet":"max-snippet:-1","max-image-preview":"max-image-preview:large","max-video-preview":"max-video-preview:-1"},"canonical":"https:\/\/tinte-toneri.hr\/en\/shop\/tinte\/zamjenske-tinte\/tnt-zamjenska-tinta-epson-t0792-cyan\/","og_locale":"en_US","og_type":"article","og_title":"TNT zamjenska tinta Epson T0792 Cyan - TNT","og_description":"Epson Stylus Photo 1400 - 1500 W - P 50 - PX 650- PX 660 - PX 700 W - PX 710 W - PX 720 WD - PX 730 WD - PX 800 FW - PX 810 FW- PX 820 FWD - PX 830 FWD","og_url":"https:\/\/tinte-toneri.hr\/en\/shop\/tinte\/zamjenske-tinte\/tnt-zamjenska-tinta-epson-t0792-cyan\/","og_site_name":"TNT","article_modified_time":"2024-09-17T09:53:09+00:00","og_image":[{"width":768,"height":1024,"url":"https:\/\/tinte-toneri.hr\/wp-content\/uploads\/2023\/12\/Zamjenska-tinta-cyan-768x1024.png","type":"image\/png"}],"twitter_card":"summary_large_image","twitter_misc":{"Est. reading time":"1 minute"},"schema":{"@context":"https:\/\/schema.org","@graph":[{"@type":"WebPage","@id":"https:\/\/tinte-toneri.hr\/shop\/tinte\/zamjenske-tinte\/tnt-zamjenska-tinta-epson-t0792-cyan\/","url":"https:\/\/tinte-toneri.hr\/shop\/tinte\/zamjenske-tinte\/tnt-zamjenska-tinta-epson-t0792-cyan\/","name":"TNT zamjenska tinta Epson T0792 Cyan - TNT","isPartOf":{"@id":"https:\/\/tinte-toneri.hr\/#website"},"primaryImageOfPage":{"@id":"https:\/\/tinte-toneri.hr\/shop\/tinte\/zamjenske-tinte\/tnt-zamjenska-tinta-epson-t0792-cyan\/#primaryimage"},"image":{"@id":"https:\/\/tinte-toneri.hr\/shop\/tinte\/zamjenske-tinte\/tnt-zamjenska-tinta-epson-t0792-cyan\/#primaryimage"},"thumbnailUrl":"https:\/\/tinte-toneri.hr\/wp-content\/uploads\/2023\/12\/Zamjenska-tinta-cyan.png","datePublished":"2023-11-29T12:37:57+00:00","dateModified":"2024-09-17T09:53:09+00:00","description":"Epson Stylus Photo 1400 - 1500 W - P 50 - PX 650- PX 660 - PX 700 W - PX 710 W - PX 720 WD - PX 730 WD - PX 800 FW - PX 810 FW- PX 820 FWD - PX 830 FWD","breadcrumb":{"@id":"https:\/\/tinte-toneri.hr\/shop\/tinte\/zamjenske-tinte\/tnt-zamjenska-tinta-epson-t0792-cyan\/#breadcrumb"},"inLanguage":"en-US","potentialAction":[{"@type":"ReadAction","target":["https:\/\/tinte-toneri.hr\/shop\/tinte\/zamjenske-tinte\/tnt-zamjenska-tinta-epson-t0792-cyan\/"]}]},{"@type":"ImageObject","inLanguage":"en-US","@id":"https:\/\/tinte-toneri.hr\/shop\/tinte\/zamjenske-tinte\/tnt-zamjenska-tinta-epson-t0792-cyan\/#primaryimage","url":"https:\/\/tinte-toneri.hr\/wp-content\/uploads\/2023\/12\/Zamjenska-tinta-cyan.png","contentUrl":"https:\/\/tinte-toneri.hr\/wp-content\/uploads\/2023\/12\/Zamjenska-tinta-cyan.png","width":3000,"height":4000},{"@type":"BreadcrumbList","@id":"https:\/\/tinte-toneri.hr\/shop\/tinte\/zamjenske-tinte\/tnt-zamjenska-tinta-epson-t0792-cyan\/#breadcrumb","itemListElement":[{"@type":"ListItem","position":1,"name":"Po\u010detna stranica","item":"https:\/\/tinte-toneri.hr\/"},{"@type":"ListItem","position":2,"name":"Shop","item":"https:\/\/tinte-toneri.hr\/shop\/"},{"@type":"ListItem","position":3,"name":"TNT zamjenska tinta Epson T0792 Cyan"}]},{"@type":"WebSite","@id":"https:\/\/tinte-toneri.hr\/#website","url":"https:\/\/tinte-toneri.hr\/","name":"TNT","description":"Tinte i toneri","publisher":{"@id":"https:\/\/tinte-toneri.hr\/#organization"},"potentialAction":[{"@type":"SearchAction","target":{"@type":"EntryPoint","urlTemplate":"https:\/\/tinte-toneri.hr\/?s={search_term_string}"},"query-input":{"@type":"PropertyValueSpecification","valueRequired":true,"valueName":"search_term_string"}}],"inLanguage":"en-US"},{"@type":"Organization","@id":"https:\/\/tinte-toneri.hr\/#organization","name":"TNT Global","url":"https:\/\/tinte-toneri.hr\/","logo":{"@type":"ImageObject","inLanguage":"en-US","@id":"https:\/\/tinte-toneri.hr\/#\/schema\/logo\/image\/","url":"https:\/\/tinte-toneri.hr\/wp-content\/uploads\/2023\/10\/cropped-Logo1-removebg.png","contentUrl":"https:\/\/tinte-toneri.hr\/wp-content\/uploads\/2023\/10\/cropped-Logo1-removebg.png","width":2124,"height":2129,"caption":"TNT Global"},"image":{"@id":"https:\/\/tinte-toneri.hr\/#\/schema\/logo\/image\/"}}]}},"jetpack_sharing_enabled":true,"_links":{"self":[{"href":"https:\/\/tinte-toneri.hr\/en\/wp-json\/wp\/v2\/product\/6217","targetHints":{"allow":["GET"]}}],"collection":[{"href":"https:\/\/tinte-toneri.hr\/en\/wp-json\/wp\/v2\/product"}],"about":[{"href":"https:\/\/tinte-toneri.hr\/en\/wp-json\/wp\/v2\/types\/product"}],"replies":[{"embeddable":true,"href":"https:\/\/tinte-toneri.hr\/en\/wp-json\/wp\/v2\/comments?post=6217"}],"wp:featuredmedia":[{"embeddable":true,"href":"https:\/\/tinte-toneri.hr\/en\/wp-json\/wp\/v2\/media\/6270"}],"wp:attachment":[{"href":"https:\/\/tinte-toneri.hr\/en\/wp-json\/wp\/v2\/media?parent=6217"}],"wp:term":[{"taxonomy":"product_brand","embeddable":true,"href":"https:\/\/tinte-toneri.hr\/en\/wp-json\/wp\/v2\/product_brand?post=6217"},{"taxonomy":"product_cat","embeddable":true,"href":"https:\/\/tinte-toneri.hr\/en\/wp-json\/wp\/v2\/product_cat?post=6217"},{"taxonomy":"product_tag","embeddable":true,"href":"https:\/\/tinte-toneri.hr\/en\/wp-json\/wp\/v2\/product_tag?post=6217"}],"curies":[{"name":"wp","href":"https:\/\/api.w.org\/{rel}","templated":true}]}}