{"id":6304,"date":"2023-12-11T08:47:08","date_gmt":"2023-12-11T08:47:08","guid":{"rendered":"https:\/\/tinte-toneri.hr\/?post_type=product&#038;p=6304"},"modified":"2024-09-17T09:53:01","modified_gmt":"2024-09-17T09:53:01","slug":"zamjenska-tinta-hp-27-c8727ae-black","status":"publish","type":"product","link":"https:\/\/tinte-toneri.hr\/en\/shop\/tinte\/zamjenske-tinte\/zamjenska-tinta-hp-27-c8727ae-black\/","title":{"rendered":"TNT zamjenska tinta HP 27 Black (C8727AE)"},"content":{"rendered":"<p>Upotrijebite na\u0161u vrhunsku zamjensku tintu TNT za HP 27 Black (C8727AE) Black kako biste osigurali iznimno kvalitetne ispise po pristupa\u010dnoj cijeni.<\/p>\n<p>&nbsp;<\/p>\n<p>&nbsp;<\/p>\n<p>&nbsp;<\/p>\n<p>&nbsp;<\/p>\n<p>Na\u0161a TNT zamjenska tinta HP 27 Black (C8727AE) Black je formulirana s vrhunskim pigmentima koji osiguravaju o\u0161tre, jasne i duboke crne boje. Bez obzira na to je li u pitanju tekst, grafika ili fotografija, ova tinta pru\u017ea konzistentne rezultate s visokim stupnjem detalja.<\/p>\n<p>&nbsp;<\/p>\n<p>&nbsp;<\/p>\n<p>&nbsp;<\/p>\n<p>&nbsp;<\/p>\n<p>Proizvod sigurno radi sa:<\/p>\n<p>&nbsp;<\/p>\n<p>&nbsp;<\/p>\n<p>HP DeskJet 3300 Series<\/p>\n<p>HP DeskJet 3320<\/p>\n<p>HP DeskJet 3320 V<\/p>\n<p>HP DeskJet 3322<\/p>\n<p>HP DeskJet 3323<\/p>\n<p>HP DeskJet 3325<\/p>\n<p>HP DeskJet 3400 Series<\/p>\n<p>HP DeskJet 3420<\/p>\n<p>HP DeskJet 3425<\/p>\n<p>HP DeskJet 3450<\/p>\n<p>HP DeskJet 3520 V<\/p>\n<p>HP DeskJet 3520 W<\/p>\n<p>HP DeskJet 3535<\/p>\n<p>HP DeskJet 3550<\/p>\n<p>HP DeskJet 3550 V<\/p>\n<p>HP DeskJet 3620<\/p>\n<p>HP DeskJet 3645<\/p>\n<p>HP DeskJet 3650<\/p>\n<p>HP DeskJet 3650 V<\/p>\n<p>HP DeskJet 3651<\/p>\n<p>HP DeskJet 3652<\/p>\n<p>HP DeskJet 3740<\/p>\n<p>HP DeskJet 3740 Series<\/p>\n<p>HP DeskJet 3743<\/p>\n<p>HP DeskJet 3744<\/p>\n<p>HP DeskJet 3745<\/p>\n<p>HP DeskJet 3745 V<\/p>\n<p>HP DeskJet 3747<\/p>\n<p>HP DeskJet 3748<\/p>\n<p>HP DeskJet 3840<\/p>\n<p>HP DeskJet 3843<\/p>\n<p>HP DeskJet 3845<\/p>\n<p>HP DeskJet 3847<\/p>\n<p>HP DeskJet 3848<\/p>\n<p>HP DeskJet 5600 Series<\/p>\n<p>HP DeskJet 5650<\/p>\n<p>HP DeskJet 5650 W<\/p>\n<p>HP DeskJet 5652<\/p>\n<p>HP DeskJet 5655<\/p>\n<p>HP DeskJet 5850<\/p>\n<p>&nbsp;<\/p>\n<p>HP OfficeJet 4200 Series<\/p>\n<p>HP OfficeJet 4212<\/p>\n<p>HP OfficeJet 4214<\/p>\n<p>HP OfficeJet 4215<\/p>\n<p>HP OfficeJet 4215 Series<\/p>\n<p>HP OfficeJet 4215 V<\/p>\n<p>HP OfficeJet 4215 XI<\/p>\n<p>HP OfficeJet 4219<\/p>\n<p>HP OfficeJet 4250<\/p>\n<p>HP OfficeJet 4251<\/p>\n<p>HP OfficeJet 4252<\/p>\n<p>HP OfficeJet 4255<\/p>\n<p>HP OfficeJet 4259<\/p>\n<p>HP OfficeJet 4300 Series<\/p>\n<p>HP OfficeJet 4314<\/p>\n<p>HP OfficeJet 4315<\/p>\n<p>HP OfficeJet 4315 Series<\/p>\n<p>HP OfficeJet 4315 V<\/p>\n<p>HP OfficeJet 4315 XI<\/p>\n<p>HP OfficeJet 4352<\/p>\n<p>HP OfficeJet 4355<\/p>\n<p>HP OfficeJet 4359<\/p>\n<p>HP OfficeJet 4625<\/p>\n<p>HP OfficeJet 4700 Series<\/p>\n<p>HP OfficeJet 4712<\/p>\n<p>HP OfficeJet 5600 Series<\/p>\n<p>HP OfficeJet 5605<\/p>\n<p>HP OfficeJet 5605 Z<\/p>\n<p>HP OfficeJet 5610<\/p>\n<p>HP OfficeJet 5610 Series<\/p>\n<p>HP OfficeJet 5610 V<\/p>\n<p>HP OfficeJet 5610 XI<\/p>\n<p>HP OfficeJet 5615<\/p>\n<p>&nbsp;<\/p>\n<p>HP OfficeJet Pro 3610<\/p>\n<p>&nbsp;<\/p>\n<p>HP PSC 1200 Series<\/p>\n<p>HP PSC 1205<\/p>\n<p>HP PSC 1210<\/p>\n<p>HP PSC 1210 XI<\/p>\n<p>HP PSC 1215<\/p>\n<p>HP PSC 1217<\/p>\n<p>HP PSC 1219<\/p>\n<p>HP PSC 1310<\/p>\n<p>HP PSC 1312<\/p>\n<p>HP PSC 1315<\/p>\n<p>HP PSC 1315 S<\/p>\n<p>HP PSC 1315 Series<\/p>\n<p>HP PSC 1315 V<\/p>\n<p>HP PSC 1315 XI<\/p>\n<p>HP PSC 1317<\/p>","protected":false},"excerpt":{"rendered":"<p>Upotrijebite na\u0161u vrhunsku zamjensku tintu TNT za HP 27 Black (C8727AE) Black kako biste osigurali iznimno kvalitetne ispise po pristupa\u010dnoj cijeni. &nbsp; &nbsp; &nbsp; &nbsp; Na\u0161a TNT zamjenska tinta HP 27 Black (C8727AE) Black je formulirana s vrhunskim pigmentima koji osiguravaju o\u0161tre, jasne i duboke crne boje. Bez obzira na to je li u pitanju [&hellip;]<\/p>\n","protected":false},"featured_media":6269,"comment_status":"open","ping_status":"closed","template":"","meta":{"om_disable_all_campaigns":false,"_monsterinsights_skip_tracking":false,"_monsterinsights_sitenote_active":false,"_monsterinsights_sitenote_note":"","_monsterinsights_sitenote_category":0,"_uf_show_specific_survey":0,"_uf_disable_surveys":false},"product_brand":[],"product_cat":[21,28],"product_tag":[],"class_list":{"0":"post-6304","1":"product","2":"type-product","3":"status-publish","4":"has-post-thumbnail","6":"product_cat-tinte","7":"product_cat-zamjenske-tinte","9":"first","10":"instock","11":"taxable","12":"shipping-taxable","13":"purchasable","14":"product-type-simple"},"aioseo_notices":[],"yoast_head":"<!-- This site is optimized with the Yoast SEO plugin v27.4 - https:\/\/yoast.com\/product\/yoast-seo-wordpress\/ -->\n<title>TNT zamjenska tinta HP 27 Black (C8727AE) - TNT<\/title>\n<meta name=\"description\" content=\"HP DeskJet 3300 Series - 3400 Series - 3740 Series - 5600 Series - HP OfficeJet 4200 Series - 4215 Series - 4300 Series - 4315 Series - 4700 Series ...\" \/>\n<meta name=\"robots\" content=\"index, follow, max-snippet:-1, max-image-preview:large, max-video-preview:-1\" \/>\n<link rel=\"canonical\" href=\"https:\/\/tinte-toneri.hr\/en\/shop\/tinte\/zamjenske-tinte\/zamjenska-tinta-hp-27-c8727ae-black\/\" \/>\n<meta property=\"og:locale\" content=\"en_US\" \/>\n<meta property=\"og:type\" content=\"article\" \/>\n<meta property=\"og:title\" content=\"TNT zamjenska tinta HP 27 Black (C8727AE) - TNT\" \/>\n<meta property=\"og:description\" content=\"HP DeskJet 3300 Series - 3400 Series - 3740 Series - 5600 Series - HP OfficeJet 4200 Series - 4215 Series - 4300 Series - 4315 Series - 4700 Series ...\" \/>\n<meta property=\"og:url\" content=\"https:\/\/tinte-toneri.hr\/en\/shop\/tinte\/zamjenske-tinte\/zamjenska-tinta-hp-27-c8727ae-black\/\" \/>\n<meta property=\"og:site_name\" content=\"TNT\" \/>\n<meta property=\"article:modified_time\" content=\"2024-09-17T09:53:01+00:00\" \/>\n<meta property=\"og:image\" content=\"https:\/\/tinte-toneri.hr\/wp-content\/uploads\/2023\/12\/Zamjenska-tinta-black-768x1024.png\" \/>\n\t<meta property=\"og:image:width\" content=\"768\" \/>\n\t<meta property=\"og:image:height\" content=\"1024\" \/>\n\t<meta property=\"og:image:type\" content=\"image\/png\" \/>\n<meta name=\"twitter:card\" content=\"summary_large_image\" \/>\n<meta name=\"twitter:label1\" content=\"Est. reading time\" \/>\n\t<meta name=\"twitter:data1\" content=\"3 minutes\" \/>\n<script type=\"application\/ld+json\" class=\"yoast-schema-graph\">{\"@context\":\"https:\\\/\\\/schema.org\",\"@graph\":[{\"@type\":\"WebPage\",\"@id\":\"https:\\\/\\\/tinte-toneri.hr\\\/shop\\\/tinte\\\/zamjenske-tinte\\\/zamjenska-tinta-hp-27-c8727ae-black\\\/\",\"url\":\"https:\\\/\\\/tinte-toneri.hr\\\/shop\\\/tinte\\\/zamjenske-tinte\\\/zamjenska-tinta-hp-27-c8727ae-black\\\/\",\"name\":\"TNT zamjenska tinta HP 27 Black (C8727AE) - TNT\",\"isPartOf\":{\"@id\":\"https:\\\/\\\/tinte-toneri.hr\\\/#website\"},\"primaryImageOfPage\":{\"@id\":\"https:\\\/\\\/tinte-toneri.hr\\\/shop\\\/tinte\\\/zamjenske-tinte\\\/zamjenska-tinta-hp-27-c8727ae-black\\\/#primaryimage\"},\"image\":{\"@id\":\"https:\\\/\\\/tinte-toneri.hr\\\/shop\\\/tinte\\\/zamjenske-tinte\\\/zamjenska-tinta-hp-27-c8727ae-black\\\/#primaryimage\"},\"thumbnailUrl\":\"https:\\\/\\\/tinte-toneri.hr\\\/wp-content\\\/uploads\\\/2023\\\/12\\\/Zamjenska-tinta-black.png\",\"datePublished\":\"2023-12-11T08:47:08+00:00\",\"dateModified\":\"2024-09-17T09:53:01+00:00\",\"description\":\"HP DeskJet 3300 Series - 3400 Series - 3740 Series - 5600 Series - HP OfficeJet 4200 Series - 4215 Series - 4300 Series - 4315 Series - 4700 Series ...\",\"breadcrumb\":{\"@id\":\"https:\\\/\\\/tinte-toneri.hr\\\/shop\\\/tinte\\\/zamjenske-tinte\\\/zamjenska-tinta-hp-27-c8727ae-black\\\/#breadcrumb\"},\"inLanguage\":\"en-US\",\"potentialAction\":[{\"@type\":\"ReadAction\",\"target\":[\"https:\\\/\\\/tinte-toneri.hr\\\/shop\\\/tinte\\\/zamjenske-tinte\\\/zamjenska-tinta-hp-27-c8727ae-black\\\/\"]}]},{\"@type\":\"ImageObject\",\"inLanguage\":\"en-US\",\"@id\":\"https:\\\/\\\/tinte-toneri.hr\\\/shop\\\/tinte\\\/zamjenske-tinte\\\/zamjenska-tinta-hp-27-c8727ae-black\\\/#primaryimage\",\"url\":\"https:\\\/\\\/tinte-toneri.hr\\\/wp-content\\\/uploads\\\/2023\\\/12\\\/Zamjenska-tinta-black.png\",\"contentUrl\":\"https:\\\/\\\/tinte-toneri.hr\\\/wp-content\\\/uploads\\\/2023\\\/12\\\/Zamjenska-tinta-black.png\",\"width\":3000,\"height\":4000},{\"@type\":\"BreadcrumbList\",\"@id\":\"https:\\\/\\\/tinte-toneri.hr\\\/shop\\\/tinte\\\/zamjenske-tinte\\\/zamjenska-tinta-hp-27-c8727ae-black\\\/#breadcrumb\",\"itemListElement\":[{\"@type\":\"ListItem\",\"position\":1,\"name\":\"Po\u010detna stranica\",\"item\":\"https:\\\/\\\/tinte-toneri.hr\\\/\"},{\"@type\":\"ListItem\",\"position\":2,\"name\":\"Shop\",\"item\":\"https:\\\/\\\/tinte-toneri.hr\\\/shop\\\/\"},{\"@type\":\"ListItem\",\"position\":3,\"name\":\"TNT zamjenska tinta HP 27 Black (C8727AE)\"}]},{\"@type\":\"WebSite\",\"@id\":\"https:\\\/\\\/tinte-toneri.hr\\\/#website\",\"url\":\"https:\\\/\\\/tinte-toneri.hr\\\/\",\"name\":\"TNT\",\"description\":\"Tinte i toneri\",\"publisher\":{\"@id\":\"https:\\\/\\\/tinte-toneri.hr\\\/#organization\"},\"potentialAction\":[{\"@type\":\"SearchAction\",\"target\":{\"@type\":\"EntryPoint\",\"urlTemplate\":\"https:\\\/\\\/tinte-toneri.hr\\\/?s={search_term_string}\"},\"query-input\":{\"@type\":\"PropertyValueSpecification\",\"valueRequired\":true,\"valueName\":\"search_term_string\"}}],\"inLanguage\":\"en-US\"},{\"@type\":\"Organization\",\"@id\":\"https:\\\/\\\/tinte-toneri.hr\\\/#organization\",\"name\":\"TNT Global\",\"url\":\"https:\\\/\\\/tinte-toneri.hr\\\/\",\"logo\":{\"@type\":\"ImageObject\",\"inLanguage\":\"en-US\",\"@id\":\"https:\\\/\\\/tinte-toneri.hr\\\/#\\\/schema\\\/logo\\\/image\\\/\",\"url\":\"https:\\\/\\\/tinte-toneri.hr\\\/wp-content\\\/uploads\\\/2023\\\/10\\\/cropped-Logo1-removebg.png\",\"contentUrl\":\"https:\\\/\\\/tinte-toneri.hr\\\/wp-content\\\/uploads\\\/2023\\\/10\\\/cropped-Logo1-removebg.png\",\"width\":2124,\"height\":2129,\"caption\":\"TNT Global\"},\"image\":{\"@id\":\"https:\\\/\\\/tinte-toneri.hr\\\/#\\\/schema\\\/logo\\\/image\\\/\"}}]}<\/script>\n<!-- \/ Yoast SEO plugin. -->","yoast_head_json":{"title":"TNT zamjenska tinta HP 27 Black (C8727AE) - TNT","description":"HP DeskJet 3300 Series - 3400 Series - 3740 Series - 5600 Series - HP OfficeJet 4200 Series - 4215 Series - 4300 Series - 4315 Series - 4700 Series ...","robots":{"index":"index","follow":"follow","max-snippet":"max-snippet:-1","max-image-preview":"max-image-preview:large","max-video-preview":"max-video-preview:-1"},"canonical":"https:\/\/tinte-toneri.hr\/en\/shop\/tinte\/zamjenske-tinte\/zamjenska-tinta-hp-27-c8727ae-black\/","og_locale":"en_US","og_type":"article","og_title":"TNT zamjenska tinta HP 27 Black (C8727AE) - TNT","og_description":"HP DeskJet 3300 Series - 3400 Series - 3740 Series - 5600 Series - HP OfficeJet 4200 Series - 4215 Series - 4300 Series - 4315 Series - 4700 Series ...","og_url":"https:\/\/tinte-toneri.hr\/en\/shop\/tinte\/zamjenske-tinte\/zamjenska-tinta-hp-27-c8727ae-black\/","og_site_name":"TNT","article_modified_time":"2024-09-17T09:53:01+00:00","og_image":[{"width":768,"height":1024,"url":"https:\/\/tinte-toneri.hr\/wp-content\/uploads\/2023\/12\/Zamjenska-tinta-black-768x1024.png","type":"image\/png"}],"twitter_card":"summary_large_image","twitter_misc":{"Est. reading time":"3 minutes"},"schema":{"@context":"https:\/\/schema.org","@graph":[{"@type":"WebPage","@id":"https:\/\/tinte-toneri.hr\/shop\/tinte\/zamjenske-tinte\/zamjenska-tinta-hp-27-c8727ae-black\/","url":"https:\/\/tinte-toneri.hr\/shop\/tinte\/zamjenske-tinte\/zamjenska-tinta-hp-27-c8727ae-black\/","name":"TNT zamjenska tinta HP 27 Black (C8727AE) - TNT","isPartOf":{"@id":"https:\/\/tinte-toneri.hr\/#website"},"primaryImageOfPage":{"@id":"https:\/\/tinte-toneri.hr\/shop\/tinte\/zamjenske-tinte\/zamjenska-tinta-hp-27-c8727ae-black\/#primaryimage"},"image":{"@id":"https:\/\/tinte-toneri.hr\/shop\/tinte\/zamjenske-tinte\/zamjenska-tinta-hp-27-c8727ae-black\/#primaryimage"},"thumbnailUrl":"https:\/\/tinte-toneri.hr\/wp-content\/uploads\/2023\/12\/Zamjenska-tinta-black.png","datePublished":"2023-12-11T08:47:08+00:00","dateModified":"2024-09-17T09:53:01+00:00","description":"HP DeskJet 3300 Series - 3400 Series - 3740 Series - 5600 Series - HP OfficeJet 4200 Series - 4215 Series - 4300 Series - 4315 Series - 4700 Series ...","breadcrumb":{"@id":"https:\/\/tinte-toneri.hr\/shop\/tinte\/zamjenske-tinte\/zamjenska-tinta-hp-27-c8727ae-black\/#breadcrumb"},"inLanguage":"en-US","potentialAction":[{"@type":"ReadAction","target":["https:\/\/tinte-toneri.hr\/shop\/tinte\/zamjenske-tinte\/zamjenska-tinta-hp-27-c8727ae-black\/"]}]},{"@type":"ImageObject","inLanguage":"en-US","@id":"https:\/\/tinte-toneri.hr\/shop\/tinte\/zamjenske-tinte\/zamjenska-tinta-hp-27-c8727ae-black\/#primaryimage","url":"https:\/\/tinte-toneri.hr\/wp-content\/uploads\/2023\/12\/Zamjenska-tinta-black.png","contentUrl":"https:\/\/tinte-toneri.hr\/wp-content\/uploads\/2023\/12\/Zamjenska-tinta-black.png","width":3000,"height":4000},{"@type":"BreadcrumbList","@id":"https:\/\/tinte-toneri.hr\/shop\/tinte\/zamjenske-tinte\/zamjenska-tinta-hp-27-c8727ae-black\/#breadcrumb","itemListElement":[{"@type":"ListItem","position":1,"name":"Po\u010detna stranica","item":"https:\/\/tinte-toneri.hr\/"},{"@type":"ListItem","position":2,"name":"Shop","item":"https:\/\/tinte-toneri.hr\/shop\/"},{"@type":"ListItem","position":3,"name":"TNT zamjenska tinta HP 27 Black (C8727AE)"}]},{"@type":"WebSite","@id":"https:\/\/tinte-toneri.hr\/#website","url":"https:\/\/tinte-toneri.hr\/","name":"TNT","description":"Tinte i toneri","publisher":{"@id":"https:\/\/tinte-toneri.hr\/#organization"},"potentialAction":[{"@type":"SearchAction","target":{"@type":"EntryPoint","urlTemplate":"https:\/\/tinte-toneri.hr\/?s={search_term_string}"},"query-input":{"@type":"PropertyValueSpecification","valueRequired":true,"valueName":"search_term_string"}}],"inLanguage":"en-US"},{"@type":"Organization","@id":"https:\/\/tinte-toneri.hr\/#organization","name":"TNT Global","url":"https:\/\/tinte-toneri.hr\/","logo":{"@type":"ImageObject","inLanguage":"en-US","@id":"https:\/\/tinte-toneri.hr\/#\/schema\/logo\/image\/","url":"https:\/\/tinte-toneri.hr\/wp-content\/uploads\/2023\/10\/cropped-Logo1-removebg.png","contentUrl":"https:\/\/tinte-toneri.hr\/wp-content\/uploads\/2023\/10\/cropped-Logo1-removebg.png","width":2124,"height":2129,"caption":"TNT Global"},"image":{"@id":"https:\/\/tinte-toneri.hr\/#\/schema\/logo\/image\/"}}]}},"jetpack_sharing_enabled":true,"_links":{"self":[{"href":"https:\/\/tinte-toneri.hr\/en\/wp-json\/wp\/v2\/product\/6304","targetHints":{"allow":["GET"]}}],"collection":[{"href":"https:\/\/tinte-toneri.hr\/en\/wp-json\/wp\/v2\/product"}],"about":[{"href":"https:\/\/tinte-toneri.hr\/en\/wp-json\/wp\/v2\/types\/product"}],"replies":[{"embeddable":true,"href":"https:\/\/tinte-toneri.hr\/en\/wp-json\/wp\/v2\/comments?post=6304"}],"wp:featuredmedia":[{"embeddable":true,"href":"https:\/\/tinte-toneri.hr\/en\/wp-json\/wp\/v2\/media\/6269"}],"wp:attachment":[{"href":"https:\/\/tinte-toneri.hr\/en\/wp-json\/wp\/v2\/media?parent=6304"}],"wp:term":[{"taxonomy":"product_brand","embeddable":true,"href":"https:\/\/tinte-toneri.hr\/en\/wp-json\/wp\/v2\/product_brand?post=6304"},{"taxonomy":"product_cat","embeddable":true,"href":"https:\/\/tinte-toneri.hr\/en\/wp-json\/wp\/v2\/product_cat?post=6304"},{"taxonomy":"product_tag","embeddable":true,"href":"https:\/\/tinte-toneri.hr\/en\/wp-json\/wp\/v2\/product_tag?post=6304"}],"curies":[{"name":"wp","href":"https:\/\/api.w.org\/{rel}","templated":true}]}}