{"id":6335,"date":"2023-12-12T10:01:34","date_gmt":"2023-12-12T10:01:34","guid":{"rendered":"https:\/\/tinte-toneri.hr\/?post_type=product&#038;p=6335"},"modified":"2024-09-17T09:52:58","modified_gmt":"2024-09-17T09:52:58","slug":"tnt-zamjenska-tinta-brother-lc985xl-lc39-yellow","status":"publish","type":"product","link":"https:\/\/tinte-toneri.hr\/en\/shop\/tinte\/zamjenske-tinte\/tnt-zamjenska-tinta-brother-lc985xl-lc39-yellow\/","title":{"rendered":"TNT zamjenska tinta Brother LC985XL \/ LC39 Yellow"},"content":{"rendered":"<p>Zamjenska tinta Brother LC985XL \/ LC39 Yellow pru\u017ea precizan i kvalitetan ispis po vrlo pristupa\u010dnoj cijeni. Na\u0161a TNT zamjenska tinta Brother LC985XL \/ LC39 Yellow je formulirana s vrhunskim pigmentima koji osiguravaju o\u0161tre, jasne i duboke boje. Bez obzira na to je li u pitanju tekst, grafika ili fotografija, ova tinta pru\u017ea konzistentne rezultate s visokim stupnjem detalja. Kori\u0161tenjem ove tinte, tro\u0161kovi ispisa \u0107e biti znatno smanjeni. Svaka stranica \u0107e biti ispisana ujedna\u010deno bez mrlja.<\/p>\n<p>&nbsp;<\/p>\n<p>&nbsp;<\/p>\n<p>&nbsp;<\/p>\n<p>Proizvod radi sa:<\/p>\n<p>&nbsp;<\/p>\n<p>Brother DCP-J 125<\/p>\n<p>Brother DCP-J 140 W<\/p>\n<p>Brother DCP-J 315 W<\/p>\n<p>Brother DCP-J 515 W<\/p>\n<p>Brother MFC-J 220<\/p>\n<p>Brother MFC-J 265 W<\/p>\n<p>Brother MFC-J 410<\/p>\n<p>Brother MFC-J 415 W<\/p>\n<p>&nbsp;<\/p>","protected":false},"excerpt":{"rendered":"<p>Zamjenska tinta Brother LC985XL \/ LC39 Yellow pru\u017ea precizan i kvalitetan ispis po vrlo pristupa\u010dnoj cijeni. Na\u0161a TNT zamjenska tinta Brother LC985XL \/ LC39 Yellow je formulirana s vrhunskim pigmentima koji osiguravaju o\u0161tre, jasne i duboke boje. Bez obzira na to je li u pitanju tekst, grafika ili fotografija, ova tinta pru\u017ea konzistentne rezultate s [&hellip;]<\/p>\n","protected":false},"featured_media":6272,"comment_status":"open","ping_status":"closed","template":"","meta":{"om_disable_all_campaigns":false,"_monsterinsights_skip_tracking":false,"_monsterinsights_sitenote_active":false,"_monsterinsights_sitenote_note":"","_monsterinsights_sitenote_category":0,"_uf_show_specific_survey":0,"_uf_disable_surveys":false},"product_brand":[],"product_cat":[21,28],"product_tag":[],"class_list":{"0":"post-6335","1":"product","2":"type-product","3":"status-publish","4":"has-post-thumbnail","6":"product_cat-tinte","7":"product_cat-zamjenske-tinte","9":"first","10":"instock","11":"taxable","12":"shipping-taxable","13":"purchasable","14":"product-type-simple"},"aioseo_notices":[],"yoast_head":"<!-- This site is optimized with the Yoast SEO plugin v27.4 - https:\/\/yoast.com\/product\/yoast-seo-wordpress\/ -->\n<title>TNT zamjenska tinta Brother LC985XL \/ LC39 Yellow - TNT<\/title>\n<meta name=\"description\" content=\"TNT zamjenska tinta Brother LC985XL \/ LC39 Yellow za: Brother DCP-J 125 - DCP-J 140 W - DCP-J 315 W - DCP-J 515 W - MFC-J 220 - MFC-J 265 W - MFC-J 415 W...\" \/>\n<meta name=\"robots\" content=\"index, follow, max-snippet:-1, max-image-preview:large, max-video-preview:-1\" \/>\n<link rel=\"canonical\" href=\"https:\/\/tinte-toneri.hr\/en\/shop\/tinte\/zamjenske-tinte\/tnt-zamjenska-tinta-brother-lc985xl-lc39-yellow\/\" \/>\n<meta property=\"og:locale\" content=\"en_US\" \/>\n<meta property=\"og:type\" content=\"article\" \/>\n<meta property=\"og:title\" content=\"TNT zamjenska tinta Brother LC985XL \/ LC39 Yellow - TNT\" \/>\n<meta property=\"og:description\" content=\"TNT zamjenska tinta Brother LC985XL \/ LC39 Yellow za: Brother DCP-J 125 - DCP-J 140 W - DCP-J 315 W - DCP-J 515 W - MFC-J 220 - MFC-J 265 W - MFC-J 415 W...\" \/>\n<meta property=\"og:url\" content=\"https:\/\/tinte-toneri.hr\/en\/shop\/tinte\/zamjenske-tinte\/tnt-zamjenska-tinta-brother-lc985xl-lc39-yellow\/\" \/>\n<meta property=\"og:site_name\" content=\"TNT\" \/>\n<meta property=\"article:modified_time\" content=\"2024-09-17T09:52:58+00:00\" \/>\n<meta property=\"og:image\" content=\"https:\/\/tinte-toneri.hr\/wp-content\/uploads\/2023\/12\/Zamjenska-tinta-yellow-768x1024.png\" \/>\n\t<meta property=\"og:image:width\" content=\"768\" \/>\n\t<meta property=\"og:image:height\" content=\"1024\" \/>\n\t<meta property=\"og:image:type\" content=\"image\/png\" \/>\n<meta name=\"twitter:card\" content=\"summary_large_image\" \/>\n<meta name=\"twitter:label1\" content=\"Est. reading time\" \/>\n\t<meta name=\"twitter:data1\" content=\"1 minute\" \/>\n<script type=\"application\/ld+json\" class=\"yoast-schema-graph\">{\"@context\":\"https:\\\/\\\/schema.org\",\"@graph\":[{\"@type\":\"WebPage\",\"@id\":\"https:\\\/\\\/tinte-toneri.hr\\\/shop\\\/tinte\\\/zamjenske-tinte\\\/tnt-zamjenska-tinta-brother-lc985xl-lc39-yellow\\\/\",\"url\":\"https:\\\/\\\/tinte-toneri.hr\\\/shop\\\/tinte\\\/zamjenske-tinte\\\/tnt-zamjenska-tinta-brother-lc985xl-lc39-yellow\\\/\",\"name\":\"TNT zamjenska tinta Brother LC985XL \\\/ LC39 Yellow - TNT\",\"isPartOf\":{\"@id\":\"https:\\\/\\\/tinte-toneri.hr\\\/#website\"},\"primaryImageOfPage\":{\"@id\":\"https:\\\/\\\/tinte-toneri.hr\\\/shop\\\/tinte\\\/zamjenske-tinte\\\/tnt-zamjenska-tinta-brother-lc985xl-lc39-yellow\\\/#primaryimage\"},\"image\":{\"@id\":\"https:\\\/\\\/tinte-toneri.hr\\\/shop\\\/tinte\\\/zamjenske-tinte\\\/tnt-zamjenska-tinta-brother-lc985xl-lc39-yellow\\\/#primaryimage\"},\"thumbnailUrl\":\"https:\\\/\\\/tinte-toneri.hr\\\/wp-content\\\/uploads\\\/2023\\\/12\\\/Zamjenska-tinta-yellow.png\",\"datePublished\":\"2023-12-12T10:01:34+00:00\",\"dateModified\":\"2024-09-17T09:52:58+00:00\",\"description\":\"TNT zamjenska tinta Brother LC985XL \\\/ LC39 Yellow za: Brother DCP-J 125 - DCP-J 140 W - DCP-J 315 W - DCP-J 515 W - MFC-J 220 - MFC-J 265 W - MFC-J 415 W...\",\"breadcrumb\":{\"@id\":\"https:\\\/\\\/tinte-toneri.hr\\\/shop\\\/tinte\\\/zamjenske-tinte\\\/tnt-zamjenska-tinta-brother-lc985xl-lc39-yellow\\\/#breadcrumb\"},\"inLanguage\":\"en-US\",\"potentialAction\":[{\"@type\":\"ReadAction\",\"target\":[\"https:\\\/\\\/tinte-toneri.hr\\\/shop\\\/tinte\\\/zamjenske-tinte\\\/tnt-zamjenska-tinta-brother-lc985xl-lc39-yellow\\\/\"]}]},{\"@type\":\"ImageObject\",\"inLanguage\":\"en-US\",\"@id\":\"https:\\\/\\\/tinte-toneri.hr\\\/shop\\\/tinte\\\/zamjenske-tinte\\\/tnt-zamjenska-tinta-brother-lc985xl-lc39-yellow\\\/#primaryimage\",\"url\":\"https:\\\/\\\/tinte-toneri.hr\\\/wp-content\\\/uploads\\\/2023\\\/12\\\/Zamjenska-tinta-yellow.png\",\"contentUrl\":\"https:\\\/\\\/tinte-toneri.hr\\\/wp-content\\\/uploads\\\/2023\\\/12\\\/Zamjenska-tinta-yellow.png\",\"width\":3000,\"height\":4000},{\"@type\":\"BreadcrumbList\",\"@id\":\"https:\\\/\\\/tinte-toneri.hr\\\/shop\\\/tinte\\\/zamjenske-tinte\\\/tnt-zamjenska-tinta-brother-lc985xl-lc39-yellow\\\/#breadcrumb\",\"itemListElement\":[{\"@type\":\"ListItem\",\"position\":1,\"name\":\"Po\u010detna stranica\",\"item\":\"https:\\\/\\\/tinte-toneri.hr\\\/\"},{\"@type\":\"ListItem\",\"position\":2,\"name\":\"Shop\",\"item\":\"https:\\\/\\\/tinte-toneri.hr\\\/shop\\\/\"},{\"@type\":\"ListItem\",\"position\":3,\"name\":\"TNT zamjenska tinta Brother LC985XL \\\/ LC39 Yellow\"}]},{\"@type\":\"WebSite\",\"@id\":\"https:\\\/\\\/tinte-toneri.hr\\\/#website\",\"url\":\"https:\\\/\\\/tinte-toneri.hr\\\/\",\"name\":\"TNT\",\"description\":\"Tinte i toneri\",\"publisher\":{\"@id\":\"https:\\\/\\\/tinte-toneri.hr\\\/#organization\"},\"potentialAction\":[{\"@type\":\"SearchAction\",\"target\":{\"@type\":\"EntryPoint\",\"urlTemplate\":\"https:\\\/\\\/tinte-toneri.hr\\\/?s={search_term_string}\"},\"query-input\":{\"@type\":\"PropertyValueSpecification\",\"valueRequired\":true,\"valueName\":\"search_term_string\"}}],\"inLanguage\":\"en-US\"},{\"@type\":\"Organization\",\"@id\":\"https:\\\/\\\/tinte-toneri.hr\\\/#organization\",\"name\":\"TNT Global\",\"url\":\"https:\\\/\\\/tinte-toneri.hr\\\/\",\"logo\":{\"@type\":\"ImageObject\",\"inLanguage\":\"en-US\",\"@id\":\"https:\\\/\\\/tinte-toneri.hr\\\/#\\\/schema\\\/logo\\\/image\\\/\",\"url\":\"https:\\\/\\\/tinte-toneri.hr\\\/wp-content\\\/uploads\\\/2023\\\/10\\\/cropped-Logo1-removebg.png\",\"contentUrl\":\"https:\\\/\\\/tinte-toneri.hr\\\/wp-content\\\/uploads\\\/2023\\\/10\\\/cropped-Logo1-removebg.png\",\"width\":2124,\"height\":2129,\"caption\":\"TNT Global\"},\"image\":{\"@id\":\"https:\\\/\\\/tinte-toneri.hr\\\/#\\\/schema\\\/logo\\\/image\\\/\"}}]}<\/script>\n<!-- \/ Yoast SEO plugin. -->","yoast_head_json":{"title":"TNT zamjenska tinta Brother LC985XL \/ LC39 Yellow - TNT","description":"TNT zamjenska tinta Brother LC985XL \/ LC39 Yellow za: Brother DCP-J 125 - DCP-J 140 W - DCP-J 315 W - DCP-J 515 W - MFC-J 220 - MFC-J 265 W - MFC-J 415 W...","robots":{"index":"index","follow":"follow","max-snippet":"max-snippet:-1","max-image-preview":"max-image-preview:large","max-video-preview":"max-video-preview:-1"},"canonical":"https:\/\/tinte-toneri.hr\/en\/shop\/tinte\/zamjenske-tinte\/tnt-zamjenska-tinta-brother-lc985xl-lc39-yellow\/","og_locale":"en_US","og_type":"article","og_title":"TNT zamjenska tinta Brother LC985XL \/ LC39 Yellow - TNT","og_description":"TNT zamjenska tinta Brother LC985XL \/ LC39 Yellow za: Brother DCP-J 125 - DCP-J 140 W - DCP-J 315 W - DCP-J 515 W - MFC-J 220 - MFC-J 265 W - MFC-J 415 W...","og_url":"https:\/\/tinte-toneri.hr\/en\/shop\/tinte\/zamjenske-tinte\/tnt-zamjenska-tinta-brother-lc985xl-lc39-yellow\/","og_site_name":"TNT","article_modified_time":"2024-09-17T09:52:58+00:00","og_image":[{"width":768,"height":1024,"url":"https:\/\/tinte-toneri.hr\/wp-content\/uploads\/2023\/12\/Zamjenska-tinta-yellow-768x1024.png","type":"image\/png"}],"twitter_card":"summary_large_image","twitter_misc":{"Est. reading time":"1 minute"},"schema":{"@context":"https:\/\/schema.org","@graph":[{"@type":"WebPage","@id":"https:\/\/tinte-toneri.hr\/shop\/tinte\/zamjenske-tinte\/tnt-zamjenska-tinta-brother-lc985xl-lc39-yellow\/","url":"https:\/\/tinte-toneri.hr\/shop\/tinte\/zamjenske-tinte\/tnt-zamjenska-tinta-brother-lc985xl-lc39-yellow\/","name":"TNT zamjenska tinta Brother LC985XL \/ LC39 Yellow - TNT","isPartOf":{"@id":"https:\/\/tinte-toneri.hr\/#website"},"primaryImageOfPage":{"@id":"https:\/\/tinte-toneri.hr\/shop\/tinte\/zamjenske-tinte\/tnt-zamjenska-tinta-brother-lc985xl-lc39-yellow\/#primaryimage"},"image":{"@id":"https:\/\/tinte-toneri.hr\/shop\/tinte\/zamjenske-tinte\/tnt-zamjenska-tinta-brother-lc985xl-lc39-yellow\/#primaryimage"},"thumbnailUrl":"https:\/\/tinte-toneri.hr\/wp-content\/uploads\/2023\/12\/Zamjenska-tinta-yellow.png","datePublished":"2023-12-12T10:01:34+00:00","dateModified":"2024-09-17T09:52:58+00:00","description":"TNT zamjenska tinta Brother LC985XL \/ LC39 Yellow za: Brother DCP-J 125 - DCP-J 140 W - DCP-J 315 W - DCP-J 515 W - MFC-J 220 - MFC-J 265 W - MFC-J 415 W...","breadcrumb":{"@id":"https:\/\/tinte-toneri.hr\/shop\/tinte\/zamjenske-tinte\/tnt-zamjenska-tinta-brother-lc985xl-lc39-yellow\/#breadcrumb"},"inLanguage":"en-US","potentialAction":[{"@type":"ReadAction","target":["https:\/\/tinte-toneri.hr\/shop\/tinte\/zamjenske-tinte\/tnt-zamjenska-tinta-brother-lc985xl-lc39-yellow\/"]}]},{"@type":"ImageObject","inLanguage":"en-US","@id":"https:\/\/tinte-toneri.hr\/shop\/tinte\/zamjenske-tinte\/tnt-zamjenska-tinta-brother-lc985xl-lc39-yellow\/#primaryimage","url":"https:\/\/tinte-toneri.hr\/wp-content\/uploads\/2023\/12\/Zamjenska-tinta-yellow.png","contentUrl":"https:\/\/tinte-toneri.hr\/wp-content\/uploads\/2023\/12\/Zamjenska-tinta-yellow.png","width":3000,"height":4000},{"@type":"BreadcrumbList","@id":"https:\/\/tinte-toneri.hr\/shop\/tinte\/zamjenske-tinte\/tnt-zamjenska-tinta-brother-lc985xl-lc39-yellow\/#breadcrumb","itemListElement":[{"@type":"ListItem","position":1,"name":"Po\u010detna stranica","item":"https:\/\/tinte-toneri.hr\/"},{"@type":"ListItem","position":2,"name":"Shop","item":"https:\/\/tinte-toneri.hr\/shop\/"},{"@type":"ListItem","position":3,"name":"TNT zamjenska tinta Brother LC985XL \/ LC39 Yellow"}]},{"@type":"WebSite","@id":"https:\/\/tinte-toneri.hr\/#website","url":"https:\/\/tinte-toneri.hr\/","name":"TNT","description":"Tinte i toneri","publisher":{"@id":"https:\/\/tinte-toneri.hr\/#organization"},"potentialAction":[{"@type":"SearchAction","target":{"@type":"EntryPoint","urlTemplate":"https:\/\/tinte-toneri.hr\/?s={search_term_string}"},"query-input":{"@type":"PropertyValueSpecification","valueRequired":true,"valueName":"search_term_string"}}],"inLanguage":"en-US"},{"@type":"Organization","@id":"https:\/\/tinte-toneri.hr\/#organization","name":"TNT Global","url":"https:\/\/tinte-toneri.hr\/","logo":{"@type":"ImageObject","inLanguage":"en-US","@id":"https:\/\/tinte-toneri.hr\/#\/schema\/logo\/image\/","url":"https:\/\/tinte-toneri.hr\/wp-content\/uploads\/2023\/10\/cropped-Logo1-removebg.png","contentUrl":"https:\/\/tinte-toneri.hr\/wp-content\/uploads\/2023\/10\/cropped-Logo1-removebg.png","width":2124,"height":2129,"caption":"TNT Global"},"image":{"@id":"https:\/\/tinte-toneri.hr\/#\/schema\/logo\/image\/"}}]}},"jetpack_sharing_enabled":true,"_links":{"self":[{"href":"https:\/\/tinte-toneri.hr\/en\/wp-json\/wp\/v2\/product\/6335","targetHints":{"allow":["GET"]}}],"collection":[{"href":"https:\/\/tinte-toneri.hr\/en\/wp-json\/wp\/v2\/product"}],"about":[{"href":"https:\/\/tinte-toneri.hr\/en\/wp-json\/wp\/v2\/types\/product"}],"replies":[{"embeddable":true,"href":"https:\/\/tinte-toneri.hr\/en\/wp-json\/wp\/v2\/comments?post=6335"}],"wp:featuredmedia":[{"embeddable":true,"href":"https:\/\/tinte-toneri.hr\/en\/wp-json\/wp\/v2\/media\/6272"}],"wp:attachment":[{"href":"https:\/\/tinte-toneri.hr\/en\/wp-json\/wp\/v2\/media?parent=6335"}],"wp:term":[{"taxonomy":"product_brand","embeddable":true,"href":"https:\/\/tinte-toneri.hr\/en\/wp-json\/wp\/v2\/product_brand?post=6335"},{"taxonomy":"product_cat","embeddable":true,"href":"https:\/\/tinte-toneri.hr\/en\/wp-json\/wp\/v2\/product_cat?post=6335"},{"taxonomy":"product_tag","embeddable":true,"href":"https:\/\/tinte-toneri.hr\/en\/wp-json\/wp\/v2\/product_tag?post=6335"}],"curies":[{"name":"wp","href":"https:\/\/api.w.org\/{rel}","templated":true}]}}