{"id":6401,"date":"2023-12-18T11:55:02","date_gmt":"2023-12-18T11:55:02","guid":{"rendered":"https:\/\/tinte-toneri.hr\/?post_type=product&#038;p=6401"},"modified":"2024-09-17T09:52:52","modified_gmt":"2024-09-17T09:52:52","slug":"canon-crg-070-5639c002-original-toner-black","status":"publish","type":"product","link":"https:\/\/tinte-toneri.hr\/en\/shop\/toneri\/original-toneri\/canon-crg-070-5639c002-original-toner-black\/","title":{"rendered":"Canon CRG-070 (5639C002) original toner Black"},"content":{"rendered":"<p>Produ\u017eite vrijeme izme\u0111u zamjena tonera i smanjite tro\u0161kove ispisa po stranici s ovim visoko u\u010dinkovitim Canon tonerom. Ovaj toner visokog u\u010dinka omogu\u0107uje vam pove\u0107anje produktivnosti na sljede\u0107u razinu, omogu\u0107uju\u0107i ispis do 3000 stranica bez gubitka kvalitete.<\/p>\n<p>&nbsp;<\/p>\n<p>&nbsp;<\/p>\n<p>&nbsp;<\/p>\n<p>Uz originalni Canon toner, mo\u017eete u\u017eivati u prednostima vrhunske kvalitete ispisa. Svaki ispis bit \u0107e o\u0161tar, jasan i profesionalan, pru\u017eaju\u0107i vam rezultate koji se isti\u010du.<\/p>\n<p>&nbsp;<\/p>\n<p>&nbsp;<\/p>\n<p>&nbsp;<\/p>\n<p>Promjena tonera nikada nije bila jednostavnija. Jednostavna instalacija omogu\u0107uje svakom svima da lako zamijene ulo\u017eak, bez potrebe za dodatnim tehni\u010dkim znanjem. Tehnologija automatskog uklanjanja brtvi osigurava da zamjena tonera bude \u010dista i bez gnjava\u017ee, bez ikakvog nereda.<\/p>\n<p>&nbsp;<\/p>\n<p>&nbsp;<\/p>\n<p>&nbsp;<\/p>\n<p>Naru\u010divanje originalnog Canon tonera iz na\u0161eg web shopa je pouzdano i prakti\u010dno. Osiguravamo vam autenti\u010dne proizvode koji dolaze izravno od proizvo\u0111a\u010da. Iskoristite vrhunsku kvalitetu i jednostavnost zamjene tonera uz originalni Canon proizvod i unaprijedite svoje iskustvo tiska.<\/p>\n<p>&nbsp;<\/p>\n<p>&nbsp;<\/p>\n<p>Canon CRG-070 (5639C002) je kompatibilan sa:<\/p>\n<p>&nbsp;<\/p>\n<p>Canon i-SENSYS LBP-240 Series<\/p>\n<p>Canon i-SENSYS LBP-243 dw<\/p>\n<p>Canon i-SENSYS LBP-246 dw<\/p>\n<p>Canon i-SENSYS LBP-247 dw<\/p>\n<p>Canon i-SENSYS MF-460 Series<\/p>\n<p>Canon i-SENSYS MF-461 dw<\/p>\n<p>Canon i-SENSYS MF-462 dw<\/p>\n<p>Canon i-SENSYS MF-463 dw<\/p>\n<p>Canon i-SENSYS MF-465 dw<\/p>\n<p>Canon imageCLASS MF-460 Series<\/p>","protected":false},"excerpt":{"rendered":"<p>Produ\u017eite vrijeme izme\u0111u zamjena tonera i smanjite tro\u0161kove ispisa po stranici s ovim visoko u\u010dinkovitim Canon tonerom. Ovaj toner visokog u\u010dinka omogu\u0107uje vam pove\u0107anje produktivnosti na sljede\u0107u razinu, omogu\u0107uju\u0107i ispis do 3000 stranica bez gubitka kvalitete. &nbsp; &nbsp; &nbsp; Uz originalni Canon toner, mo\u017eete u\u017eivati u prednostima vrhunske kvalitete ispisa. Svaki ispis bit \u0107e o\u0161tar, [&hellip;]<\/p>\n","protected":false},"featured_media":6402,"comment_status":"open","ping_status":"closed","template":"","meta":{"om_disable_all_campaigns":false,"_monsterinsights_skip_tracking":false,"_monsterinsights_sitenote_active":false,"_monsterinsights_sitenote_note":"","_monsterinsights_sitenote_category":0,"_uf_show_specific_survey":0,"_uf_disable_surveys":false},"product_brand":[],"product_cat":[23,22],"product_tag":[],"class_list":{"0":"post-6401","1":"product","2":"type-product","3":"status-publish","4":"has-post-thumbnail","6":"product_cat-original-toneri","7":"product_cat-toneri","9":"first","10":"instock","11":"taxable","12":"shipping-taxable","13":"purchasable","14":"product-type-simple"},"aioseo_notices":[],"yoast_head":"<!-- This site is optimized with the Yoast SEO plugin v27.4 - https:\/\/yoast.com\/product\/yoast-seo-wordpress\/ -->\n<title>Canon CRG-070 (5639C002) original toner Black - TNT<\/title>\n<meta name=\"description\" content=\"Canon i-SENSYS LBP-243 dw - LBP-246 dw - LBP-247 dw - MF-461 dw - MF-462 dw - MF-463 dw - MF-465 dw - Canon imageCLASS MF-460 Series\" \/>\n<meta name=\"robots\" content=\"index, follow, max-snippet:-1, max-image-preview:large, max-video-preview:-1\" \/>\n<link rel=\"canonical\" href=\"https:\/\/tinte-toneri.hr\/en\/shop\/toneri\/original-toneri\/canon-crg-070-5639c002-original-toner-black\/\" \/>\n<meta property=\"og:locale\" content=\"en_US\" \/>\n<meta property=\"og:type\" content=\"article\" \/>\n<meta property=\"og:title\" content=\"Canon CRG-070 (5639C002) original toner Black - TNT\" \/>\n<meta property=\"og:description\" content=\"Canon i-SENSYS LBP-243 dw - LBP-246 dw - LBP-247 dw - MF-461 dw - MF-462 dw - MF-463 dw - MF-465 dw - Canon imageCLASS MF-460 Series\" \/>\n<meta property=\"og:url\" content=\"https:\/\/tinte-toneri.hr\/en\/shop\/toneri\/original-toneri\/canon-crg-070-5639c002-original-toner-black\/\" \/>\n<meta property=\"og:site_name\" content=\"TNT\" \/>\n<meta property=\"article:modified_time\" content=\"2024-09-17T09:52:52+00:00\" \/>\n<meta property=\"og:image\" content=\"https:\/\/tinte-toneri.hr\/wp-content\/uploads\/2023\/12\/Canon-CRG-070-Black.jpg\" \/>\n\t<meta property=\"og:image:width\" content=\"800\" \/>\n\t<meta property=\"og:image:height\" content=\"800\" \/>\n\t<meta property=\"og:image:type\" content=\"image\/jpeg\" \/>\n<meta name=\"twitter:card\" content=\"summary_large_image\" \/>\n<meta name=\"twitter:label1\" content=\"Est. reading time\" \/>\n\t<meta name=\"twitter:data1\" content=\"1 minute\" \/>\n<script type=\"application\/ld+json\" class=\"yoast-schema-graph\">{\"@context\":\"https:\\\/\\\/schema.org\",\"@graph\":[{\"@type\":\"WebPage\",\"@id\":\"https:\\\/\\\/tinte-toneri.hr\\\/en\\\/shop\\\/toneri\\\/original-toneri\\\/canon-crg-070-5639c002-original-toner-black\\\/\",\"url\":\"https:\\\/\\\/tinte-toneri.hr\\\/en\\\/shop\\\/toneri\\\/original-toneri\\\/canon-crg-070-5639c002-original-toner-black\\\/\",\"name\":\"Canon CRG-070 (5639C002) original toner Black - TNT\",\"isPartOf\":{\"@id\":\"https:\\\/\\\/tinte-toneri.hr\\\/#website\"},\"primaryImageOfPage\":{\"@id\":\"https:\\\/\\\/tinte-toneri.hr\\\/en\\\/shop\\\/toneri\\\/original-toneri\\\/canon-crg-070-5639c002-original-toner-black\\\/#primaryimage\"},\"image\":{\"@id\":\"https:\\\/\\\/tinte-toneri.hr\\\/en\\\/shop\\\/toneri\\\/original-toneri\\\/canon-crg-070-5639c002-original-toner-black\\\/#primaryimage\"},\"thumbnailUrl\":\"https:\\\/\\\/tinte-toneri.hr\\\/wp-content\\\/uploads\\\/2023\\\/12\\\/Canon-CRG-070-Black.jpg\",\"datePublished\":\"2023-12-18T11:55:02+00:00\",\"dateModified\":\"2024-09-17T09:52:52+00:00\",\"description\":\"Canon i-SENSYS LBP-243 dw - LBP-246 dw - LBP-247 dw - MF-461 dw - MF-462 dw - MF-463 dw - MF-465 dw - Canon imageCLASS MF-460 Series\",\"breadcrumb\":{\"@id\":\"https:\\\/\\\/tinte-toneri.hr\\\/en\\\/shop\\\/toneri\\\/original-toneri\\\/canon-crg-070-5639c002-original-toner-black\\\/#breadcrumb\"},\"inLanguage\":\"en-US\",\"potentialAction\":[{\"@type\":\"ReadAction\",\"target\":[\"https:\\\/\\\/tinte-toneri.hr\\\/en\\\/shop\\\/toneri\\\/original-toneri\\\/canon-crg-070-5639c002-original-toner-black\\\/\"]}]},{\"@type\":\"ImageObject\",\"inLanguage\":\"en-US\",\"@id\":\"https:\\\/\\\/tinte-toneri.hr\\\/en\\\/shop\\\/toneri\\\/original-toneri\\\/canon-crg-070-5639c002-original-toner-black\\\/#primaryimage\",\"url\":\"https:\\\/\\\/tinte-toneri.hr\\\/wp-content\\\/uploads\\\/2023\\\/12\\\/Canon-CRG-070-Black.jpg\",\"contentUrl\":\"https:\\\/\\\/tinte-toneri.hr\\\/wp-content\\\/uploads\\\/2023\\\/12\\\/Canon-CRG-070-Black.jpg\",\"width\":800,\"height\":800},{\"@type\":\"BreadcrumbList\",\"@id\":\"https:\\\/\\\/tinte-toneri.hr\\\/en\\\/shop\\\/toneri\\\/original-toneri\\\/canon-crg-070-5639c002-original-toner-black\\\/#breadcrumb\",\"itemListElement\":[{\"@type\":\"ListItem\",\"position\":1,\"name\":\"Po\u010detna stranica\",\"item\":\"https:\\\/\\\/tinte-toneri.hr\\\/\"},{\"@type\":\"ListItem\",\"position\":2,\"name\":\"Shop\",\"item\":\"https:\\\/\\\/tinte-toneri.hr\\\/shop\\\/\"},{\"@type\":\"ListItem\",\"position\":3,\"name\":\"Canon CRG-070 (5639C002) original toner Black\"}]},{\"@type\":\"WebSite\",\"@id\":\"https:\\\/\\\/tinte-toneri.hr\\\/#website\",\"url\":\"https:\\\/\\\/tinte-toneri.hr\\\/\",\"name\":\"TNT\",\"description\":\"Tinte i toneri\",\"publisher\":{\"@id\":\"https:\\\/\\\/tinte-toneri.hr\\\/#organization\"},\"potentialAction\":[{\"@type\":\"SearchAction\",\"target\":{\"@type\":\"EntryPoint\",\"urlTemplate\":\"https:\\\/\\\/tinte-toneri.hr\\\/?s={search_term_string}\"},\"query-input\":{\"@type\":\"PropertyValueSpecification\",\"valueRequired\":true,\"valueName\":\"search_term_string\"}}],\"inLanguage\":\"en-US\"},{\"@type\":\"Organization\",\"@id\":\"https:\\\/\\\/tinte-toneri.hr\\\/#organization\",\"name\":\"TNT Global\",\"url\":\"https:\\\/\\\/tinte-toneri.hr\\\/\",\"logo\":{\"@type\":\"ImageObject\",\"inLanguage\":\"en-US\",\"@id\":\"https:\\\/\\\/tinte-toneri.hr\\\/#\\\/schema\\\/logo\\\/image\\\/\",\"url\":\"https:\\\/\\\/tinte-toneri.hr\\\/wp-content\\\/uploads\\\/2023\\\/10\\\/cropped-Logo1-removebg.png\",\"contentUrl\":\"https:\\\/\\\/tinte-toneri.hr\\\/wp-content\\\/uploads\\\/2023\\\/10\\\/cropped-Logo1-removebg.png\",\"width\":2124,\"height\":2129,\"caption\":\"TNT Global\"},\"image\":{\"@id\":\"https:\\\/\\\/tinte-toneri.hr\\\/#\\\/schema\\\/logo\\\/image\\\/\"}}]}<\/script>\n<!-- \/ Yoast SEO plugin. -->","yoast_head_json":{"title":"Canon CRG-070 (5639C002) original toner Black - TNT","description":"Canon i-SENSYS LBP-243 dw - LBP-246 dw - LBP-247 dw - MF-461 dw - MF-462 dw - MF-463 dw - MF-465 dw - Canon imageCLASS MF-460 Series","robots":{"index":"index","follow":"follow","max-snippet":"max-snippet:-1","max-image-preview":"max-image-preview:large","max-video-preview":"max-video-preview:-1"},"canonical":"https:\/\/tinte-toneri.hr\/en\/shop\/toneri\/original-toneri\/canon-crg-070-5639c002-original-toner-black\/","og_locale":"en_US","og_type":"article","og_title":"Canon CRG-070 (5639C002) original toner Black - TNT","og_description":"Canon i-SENSYS LBP-243 dw - LBP-246 dw - LBP-247 dw - MF-461 dw - MF-462 dw - MF-463 dw - MF-465 dw - Canon imageCLASS MF-460 Series","og_url":"https:\/\/tinte-toneri.hr\/en\/shop\/toneri\/original-toneri\/canon-crg-070-5639c002-original-toner-black\/","og_site_name":"TNT","article_modified_time":"2024-09-17T09:52:52+00:00","og_image":[{"width":800,"height":800,"url":"https:\/\/tinte-toneri.hr\/wp-content\/uploads\/2023\/12\/Canon-CRG-070-Black.jpg","type":"image\/jpeg"}],"twitter_card":"summary_large_image","twitter_misc":{"Est. reading time":"1 minute"},"schema":{"@context":"https:\/\/schema.org","@graph":[{"@type":"WebPage","@id":"https:\/\/tinte-toneri.hr\/en\/shop\/toneri\/original-toneri\/canon-crg-070-5639c002-original-toner-black\/","url":"https:\/\/tinte-toneri.hr\/en\/shop\/toneri\/original-toneri\/canon-crg-070-5639c002-original-toner-black\/","name":"Canon CRG-070 (5639C002) original toner Black - TNT","isPartOf":{"@id":"https:\/\/tinte-toneri.hr\/#website"},"primaryImageOfPage":{"@id":"https:\/\/tinte-toneri.hr\/en\/shop\/toneri\/original-toneri\/canon-crg-070-5639c002-original-toner-black\/#primaryimage"},"image":{"@id":"https:\/\/tinte-toneri.hr\/en\/shop\/toneri\/original-toneri\/canon-crg-070-5639c002-original-toner-black\/#primaryimage"},"thumbnailUrl":"https:\/\/tinte-toneri.hr\/wp-content\/uploads\/2023\/12\/Canon-CRG-070-Black.jpg","datePublished":"2023-12-18T11:55:02+00:00","dateModified":"2024-09-17T09:52:52+00:00","description":"Canon i-SENSYS LBP-243 dw - LBP-246 dw - LBP-247 dw - MF-461 dw - MF-462 dw - MF-463 dw - MF-465 dw - Canon imageCLASS MF-460 Series","breadcrumb":{"@id":"https:\/\/tinte-toneri.hr\/en\/shop\/toneri\/original-toneri\/canon-crg-070-5639c002-original-toner-black\/#breadcrumb"},"inLanguage":"en-US","potentialAction":[{"@type":"ReadAction","target":["https:\/\/tinte-toneri.hr\/en\/shop\/toneri\/original-toneri\/canon-crg-070-5639c002-original-toner-black\/"]}]},{"@type":"ImageObject","inLanguage":"en-US","@id":"https:\/\/tinte-toneri.hr\/en\/shop\/toneri\/original-toneri\/canon-crg-070-5639c002-original-toner-black\/#primaryimage","url":"https:\/\/tinte-toneri.hr\/wp-content\/uploads\/2023\/12\/Canon-CRG-070-Black.jpg","contentUrl":"https:\/\/tinte-toneri.hr\/wp-content\/uploads\/2023\/12\/Canon-CRG-070-Black.jpg","width":800,"height":800},{"@type":"BreadcrumbList","@id":"https:\/\/tinte-toneri.hr\/en\/shop\/toneri\/original-toneri\/canon-crg-070-5639c002-original-toner-black\/#breadcrumb","itemListElement":[{"@type":"ListItem","position":1,"name":"Po\u010detna stranica","item":"https:\/\/tinte-toneri.hr\/"},{"@type":"ListItem","position":2,"name":"Shop","item":"https:\/\/tinte-toneri.hr\/shop\/"},{"@type":"ListItem","position":3,"name":"Canon CRG-070 (5639C002) original toner Black"}]},{"@type":"WebSite","@id":"https:\/\/tinte-toneri.hr\/#website","url":"https:\/\/tinte-toneri.hr\/","name":"TNT","description":"Tinte i toneri","publisher":{"@id":"https:\/\/tinte-toneri.hr\/#organization"},"potentialAction":[{"@type":"SearchAction","target":{"@type":"EntryPoint","urlTemplate":"https:\/\/tinte-toneri.hr\/?s={search_term_string}"},"query-input":{"@type":"PropertyValueSpecification","valueRequired":true,"valueName":"search_term_string"}}],"inLanguage":"en-US"},{"@type":"Organization","@id":"https:\/\/tinte-toneri.hr\/#organization","name":"TNT Global","url":"https:\/\/tinte-toneri.hr\/","logo":{"@type":"ImageObject","inLanguage":"en-US","@id":"https:\/\/tinte-toneri.hr\/#\/schema\/logo\/image\/","url":"https:\/\/tinte-toneri.hr\/wp-content\/uploads\/2023\/10\/cropped-Logo1-removebg.png","contentUrl":"https:\/\/tinte-toneri.hr\/wp-content\/uploads\/2023\/10\/cropped-Logo1-removebg.png","width":2124,"height":2129,"caption":"TNT Global"},"image":{"@id":"https:\/\/tinte-toneri.hr\/#\/schema\/logo\/image\/"}}]}},"jetpack_sharing_enabled":true,"_links":{"self":[{"href":"https:\/\/tinte-toneri.hr\/en\/wp-json\/wp\/v2\/product\/6401","targetHints":{"allow":["GET"]}}],"collection":[{"href":"https:\/\/tinte-toneri.hr\/en\/wp-json\/wp\/v2\/product"}],"about":[{"href":"https:\/\/tinte-toneri.hr\/en\/wp-json\/wp\/v2\/types\/product"}],"replies":[{"embeddable":true,"href":"https:\/\/tinte-toneri.hr\/en\/wp-json\/wp\/v2\/comments?post=6401"}],"wp:featuredmedia":[{"embeddable":true,"href":"https:\/\/tinte-toneri.hr\/en\/wp-json\/wp\/v2\/media\/6402"}],"wp:attachment":[{"href":"https:\/\/tinte-toneri.hr\/en\/wp-json\/wp\/v2\/media?parent=6401"}],"wp:term":[{"taxonomy":"product_brand","embeddable":true,"href":"https:\/\/tinte-toneri.hr\/en\/wp-json\/wp\/v2\/product_brand?post=6401"},{"taxonomy":"product_cat","embeddable":true,"href":"https:\/\/tinte-toneri.hr\/en\/wp-json\/wp\/v2\/product_cat?post=6401"},{"taxonomy":"product_tag","embeddable":true,"href":"https:\/\/tinte-toneri.hr\/en\/wp-json\/wp\/v2\/product_tag?post=6401"}],"curies":[{"name":"wp","href":"https:\/\/api.w.org\/{rel}","templated":true}]}}