{"id":6461,"date":"2023-12-26T15:24:45","date_gmt":"2023-12-26T15:24:45","guid":{"rendered":"https:\/\/tinte-toneri.hr\/?post_type=product&#038;p=6461"},"modified":"2024-09-17T09:52:47","modified_gmt":"2024-09-17T09:52:47","slug":"original-toner-brother-tn-1030","status":"publish","type":"product","link":"https:\/\/tinte-toneri.hr\/en\/shop\/toneri\/original-toneri\/original-toner-brother-tn-1030\/","title":{"rendered":"Brother TN-1030 original toner"},"content":{"rendered":"<p>Transformirajte svoje ispisno iskustvo uz originalni Brother TN-1030 toner, dizajniran s posebnom pa\u017enjom kako bi postigao vrhunske profesionalne rezultate. Ovaj toner, u potpunosti uskla\u0111en s visokim ISO standardima, ne samo da garantira izuzetnu kvalitetu ispisa ve\u0107 i aktivno doprinosi smanjenju potro\u0161nje energije, promi\u010du\u0107i pritom ekolo\u0161ki osvije\u0161ten pristup.<\/p>\n<p>&nbsp;<\/p>\n<p>&nbsp;<\/p>\n<p>Originalni Brother TN-1030 toner pro\u0161ao je kroz stroga ispitivanja kvalitete i neprestani razvoj kako bi konzistentno isporu\u010divao vrhunsku kvalitetu ispisa i nazna\u010denu koli\u010dinu stranica. Sve faze testiranja provode se u skladu s ISO 11798 standardima, \u0161to zna\u010di da ispisi ostaju postojani tijekom vremena, otporni su na vodu i svjetlo te ispunjavaju najvi\u0161e standarde kvalitete.<\/p>\n<p>&nbsp;<\/p>\n<p>&nbsp;<\/p>\n<p>S in\u017eenjerskim savr\u0161enstvom i strogom kontrolom kvalitete, Brother TN-1030 toner pru\u017ea dosljednost u performansama, \u010dine\u0107i ga optimalnim izborom za poslovne dokumente, prezentacije i svakodnevne ispisne potrebe. Bez obzira jeste li u uredu ili kod ku\u0107e, ovaj toner omogu\u0107uje visokokvalitetne ispise koji \u0107e zadovoljiti va\u0161e profesionalne standarde.<\/p>\n<p>&nbsp;<\/p>\n<p>&nbsp;<\/p>\n<p>Odaberite originalni Brother TN-1030 toner za maksimalne rezultate i dugotrajnu izvedbu. Osim \u0161to \u0107e istaknuti kvalitetu va\u0161ih ispisa, ovaj toner podr\u017eava odgovorno kori\u0161tenje resursa, pridonose\u0107i o\u010duvanju okoli\u0161a. Nastavite s pouzdanim Brother TN-1030 tonerom i do\u017eivite vrhunsku kvalitetu ispisa na \u0161irokom rasponu Brother ure\u0111aja.<\/p>\n<p>&nbsp;<\/p>\n<p>&nbsp;<\/p>\n<p>Proizvod sigurno radi u:<\/p>\n<p>Brother DCP-1510<br \/>\nBrother DCP-1510 E<br \/>\nBrother DCP-1512<br \/>\nBrother DCP-1512 A<br \/>\nBrother DCP-1512 E<br \/>\nBrother DCP-1512 Series<br \/>\nBrother DCP-1610 Series<br \/>\nBrother DCP-1610 W<br \/>\nBrother DCP-1610 WE<br \/>\nBrother DCP-1610 WVB<br \/>\nBrother DCP-1612 W<br \/>\nBrother DCP-1612 WVB<br \/>\nBrother DCP-1616 NW<br \/>\nBrother DCP-1617 NW<\/p>\n<p>Brother HL-1110<br \/>\nBrother HL-1110 E<br \/>\nBrother HL-1110 R<br \/>\nBrother HL-1110 Series<br \/>\nBrother HL-1112<br \/>\nBrother HL-1112 A<br \/>\nBrother HL-1112 Series<br \/>\nBrother HL-1201<br \/>\nBrother HL-1210 W<br \/>\nBrother HL-1211 W<br \/>\nBrother HL-1212 W<br \/>\nBrother HL-1212 WVB<\/p>\n<p>Brother MFC-1810<br \/>\nBrother MFC-1810 E<br \/>\nBrother MFC-1815<br \/>\nBrother MFC-1910 W<br \/>\nBrother MFC-1911 NW<\/p>","protected":false},"excerpt":{"rendered":"<p>Transformirajte svoje ispisno iskustvo uz originalni Brother TN-1030 toner, dizajniran s posebnom pa\u017enjom kako bi postigao vrhunske profesionalne rezultate. Ovaj toner, u potpunosti uskla\u0111en s visokim ISO standardima, ne samo da garantira izuzetnu kvalitetu ispisa ve\u0107 i aktivno doprinosi smanjenju potro\u0161nje energije, promi\u010du\u0107i pritom ekolo\u0161ki osvije\u0161ten pristup. &nbsp; &nbsp; Originalni Brother TN-1030 toner pro\u0161ao je [&hellip;]<\/p>\n","protected":false},"featured_media":6462,"comment_status":"open","ping_status":"closed","template":"","meta":{"om_disable_all_campaigns":false,"_monsterinsights_skip_tracking":false,"_monsterinsights_sitenote_active":false,"_monsterinsights_sitenote_note":"","_monsterinsights_sitenote_category":0,"_uf_show_specific_survey":0,"_uf_disable_surveys":false},"product_brand":[],"product_cat":[23,22],"product_tag":[],"class_list":{"0":"post-6461","1":"product","2":"type-product","3":"status-publish","4":"has-post-thumbnail","6":"product_cat-original-toneri","7":"product_cat-toneri","9":"first","10":"instock","11":"taxable","12":"shipping-taxable","13":"purchasable","14":"product-type-simple"},"aioseo_notices":[],"yoast_head":"<!-- This site is optimized with the Yoast SEO plugin v27.4 - https:\/\/yoast.com\/product\/yoast-seo-wordpress\/ -->\n<title>Brother TN-1030 original toner - TNT<\/title>\n<meta name=\"description\" content=\"Original toner Brother TN-1030 za Brother DCP-1512 Series - Brother DCP-1610 Series - Brother HL-1110 Series - Brother HL-1112 Series ...\" \/>\n<meta name=\"robots\" content=\"index, follow, max-snippet:-1, max-image-preview:large, max-video-preview:-1\" \/>\n<link rel=\"canonical\" href=\"https:\/\/tinte-toneri.hr\/en\/shop\/toneri\/original-toneri\/original-toner-brother-tn-1030\/\" \/>\n<meta property=\"og:locale\" content=\"en_US\" \/>\n<meta property=\"og:type\" content=\"article\" \/>\n<meta property=\"og:title\" content=\"Brother TN-1030 original toner - TNT\" \/>\n<meta property=\"og:description\" content=\"Original toner Brother TN-1030 za Brother DCP-1512 Series - Brother DCP-1610 Series - Brother HL-1110 Series - Brother HL-1112 Series ...\" \/>\n<meta property=\"og:url\" content=\"https:\/\/tinte-toneri.hr\/en\/shop\/toneri\/original-toneri\/original-toner-brother-tn-1030\/\" \/>\n<meta property=\"og:site_name\" content=\"TNT\" \/>\n<meta property=\"article:modified_time\" content=\"2024-09-17T09:52:47+00:00\" \/>\n<meta property=\"og:image\" content=\"https:\/\/tinte-toneri.hr\/wp-content\/uploads\/2023\/12\/Original-toner-Brother-TN-1030.jpg\" \/>\n\t<meta property=\"og:image:width\" content=\"540\" \/>\n\t<meta property=\"og:image:height\" content=\"399\" \/>\n\t<meta property=\"og:image:type\" content=\"image\/jpeg\" \/>\n<meta name=\"twitter:card\" content=\"summary_large_image\" \/>\n<meta name=\"twitter:label1\" content=\"Est. reading time\" \/>\n\t<meta name=\"twitter:data1\" content=\"2 minutes\" \/>\n<script type=\"application\/ld+json\" class=\"yoast-schema-graph\">{\"@context\":\"https:\\\/\\\/schema.org\",\"@graph\":[{\"@type\":\"WebPage\",\"@id\":\"https:\\\/\\\/tinte-toneri.hr\\\/en\\\/shop\\\/toneri\\\/original-toneri\\\/original-toner-brother-tn-1030\\\/\",\"url\":\"https:\\\/\\\/tinte-toneri.hr\\\/en\\\/shop\\\/toneri\\\/original-toneri\\\/original-toner-brother-tn-1030\\\/\",\"name\":\"Brother TN-1030 original toner - TNT\",\"isPartOf\":{\"@id\":\"https:\\\/\\\/tinte-toneri.hr\\\/#website\"},\"primaryImageOfPage\":{\"@id\":\"https:\\\/\\\/tinte-toneri.hr\\\/en\\\/shop\\\/toneri\\\/original-toneri\\\/original-toner-brother-tn-1030\\\/#primaryimage\"},\"image\":{\"@id\":\"https:\\\/\\\/tinte-toneri.hr\\\/en\\\/shop\\\/toneri\\\/original-toneri\\\/original-toner-brother-tn-1030\\\/#primaryimage\"},\"thumbnailUrl\":\"https:\\\/\\\/tinte-toneri.hr\\\/wp-content\\\/uploads\\\/2023\\\/12\\\/Original-toner-Brother-TN-1030.jpg\",\"datePublished\":\"2023-12-26T15:24:45+00:00\",\"dateModified\":\"2024-09-17T09:52:47+00:00\",\"description\":\"Original toner Brother TN-1030 za Brother DCP-1512 Series - Brother DCP-1610 Series - Brother HL-1110 Series - Brother HL-1112 Series ...\",\"breadcrumb\":{\"@id\":\"https:\\\/\\\/tinte-toneri.hr\\\/en\\\/shop\\\/toneri\\\/original-toneri\\\/original-toner-brother-tn-1030\\\/#breadcrumb\"},\"inLanguage\":\"en-US\",\"potentialAction\":[{\"@type\":\"ReadAction\",\"target\":[\"https:\\\/\\\/tinte-toneri.hr\\\/en\\\/shop\\\/toneri\\\/original-toneri\\\/original-toner-brother-tn-1030\\\/\"]}]},{\"@type\":\"ImageObject\",\"inLanguage\":\"en-US\",\"@id\":\"https:\\\/\\\/tinte-toneri.hr\\\/en\\\/shop\\\/toneri\\\/original-toneri\\\/original-toner-brother-tn-1030\\\/#primaryimage\",\"url\":\"https:\\\/\\\/tinte-toneri.hr\\\/wp-content\\\/uploads\\\/2023\\\/12\\\/Original-toner-Brother-TN-1030.jpg\",\"contentUrl\":\"https:\\\/\\\/tinte-toneri.hr\\\/wp-content\\\/uploads\\\/2023\\\/12\\\/Original-toner-Brother-TN-1030.jpg\",\"width\":540,\"height\":399},{\"@type\":\"BreadcrumbList\",\"@id\":\"https:\\\/\\\/tinte-toneri.hr\\\/en\\\/shop\\\/toneri\\\/original-toneri\\\/original-toner-brother-tn-1030\\\/#breadcrumb\",\"itemListElement\":[{\"@type\":\"ListItem\",\"position\":1,\"name\":\"Po\u010detna stranica\",\"item\":\"https:\\\/\\\/tinte-toneri.hr\\\/\"},{\"@type\":\"ListItem\",\"position\":2,\"name\":\"Shop\",\"item\":\"https:\\\/\\\/tinte-toneri.hr\\\/shop\\\/\"},{\"@type\":\"ListItem\",\"position\":3,\"name\":\"Brother TN-1030 original toner\"}]},{\"@type\":\"WebSite\",\"@id\":\"https:\\\/\\\/tinte-toneri.hr\\\/#website\",\"url\":\"https:\\\/\\\/tinte-toneri.hr\\\/\",\"name\":\"TNT\",\"description\":\"Tinte i toneri\",\"publisher\":{\"@id\":\"https:\\\/\\\/tinte-toneri.hr\\\/#organization\"},\"potentialAction\":[{\"@type\":\"SearchAction\",\"target\":{\"@type\":\"EntryPoint\",\"urlTemplate\":\"https:\\\/\\\/tinte-toneri.hr\\\/?s={search_term_string}\"},\"query-input\":{\"@type\":\"PropertyValueSpecification\",\"valueRequired\":true,\"valueName\":\"search_term_string\"}}],\"inLanguage\":\"en-US\"},{\"@type\":\"Organization\",\"@id\":\"https:\\\/\\\/tinte-toneri.hr\\\/#organization\",\"name\":\"TNT Global\",\"url\":\"https:\\\/\\\/tinte-toneri.hr\\\/\",\"logo\":{\"@type\":\"ImageObject\",\"inLanguage\":\"en-US\",\"@id\":\"https:\\\/\\\/tinte-toneri.hr\\\/#\\\/schema\\\/logo\\\/image\\\/\",\"url\":\"https:\\\/\\\/tinte-toneri.hr\\\/wp-content\\\/uploads\\\/2023\\\/10\\\/cropped-Logo1-removebg.png\",\"contentUrl\":\"https:\\\/\\\/tinte-toneri.hr\\\/wp-content\\\/uploads\\\/2023\\\/10\\\/cropped-Logo1-removebg.png\",\"width\":2124,\"height\":2129,\"caption\":\"TNT Global\"},\"image\":{\"@id\":\"https:\\\/\\\/tinte-toneri.hr\\\/#\\\/schema\\\/logo\\\/image\\\/\"}}]}<\/script>\n<!-- \/ Yoast SEO plugin. -->","yoast_head_json":{"title":"Brother TN-1030 original toner - TNT","description":"Original toner Brother TN-1030 za Brother DCP-1512 Series - Brother DCP-1610 Series - Brother HL-1110 Series - Brother HL-1112 Series ...","robots":{"index":"index","follow":"follow","max-snippet":"max-snippet:-1","max-image-preview":"max-image-preview:large","max-video-preview":"max-video-preview:-1"},"canonical":"https:\/\/tinte-toneri.hr\/en\/shop\/toneri\/original-toneri\/original-toner-brother-tn-1030\/","og_locale":"en_US","og_type":"article","og_title":"Brother TN-1030 original toner - TNT","og_description":"Original toner Brother TN-1030 za Brother DCP-1512 Series - Brother DCP-1610 Series - Brother HL-1110 Series - Brother HL-1112 Series ...","og_url":"https:\/\/tinte-toneri.hr\/en\/shop\/toneri\/original-toneri\/original-toner-brother-tn-1030\/","og_site_name":"TNT","article_modified_time":"2024-09-17T09:52:47+00:00","og_image":[{"width":540,"height":399,"url":"https:\/\/tinte-toneri.hr\/wp-content\/uploads\/2023\/12\/Original-toner-Brother-TN-1030.jpg","type":"image\/jpeg"}],"twitter_card":"summary_large_image","twitter_misc":{"Est. reading time":"2 minutes"},"schema":{"@context":"https:\/\/schema.org","@graph":[{"@type":"WebPage","@id":"https:\/\/tinte-toneri.hr\/en\/shop\/toneri\/original-toneri\/original-toner-brother-tn-1030\/","url":"https:\/\/tinte-toneri.hr\/en\/shop\/toneri\/original-toneri\/original-toner-brother-tn-1030\/","name":"Brother TN-1030 original toner - TNT","isPartOf":{"@id":"https:\/\/tinte-toneri.hr\/#website"},"primaryImageOfPage":{"@id":"https:\/\/tinte-toneri.hr\/en\/shop\/toneri\/original-toneri\/original-toner-brother-tn-1030\/#primaryimage"},"image":{"@id":"https:\/\/tinte-toneri.hr\/en\/shop\/toneri\/original-toneri\/original-toner-brother-tn-1030\/#primaryimage"},"thumbnailUrl":"https:\/\/tinte-toneri.hr\/wp-content\/uploads\/2023\/12\/Original-toner-Brother-TN-1030.jpg","datePublished":"2023-12-26T15:24:45+00:00","dateModified":"2024-09-17T09:52:47+00:00","description":"Original toner Brother TN-1030 za Brother DCP-1512 Series - Brother DCP-1610 Series - Brother HL-1110 Series - Brother HL-1112 Series ...","breadcrumb":{"@id":"https:\/\/tinte-toneri.hr\/en\/shop\/toneri\/original-toneri\/original-toner-brother-tn-1030\/#breadcrumb"},"inLanguage":"en-US","potentialAction":[{"@type":"ReadAction","target":["https:\/\/tinte-toneri.hr\/en\/shop\/toneri\/original-toneri\/original-toner-brother-tn-1030\/"]}]},{"@type":"ImageObject","inLanguage":"en-US","@id":"https:\/\/tinte-toneri.hr\/en\/shop\/toneri\/original-toneri\/original-toner-brother-tn-1030\/#primaryimage","url":"https:\/\/tinte-toneri.hr\/wp-content\/uploads\/2023\/12\/Original-toner-Brother-TN-1030.jpg","contentUrl":"https:\/\/tinte-toneri.hr\/wp-content\/uploads\/2023\/12\/Original-toner-Brother-TN-1030.jpg","width":540,"height":399},{"@type":"BreadcrumbList","@id":"https:\/\/tinte-toneri.hr\/en\/shop\/toneri\/original-toneri\/original-toner-brother-tn-1030\/#breadcrumb","itemListElement":[{"@type":"ListItem","position":1,"name":"Po\u010detna stranica","item":"https:\/\/tinte-toneri.hr\/"},{"@type":"ListItem","position":2,"name":"Shop","item":"https:\/\/tinte-toneri.hr\/shop\/"},{"@type":"ListItem","position":3,"name":"Brother TN-1030 original toner"}]},{"@type":"WebSite","@id":"https:\/\/tinte-toneri.hr\/#website","url":"https:\/\/tinte-toneri.hr\/","name":"TNT","description":"Tinte i toneri","publisher":{"@id":"https:\/\/tinte-toneri.hr\/#organization"},"potentialAction":[{"@type":"SearchAction","target":{"@type":"EntryPoint","urlTemplate":"https:\/\/tinte-toneri.hr\/?s={search_term_string}"},"query-input":{"@type":"PropertyValueSpecification","valueRequired":true,"valueName":"search_term_string"}}],"inLanguage":"en-US"},{"@type":"Organization","@id":"https:\/\/tinte-toneri.hr\/#organization","name":"TNT Global","url":"https:\/\/tinte-toneri.hr\/","logo":{"@type":"ImageObject","inLanguage":"en-US","@id":"https:\/\/tinte-toneri.hr\/#\/schema\/logo\/image\/","url":"https:\/\/tinte-toneri.hr\/wp-content\/uploads\/2023\/10\/cropped-Logo1-removebg.png","contentUrl":"https:\/\/tinte-toneri.hr\/wp-content\/uploads\/2023\/10\/cropped-Logo1-removebg.png","width":2124,"height":2129,"caption":"TNT Global"},"image":{"@id":"https:\/\/tinte-toneri.hr\/#\/schema\/logo\/image\/"}}]}},"jetpack_sharing_enabled":true,"_links":{"self":[{"href":"https:\/\/tinte-toneri.hr\/en\/wp-json\/wp\/v2\/product\/6461","targetHints":{"allow":["GET"]}}],"collection":[{"href":"https:\/\/tinte-toneri.hr\/en\/wp-json\/wp\/v2\/product"}],"about":[{"href":"https:\/\/tinte-toneri.hr\/en\/wp-json\/wp\/v2\/types\/product"}],"replies":[{"embeddable":true,"href":"https:\/\/tinte-toneri.hr\/en\/wp-json\/wp\/v2\/comments?post=6461"}],"wp:featuredmedia":[{"embeddable":true,"href":"https:\/\/tinte-toneri.hr\/en\/wp-json\/wp\/v2\/media\/6462"}],"wp:attachment":[{"href":"https:\/\/tinte-toneri.hr\/en\/wp-json\/wp\/v2\/media?parent=6461"}],"wp:term":[{"taxonomy":"product_brand","embeddable":true,"href":"https:\/\/tinte-toneri.hr\/en\/wp-json\/wp\/v2\/product_brand?post=6461"},{"taxonomy":"product_cat","embeddable":true,"href":"https:\/\/tinte-toneri.hr\/en\/wp-json\/wp\/v2\/product_cat?post=6461"},{"taxonomy":"product_tag","embeddable":true,"href":"https:\/\/tinte-toneri.hr\/en\/wp-json\/wp\/v2\/product_tag?post=6461"}],"curies":[{"name":"wp","href":"https:\/\/api.w.org\/{rel}","templated":true}]}}