{"id":6495,"date":"2023-12-27T12:03:53","date_gmt":"2023-12-27T12:03:53","guid":{"rendered":"https:\/\/tinte-toneri.hr\/?post_type=product&#038;p=6495"},"modified":"2024-09-17T09:52:44","modified_gmt":"2024-09-17T09:52:44","slug":"obnovljeni-original-toner-hp-cf259a-black","status":"publish","type":"product","link":"https:\/\/tinte-toneri.hr\/en\/shop\/toneri\/obnovljeni-toneri\/obnovljeni-original-toner-hp-cf259a-black\/","title":{"rendered":"Obnovljeni original toner HP CF259A Black"},"content":{"rendered":"<p>Obnovljeni original toner HP CF259A<span style=\"color: red;\">\u00a0<\/span>pa\u017eljivo je proizveden kako bi pru\u017eio pouzdane performanse i besprijekornu kompatibilnost s va\u0161im printerom. Formula visoke kvalitete osigurava \u010dist i o\u0161tar ispis, bez mrlja ili nepravilnosti. Osim \u0161to \u0107ete dobiti vrhunsku kvalitetu ispisa, tako\u0111er \u0107ete u\u0161tedjeti na tro\u0161kovima ispisa, jer obnovljeni original toneri pru\u017eaju izvrsnu vrijednost za novac, bez kompromisa na kvaliteti.<\/p>\n<p>&nbsp;<\/p>\n<p>&nbsp;<\/p>\n<p>Toner jam\u010di izvanredne rezultate ispisa za oko 3000<span style=\"color: red;\">\u00a0<\/span>stranica.<\/p>\n<p>&nbsp;<\/p>\n<p>&nbsp;<\/p>\n<p>Naru\u010divanje obnovljenog originalnog tonera HP CF259A<span style=\"color: red;\">\u00a0<\/span>iz na\u0161eg web shopa jam\u010di izvrsnu kvalitetu tiska, dugotrajnost va\u0161eg pisa\u010da te pozitivan utjecaj na okoli\u0161. Obratite se nama danas i iskusite prednosti vrhunskih HP proizvoda u kategoriji obnovljenih originalnih tonera.<\/p>\n<p>&nbsp;<\/p>\n<p>&nbsp;<\/p>\n<p>Obnovljeni original toner HP CF259A Black je kompatibilan sa:<\/p>\n<p>&nbsp;<\/p>\n<p>&nbsp;<\/p>\n<p>HP LaserJet Enterprise M 406 dn<\/p>\n<p>HP LaserJet Enterprise M 407 dn<\/p>\n<p>HP LaserJet Enterprise M 430 f<\/p>\n<p>HP LaserJet Pro M 304 a<\/p>\n<p>HP LaserJet Pro M 305 d<\/p>\n<p>HP LaserJet Pro M 305 dn<\/p>\n<p>HP LaserJet Pro M 404 d<\/p>\n<p>HP LaserJet Pro M 404 dn<\/p>\n<p>HP LaserJet Pro M 404 dw<\/p>\n<p>HP LaserJet Pro M 404 n<\/p>\n<p>HP LaserJet Pro M 405 d<\/p>\n<p>HP LaserJet Pro M 405 dn<\/p>\n<p>HP LaserJet Pro M 405 dw<\/p>\n<p>HP LaserJet Pro M 405 n<\/p>\n<p>HP LaserJet Pro MFP M 329 dn<\/p>\n<p>HP LaserJet Pro MFP M 329 dw<\/p>\n<p>HP LaserJet Pro MFP M 428 dw<\/p>\n<p>HP LaserJet Pro MFP M 428 fdn<\/p>\n<p>HP LaserJet Pro MFP M 428 fdw<\/p>\n<p>HP LaserJet Pro MFP M 428 m<\/p>\n<p>HP LaserJet Pro MFP M 429 dw<\/p>\n<p>HP LaserJet Pro MFP M 429 fdn<\/p>\n<p>HP LaserJet Pro MFP M 429 fdw<\/p>","protected":false},"excerpt":{"rendered":"<p>Obnovljeni original toner HP CF259A\u00a0pa\u017eljivo je proizveden kako bi pru\u017eio pouzdane performanse i besprijekornu kompatibilnost s va\u0161im printerom. Formula visoke kvalitete osigurava \u010dist i o\u0161tar ispis, bez mrlja ili nepravilnosti. Osim \u0161to \u0107ete dobiti vrhunsku kvalitetu ispisa, tako\u0111er \u0107ete u\u0161tedjeti na tro\u0161kovima ispisa, jer obnovljeni original toneri pru\u017eaju izvrsnu vrijednost za novac, bez kompromisa na [&hellip;]<\/p>\n","protected":false},"featured_media":6264,"comment_status":"open","ping_status":"closed","template":"","meta":{"om_disable_all_campaigns":false,"_monsterinsights_skip_tracking":false,"_monsterinsights_sitenote_active":false,"_monsterinsights_sitenote_note":"","_monsterinsights_sitenote_category":0,"_uf_show_specific_survey":0,"_uf_disable_surveys":false},"product_brand":[],"product_cat":[25,22],"product_tag":[],"class_list":{"0":"post-6495","1":"product","2":"type-product","3":"status-publish","4":"has-post-thumbnail","6":"product_cat-obnovljeni-toneri","7":"product_cat-toneri","9":"first","10":"instock","11":"taxable","12":"shipping-taxable","13":"purchasable","14":"product-type-simple"},"aioseo_notices":[],"jetpack_sharing_enabled":true,"_links":{"self":[{"href":"https:\/\/tinte-toneri.hr\/en\/wp-json\/wp\/v2\/product\/6495","targetHints":{"allow":["GET"]}}],"collection":[{"href":"https:\/\/tinte-toneri.hr\/en\/wp-json\/wp\/v2\/product"}],"about":[{"href":"https:\/\/tinte-toneri.hr\/en\/wp-json\/wp\/v2\/types\/product"}],"replies":[{"embeddable":true,"href":"https:\/\/tinte-toneri.hr\/en\/wp-json\/wp\/v2\/comments?post=6495"}],"wp:featuredmedia":[{"embeddable":true,"href":"https:\/\/tinte-toneri.hr\/en\/wp-json\/wp\/v2\/media\/6264"}],"wp:attachment":[{"href":"https:\/\/tinte-toneri.hr\/en\/wp-json\/wp\/v2\/media?parent=6495"}],"wp:term":[{"taxonomy":"product_brand","embeddable":true,"href":"https:\/\/tinte-toneri.hr\/en\/wp-json\/wp\/v2\/product_brand?post=6495"},{"taxonomy":"product_cat","embeddable":true,"href":"https:\/\/tinte-toneri.hr\/en\/wp-json\/wp\/v2\/product_cat?post=6495"},{"taxonomy":"product_tag","embeddable":true,"href":"https:\/\/tinte-toneri.hr\/en\/wp-json\/wp\/v2\/product_tag?post=6495"}],"curies":[{"name":"wp","href":"https:\/\/api.w.org\/{rel}","templated":true}]}}