{"id":6555,"date":"2024-01-01T09:04:53","date_gmt":"2024-01-01T09:04:53","guid":{"rendered":"https:\/\/tinte-toneri.hr\/?post_type=product&#038;p=6555"},"modified":"2024-09-17T09:52:41","modified_gmt":"2024-09-17T09:52:41","slug":"original-toner-brother-tn-1090-black","status":"publish","type":"product","link":"https:\/\/tinte-toneri.hr\/en\/shop\/toneri\/original-toneri\/original-toner-brother-tn-1090-black\/","title":{"rendered":"Original toner Brother TN-1090 Black"},"content":{"rendered":"<div class=\"elementor-element elementor-element-40973e9 elementor-widget elementor-widget-woocommerce-product-content\" data-id=\"40973e9\" data-element_type=\"widget\" data-widget_type=\"woocommerce-product-content.default\">\n<div class=\"elementor-widget-container\">\n<div class=\"markdown prose w-full break-words dark:prose-invert light\">\n<p>Transformirajte svoje ispisno iskustvo uz originalni Brother TN-1090 toner, dizajniran s posebnom pa\u017enjom kako bi postigao vrhunske profesionalne rezultate. Ovaj toner, u potpunosti uskla\u0111en s visokim ISO standardima, ne samo da garantira izuzetnu kvalitetu ispisa ve\u0107 i aktivno doprinosi smanjenju potro\u0161nje energije, promi\u010du\u0107i pritom ekolo\u0161ki osvije\u0161ten pristup.<\/p>\n<p>&nbsp;<\/p>\n<p>&nbsp;<\/p>\n<p>Originalni Brother TN-1090 toner pro\u0161ao je kroz stroga ispitivanja kvalitete i neprestani razvoj kako bi konzistentno isporu\u010divao vrhunsku kvalitetu ispisa i nazna\u010denu koli\u010dinu stranica. Sve faze testiranja provode se u skladu s ISO 11798 standardima, \u0161to zna\u010di da ispisi ostaju postojani tijekom vremena, otporni su na vodu i svjetlo te ispunjavaju najvi\u0161e standarde kvalitete.<\/p>\n<p>&nbsp;<\/p>\n<p>&nbsp;<\/p>\n<p>S in\u017eenjerskim savr\u0161enstvom i strogom kontrolom kvalitete, Brother TN-1090 toner pru\u017ea dosljednost u performansama, \u010dine\u0107i ga optimalnim izborom za poslovne dokumente, prezentacije i svakodnevne ispisne potrebe. Bez obzira jeste li u uredu ili kod ku\u0107e, ovaj toner omogu\u0107uje visokokvalitetne ispise koji \u0107e zadovoljiti va\u0161e profesionalne standarde.<\/p>\n<p>&nbsp;<\/p>\n<p>&nbsp;<\/p>\n<p>&nbsp;<\/p>\n<p>Odaberite originalni Brother TN-1090 toner za maksimalne rezultate i dugotrajnu izvedbu. Osim \u0161to \u0107e istaknuti kvalitetu va\u0161ih ispisa, ovaj toner podr\u017eava odgovorno kori\u0161tenje resursa, pridonose\u0107i o\u010duvanju okoli\u0161a. Nastavite s pouzdanim Brother TN-1090 tonerom i do\u017eivite vrhunsku kvalitetu ispisa na \u0161irokom rasponu Brother ure\u0111aja.<\/p>\n<p>&nbsp;<\/p>\n<p>Original toner Brother TN-1090 radi sa:<\/p>\n<\/div>\n<p>Brother DCP1622WE<br \/>\nBrother DCP1623WE<br \/>\nBrother HL-1222WE<br \/>\nBrother HL-1223WE<br \/>\nBrother HL1222WE<br \/>\nBrother HL1223WE<\/p>\n<\/div>\n<\/div>\n<div class=\"elementor-element elementor-element-c073661 elementor-widget elementor-widget-spacer\" data-id=\"c073661\" data-element_type=\"widget\" data-widget_type=\"spacer.default\">\n<div class=\"elementor-widget-container\">\n<div class=\"elementor-spacer\">\n<div class=\"elementor-spacer-inner\"><\/div>\n<\/div>\n<\/div>\n<\/div>","protected":false},"excerpt":{"rendered":"<p>Transformirajte svoje ispisno iskustvo uz originalni Brother TN-1090 toner, dizajniran s posebnom pa\u017enjom kako bi postigao vrhunske profesionalne rezultate. Ovaj toner, u potpunosti uskla\u0111en s visokim ISO standardima, ne samo da garantira izuzetnu kvalitetu ispisa ve\u0107 i aktivno doprinosi smanjenju potro\u0161nje energije, promi\u010du\u0107i pritom ekolo\u0161ki osvije\u0161ten pristup. &nbsp; &nbsp; Originalni Brother TN-1090 toner pro\u0161ao je [&hellip;]<\/p>\n","protected":false},"featured_media":6556,"comment_status":"open","ping_status":"closed","template":"","meta":{"om_disable_all_campaigns":false,"_monsterinsights_skip_tracking":false,"_monsterinsights_sitenote_active":false,"_monsterinsights_sitenote_note":"","_monsterinsights_sitenote_category":0,"_uf_show_specific_survey":0,"_uf_disable_surveys":false},"product_brand":[],"product_cat":[23,22],"product_tag":[],"class_list":{"0":"post-6555","1":"product","2":"type-product","3":"status-publish","4":"has-post-thumbnail","6":"product_cat-original-toneri","7":"product_cat-toneri","9":"first","10":"instock","11":"taxable","12":"shipping-taxable","13":"purchasable","14":"product-type-simple"},"aioseo_notices":[],"yoast_head":"<!-- This site is optimized with the Yoast SEO plugin v27.4 - https:\/\/yoast.com\/product\/yoast-seo-wordpress\/ -->\n<title>Original toner Brother TN-1090 Black - TNT<\/title>\n<meta name=\"description\" content=\"Original toner Brother TN-1090 toner za: Brother DCP1622WE - DCP1623WE - HL-1222WE - HL-1223WE - HL1222WE - HL1223WE - broj ispisa stranica: 1500\" \/>\n<meta name=\"robots\" content=\"index, follow, max-snippet:-1, max-image-preview:large, max-video-preview:-1\" \/>\n<link rel=\"canonical\" href=\"https:\/\/tinte-toneri.hr\/en\/shop\/toneri\/original-toneri\/original-toner-brother-tn-1090-black\/\" \/>\n<meta property=\"og:locale\" content=\"en_US\" \/>\n<meta property=\"og:type\" content=\"article\" \/>\n<meta property=\"og:title\" content=\"Original toner Brother TN-1090 Black - TNT\" \/>\n<meta property=\"og:description\" content=\"Original toner Brother TN-1090 toner za: Brother DCP1622WE - DCP1623WE - HL-1222WE - HL-1223WE - HL1222WE - HL1223WE - broj ispisa stranica: 1500\" \/>\n<meta property=\"og:url\" content=\"https:\/\/tinte-toneri.hr\/en\/shop\/toneri\/original-toneri\/original-toner-brother-tn-1090-black\/\" \/>\n<meta property=\"og:site_name\" content=\"TNT\" \/>\n<meta property=\"article:modified_time\" content=\"2024-09-17T09:52:41+00:00\" \/>\n<meta property=\"og:image\" content=\"https:\/\/tinte-toneri.hr\/wp-content\/uploads\/2024\/01\/Original-toner-Brother-TN-1090-Black.png\" \/>\n\t<meta property=\"og:image:width\" content=\"960\" \/>\n\t<meta property=\"og:image:height\" content=\"960\" \/>\n\t<meta property=\"og:image:type\" content=\"image\/png\" \/>\n<meta name=\"twitter:card\" content=\"summary_large_image\" \/>\n<meta name=\"twitter:label1\" content=\"Est. reading time\" \/>\n\t<meta name=\"twitter:data1\" content=\"2 minutes\" \/>\n<script type=\"application\/ld+json\" class=\"yoast-schema-graph\">{\"@context\":\"https:\\\/\\\/schema.org\",\"@graph\":[{\"@type\":\"WebPage\",\"@id\":\"https:\\\/\\\/tinte-toneri.hr\\\/en\\\/shop\\\/toneri\\\/original-toneri\\\/original-toner-brother-tn-1090-black\\\/\",\"url\":\"https:\\\/\\\/tinte-toneri.hr\\\/en\\\/shop\\\/toneri\\\/original-toneri\\\/original-toner-brother-tn-1090-black\\\/\",\"name\":\"Original toner Brother TN-1090 Black - TNT\",\"isPartOf\":{\"@id\":\"https:\\\/\\\/tinte-toneri.hr\\\/#website\"},\"primaryImageOfPage\":{\"@id\":\"https:\\\/\\\/tinte-toneri.hr\\\/en\\\/shop\\\/toneri\\\/original-toneri\\\/original-toner-brother-tn-1090-black\\\/#primaryimage\"},\"image\":{\"@id\":\"https:\\\/\\\/tinte-toneri.hr\\\/en\\\/shop\\\/toneri\\\/original-toneri\\\/original-toner-brother-tn-1090-black\\\/#primaryimage\"},\"thumbnailUrl\":\"https:\\\/\\\/tinte-toneri.hr\\\/wp-content\\\/uploads\\\/2024\\\/01\\\/Original-toner-Brother-TN-1090-Black.png\",\"datePublished\":\"2024-01-01T09:04:53+00:00\",\"dateModified\":\"2024-09-17T09:52:41+00:00\",\"description\":\"Original toner Brother TN-1090 toner za: Brother DCP1622WE - DCP1623WE - HL-1222WE - HL-1223WE - HL1222WE - HL1223WE - broj ispisa stranica: 1500\",\"breadcrumb\":{\"@id\":\"https:\\\/\\\/tinte-toneri.hr\\\/en\\\/shop\\\/toneri\\\/original-toneri\\\/original-toner-brother-tn-1090-black\\\/#breadcrumb\"},\"inLanguage\":\"en-US\",\"potentialAction\":[{\"@type\":\"ReadAction\",\"target\":[\"https:\\\/\\\/tinte-toneri.hr\\\/en\\\/shop\\\/toneri\\\/original-toneri\\\/original-toner-brother-tn-1090-black\\\/\"]}]},{\"@type\":\"ImageObject\",\"inLanguage\":\"en-US\",\"@id\":\"https:\\\/\\\/tinte-toneri.hr\\\/en\\\/shop\\\/toneri\\\/original-toneri\\\/original-toner-brother-tn-1090-black\\\/#primaryimage\",\"url\":\"https:\\\/\\\/tinte-toneri.hr\\\/wp-content\\\/uploads\\\/2024\\\/01\\\/Original-toner-Brother-TN-1090-Black.png\",\"contentUrl\":\"https:\\\/\\\/tinte-toneri.hr\\\/wp-content\\\/uploads\\\/2024\\\/01\\\/Original-toner-Brother-TN-1090-Black.png\",\"width\":960,\"height\":960},{\"@type\":\"BreadcrumbList\",\"@id\":\"https:\\\/\\\/tinte-toneri.hr\\\/en\\\/shop\\\/toneri\\\/original-toneri\\\/original-toner-brother-tn-1090-black\\\/#breadcrumb\",\"itemListElement\":[{\"@type\":\"ListItem\",\"position\":1,\"name\":\"Po\u010detna stranica\",\"item\":\"https:\\\/\\\/tinte-toneri.hr\\\/\"},{\"@type\":\"ListItem\",\"position\":2,\"name\":\"Shop\",\"item\":\"https:\\\/\\\/tinte-toneri.hr\\\/shop\\\/\"},{\"@type\":\"ListItem\",\"position\":3,\"name\":\"Original toner Brother TN-1090 Black\"}]},{\"@type\":\"WebSite\",\"@id\":\"https:\\\/\\\/tinte-toneri.hr\\\/#website\",\"url\":\"https:\\\/\\\/tinte-toneri.hr\\\/\",\"name\":\"TNT\",\"description\":\"Tinte i toneri\",\"publisher\":{\"@id\":\"https:\\\/\\\/tinte-toneri.hr\\\/#organization\"},\"potentialAction\":[{\"@type\":\"SearchAction\",\"target\":{\"@type\":\"EntryPoint\",\"urlTemplate\":\"https:\\\/\\\/tinte-toneri.hr\\\/?s={search_term_string}\"},\"query-input\":{\"@type\":\"PropertyValueSpecification\",\"valueRequired\":true,\"valueName\":\"search_term_string\"}}],\"inLanguage\":\"en-US\"},{\"@type\":\"Organization\",\"@id\":\"https:\\\/\\\/tinte-toneri.hr\\\/#organization\",\"name\":\"TNT Global\",\"url\":\"https:\\\/\\\/tinte-toneri.hr\\\/\",\"logo\":{\"@type\":\"ImageObject\",\"inLanguage\":\"en-US\",\"@id\":\"https:\\\/\\\/tinte-toneri.hr\\\/#\\\/schema\\\/logo\\\/image\\\/\",\"url\":\"https:\\\/\\\/tinte-toneri.hr\\\/wp-content\\\/uploads\\\/2023\\\/10\\\/cropped-Logo1-removebg.png\",\"contentUrl\":\"https:\\\/\\\/tinte-toneri.hr\\\/wp-content\\\/uploads\\\/2023\\\/10\\\/cropped-Logo1-removebg.png\",\"width\":2124,\"height\":2129,\"caption\":\"TNT Global\"},\"image\":{\"@id\":\"https:\\\/\\\/tinte-toneri.hr\\\/#\\\/schema\\\/logo\\\/image\\\/\"}}]}<\/script>\n<!-- \/ Yoast SEO plugin. -->","yoast_head_json":{"title":"Original toner Brother TN-1090 Black - TNT","description":"Original toner Brother TN-1090 toner za: Brother DCP1622WE - DCP1623WE - HL-1222WE - HL-1223WE - HL1222WE - HL1223WE - broj ispisa stranica: 1500","robots":{"index":"index","follow":"follow","max-snippet":"max-snippet:-1","max-image-preview":"max-image-preview:large","max-video-preview":"max-video-preview:-1"},"canonical":"https:\/\/tinte-toneri.hr\/en\/shop\/toneri\/original-toneri\/original-toner-brother-tn-1090-black\/","og_locale":"en_US","og_type":"article","og_title":"Original toner Brother TN-1090 Black - TNT","og_description":"Original toner Brother TN-1090 toner za: Brother DCP1622WE - DCP1623WE - HL-1222WE - HL-1223WE - HL1222WE - HL1223WE - broj ispisa stranica: 1500","og_url":"https:\/\/tinte-toneri.hr\/en\/shop\/toneri\/original-toneri\/original-toner-brother-tn-1090-black\/","og_site_name":"TNT","article_modified_time":"2024-09-17T09:52:41+00:00","og_image":[{"width":960,"height":960,"url":"https:\/\/tinte-toneri.hr\/wp-content\/uploads\/2024\/01\/Original-toner-Brother-TN-1090-Black.png","type":"image\/png"}],"twitter_card":"summary_large_image","twitter_misc":{"Est. reading time":"2 minutes"},"schema":{"@context":"https:\/\/schema.org","@graph":[{"@type":"WebPage","@id":"https:\/\/tinte-toneri.hr\/en\/shop\/toneri\/original-toneri\/original-toner-brother-tn-1090-black\/","url":"https:\/\/tinte-toneri.hr\/en\/shop\/toneri\/original-toneri\/original-toner-brother-tn-1090-black\/","name":"Original toner Brother TN-1090 Black - TNT","isPartOf":{"@id":"https:\/\/tinte-toneri.hr\/#website"},"primaryImageOfPage":{"@id":"https:\/\/tinte-toneri.hr\/en\/shop\/toneri\/original-toneri\/original-toner-brother-tn-1090-black\/#primaryimage"},"image":{"@id":"https:\/\/tinte-toneri.hr\/en\/shop\/toneri\/original-toneri\/original-toner-brother-tn-1090-black\/#primaryimage"},"thumbnailUrl":"https:\/\/tinte-toneri.hr\/wp-content\/uploads\/2024\/01\/Original-toner-Brother-TN-1090-Black.png","datePublished":"2024-01-01T09:04:53+00:00","dateModified":"2024-09-17T09:52:41+00:00","description":"Original toner Brother TN-1090 toner za: Brother DCP1622WE - DCP1623WE - HL-1222WE - HL-1223WE - HL1222WE - HL1223WE - broj ispisa stranica: 1500","breadcrumb":{"@id":"https:\/\/tinte-toneri.hr\/en\/shop\/toneri\/original-toneri\/original-toner-brother-tn-1090-black\/#breadcrumb"},"inLanguage":"en-US","potentialAction":[{"@type":"ReadAction","target":["https:\/\/tinte-toneri.hr\/en\/shop\/toneri\/original-toneri\/original-toner-brother-tn-1090-black\/"]}]},{"@type":"ImageObject","inLanguage":"en-US","@id":"https:\/\/tinte-toneri.hr\/en\/shop\/toneri\/original-toneri\/original-toner-brother-tn-1090-black\/#primaryimage","url":"https:\/\/tinte-toneri.hr\/wp-content\/uploads\/2024\/01\/Original-toner-Brother-TN-1090-Black.png","contentUrl":"https:\/\/tinte-toneri.hr\/wp-content\/uploads\/2024\/01\/Original-toner-Brother-TN-1090-Black.png","width":960,"height":960},{"@type":"BreadcrumbList","@id":"https:\/\/tinte-toneri.hr\/en\/shop\/toneri\/original-toneri\/original-toner-brother-tn-1090-black\/#breadcrumb","itemListElement":[{"@type":"ListItem","position":1,"name":"Po\u010detna stranica","item":"https:\/\/tinte-toneri.hr\/"},{"@type":"ListItem","position":2,"name":"Shop","item":"https:\/\/tinte-toneri.hr\/shop\/"},{"@type":"ListItem","position":3,"name":"Original toner Brother TN-1090 Black"}]},{"@type":"WebSite","@id":"https:\/\/tinte-toneri.hr\/#website","url":"https:\/\/tinte-toneri.hr\/","name":"TNT","description":"Tinte i toneri","publisher":{"@id":"https:\/\/tinte-toneri.hr\/#organization"},"potentialAction":[{"@type":"SearchAction","target":{"@type":"EntryPoint","urlTemplate":"https:\/\/tinte-toneri.hr\/?s={search_term_string}"},"query-input":{"@type":"PropertyValueSpecification","valueRequired":true,"valueName":"search_term_string"}}],"inLanguage":"en-US"},{"@type":"Organization","@id":"https:\/\/tinte-toneri.hr\/#organization","name":"TNT Global","url":"https:\/\/tinte-toneri.hr\/","logo":{"@type":"ImageObject","inLanguage":"en-US","@id":"https:\/\/tinte-toneri.hr\/#\/schema\/logo\/image\/","url":"https:\/\/tinte-toneri.hr\/wp-content\/uploads\/2023\/10\/cropped-Logo1-removebg.png","contentUrl":"https:\/\/tinte-toneri.hr\/wp-content\/uploads\/2023\/10\/cropped-Logo1-removebg.png","width":2124,"height":2129,"caption":"TNT Global"},"image":{"@id":"https:\/\/tinte-toneri.hr\/#\/schema\/logo\/image\/"}}]}},"jetpack_sharing_enabled":true,"_links":{"self":[{"href":"https:\/\/tinte-toneri.hr\/en\/wp-json\/wp\/v2\/product\/6555","targetHints":{"allow":["GET"]}}],"collection":[{"href":"https:\/\/tinte-toneri.hr\/en\/wp-json\/wp\/v2\/product"}],"about":[{"href":"https:\/\/tinte-toneri.hr\/en\/wp-json\/wp\/v2\/types\/product"}],"replies":[{"embeddable":true,"href":"https:\/\/tinte-toneri.hr\/en\/wp-json\/wp\/v2\/comments?post=6555"}],"wp:featuredmedia":[{"embeddable":true,"href":"https:\/\/tinte-toneri.hr\/en\/wp-json\/wp\/v2\/media\/6556"}],"wp:attachment":[{"href":"https:\/\/tinte-toneri.hr\/en\/wp-json\/wp\/v2\/media?parent=6555"}],"wp:term":[{"taxonomy":"product_brand","embeddable":true,"href":"https:\/\/tinte-toneri.hr\/en\/wp-json\/wp\/v2\/product_brand?post=6555"},{"taxonomy":"product_cat","embeddable":true,"href":"https:\/\/tinte-toneri.hr\/en\/wp-json\/wp\/v2\/product_cat?post=6555"},{"taxonomy":"product_tag","embeddable":true,"href":"https:\/\/tinte-toneri.hr\/en\/wp-json\/wp\/v2\/product_tag?post=6555"}],"curies":[{"name":"wp","href":"https:\/\/api.w.org\/{rel}","templated":true}]}}