{"id":6558,"date":"2024-01-01T13:38:56","date_gmt":"2024-01-01T13:38:56","guid":{"rendered":"https:\/\/tinte-toneri.hr\/?post_type=product&#038;p=6558"},"modified":"2024-09-17T09:52:41","modified_gmt":"2024-09-17T09:52:41","slug":"original-obnovljeni-bubanj-brother-dr-1030-dr-1035-dr-1050-black","status":"publish","type":"product","link":"https:\/\/tinte-toneri.hr\/en\/shop\/bubanj\/original-obnovljeni-bubanj-brother-dr-1030-dr-1035-dr-1050-black\/","title":{"rendered":"Original obnovljeni bubanj Brother DR-1030 \/ DR-1035 \/ DR-1050 Black"},"content":{"rendered":"<p>Obnovljeni original bubanj Brother DR-1030 \/ DR-1035 \/ DR-1050 pa\u017eljivo je proizveden kako bi pru\u017eio pouzdane performanse i besprijekornu kompatibilnost s va\u0161im printerom. Formula visoke kvalitete osigurava \u010dist i o\u0161tar ispis, bez mrlja ili nepravilnosti. Osim \u0161to \u0107ete dobiti vrhunsku kvalitetu ispisa, tako\u0111er \u0107ete u\u0161tedjeti na tro\u0161kovima ispisa, jer obnovljeni original toneri pru\u017eaju izvrsnu vrijednost za novac, bez kompromisa na kvaliteti.<\/p>\n<p>&nbsp;<\/p>\n<p>&nbsp;<\/p>\n<p>Naru\u010divanje obnovljenog originalnog bubnja Brother DR-1030 \/ DR-1035 \/ DR-1050 iz na\u0161eg web shopa jam\u010di izvrsnu kvalitetu tiska, dugotrajnost va\u0161eg pisa\u010da te pozitivan utjecaj na okoli\u0161. Obratite se nama danas i iskusite prednosti vrhunskih Brother proizvoda u kategoriji obnovljenih originalnih bubnjeva.<\/p>\n<p>&nbsp;<\/p>\n<p>&nbsp;<\/p>\n<p>Original obnovljeni bubanj Brother DR-1030 \/ DR-1035 \/ DR-1050 radi sa:<\/p>\n<p>&nbsp;<\/p>\n<p>Brother 1610E<br \/>\nBrother DCP-1512<br \/>\nBrother DCP-1512A<br \/>\nBrother DCP1510<br \/>\nBrother DCP1510E<br \/>\nBrother DCP1510R<br \/>\nBrother DCP1511<br \/>\nBrother DCP1512<br \/>\nBrother DCP1512E<br \/>\nBrother DCP1512R<br \/>\nBrother DCP1518<br \/>\nBrother DCP1610W<br \/>\nBrother DCP1610WE<br \/>\nBrother DCP1612W<br \/>\nBrother DCP1612WE<br \/>\nBrother HL-1110<br \/>\nBrother HL-1111<br \/>\nBrother HL1110<br \/>\nBrother HL1110 E<br \/>\nBrother HL1110E<br \/>\nBrother HL1110R<br \/>\nBrother HL1111<br \/>\nBrother HL1112<br \/>\nBrother HL1112A<br \/>\nBrother HL1112E<br \/>\nBrother HL1112R<br \/>\nBrother HL1118<br \/>\nBrother HL1210<br \/>\nBrother HL1210W<br \/>\nBrother HL1210WE<br \/>\nBrother HL1212W<br \/>\nBrother HL1212WE<br \/>\nBrother MFC 1810<br \/>\nBrother MFC1810<br \/>\nBrother MFC1810E<br \/>\nBrother MFC1810R<br \/>\nBrother MFC1811<br \/>\nBrother MFC1813<br \/>\nBrother MFC1815<br \/>\nBrother MFC1815E<br \/>\nBrother MFC1815R<br \/>\nBrother MFC1818<br \/>\nBrother MFC1910E<br \/>\nBrother MFC1910W<br \/>\nBrother MFC1910WE<\/p>","protected":false},"excerpt":{"rendered":"<p>Obnovljeni original bubanj Brother DR-1030 \/ DR-1035 \/ DR-1050 pa\u017eljivo je proizveden kako bi pru\u017eio pouzdane performanse i besprijekornu kompatibilnost s va\u0161im printerom. Formula visoke kvalitete osigurava \u010dist i o\u0161tar ispis, bez mrlja ili nepravilnosti. Osim \u0161to \u0107ete dobiti vrhunsku kvalitetu ispisa, tako\u0111er \u0107ete u\u0161tedjeti na tro\u0161kovima ispisa, jer obnovljeni original toneri pru\u017eaju izvrsnu vrijednost [&hellip;]<\/p>\n","protected":false},"featured_media":6264,"comment_status":"open","ping_status":"closed","template":"","meta":{"om_disable_all_campaigns":false,"_monsterinsights_skip_tracking":false,"_monsterinsights_sitenote_active":false,"_monsterinsights_sitenote_note":"","_monsterinsights_sitenote_category":0,"_uf_show_specific_survey":0,"_uf_disable_surveys":false},"product_brand":[],"product_cat":[2578],"product_tag":[],"class_list":{"0":"post-6558","1":"product","2":"type-product","3":"status-publish","4":"has-post-thumbnail","6":"product_cat-bubanj","8":"first","9":"instock","10":"taxable","11":"shipping-taxable","12":"purchasable","13":"product-type-simple"},"aioseo_notices":[],"yoast_head":"<!-- This site is optimized with the Yoast SEO plugin v27.4 - https:\/\/yoast.com\/product\/yoast-seo-wordpress\/ -->\n<title>Original obnovljeni bubanj Brother DR-1030 \/ DR-1035 \/ DR-1050 Black - TNT<\/title>\n<meta name=\"description\" content=\"Original obnovljeni bubanj Brother DR-1030 \/ DR-1035 \/ DR-1050 Black\" \/>\n<meta name=\"robots\" content=\"index, follow, max-snippet:-1, max-image-preview:large, max-video-preview:-1\" \/>\n<link rel=\"canonical\" href=\"https:\/\/tinte-toneri.hr\/en\/shop\/bubanj\/original-obnovljeni-bubanj-brother-dr-1030-dr-1035-dr-1050-black\/\" \/>\n<meta property=\"og:locale\" content=\"en_US\" \/>\n<meta property=\"og:type\" content=\"article\" \/>\n<meta property=\"og:title\" content=\"Original obnovljeni bubanj Brother DR-1030 \/ DR-1035 \/ DR-1050 Black - TNT\" \/>\n<meta property=\"og:description\" content=\"Original obnovljeni bubanj Brother DR-1030 \/ DR-1035 \/ DR-1050 Black\" \/>\n<meta property=\"og:url\" content=\"https:\/\/tinte-toneri.hr\/en\/shop\/bubanj\/original-obnovljeni-bubanj-brother-dr-1030-dr-1035-dr-1050-black\/\" \/>\n<meta property=\"og:site_name\" content=\"TNT\" \/>\n<meta property=\"article:modified_time\" content=\"2024-09-17T09:52:41+00:00\" \/>\n<meta property=\"og:image\" content=\"https:\/\/tinte-toneri.hr\/wp-content\/uploads\/2023\/12\/Zamjenski-toner-black.png\" \/>\n\t<meta property=\"og:image:width\" content=\"2022\" \/>\n\t<meta property=\"og:image:height\" content=\"1376\" \/>\n\t<meta property=\"og:image:type\" content=\"image\/png\" \/>\n<meta name=\"twitter:card\" content=\"summary_large_image\" \/>\n<meta name=\"twitter:label1\" content=\"Est. reading time\" \/>\n\t<meta name=\"twitter:data1\" content=\"2 minutes\" \/>\n<script type=\"application\/ld+json\" class=\"yoast-schema-graph\">{\"@context\":\"https:\\\/\\\/schema.org\",\"@graph\":[{\"@type\":\"WebPage\",\"@id\":\"https:\\\/\\\/tinte-toneri.hr\\\/shop\\\/bubanj\\\/original-obnovljeni-bubanj-brother-dr-1030-dr-1035-dr-1050-black\\\/\",\"url\":\"https:\\\/\\\/tinte-toneri.hr\\\/shop\\\/bubanj\\\/original-obnovljeni-bubanj-brother-dr-1030-dr-1035-dr-1050-black\\\/\",\"name\":\"Original obnovljeni bubanj Brother DR-1030 \\\/ DR-1035 \\\/ DR-1050 Black - TNT\",\"isPartOf\":{\"@id\":\"https:\\\/\\\/tinte-toneri.hr\\\/#website\"},\"primaryImageOfPage\":{\"@id\":\"https:\\\/\\\/tinte-toneri.hr\\\/shop\\\/bubanj\\\/original-obnovljeni-bubanj-brother-dr-1030-dr-1035-dr-1050-black\\\/#primaryimage\"},\"image\":{\"@id\":\"https:\\\/\\\/tinte-toneri.hr\\\/shop\\\/bubanj\\\/original-obnovljeni-bubanj-brother-dr-1030-dr-1035-dr-1050-black\\\/#primaryimage\"},\"thumbnailUrl\":\"https:\\\/\\\/tinte-toneri.hr\\\/wp-content\\\/uploads\\\/2023\\\/12\\\/Zamjenski-toner-black.png\",\"datePublished\":\"2024-01-01T13:38:56+00:00\",\"dateModified\":\"2024-09-17T09:52:41+00:00\",\"description\":\"Original obnovljeni bubanj Brother DR-1030 \\\/ DR-1035 \\\/ DR-1050 Black\",\"breadcrumb\":{\"@id\":\"https:\\\/\\\/tinte-toneri.hr\\\/shop\\\/bubanj\\\/original-obnovljeni-bubanj-brother-dr-1030-dr-1035-dr-1050-black\\\/#breadcrumb\"},\"inLanguage\":\"en-US\",\"potentialAction\":[{\"@type\":\"ReadAction\",\"target\":[\"https:\\\/\\\/tinte-toneri.hr\\\/shop\\\/bubanj\\\/original-obnovljeni-bubanj-brother-dr-1030-dr-1035-dr-1050-black\\\/\"]}]},{\"@type\":\"ImageObject\",\"inLanguage\":\"en-US\",\"@id\":\"https:\\\/\\\/tinte-toneri.hr\\\/shop\\\/bubanj\\\/original-obnovljeni-bubanj-brother-dr-1030-dr-1035-dr-1050-black\\\/#primaryimage\",\"url\":\"https:\\\/\\\/tinte-toneri.hr\\\/wp-content\\\/uploads\\\/2023\\\/12\\\/Zamjenski-toner-black.png\",\"contentUrl\":\"https:\\\/\\\/tinte-toneri.hr\\\/wp-content\\\/uploads\\\/2023\\\/12\\\/Zamjenski-toner-black.png\",\"width\":2022,\"height\":1376},{\"@type\":\"BreadcrumbList\",\"@id\":\"https:\\\/\\\/tinte-toneri.hr\\\/shop\\\/bubanj\\\/original-obnovljeni-bubanj-brother-dr-1030-dr-1035-dr-1050-black\\\/#breadcrumb\",\"itemListElement\":[{\"@type\":\"ListItem\",\"position\":1,\"name\":\"Po\u010detna stranica\",\"item\":\"https:\\\/\\\/tinte-toneri.hr\\\/\"},{\"@type\":\"ListItem\",\"position\":2,\"name\":\"Shop\",\"item\":\"https:\\\/\\\/tinte-toneri.hr\\\/shop\\\/\"},{\"@type\":\"ListItem\",\"position\":3,\"name\":\"Original obnovljeni bubanj Brother DR-1030 \\\/ DR-1035 \\\/ DR-1050 Black\"}]},{\"@type\":\"WebSite\",\"@id\":\"https:\\\/\\\/tinte-toneri.hr\\\/#website\",\"url\":\"https:\\\/\\\/tinte-toneri.hr\\\/\",\"name\":\"TNT\",\"description\":\"Tinte i toneri\",\"publisher\":{\"@id\":\"https:\\\/\\\/tinte-toneri.hr\\\/#organization\"},\"potentialAction\":[{\"@type\":\"SearchAction\",\"target\":{\"@type\":\"EntryPoint\",\"urlTemplate\":\"https:\\\/\\\/tinte-toneri.hr\\\/?s={search_term_string}\"},\"query-input\":{\"@type\":\"PropertyValueSpecification\",\"valueRequired\":true,\"valueName\":\"search_term_string\"}}],\"inLanguage\":\"en-US\"},{\"@type\":\"Organization\",\"@id\":\"https:\\\/\\\/tinte-toneri.hr\\\/#organization\",\"name\":\"TNT Global\",\"url\":\"https:\\\/\\\/tinte-toneri.hr\\\/\",\"logo\":{\"@type\":\"ImageObject\",\"inLanguage\":\"en-US\",\"@id\":\"https:\\\/\\\/tinte-toneri.hr\\\/#\\\/schema\\\/logo\\\/image\\\/\",\"url\":\"https:\\\/\\\/tinte-toneri.hr\\\/wp-content\\\/uploads\\\/2023\\\/10\\\/cropped-Logo1-removebg.png\",\"contentUrl\":\"https:\\\/\\\/tinte-toneri.hr\\\/wp-content\\\/uploads\\\/2023\\\/10\\\/cropped-Logo1-removebg.png\",\"width\":2124,\"height\":2129,\"caption\":\"TNT Global\"},\"image\":{\"@id\":\"https:\\\/\\\/tinte-toneri.hr\\\/#\\\/schema\\\/logo\\\/image\\\/\"}}]}<\/script>\n<!-- \/ Yoast SEO plugin. -->","yoast_head_json":{"title":"Original obnovljeni bubanj Brother DR-1030 \/ DR-1035 \/ DR-1050 Black - TNT","description":"Original obnovljeni bubanj Brother DR-1030 \/ DR-1035 \/ DR-1050 Black","robots":{"index":"index","follow":"follow","max-snippet":"max-snippet:-1","max-image-preview":"max-image-preview:large","max-video-preview":"max-video-preview:-1"},"canonical":"https:\/\/tinte-toneri.hr\/en\/shop\/bubanj\/original-obnovljeni-bubanj-brother-dr-1030-dr-1035-dr-1050-black\/","og_locale":"en_US","og_type":"article","og_title":"Original obnovljeni bubanj Brother DR-1030 \/ DR-1035 \/ DR-1050 Black - TNT","og_description":"Original obnovljeni bubanj Brother DR-1030 \/ DR-1035 \/ DR-1050 Black","og_url":"https:\/\/tinte-toneri.hr\/en\/shop\/bubanj\/original-obnovljeni-bubanj-brother-dr-1030-dr-1035-dr-1050-black\/","og_site_name":"TNT","article_modified_time":"2024-09-17T09:52:41+00:00","og_image":[{"width":2022,"height":1376,"url":"https:\/\/tinte-toneri.hr\/wp-content\/uploads\/2023\/12\/Zamjenski-toner-black.png","type":"image\/png"}],"twitter_card":"summary_large_image","twitter_misc":{"Est. reading time":"2 minutes"},"schema":{"@context":"https:\/\/schema.org","@graph":[{"@type":"WebPage","@id":"https:\/\/tinte-toneri.hr\/shop\/bubanj\/original-obnovljeni-bubanj-brother-dr-1030-dr-1035-dr-1050-black\/","url":"https:\/\/tinte-toneri.hr\/shop\/bubanj\/original-obnovljeni-bubanj-brother-dr-1030-dr-1035-dr-1050-black\/","name":"Original obnovljeni bubanj Brother DR-1030 \/ DR-1035 \/ DR-1050 Black - TNT","isPartOf":{"@id":"https:\/\/tinte-toneri.hr\/#website"},"primaryImageOfPage":{"@id":"https:\/\/tinte-toneri.hr\/shop\/bubanj\/original-obnovljeni-bubanj-brother-dr-1030-dr-1035-dr-1050-black\/#primaryimage"},"image":{"@id":"https:\/\/tinte-toneri.hr\/shop\/bubanj\/original-obnovljeni-bubanj-brother-dr-1030-dr-1035-dr-1050-black\/#primaryimage"},"thumbnailUrl":"https:\/\/tinte-toneri.hr\/wp-content\/uploads\/2023\/12\/Zamjenski-toner-black.png","datePublished":"2024-01-01T13:38:56+00:00","dateModified":"2024-09-17T09:52:41+00:00","description":"Original obnovljeni bubanj Brother DR-1030 \/ DR-1035 \/ DR-1050 Black","breadcrumb":{"@id":"https:\/\/tinte-toneri.hr\/shop\/bubanj\/original-obnovljeni-bubanj-brother-dr-1030-dr-1035-dr-1050-black\/#breadcrumb"},"inLanguage":"en-US","potentialAction":[{"@type":"ReadAction","target":["https:\/\/tinte-toneri.hr\/shop\/bubanj\/original-obnovljeni-bubanj-brother-dr-1030-dr-1035-dr-1050-black\/"]}]},{"@type":"ImageObject","inLanguage":"en-US","@id":"https:\/\/tinte-toneri.hr\/shop\/bubanj\/original-obnovljeni-bubanj-brother-dr-1030-dr-1035-dr-1050-black\/#primaryimage","url":"https:\/\/tinte-toneri.hr\/wp-content\/uploads\/2023\/12\/Zamjenski-toner-black.png","contentUrl":"https:\/\/tinte-toneri.hr\/wp-content\/uploads\/2023\/12\/Zamjenski-toner-black.png","width":2022,"height":1376},{"@type":"BreadcrumbList","@id":"https:\/\/tinte-toneri.hr\/shop\/bubanj\/original-obnovljeni-bubanj-brother-dr-1030-dr-1035-dr-1050-black\/#breadcrumb","itemListElement":[{"@type":"ListItem","position":1,"name":"Po\u010detna stranica","item":"https:\/\/tinte-toneri.hr\/"},{"@type":"ListItem","position":2,"name":"Shop","item":"https:\/\/tinte-toneri.hr\/shop\/"},{"@type":"ListItem","position":3,"name":"Original obnovljeni bubanj Brother DR-1030 \/ DR-1035 \/ DR-1050 Black"}]},{"@type":"WebSite","@id":"https:\/\/tinte-toneri.hr\/#website","url":"https:\/\/tinte-toneri.hr\/","name":"TNT","description":"Tinte i toneri","publisher":{"@id":"https:\/\/tinte-toneri.hr\/#organization"},"potentialAction":[{"@type":"SearchAction","target":{"@type":"EntryPoint","urlTemplate":"https:\/\/tinte-toneri.hr\/?s={search_term_string}"},"query-input":{"@type":"PropertyValueSpecification","valueRequired":true,"valueName":"search_term_string"}}],"inLanguage":"en-US"},{"@type":"Organization","@id":"https:\/\/tinte-toneri.hr\/#organization","name":"TNT Global","url":"https:\/\/tinte-toneri.hr\/","logo":{"@type":"ImageObject","inLanguage":"en-US","@id":"https:\/\/tinte-toneri.hr\/#\/schema\/logo\/image\/","url":"https:\/\/tinte-toneri.hr\/wp-content\/uploads\/2023\/10\/cropped-Logo1-removebg.png","contentUrl":"https:\/\/tinte-toneri.hr\/wp-content\/uploads\/2023\/10\/cropped-Logo1-removebg.png","width":2124,"height":2129,"caption":"TNT Global"},"image":{"@id":"https:\/\/tinte-toneri.hr\/#\/schema\/logo\/image\/"}}]}},"jetpack_sharing_enabled":true,"_links":{"self":[{"href":"https:\/\/tinte-toneri.hr\/en\/wp-json\/wp\/v2\/product\/6558","targetHints":{"allow":["GET"]}}],"collection":[{"href":"https:\/\/tinte-toneri.hr\/en\/wp-json\/wp\/v2\/product"}],"about":[{"href":"https:\/\/tinte-toneri.hr\/en\/wp-json\/wp\/v2\/types\/product"}],"replies":[{"embeddable":true,"href":"https:\/\/tinte-toneri.hr\/en\/wp-json\/wp\/v2\/comments?post=6558"}],"wp:featuredmedia":[{"embeddable":true,"href":"https:\/\/tinte-toneri.hr\/en\/wp-json\/wp\/v2\/media\/6264"}],"wp:attachment":[{"href":"https:\/\/tinte-toneri.hr\/en\/wp-json\/wp\/v2\/media?parent=6558"}],"wp:term":[{"taxonomy":"product_brand","embeddable":true,"href":"https:\/\/tinte-toneri.hr\/en\/wp-json\/wp\/v2\/product_brand?post=6558"},{"taxonomy":"product_cat","embeddable":true,"href":"https:\/\/tinte-toneri.hr\/en\/wp-json\/wp\/v2\/product_cat?post=6558"},{"taxonomy":"product_tag","embeddable":true,"href":"https:\/\/tinte-toneri.hr\/en\/wp-json\/wp\/v2\/product_tag?post=6558"}],"curies":[{"name":"wp","href":"https:\/\/api.w.org\/{rel}","templated":true}]}}