{"id":6600,"date":"2024-01-07T10:42:35","date_gmt":"2024-01-07T10:42:35","guid":{"rendered":"https:\/\/tinte-toneri.hr\/?post_type=product&#038;p=6600"},"modified":"2024-09-17T09:50:59","modified_gmt":"2024-09-17T09:50:59","slug":"zamjenska-tinta-canon-cl-546xl-tricolor","status":"publish","type":"product","link":"https:\/\/tinte-toneri.hr\/en\/shop\/tinte\/zamjenske-tinte\/zamjenska-tinta-canon-cl-546xl-tricolor\/","title":{"rendered":"Zamjenska tinta Canon CL-546XL Tricolor"},"content":{"rendered":"<p>Upotrijebite na\u0161u vrhunsku zamjensku tintu TNT za Canon Canon CL-546XL Tricolor kako biste osigurali iznimno kvalitetne ispise po pristupa\u010dnoj cijeni. Ova tinta je idealna za Canon pisa\u010de i pru\u017ea izvanredne rezultate za otprilike 300 stranica.<\/p>\n<p>&nbsp;<\/p>\n<p>&nbsp;<\/p>\n<p>Na\u0161a TNT zamjenska tinta Canon CL-546XL Tricolor je formulirana s vrhunskim pigmentima koji osiguravaju o\u0161tre, jasne i duboke boje. Bez obzira na to je li u pitanju tekst, grafika ili fotografija, ova tinta pru\u017ea konzistentne rezultate s visokim stupnjem detalja.<\/p>\n<p>&nbsp;<\/p>\n<p>&nbsp;<\/p>\n<p>Ova zamjenska tinta Canon CL-546XL Tricolor je pristupa\u010dna alternativa originalnim Canon tintama, bez kompromisa po pitanju kvalitete. U\u0161tedite novac bez gubitka na izvedbi. Uz na\u0161u TNT zamjensku tintu, dobit \u0107ete visokokvalitetne ispise po povoljnoj cijeni.<\/p>\n<p>&nbsp;<\/p>\n<p>&nbsp;<\/p>\n<p>Zamjenska tinta Canon CL-546XL Tricolor radi sa:<\/p>\n<p>&nbsp;<\/p>\n<p>Canon Pixma IP 2800 Series<\/p>\n<p>Canon Pixma IP 2820<\/p>\n<p>Canon Pixma IP 2850<\/p>\n<p>Canon Pixma MG 2400 Series<\/p>\n<p>Canon Pixma MG 2440<\/p>\n<p>Canon Pixma MG 2450<\/p>\n<p>Canon Pixma MG 2455<\/p>\n<p>Canon Pixma MG 2500 Series<\/p>\n<p>Canon Pixma MG 2540<\/p>\n<p>Canon Pixma MG 2550<\/p>\n<p>Canon Pixma MG 2550 s<\/p>\n<p>Canon Pixma MG 2555<\/p>\n<p>Canon Pixma MG 2555 S<\/p>\n<p>Canon Pixma MG 2900 Series<\/p>\n<p>Canon Pixma MG 2940<\/p>\n<p>Canon Pixma MG 2950<\/p>\n<p>Canon Pixma MG 2950 S<\/p>\n<p>Canon Pixma MG 3000 Series<\/p>\n<p>Canon Pixma MG 3050<\/p>\n<p>Canon Pixma MG 3050 Series<\/p>\n<p>Canon Pixma MG 3051<\/p>\n<p>Canon Pixma MG 3052<\/p>\n<p>Canon Pixma MG 3053<\/p>\n<p>Canon Pixma MX 490 Series<\/p>\n<p>Canon Pixma MX 494<\/p>\n<p>Canon Pixma MX 495<\/p>\n<p>Canon Pixma MX 495 white<\/p>\n<p>Canon Pixma TR 4500 Series<\/p>\n<p>Canon Pixma TR 4540<\/p>\n<p>Canon Pixma TR 4541<\/p>\n<p>Canon Pixma TR 4550<\/p>\n<p>Canon Pixma TR 4551<\/p>\n<p>Canon Pixma TR 4600 Series<\/p>\n<p>Canon Pixma TR 4640<\/p>\n<p>Canon Pixma TR 4650<\/p>\n<p>Canon Pixma TR 4651<\/p>\n<p>Canon Pixma TR 4750<\/p>\n<p>Canon Pixma TS 205<\/p>\n<p>Canon Pixma TS 302<\/p>\n<p>Canon Pixma TS 304<\/p>\n<p>Canon Pixma TS 305<\/p>\n<p>Canon Pixma TS 3100 Series<\/p>\n<p>Canon Pixma TS 3150<\/p>\n<p>Canon Pixma TS 3151<\/p>\n<p>Canon Pixma TS 3152<\/p>\n<p>Canon Pixma TS 3300 Series<\/p>\n<p>Canon Pixma TS 3350<\/p>\n<p>Canon Pixma TS 3350 Series<\/p>\n<p>Canon Pixma TS 3351<\/p>\n<p>Canon Pixma TS 3352<\/p>\n<p>Canon Pixma TS 3355<\/p>\n<p>Canon Pixma TS 3400 Series<\/p>\n<p>Canon Pixma TS 3440<\/p>\n<p>Canon Pixma TS 3450<\/p>\n<p>Canon Pixma TS 3450 Series<\/p>\n<p>Canon Pixma TS 3451<\/p>\n<p>Canon Pixma TS 3452<\/p>\n<p>Canon Pixma TS 3550<\/p>\n<p>&nbsp;<\/p>","protected":false},"excerpt":{"rendered":"<p>Upotrijebite na\u0161u vrhunsku zamjensku tintu TNT za Canon Canon CL-546XL Tricolor kako biste osigurali iznimno kvalitetne ispise po pristupa\u010dnoj cijeni. Ova tinta je idealna za Canon pisa\u010de i pru\u017ea izvanredne rezultate za otprilike 300 stranica. &nbsp; &nbsp; Na\u0161a TNT zamjenska tinta Canon CL-546XL Tricolor je formulirana s vrhunskim pigmentima koji osiguravaju o\u0161tre, jasne i duboke [&hellip;]<\/p>\n","protected":false},"featured_media":6263,"comment_status":"open","ping_status":"closed","template":"","meta":{"om_disable_all_campaigns":false,"_monsterinsights_skip_tracking":false,"_monsterinsights_sitenote_active":false,"_monsterinsights_sitenote_note":"","_monsterinsights_sitenote_category":0,"_uf_show_specific_survey":0,"_uf_disable_surveys":false},"product_brand":[],"product_cat":[21,28],"product_tag":[],"class_list":{"0":"post-6600","1":"product","2":"type-product","3":"status-publish","4":"has-post-thumbnail","6":"product_cat-tinte","7":"product_cat-zamjenske-tinte","9":"first","10":"instock","11":"taxable","12":"shipping-taxable","13":"purchasable","14":"product-type-simple"},"aioseo_notices":[],"yoast_head":"<!-- This site is optimized with the Yoast SEO plugin v27.4 - https:\/\/yoast.com\/product\/yoast-seo-wordpress\/ -->\n<title>Zamjenska tinta Canon CL-546XL Tricolor - TNT<\/title>\n<meta name=\"description\" content=\"Zamjenska tinta Canon CL-546XL Tricolor za: Canon Pixma IP 2800 Series - MG 2400 Series - MG 2500 Series - MG 2900 Series - MG 3000 Series ...\" \/>\n<meta name=\"robots\" content=\"index, follow, max-snippet:-1, max-image-preview:large, max-video-preview:-1\" \/>\n<link rel=\"canonical\" href=\"https:\/\/tinte-toneri.hr\/en\/shop\/tinte\/zamjenske-tinte\/zamjenska-tinta-canon-cl-546xl-tricolor\/\" \/>\n<meta property=\"og:locale\" content=\"en_US\" \/>\n<meta property=\"og:type\" content=\"article\" \/>\n<meta property=\"og:title\" content=\"Zamjenska tinta Canon CL-546XL Tricolor - TNT\" \/>\n<meta property=\"og:description\" content=\"Zamjenska tinta Canon CL-546XL Tricolor za: Canon Pixma IP 2800 Series - MG 2400 Series - MG 2500 Series - MG 2900 Series - MG 3000 Series ...\" \/>\n<meta property=\"og:url\" content=\"https:\/\/tinte-toneri.hr\/en\/shop\/tinte\/zamjenske-tinte\/zamjenska-tinta-canon-cl-546xl-tricolor\/\" \/>\n<meta property=\"og:site_name\" content=\"TNT\" \/>\n<meta property=\"article:modified_time\" content=\"2024-09-17T09:50:59+00:00\" \/>\n<meta property=\"og:image\" content=\"https:\/\/tinte-toneri.hr\/wp-content\/uploads\/2023\/12\/Zamjenska-tinta-768x1024.png\" \/>\n\t<meta property=\"og:image:width\" content=\"768\" \/>\n\t<meta property=\"og:image:height\" content=\"1024\" \/>\n\t<meta property=\"og:image:type\" content=\"image\/png\" \/>\n<meta name=\"twitter:card\" content=\"summary_large_image\" \/>\n<meta name=\"twitter:label1\" content=\"Est. reading time\" \/>\n\t<meta name=\"twitter:data1\" content=\"3 minutes\" \/>\n<script type=\"application\/ld+json\" class=\"yoast-schema-graph\">{\"@context\":\"https:\\\/\\\/schema.org\",\"@graph\":[{\"@type\":\"WebPage\",\"@id\":\"https:\\\/\\\/tinte-toneri.hr\\\/en\\\/shop\\\/tinte\\\/zamjenske-tinte\\\/zamjenska-tinta-canon-cl-546xl-tricolor\\\/\",\"url\":\"https:\\\/\\\/tinte-toneri.hr\\\/en\\\/shop\\\/tinte\\\/zamjenske-tinte\\\/zamjenska-tinta-canon-cl-546xl-tricolor\\\/\",\"name\":\"Zamjenska tinta Canon CL-546XL Tricolor - TNT\",\"isPartOf\":{\"@id\":\"https:\\\/\\\/tinte-toneri.hr\\\/#website\"},\"primaryImageOfPage\":{\"@id\":\"https:\\\/\\\/tinte-toneri.hr\\\/en\\\/shop\\\/tinte\\\/zamjenske-tinte\\\/zamjenska-tinta-canon-cl-546xl-tricolor\\\/#primaryimage\"},\"image\":{\"@id\":\"https:\\\/\\\/tinte-toneri.hr\\\/en\\\/shop\\\/tinte\\\/zamjenske-tinte\\\/zamjenska-tinta-canon-cl-546xl-tricolor\\\/#primaryimage\"},\"thumbnailUrl\":\"https:\\\/\\\/tinte-toneri.hr\\\/wp-content\\\/uploads\\\/2023\\\/12\\\/Zamjenska-tinta.png\",\"datePublished\":\"2024-01-07T10:42:35+00:00\",\"dateModified\":\"2024-09-17T09:50:59+00:00\",\"description\":\"Zamjenska tinta Canon CL-546XL Tricolor za: Canon Pixma IP 2800 Series - MG 2400 Series - MG 2500 Series - MG 2900 Series - MG 3000 Series ...\",\"breadcrumb\":{\"@id\":\"https:\\\/\\\/tinte-toneri.hr\\\/en\\\/shop\\\/tinte\\\/zamjenske-tinte\\\/zamjenska-tinta-canon-cl-546xl-tricolor\\\/#breadcrumb\"},\"inLanguage\":\"en-US\",\"potentialAction\":[{\"@type\":\"ReadAction\",\"target\":[\"https:\\\/\\\/tinte-toneri.hr\\\/en\\\/shop\\\/tinte\\\/zamjenske-tinte\\\/zamjenska-tinta-canon-cl-546xl-tricolor\\\/\"]}]},{\"@type\":\"ImageObject\",\"inLanguage\":\"en-US\",\"@id\":\"https:\\\/\\\/tinte-toneri.hr\\\/en\\\/shop\\\/tinte\\\/zamjenske-tinte\\\/zamjenska-tinta-canon-cl-546xl-tricolor\\\/#primaryimage\",\"url\":\"https:\\\/\\\/tinte-toneri.hr\\\/wp-content\\\/uploads\\\/2023\\\/12\\\/Zamjenska-tinta.png\",\"contentUrl\":\"https:\\\/\\\/tinte-toneri.hr\\\/wp-content\\\/uploads\\\/2023\\\/12\\\/Zamjenska-tinta.png\",\"width\":3000,\"height\":4000},{\"@type\":\"BreadcrumbList\",\"@id\":\"https:\\\/\\\/tinte-toneri.hr\\\/en\\\/shop\\\/tinte\\\/zamjenske-tinte\\\/zamjenska-tinta-canon-cl-546xl-tricolor\\\/#breadcrumb\",\"itemListElement\":[{\"@type\":\"ListItem\",\"position\":1,\"name\":\"Po\u010detna stranica\",\"item\":\"https:\\\/\\\/tinte-toneri.hr\\\/\"},{\"@type\":\"ListItem\",\"position\":2,\"name\":\"Shop\",\"item\":\"https:\\\/\\\/tinte-toneri.hr\\\/shop\\\/\"},{\"@type\":\"ListItem\",\"position\":3,\"name\":\"Zamjenska tinta Canon CL-546XL Tricolor\"}]},{\"@type\":\"WebSite\",\"@id\":\"https:\\\/\\\/tinte-toneri.hr\\\/#website\",\"url\":\"https:\\\/\\\/tinte-toneri.hr\\\/\",\"name\":\"TNT\",\"description\":\"Tinte i toneri\",\"publisher\":{\"@id\":\"https:\\\/\\\/tinte-toneri.hr\\\/#organization\"},\"potentialAction\":[{\"@type\":\"SearchAction\",\"target\":{\"@type\":\"EntryPoint\",\"urlTemplate\":\"https:\\\/\\\/tinte-toneri.hr\\\/?s={search_term_string}\"},\"query-input\":{\"@type\":\"PropertyValueSpecification\",\"valueRequired\":true,\"valueName\":\"search_term_string\"}}],\"inLanguage\":\"en-US\"},{\"@type\":\"Organization\",\"@id\":\"https:\\\/\\\/tinte-toneri.hr\\\/#organization\",\"name\":\"TNT Global\",\"url\":\"https:\\\/\\\/tinte-toneri.hr\\\/\",\"logo\":{\"@type\":\"ImageObject\",\"inLanguage\":\"en-US\",\"@id\":\"https:\\\/\\\/tinte-toneri.hr\\\/#\\\/schema\\\/logo\\\/image\\\/\",\"url\":\"https:\\\/\\\/tinte-toneri.hr\\\/wp-content\\\/uploads\\\/2023\\\/10\\\/cropped-Logo1-removebg.png\",\"contentUrl\":\"https:\\\/\\\/tinte-toneri.hr\\\/wp-content\\\/uploads\\\/2023\\\/10\\\/cropped-Logo1-removebg.png\",\"width\":2124,\"height\":2129,\"caption\":\"TNT Global\"},\"image\":{\"@id\":\"https:\\\/\\\/tinte-toneri.hr\\\/#\\\/schema\\\/logo\\\/image\\\/\"}}]}<\/script>\n<!-- \/ Yoast SEO plugin. -->","yoast_head_json":{"title":"Zamjenska tinta Canon CL-546XL Tricolor - TNT","description":"Zamjenska tinta Canon CL-546XL Tricolor za: Canon Pixma IP 2800 Series - MG 2400 Series - MG 2500 Series - MG 2900 Series - MG 3000 Series ...","robots":{"index":"index","follow":"follow","max-snippet":"max-snippet:-1","max-image-preview":"max-image-preview:large","max-video-preview":"max-video-preview:-1"},"canonical":"https:\/\/tinte-toneri.hr\/en\/shop\/tinte\/zamjenske-tinte\/zamjenska-tinta-canon-cl-546xl-tricolor\/","og_locale":"en_US","og_type":"article","og_title":"Zamjenska tinta Canon CL-546XL Tricolor - TNT","og_description":"Zamjenska tinta Canon CL-546XL Tricolor za: Canon Pixma IP 2800 Series - MG 2400 Series - MG 2500 Series - MG 2900 Series - MG 3000 Series ...","og_url":"https:\/\/tinte-toneri.hr\/en\/shop\/tinte\/zamjenske-tinte\/zamjenska-tinta-canon-cl-546xl-tricolor\/","og_site_name":"TNT","article_modified_time":"2024-09-17T09:50:59+00:00","og_image":[{"width":768,"height":1024,"url":"https:\/\/tinte-toneri.hr\/wp-content\/uploads\/2023\/12\/Zamjenska-tinta-768x1024.png","type":"image\/png"}],"twitter_card":"summary_large_image","twitter_misc":{"Est. reading time":"3 minutes"},"schema":{"@context":"https:\/\/schema.org","@graph":[{"@type":"WebPage","@id":"https:\/\/tinte-toneri.hr\/en\/shop\/tinte\/zamjenske-tinte\/zamjenska-tinta-canon-cl-546xl-tricolor\/","url":"https:\/\/tinte-toneri.hr\/en\/shop\/tinte\/zamjenske-tinte\/zamjenska-tinta-canon-cl-546xl-tricolor\/","name":"Zamjenska tinta Canon CL-546XL Tricolor - TNT","isPartOf":{"@id":"https:\/\/tinte-toneri.hr\/#website"},"primaryImageOfPage":{"@id":"https:\/\/tinte-toneri.hr\/en\/shop\/tinte\/zamjenske-tinte\/zamjenska-tinta-canon-cl-546xl-tricolor\/#primaryimage"},"image":{"@id":"https:\/\/tinte-toneri.hr\/en\/shop\/tinte\/zamjenske-tinte\/zamjenska-tinta-canon-cl-546xl-tricolor\/#primaryimage"},"thumbnailUrl":"https:\/\/tinte-toneri.hr\/wp-content\/uploads\/2023\/12\/Zamjenska-tinta.png","datePublished":"2024-01-07T10:42:35+00:00","dateModified":"2024-09-17T09:50:59+00:00","description":"Zamjenska tinta Canon CL-546XL Tricolor za: Canon Pixma IP 2800 Series - MG 2400 Series - MG 2500 Series - MG 2900 Series - MG 3000 Series ...","breadcrumb":{"@id":"https:\/\/tinte-toneri.hr\/en\/shop\/tinte\/zamjenske-tinte\/zamjenska-tinta-canon-cl-546xl-tricolor\/#breadcrumb"},"inLanguage":"en-US","potentialAction":[{"@type":"ReadAction","target":["https:\/\/tinte-toneri.hr\/en\/shop\/tinte\/zamjenske-tinte\/zamjenska-tinta-canon-cl-546xl-tricolor\/"]}]},{"@type":"ImageObject","inLanguage":"en-US","@id":"https:\/\/tinte-toneri.hr\/en\/shop\/tinte\/zamjenske-tinte\/zamjenska-tinta-canon-cl-546xl-tricolor\/#primaryimage","url":"https:\/\/tinte-toneri.hr\/wp-content\/uploads\/2023\/12\/Zamjenska-tinta.png","contentUrl":"https:\/\/tinte-toneri.hr\/wp-content\/uploads\/2023\/12\/Zamjenska-tinta.png","width":3000,"height":4000},{"@type":"BreadcrumbList","@id":"https:\/\/tinte-toneri.hr\/en\/shop\/tinte\/zamjenske-tinte\/zamjenska-tinta-canon-cl-546xl-tricolor\/#breadcrumb","itemListElement":[{"@type":"ListItem","position":1,"name":"Po\u010detna stranica","item":"https:\/\/tinte-toneri.hr\/"},{"@type":"ListItem","position":2,"name":"Shop","item":"https:\/\/tinte-toneri.hr\/shop\/"},{"@type":"ListItem","position":3,"name":"Zamjenska tinta Canon CL-546XL Tricolor"}]},{"@type":"WebSite","@id":"https:\/\/tinte-toneri.hr\/#website","url":"https:\/\/tinte-toneri.hr\/","name":"TNT","description":"Tinte i toneri","publisher":{"@id":"https:\/\/tinte-toneri.hr\/#organization"},"potentialAction":[{"@type":"SearchAction","target":{"@type":"EntryPoint","urlTemplate":"https:\/\/tinte-toneri.hr\/?s={search_term_string}"},"query-input":{"@type":"PropertyValueSpecification","valueRequired":true,"valueName":"search_term_string"}}],"inLanguage":"en-US"},{"@type":"Organization","@id":"https:\/\/tinte-toneri.hr\/#organization","name":"TNT Global","url":"https:\/\/tinte-toneri.hr\/","logo":{"@type":"ImageObject","inLanguage":"en-US","@id":"https:\/\/tinte-toneri.hr\/#\/schema\/logo\/image\/","url":"https:\/\/tinte-toneri.hr\/wp-content\/uploads\/2023\/10\/cropped-Logo1-removebg.png","contentUrl":"https:\/\/tinte-toneri.hr\/wp-content\/uploads\/2023\/10\/cropped-Logo1-removebg.png","width":2124,"height":2129,"caption":"TNT Global"},"image":{"@id":"https:\/\/tinte-toneri.hr\/#\/schema\/logo\/image\/"}}]}},"jetpack_sharing_enabled":true,"_links":{"self":[{"href":"https:\/\/tinte-toneri.hr\/en\/wp-json\/wp\/v2\/product\/6600","targetHints":{"allow":["GET"]}}],"collection":[{"href":"https:\/\/tinte-toneri.hr\/en\/wp-json\/wp\/v2\/product"}],"about":[{"href":"https:\/\/tinte-toneri.hr\/en\/wp-json\/wp\/v2\/types\/product"}],"replies":[{"embeddable":true,"href":"https:\/\/tinte-toneri.hr\/en\/wp-json\/wp\/v2\/comments?post=6600"}],"wp:featuredmedia":[{"embeddable":true,"href":"https:\/\/tinte-toneri.hr\/en\/wp-json\/wp\/v2\/media\/6263"}],"wp:attachment":[{"href":"https:\/\/tinte-toneri.hr\/en\/wp-json\/wp\/v2\/media?parent=6600"}],"wp:term":[{"taxonomy":"product_brand","embeddable":true,"href":"https:\/\/tinte-toneri.hr\/en\/wp-json\/wp\/v2\/product_brand?post=6600"},{"taxonomy":"product_cat","embeddable":true,"href":"https:\/\/tinte-toneri.hr\/en\/wp-json\/wp\/v2\/product_cat?post=6600"},{"taxonomy":"product_tag","embeddable":true,"href":"https:\/\/tinte-toneri.hr\/en\/wp-json\/wp\/v2\/product_tag?post=6600"}],"curies":[{"name":"wp","href":"https:\/\/api.w.org\/{rel}","templated":true}]}}