{"id":6603,"date":"2024-01-08T08:20:54","date_gmt":"2024-01-08T08:20:54","guid":{"rendered":"https:\/\/tinte-toneri.hr\/?post_type=product&#038;p=6603"},"modified":"2024-09-17T09:50:58","modified_gmt":"2024-09-17T09:50:58","slug":"hp-cf219a-19a-original-bubanj","status":"publish","type":"product","link":"https:\/\/tinte-toneri.hr\/en\/shop\/bubanj\/hp-cf219a-19a-original-bubanj\/","title":{"rendered":"HP CF219A \/ 19A original bubanj"},"content":{"rendered":"<p>Originalni bubanj HP CF219A \/ 19A pru\u017ea precizan ispis, stranicu za stranicom, kako bi vam osigurao vrhunske rezultate bez obzira na va\u0161e potrebe. Dizajniran je da radi svaki put kao i prvi put, \u0161to zna\u010di da mo\u017eete imati povjerenje u njegovu pouzdanost i dosljednost.<\/p>\n<p>&nbsp;<\/p>\n<p>&nbsp;<\/p>\n<p>Bubanj zadovoljava kriterije emisije ekolo\u0161ke oznake. Na taj na\u010din poma\u017ee u odr\u017eavanju kvalitete zraka u zatvorenim prostorima gdje \u017eivite i radite.<\/p>\n<p>&nbsp;<\/p>\n<p>&nbsp;<\/p>\n<p>&nbsp;<\/p>\n<p>Naru\u010divanje originalnog bubnja HP CF219A \/ 19A iz na\u0161eg web shopa jam\u010di vam izvrsnu kvalitetu tiska, dugotrajnost va\u0161eg pisa\u010da i pozitivan utjecaj na okoli\u0161. Obratite se nama danas i iskusite prednosti vrhunskih HP proizvoda.<\/p>\n<p>&nbsp;<\/p>\n<p>&nbsp;<\/p>\n<p>&nbsp;<\/p>\n<p>HP CF219A \/ 19A original bubanj\u00a0radi sa:<\/p>\n<p>&nbsp;<\/p>\n<div class=\"row\">\n<div class=\"col-xs-12 col-sm-6 col-md-4 col-lg-4\">HP LaserJet Pro M 102 Series<br \/>\nHP LaserJet Pro M 102 a<br \/>\nHP LaserJet Pro M 102 w<br \/>\nHP LaserJet Pro M 130 Series<br \/>\nHP LaserJet Pro M 130 fnwp<br \/>\nHP LaserJet Pro M 132 Series<br \/>\nHP LaserJet Pro M 132 a<br \/>\nHP LaserJet Pro M 132 fn<br \/>\nHP LaserJet Pro M 132 fp<br \/>\nHP LaserJet Pro M 132 fw<br \/>\nHP LaserJet Pro M 132 nw<br \/>\nHP LaserJet Pro M 132 sfnw<br \/>\nHP LaserJet Pro M 132 snw<br \/>\nHP LaserJet Pro M 134 Series<br \/>\nHP LaserJet Pro MFP M 130 Series<br \/>\nHP LaserJet Pro MFP M 130 a<br \/>\nHP LaserJet Pro MFP M 130 fn<br \/>\nHP LaserJet Pro MFP M 130 fw<br \/>\nHP LaserJet Pro MFP M 130 nw<\/div>\n<\/div>","protected":false},"excerpt":{"rendered":"<p>Originalni bubanj HP CF219A \/ 19A pru\u017ea precizan ispis, stranicu za stranicom, kako bi vam osigurao vrhunske rezultate bez obzira na va\u0161e potrebe. Dizajniran je da radi svaki put kao i prvi put, \u0161to zna\u010di da mo\u017eete imati povjerenje u njegovu pouzdanost i dosljednost. &nbsp; &nbsp; Bubanj zadovoljava kriterije emisije ekolo\u0161ke oznake. Na taj na\u010din [&hellip;]<\/p>\n","protected":false},"featured_media":6604,"comment_status":"open","ping_status":"closed","template":"","meta":{"om_disable_all_campaigns":false,"_monsterinsights_skip_tracking":false,"_monsterinsights_sitenote_active":false,"_monsterinsights_sitenote_note":"","_monsterinsights_sitenote_category":0,"_uf_show_specific_survey":0,"_uf_disable_surveys":false},"product_brand":[],"product_cat":[2578],"product_tag":[],"class_list":{"0":"post-6603","1":"product","2":"type-product","3":"status-publish","4":"has-post-thumbnail","6":"product_cat-bubanj","8":"first","9":"instock","10":"taxable","11":"shipping-taxable","12":"purchasable","13":"product-type-simple"},"aioseo_notices":[],"yoast_head":"<!-- This site is optimized with the Yoast SEO plugin v27.4 - https:\/\/yoast.com\/product\/yoast-seo-wordpress\/ -->\n<title>HP CF219A \/ 19A original bubanj - TNT<\/title>\n<meta name=\"description\" content=\"HP CF219A \/ 19A original bubanj za: HP LaserJet Pro M 102 Series - HP LaserJet Pro M 130 Series - HP LaserJet Pro M 132 Series ...\" \/>\n<meta name=\"robots\" content=\"index, follow, max-snippet:-1, max-image-preview:large, max-video-preview:-1\" \/>\n<link rel=\"canonical\" href=\"https:\/\/tinte-toneri.hr\/en\/shop\/bubanj\/hp-cf219a-19a-original-bubanj\/\" \/>\n<meta property=\"og:locale\" content=\"en_US\" \/>\n<meta property=\"og:type\" content=\"article\" \/>\n<meta property=\"og:title\" content=\"HP CF219A \/ 19A original bubanj - TNT\" \/>\n<meta property=\"og:description\" content=\"HP CF219A \/ 19A original bubanj za: HP LaserJet Pro M 102 Series - HP LaserJet Pro M 130 Series - HP LaserJet Pro M 132 Series ...\" \/>\n<meta property=\"og:url\" content=\"https:\/\/tinte-toneri.hr\/en\/shop\/bubanj\/hp-cf219a-19a-original-bubanj\/\" \/>\n<meta property=\"og:site_name\" content=\"TNT\" \/>\n<meta property=\"article:modified_time\" content=\"2024-09-17T09:50:58+00:00\" \/>\n<meta property=\"og:image\" content=\"https:\/\/tinte-toneri.hr\/wp-content\/uploads\/2024\/01\/HP-CF219A-19A-original-bubanj.jpg\" \/>\n\t<meta property=\"og:image:width\" content=\"600\" \/>\n\t<meta property=\"og:image:height\" content=\"600\" \/>\n\t<meta property=\"og:image:type\" content=\"image\/jpeg\" \/>\n<meta name=\"twitter:card\" content=\"summary_large_image\" \/>\n<meta name=\"twitter:label1\" content=\"Est. reading time\" \/>\n\t<meta name=\"twitter:data1\" content=\"2 minutes\" \/>\n<script type=\"application\/ld+json\" class=\"yoast-schema-graph\">{\"@context\":\"https:\\\/\\\/schema.org\",\"@graph\":[{\"@type\":\"WebPage\",\"@id\":\"https:\\\/\\\/tinte-toneri.hr\\\/en\\\/shop\\\/bubanj\\\/hp-cf219a-19a-original-bubanj\\\/\",\"url\":\"https:\\\/\\\/tinte-toneri.hr\\\/en\\\/shop\\\/bubanj\\\/hp-cf219a-19a-original-bubanj\\\/\",\"name\":\"HP CF219A \\\/ 19A original bubanj - TNT\",\"isPartOf\":{\"@id\":\"https:\\\/\\\/tinte-toneri.hr\\\/#website\"},\"primaryImageOfPage\":{\"@id\":\"https:\\\/\\\/tinte-toneri.hr\\\/en\\\/shop\\\/bubanj\\\/hp-cf219a-19a-original-bubanj\\\/#primaryimage\"},\"image\":{\"@id\":\"https:\\\/\\\/tinte-toneri.hr\\\/en\\\/shop\\\/bubanj\\\/hp-cf219a-19a-original-bubanj\\\/#primaryimage\"},\"thumbnailUrl\":\"https:\\\/\\\/tinte-toneri.hr\\\/wp-content\\\/uploads\\\/2024\\\/01\\\/HP-CF219A-19A-original-bubanj.jpg\",\"datePublished\":\"2024-01-08T08:20:54+00:00\",\"dateModified\":\"2024-09-17T09:50:58+00:00\",\"description\":\"HP CF219A \\\/ 19A original bubanj za: HP LaserJet Pro M 102 Series - HP LaserJet Pro M 130 Series - HP LaserJet Pro M 132 Series ...\",\"breadcrumb\":{\"@id\":\"https:\\\/\\\/tinte-toneri.hr\\\/en\\\/shop\\\/bubanj\\\/hp-cf219a-19a-original-bubanj\\\/#breadcrumb\"},\"inLanguage\":\"en-US\",\"potentialAction\":[{\"@type\":\"ReadAction\",\"target\":[\"https:\\\/\\\/tinte-toneri.hr\\\/en\\\/shop\\\/bubanj\\\/hp-cf219a-19a-original-bubanj\\\/\"]}]},{\"@type\":\"ImageObject\",\"inLanguage\":\"en-US\",\"@id\":\"https:\\\/\\\/tinte-toneri.hr\\\/en\\\/shop\\\/bubanj\\\/hp-cf219a-19a-original-bubanj\\\/#primaryimage\",\"url\":\"https:\\\/\\\/tinte-toneri.hr\\\/wp-content\\\/uploads\\\/2024\\\/01\\\/HP-CF219A-19A-original-bubanj.jpg\",\"contentUrl\":\"https:\\\/\\\/tinte-toneri.hr\\\/wp-content\\\/uploads\\\/2024\\\/01\\\/HP-CF219A-19A-original-bubanj.jpg\",\"width\":600,\"height\":600},{\"@type\":\"BreadcrumbList\",\"@id\":\"https:\\\/\\\/tinte-toneri.hr\\\/en\\\/shop\\\/bubanj\\\/hp-cf219a-19a-original-bubanj\\\/#breadcrumb\",\"itemListElement\":[{\"@type\":\"ListItem\",\"position\":1,\"name\":\"Po\u010detna stranica\",\"item\":\"https:\\\/\\\/tinte-toneri.hr\\\/\"},{\"@type\":\"ListItem\",\"position\":2,\"name\":\"Shop\",\"item\":\"https:\\\/\\\/tinte-toneri.hr\\\/shop\\\/\"},{\"@type\":\"ListItem\",\"position\":3,\"name\":\"HP CF219A \\\/ 19A original bubanj\"}]},{\"@type\":\"WebSite\",\"@id\":\"https:\\\/\\\/tinte-toneri.hr\\\/#website\",\"url\":\"https:\\\/\\\/tinte-toneri.hr\\\/\",\"name\":\"TNT\",\"description\":\"Tinte i toneri\",\"publisher\":{\"@id\":\"https:\\\/\\\/tinte-toneri.hr\\\/#organization\"},\"potentialAction\":[{\"@type\":\"SearchAction\",\"target\":{\"@type\":\"EntryPoint\",\"urlTemplate\":\"https:\\\/\\\/tinte-toneri.hr\\\/?s={search_term_string}\"},\"query-input\":{\"@type\":\"PropertyValueSpecification\",\"valueRequired\":true,\"valueName\":\"search_term_string\"}}],\"inLanguage\":\"en-US\"},{\"@type\":\"Organization\",\"@id\":\"https:\\\/\\\/tinte-toneri.hr\\\/#organization\",\"name\":\"TNT Global\",\"url\":\"https:\\\/\\\/tinte-toneri.hr\\\/\",\"logo\":{\"@type\":\"ImageObject\",\"inLanguage\":\"en-US\",\"@id\":\"https:\\\/\\\/tinte-toneri.hr\\\/#\\\/schema\\\/logo\\\/image\\\/\",\"url\":\"https:\\\/\\\/tinte-toneri.hr\\\/wp-content\\\/uploads\\\/2023\\\/10\\\/cropped-Logo1-removebg.png\",\"contentUrl\":\"https:\\\/\\\/tinte-toneri.hr\\\/wp-content\\\/uploads\\\/2023\\\/10\\\/cropped-Logo1-removebg.png\",\"width\":2124,\"height\":2129,\"caption\":\"TNT Global\"},\"image\":{\"@id\":\"https:\\\/\\\/tinte-toneri.hr\\\/#\\\/schema\\\/logo\\\/image\\\/\"}}]}<\/script>\n<!-- \/ Yoast SEO plugin. -->","yoast_head_json":{"title":"HP CF219A \/ 19A original bubanj - TNT","description":"HP CF219A \/ 19A original bubanj za: HP LaserJet Pro M 102 Series - HP LaserJet Pro M 130 Series - HP LaserJet Pro M 132 Series ...","robots":{"index":"index","follow":"follow","max-snippet":"max-snippet:-1","max-image-preview":"max-image-preview:large","max-video-preview":"max-video-preview:-1"},"canonical":"https:\/\/tinte-toneri.hr\/en\/shop\/bubanj\/hp-cf219a-19a-original-bubanj\/","og_locale":"en_US","og_type":"article","og_title":"HP CF219A \/ 19A original bubanj - TNT","og_description":"HP CF219A \/ 19A original bubanj za: HP LaserJet Pro M 102 Series - HP LaserJet Pro M 130 Series - HP LaserJet Pro M 132 Series ...","og_url":"https:\/\/tinte-toneri.hr\/en\/shop\/bubanj\/hp-cf219a-19a-original-bubanj\/","og_site_name":"TNT","article_modified_time":"2024-09-17T09:50:58+00:00","og_image":[{"width":600,"height":600,"url":"https:\/\/tinte-toneri.hr\/wp-content\/uploads\/2024\/01\/HP-CF219A-19A-original-bubanj.jpg","type":"image\/jpeg"}],"twitter_card":"summary_large_image","twitter_misc":{"Est. reading time":"2 minutes"},"schema":{"@context":"https:\/\/schema.org","@graph":[{"@type":"WebPage","@id":"https:\/\/tinte-toneri.hr\/en\/shop\/bubanj\/hp-cf219a-19a-original-bubanj\/","url":"https:\/\/tinte-toneri.hr\/en\/shop\/bubanj\/hp-cf219a-19a-original-bubanj\/","name":"HP CF219A \/ 19A original bubanj - TNT","isPartOf":{"@id":"https:\/\/tinte-toneri.hr\/#website"},"primaryImageOfPage":{"@id":"https:\/\/tinte-toneri.hr\/en\/shop\/bubanj\/hp-cf219a-19a-original-bubanj\/#primaryimage"},"image":{"@id":"https:\/\/tinte-toneri.hr\/en\/shop\/bubanj\/hp-cf219a-19a-original-bubanj\/#primaryimage"},"thumbnailUrl":"https:\/\/tinte-toneri.hr\/wp-content\/uploads\/2024\/01\/HP-CF219A-19A-original-bubanj.jpg","datePublished":"2024-01-08T08:20:54+00:00","dateModified":"2024-09-17T09:50:58+00:00","description":"HP CF219A \/ 19A original bubanj za: HP LaserJet Pro M 102 Series - HP LaserJet Pro M 130 Series - HP LaserJet Pro M 132 Series ...","breadcrumb":{"@id":"https:\/\/tinte-toneri.hr\/en\/shop\/bubanj\/hp-cf219a-19a-original-bubanj\/#breadcrumb"},"inLanguage":"en-US","potentialAction":[{"@type":"ReadAction","target":["https:\/\/tinte-toneri.hr\/en\/shop\/bubanj\/hp-cf219a-19a-original-bubanj\/"]}]},{"@type":"ImageObject","inLanguage":"en-US","@id":"https:\/\/tinte-toneri.hr\/en\/shop\/bubanj\/hp-cf219a-19a-original-bubanj\/#primaryimage","url":"https:\/\/tinte-toneri.hr\/wp-content\/uploads\/2024\/01\/HP-CF219A-19A-original-bubanj.jpg","contentUrl":"https:\/\/tinte-toneri.hr\/wp-content\/uploads\/2024\/01\/HP-CF219A-19A-original-bubanj.jpg","width":600,"height":600},{"@type":"BreadcrumbList","@id":"https:\/\/tinte-toneri.hr\/en\/shop\/bubanj\/hp-cf219a-19a-original-bubanj\/#breadcrumb","itemListElement":[{"@type":"ListItem","position":1,"name":"Po\u010detna stranica","item":"https:\/\/tinte-toneri.hr\/"},{"@type":"ListItem","position":2,"name":"Shop","item":"https:\/\/tinte-toneri.hr\/shop\/"},{"@type":"ListItem","position":3,"name":"HP CF219A \/ 19A original bubanj"}]},{"@type":"WebSite","@id":"https:\/\/tinte-toneri.hr\/#website","url":"https:\/\/tinte-toneri.hr\/","name":"TNT","description":"Tinte i toneri","publisher":{"@id":"https:\/\/tinte-toneri.hr\/#organization"},"potentialAction":[{"@type":"SearchAction","target":{"@type":"EntryPoint","urlTemplate":"https:\/\/tinte-toneri.hr\/?s={search_term_string}"},"query-input":{"@type":"PropertyValueSpecification","valueRequired":true,"valueName":"search_term_string"}}],"inLanguage":"en-US"},{"@type":"Organization","@id":"https:\/\/tinte-toneri.hr\/#organization","name":"TNT Global","url":"https:\/\/tinte-toneri.hr\/","logo":{"@type":"ImageObject","inLanguage":"en-US","@id":"https:\/\/tinte-toneri.hr\/#\/schema\/logo\/image\/","url":"https:\/\/tinte-toneri.hr\/wp-content\/uploads\/2023\/10\/cropped-Logo1-removebg.png","contentUrl":"https:\/\/tinte-toneri.hr\/wp-content\/uploads\/2023\/10\/cropped-Logo1-removebg.png","width":2124,"height":2129,"caption":"TNT Global"},"image":{"@id":"https:\/\/tinte-toneri.hr\/#\/schema\/logo\/image\/"}}]}},"jetpack_sharing_enabled":true,"_links":{"self":[{"href":"https:\/\/tinte-toneri.hr\/en\/wp-json\/wp\/v2\/product\/6603","targetHints":{"allow":["GET"]}}],"collection":[{"href":"https:\/\/tinte-toneri.hr\/en\/wp-json\/wp\/v2\/product"}],"about":[{"href":"https:\/\/tinte-toneri.hr\/en\/wp-json\/wp\/v2\/types\/product"}],"replies":[{"embeddable":true,"href":"https:\/\/tinte-toneri.hr\/en\/wp-json\/wp\/v2\/comments?post=6603"}],"wp:featuredmedia":[{"embeddable":true,"href":"https:\/\/tinte-toneri.hr\/en\/wp-json\/wp\/v2\/media\/6604"}],"wp:attachment":[{"href":"https:\/\/tinte-toneri.hr\/en\/wp-json\/wp\/v2\/media?parent=6603"}],"wp:term":[{"taxonomy":"product_brand","embeddable":true,"href":"https:\/\/tinte-toneri.hr\/en\/wp-json\/wp\/v2\/product_brand?post=6603"},{"taxonomy":"product_cat","embeddable":true,"href":"https:\/\/tinte-toneri.hr\/en\/wp-json\/wp\/v2\/product_cat?post=6603"},{"taxonomy":"product_tag","embeddable":true,"href":"https:\/\/tinte-toneri.hr\/en\/wp-json\/wp\/v2\/product_tag?post=6603"}],"curies":[{"name":"wp","href":"https:\/\/api.w.org\/{rel}","templated":true}]}}