{"id":6606,"date":"2024-01-08T08:39:35","date_gmt":"2024-01-08T08:39:35","guid":{"rendered":"https:\/\/tinte-toneri.hr\/?post_type=product&#038;p=6606"},"modified":"2024-09-17T09:50:58","modified_gmt":"2024-09-17T09:50:58","slug":"tnt-zamjenska-tinta-hp-901xl-tricolor-cc656ae","status":"publish","type":"product","link":"https:\/\/tinte-toneri.hr\/en\/shop\/tinte\/zamjenske-tinte\/tnt-zamjenska-tinta-hp-901xl-tricolor-cc656ae\/","title":{"rendered":"TNT zamjenska tinta HP 901XL Tricolor (CC656AE)"},"content":{"rendered":"<p>Upotrijebite na\u0161u vrhunsku zamjensku tintu TNT za HP 901XL Tricolor (CC656AE) kako biste osigurali iznimno kvalitetne ispise po pristupa\u010dnoj cijeni. Ova tinta je idealna za HP pisa\u010de i pru\u017ea izvanredne rezultate ispisa za otprilike 700 stranica.<\/p>\n<p>&nbsp;<\/p>\n<p>&nbsp;<\/p>\n<p>Na\u0161a TNT zamjenska tinta HP 901XL Tricolor (CC656AE) je formulirana s vrhunskim pigmentima koji osiguravaju bogate i \u017eivopisne boje. Bez obzira na to je li u pitanju tekst, grafika ili fotografija, ova tinta pru\u017ea konzistentne rezultate s visokim stupnjem detalja.<\/p>\n<p>&nbsp;<\/p>\n<p>&nbsp;<\/p>\n<p>Pored izvrsne kvalitete ispisa, na\u0161a zamjenska tinta HP 901XL Tricolor (CC656AE) je i jednostavna za kori\u0161tenje. Napunite je u svoj HP pisa\u010d bez napora i nastavite s besprijekornim ispisom. Tinta se lako integrira s va\u0161im pisa\u010dem, osiguravaju\u0107i pouzdane rezultate i minimalne smetnje tijekom ispisa.<\/p>\n<p>&nbsp;<\/p>\n<p>&nbsp;<\/p>\n<p>Ova zamjenska tinta HP 901XL Tricolor (CC656AE) je pristupa\u010dna alternativa originalnim HP tintama, bez kompromisa po pitanju kvalitete. U\u0161tedite novac bez gubitka na izvedbi. Uz na\u0161u TNT zamjensku tintu, dobit \u0107ete visokokvalitetne ispise po povoljnoj cijeni.<\/p>\n<p>&nbsp;<\/p>\n<p>&nbsp;<\/p>\n<p>Proizvod je kompatibilan sa:<\/p>\n<p>&nbsp;<\/p>\n<p>HP OfficeJet 4500<\/p>\n<p>HP OfficeJet 4500 Wireless<\/p>\n<p>HP OfficeJet J 4524<\/p>\n<p>HP OfficeJet J 4535<\/p>\n<p>HP OfficeJet J 4540<\/p>\n<p>HP OfficeJet J 4545<\/p>\n<p>HP OfficeJet J 4550<\/p>\n<p>HP OfficeJet J 4580<\/p>\n<p>HP OfficeJet J 4585<\/p>\n<p>HP OfficeJet J 4624<\/p>\n<p>HP OfficeJet J 4660<\/p>\n<p>HP OfficeJet J 4680<\/p>\n<p>HP OfficeJet J 4680 C<\/p>","protected":false},"excerpt":{"rendered":"<p>Upotrijebite na\u0161u vrhunsku zamjensku tintu TNT za HP 901XL Tricolor (CC656AE) kako biste osigurali iznimno kvalitetne ispise po pristupa\u010dnoj cijeni. Ova tinta je idealna za HP pisa\u010de i pru\u017ea izvanredne rezultate ispisa za otprilike 700 stranica. &nbsp; &nbsp; Na\u0161a TNT zamjenska tinta HP 901XL Tricolor (CC656AE) je formulirana s vrhunskim pigmentima koji osiguravaju bogate i [&hellip;]<\/p>\n","protected":false},"featured_media":6263,"comment_status":"open","ping_status":"closed","template":"","meta":{"om_disable_all_campaigns":false,"_monsterinsights_skip_tracking":false,"_monsterinsights_sitenote_active":false,"_monsterinsights_sitenote_note":"","_monsterinsights_sitenote_category":0,"_uf_show_specific_survey":0,"_uf_disable_surveys":false},"product_brand":[],"product_cat":[21,28],"product_tag":[],"class_list":{"0":"post-6606","1":"product","2":"type-product","3":"status-publish","4":"has-post-thumbnail","6":"product_cat-tinte","7":"product_cat-zamjenske-tinte","9":"first","10":"instock","11":"taxable","12":"shipping-taxable","13":"purchasable","14":"product-type-simple"},"aioseo_notices":[],"yoast_head":"<!-- This site is optimized with the Yoast SEO plugin v27.4 - https:\/\/yoast.com\/product\/yoast-seo-wordpress\/ -->\n<title>TNT zamjenska tinta HP 901XL Tricolor (CC656AE) - TNT<\/title>\n<meta name=\"description\" content=\"Zamjenska tinta HP 901XL Tricolor (CC656AE) za: HP OfficeJet 4500 - 4500 Wireless- HP OfficeJet J 4524 - 4535 - 4540 - 4545- 4550 - 4580 - 4585 - 4624 ...\" \/>\n<meta name=\"robots\" content=\"index, follow, max-snippet:-1, max-image-preview:large, max-video-preview:-1\" \/>\n<link rel=\"canonical\" href=\"https:\/\/tinte-toneri.hr\/en\/shop\/tinte\/zamjenske-tinte\/tnt-zamjenska-tinta-hp-901xl-tricolor-cc656ae\/\" \/>\n<meta property=\"og:locale\" content=\"en_US\" \/>\n<meta property=\"og:type\" content=\"article\" \/>\n<meta property=\"og:title\" content=\"TNT zamjenska tinta HP 901XL Tricolor (CC656AE) - TNT\" \/>\n<meta property=\"og:description\" content=\"Zamjenska tinta HP 901XL Tricolor (CC656AE) za: HP OfficeJet 4500 - 4500 Wireless- HP OfficeJet J 4524 - 4535 - 4540 - 4545- 4550 - 4580 - 4585 - 4624 ...\" \/>\n<meta property=\"og:url\" content=\"https:\/\/tinte-toneri.hr\/en\/shop\/tinte\/zamjenske-tinte\/tnt-zamjenska-tinta-hp-901xl-tricolor-cc656ae\/\" \/>\n<meta property=\"og:site_name\" content=\"TNT\" \/>\n<meta property=\"article:modified_time\" content=\"2024-09-17T09:50:58+00:00\" \/>\n<meta property=\"og:image\" content=\"https:\/\/tinte-toneri.hr\/wp-content\/uploads\/2023\/12\/Zamjenska-tinta-768x1024.png\" \/>\n\t<meta property=\"og:image:width\" content=\"768\" \/>\n\t<meta property=\"og:image:height\" content=\"1024\" \/>\n\t<meta property=\"og:image:type\" content=\"image\/png\" \/>\n<meta name=\"twitter:card\" content=\"summary_large_image\" \/>\n<meta name=\"twitter:label1\" content=\"Est. reading time\" \/>\n\t<meta name=\"twitter:data1\" content=\"2 minutes\" \/>\n<script type=\"application\/ld+json\" class=\"yoast-schema-graph\">{\"@context\":\"https:\\\/\\\/schema.org\",\"@graph\":[{\"@type\":\"WebPage\",\"@id\":\"https:\\\/\\\/tinte-toneri.hr\\\/shop\\\/tinte\\\/zamjenske-tinte\\\/tnt-zamjenska-tinta-hp-901xl-tricolor-cc656ae\\\/\",\"url\":\"https:\\\/\\\/tinte-toneri.hr\\\/shop\\\/tinte\\\/zamjenske-tinte\\\/tnt-zamjenska-tinta-hp-901xl-tricolor-cc656ae\\\/\",\"name\":\"TNT zamjenska tinta HP 901XL Tricolor (CC656AE) - TNT\",\"isPartOf\":{\"@id\":\"https:\\\/\\\/tinte-toneri.hr\\\/#website\"},\"primaryImageOfPage\":{\"@id\":\"https:\\\/\\\/tinte-toneri.hr\\\/shop\\\/tinte\\\/zamjenske-tinte\\\/tnt-zamjenska-tinta-hp-901xl-tricolor-cc656ae\\\/#primaryimage\"},\"image\":{\"@id\":\"https:\\\/\\\/tinte-toneri.hr\\\/shop\\\/tinte\\\/zamjenske-tinte\\\/tnt-zamjenska-tinta-hp-901xl-tricolor-cc656ae\\\/#primaryimage\"},\"thumbnailUrl\":\"https:\\\/\\\/tinte-toneri.hr\\\/wp-content\\\/uploads\\\/2023\\\/12\\\/Zamjenska-tinta.png\",\"datePublished\":\"2024-01-08T08:39:35+00:00\",\"dateModified\":\"2024-09-17T09:50:58+00:00\",\"description\":\"Zamjenska tinta HP 901XL Tricolor (CC656AE) za: HP OfficeJet 4500 - 4500 Wireless- HP OfficeJet J 4524 - 4535 - 4540 - 4545- 4550 - 4580 - 4585 - 4624 ...\",\"breadcrumb\":{\"@id\":\"https:\\\/\\\/tinte-toneri.hr\\\/shop\\\/tinte\\\/zamjenske-tinte\\\/tnt-zamjenska-tinta-hp-901xl-tricolor-cc656ae\\\/#breadcrumb\"},\"inLanguage\":\"en-US\",\"potentialAction\":[{\"@type\":\"ReadAction\",\"target\":[\"https:\\\/\\\/tinte-toneri.hr\\\/shop\\\/tinte\\\/zamjenske-tinte\\\/tnt-zamjenska-tinta-hp-901xl-tricolor-cc656ae\\\/\"]}]},{\"@type\":\"ImageObject\",\"inLanguage\":\"en-US\",\"@id\":\"https:\\\/\\\/tinte-toneri.hr\\\/shop\\\/tinte\\\/zamjenske-tinte\\\/tnt-zamjenska-tinta-hp-901xl-tricolor-cc656ae\\\/#primaryimage\",\"url\":\"https:\\\/\\\/tinte-toneri.hr\\\/wp-content\\\/uploads\\\/2023\\\/12\\\/Zamjenska-tinta.png\",\"contentUrl\":\"https:\\\/\\\/tinte-toneri.hr\\\/wp-content\\\/uploads\\\/2023\\\/12\\\/Zamjenska-tinta.png\",\"width\":3000,\"height\":4000},{\"@type\":\"BreadcrumbList\",\"@id\":\"https:\\\/\\\/tinte-toneri.hr\\\/shop\\\/tinte\\\/zamjenske-tinte\\\/tnt-zamjenska-tinta-hp-901xl-tricolor-cc656ae\\\/#breadcrumb\",\"itemListElement\":[{\"@type\":\"ListItem\",\"position\":1,\"name\":\"Po\u010detna stranica\",\"item\":\"https:\\\/\\\/tinte-toneri.hr\\\/\"},{\"@type\":\"ListItem\",\"position\":2,\"name\":\"Shop\",\"item\":\"https:\\\/\\\/tinte-toneri.hr\\\/shop\\\/\"},{\"@type\":\"ListItem\",\"position\":3,\"name\":\"TNT zamjenska tinta HP 901XL Tricolor (CC656AE)\"}]},{\"@type\":\"WebSite\",\"@id\":\"https:\\\/\\\/tinte-toneri.hr\\\/#website\",\"url\":\"https:\\\/\\\/tinte-toneri.hr\\\/\",\"name\":\"TNT\",\"description\":\"Tinte i toneri\",\"publisher\":{\"@id\":\"https:\\\/\\\/tinte-toneri.hr\\\/#organization\"},\"potentialAction\":[{\"@type\":\"SearchAction\",\"target\":{\"@type\":\"EntryPoint\",\"urlTemplate\":\"https:\\\/\\\/tinte-toneri.hr\\\/?s={search_term_string}\"},\"query-input\":{\"@type\":\"PropertyValueSpecification\",\"valueRequired\":true,\"valueName\":\"search_term_string\"}}],\"inLanguage\":\"en-US\"},{\"@type\":\"Organization\",\"@id\":\"https:\\\/\\\/tinte-toneri.hr\\\/#organization\",\"name\":\"TNT Global\",\"url\":\"https:\\\/\\\/tinte-toneri.hr\\\/\",\"logo\":{\"@type\":\"ImageObject\",\"inLanguage\":\"en-US\",\"@id\":\"https:\\\/\\\/tinte-toneri.hr\\\/#\\\/schema\\\/logo\\\/image\\\/\",\"url\":\"https:\\\/\\\/tinte-toneri.hr\\\/wp-content\\\/uploads\\\/2023\\\/10\\\/cropped-Logo1-removebg.png\",\"contentUrl\":\"https:\\\/\\\/tinte-toneri.hr\\\/wp-content\\\/uploads\\\/2023\\\/10\\\/cropped-Logo1-removebg.png\",\"width\":2124,\"height\":2129,\"caption\":\"TNT Global\"},\"image\":{\"@id\":\"https:\\\/\\\/tinte-toneri.hr\\\/#\\\/schema\\\/logo\\\/image\\\/\"}}]}<\/script>\n<!-- \/ Yoast SEO plugin. -->","yoast_head_json":{"title":"TNT zamjenska tinta HP 901XL Tricolor (CC656AE) - TNT","description":"Zamjenska tinta HP 901XL Tricolor (CC656AE) za: HP OfficeJet 4500 - 4500 Wireless- HP OfficeJet J 4524 - 4535 - 4540 - 4545- 4550 - 4580 - 4585 - 4624 ...","robots":{"index":"index","follow":"follow","max-snippet":"max-snippet:-1","max-image-preview":"max-image-preview:large","max-video-preview":"max-video-preview:-1"},"canonical":"https:\/\/tinte-toneri.hr\/en\/shop\/tinte\/zamjenske-tinte\/tnt-zamjenska-tinta-hp-901xl-tricolor-cc656ae\/","og_locale":"en_US","og_type":"article","og_title":"TNT zamjenska tinta HP 901XL Tricolor (CC656AE) - TNT","og_description":"Zamjenska tinta HP 901XL Tricolor (CC656AE) za: HP OfficeJet 4500 - 4500 Wireless- HP OfficeJet J 4524 - 4535 - 4540 - 4545- 4550 - 4580 - 4585 - 4624 ...","og_url":"https:\/\/tinte-toneri.hr\/en\/shop\/tinte\/zamjenske-tinte\/tnt-zamjenska-tinta-hp-901xl-tricolor-cc656ae\/","og_site_name":"TNT","article_modified_time":"2024-09-17T09:50:58+00:00","og_image":[{"width":768,"height":1024,"url":"https:\/\/tinte-toneri.hr\/wp-content\/uploads\/2023\/12\/Zamjenska-tinta-768x1024.png","type":"image\/png"}],"twitter_card":"summary_large_image","twitter_misc":{"Est. reading time":"2 minutes"},"schema":{"@context":"https:\/\/schema.org","@graph":[{"@type":"WebPage","@id":"https:\/\/tinte-toneri.hr\/shop\/tinte\/zamjenske-tinte\/tnt-zamjenska-tinta-hp-901xl-tricolor-cc656ae\/","url":"https:\/\/tinte-toneri.hr\/shop\/tinte\/zamjenske-tinte\/tnt-zamjenska-tinta-hp-901xl-tricolor-cc656ae\/","name":"TNT zamjenska tinta HP 901XL Tricolor (CC656AE) - TNT","isPartOf":{"@id":"https:\/\/tinte-toneri.hr\/#website"},"primaryImageOfPage":{"@id":"https:\/\/tinte-toneri.hr\/shop\/tinte\/zamjenske-tinte\/tnt-zamjenska-tinta-hp-901xl-tricolor-cc656ae\/#primaryimage"},"image":{"@id":"https:\/\/tinte-toneri.hr\/shop\/tinte\/zamjenske-tinte\/tnt-zamjenska-tinta-hp-901xl-tricolor-cc656ae\/#primaryimage"},"thumbnailUrl":"https:\/\/tinte-toneri.hr\/wp-content\/uploads\/2023\/12\/Zamjenska-tinta.png","datePublished":"2024-01-08T08:39:35+00:00","dateModified":"2024-09-17T09:50:58+00:00","description":"Zamjenska tinta HP 901XL Tricolor (CC656AE) za: HP OfficeJet 4500 - 4500 Wireless- HP OfficeJet J 4524 - 4535 - 4540 - 4545- 4550 - 4580 - 4585 - 4624 ...","breadcrumb":{"@id":"https:\/\/tinte-toneri.hr\/shop\/tinte\/zamjenske-tinte\/tnt-zamjenska-tinta-hp-901xl-tricolor-cc656ae\/#breadcrumb"},"inLanguage":"en-US","potentialAction":[{"@type":"ReadAction","target":["https:\/\/tinte-toneri.hr\/shop\/tinte\/zamjenske-tinte\/tnt-zamjenska-tinta-hp-901xl-tricolor-cc656ae\/"]}]},{"@type":"ImageObject","inLanguage":"en-US","@id":"https:\/\/tinte-toneri.hr\/shop\/tinte\/zamjenske-tinte\/tnt-zamjenska-tinta-hp-901xl-tricolor-cc656ae\/#primaryimage","url":"https:\/\/tinte-toneri.hr\/wp-content\/uploads\/2023\/12\/Zamjenska-tinta.png","contentUrl":"https:\/\/tinte-toneri.hr\/wp-content\/uploads\/2023\/12\/Zamjenska-tinta.png","width":3000,"height":4000},{"@type":"BreadcrumbList","@id":"https:\/\/tinte-toneri.hr\/shop\/tinte\/zamjenske-tinte\/tnt-zamjenska-tinta-hp-901xl-tricolor-cc656ae\/#breadcrumb","itemListElement":[{"@type":"ListItem","position":1,"name":"Po\u010detna stranica","item":"https:\/\/tinte-toneri.hr\/"},{"@type":"ListItem","position":2,"name":"Shop","item":"https:\/\/tinte-toneri.hr\/shop\/"},{"@type":"ListItem","position":3,"name":"TNT zamjenska tinta HP 901XL Tricolor (CC656AE)"}]},{"@type":"WebSite","@id":"https:\/\/tinte-toneri.hr\/#website","url":"https:\/\/tinte-toneri.hr\/","name":"TNT","description":"Tinte i toneri","publisher":{"@id":"https:\/\/tinte-toneri.hr\/#organization"},"potentialAction":[{"@type":"SearchAction","target":{"@type":"EntryPoint","urlTemplate":"https:\/\/tinte-toneri.hr\/?s={search_term_string}"},"query-input":{"@type":"PropertyValueSpecification","valueRequired":true,"valueName":"search_term_string"}}],"inLanguage":"en-US"},{"@type":"Organization","@id":"https:\/\/tinte-toneri.hr\/#organization","name":"TNT Global","url":"https:\/\/tinte-toneri.hr\/","logo":{"@type":"ImageObject","inLanguage":"en-US","@id":"https:\/\/tinte-toneri.hr\/#\/schema\/logo\/image\/","url":"https:\/\/tinte-toneri.hr\/wp-content\/uploads\/2023\/10\/cropped-Logo1-removebg.png","contentUrl":"https:\/\/tinte-toneri.hr\/wp-content\/uploads\/2023\/10\/cropped-Logo1-removebg.png","width":2124,"height":2129,"caption":"TNT Global"},"image":{"@id":"https:\/\/tinte-toneri.hr\/#\/schema\/logo\/image\/"}}]}},"jetpack_sharing_enabled":true,"_links":{"self":[{"href":"https:\/\/tinte-toneri.hr\/en\/wp-json\/wp\/v2\/product\/6606","targetHints":{"allow":["GET"]}}],"collection":[{"href":"https:\/\/tinte-toneri.hr\/en\/wp-json\/wp\/v2\/product"}],"about":[{"href":"https:\/\/tinte-toneri.hr\/en\/wp-json\/wp\/v2\/types\/product"}],"replies":[{"embeddable":true,"href":"https:\/\/tinte-toneri.hr\/en\/wp-json\/wp\/v2\/comments?post=6606"}],"wp:featuredmedia":[{"embeddable":true,"href":"https:\/\/tinte-toneri.hr\/en\/wp-json\/wp\/v2\/media\/6263"}],"wp:attachment":[{"href":"https:\/\/tinte-toneri.hr\/en\/wp-json\/wp\/v2\/media?parent=6606"}],"wp:term":[{"taxonomy":"product_brand","embeddable":true,"href":"https:\/\/tinte-toneri.hr\/en\/wp-json\/wp\/v2\/product_brand?post=6606"},{"taxonomy":"product_cat","embeddable":true,"href":"https:\/\/tinte-toneri.hr\/en\/wp-json\/wp\/v2\/product_cat?post=6606"},{"taxonomy":"product_tag","embeddable":true,"href":"https:\/\/tinte-toneri.hr\/en\/wp-json\/wp\/v2\/product_tag?post=6606"}],"curies":[{"name":"wp","href":"https:\/\/api.w.org\/{rel}","templated":true}]}}