{"id":6612,"date":"2024-01-08T09:44:50","date_gmt":"2024-01-08T09:44:50","guid":{"rendered":"https:\/\/tinte-toneri.hr\/?post_type=product&#038;p=6612"},"modified":"2024-09-17T09:50:58","modified_gmt":"2024-09-17T09:50:58","slug":"hp-ce285a-85a-obnovljeni-original-toner","status":"publish","type":"product","link":"https:\/\/tinte-toneri.hr\/en\/shop\/toneri\/obnovljeni-toneri\/hp-ce285a-85a-obnovljeni-original-toner\/","title":{"rendered":"HP CE285A (85A) obnovljeni original toner"},"content":{"rendered":"<div class=\"flex flex-grow flex-col gap-3\">\n<div class=\"min-h-[20px] flex flex-col items-start gap-4 whitespace-pre-wrap break-words\">\n<div class=\"markdown prose w-full break-words dark:prose-invert light\">\n<p>Obnovljeni original toner HP CE285A (85A)<span style=\"color: red;\">\u00a0<\/span>pa\u017eljivo je proizveden kako bi pru\u017eio pouzdane performanse i besprijekornu kompatibilnost s va\u0161im printerom. Formula visoke kvalitete osigurava \u010dist i o\u0161tar ispis, bez mrlja ili nepravilnosti. Osim \u0161to \u0107ete dobiti vrhunsku kvalitetu ispisa, tako\u0111er \u0107ete u\u0161tedjeti na tro\u0161kovima ispisa, jer obnovljeni original toneri pru\u017eaju izvrsnu vrijednost za novac, bez kompromisa na kvaliteti.<\/p>\n<p>&nbsp;<\/p>\n<p>&nbsp;<\/p>\n<p>Toner jam\u010di izvanredne rezultate ispisa za oko 1600<span style=\"color: red;\">\u00a0<\/span>stranica.<\/p>\n<p>&nbsp;<\/p>\n<p>&nbsp;<\/p>\n<p>Naru\u010divanje obnovljenog originalnog tonera HP CE285A (85A)<span style=\"color: red;\">\u00a0<\/span>iz na\u0161eg web shopa jam\u010di izvrsnu kvalitetu tiska, dugotrajnost va\u0161eg pisa\u010da te pozitivan utjecaj na okoli\u0161. Obratite se nama danas i iskusite prednosti vrhunskih HP proizvoda u kategoriji obnovljenih originalnih tonera.<\/p>\n<p>&nbsp;<\/p>\n<p>&nbsp;<\/p>\n<\/div>\n<p>HP CE285A (85A) obnovljeni original toner radi u:<\/p>\n<p>&nbsp;<\/p>\n<p>HP LaserJet Professional M 1100 Series<\/p>\n<p>HP LaserJet Professional M 1132 MFP<\/p>\n<p>HP LaserJet Professional M 1134 MFP<\/p>\n<p>HP LaserJet Professional M 1136 MFP<\/p>\n<p>HP LaserJet Professional M 1137 MFP<\/p>\n<p>HP LaserJet Professional M 1138 MFP<\/p>\n<p>HP LaserJet Professional M 1139 MFP<\/p>\n<p>HP LaserJet Professional P 1100 Series<\/p>\n<p>HP LaserJet Professional P 1102<\/p>\n<p>HP LaserJet Professional P 1102 w<\/p>\n<p>HP LaserJet Professional P 1103<\/p>\n<p>HP LaserJet Professional P 1104<\/p>\n<p>HP LaserJet Professional P 1104 w<\/p>\n<p>HP LaserJet Professional P 1106<\/p>\n<p>HP LaserJet Professional P 1106 w<\/p>\n<p>HP LaserJet Professional P 1107<\/p>\n<p>HP LaserJet Professional P 1107 w<\/p>\n<p>HP LaserJet Professional P 1108<\/p>\n<p>HP LaserJet Professional P 1108 w<\/p>\n<p>HP LaserJet Professional P 1109<\/p>\n<p>HP LaserJet Professional P 1109 w<\/p>\n<p>HP LaserJet M 1130 MFP Series<\/p>\n<p>HP LaserJet M 1132 MFP<\/p>\n<p>HP LaserJet M 1134 MFP<\/p>\n<p>HP LaserJet M 1136 MFP<\/p>\n<p>HP LaserJet M 1137 MFP<\/p>\n<p>HP LaserJet M 1138 MFP<\/p>\n<p>HP LaserJet M 1139 MFP<\/p>\n<p>HP LaserJet M 1200 Series<\/p>\n<p>HP LaserJet M 1210 MFP Series<\/p>\n<p>HP LaserJet M 1212 nf MFP<\/p>\n<p>HP LaserJet M 1213 nf MFP<\/p>\n<p>HP LaserJet M 1214 nfh MFP<\/p>\n<p>HP LaserJet M 1216 nfh MFP<\/p>\n<p>HP LaserJet M 1217 nfw MFP<\/p>\n<p>HP LaserJet M 1218 nfs MFP<\/p>\n<p>HP LaserJet M 1219 nfs MFP<\/p>\n<p>HP LaserJet P 1002<\/p>\n<p>HP LaserJet P 1002 Series<\/p>\n<p>HP LaserJet P 1002 W<\/p>\n<p>HP LaserJet P 1002 WL<\/p>\n<p>HP LaserJet P 1100 Series<\/p>\n<p>HP LaserJet P 1101<\/p>\n<p>HP LaserJet P 1102<\/p>\n<p>HP LaserJet P 1102 w<\/p>\n<p>HP LaserJet P 1103<\/p>\n<p>HP LaserJet P 1104<\/p>\n<p>HP LaserJet P 1104 w<\/p>\n<p>HP LaserJet P 1106<\/p>\n<p>HP LaserJet P 1106 w<\/p>\n<p>HP LaserJet P 1108<\/p>\n<p>HP LaserJet P 1108 w<\/p>\n<p>HP LaserJet P 1109<\/p>\n<p>HP LaserJet P 1109 w<\/p>\n<p>HP LaserJet Pro M 1100 Series<\/p>\n<p>HP LaserJet Pro M 1130 Series<\/p>\n<p>HP LaserJet Pro M 1132 MFP<\/p>\n<p>HP LaserJet Pro M 1134 MFP<\/p>\n<p>HP LaserJet Pro M 1136 MFP<\/p>\n<p>HP LaserJet Pro M 1137 MFP<\/p>\n<p>HP LaserJet Pro M 1138 MFP<\/p>\n<p>HP LaserJet Pro M 1139 MFP<\/p>\n<p>HP LaserJet Pro M 1200 Series<\/p>\n<p>HP LaserJet Pro M 1210 Series<\/p>\n<p>HP LaserJet Pro M 1212 nf MFP<\/p>\n<p>HP LaserJet Pro M 1213 nf MFP<\/p>\n<p>HP LaserJet Pro M 1214 nfh MFP<\/p>\n<p>HP LaserJet Pro M 1216 nfh MFP<\/p>\n<p>HP LaserJet Pro M 1217 nfw MFP<\/p>\n<p>HP LaserJet Pro M 1218 nfs MFP<\/p>\n<p>HP LaserJet Pro M 1219 nf MFP<\/p>\n<p>HP LaserJet Pro M 1219 nfs MFP<\/p>\n<p>HP LaserJet Pro MFP M 30 a<\/p>\n<p>HP LaserJet Pro MFP M 30 w<\/p>\n<p>HP LaserJet Pro P 1100 Series<\/p>\n<p>HP LaserJet Pro P 1101<\/p>\n<p>HP LaserJet Pro P 1102<\/p>\n<p>HP LaserJet Pro P 1102 Series<\/p>\n<p>HP LaserJet Pro P 1102 s<\/p>\n<p>HP LaserJet Pro P 1102 w<\/p>\n<p>HP LaserJet Pro P 1103<\/p>\n<p>HP LaserJet Pro P 1104<\/p>\n<p>HP LaserJet Pro P 1104 w<\/p>\n<p>HP LaserJet Pro P 1106<\/p>\n<p>HP LaserJet Pro P 1106 w<\/p>\n<p>HP LaserJet Pro P 1108<\/p>\n<p>HP LaserJet Pro P 1108 w<\/p>\n<p>HP LaserJet Pro P 1109<\/p>\n<p>HP LaserJet Pro P 1109 w<\/p>\n<div class=\"row\">HP LaserJet P 1005<\/div>\n<div class=\"row\">HP LaserJet P 1006<\/div>\n<div class=\"row\">HP LaserJet P 1007<br \/>\nHP LaserJet P 1008<br \/>\nHP LaserJet P 1009<\/div>\n<div>HP LaserJet M 1120 MFP<br \/>\nHP LaserJet M 1120 Series<br \/>\nHP LaserJet M 1120 a MFP<br \/>\nHP LaserJet M 1120 h MFP<br \/>\nHP LaserJet M 1120 n MFP<br \/>\nHP LaserJet M 1120 w MFP<br \/>\nHP LaserJet M 1500 Series<br \/>\nHP LaserJet M 1522 NF MFP<br \/>\nHP LaserJet M 1522 N MFP<br \/>\nHP LaserJet P 1503<br \/>\nHP LaserJet P 1503 n<br \/>\nHP LaserJet P 1504<br \/>\nHP LaserJet P 1504 n<br \/>\nHP LaserJet P 1505<br \/>\nHP LaserJet P 1505 n<br \/>\nHP LaserJet P 1506<br \/>\nHP LaserJet P 1506 n<\/div>\n<div><\/div>\n<\/div>\n<\/div>\n<p>&nbsp;<\/p>\n","protected":false},"excerpt":{"rendered":"<p>Obnovljeni original toner HP CE285A (85A)\u00a0pa\u017eljivo je proizveden kako bi pru\u017eio pouzdane performanse i besprijekornu kompatibilnost s va\u0161im printerom. Formula visoke kvalitete osigurava \u010dist i o\u0161tar ispis, bez mrlja ili nepravilnosti. Osim \u0161to \u0107ete dobiti vrhunsku kvalitetu ispisa, tako\u0111er \u0107ete u\u0161tedjeti na tro\u0161kovima ispisa, jer obnovljeni original toneri pru\u017eaju izvrsnu vrijednost za novac, bez kompromisa [&hellip;]<\/p>\n","protected":false},"featured_media":6264,"comment_status":"open","ping_status":"closed","template":"","meta":{"om_disable_all_campaigns":false,"_monsterinsights_skip_tracking":false,"_monsterinsights_sitenote_active":false,"_monsterinsights_sitenote_note":"","_monsterinsights_sitenote_category":0,"_uf_show_specific_survey":0,"_uf_disable_surveys":false},"product_brand":[],"product_cat":[25,22],"product_tag":[],"class_list":{"0":"post-6612","1":"product","2":"type-product","3":"status-publish","4":"has-post-thumbnail","6":"product_cat-obnovljeni-toneri","7":"product_cat-toneri","9":"first","10":"instock","11":"featured","12":"taxable","13":"shipping-taxable","14":"purchasable","15":"product-type-simple"},"aioseo_notices":[],"yoast_head":"<!-- This site is optimized with the Yoast SEO plugin v27.4 - https:\/\/yoast.com\/product\/yoast-seo-wordpress\/ -->\n<title>HP CE285A (85A) obnovljeni original toner - TNT<\/title>\n<meta name=\"description\" content=\"HP CE285A (85A) obnovljeni original toner za: HP LaserJet Professional M 1100 Series - 1210 MFP Series - HP LaserJet M 1120 Series ...\" \/>\n<meta name=\"robots\" content=\"index, follow, max-snippet:-1, max-image-preview:large, max-video-preview:-1\" \/>\n<link rel=\"canonical\" href=\"https:\/\/tinte-toneri.hr\/en\/shop\/toneri\/obnovljeni-toneri\/hp-ce285a-85a-obnovljeni-original-toner\/\" \/>\n<meta property=\"og:locale\" content=\"en_US\" \/>\n<meta property=\"og:type\" content=\"article\" \/>\n<meta property=\"og:title\" content=\"HP CE285A (85A) obnovljeni original toner - TNT\" \/>\n<meta property=\"og:description\" content=\"HP CE285A (85A) obnovljeni original toner za: HP LaserJet Professional M 1100 Series - 1210 MFP Series - HP LaserJet M 1120 Series ...\" \/>\n<meta property=\"og:url\" content=\"https:\/\/tinte-toneri.hr\/en\/shop\/toneri\/obnovljeni-toneri\/hp-ce285a-85a-obnovljeni-original-toner\/\" \/>\n<meta property=\"og:site_name\" content=\"TNT\" \/>\n<meta property=\"article:modified_time\" content=\"2024-09-17T09:50:58+00:00\" \/>\n<meta property=\"og:image\" content=\"https:\/\/tinte-toneri.hr\/wp-content\/uploads\/2023\/12\/Zamjenski-toner-black.png\" \/>\n\t<meta property=\"og:image:width\" content=\"2022\" \/>\n\t<meta property=\"og:image:height\" content=\"1376\" \/>\n\t<meta property=\"og:image:type\" content=\"image\/png\" \/>\n<meta name=\"twitter:card\" content=\"summary_large_image\" \/>\n<meta name=\"twitter:label1\" content=\"Est. reading time\" \/>\n\t<meta name=\"twitter:data1\" content=\"4 minutes\" \/>\n<script type=\"application\/ld+json\" class=\"yoast-schema-graph\">{\"@context\":\"https:\\\/\\\/schema.org\",\"@graph\":[{\"@type\":\"WebPage\",\"@id\":\"https:\\\/\\\/tinte-toneri.hr\\\/shop\\\/toneri\\\/obnovljeni-toneri\\\/hp-ce285a-85a-obnovljeni-original-toner\\\/\",\"url\":\"https:\\\/\\\/tinte-toneri.hr\\\/shop\\\/toneri\\\/obnovljeni-toneri\\\/hp-ce285a-85a-obnovljeni-original-toner\\\/\",\"name\":\"HP CE285A (85A) obnovljeni original toner - TNT\",\"isPartOf\":{\"@id\":\"https:\\\/\\\/tinte-toneri.hr\\\/#website\"},\"primaryImageOfPage\":{\"@id\":\"https:\\\/\\\/tinte-toneri.hr\\\/shop\\\/toneri\\\/obnovljeni-toneri\\\/hp-ce285a-85a-obnovljeni-original-toner\\\/#primaryimage\"},\"image\":{\"@id\":\"https:\\\/\\\/tinte-toneri.hr\\\/shop\\\/toneri\\\/obnovljeni-toneri\\\/hp-ce285a-85a-obnovljeni-original-toner\\\/#primaryimage\"},\"thumbnailUrl\":\"https:\\\/\\\/tinte-toneri.hr\\\/wp-content\\\/uploads\\\/2023\\\/12\\\/Zamjenski-toner-black.png\",\"datePublished\":\"2024-01-08T09:44:50+00:00\",\"dateModified\":\"2024-09-17T09:50:58+00:00\",\"description\":\"HP CE285A (85A) obnovljeni original toner za: HP LaserJet Professional M 1100 Series - 1210 MFP Series - HP LaserJet M 1120 Series ...\",\"breadcrumb\":{\"@id\":\"https:\\\/\\\/tinte-toneri.hr\\\/shop\\\/toneri\\\/obnovljeni-toneri\\\/hp-ce285a-85a-obnovljeni-original-toner\\\/#breadcrumb\"},\"inLanguage\":\"en-US\",\"potentialAction\":[{\"@type\":\"ReadAction\",\"target\":[\"https:\\\/\\\/tinte-toneri.hr\\\/shop\\\/toneri\\\/obnovljeni-toneri\\\/hp-ce285a-85a-obnovljeni-original-toner\\\/\"]}]},{\"@type\":\"ImageObject\",\"inLanguage\":\"en-US\",\"@id\":\"https:\\\/\\\/tinte-toneri.hr\\\/shop\\\/toneri\\\/obnovljeni-toneri\\\/hp-ce285a-85a-obnovljeni-original-toner\\\/#primaryimage\",\"url\":\"https:\\\/\\\/tinte-toneri.hr\\\/wp-content\\\/uploads\\\/2023\\\/12\\\/Zamjenski-toner-black.png\",\"contentUrl\":\"https:\\\/\\\/tinte-toneri.hr\\\/wp-content\\\/uploads\\\/2023\\\/12\\\/Zamjenski-toner-black.png\",\"width\":2022,\"height\":1376},{\"@type\":\"BreadcrumbList\",\"@id\":\"https:\\\/\\\/tinte-toneri.hr\\\/shop\\\/toneri\\\/obnovljeni-toneri\\\/hp-ce285a-85a-obnovljeni-original-toner\\\/#breadcrumb\",\"itemListElement\":[{\"@type\":\"ListItem\",\"position\":1,\"name\":\"Po\u010detna stranica\",\"item\":\"https:\\\/\\\/tinte-toneri.hr\\\/\"},{\"@type\":\"ListItem\",\"position\":2,\"name\":\"Shop\",\"item\":\"https:\\\/\\\/tinte-toneri.hr\\\/shop\\\/\"},{\"@type\":\"ListItem\",\"position\":3,\"name\":\"HP CE285A (85A) obnovljeni original toner\"}]},{\"@type\":\"WebSite\",\"@id\":\"https:\\\/\\\/tinte-toneri.hr\\\/#website\",\"url\":\"https:\\\/\\\/tinte-toneri.hr\\\/\",\"name\":\"TNT\",\"description\":\"Tinte i toneri\",\"publisher\":{\"@id\":\"https:\\\/\\\/tinte-toneri.hr\\\/#organization\"},\"potentialAction\":[{\"@type\":\"SearchAction\",\"target\":{\"@type\":\"EntryPoint\",\"urlTemplate\":\"https:\\\/\\\/tinte-toneri.hr\\\/?s={search_term_string}\"},\"query-input\":{\"@type\":\"PropertyValueSpecification\",\"valueRequired\":true,\"valueName\":\"search_term_string\"}}],\"inLanguage\":\"en-US\"},{\"@type\":\"Organization\",\"@id\":\"https:\\\/\\\/tinte-toneri.hr\\\/#organization\",\"name\":\"TNT Global\",\"url\":\"https:\\\/\\\/tinte-toneri.hr\\\/\",\"logo\":{\"@type\":\"ImageObject\",\"inLanguage\":\"en-US\",\"@id\":\"https:\\\/\\\/tinte-toneri.hr\\\/#\\\/schema\\\/logo\\\/image\\\/\",\"url\":\"https:\\\/\\\/tinte-toneri.hr\\\/wp-content\\\/uploads\\\/2023\\\/10\\\/cropped-Logo1-removebg.png\",\"contentUrl\":\"https:\\\/\\\/tinte-toneri.hr\\\/wp-content\\\/uploads\\\/2023\\\/10\\\/cropped-Logo1-removebg.png\",\"width\":2124,\"height\":2129,\"caption\":\"TNT Global\"},\"image\":{\"@id\":\"https:\\\/\\\/tinte-toneri.hr\\\/#\\\/schema\\\/logo\\\/image\\\/\"}}]}<\/script>\n<!-- \/ Yoast SEO plugin. -->","yoast_head_json":{"title":"HP CE285A (85A) obnovljeni original toner - TNT","description":"HP CE285A (85A) obnovljeni original toner za: HP LaserJet Professional M 1100 Series - 1210 MFP Series - HP LaserJet M 1120 Series ...","robots":{"index":"index","follow":"follow","max-snippet":"max-snippet:-1","max-image-preview":"max-image-preview:large","max-video-preview":"max-video-preview:-1"},"canonical":"https:\/\/tinte-toneri.hr\/en\/shop\/toneri\/obnovljeni-toneri\/hp-ce285a-85a-obnovljeni-original-toner\/","og_locale":"en_US","og_type":"article","og_title":"HP CE285A (85A) obnovljeni original toner - TNT","og_description":"HP CE285A (85A) obnovljeni original toner za: HP LaserJet Professional M 1100 Series - 1210 MFP Series - HP LaserJet M 1120 Series ...","og_url":"https:\/\/tinte-toneri.hr\/en\/shop\/toneri\/obnovljeni-toneri\/hp-ce285a-85a-obnovljeni-original-toner\/","og_site_name":"TNT","article_modified_time":"2024-09-17T09:50:58+00:00","og_image":[{"width":2022,"height":1376,"url":"https:\/\/tinte-toneri.hr\/wp-content\/uploads\/2023\/12\/Zamjenski-toner-black.png","type":"image\/png"}],"twitter_card":"summary_large_image","twitter_misc":{"Est. reading time":"4 minutes"},"schema":{"@context":"https:\/\/schema.org","@graph":[{"@type":"WebPage","@id":"https:\/\/tinte-toneri.hr\/shop\/toneri\/obnovljeni-toneri\/hp-ce285a-85a-obnovljeni-original-toner\/","url":"https:\/\/tinte-toneri.hr\/shop\/toneri\/obnovljeni-toneri\/hp-ce285a-85a-obnovljeni-original-toner\/","name":"HP CE285A (85A) obnovljeni original toner - TNT","isPartOf":{"@id":"https:\/\/tinte-toneri.hr\/#website"},"primaryImageOfPage":{"@id":"https:\/\/tinte-toneri.hr\/shop\/toneri\/obnovljeni-toneri\/hp-ce285a-85a-obnovljeni-original-toner\/#primaryimage"},"image":{"@id":"https:\/\/tinte-toneri.hr\/shop\/toneri\/obnovljeni-toneri\/hp-ce285a-85a-obnovljeni-original-toner\/#primaryimage"},"thumbnailUrl":"https:\/\/tinte-toneri.hr\/wp-content\/uploads\/2023\/12\/Zamjenski-toner-black.png","datePublished":"2024-01-08T09:44:50+00:00","dateModified":"2024-09-17T09:50:58+00:00","description":"HP CE285A (85A) obnovljeni original toner za: HP LaserJet Professional M 1100 Series - 1210 MFP Series - HP LaserJet M 1120 Series ...","breadcrumb":{"@id":"https:\/\/tinte-toneri.hr\/shop\/toneri\/obnovljeni-toneri\/hp-ce285a-85a-obnovljeni-original-toner\/#breadcrumb"},"inLanguage":"en-US","potentialAction":[{"@type":"ReadAction","target":["https:\/\/tinte-toneri.hr\/shop\/toneri\/obnovljeni-toneri\/hp-ce285a-85a-obnovljeni-original-toner\/"]}]},{"@type":"ImageObject","inLanguage":"en-US","@id":"https:\/\/tinte-toneri.hr\/shop\/toneri\/obnovljeni-toneri\/hp-ce285a-85a-obnovljeni-original-toner\/#primaryimage","url":"https:\/\/tinte-toneri.hr\/wp-content\/uploads\/2023\/12\/Zamjenski-toner-black.png","contentUrl":"https:\/\/tinte-toneri.hr\/wp-content\/uploads\/2023\/12\/Zamjenski-toner-black.png","width":2022,"height":1376},{"@type":"BreadcrumbList","@id":"https:\/\/tinte-toneri.hr\/shop\/toneri\/obnovljeni-toneri\/hp-ce285a-85a-obnovljeni-original-toner\/#breadcrumb","itemListElement":[{"@type":"ListItem","position":1,"name":"Po\u010detna stranica","item":"https:\/\/tinte-toneri.hr\/"},{"@type":"ListItem","position":2,"name":"Shop","item":"https:\/\/tinte-toneri.hr\/shop\/"},{"@type":"ListItem","position":3,"name":"HP CE285A (85A) obnovljeni original toner"}]},{"@type":"WebSite","@id":"https:\/\/tinte-toneri.hr\/#website","url":"https:\/\/tinte-toneri.hr\/","name":"TNT","description":"Tinte i toneri","publisher":{"@id":"https:\/\/tinte-toneri.hr\/#organization"},"potentialAction":[{"@type":"SearchAction","target":{"@type":"EntryPoint","urlTemplate":"https:\/\/tinte-toneri.hr\/?s={search_term_string}"},"query-input":{"@type":"PropertyValueSpecification","valueRequired":true,"valueName":"search_term_string"}}],"inLanguage":"en-US"},{"@type":"Organization","@id":"https:\/\/tinte-toneri.hr\/#organization","name":"TNT Global","url":"https:\/\/tinte-toneri.hr\/","logo":{"@type":"ImageObject","inLanguage":"en-US","@id":"https:\/\/tinte-toneri.hr\/#\/schema\/logo\/image\/","url":"https:\/\/tinte-toneri.hr\/wp-content\/uploads\/2023\/10\/cropped-Logo1-removebg.png","contentUrl":"https:\/\/tinte-toneri.hr\/wp-content\/uploads\/2023\/10\/cropped-Logo1-removebg.png","width":2124,"height":2129,"caption":"TNT Global"},"image":{"@id":"https:\/\/tinte-toneri.hr\/#\/schema\/logo\/image\/"}}]}},"jetpack_sharing_enabled":true,"_links":{"self":[{"href":"https:\/\/tinte-toneri.hr\/en\/wp-json\/wp\/v2\/product\/6612","targetHints":{"allow":["GET"]}}],"collection":[{"href":"https:\/\/tinte-toneri.hr\/en\/wp-json\/wp\/v2\/product"}],"about":[{"href":"https:\/\/tinte-toneri.hr\/en\/wp-json\/wp\/v2\/types\/product"}],"replies":[{"embeddable":true,"href":"https:\/\/tinte-toneri.hr\/en\/wp-json\/wp\/v2\/comments?post=6612"}],"wp:featuredmedia":[{"embeddable":true,"href":"https:\/\/tinte-toneri.hr\/en\/wp-json\/wp\/v2\/media\/6264"}],"wp:attachment":[{"href":"https:\/\/tinte-toneri.hr\/en\/wp-json\/wp\/v2\/media?parent=6612"}],"wp:term":[{"taxonomy":"product_brand","embeddable":true,"href":"https:\/\/tinte-toneri.hr\/en\/wp-json\/wp\/v2\/product_brand?post=6612"},{"taxonomy":"product_cat","embeddable":true,"href":"https:\/\/tinte-toneri.hr\/en\/wp-json\/wp\/v2\/product_cat?post=6612"},{"taxonomy":"product_tag","embeddable":true,"href":"https:\/\/tinte-toneri.hr\/en\/wp-json\/wp\/v2\/product_tag?post=6612"}],"curies":[{"name":"wp","href":"https:\/\/api.w.org\/{rel}","templated":true}]}}