{"id":6637,"date":"2024-01-08T12:08:34","date_gmt":"2024-01-08T12:08:34","guid":{"rendered":"https:\/\/tinte-toneri.hr\/?post_type=product&#038;p=6637"},"modified":"2024-09-17T09:50:55","modified_gmt":"2024-09-17T09:50:55","slug":"hp-ce311a-126a-original-toner","status":"publish","type":"product","link":"https:\/\/tinte-toneri.hr\/en\/shop\/toneri\/original-toneri\/hp-ce311a-126a-original-toner\/","title":{"rendered":"HP CE311A \/ 126A original toner"},"content":{"rendered":"<p>Originalni toner HP CE311A \/ 126A pru\u017ea precizan ispis, stranicu za stranicom, kako bi vam osigurao vrhunske rezultate bez obzira na va\u0161e potrebe. Dizajniran je da radi svaki put kao i prvi put \u0161to zna\u010di da mo\u017eete imati povjerenje u njegovu pouzdanost i dosljednost.<\/p>\n<p>&nbsp;<\/p>\n<p>&nbsp;<\/p>\n<p>Toner zadovoljava kriterije emisije ekolo\u0161ke oznake. Na taj na\u010din poma\u017ee u odr\u017eavanju kvalitete zraka u zatvorenim prostorima gdje \u017eivite i radite.<\/p>\n<p>&nbsp;<\/p>\n<p>&nbsp;<\/p>\n<p>Naru\u010divanje originalnog tonera HP CE311A \/ 126A iz na\u0161eg web shopa jam\u010di vam izvrsnu kvalitetu tiska, dugotrajnost va\u0161eg pisa\u010da i pozitivan utjecaj na okoli\u0161. Obratite se nama danas i iskusite prednosti vrhunskih HP proizvoda.<\/p>\n<p>&nbsp;<\/p>\n<p>&nbsp;<\/p>\n<p>HP CE311A \/ 126A original toner radi sa:<\/p>\n<p>&nbsp;<\/p>\n<p>&nbsp;<\/p>\n<p>HP TopShot LaserJet Pro M 275<\/p>\n<p>HP TopShot LaserJet Pro M 275 a<\/p>\n<p>HP TopShot LaserJet Pro M 275 nw<\/p>\n<p>HP TopShot LaserJet Pro M 275 s<\/p>\n<p>HP TopShot LaserJet Pro M 275 t<\/p>\n<p>HP TopShot LaserJet Pro M 275 u<\/p>\n<p>HP Color LaserJet Pro CP 1021<\/p>\n<p>HP Color LaserJet Pro CP 1022<\/p>\n<p>HP Color LaserJet Pro CP 1023<\/p>\n<p>HP Color LaserJet Pro CP 1025<\/p>\n<p>HP Color LaserJet Pro CP 1025 nw<\/p>\n<p>HP Color LaserJet Pro CP 1026 nw<\/p>\n<p>HP Color LaserJet Pro CP 1027 nw<\/p>\n<p>HP Color LaserJet Pro CP 1028 nw<\/p>\n<p>HP Color LaserJet Pro MFP M 176 n<\/p>\n<p>HP Color LaserJet Pro MFP M 177 fw<\/p>\n<p>HP LaserJet CP 1025 Color<\/p>\n<p>HP LaserJet CP 1025 NW Color<\/p>\n<p>HP LaserJet Pro 100 Color MFP M 175 a<\/p>\n<p>HP LaserJet Pro 100 Color MFP M 175 b<\/p>\n<p>HP LaserJet Pro 100 Color MFP M 175 c<\/p>\n<p>HP LaserJet Pro 100 Color MFP M 175 e<\/p>\n<p>HP LaserJet Pro 100 Color MFP M 175 nw<\/p>\n<p>HP LaserJet Pro 100 Color MFP M 175 p<\/p>\n<p>HP LaserJet Pro 100 Color MFP M 175 q<\/p>\n<p>HP LaserJet Pro 100 Color MFP M 175 r<\/p>\n<p>HP LaserJet Pro M 275HP LaserJet Pro M 275 a<\/p>\n<p>HP LaserJet Pro M 275 nwHP LaserJet Pro M 275 s<\/p>\n<p>HP LaserJet Pro M 275 tHP LaserJet Pro M 275 u<\/p>\n<p>&nbsp;<\/p>\n<p>&nbsp;<\/p>","protected":false},"excerpt":{"rendered":"<p>Originalni toner HP CE311A \/ 126A pru\u017ea precizan ispis, stranicu za stranicom, kako bi vam osigurao vrhunske rezultate bez obzira na va\u0161e potrebe. Dizajniran je da radi svaki put kao i prvi put \u0161to zna\u010di da mo\u017eete imati povjerenje u njegovu pouzdanost i dosljednost. &nbsp; &nbsp; Toner zadovoljava kriterije emisije ekolo\u0161ke oznake. Na taj na\u010din [&hellip;]<\/p>\n","protected":false},"featured_media":6638,"comment_status":"open","ping_status":"closed","template":"","meta":{"om_disable_all_campaigns":false,"_monsterinsights_skip_tracking":false,"_monsterinsights_sitenote_active":false,"_monsterinsights_sitenote_note":"","_monsterinsights_sitenote_category":0,"_uf_show_specific_survey":0,"_uf_disable_surveys":false},"product_brand":[],"product_cat":[23,22],"product_tag":[],"class_list":{"0":"post-6637","1":"product","2":"type-product","3":"status-publish","4":"has-post-thumbnail","6":"product_cat-original-toneri","7":"product_cat-toneri","9":"first","10":"instock","11":"taxable","12":"shipping-taxable","13":"purchasable","14":"product-type-simple"},"aioseo_notices":[],"yoast_head":"<!-- This site is optimized with the Yoast SEO plugin v27.4 - https:\/\/yoast.com\/product\/yoast-seo-wordpress\/ -->\n<title>HP CE311A \/ 126A original toner - TNT<\/title>\n<meta name=\"description\" content=\"HP CE311A \/ 126A original toner radi sa:: HP TopShot LaserJet Pro series - HP LaserJet CP 1000 Series - HP Color LaserJet Pro CP 1020 Series ...\" \/>\n<meta name=\"robots\" content=\"index, follow, max-snippet:-1, max-image-preview:large, max-video-preview:-1\" \/>\n<link rel=\"canonical\" href=\"https:\/\/tinte-toneri.hr\/en\/shop\/toneri\/original-toneri\/hp-ce311a-126a-original-toner\/\" \/>\n<meta property=\"og:locale\" content=\"en_US\" \/>\n<meta property=\"og:type\" content=\"article\" \/>\n<meta property=\"og:title\" content=\"HP CE311A \/ 126A original toner - TNT\" \/>\n<meta property=\"og:description\" content=\"HP CE311A \/ 126A original toner radi sa:: HP TopShot LaserJet Pro series - HP LaserJet CP 1000 Series - HP Color LaserJet Pro CP 1020 Series ...\" \/>\n<meta property=\"og:url\" content=\"https:\/\/tinte-toneri.hr\/en\/shop\/toneri\/original-toneri\/hp-ce311a-126a-original-toner\/\" \/>\n<meta property=\"og:site_name\" content=\"TNT\" \/>\n<meta property=\"article:modified_time\" content=\"2024-09-17T09:50:55+00:00\" \/>\n<meta property=\"og:image\" content=\"https:\/\/tinte-toneri.hr\/wp-content\/uploads\/2024\/01\/HP-CE311A-126A.jpg\" \/>\n\t<meta property=\"og:image:width\" content=\"560\" \/>\n\t<meta property=\"og:image:height\" content=\"560\" \/>\n\t<meta property=\"og:image:type\" content=\"image\/jpeg\" \/>\n<meta name=\"twitter:card\" content=\"summary_large_image\" \/>\n<meta name=\"twitter:label1\" content=\"Est. reading time\" \/>\n\t<meta name=\"twitter:data1\" content=\"2 minutes\" \/>\n<script type=\"application\/ld+json\" class=\"yoast-schema-graph\">{\"@context\":\"https:\\\/\\\/schema.org\",\"@graph\":[{\"@type\":\"WebPage\",\"@id\":\"https:\\\/\\\/tinte-toneri.hr\\\/shop\\\/toneri\\\/original-toneri\\\/hp-ce311a-126a-original-toner\\\/\",\"url\":\"https:\\\/\\\/tinte-toneri.hr\\\/shop\\\/toneri\\\/original-toneri\\\/hp-ce311a-126a-original-toner\\\/\",\"name\":\"HP CE311A \\\/ 126A original toner - TNT\",\"isPartOf\":{\"@id\":\"https:\\\/\\\/tinte-toneri.hr\\\/#website\"},\"primaryImageOfPage\":{\"@id\":\"https:\\\/\\\/tinte-toneri.hr\\\/shop\\\/toneri\\\/original-toneri\\\/hp-ce311a-126a-original-toner\\\/#primaryimage\"},\"image\":{\"@id\":\"https:\\\/\\\/tinte-toneri.hr\\\/shop\\\/toneri\\\/original-toneri\\\/hp-ce311a-126a-original-toner\\\/#primaryimage\"},\"thumbnailUrl\":\"https:\\\/\\\/tinte-toneri.hr\\\/wp-content\\\/uploads\\\/2024\\\/01\\\/HP-CE311A-126A.jpg\",\"datePublished\":\"2024-01-08T12:08:34+00:00\",\"dateModified\":\"2024-09-17T09:50:55+00:00\",\"description\":\"HP CE311A \\\/ 126A original toner radi sa:: HP TopShot LaserJet Pro series - HP LaserJet CP 1000 Series - HP Color LaserJet Pro CP 1020 Series ...\",\"breadcrumb\":{\"@id\":\"https:\\\/\\\/tinte-toneri.hr\\\/shop\\\/toneri\\\/original-toneri\\\/hp-ce311a-126a-original-toner\\\/#breadcrumb\"},\"inLanguage\":\"en-US\",\"potentialAction\":[{\"@type\":\"ReadAction\",\"target\":[\"https:\\\/\\\/tinte-toneri.hr\\\/shop\\\/toneri\\\/original-toneri\\\/hp-ce311a-126a-original-toner\\\/\"]}]},{\"@type\":\"ImageObject\",\"inLanguage\":\"en-US\",\"@id\":\"https:\\\/\\\/tinte-toneri.hr\\\/shop\\\/toneri\\\/original-toneri\\\/hp-ce311a-126a-original-toner\\\/#primaryimage\",\"url\":\"https:\\\/\\\/tinte-toneri.hr\\\/wp-content\\\/uploads\\\/2024\\\/01\\\/HP-CE311A-126A.jpg\",\"contentUrl\":\"https:\\\/\\\/tinte-toneri.hr\\\/wp-content\\\/uploads\\\/2024\\\/01\\\/HP-CE311A-126A.jpg\",\"width\":560,\"height\":560},{\"@type\":\"BreadcrumbList\",\"@id\":\"https:\\\/\\\/tinte-toneri.hr\\\/shop\\\/toneri\\\/original-toneri\\\/hp-ce311a-126a-original-toner\\\/#breadcrumb\",\"itemListElement\":[{\"@type\":\"ListItem\",\"position\":1,\"name\":\"Po\u010detna stranica\",\"item\":\"https:\\\/\\\/tinte-toneri.hr\\\/\"},{\"@type\":\"ListItem\",\"position\":2,\"name\":\"Shop\",\"item\":\"https:\\\/\\\/tinte-toneri.hr\\\/shop\\\/\"},{\"@type\":\"ListItem\",\"position\":3,\"name\":\"HP CE311A \\\/ 126A original toner\"}]},{\"@type\":\"WebSite\",\"@id\":\"https:\\\/\\\/tinte-toneri.hr\\\/#website\",\"url\":\"https:\\\/\\\/tinte-toneri.hr\\\/\",\"name\":\"TNT\",\"description\":\"Tinte i toneri\",\"publisher\":{\"@id\":\"https:\\\/\\\/tinte-toneri.hr\\\/#organization\"},\"potentialAction\":[{\"@type\":\"SearchAction\",\"target\":{\"@type\":\"EntryPoint\",\"urlTemplate\":\"https:\\\/\\\/tinte-toneri.hr\\\/?s={search_term_string}\"},\"query-input\":{\"@type\":\"PropertyValueSpecification\",\"valueRequired\":true,\"valueName\":\"search_term_string\"}}],\"inLanguage\":\"en-US\"},{\"@type\":\"Organization\",\"@id\":\"https:\\\/\\\/tinte-toneri.hr\\\/#organization\",\"name\":\"TNT Global\",\"url\":\"https:\\\/\\\/tinte-toneri.hr\\\/\",\"logo\":{\"@type\":\"ImageObject\",\"inLanguage\":\"en-US\",\"@id\":\"https:\\\/\\\/tinte-toneri.hr\\\/#\\\/schema\\\/logo\\\/image\\\/\",\"url\":\"https:\\\/\\\/tinte-toneri.hr\\\/wp-content\\\/uploads\\\/2023\\\/10\\\/cropped-Logo1-removebg.png\",\"contentUrl\":\"https:\\\/\\\/tinte-toneri.hr\\\/wp-content\\\/uploads\\\/2023\\\/10\\\/cropped-Logo1-removebg.png\",\"width\":2124,\"height\":2129,\"caption\":\"TNT Global\"},\"image\":{\"@id\":\"https:\\\/\\\/tinte-toneri.hr\\\/#\\\/schema\\\/logo\\\/image\\\/\"}}]}<\/script>\n<!-- \/ Yoast SEO plugin. -->","yoast_head_json":{"title":"HP CE311A \/ 126A original toner - TNT","description":"HP CE311A \/ 126A original toner radi sa:: HP TopShot LaserJet Pro series - HP LaserJet CP 1000 Series - HP Color LaserJet Pro CP 1020 Series ...","robots":{"index":"index","follow":"follow","max-snippet":"max-snippet:-1","max-image-preview":"max-image-preview:large","max-video-preview":"max-video-preview:-1"},"canonical":"https:\/\/tinte-toneri.hr\/en\/shop\/toneri\/original-toneri\/hp-ce311a-126a-original-toner\/","og_locale":"en_US","og_type":"article","og_title":"HP CE311A \/ 126A original toner - TNT","og_description":"HP CE311A \/ 126A original toner radi sa:: HP TopShot LaserJet Pro series - HP LaserJet CP 1000 Series - HP Color LaserJet Pro CP 1020 Series ...","og_url":"https:\/\/tinte-toneri.hr\/en\/shop\/toneri\/original-toneri\/hp-ce311a-126a-original-toner\/","og_site_name":"TNT","article_modified_time":"2024-09-17T09:50:55+00:00","og_image":[{"width":560,"height":560,"url":"https:\/\/tinte-toneri.hr\/wp-content\/uploads\/2024\/01\/HP-CE311A-126A.jpg","type":"image\/jpeg"}],"twitter_card":"summary_large_image","twitter_misc":{"Est. reading time":"2 minutes"},"schema":{"@context":"https:\/\/schema.org","@graph":[{"@type":"WebPage","@id":"https:\/\/tinte-toneri.hr\/shop\/toneri\/original-toneri\/hp-ce311a-126a-original-toner\/","url":"https:\/\/tinte-toneri.hr\/shop\/toneri\/original-toneri\/hp-ce311a-126a-original-toner\/","name":"HP CE311A \/ 126A original toner - TNT","isPartOf":{"@id":"https:\/\/tinte-toneri.hr\/#website"},"primaryImageOfPage":{"@id":"https:\/\/tinte-toneri.hr\/shop\/toneri\/original-toneri\/hp-ce311a-126a-original-toner\/#primaryimage"},"image":{"@id":"https:\/\/tinte-toneri.hr\/shop\/toneri\/original-toneri\/hp-ce311a-126a-original-toner\/#primaryimage"},"thumbnailUrl":"https:\/\/tinte-toneri.hr\/wp-content\/uploads\/2024\/01\/HP-CE311A-126A.jpg","datePublished":"2024-01-08T12:08:34+00:00","dateModified":"2024-09-17T09:50:55+00:00","description":"HP CE311A \/ 126A original toner radi sa:: HP TopShot LaserJet Pro series - HP LaserJet CP 1000 Series - HP Color LaserJet Pro CP 1020 Series ...","breadcrumb":{"@id":"https:\/\/tinte-toneri.hr\/shop\/toneri\/original-toneri\/hp-ce311a-126a-original-toner\/#breadcrumb"},"inLanguage":"en-US","potentialAction":[{"@type":"ReadAction","target":["https:\/\/tinte-toneri.hr\/shop\/toneri\/original-toneri\/hp-ce311a-126a-original-toner\/"]}]},{"@type":"ImageObject","inLanguage":"en-US","@id":"https:\/\/tinte-toneri.hr\/shop\/toneri\/original-toneri\/hp-ce311a-126a-original-toner\/#primaryimage","url":"https:\/\/tinte-toneri.hr\/wp-content\/uploads\/2024\/01\/HP-CE311A-126A.jpg","contentUrl":"https:\/\/tinte-toneri.hr\/wp-content\/uploads\/2024\/01\/HP-CE311A-126A.jpg","width":560,"height":560},{"@type":"BreadcrumbList","@id":"https:\/\/tinte-toneri.hr\/shop\/toneri\/original-toneri\/hp-ce311a-126a-original-toner\/#breadcrumb","itemListElement":[{"@type":"ListItem","position":1,"name":"Po\u010detna stranica","item":"https:\/\/tinte-toneri.hr\/"},{"@type":"ListItem","position":2,"name":"Shop","item":"https:\/\/tinte-toneri.hr\/shop\/"},{"@type":"ListItem","position":3,"name":"HP CE311A \/ 126A original toner"}]},{"@type":"WebSite","@id":"https:\/\/tinte-toneri.hr\/#website","url":"https:\/\/tinte-toneri.hr\/","name":"TNT","description":"Tinte i toneri","publisher":{"@id":"https:\/\/tinte-toneri.hr\/#organization"},"potentialAction":[{"@type":"SearchAction","target":{"@type":"EntryPoint","urlTemplate":"https:\/\/tinte-toneri.hr\/?s={search_term_string}"},"query-input":{"@type":"PropertyValueSpecification","valueRequired":true,"valueName":"search_term_string"}}],"inLanguage":"en-US"},{"@type":"Organization","@id":"https:\/\/tinte-toneri.hr\/#organization","name":"TNT Global","url":"https:\/\/tinte-toneri.hr\/","logo":{"@type":"ImageObject","inLanguage":"en-US","@id":"https:\/\/tinte-toneri.hr\/#\/schema\/logo\/image\/","url":"https:\/\/tinte-toneri.hr\/wp-content\/uploads\/2023\/10\/cropped-Logo1-removebg.png","contentUrl":"https:\/\/tinte-toneri.hr\/wp-content\/uploads\/2023\/10\/cropped-Logo1-removebg.png","width":2124,"height":2129,"caption":"TNT Global"},"image":{"@id":"https:\/\/tinte-toneri.hr\/#\/schema\/logo\/image\/"}}]}},"jetpack_sharing_enabled":true,"_links":{"self":[{"href":"https:\/\/tinte-toneri.hr\/en\/wp-json\/wp\/v2\/product\/6637","targetHints":{"allow":["GET"]}}],"collection":[{"href":"https:\/\/tinte-toneri.hr\/en\/wp-json\/wp\/v2\/product"}],"about":[{"href":"https:\/\/tinte-toneri.hr\/en\/wp-json\/wp\/v2\/types\/product"}],"replies":[{"embeddable":true,"href":"https:\/\/tinte-toneri.hr\/en\/wp-json\/wp\/v2\/comments?post=6637"}],"wp:featuredmedia":[{"embeddable":true,"href":"https:\/\/tinte-toneri.hr\/en\/wp-json\/wp\/v2\/media\/6638"}],"wp:attachment":[{"href":"https:\/\/tinte-toneri.hr\/en\/wp-json\/wp\/v2\/media?parent=6637"}],"wp:term":[{"taxonomy":"product_brand","embeddable":true,"href":"https:\/\/tinte-toneri.hr\/en\/wp-json\/wp\/v2\/product_brand?post=6637"},{"taxonomy":"product_cat","embeddable":true,"href":"https:\/\/tinte-toneri.hr\/en\/wp-json\/wp\/v2\/product_cat?post=6637"},{"taxonomy":"product_tag","embeddable":true,"href":"https:\/\/tinte-toneri.hr\/en\/wp-json\/wp\/v2\/product_tag?post=6637"}],"curies":[{"name":"wp","href":"https:\/\/api.w.org\/{rel}","templated":true}]}}