{"id":6639,"date":"2024-01-08T12:13:52","date_gmt":"2024-01-08T12:13:52","guid":{"rendered":"https:\/\/tinte-toneri.hr\/?post_type=product&#038;p=6639"},"modified":"2024-09-17T09:50:54","modified_gmt":"2024-09-17T09:50:54","slug":"obnovljeni-original-toner-hp-ce312a","status":"publish","type":"product","link":"https:\/\/tinte-toneri.hr\/en\/shop\/toneri\/obnovljeni-toneri\/obnovljeni-original-toner-hp-ce312a\/","title":{"rendered":"Obnovljeni original toner HP CE312A"},"content":{"rendered":"<p>Obnovljeni original toner HP CE312A<span style=\"color: red;\">\u00a0<\/span>pa\u017eljivo je proizveden kako bi pru\u017eio pouzdane performanse i besprijekornu kompatibilnost s va\u0161im printerom. Formula visoke kvalitete osigurava \u010dist i o\u0161tar ispis, bez mrlja ili nepravilnosti. Osim \u0161to \u0107ete dobiti vrhunsku kvalitetu ispisa, tako\u0111er \u0107ete u\u0161tedjeti na tro\u0161kovima ispisa, jer obnovljeni original toneri pru\u017eaju izvrsnu vrijednost za novac, bez kompromisa na kvaliteti.<\/p>\n<p>&nbsp;<\/p>\n<p>&nbsp;<\/p>\n<p>Toner jam\u010di izvanredne rezultate s bogatim i \u017eivopisnim bojama za oko 1000<span style=\"color: red;\">\u00a0<\/span>stranica.<\/p>\n<p>&nbsp;<\/p>\n<p>&nbsp;<\/p>\n<p>Naru\u010divanje obnovljenog originalnog tonera HP CE312A<span style=\"color: red;\">\u00a0<\/span>iz na\u0161eg web shopa jam\u010di izvrsnu kvalitetu tiska, dugotrajnost va\u0161eg pisa\u010da te pozitivan utjecaj na okoli\u0161. Obratite se nama danas i iskusite prednosti vrhunskih HP proizvoda u kategoriji obnovljenih originalnih tonera.<\/p>\n<p>&nbsp;<\/p>\n<p>&nbsp;<\/p>\n<p>&nbsp;<\/p>\n<p>&nbsp;<\/p>\n<p>Obnovljeni original toner HP CE312A radi sa:<\/p>\n<p>&nbsp;<\/p>\n<p>&nbsp;<\/p>\n<p>HP TopShot LaserJet Pro M 275<\/p>\n<p>HP TopShot LaserJet Pro M 275 a<\/p>\n<p>HP TopShot LaserJet Pro M 275 nw<\/p>\n<p>HP TopShot LaserJet Pro M 275 s<\/p>\n<p>HP TopShot LaserJet Pro M 275 t<\/p>\n<p>HP TopShot LaserJet Pro M 275 u<\/p>\n<p>HP Color LaserJet Pro CP 1021<\/p>\n<p>HP Color LaserJet Pro CP 1022<\/p>\n<p>HP Color LaserJet Pro CP 1023<\/p>\n<p>HP Color LaserJet Pro CP 1025<\/p>\n<p>HP Color LaserJet Pro CP 1025 nw<\/p>\n<p>HP Color LaserJet Pro CP 1026 nw<\/p>\n<p>HP Color LaserJet Pro CP 1027 nw<\/p>\n<p>HP Color LaserJet Pro CP 1028 nw<\/p>\n<p>HP Color LaserJet Pro MFP M 176 n<\/p>\n<p>HP Color LaserJet Pro MFP M 177 fw<\/p>\n<p>HP LaserJet CP 1025 Color<\/p>\n<p>HP LaserJet CP 1025 NW Color<\/p>\n<p>HP LaserJet Pro 100 Color MFP M 175 a<\/p>\n<p>HP LaserJet Pro 100 Color MFP M 175 b<\/p>\n<p>HP LaserJet Pro 100 Color MFP M 175 c<\/p>\n<p>HP LaserJet Pro 100 Color MFP M 175 e<\/p>\n<p>HP LaserJet Pro 100 Color MFP M 175 nw<\/p>\n<p>HP LaserJet Pro 100 Color MFP M 175 p<\/p>\n<p>HP LaserJet Pro 100 Color MFP M 175 q<\/p>\n<p>HP LaserJet Pro 100 Color MFP M 175 r<\/p>\n<p>HP LaserJet Pro M 275<\/p>\n<p>HP LaserJet Pro M 275 a<\/p>\n<p>HP LaserJet Pro M 275 nw<\/p>\n<p>HP LaserJet Pro M 275 s<\/p>\n<p>HP LaserJet Pro M 275 t<\/p>\n<p>HP LaserJet Pro M 275 u<\/p>\n<p>&nbsp;<\/p>","protected":false},"excerpt":{"rendered":"<p>Obnovljeni original toner HP CE312A\u00a0pa\u017eljivo je proizveden kako bi pru\u017eio pouzdane performanse i besprijekornu kompatibilnost s va\u0161im printerom. Formula visoke kvalitete osigurava \u010dist i o\u0161tar ispis, bez mrlja ili nepravilnosti. Osim \u0161to \u0107ete dobiti vrhunsku kvalitetu ispisa, tako\u0111er \u0107ete u\u0161tedjeti na tro\u0161kovima ispisa, jer obnovljeni original toneri pru\u017eaju izvrsnu vrijednost za novac, bez kompromisa na [&hellip;]<\/p>\n","protected":false},"featured_media":6267,"comment_status":"open","ping_status":"closed","template":"","meta":{"om_disable_all_campaigns":false,"_monsterinsights_skip_tracking":false,"_monsterinsights_sitenote_active":false,"_monsterinsights_sitenote_note":"","_monsterinsights_sitenote_category":0,"_uf_show_specific_survey":0,"_uf_disable_surveys":false},"product_brand":[],"product_cat":[25,22],"product_tag":[],"class_list":{"0":"post-6639","1":"product","2":"type-product","3":"status-publish","4":"has-post-thumbnail","6":"product_cat-obnovljeni-toneri","7":"product_cat-toneri","9":"first","10":"instock","11":"taxable","12":"shipping-taxable","13":"purchasable","14":"product-type-simple"},"aioseo_notices":[],"yoast_head":"<!-- This site is optimized with the Yoast SEO plugin v27.4 - https:\/\/yoast.com\/product\/yoast-seo-wordpress\/ -->\n<title>Obnovljeni original toner HP CE312A - TNT<\/title>\n<meta name=\"description\" content=\"Obnovljeni original toner HP CE312A za: HP TopShot LaserJet Pro M 270 Series - HP Color LaserJet Pro CP 1000 Series - HP LaserJet CP 1000 Series ...\" \/>\n<meta name=\"robots\" content=\"index, follow, max-snippet:-1, max-image-preview:large, max-video-preview:-1\" \/>\n<link rel=\"canonical\" href=\"https:\/\/tinte-toneri.hr\/en\/shop\/toneri\/obnovljeni-toneri\/obnovljeni-original-toner-hp-ce312a\/\" \/>\n<meta property=\"og:locale\" content=\"en_US\" \/>\n<meta property=\"og:type\" content=\"article\" \/>\n<meta property=\"og:title\" content=\"Obnovljeni original toner HP CE312A - TNT\" \/>\n<meta property=\"og:description\" content=\"Obnovljeni original toner HP CE312A za: HP TopShot LaserJet Pro M 270 Series - HP Color LaserJet Pro CP 1000 Series - HP LaserJet CP 1000 Series ...\" \/>\n<meta property=\"og:url\" content=\"https:\/\/tinte-toneri.hr\/en\/shop\/toneri\/obnovljeni-toneri\/obnovljeni-original-toner-hp-ce312a\/\" \/>\n<meta property=\"og:site_name\" content=\"TNT\" \/>\n<meta property=\"article:modified_time\" content=\"2024-09-17T09:50:54+00:00\" \/>\n<meta property=\"og:image\" content=\"https:\/\/tinte-toneri.hr\/wp-content\/uploads\/2023\/12\/Zamjenski-toner-yellow.png\" \/>\n\t<meta property=\"og:image:width\" content=\"2022\" \/>\n\t<meta property=\"og:image:height\" content=\"1376\" \/>\n\t<meta property=\"og:image:type\" content=\"image\/png\" \/>\n<meta name=\"twitter:card\" content=\"summary_large_image\" \/>\n<meta name=\"twitter:label1\" content=\"Est. reading time\" \/>\n\t<meta name=\"twitter:data1\" content=\"2 minutes\" \/>\n<script type=\"application\/ld+json\" class=\"yoast-schema-graph\">{\"@context\":\"https:\\\/\\\/schema.org\",\"@graph\":[{\"@type\":\"WebPage\",\"@id\":\"https:\\\/\\\/tinte-toneri.hr\\\/en\\\/shop\\\/toneri\\\/obnovljeni-toneri\\\/obnovljeni-original-toner-hp-ce312a\\\/\",\"url\":\"https:\\\/\\\/tinte-toneri.hr\\\/en\\\/shop\\\/toneri\\\/obnovljeni-toneri\\\/obnovljeni-original-toner-hp-ce312a\\\/\",\"name\":\"Obnovljeni original toner HP CE312A - TNT\",\"isPartOf\":{\"@id\":\"https:\\\/\\\/tinte-toneri.hr\\\/#website\"},\"primaryImageOfPage\":{\"@id\":\"https:\\\/\\\/tinte-toneri.hr\\\/en\\\/shop\\\/toneri\\\/obnovljeni-toneri\\\/obnovljeni-original-toner-hp-ce312a\\\/#primaryimage\"},\"image\":{\"@id\":\"https:\\\/\\\/tinte-toneri.hr\\\/en\\\/shop\\\/toneri\\\/obnovljeni-toneri\\\/obnovljeni-original-toner-hp-ce312a\\\/#primaryimage\"},\"thumbnailUrl\":\"https:\\\/\\\/tinte-toneri.hr\\\/wp-content\\\/uploads\\\/2023\\\/12\\\/Zamjenski-toner-yellow.png\",\"datePublished\":\"2024-01-08T12:13:52+00:00\",\"dateModified\":\"2024-09-17T09:50:54+00:00\",\"description\":\"Obnovljeni original toner HP CE312A za: HP TopShot LaserJet Pro M 270 Series - HP Color LaserJet Pro CP 1000 Series - HP LaserJet CP 1000 Series ...\",\"breadcrumb\":{\"@id\":\"https:\\\/\\\/tinte-toneri.hr\\\/en\\\/shop\\\/toneri\\\/obnovljeni-toneri\\\/obnovljeni-original-toner-hp-ce312a\\\/#breadcrumb\"},\"inLanguage\":\"en-US\",\"potentialAction\":[{\"@type\":\"ReadAction\",\"target\":[\"https:\\\/\\\/tinte-toneri.hr\\\/en\\\/shop\\\/toneri\\\/obnovljeni-toneri\\\/obnovljeni-original-toner-hp-ce312a\\\/\"]}]},{\"@type\":\"ImageObject\",\"inLanguage\":\"en-US\",\"@id\":\"https:\\\/\\\/tinte-toneri.hr\\\/en\\\/shop\\\/toneri\\\/obnovljeni-toneri\\\/obnovljeni-original-toner-hp-ce312a\\\/#primaryimage\",\"url\":\"https:\\\/\\\/tinte-toneri.hr\\\/wp-content\\\/uploads\\\/2023\\\/12\\\/Zamjenski-toner-yellow.png\",\"contentUrl\":\"https:\\\/\\\/tinte-toneri.hr\\\/wp-content\\\/uploads\\\/2023\\\/12\\\/Zamjenski-toner-yellow.png\",\"width\":2022,\"height\":1376},{\"@type\":\"BreadcrumbList\",\"@id\":\"https:\\\/\\\/tinte-toneri.hr\\\/en\\\/shop\\\/toneri\\\/obnovljeni-toneri\\\/obnovljeni-original-toner-hp-ce312a\\\/#breadcrumb\",\"itemListElement\":[{\"@type\":\"ListItem\",\"position\":1,\"name\":\"Po\u010detna stranica\",\"item\":\"https:\\\/\\\/tinte-toneri.hr\\\/\"},{\"@type\":\"ListItem\",\"position\":2,\"name\":\"Shop\",\"item\":\"https:\\\/\\\/tinte-toneri.hr\\\/shop\\\/\"},{\"@type\":\"ListItem\",\"position\":3,\"name\":\"Obnovljeni original toner HP CE312A\"}]},{\"@type\":\"WebSite\",\"@id\":\"https:\\\/\\\/tinte-toneri.hr\\\/#website\",\"url\":\"https:\\\/\\\/tinte-toneri.hr\\\/\",\"name\":\"TNT\",\"description\":\"Tinte i toneri\",\"publisher\":{\"@id\":\"https:\\\/\\\/tinte-toneri.hr\\\/#organization\"},\"potentialAction\":[{\"@type\":\"SearchAction\",\"target\":{\"@type\":\"EntryPoint\",\"urlTemplate\":\"https:\\\/\\\/tinte-toneri.hr\\\/?s={search_term_string}\"},\"query-input\":{\"@type\":\"PropertyValueSpecification\",\"valueRequired\":true,\"valueName\":\"search_term_string\"}}],\"inLanguage\":\"en-US\"},{\"@type\":\"Organization\",\"@id\":\"https:\\\/\\\/tinte-toneri.hr\\\/#organization\",\"name\":\"TNT Global\",\"url\":\"https:\\\/\\\/tinte-toneri.hr\\\/\",\"logo\":{\"@type\":\"ImageObject\",\"inLanguage\":\"en-US\",\"@id\":\"https:\\\/\\\/tinte-toneri.hr\\\/#\\\/schema\\\/logo\\\/image\\\/\",\"url\":\"https:\\\/\\\/tinte-toneri.hr\\\/wp-content\\\/uploads\\\/2023\\\/10\\\/cropped-Logo1-removebg.png\",\"contentUrl\":\"https:\\\/\\\/tinte-toneri.hr\\\/wp-content\\\/uploads\\\/2023\\\/10\\\/cropped-Logo1-removebg.png\",\"width\":2124,\"height\":2129,\"caption\":\"TNT Global\"},\"image\":{\"@id\":\"https:\\\/\\\/tinte-toneri.hr\\\/#\\\/schema\\\/logo\\\/image\\\/\"}}]}<\/script>\n<!-- \/ Yoast SEO plugin. -->","yoast_head_json":{"title":"Obnovljeni original toner HP CE312A - TNT","description":"Obnovljeni original toner HP CE312A za: HP TopShot LaserJet Pro M 270 Series - HP Color LaserJet Pro CP 1000 Series - HP LaserJet CP 1000 Series ...","robots":{"index":"index","follow":"follow","max-snippet":"max-snippet:-1","max-image-preview":"max-image-preview:large","max-video-preview":"max-video-preview:-1"},"canonical":"https:\/\/tinte-toneri.hr\/en\/shop\/toneri\/obnovljeni-toneri\/obnovljeni-original-toner-hp-ce312a\/","og_locale":"en_US","og_type":"article","og_title":"Obnovljeni original toner HP CE312A - TNT","og_description":"Obnovljeni original toner HP CE312A za: HP TopShot LaserJet Pro M 270 Series - HP Color LaserJet Pro CP 1000 Series - HP LaserJet CP 1000 Series ...","og_url":"https:\/\/tinte-toneri.hr\/en\/shop\/toneri\/obnovljeni-toneri\/obnovljeni-original-toner-hp-ce312a\/","og_site_name":"TNT","article_modified_time":"2024-09-17T09:50:54+00:00","og_image":[{"width":2022,"height":1376,"url":"https:\/\/tinte-toneri.hr\/wp-content\/uploads\/2023\/12\/Zamjenski-toner-yellow.png","type":"image\/png"}],"twitter_card":"summary_large_image","twitter_misc":{"Est. reading time":"2 minutes"},"schema":{"@context":"https:\/\/schema.org","@graph":[{"@type":"WebPage","@id":"https:\/\/tinte-toneri.hr\/en\/shop\/toneri\/obnovljeni-toneri\/obnovljeni-original-toner-hp-ce312a\/","url":"https:\/\/tinte-toneri.hr\/en\/shop\/toneri\/obnovljeni-toneri\/obnovljeni-original-toner-hp-ce312a\/","name":"Obnovljeni original toner HP CE312A - TNT","isPartOf":{"@id":"https:\/\/tinte-toneri.hr\/#website"},"primaryImageOfPage":{"@id":"https:\/\/tinte-toneri.hr\/en\/shop\/toneri\/obnovljeni-toneri\/obnovljeni-original-toner-hp-ce312a\/#primaryimage"},"image":{"@id":"https:\/\/tinte-toneri.hr\/en\/shop\/toneri\/obnovljeni-toneri\/obnovljeni-original-toner-hp-ce312a\/#primaryimage"},"thumbnailUrl":"https:\/\/tinte-toneri.hr\/wp-content\/uploads\/2023\/12\/Zamjenski-toner-yellow.png","datePublished":"2024-01-08T12:13:52+00:00","dateModified":"2024-09-17T09:50:54+00:00","description":"Obnovljeni original toner HP CE312A za: HP TopShot LaserJet Pro M 270 Series - HP Color LaserJet Pro CP 1000 Series - HP LaserJet CP 1000 Series ...","breadcrumb":{"@id":"https:\/\/tinte-toneri.hr\/en\/shop\/toneri\/obnovljeni-toneri\/obnovljeni-original-toner-hp-ce312a\/#breadcrumb"},"inLanguage":"en-US","potentialAction":[{"@type":"ReadAction","target":["https:\/\/tinte-toneri.hr\/en\/shop\/toneri\/obnovljeni-toneri\/obnovljeni-original-toner-hp-ce312a\/"]}]},{"@type":"ImageObject","inLanguage":"en-US","@id":"https:\/\/tinte-toneri.hr\/en\/shop\/toneri\/obnovljeni-toneri\/obnovljeni-original-toner-hp-ce312a\/#primaryimage","url":"https:\/\/tinte-toneri.hr\/wp-content\/uploads\/2023\/12\/Zamjenski-toner-yellow.png","contentUrl":"https:\/\/tinte-toneri.hr\/wp-content\/uploads\/2023\/12\/Zamjenski-toner-yellow.png","width":2022,"height":1376},{"@type":"BreadcrumbList","@id":"https:\/\/tinte-toneri.hr\/en\/shop\/toneri\/obnovljeni-toneri\/obnovljeni-original-toner-hp-ce312a\/#breadcrumb","itemListElement":[{"@type":"ListItem","position":1,"name":"Po\u010detna stranica","item":"https:\/\/tinte-toneri.hr\/"},{"@type":"ListItem","position":2,"name":"Shop","item":"https:\/\/tinte-toneri.hr\/shop\/"},{"@type":"ListItem","position":3,"name":"Obnovljeni original toner HP CE312A"}]},{"@type":"WebSite","@id":"https:\/\/tinte-toneri.hr\/#website","url":"https:\/\/tinte-toneri.hr\/","name":"TNT","description":"Tinte i toneri","publisher":{"@id":"https:\/\/tinte-toneri.hr\/#organization"},"potentialAction":[{"@type":"SearchAction","target":{"@type":"EntryPoint","urlTemplate":"https:\/\/tinte-toneri.hr\/?s={search_term_string}"},"query-input":{"@type":"PropertyValueSpecification","valueRequired":true,"valueName":"search_term_string"}}],"inLanguage":"en-US"},{"@type":"Organization","@id":"https:\/\/tinte-toneri.hr\/#organization","name":"TNT Global","url":"https:\/\/tinte-toneri.hr\/","logo":{"@type":"ImageObject","inLanguage":"en-US","@id":"https:\/\/tinte-toneri.hr\/#\/schema\/logo\/image\/","url":"https:\/\/tinte-toneri.hr\/wp-content\/uploads\/2023\/10\/cropped-Logo1-removebg.png","contentUrl":"https:\/\/tinte-toneri.hr\/wp-content\/uploads\/2023\/10\/cropped-Logo1-removebg.png","width":2124,"height":2129,"caption":"TNT Global"},"image":{"@id":"https:\/\/tinte-toneri.hr\/#\/schema\/logo\/image\/"}}]}},"jetpack_sharing_enabled":true,"_links":{"self":[{"href":"https:\/\/tinte-toneri.hr\/en\/wp-json\/wp\/v2\/product\/6639","targetHints":{"allow":["GET"]}}],"collection":[{"href":"https:\/\/tinte-toneri.hr\/en\/wp-json\/wp\/v2\/product"}],"about":[{"href":"https:\/\/tinte-toneri.hr\/en\/wp-json\/wp\/v2\/types\/product"}],"replies":[{"embeddable":true,"href":"https:\/\/tinte-toneri.hr\/en\/wp-json\/wp\/v2\/comments?post=6639"}],"wp:featuredmedia":[{"embeddable":true,"href":"https:\/\/tinte-toneri.hr\/en\/wp-json\/wp\/v2\/media\/6267"}],"wp:attachment":[{"href":"https:\/\/tinte-toneri.hr\/en\/wp-json\/wp\/v2\/media?parent=6639"}],"wp:term":[{"taxonomy":"product_brand","embeddable":true,"href":"https:\/\/tinte-toneri.hr\/en\/wp-json\/wp\/v2\/product_brand?post=6639"},{"taxonomy":"product_cat","embeddable":true,"href":"https:\/\/tinte-toneri.hr\/en\/wp-json\/wp\/v2\/product_cat?post=6639"},{"taxonomy":"product_tag","embeddable":true,"href":"https:\/\/tinte-toneri.hr\/en\/wp-json\/wp\/v2\/product_tag?post=6639"}],"curies":[{"name":"wp","href":"https:\/\/api.w.org\/{rel}","templated":true}]}}