{"id":6662,"date":"2024-01-08T17:29:11","date_gmt":"2024-01-08T17:29:11","guid":{"rendered":"https:\/\/tinte-toneri.hr\/?post_type=product&#038;p=6662"},"modified":"2024-09-17T09:50:52","modified_gmt":"2024-09-17T09:50:52","slug":"samsung-mlt-d1042s-su737a-original-toner","status":"publish","type":"product","link":"https:\/\/tinte-toneri.hr\/en\/shop\/toneri\/original-toneri\/samsung-mlt-d1042s-su737a-original-toner\/","title":{"rendered":"Samsung MLT-D1042S (SU737A) original toner"},"content":{"rendered":"<p>Originalni toner marke Samsung MLT-D1042S (SU737A) pru\u017ea precizan ispis, stranicu za stranicom, kako bi vam osigurao vrhunske rezultate bez obzira na va\u0161e potrebe. Dizajniran je da konzistentno pru\u017ea visoku kvalitetu tiska, \u010dine\u0107i svaki ispis pouzdanim i dosljednim.<\/p>\n<p>&nbsp;<\/p>\n<p>&nbsp;<\/p>\n<p>Ovaj toner ispunjava kriterije emisije ekolo\u0161ke oznake, doprinose\u0107i o\u010duvanju kvalitete zraka u zatvorenim prostorima gdje \u017eivite i radite, \u010dime se isti\u010de njegova ekolo\u0161ka prihvatljivost.<\/p>\n<p>&nbsp;<\/p>\n<p>&nbsp;<\/p>\n<p>Naru\u010divanjem originalnog Samsung tonera MLT-D1042S (SU737A) putem na\u0161eg web shopa osiguravate si izvrsnu kvalitetu tiska, produ\u017een vijek trajanja va\u0161eg pisa\u010da te pozitivan utjecaj na okoli\u0161. Obratite se nama danas i iskusite sve prednosti vrhunskih Samsung proizvoda.<\/p>\n<p>&nbsp;<\/p>\n<p>&nbsp;<\/p>\n<p>Samsung MLT-D1042S (SU737A) original toner radi u:<\/p>\n<p>&nbsp;<\/p>\n<p>Samsung ML-1660<\/p>\n<p>Samsung ML-1660 N<\/p>\n<p>Samsung ML-1665<\/p>\n<p>Samsung ML-1666<\/p>\n<p>Samsung ML-1670<\/p>\n<p>Samsung ML-1672<\/p>\n<p>Samsung ML-1674<\/p>\n<p>Samsung ML-1675<\/p>\n<p>Samsung ML-1678<\/p>\n<p>Samsung ML-1860<\/p>\n<p>Samsung ML-1865<\/p>\n<p>Samsung ML-1865 W<\/p>\n<p>Samsung SCX-3000<\/p>\n<p>Samsung SCX-3200<\/p>\n<p>Samsung SCX-3200 W<\/p>\n<p>Samsung SCX-3205<\/p>\n<p>Samsung SCX-3205 W<\/p>\n<p>&nbsp;<\/p>","protected":false},"excerpt":{"rendered":"<p>Originalni toner marke Samsung MLT-D1042S (SU737A) pru\u017ea precizan ispis, stranicu za stranicom, kako bi vam osigurao vrhunske rezultate bez obzira na va\u0161e potrebe. Dizajniran je da konzistentno pru\u017ea visoku kvalitetu tiska, \u010dine\u0107i svaki ispis pouzdanim i dosljednim. &nbsp; &nbsp; Ovaj toner ispunjava kriterije emisije ekolo\u0161ke oznake, doprinose\u0107i o\u010duvanju kvalitete zraka u zatvorenim prostorima gdje \u017eivite [&hellip;]<\/p>\n","protected":false},"featured_media":6663,"comment_status":"open","ping_status":"closed","template":"","meta":{"om_disable_all_campaigns":false,"_monsterinsights_skip_tracking":false,"_monsterinsights_sitenote_active":false,"_monsterinsights_sitenote_note":"","_monsterinsights_sitenote_category":0,"_uf_show_specific_survey":0,"_uf_disable_surveys":false},"product_brand":[],"product_cat":[23,22],"product_tag":[],"class_list":{"0":"post-6662","1":"product","2":"type-product","3":"status-publish","4":"has-post-thumbnail","6":"product_cat-original-toneri","7":"product_cat-toneri","9":"first","10":"instock","11":"taxable","12":"shipping-taxable","13":"purchasable","14":"product-type-simple"},"aioseo_notices":[],"yoast_head":"<!-- This site is optimized with the Yoast SEO plugin v27.4 - https:\/\/yoast.com\/product\/yoast-seo-wordpress\/ -->\n<title>Samsung MLT-D1042S (SU737A) original toner - TNT<\/title>\n<meta name=\"description\" content=\"Samsung MLT-D1042S (SU737A) original toner za: Samsung ML-1660 - Samsung ML-1865 - Samsung SCX-3000 - Samsung SCX-3200 W - Samsung SCX-3205...\" \/>\n<meta name=\"robots\" content=\"index, follow, max-snippet:-1, max-image-preview:large, max-video-preview:-1\" \/>\n<link rel=\"canonical\" href=\"https:\/\/tinte-toneri.hr\/en\/shop\/toneri\/original-toneri\/samsung-mlt-d1042s-su737a-original-toner\/\" \/>\n<meta property=\"og:locale\" content=\"en_US\" \/>\n<meta property=\"og:type\" content=\"article\" \/>\n<meta property=\"og:title\" content=\"Samsung MLT-D1042S (SU737A) original toner - TNT\" \/>\n<meta property=\"og:description\" content=\"Samsung MLT-D1042S (SU737A) original toner za: Samsung ML-1660 - Samsung ML-1865 - Samsung SCX-3000 - Samsung SCX-3200 W - Samsung SCX-3205...\" \/>\n<meta property=\"og:url\" content=\"https:\/\/tinte-toneri.hr\/en\/shop\/toneri\/original-toneri\/samsung-mlt-d1042s-su737a-original-toner\/\" \/>\n<meta property=\"og:site_name\" content=\"TNT\" \/>\n<meta property=\"article:modified_time\" content=\"2024-09-17T09:50:52+00:00\" \/>\n<meta property=\"og:image\" content=\"https:\/\/tinte-toneri.hr\/wp-content\/uploads\/2024\/01\/Samsung-MLT-D1042S-SU737A-original-toner.jpg\" \/>\n\t<meta property=\"og:image:width\" content=\"600\" \/>\n\t<meta property=\"og:image:height\" content=\"600\" \/>\n\t<meta property=\"og:image:type\" content=\"image\/jpeg\" \/>\n<meta name=\"twitter:card\" content=\"summary_large_image\" \/>\n<meta name=\"twitter:label1\" content=\"Est. reading time\" \/>\n\t<meta name=\"twitter:data1\" content=\"1 minute\" \/>\n<script type=\"application\/ld+json\" class=\"yoast-schema-graph\">{\"@context\":\"https:\\\/\\\/schema.org\",\"@graph\":[{\"@type\":\"WebPage\",\"@id\":\"https:\\\/\\\/tinte-toneri.hr\\\/en\\\/shop\\\/toneri\\\/original-toneri\\\/samsung-mlt-d1042s-su737a-original-toner\\\/\",\"url\":\"https:\\\/\\\/tinte-toneri.hr\\\/en\\\/shop\\\/toneri\\\/original-toneri\\\/samsung-mlt-d1042s-su737a-original-toner\\\/\",\"name\":\"Samsung MLT-D1042S (SU737A) original toner - TNT\",\"isPartOf\":{\"@id\":\"https:\\\/\\\/tinte-toneri.hr\\\/#website\"},\"primaryImageOfPage\":{\"@id\":\"https:\\\/\\\/tinte-toneri.hr\\\/en\\\/shop\\\/toneri\\\/original-toneri\\\/samsung-mlt-d1042s-su737a-original-toner\\\/#primaryimage\"},\"image\":{\"@id\":\"https:\\\/\\\/tinte-toneri.hr\\\/en\\\/shop\\\/toneri\\\/original-toneri\\\/samsung-mlt-d1042s-su737a-original-toner\\\/#primaryimage\"},\"thumbnailUrl\":\"https:\\\/\\\/tinte-toneri.hr\\\/wp-content\\\/uploads\\\/2024\\\/01\\\/Samsung-MLT-D1042S-SU737A-original-toner.jpg\",\"datePublished\":\"2024-01-08T17:29:11+00:00\",\"dateModified\":\"2024-09-17T09:50:52+00:00\",\"description\":\"Samsung MLT-D1042S (SU737A) original toner za: Samsung ML-1660 - Samsung ML-1865 - Samsung SCX-3000 - Samsung SCX-3200 W - Samsung SCX-3205...\",\"breadcrumb\":{\"@id\":\"https:\\\/\\\/tinte-toneri.hr\\\/en\\\/shop\\\/toneri\\\/original-toneri\\\/samsung-mlt-d1042s-su737a-original-toner\\\/#breadcrumb\"},\"inLanguage\":\"en-US\",\"potentialAction\":[{\"@type\":\"ReadAction\",\"target\":[\"https:\\\/\\\/tinte-toneri.hr\\\/en\\\/shop\\\/toneri\\\/original-toneri\\\/samsung-mlt-d1042s-su737a-original-toner\\\/\"]}]},{\"@type\":\"ImageObject\",\"inLanguage\":\"en-US\",\"@id\":\"https:\\\/\\\/tinte-toneri.hr\\\/en\\\/shop\\\/toneri\\\/original-toneri\\\/samsung-mlt-d1042s-su737a-original-toner\\\/#primaryimage\",\"url\":\"https:\\\/\\\/tinte-toneri.hr\\\/wp-content\\\/uploads\\\/2024\\\/01\\\/Samsung-MLT-D1042S-SU737A-original-toner.jpg\",\"contentUrl\":\"https:\\\/\\\/tinte-toneri.hr\\\/wp-content\\\/uploads\\\/2024\\\/01\\\/Samsung-MLT-D1042S-SU737A-original-toner.jpg\",\"width\":600,\"height\":600},{\"@type\":\"BreadcrumbList\",\"@id\":\"https:\\\/\\\/tinte-toneri.hr\\\/en\\\/shop\\\/toneri\\\/original-toneri\\\/samsung-mlt-d1042s-su737a-original-toner\\\/#breadcrumb\",\"itemListElement\":[{\"@type\":\"ListItem\",\"position\":1,\"name\":\"Po\u010detna stranica\",\"item\":\"https:\\\/\\\/tinte-toneri.hr\\\/\"},{\"@type\":\"ListItem\",\"position\":2,\"name\":\"Shop\",\"item\":\"https:\\\/\\\/tinte-toneri.hr\\\/shop\\\/\"},{\"@type\":\"ListItem\",\"position\":3,\"name\":\"Samsung MLT-D1042S (SU737A) original toner\"}]},{\"@type\":\"WebSite\",\"@id\":\"https:\\\/\\\/tinte-toneri.hr\\\/#website\",\"url\":\"https:\\\/\\\/tinte-toneri.hr\\\/\",\"name\":\"TNT\",\"description\":\"Tinte i toneri\",\"publisher\":{\"@id\":\"https:\\\/\\\/tinte-toneri.hr\\\/#organization\"},\"potentialAction\":[{\"@type\":\"SearchAction\",\"target\":{\"@type\":\"EntryPoint\",\"urlTemplate\":\"https:\\\/\\\/tinte-toneri.hr\\\/?s={search_term_string}\"},\"query-input\":{\"@type\":\"PropertyValueSpecification\",\"valueRequired\":true,\"valueName\":\"search_term_string\"}}],\"inLanguage\":\"en-US\"},{\"@type\":\"Organization\",\"@id\":\"https:\\\/\\\/tinte-toneri.hr\\\/#organization\",\"name\":\"TNT Global\",\"url\":\"https:\\\/\\\/tinte-toneri.hr\\\/\",\"logo\":{\"@type\":\"ImageObject\",\"inLanguage\":\"en-US\",\"@id\":\"https:\\\/\\\/tinte-toneri.hr\\\/#\\\/schema\\\/logo\\\/image\\\/\",\"url\":\"https:\\\/\\\/tinte-toneri.hr\\\/wp-content\\\/uploads\\\/2023\\\/10\\\/cropped-Logo1-removebg.png\",\"contentUrl\":\"https:\\\/\\\/tinte-toneri.hr\\\/wp-content\\\/uploads\\\/2023\\\/10\\\/cropped-Logo1-removebg.png\",\"width\":2124,\"height\":2129,\"caption\":\"TNT Global\"},\"image\":{\"@id\":\"https:\\\/\\\/tinte-toneri.hr\\\/#\\\/schema\\\/logo\\\/image\\\/\"}}]}<\/script>\n<!-- \/ Yoast SEO plugin. -->","yoast_head_json":{"title":"Samsung MLT-D1042S (SU737A) original toner - TNT","description":"Samsung MLT-D1042S (SU737A) original toner za: Samsung ML-1660 - Samsung ML-1865 - Samsung SCX-3000 - Samsung SCX-3200 W - Samsung SCX-3205...","robots":{"index":"index","follow":"follow","max-snippet":"max-snippet:-1","max-image-preview":"max-image-preview:large","max-video-preview":"max-video-preview:-1"},"canonical":"https:\/\/tinte-toneri.hr\/en\/shop\/toneri\/original-toneri\/samsung-mlt-d1042s-su737a-original-toner\/","og_locale":"en_US","og_type":"article","og_title":"Samsung MLT-D1042S (SU737A) original toner - TNT","og_description":"Samsung MLT-D1042S (SU737A) original toner za: Samsung ML-1660 - Samsung ML-1865 - Samsung SCX-3000 - Samsung SCX-3200 W - Samsung SCX-3205...","og_url":"https:\/\/tinte-toneri.hr\/en\/shop\/toneri\/original-toneri\/samsung-mlt-d1042s-su737a-original-toner\/","og_site_name":"TNT","article_modified_time":"2024-09-17T09:50:52+00:00","og_image":[{"width":600,"height":600,"url":"https:\/\/tinte-toneri.hr\/wp-content\/uploads\/2024\/01\/Samsung-MLT-D1042S-SU737A-original-toner.jpg","type":"image\/jpeg"}],"twitter_card":"summary_large_image","twitter_misc":{"Est. reading time":"1 minute"},"schema":{"@context":"https:\/\/schema.org","@graph":[{"@type":"WebPage","@id":"https:\/\/tinte-toneri.hr\/en\/shop\/toneri\/original-toneri\/samsung-mlt-d1042s-su737a-original-toner\/","url":"https:\/\/tinte-toneri.hr\/en\/shop\/toneri\/original-toneri\/samsung-mlt-d1042s-su737a-original-toner\/","name":"Samsung MLT-D1042S (SU737A) original toner - TNT","isPartOf":{"@id":"https:\/\/tinte-toneri.hr\/#website"},"primaryImageOfPage":{"@id":"https:\/\/tinte-toneri.hr\/en\/shop\/toneri\/original-toneri\/samsung-mlt-d1042s-su737a-original-toner\/#primaryimage"},"image":{"@id":"https:\/\/tinte-toneri.hr\/en\/shop\/toneri\/original-toneri\/samsung-mlt-d1042s-su737a-original-toner\/#primaryimage"},"thumbnailUrl":"https:\/\/tinte-toneri.hr\/wp-content\/uploads\/2024\/01\/Samsung-MLT-D1042S-SU737A-original-toner.jpg","datePublished":"2024-01-08T17:29:11+00:00","dateModified":"2024-09-17T09:50:52+00:00","description":"Samsung MLT-D1042S (SU737A) original toner za: Samsung ML-1660 - Samsung ML-1865 - Samsung SCX-3000 - Samsung SCX-3200 W - Samsung SCX-3205...","breadcrumb":{"@id":"https:\/\/tinte-toneri.hr\/en\/shop\/toneri\/original-toneri\/samsung-mlt-d1042s-su737a-original-toner\/#breadcrumb"},"inLanguage":"en-US","potentialAction":[{"@type":"ReadAction","target":["https:\/\/tinte-toneri.hr\/en\/shop\/toneri\/original-toneri\/samsung-mlt-d1042s-su737a-original-toner\/"]}]},{"@type":"ImageObject","inLanguage":"en-US","@id":"https:\/\/tinte-toneri.hr\/en\/shop\/toneri\/original-toneri\/samsung-mlt-d1042s-su737a-original-toner\/#primaryimage","url":"https:\/\/tinte-toneri.hr\/wp-content\/uploads\/2024\/01\/Samsung-MLT-D1042S-SU737A-original-toner.jpg","contentUrl":"https:\/\/tinte-toneri.hr\/wp-content\/uploads\/2024\/01\/Samsung-MLT-D1042S-SU737A-original-toner.jpg","width":600,"height":600},{"@type":"BreadcrumbList","@id":"https:\/\/tinte-toneri.hr\/en\/shop\/toneri\/original-toneri\/samsung-mlt-d1042s-su737a-original-toner\/#breadcrumb","itemListElement":[{"@type":"ListItem","position":1,"name":"Po\u010detna stranica","item":"https:\/\/tinte-toneri.hr\/"},{"@type":"ListItem","position":2,"name":"Shop","item":"https:\/\/tinte-toneri.hr\/shop\/"},{"@type":"ListItem","position":3,"name":"Samsung MLT-D1042S (SU737A) original toner"}]},{"@type":"WebSite","@id":"https:\/\/tinte-toneri.hr\/#website","url":"https:\/\/tinte-toneri.hr\/","name":"TNT","description":"Tinte i toneri","publisher":{"@id":"https:\/\/tinte-toneri.hr\/#organization"},"potentialAction":[{"@type":"SearchAction","target":{"@type":"EntryPoint","urlTemplate":"https:\/\/tinte-toneri.hr\/?s={search_term_string}"},"query-input":{"@type":"PropertyValueSpecification","valueRequired":true,"valueName":"search_term_string"}}],"inLanguage":"en-US"},{"@type":"Organization","@id":"https:\/\/tinte-toneri.hr\/#organization","name":"TNT Global","url":"https:\/\/tinte-toneri.hr\/","logo":{"@type":"ImageObject","inLanguage":"en-US","@id":"https:\/\/tinte-toneri.hr\/#\/schema\/logo\/image\/","url":"https:\/\/tinte-toneri.hr\/wp-content\/uploads\/2023\/10\/cropped-Logo1-removebg.png","contentUrl":"https:\/\/tinte-toneri.hr\/wp-content\/uploads\/2023\/10\/cropped-Logo1-removebg.png","width":2124,"height":2129,"caption":"TNT Global"},"image":{"@id":"https:\/\/tinte-toneri.hr\/#\/schema\/logo\/image\/"}}]}},"jetpack_sharing_enabled":true,"_links":{"self":[{"href":"https:\/\/tinte-toneri.hr\/en\/wp-json\/wp\/v2\/product\/6662","targetHints":{"allow":["GET"]}}],"collection":[{"href":"https:\/\/tinte-toneri.hr\/en\/wp-json\/wp\/v2\/product"}],"about":[{"href":"https:\/\/tinte-toneri.hr\/en\/wp-json\/wp\/v2\/types\/product"}],"replies":[{"embeddable":true,"href":"https:\/\/tinte-toneri.hr\/en\/wp-json\/wp\/v2\/comments?post=6662"}],"wp:featuredmedia":[{"embeddable":true,"href":"https:\/\/tinte-toneri.hr\/en\/wp-json\/wp\/v2\/media\/6663"}],"wp:attachment":[{"href":"https:\/\/tinte-toneri.hr\/en\/wp-json\/wp\/v2\/media?parent=6662"}],"wp:term":[{"taxonomy":"product_brand","embeddable":true,"href":"https:\/\/tinte-toneri.hr\/en\/wp-json\/wp\/v2\/product_brand?post=6662"},{"taxonomy":"product_cat","embeddable":true,"href":"https:\/\/tinte-toneri.hr\/en\/wp-json\/wp\/v2\/product_cat?post=6662"},{"taxonomy":"product_tag","embeddable":true,"href":"https:\/\/tinte-toneri.hr\/en\/wp-json\/wp\/v2\/product_tag?post=6662"}],"curies":[{"name":"wp","href":"https:\/\/api.w.org\/{rel}","templated":true}]}}