{"id":6740,"date":"2024-01-11T11:15:25","date_gmt":"2024-01-11T11:15:25","guid":{"rendered":"https:\/\/tinte-toneri.hr\/?post_type=product&#038;p=6740"},"modified":"2024-09-17T09:50:44","modified_gmt":"2024-09-17T09:50:44","slug":"brother-tn-b023-original-toner","status":"publish","type":"product","link":"https:\/\/tinte-toneri.hr\/en\/shop\/toneri\/original-toneri\/brother-tn-b023-original-toner\/","title":{"rendered":"Brother TN-B023 original toner"},"content":{"rendered":"<p>Transformirajte svoje ispisno iskustvo uz originalni Brother TN-B023 toner, dizajniran s posebnom pa\u017enjom kako bi postigao vrhunske profesionalne rezultate. Ovaj toner, u potpunosti uskla\u0111en s visokim ISO standardima, ne samo da garantira izuzetnu kvalitetu ispisa ve\u0107 i aktivno doprinosi smanjenju potro\u0161nje energije, promi\u010du\u0107i pritom ekolo\u0161ki osvije\u0161ten pristup.<\/p>\n<p>&nbsp;<\/p>\n<p>&nbsp;<\/p>\n<p>Originalni Brother TN-B023 toner pro\u0161ao je kroz stroga ispitivanja kvalitete i neprestani razvoj kako bi konzistentno isporu\u010divao vrhunsku kvalitetu ispisa i nazna\u010denu koli\u010dinu stranica. Sve faze testiranja provode se u skladu s ISO 11798 standardima. Ispisi ostaju postojani tijekom vremena, otporni su na vodu i svjetlo te ispunjavaju najvi\u0161e standarde kvalitete.<\/p>\n<p>&nbsp;<\/p>\n<p>&nbsp;<\/p>\n<p>S in\u017eenjerskim savr\u0161enstvom i strogom kontrolom kvalitete, Brother TN-B023 toner pru\u017ea dosljednost u performansama, \u010dine\u0107i ga optimalnim izborom za poslovne dokumente, prezentacije i svakodnevne ispisne potrebe. Bez obzira jeste li u uredu ili kod ku\u0107e, ovaj toner omogu\u0107uje visokokvalitetne ispise koji \u0107e zadovoljiti va\u0161e profesionalne standarde.<\/p>\n<p>&nbsp;<\/p>\n<p>&nbsp;<\/p>\n<p>&nbsp;<\/p>\n<p>Odaberite originalni Brother TN-B023 toner za maksimalne rezultate i dugotrajnu izvedbu. Osim \u0161to \u0107e istaknuti kvalitetu va\u0161ih ispisa, ovaj toner podr\u017eava odgovorno kori\u0161tenje resursa, pridonose\u0107i o\u010duvanju okoli\u0161a. Nastavite s pouzdanim Brother TN-B023 tonerom i do\u017eivite vrhunsku kvalitetu ispisa na \u0161irokom rasponu Brother ure\u0111aja.<\/p>\n<p>&nbsp;<\/p>\n<p>&nbsp;<\/p>\n<p>&nbsp;<\/p>\n<p>Proizvod radi sa:<\/p>\n<p>&nbsp;<\/p>\n<p>Brother DCP B7520DW<\/p>\n<p>Brother HL B2080DW<\/p>\n<p>Brother MFC B7715DW<\/p>\n<p>&nbsp;<\/p>","protected":false},"excerpt":{"rendered":"<p>Transformirajte svoje ispisno iskustvo uz originalni Brother TN-B023 toner, dizajniran s posebnom pa\u017enjom kako bi postigao vrhunske profesionalne rezultate. Ovaj toner, u potpunosti uskla\u0111en s visokim ISO standardima, ne samo da garantira izuzetnu kvalitetu ispisa ve\u0107 i aktivno doprinosi smanjenju potro\u0161nje energije, promi\u010du\u0107i pritom ekolo\u0161ki osvije\u0161ten pristup. &nbsp; &nbsp; Originalni Brother TN-B023 toner pro\u0161ao je [&hellip;]<\/p>\n","protected":false},"featured_media":6741,"comment_status":"open","ping_status":"closed","template":"","meta":{"om_disable_all_campaigns":false,"_monsterinsights_skip_tracking":false,"_monsterinsights_sitenote_active":false,"_monsterinsights_sitenote_note":"","_monsterinsights_sitenote_category":0,"_uf_show_specific_survey":0,"_uf_disable_surveys":false},"product_brand":[],"product_cat":[23,22],"product_tag":[],"class_list":{"0":"post-6740","1":"product","2":"type-product","3":"status-publish","4":"has-post-thumbnail","6":"product_cat-original-toneri","7":"product_cat-toneri","9":"first","10":"instock","11":"taxable","12":"shipping-taxable","13":"purchasable","14":"product-type-simple"},"aioseo_notices":[],"jetpack_sharing_enabled":true,"_links":{"self":[{"href":"https:\/\/tinte-toneri.hr\/en\/wp-json\/wp\/v2\/product\/6740","targetHints":{"allow":["GET"]}}],"collection":[{"href":"https:\/\/tinte-toneri.hr\/en\/wp-json\/wp\/v2\/product"}],"about":[{"href":"https:\/\/tinte-toneri.hr\/en\/wp-json\/wp\/v2\/types\/product"}],"replies":[{"embeddable":true,"href":"https:\/\/tinte-toneri.hr\/en\/wp-json\/wp\/v2\/comments?post=6740"}],"wp:featuredmedia":[{"embeddable":true,"href":"https:\/\/tinte-toneri.hr\/en\/wp-json\/wp\/v2\/media\/6741"}],"wp:attachment":[{"href":"https:\/\/tinte-toneri.hr\/en\/wp-json\/wp\/v2\/media?parent=6740"}],"wp:term":[{"taxonomy":"product_brand","embeddable":true,"href":"https:\/\/tinte-toneri.hr\/en\/wp-json\/wp\/v2\/product_brand?post=6740"},{"taxonomy":"product_cat","embeddable":true,"href":"https:\/\/tinte-toneri.hr\/en\/wp-json\/wp\/v2\/product_cat?post=6740"},{"taxonomy":"product_tag","embeddable":true,"href":"https:\/\/tinte-toneri.hr\/en\/wp-json\/wp\/v2\/product_tag?post=6740"}],"curies":[{"name":"wp","href":"https:\/\/api.w.org\/{rel}","templated":true}]}}