{"id":6742,"date":"2024-01-11T11:37:14","date_gmt":"2024-01-11T11:37:14","guid":{"rendered":"https:\/\/tinte-toneri.hr\/?post_type=product&#038;p=6742"},"modified":"2024-09-17T09:50:44","modified_gmt":"2024-09-17T09:50:44","slug":"tnt-zamjenska-tinta-hp-351xl-tricolor-cb338ee","status":"publish","type":"product","link":"https:\/\/tinte-toneri.hr\/en\/shop\/tinte\/zamjenske-tinte\/tnt-zamjenska-tinta-hp-351xl-tricolor-cb338ee\/","title":{"rendered":"TNT zamjenska tinta HP 351XL Tricolor (CB338EE)"},"content":{"rendered":"<div class=\"elementor-element elementor-element-40973e9 elementor-widget elementor-widget-woocommerce-product-content\" data-id=\"40973e9\" data-element_type=\"widget\" data-widget_type=\"woocommerce-product-content.default\">\n<div class=\"elementor-widget-container\">\n<p>Upotrijebite na\u0161u vrhunsku zamjensku tintu TNT za HP 351XL Tricolor (CB338EE) kako biste osigurali iznimno kvalitetne ispise po pristupa\u010dnoj cijeni. Ova tinta je idealna za HP pisa\u010de i pru\u017ea izvanredne rezultate ispisa.<\/p>\n<p>&nbsp;<\/p>\n<p>Na\u0161a TNT zamjenska tinta HP 351XL Tricolor (CB338EE) je formulirana s vrhunskim pigmentima koji osiguravaju o\u0161tre, jasne i duboke boje. Bez obzira na to je li u pitanju tekst, grafika ili fotografija, ova tinta pru\u017ea konzistentne rezultate s visokim stupnjem detalja.<\/p>\n<p>&nbsp;<\/p>\n<p>Pored izvrsne kvalitete ispisa, na\u0161a zamjenska tinta HP 351XL Tricolor (CB338EE) je i jednostavna za kori\u0161tenje. Napunite je u svoj pisa\u010d bez napora i nastavite s besprijekornim ispisom. Tinta se lako integrira s va\u0161im pisa\u010dem, osiguravaju\u0107i pouzdane rezultate i minimalne smetnje tijekom ispisa.<\/p>\n<p>&nbsp;<\/p>\n<p>Ova zamjenska tinta HP 351XL Tricolor (CB338EE) je pristupa\u010dna alternativa originalnim HP tintama, bez kompromisa po pitanju kvalitete. U\u0161tedite novac bez gubitka na izvedbi. Uz na\u0161u TNT zamjensku tintu, dobit \u0107ete visokokvalitetne ispise po povoljnoj cijeni.<\/p>\n<p>&nbsp;<\/p>\n<p>Narud\u017eba je jednostavna i brza. Odaberite na\u0161u zamjensku tintuHP 351XL Tricolor (CB338EE) za HP pisa\u010de i u\u017eivajte u vrhunskim ispisima bez prekomjernog tro\u0161ka.<\/p>\n<p>&nbsp;<\/p>\n<\/div>\n<p>&nbsp;<\/p>\n<div class=\"elementor-widget-container\">\n<p>Proizvod je kompatibilan sa:<\/p>\n<p>&nbsp;<\/p>\n<\/div>\n<\/div>\n<div class=\"elementor-element elementor-element-c073661 elementor-widget elementor-widget-spacer\" data-id=\"c073661\" data-element_type=\"widget\" data-widget_type=\"spacer.default\">\n<div class=\"elementor-widget-container\">\n<div class=\"elementor-spacer\">\n<div class=\"elementor-spacer-inner\">\n<p>HP DeskJet D 4200 Series<\/p>\n<p>HP DeskJet D 4260<\/p>\n<p>HP DeskJet D 4300 Series<\/p>\n<p>HP DeskJet D 4360<\/p>\n<p>HP DeskJet D 4368<\/p>\n<p>HP OfficeJet J 5725<\/p>\n<p>HP OfficeJet J 5730<\/p>\n<p>HP OfficeJet J 5735<\/p>\n<p>HP OfficeJet J 5740<\/p>\n<p>HP OfficeJet J 5742<\/p>\n<p>HP OfficeJet J 5750<\/p>\n<p>HP OfficeJet J 5780<\/p>\n<p>HP OfficeJet J 5783<\/p>\n<p>HP OfficeJet J 5785<\/p>\n<p>HP OfficeJet J 6400 Series<\/p>\n<p>HP OfficeJet J 6405<\/p>\n<p>HP OfficeJet J 6410<\/p>\n<p>HP OfficeJet J 6413<\/p>\n<p>HP OfficeJet J 6415<\/p>\n<p>HP OfficeJet J 6424<\/p>\n<p>HP OfficeJet J 6450<\/p>\n<p>HP OfficeJet J 6480<\/p>\n<p>HP OfficeJet J 6488<\/p>\n<p>HP PhotoSmart C 4200 Series<\/p>\n<p>HP PhotoSmart C 4225<\/p>\n<p>HP PhotoSmart C 4270<\/p>\n<p>HP PhotoSmart C 4280<\/p>\n<p>HP PhotoSmart C 4283<\/p>\n<p>HP PhotoSmart C 4300 Series<\/p>\n<p>HP PhotoSmart C 4324<\/p>\n<p>HP PhotoSmart C 4340<\/p>\n<p>HP PhotoSmart C 4345<\/p>\n<p>HP PhotoSmart C 4380<\/p>\n<p>HP PhotoSmart C 4384<\/p>\n<p>HP PhotoSmart C 4385<\/p>\n<p>HP PhotoSmart C 4390<\/p>\n<p>HP PhotoSmart C 4400 Series<\/p>\n<p>HP PhotoSmart C 4410<\/p>\n<p>HP PhotoSmart C 4424<\/p>\n<p>HP PhotoSmart C 4435<\/p>\n<p>HP PhotoSmart C 4440<\/p>\n<p>HP PhotoSmart C 4450<\/p>\n<p>HP PhotoSmart C 4470<\/p>\n<p>HP PhotoSmart C 4472<\/p>\n<p>HP PhotoSmart C 4475<\/p>\n<p>HP PhotoSmart C 4480<\/p>\n<p>HP PhotoSmart C 4483<\/p>\n<p>HP PhotoSmart C 4485<\/p>\n<p>HP PhotoSmart C 4486<\/p>\n<p>HP PhotoSmart C 4488<\/p>\n<p>HP PhotoSmart C 4494<\/p>\n<p>HP PhotoSmart C 4500 Series<\/p>\n<p>HP PhotoSmart C 4524<\/p>\n<p>HP PhotoSmart C 4540<\/p>\n<p>HP PhotoSmart C 4550<\/p>\n<p>HP PhotoSmart C 4570<\/p>\n<p>HP PhotoSmart C 4572<\/p>\n<p>HP PhotoSmart C 4573<\/p>\n<p>HP PhotoSmart C 4575<\/p>\n<p>HP PhotoSmart C 4580<\/p>\n<p>HP PhotoSmart C 4583<\/p>\n<p>HP PhotoSmart C 4585<\/p>\n<p>HP PhotoSmart C 4588<\/p>\n<p>HP PhotoSmart C 4593<\/p>\n<p>HP PhotoSmart C 4599<\/p>\n<p>HP PhotoSmart C 5200 Series<\/p>\n<p>HP PhotoSmart C 5240<\/p>\n<p>HP PhotoSmart C 5250<\/p>\n<p>HP PhotoSmart C 5270<\/p>\n<p>HP PhotoSmart C 5275<\/p>\n<p>HP PhotoSmart C 5280<\/p>\n<p>HP PhotoSmart C 5283<\/p>\n<p>HP PhotoSmart C 5288<\/p>\n<p>HP PhotoSmart C 5290<\/p>\n<p>HP PhotoSmart C 5580<\/p>\n<p>&nbsp;<\/p>\n<\/div>\n<\/div>\n<\/div>\n<\/div>","protected":false},"excerpt":{"rendered":"<p>Upotrijebite na\u0161u vrhunsku zamjensku tintu TNT za HP 351XL Tricolor (CB338EE) kako biste osigurali iznimno kvalitetne ispise po pristupa\u010dnoj cijeni. Ova tinta je idealna za HP pisa\u010de i pru\u017ea izvanredne rezultate ispisa. &nbsp; Na\u0161a TNT zamjenska tinta HP 351XL Tricolor (CB338EE) je formulirana s vrhunskim pigmentima koji osiguravaju o\u0161tre, jasne i duboke boje. Bez obzira [&hellip;]<\/p>\n","protected":false},"featured_media":6263,"comment_status":"open","ping_status":"closed","template":"","meta":{"om_disable_all_campaigns":false,"_monsterinsights_skip_tracking":false,"_monsterinsights_sitenote_active":false,"_monsterinsights_sitenote_note":"","_monsterinsights_sitenote_category":0,"_uf_show_specific_survey":0,"_uf_disable_surveys":false},"product_brand":[],"product_cat":[21,28],"product_tag":[],"class_list":{"0":"post-6742","1":"product","2":"type-product","3":"status-publish","4":"has-post-thumbnail","6":"product_cat-tinte","7":"product_cat-zamjenske-tinte","9":"first","10":"instock","11":"taxable","12":"shipping-taxable","13":"purchasable","14":"product-type-simple"},"aioseo_notices":[],"yoast_head":"<!-- This site is optimized with the Yoast SEO plugin v27.4 - https:\/\/yoast.com\/product\/yoast-seo-wordpress\/ -->\n<title>TNT zamjenska tinta HP 351XL Tricolor (CB338EE) - TNT<\/title>\n<meta name=\"description\" content=\"Zamjenska tinta HP 351XL Tricolor (CB338EE) za: HP DeskJet D 4200 Series - HP DeskJet D 4300 Series - HP OfficeJet J 6400 Series ...\" \/>\n<meta name=\"robots\" content=\"index, follow, max-snippet:-1, max-image-preview:large, max-video-preview:-1\" \/>\n<link rel=\"canonical\" href=\"https:\/\/tinte-toneri.hr\/en\/shop\/tinte\/zamjenske-tinte\/tnt-zamjenska-tinta-hp-351xl-tricolor-cb338ee\/\" \/>\n<meta property=\"og:locale\" content=\"en_US\" \/>\n<meta property=\"og:type\" content=\"article\" \/>\n<meta property=\"og:title\" content=\"TNT zamjenska tinta HP 351XL Tricolor (CB338EE) - TNT\" \/>\n<meta property=\"og:description\" content=\"Zamjenska tinta HP 351XL Tricolor (CB338EE) za: HP DeskJet D 4200 Series - HP DeskJet D 4300 Series - HP OfficeJet J 6400 Series ...\" \/>\n<meta property=\"og:url\" content=\"https:\/\/tinte-toneri.hr\/en\/shop\/tinte\/zamjenske-tinte\/tnt-zamjenska-tinta-hp-351xl-tricolor-cb338ee\/\" \/>\n<meta property=\"og:site_name\" content=\"TNT\" \/>\n<meta property=\"article:modified_time\" content=\"2024-09-17T09:50:44+00:00\" \/>\n<meta property=\"og:image\" content=\"https:\/\/tinte-toneri.hr\/wp-content\/uploads\/2023\/12\/Zamjenska-tinta-768x1024.png\" \/>\n\t<meta property=\"og:image:width\" content=\"768\" \/>\n\t<meta property=\"og:image:height\" content=\"1024\" \/>\n\t<meta property=\"og:image:type\" content=\"image\/png\" \/>\n<meta name=\"twitter:card\" content=\"summary_large_image\" \/>\n<meta name=\"twitter:label1\" content=\"Est. reading time\" \/>\n\t<meta name=\"twitter:data1\" content=\"3 minutes\" \/>\n<script type=\"application\/ld+json\" class=\"yoast-schema-graph\">{\"@context\":\"https:\\\/\\\/schema.org\",\"@graph\":[{\"@type\":\"WebPage\",\"@id\":\"https:\\\/\\\/tinte-toneri.hr\\\/en\\\/shop\\\/tinte\\\/zamjenske-tinte\\\/tnt-zamjenska-tinta-hp-351xl-tricolor-cb338ee\\\/\",\"url\":\"https:\\\/\\\/tinte-toneri.hr\\\/en\\\/shop\\\/tinte\\\/zamjenske-tinte\\\/tnt-zamjenska-tinta-hp-351xl-tricolor-cb338ee\\\/\",\"name\":\"TNT zamjenska tinta HP 351XL Tricolor (CB338EE) - TNT\",\"isPartOf\":{\"@id\":\"https:\\\/\\\/tinte-toneri.hr\\\/#website\"},\"primaryImageOfPage\":{\"@id\":\"https:\\\/\\\/tinte-toneri.hr\\\/en\\\/shop\\\/tinte\\\/zamjenske-tinte\\\/tnt-zamjenska-tinta-hp-351xl-tricolor-cb338ee\\\/#primaryimage\"},\"image\":{\"@id\":\"https:\\\/\\\/tinte-toneri.hr\\\/en\\\/shop\\\/tinte\\\/zamjenske-tinte\\\/tnt-zamjenska-tinta-hp-351xl-tricolor-cb338ee\\\/#primaryimage\"},\"thumbnailUrl\":\"https:\\\/\\\/tinte-toneri.hr\\\/wp-content\\\/uploads\\\/2023\\\/12\\\/Zamjenska-tinta.png\",\"datePublished\":\"2024-01-11T11:37:14+00:00\",\"dateModified\":\"2024-09-17T09:50:44+00:00\",\"description\":\"Zamjenska tinta HP 351XL Tricolor (CB338EE) za: HP DeskJet D 4200 Series - HP DeskJet D 4300 Series - HP OfficeJet J 6400 Series ...\",\"breadcrumb\":{\"@id\":\"https:\\\/\\\/tinte-toneri.hr\\\/en\\\/shop\\\/tinte\\\/zamjenske-tinte\\\/tnt-zamjenska-tinta-hp-351xl-tricolor-cb338ee\\\/#breadcrumb\"},\"inLanguage\":\"en-US\",\"potentialAction\":[{\"@type\":\"ReadAction\",\"target\":[\"https:\\\/\\\/tinte-toneri.hr\\\/en\\\/shop\\\/tinte\\\/zamjenske-tinte\\\/tnt-zamjenska-tinta-hp-351xl-tricolor-cb338ee\\\/\"]}]},{\"@type\":\"ImageObject\",\"inLanguage\":\"en-US\",\"@id\":\"https:\\\/\\\/tinte-toneri.hr\\\/en\\\/shop\\\/tinte\\\/zamjenske-tinte\\\/tnt-zamjenska-tinta-hp-351xl-tricolor-cb338ee\\\/#primaryimage\",\"url\":\"https:\\\/\\\/tinte-toneri.hr\\\/wp-content\\\/uploads\\\/2023\\\/12\\\/Zamjenska-tinta.png\",\"contentUrl\":\"https:\\\/\\\/tinte-toneri.hr\\\/wp-content\\\/uploads\\\/2023\\\/12\\\/Zamjenska-tinta.png\",\"width\":3000,\"height\":4000},{\"@type\":\"BreadcrumbList\",\"@id\":\"https:\\\/\\\/tinte-toneri.hr\\\/en\\\/shop\\\/tinte\\\/zamjenske-tinte\\\/tnt-zamjenska-tinta-hp-351xl-tricolor-cb338ee\\\/#breadcrumb\",\"itemListElement\":[{\"@type\":\"ListItem\",\"position\":1,\"name\":\"Po\u010detna stranica\",\"item\":\"https:\\\/\\\/tinte-toneri.hr\\\/\"},{\"@type\":\"ListItem\",\"position\":2,\"name\":\"Shop\",\"item\":\"https:\\\/\\\/tinte-toneri.hr\\\/shop\\\/\"},{\"@type\":\"ListItem\",\"position\":3,\"name\":\"TNT zamjenska tinta HP 351XL Tricolor (CB338EE)\"}]},{\"@type\":\"WebSite\",\"@id\":\"https:\\\/\\\/tinte-toneri.hr\\\/#website\",\"url\":\"https:\\\/\\\/tinte-toneri.hr\\\/\",\"name\":\"TNT\",\"description\":\"Tinte i toneri\",\"publisher\":{\"@id\":\"https:\\\/\\\/tinte-toneri.hr\\\/#organization\"},\"potentialAction\":[{\"@type\":\"SearchAction\",\"target\":{\"@type\":\"EntryPoint\",\"urlTemplate\":\"https:\\\/\\\/tinte-toneri.hr\\\/?s={search_term_string}\"},\"query-input\":{\"@type\":\"PropertyValueSpecification\",\"valueRequired\":true,\"valueName\":\"search_term_string\"}}],\"inLanguage\":\"en-US\"},{\"@type\":\"Organization\",\"@id\":\"https:\\\/\\\/tinte-toneri.hr\\\/#organization\",\"name\":\"TNT Global\",\"url\":\"https:\\\/\\\/tinte-toneri.hr\\\/\",\"logo\":{\"@type\":\"ImageObject\",\"inLanguage\":\"en-US\",\"@id\":\"https:\\\/\\\/tinte-toneri.hr\\\/#\\\/schema\\\/logo\\\/image\\\/\",\"url\":\"https:\\\/\\\/tinte-toneri.hr\\\/wp-content\\\/uploads\\\/2023\\\/10\\\/cropped-Logo1-removebg.png\",\"contentUrl\":\"https:\\\/\\\/tinte-toneri.hr\\\/wp-content\\\/uploads\\\/2023\\\/10\\\/cropped-Logo1-removebg.png\",\"width\":2124,\"height\":2129,\"caption\":\"TNT Global\"},\"image\":{\"@id\":\"https:\\\/\\\/tinte-toneri.hr\\\/#\\\/schema\\\/logo\\\/image\\\/\"}}]}<\/script>\n<!-- \/ Yoast SEO plugin. -->","yoast_head_json":{"title":"TNT zamjenska tinta HP 351XL Tricolor (CB338EE) - TNT","description":"Zamjenska tinta HP 351XL Tricolor (CB338EE) za: HP DeskJet D 4200 Series - HP DeskJet D 4300 Series - HP OfficeJet J 6400 Series ...","robots":{"index":"index","follow":"follow","max-snippet":"max-snippet:-1","max-image-preview":"max-image-preview:large","max-video-preview":"max-video-preview:-1"},"canonical":"https:\/\/tinte-toneri.hr\/en\/shop\/tinte\/zamjenske-tinte\/tnt-zamjenska-tinta-hp-351xl-tricolor-cb338ee\/","og_locale":"en_US","og_type":"article","og_title":"TNT zamjenska tinta HP 351XL Tricolor (CB338EE) - TNT","og_description":"Zamjenska tinta HP 351XL Tricolor (CB338EE) za: HP DeskJet D 4200 Series - HP DeskJet D 4300 Series - HP OfficeJet J 6400 Series ...","og_url":"https:\/\/tinte-toneri.hr\/en\/shop\/tinte\/zamjenske-tinte\/tnt-zamjenska-tinta-hp-351xl-tricolor-cb338ee\/","og_site_name":"TNT","article_modified_time":"2024-09-17T09:50:44+00:00","og_image":[{"width":768,"height":1024,"url":"https:\/\/tinte-toneri.hr\/wp-content\/uploads\/2023\/12\/Zamjenska-tinta-768x1024.png","type":"image\/png"}],"twitter_card":"summary_large_image","twitter_misc":{"Est. reading time":"3 minutes"},"schema":{"@context":"https:\/\/schema.org","@graph":[{"@type":"WebPage","@id":"https:\/\/tinte-toneri.hr\/en\/shop\/tinte\/zamjenske-tinte\/tnt-zamjenska-tinta-hp-351xl-tricolor-cb338ee\/","url":"https:\/\/tinte-toneri.hr\/en\/shop\/tinte\/zamjenske-tinte\/tnt-zamjenska-tinta-hp-351xl-tricolor-cb338ee\/","name":"TNT zamjenska tinta HP 351XL Tricolor (CB338EE) - TNT","isPartOf":{"@id":"https:\/\/tinte-toneri.hr\/#website"},"primaryImageOfPage":{"@id":"https:\/\/tinte-toneri.hr\/en\/shop\/tinte\/zamjenske-tinte\/tnt-zamjenska-tinta-hp-351xl-tricolor-cb338ee\/#primaryimage"},"image":{"@id":"https:\/\/tinte-toneri.hr\/en\/shop\/tinte\/zamjenske-tinte\/tnt-zamjenska-tinta-hp-351xl-tricolor-cb338ee\/#primaryimage"},"thumbnailUrl":"https:\/\/tinte-toneri.hr\/wp-content\/uploads\/2023\/12\/Zamjenska-tinta.png","datePublished":"2024-01-11T11:37:14+00:00","dateModified":"2024-09-17T09:50:44+00:00","description":"Zamjenska tinta HP 351XL Tricolor (CB338EE) za: HP DeskJet D 4200 Series - HP DeskJet D 4300 Series - HP OfficeJet J 6400 Series ...","breadcrumb":{"@id":"https:\/\/tinte-toneri.hr\/en\/shop\/tinte\/zamjenske-tinte\/tnt-zamjenska-tinta-hp-351xl-tricolor-cb338ee\/#breadcrumb"},"inLanguage":"en-US","potentialAction":[{"@type":"ReadAction","target":["https:\/\/tinte-toneri.hr\/en\/shop\/tinte\/zamjenske-tinte\/tnt-zamjenska-tinta-hp-351xl-tricolor-cb338ee\/"]}]},{"@type":"ImageObject","inLanguage":"en-US","@id":"https:\/\/tinte-toneri.hr\/en\/shop\/tinte\/zamjenske-tinte\/tnt-zamjenska-tinta-hp-351xl-tricolor-cb338ee\/#primaryimage","url":"https:\/\/tinte-toneri.hr\/wp-content\/uploads\/2023\/12\/Zamjenska-tinta.png","contentUrl":"https:\/\/tinte-toneri.hr\/wp-content\/uploads\/2023\/12\/Zamjenska-tinta.png","width":3000,"height":4000},{"@type":"BreadcrumbList","@id":"https:\/\/tinte-toneri.hr\/en\/shop\/tinte\/zamjenske-tinte\/tnt-zamjenska-tinta-hp-351xl-tricolor-cb338ee\/#breadcrumb","itemListElement":[{"@type":"ListItem","position":1,"name":"Po\u010detna stranica","item":"https:\/\/tinte-toneri.hr\/"},{"@type":"ListItem","position":2,"name":"Shop","item":"https:\/\/tinte-toneri.hr\/shop\/"},{"@type":"ListItem","position":3,"name":"TNT zamjenska tinta HP 351XL Tricolor (CB338EE)"}]},{"@type":"WebSite","@id":"https:\/\/tinte-toneri.hr\/#website","url":"https:\/\/tinte-toneri.hr\/","name":"TNT","description":"Tinte i toneri","publisher":{"@id":"https:\/\/tinte-toneri.hr\/#organization"},"potentialAction":[{"@type":"SearchAction","target":{"@type":"EntryPoint","urlTemplate":"https:\/\/tinte-toneri.hr\/?s={search_term_string}"},"query-input":{"@type":"PropertyValueSpecification","valueRequired":true,"valueName":"search_term_string"}}],"inLanguage":"en-US"},{"@type":"Organization","@id":"https:\/\/tinte-toneri.hr\/#organization","name":"TNT Global","url":"https:\/\/tinte-toneri.hr\/","logo":{"@type":"ImageObject","inLanguage":"en-US","@id":"https:\/\/tinte-toneri.hr\/#\/schema\/logo\/image\/","url":"https:\/\/tinte-toneri.hr\/wp-content\/uploads\/2023\/10\/cropped-Logo1-removebg.png","contentUrl":"https:\/\/tinte-toneri.hr\/wp-content\/uploads\/2023\/10\/cropped-Logo1-removebg.png","width":2124,"height":2129,"caption":"TNT Global"},"image":{"@id":"https:\/\/tinte-toneri.hr\/#\/schema\/logo\/image\/"}}]}},"jetpack_sharing_enabled":true,"_links":{"self":[{"href":"https:\/\/tinte-toneri.hr\/en\/wp-json\/wp\/v2\/product\/6742","targetHints":{"allow":["GET"]}}],"collection":[{"href":"https:\/\/tinte-toneri.hr\/en\/wp-json\/wp\/v2\/product"}],"about":[{"href":"https:\/\/tinte-toneri.hr\/en\/wp-json\/wp\/v2\/types\/product"}],"replies":[{"embeddable":true,"href":"https:\/\/tinte-toneri.hr\/en\/wp-json\/wp\/v2\/comments?post=6742"}],"wp:featuredmedia":[{"embeddable":true,"href":"https:\/\/tinte-toneri.hr\/en\/wp-json\/wp\/v2\/media\/6263"}],"wp:attachment":[{"href":"https:\/\/tinte-toneri.hr\/en\/wp-json\/wp\/v2\/media?parent=6742"}],"wp:term":[{"taxonomy":"product_brand","embeddable":true,"href":"https:\/\/tinte-toneri.hr\/en\/wp-json\/wp\/v2\/product_brand?post=6742"},{"taxonomy":"product_cat","embeddable":true,"href":"https:\/\/tinte-toneri.hr\/en\/wp-json\/wp\/v2\/product_cat?post=6742"},{"taxonomy":"product_tag","embeddable":true,"href":"https:\/\/tinte-toneri.hr\/en\/wp-json\/wp\/v2\/product_tag?post=6742"}],"curies":[{"name":"wp","href":"https:\/\/api.w.org\/{rel}","templated":true}]}}