{"id":6774,"date":"2024-01-11T20:52:19","date_gmt":"2024-01-11T20:52:19","guid":{"rendered":"https:\/\/tinte-toneri.hr\/?post_type=product&#038;p=6774"},"modified":"2024-09-17T09:50:42","modified_gmt":"2024-09-17T09:50:42","slug":"hp-cb540a-125a-black-original-toner","status":"publish","type":"product","link":"https:\/\/tinte-toneri.hr\/en\/shop\/toneri\/original-toneri\/hp-cb540a-125a-black-original-toner\/","title":{"rendered":"HP CB540A \/ 125A Black original toner"},"content":{"rendered":"<p>Originalni toner HP CB540A \/ 125A<span style=\"color: red;\">\u00a0<\/span>pru\u017ea precizan ispis, stranicu za stranicom, kako bi vam osigurao vrhunske rezultate bez obzira na va\u0161e potrebe. Dizajniran je da radi svaki put kao i prvi put \u0161to zna\u010di da mo\u017eete imati povjerenje u njegovu pouzdanost i dosljednost.<\/p>\n<p>&nbsp;<\/p>\n<p>&nbsp;<\/p>\n<p>Toner zadovoljava kriterije emisije ekolo\u0161ke oznake. Na taj na\u010din poma\u017ee u odr\u017eavanju kvalitete zraka u zatvorenim prostorima gdje \u017eivite i radite.<\/p>\n<p>&nbsp;<\/p>\n<p>&nbsp;<\/p>\n<p>Naru\u010divanje originalnog tonera HP CB540A \/ 125A<span style=\"color: red;\">\u00a0<\/span>iz na\u0161eg web shopa jam\u010di vam izvrsnu kvalitetu tiska, dugotrajnost va\u0161eg pisa\u010da i pozitivan utjecaj na okoli\u0161. Obratite se nama danas i iskusite prednosti vrhunskih HP proizvoda.<\/p>\n<p>&nbsp;<\/p>\n<p>&nbsp;<\/p>\n<p>Toner je kompatibilan sa:<\/p>\n<p>&nbsp;<\/p>\n<p>HP Color LaserJet CM 1312 CB MFP<\/p>\n<p>HP Color LaserJet CM 1312 CI MFP<\/p>\n<p>HP Color LaserJet CM 1312 EB MFP<\/p>\n<p>HP Color LaserJet CM 1312 EI MFP<\/p>\n<p>HP Color LaserJet CM 1312 MFP<\/p>\n<p>HP Color LaserJet CM 1312 NFI MFP<\/p>\n<p>HP Color LaserJet CM 1312 WB MFP<\/p>\n<p>HP Color LaserJet CM 1312 WI MFP<\/p>\n<p>HP Color LaserJet CM 1512 A<\/p>\n<p>HP Color LaserJet CM 1512 H<\/p>\n<p>HP Color LaserJet CM 1512 NFI<\/p>\n<p>HP Color LaserJet CM 1512 W<\/p>\n<p>HP Color LaserJet CP 1210<\/p>\n<p>HP Color LaserJet CP 1213<\/p>\n<p>HP Color LaserJet CP 1214<\/p>\n<p>HP Color LaserJet CP 1214 N<\/p>\n<p>HP Color LaserJet CP 1215<\/p>\n<p>HP Color LaserJet CP 1216<\/p>\n<p>HP Color LaserJet CP 1217<\/p>\n<p>HP Color LaserJet CP 1513<\/p>\n<p>HP Color LaserJet CP 1513 N<\/p>\n<p>HP Color LaserJet CP 1514 N<\/p>\n<p>HP Color LaserJet CP 1515 N<\/p>\n<p>HP Color LaserJet CP 1516 N<\/p>\n<p>HP Color LaserJet CP 1517 N<\/p>\n<p>HP Color LaserJet CP 1517 NI<\/p>\n<p>HP Color LaserJet CP 1518 NI<\/p>\n<p>HP Color LaserJet CP 1519 N<\/p>\n<p>HP Color LaserJet CP 1519 NI<\/p>\n<p>HP Color LaserJet Pro CM 1415 fn<\/p>\n<p>HP Color LaserJet Pro CM 1415 fnw<\/p>\n<p>HP Color LaserJet Pro CP 1525<\/p>\n<p>HP Color LaserJet Pro CP 1525 n<\/p>\n<p>HP Color LaserJet Pro CP 1525 nw<\/p>\n<p>HP LaserJet CP 1525<\/p>\n<p>HP LaserJet CP 1525 n<\/p>\n<p>HP LaserJet CP 1525 nw<\/p>\n<p>HP LaserJet CP 1526 nw<\/p>\n<p>HP LaserJet Pro 200 color M 251 n<\/p>\n<p>HP LaserJet Pro 200 color M 251 nw<\/p>\n<p>HP LaserJet Pro 200 color M 276 n<\/p>\n<p>HP LaserJet Pro 200 color M 276 nw<\/p>\n<p>HP LaserJet Pro CM 1411 fn<\/p>\n<p>HP LaserJet Pro CM 1412 fn<\/p>\n<p>HP LaserJet Pro CM 1413 fn<\/p>\n<p>HP LaserJet Pro CM 1415 fn<\/p>\n<p>HP LaserJet Pro CM 1415 fnw<\/p>\n<p>HP LaserJet Pro CM 1416 fnw<\/p>\n<p>HP LaserJet Pro CM 1417 fnw<\/p>\n<p>HP LaserJet Pro CM 1418 fnw<\/p>\n<p>HP LaserJet Pro CP 1521 n<\/p>\n<p>HP LaserJet Pro CP 1522 n<\/p>\n<p>HP LaserJet Pro CP 1523 n<\/p>\n<p>HP LaserJet Pro CP 1525<\/p>\n<p>HP LaserJet Pro CP 1525 n<\/p>\n<p>HP LaserJet Pro CP 1525 nw<\/p>\n<p>HP LaserJet Pro CP 1526 nw<\/p>\n<p>HP LaserJet Pro CP 1527 nw<\/p>\n<p>HP LaserJet Pro CP 1528 nw<\/p>","protected":false},"excerpt":{"rendered":"<p>Originalni toner HP CB540A \/ 125A\u00a0pru\u017ea precizan ispis, stranicu za stranicom, kako bi vam osigurao vrhunske rezultate bez obzira na va\u0161e potrebe. Dizajniran je da radi svaki put kao i prvi put \u0161to zna\u010di da mo\u017eete imati povjerenje u njegovu pouzdanost i dosljednost. &nbsp; &nbsp; Toner zadovoljava kriterije emisije ekolo\u0161ke oznake. Na taj na\u010din poma\u017ee [&hellip;]<\/p>\n","protected":false},"featured_media":6775,"comment_status":"open","ping_status":"closed","template":"","meta":{"om_disable_all_campaigns":false,"_monsterinsights_skip_tracking":false,"_monsterinsights_sitenote_active":false,"_monsterinsights_sitenote_note":"","_monsterinsights_sitenote_category":0,"_uf_show_specific_survey":0,"_uf_disable_surveys":false},"product_brand":[],"product_cat":[23,22],"product_tag":[],"class_list":{"0":"post-6774","1":"product","2":"type-product","3":"status-publish","4":"has-post-thumbnail","6":"product_cat-original-toneri","7":"product_cat-toneri","9":"first","10":"instock","11":"taxable","12":"shipping-taxable","13":"purchasable","14":"product-type-simple"},"aioseo_notices":[],"yoast_head":"<!-- This site is optimized with the Yoast SEO plugin v27.4 - https:\/\/yoast.com\/product\/yoast-seo-wordpress\/ -->\n<title>HP CB540A \/ 125A Black original toner - TNT<\/title>\n<meta name=\"description\" content=\"HP CB540A \/ 125A Black original toner za: HP Color LaserJet CM 1300 Series - HP Color LaserJet CM 1312 Series - HP Color LaserJet CP 1510 Series ...\" \/>\n<meta name=\"robots\" content=\"index, follow, max-snippet:-1, max-image-preview:large, max-video-preview:-1\" \/>\n<link rel=\"canonical\" href=\"https:\/\/tinte-toneri.hr\/en\/shop\/toneri\/original-toneri\/hp-cb540a-125a-black-original-toner\/\" \/>\n<meta property=\"og:locale\" content=\"en_US\" \/>\n<meta property=\"og:type\" content=\"article\" \/>\n<meta property=\"og:title\" content=\"HP CB540A \/ 125A Black original toner - TNT\" \/>\n<meta property=\"og:description\" content=\"HP CB540A \/ 125A Black original toner za: HP Color LaserJet CM 1300 Series - HP Color LaserJet CM 1312 Series - HP Color LaserJet CP 1510 Series ...\" \/>\n<meta property=\"og:url\" content=\"https:\/\/tinte-toneri.hr\/en\/shop\/toneri\/original-toneri\/hp-cb540a-125a-black-original-toner\/\" \/>\n<meta property=\"og:site_name\" content=\"TNT\" \/>\n<meta property=\"article:modified_time\" content=\"2024-09-17T09:50:42+00:00\" \/>\n<meta property=\"og:image\" content=\"https:\/\/tinte-toneri.hr\/wp-content\/uploads\/2024\/01\/HP-CB540A-125A-Black-original-toner.jpg\" \/>\n\t<meta property=\"og:image:width\" content=\"800\" \/>\n\t<meta property=\"og:image:height\" content=\"800\" \/>\n\t<meta property=\"og:image:type\" content=\"image\/jpeg\" \/>\n<meta name=\"twitter:card\" content=\"summary_large_image\" \/>\n<meta name=\"twitter:label1\" content=\"Est. reading time\" \/>\n\t<meta name=\"twitter:data1\" content=\"3 minutes\" \/>\n<script type=\"application\/ld+json\" class=\"yoast-schema-graph\">{\"@context\":\"https:\\\/\\\/schema.org\",\"@graph\":[{\"@type\":\"WebPage\",\"@id\":\"https:\\\/\\\/tinte-toneri.hr\\\/shop\\\/toneri\\\/original-toneri\\\/hp-cb540a-125a-black-original-toner\\\/\",\"url\":\"https:\\\/\\\/tinte-toneri.hr\\\/shop\\\/toneri\\\/original-toneri\\\/hp-cb540a-125a-black-original-toner\\\/\",\"name\":\"HP CB540A \\\/ 125A Black original toner - TNT\",\"isPartOf\":{\"@id\":\"https:\\\/\\\/tinte-toneri.hr\\\/#website\"},\"primaryImageOfPage\":{\"@id\":\"https:\\\/\\\/tinte-toneri.hr\\\/shop\\\/toneri\\\/original-toneri\\\/hp-cb540a-125a-black-original-toner\\\/#primaryimage\"},\"image\":{\"@id\":\"https:\\\/\\\/tinte-toneri.hr\\\/shop\\\/toneri\\\/original-toneri\\\/hp-cb540a-125a-black-original-toner\\\/#primaryimage\"},\"thumbnailUrl\":\"https:\\\/\\\/tinte-toneri.hr\\\/wp-content\\\/uploads\\\/2024\\\/01\\\/HP-CB540A-125A-Black-original-toner.jpg\",\"datePublished\":\"2024-01-11T20:52:19+00:00\",\"dateModified\":\"2024-09-17T09:50:42+00:00\",\"description\":\"HP CB540A \\\/ 125A Black original toner za: HP Color LaserJet CM 1300 Series - HP Color LaserJet CM 1312 Series - HP Color LaserJet CP 1510 Series ...\",\"breadcrumb\":{\"@id\":\"https:\\\/\\\/tinte-toneri.hr\\\/shop\\\/toneri\\\/original-toneri\\\/hp-cb540a-125a-black-original-toner\\\/#breadcrumb\"},\"inLanguage\":\"en-US\",\"potentialAction\":[{\"@type\":\"ReadAction\",\"target\":[\"https:\\\/\\\/tinte-toneri.hr\\\/shop\\\/toneri\\\/original-toneri\\\/hp-cb540a-125a-black-original-toner\\\/\"]}]},{\"@type\":\"ImageObject\",\"inLanguage\":\"en-US\",\"@id\":\"https:\\\/\\\/tinte-toneri.hr\\\/shop\\\/toneri\\\/original-toneri\\\/hp-cb540a-125a-black-original-toner\\\/#primaryimage\",\"url\":\"https:\\\/\\\/tinte-toneri.hr\\\/wp-content\\\/uploads\\\/2024\\\/01\\\/HP-CB540A-125A-Black-original-toner.jpg\",\"contentUrl\":\"https:\\\/\\\/tinte-toneri.hr\\\/wp-content\\\/uploads\\\/2024\\\/01\\\/HP-CB540A-125A-Black-original-toner.jpg\",\"width\":800,\"height\":800},{\"@type\":\"BreadcrumbList\",\"@id\":\"https:\\\/\\\/tinte-toneri.hr\\\/shop\\\/toneri\\\/original-toneri\\\/hp-cb540a-125a-black-original-toner\\\/#breadcrumb\",\"itemListElement\":[{\"@type\":\"ListItem\",\"position\":1,\"name\":\"Po\u010detna stranica\",\"item\":\"https:\\\/\\\/tinte-toneri.hr\\\/\"},{\"@type\":\"ListItem\",\"position\":2,\"name\":\"Shop\",\"item\":\"https:\\\/\\\/tinte-toneri.hr\\\/shop\\\/\"},{\"@type\":\"ListItem\",\"position\":3,\"name\":\"HP CB540A \\\/ 125A Black original toner\"}]},{\"@type\":\"WebSite\",\"@id\":\"https:\\\/\\\/tinte-toneri.hr\\\/#website\",\"url\":\"https:\\\/\\\/tinte-toneri.hr\\\/\",\"name\":\"TNT\",\"description\":\"Tinte i toneri\",\"publisher\":{\"@id\":\"https:\\\/\\\/tinte-toneri.hr\\\/#organization\"},\"potentialAction\":[{\"@type\":\"SearchAction\",\"target\":{\"@type\":\"EntryPoint\",\"urlTemplate\":\"https:\\\/\\\/tinte-toneri.hr\\\/?s={search_term_string}\"},\"query-input\":{\"@type\":\"PropertyValueSpecification\",\"valueRequired\":true,\"valueName\":\"search_term_string\"}}],\"inLanguage\":\"en-US\"},{\"@type\":\"Organization\",\"@id\":\"https:\\\/\\\/tinte-toneri.hr\\\/#organization\",\"name\":\"TNT Global\",\"url\":\"https:\\\/\\\/tinte-toneri.hr\\\/\",\"logo\":{\"@type\":\"ImageObject\",\"inLanguage\":\"en-US\",\"@id\":\"https:\\\/\\\/tinte-toneri.hr\\\/#\\\/schema\\\/logo\\\/image\\\/\",\"url\":\"https:\\\/\\\/tinte-toneri.hr\\\/wp-content\\\/uploads\\\/2023\\\/10\\\/cropped-Logo1-removebg.png\",\"contentUrl\":\"https:\\\/\\\/tinte-toneri.hr\\\/wp-content\\\/uploads\\\/2023\\\/10\\\/cropped-Logo1-removebg.png\",\"width\":2124,\"height\":2129,\"caption\":\"TNT Global\"},\"image\":{\"@id\":\"https:\\\/\\\/tinte-toneri.hr\\\/#\\\/schema\\\/logo\\\/image\\\/\"}}]}<\/script>\n<!-- \/ Yoast SEO plugin. -->","yoast_head_json":{"title":"HP CB540A \/ 125A Black original toner - TNT","description":"HP CB540A \/ 125A Black original toner za: HP Color LaserJet CM 1300 Series - HP Color LaserJet CM 1312 Series - HP Color LaserJet CP 1510 Series ...","robots":{"index":"index","follow":"follow","max-snippet":"max-snippet:-1","max-image-preview":"max-image-preview:large","max-video-preview":"max-video-preview:-1"},"canonical":"https:\/\/tinte-toneri.hr\/en\/shop\/toneri\/original-toneri\/hp-cb540a-125a-black-original-toner\/","og_locale":"en_US","og_type":"article","og_title":"HP CB540A \/ 125A Black original toner - TNT","og_description":"HP CB540A \/ 125A Black original toner za: HP Color LaserJet CM 1300 Series - HP Color LaserJet CM 1312 Series - HP Color LaserJet CP 1510 Series ...","og_url":"https:\/\/tinte-toneri.hr\/en\/shop\/toneri\/original-toneri\/hp-cb540a-125a-black-original-toner\/","og_site_name":"TNT","article_modified_time":"2024-09-17T09:50:42+00:00","og_image":[{"width":800,"height":800,"url":"https:\/\/tinte-toneri.hr\/wp-content\/uploads\/2024\/01\/HP-CB540A-125A-Black-original-toner.jpg","type":"image\/jpeg"}],"twitter_card":"summary_large_image","twitter_misc":{"Est. reading time":"3 minutes"},"schema":{"@context":"https:\/\/schema.org","@graph":[{"@type":"WebPage","@id":"https:\/\/tinte-toneri.hr\/shop\/toneri\/original-toneri\/hp-cb540a-125a-black-original-toner\/","url":"https:\/\/tinte-toneri.hr\/shop\/toneri\/original-toneri\/hp-cb540a-125a-black-original-toner\/","name":"HP CB540A \/ 125A Black original toner - TNT","isPartOf":{"@id":"https:\/\/tinte-toneri.hr\/#website"},"primaryImageOfPage":{"@id":"https:\/\/tinte-toneri.hr\/shop\/toneri\/original-toneri\/hp-cb540a-125a-black-original-toner\/#primaryimage"},"image":{"@id":"https:\/\/tinte-toneri.hr\/shop\/toneri\/original-toneri\/hp-cb540a-125a-black-original-toner\/#primaryimage"},"thumbnailUrl":"https:\/\/tinte-toneri.hr\/wp-content\/uploads\/2024\/01\/HP-CB540A-125A-Black-original-toner.jpg","datePublished":"2024-01-11T20:52:19+00:00","dateModified":"2024-09-17T09:50:42+00:00","description":"HP CB540A \/ 125A Black original toner za: HP Color LaserJet CM 1300 Series - HP Color LaserJet CM 1312 Series - HP Color LaserJet CP 1510 Series ...","breadcrumb":{"@id":"https:\/\/tinte-toneri.hr\/shop\/toneri\/original-toneri\/hp-cb540a-125a-black-original-toner\/#breadcrumb"},"inLanguage":"en-US","potentialAction":[{"@type":"ReadAction","target":["https:\/\/tinte-toneri.hr\/shop\/toneri\/original-toneri\/hp-cb540a-125a-black-original-toner\/"]}]},{"@type":"ImageObject","inLanguage":"en-US","@id":"https:\/\/tinte-toneri.hr\/shop\/toneri\/original-toneri\/hp-cb540a-125a-black-original-toner\/#primaryimage","url":"https:\/\/tinte-toneri.hr\/wp-content\/uploads\/2024\/01\/HP-CB540A-125A-Black-original-toner.jpg","contentUrl":"https:\/\/tinte-toneri.hr\/wp-content\/uploads\/2024\/01\/HP-CB540A-125A-Black-original-toner.jpg","width":800,"height":800},{"@type":"BreadcrumbList","@id":"https:\/\/tinte-toneri.hr\/shop\/toneri\/original-toneri\/hp-cb540a-125a-black-original-toner\/#breadcrumb","itemListElement":[{"@type":"ListItem","position":1,"name":"Po\u010detna stranica","item":"https:\/\/tinte-toneri.hr\/"},{"@type":"ListItem","position":2,"name":"Shop","item":"https:\/\/tinte-toneri.hr\/shop\/"},{"@type":"ListItem","position":3,"name":"HP CB540A \/ 125A Black original toner"}]},{"@type":"WebSite","@id":"https:\/\/tinte-toneri.hr\/#website","url":"https:\/\/tinte-toneri.hr\/","name":"TNT","description":"Tinte i toneri","publisher":{"@id":"https:\/\/tinte-toneri.hr\/#organization"},"potentialAction":[{"@type":"SearchAction","target":{"@type":"EntryPoint","urlTemplate":"https:\/\/tinte-toneri.hr\/?s={search_term_string}"},"query-input":{"@type":"PropertyValueSpecification","valueRequired":true,"valueName":"search_term_string"}}],"inLanguage":"en-US"},{"@type":"Organization","@id":"https:\/\/tinte-toneri.hr\/#organization","name":"TNT Global","url":"https:\/\/tinte-toneri.hr\/","logo":{"@type":"ImageObject","inLanguage":"en-US","@id":"https:\/\/tinte-toneri.hr\/#\/schema\/logo\/image\/","url":"https:\/\/tinte-toneri.hr\/wp-content\/uploads\/2023\/10\/cropped-Logo1-removebg.png","contentUrl":"https:\/\/tinte-toneri.hr\/wp-content\/uploads\/2023\/10\/cropped-Logo1-removebg.png","width":2124,"height":2129,"caption":"TNT Global"},"image":{"@id":"https:\/\/tinte-toneri.hr\/#\/schema\/logo\/image\/"}}]}},"jetpack_sharing_enabled":true,"_links":{"self":[{"href":"https:\/\/tinte-toneri.hr\/en\/wp-json\/wp\/v2\/product\/6774","targetHints":{"allow":["GET"]}}],"collection":[{"href":"https:\/\/tinte-toneri.hr\/en\/wp-json\/wp\/v2\/product"}],"about":[{"href":"https:\/\/tinte-toneri.hr\/en\/wp-json\/wp\/v2\/types\/product"}],"replies":[{"embeddable":true,"href":"https:\/\/tinte-toneri.hr\/en\/wp-json\/wp\/v2\/comments?post=6774"}],"wp:featuredmedia":[{"embeddable":true,"href":"https:\/\/tinte-toneri.hr\/en\/wp-json\/wp\/v2\/media\/6775"}],"wp:attachment":[{"href":"https:\/\/tinte-toneri.hr\/en\/wp-json\/wp\/v2\/media?parent=6774"}],"wp:term":[{"taxonomy":"product_brand","embeddable":true,"href":"https:\/\/tinte-toneri.hr\/en\/wp-json\/wp\/v2\/product_brand?post=6774"},{"taxonomy":"product_cat","embeddable":true,"href":"https:\/\/tinte-toneri.hr\/en\/wp-json\/wp\/v2\/product_cat?post=6774"},{"taxonomy":"product_tag","embeddable":true,"href":"https:\/\/tinte-toneri.hr\/en\/wp-json\/wp\/v2\/product_tag?post=6774"}],"curies":[{"name":"wp","href":"https:\/\/api.w.org\/{rel}","templated":true}]}}