{"id":6777,"date":"2024-01-12T08:08:46","date_gmt":"2024-01-12T08:08:46","guid":{"rendered":"https:\/\/tinte-toneri.hr\/?post_type=product&#038;p=6777"},"modified":"2024-09-17T09:50:42","modified_gmt":"2024-09-17T09:50:42","slug":"obnovljeni-original-bubanj-brother-dr-3400","status":"publish","type":"product","link":"https:\/\/tinte-toneri.hr\/en\/shop\/bubanj\/obnovljeni-original-bubanj-brother-dr-3400\/","title":{"rendered":"Obnovljeni original bubanj Brother DR-3400"},"content":{"rendered":"<p>Obnovljeni original bubanj Brother DR-3400 pa\u017eljivo je proizveden kako bi pru\u017eio pouzdane performanse i besprijekornu kompatibilnost s va\u0161im printerom. Formula visoke kvalitete osigurava \u010dist i o\u0161tar ispis, bez mrlja ili nepravilnosti. Osim \u0161to \u0107ete dobiti vrhunsku kvalitetu ispisa, tako\u0111er \u0107ete u\u0161tedjeti na tro\u0161kovima ispisa, jer obnovljeni original bubnjevi pru\u017eaju izvrsnu vrijednost za novac, bez kompromisa na kvaliteti.<\/p>\n<p>&nbsp;<\/p>\n<p>&nbsp;<\/p>\n<p>Bubanj jam\u010di izvanredne rezultate ispisa za oko 30000 stranica.<\/p>\n<p>&nbsp;<\/p>\n<p>&nbsp;<\/p>\n<p>Naru\u010divanje obnovljenog originalnog bubnja Brother DR-3400 iz na\u0161eg web shopa jam\u010di izvrsnu kvalitetu tiska, dugotrajnost va\u0161eg pisa\u010da te pozitivan utjecaj na okoli\u0161. Obratite se nama danas i iskusite prednosti vrhunskih Brother proizvoda u kategoriji obnovljenih originalnih bubnjeva.<\/p>\n<p>&nbsp;<\/p>\n<p>&nbsp;<\/p>\n<p>Obnovljeni original bubanj Brother DR-3400 radi sa:<\/p>\n<p>&nbsp;<\/p>\n<p>Brother DCP-L 5500 DN<\/p>\n<p>Brother DCP-L 6600 DW<\/p>\n<p>Brother HL-L 5000 D<\/p>\n<p>Brother HL-L 5050 DN<\/p>\n<p>Brother HL-L 5100 DN<\/p>\n<p>Brother HL-L 5100 DNT<\/p>\n<p>Brother HL-L 5100 DNTT<\/p>\n<p>Brother HL-L 5100 Series<\/p>\n<p>Brother HL-L 5200 DW<\/p>\n<p>Brother HL-L 5200 DWLT<\/p>\n<p>Brother HL-L 5200 DWT<\/p>\n<p>Brother HL-L 5200 Series<\/p>\n<p>Brother HL-L 6250 DN<\/p>\n<p>Brother HL-L 6300 DW<\/p>\n<p>Brother HL-L 6300 DWT<\/p>\n<p>Brother HL-L 6300 Series<\/p>\n<p>Brother HL-L 6400 DW<\/p>\n<p>Brother HL-L 6400 DWT<\/p>\n<p>Brother HL-L 6400 DWTT<\/p>\n<p>Brother HL-L 6400 Series<\/p>\n<p>Brother HL-L 6450 DW<\/p>\n<p>Brother MFC-L 5700 DN<\/p>\n<p>Brother MFC-L 5700 DNLT<\/p>\n<p>Brother MFC-L 5700 DW<\/p>\n<p>Brother MFC-L 5700 Series<\/p>\n<p>Brother MFC-L 5750 DW<\/p>\n<p>Brother MFC-L 6800 DW<\/p>\n<p>Brother MFC-L 6800 DWT<\/p>\n<p>Brother MFC-L 6800 Series<\/p>\n<p>Brother MFC-L 6900 DW<\/p>\n<p>Brother MFC-L 6900 DWT<\/p>\n<p>Brother MFC-L 6950 DW<\/p>\n<p>Brother MFC-L 6970 DW<\/p>","protected":false},"excerpt":{"rendered":"<p>Obnovljeni original bubanj Brother DR-3400 pa\u017eljivo je proizveden kako bi pru\u017eio pouzdane performanse i besprijekornu kompatibilnost s va\u0161im printerom. Formula visoke kvalitete osigurava \u010dist i o\u0161tar ispis, bez mrlja ili nepravilnosti. Osim \u0161to \u0107ete dobiti vrhunsku kvalitetu ispisa, tako\u0111er \u0107ete u\u0161tedjeti na tro\u0161kovima ispisa, jer obnovljeni original bubnjevi pru\u017eaju izvrsnu vrijednost za novac, bez kompromisa [&hellip;]<\/p>\n","protected":false},"featured_media":6264,"comment_status":"open","ping_status":"closed","template":"","meta":{"om_disable_all_campaigns":false,"_monsterinsights_skip_tracking":false,"_monsterinsights_sitenote_active":false,"_monsterinsights_sitenote_note":"","_monsterinsights_sitenote_category":0,"_uf_show_specific_survey":0,"_uf_disable_surveys":false},"product_brand":[],"product_cat":[2578],"product_tag":[],"class_list":{"0":"post-6777","1":"product","2":"type-product","3":"status-publish","4":"has-post-thumbnail","6":"product_cat-bubanj","8":"first","9":"instock","10":"taxable","11":"shipping-taxable","12":"purchasable","13":"product-type-simple"},"aioseo_notices":[],"yoast_head":"<!-- This site is optimized with the Yoast SEO plugin v27.4 - https:\/\/yoast.com\/product\/yoast-seo-wordpress\/ -->\n<title>Obnovljeni original bubanj Brother DR-3400 - TNT<\/title>\n<meta name=\"description\" content=\"Obnovljeni original bubanj Brother DR-3400 za: Brother HL-L 5100 Series - Brother HL-L 6300 Series - Brother HL-L 6400 Series ...\" \/>\n<meta name=\"robots\" content=\"index, follow, max-snippet:-1, max-image-preview:large, max-video-preview:-1\" \/>\n<link rel=\"canonical\" href=\"https:\/\/tinte-toneri.hr\/en\/shop\/bubanj\/obnovljeni-original-bubanj-brother-dr-3400\/\" \/>\n<meta property=\"og:locale\" content=\"en_US\" \/>\n<meta property=\"og:type\" content=\"article\" \/>\n<meta property=\"og:title\" content=\"Obnovljeni original bubanj Brother DR-3400 - TNT\" \/>\n<meta property=\"og:description\" content=\"Obnovljeni original bubanj Brother DR-3400 za: Brother HL-L 5100 Series - Brother HL-L 6300 Series - Brother HL-L 6400 Series ...\" \/>\n<meta property=\"og:url\" content=\"https:\/\/tinte-toneri.hr\/en\/shop\/bubanj\/obnovljeni-original-bubanj-brother-dr-3400\/\" \/>\n<meta property=\"og:site_name\" content=\"TNT\" \/>\n<meta property=\"article:modified_time\" content=\"2024-09-17T09:50:42+00:00\" \/>\n<meta property=\"og:image\" content=\"https:\/\/tinte-toneri.hr\/wp-content\/uploads\/2023\/12\/Zamjenski-toner-black.png\" \/>\n\t<meta property=\"og:image:width\" content=\"2022\" \/>\n\t<meta property=\"og:image:height\" content=\"1376\" \/>\n\t<meta property=\"og:image:type\" content=\"image\/png\" \/>\n<meta name=\"twitter:card\" content=\"summary_large_image\" \/>\n<meta name=\"twitter:label1\" content=\"Est. reading time\" \/>\n\t<meta name=\"twitter:data1\" content=\"2 minutes\" \/>\n<script type=\"application\/ld+json\" class=\"yoast-schema-graph\">{\"@context\":\"https:\\\/\\\/schema.org\",\"@graph\":[{\"@type\":\"WebPage\",\"@id\":\"https:\\\/\\\/tinte-toneri.hr\\\/shop\\\/bubanj\\\/obnovljeni-original-bubanj-brother-dr-3400\\\/\",\"url\":\"https:\\\/\\\/tinte-toneri.hr\\\/shop\\\/bubanj\\\/obnovljeni-original-bubanj-brother-dr-3400\\\/\",\"name\":\"Obnovljeni original bubanj Brother DR-3400 - TNT\",\"isPartOf\":{\"@id\":\"https:\\\/\\\/tinte-toneri.hr\\\/#website\"},\"primaryImageOfPage\":{\"@id\":\"https:\\\/\\\/tinte-toneri.hr\\\/shop\\\/bubanj\\\/obnovljeni-original-bubanj-brother-dr-3400\\\/#primaryimage\"},\"image\":{\"@id\":\"https:\\\/\\\/tinte-toneri.hr\\\/shop\\\/bubanj\\\/obnovljeni-original-bubanj-brother-dr-3400\\\/#primaryimage\"},\"thumbnailUrl\":\"https:\\\/\\\/tinte-toneri.hr\\\/wp-content\\\/uploads\\\/2023\\\/12\\\/Zamjenski-toner-black.png\",\"datePublished\":\"2024-01-12T08:08:46+00:00\",\"dateModified\":\"2024-09-17T09:50:42+00:00\",\"description\":\"Obnovljeni original bubanj Brother DR-3400 za: Brother HL-L 5100 Series - Brother HL-L 6300 Series - Brother HL-L 6400 Series ...\",\"breadcrumb\":{\"@id\":\"https:\\\/\\\/tinte-toneri.hr\\\/shop\\\/bubanj\\\/obnovljeni-original-bubanj-brother-dr-3400\\\/#breadcrumb\"},\"inLanguage\":\"en-US\",\"potentialAction\":[{\"@type\":\"ReadAction\",\"target\":[\"https:\\\/\\\/tinte-toneri.hr\\\/shop\\\/bubanj\\\/obnovljeni-original-bubanj-brother-dr-3400\\\/\"]}]},{\"@type\":\"ImageObject\",\"inLanguage\":\"en-US\",\"@id\":\"https:\\\/\\\/tinte-toneri.hr\\\/shop\\\/bubanj\\\/obnovljeni-original-bubanj-brother-dr-3400\\\/#primaryimage\",\"url\":\"https:\\\/\\\/tinte-toneri.hr\\\/wp-content\\\/uploads\\\/2023\\\/12\\\/Zamjenski-toner-black.png\",\"contentUrl\":\"https:\\\/\\\/tinte-toneri.hr\\\/wp-content\\\/uploads\\\/2023\\\/12\\\/Zamjenski-toner-black.png\",\"width\":2022,\"height\":1376},{\"@type\":\"BreadcrumbList\",\"@id\":\"https:\\\/\\\/tinte-toneri.hr\\\/shop\\\/bubanj\\\/obnovljeni-original-bubanj-brother-dr-3400\\\/#breadcrumb\",\"itemListElement\":[{\"@type\":\"ListItem\",\"position\":1,\"name\":\"Po\u010detna stranica\",\"item\":\"https:\\\/\\\/tinte-toneri.hr\\\/\"},{\"@type\":\"ListItem\",\"position\":2,\"name\":\"Shop\",\"item\":\"https:\\\/\\\/tinte-toneri.hr\\\/shop\\\/\"},{\"@type\":\"ListItem\",\"position\":3,\"name\":\"Obnovljeni original bubanj Brother DR-3400\"}]},{\"@type\":\"WebSite\",\"@id\":\"https:\\\/\\\/tinte-toneri.hr\\\/#website\",\"url\":\"https:\\\/\\\/tinte-toneri.hr\\\/\",\"name\":\"TNT\",\"description\":\"Tinte i toneri\",\"publisher\":{\"@id\":\"https:\\\/\\\/tinte-toneri.hr\\\/#organization\"},\"potentialAction\":[{\"@type\":\"SearchAction\",\"target\":{\"@type\":\"EntryPoint\",\"urlTemplate\":\"https:\\\/\\\/tinte-toneri.hr\\\/?s={search_term_string}\"},\"query-input\":{\"@type\":\"PropertyValueSpecification\",\"valueRequired\":true,\"valueName\":\"search_term_string\"}}],\"inLanguage\":\"en-US\"},{\"@type\":\"Organization\",\"@id\":\"https:\\\/\\\/tinte-toneri.hr\\\/#organization\",\"name\":\"TNT Global\",\"url\":\"https:\\\/\\\/tinte-toneri.hr\\\/\",\"logo\":{\"@type\":\"ImageObject\",\"inLanguage\":\"en-US\",\"@id\":\"https:\\\/\\\/tinte-toneri.hr\\\/#\\\/schema\\\/logo\\\/image\\\/\",\"url\":\"https:\\\/\\\/tinte-toneri.hr\\\/wp-content\\\/uploads\\\/2023\\\/10\\\/cropped-Logo1-removebg.png\",\"contentUrl\":\"https:\\\/\\\/tinte-toneri.hr\\\/wp-content\\\/uploads\\\/2023\\\/10\\\/cropped-Logo1-removebg.png\",\"width\":2124,\"height\":2129,\"caption\":\"TNT Global\"},\"image\":{\"@id\":\"https:\\\/\\\/tinte-toneri.hr\\\/#\\\/schema\\\/logo\\\/image\\\/\"}}]}<\/script>\n<!-- \/ Yoast SEO plugin. -->","yoast_head_json":{"title":"Obnovljeni original bubanj Brother DR-3400 - TNT","description":"Obnovljeni original bubanj Brother DR-3400 za: Brother HL-L 5100 Series - Brother HL-L 6300 Series - Brother HL-L 6400 Series ...","robots":{"index":"index","follow":"follow","max-snippet":"max-snippet:-1","max-image-preview":"max-image-preview:large","max-video-preview":"max-video-preview:-1"},"canonical":"https:\/\/tinte-toneri.hr\/en\/shop\/bubanj\/obnovljeni-original-bubanj-brother-dr-3400\/","og_locale":"en_US","og_type":"article","og_title":"Obnovljeni original bubanj Brother DR-3400 - TNT","og_description":"Obnovljeni original bubanj Brother DR-3400 za: Brother HL-L 5100 Series - Brother HL-L 6300 Series - Brother HL-L 6400 Series ...","og_url":"https:\/\/tinte-toneri.hr\/en\/shop\/bubanj\/obnovljeni-original-bubanj-brother-dr-3400\/","og_site_name":"TNT","article_modified_time":"2024-09-17T09:50:42+00:00","og_image":[{"width":2022,"height":1376,"url":"https:\/\/tinte-toneri.hr\/wp-content\/uploads\/2023\/12\/Zamjenski-toner-black.png","type":"image\/png"}],"twitter_card":"summary_large_image","twitter_misc":{"Est. reading time":"2 minutes"},"schema":{"@context":"https:\/\/schema.org","@graph":[{"@type":"WebPage","@id":"https:\/\/tinte-toneri.hr\/shop\/bubanj\/obnovljeni-original-bubanj-brother-dr-3400\/","url":"https:\/\/tinte-toneri.hr\/shop\/bubanj\/obnovljeni-original-bubanj-brother-dr-3400\/","name":"Obnovljeni original bubanj Brother DR-3400 - TNT","isPartOf":{"@id":"https:\/\/tinte-toneri.hr\/#website"},"primaryImageOfPage":{"@id":"https:\/\/tinte-toneri.hr\/shop\/bubanj\/obnovljeni-original-bubanj-brother-dr-3400\/#primaryimage"},"image":{"@id":"https:\/\/tinte-toneri.hr\/shop\/bubanj\/obnovljeni-original-bubanj-brother-dr-3400\/#primaryimage"},"thumbnailUrl":"https:\/\/tinte-toneri.hr\/wp-content\/uploads\/2023\/12\/Zamjenski-toner-black.png","datePublished":"2024-01-12T08:08:46+00:00","dateModified":"2024-09-17T09:50:42+00:00","description":"Obnovljeni original bubanj Brother DR-3400 za: Brother HL-L 5100 Series - Brother HL-L 6300 Series - Brother HL-L 6400 Series ...","breadcrumb":{"@id":"https:\/\/tinte-toneri.hr\/shop\/bubanj\/obnovljeni-original-bubanj-brother-dr-3400\/#breadcrumb"},"inLanguage":"en-US","potentialAction":[{"@type":"ReadAction","target":["https:\/\/tinte-toneri.hr\/shop\/bubanj\/obnovljeni-original-bubanj-brother-dr-3400\/"]}]},{"@type":"ImageObject","inLanguage":"en-US","@id":"https:\/\/tinte-toneri.hr\/shop\/bubanj\/obnovljeni-original-bubanj-brother-dr-3400\/#primaryimage","url":"https:\/\/tinte-toneri.hr\/wp-content\/uploads\/2023\/12\/Zamjenski-toner-black.png","contentUrl":"https:\/\/tinte-toneri.hr\/wp-content\/uploads\/2023\/12\/Zamjenski-toner-black.png","width":2022,"height":1376},{"@type":"BreadcrumbList","@id":"https:\/\/tinte-toneri.hr\/shop\/bubanj\/obnovljeni-original-bubanj-brother-dr-3400\/#breadcrumb","itemListElement":[{"@type":"ListItem","position":1,"name":"Po\u010detna stranica","item":"https:\/\/tinte-toneri.hr\/"},{"@type":"ListItem","position":2,"name":"Shop","item":"https:\/\/tinte-toneri.hr\/shop\/"},{"@type":"ListItem","position":3,"name":"Obnovljeni original bubanj Brother DR-3400"}]},{"@type":"WebSite","@id":"https:\/\/tinte-toneri.hr\/#website","url":"https:\/\/tinte-toneri.hr\/","name":"TNT","description":"Tinte i toneri","publisher":{"@id":"https:\/\/tinte-toneri.hr\/#organization"},"potentialAction":[{"@type":"SearchAction","target":{"@type":"EntryPoint","urlTemplate":"https:\/\/tinte-toneri.hr\/?s={search_term_string}"},"query-input":{"@type":"PropertyValueSpecification","valueRequired":true,"valueName":"search_term_string"}}],"inLanguage":"en-US"},{"@type":"Organization","@id":"https:\/\/tinte-toneri.hr\/#organization","name":"TNT Global","url":"https:\/\/tinte-toneri.hr\/","logo":{"@type":"ImageObject","inLanguage":"en-US","@id":"https:\/\/tinte-toneri.hr\/#\/schema\/logo\/image\/","url":"https:\/\/tinte-toneri.hr\/wp-content\/uploads\/2023\/10\/cropped-Logo1-removebg.png","contentUrl":"https:\/\/tinte-toneri.hr\/wp-content\/uploads\/2023\/10\/cropped-Logo1-removebg.png","width":2124,"height":2129,"caption":"TNT Global"},"image":{"@id":"https:\/\/tinte-toneri.hr\/#\/schema\/logo\/image\/"}}]}},"jetpack_sharing_enabled":true,"_links":{"self":[{"href":"https:\/\/tinte-toneri.hr\/en\/wp-json\/wp\/v2\/product\/6777","targetHints":{"allow":["GET"]}}],"collection":[{"href":"https:\/\/tinte-toneri.hr\/en\/wp-json\/wp\/v2\/product"}],"about":[{"href":"https:\/\/tinte-toneri.hr\/en\/wp-json\/wp\/v2\/types\/product"}],"replies":[{"embeddable":true,"href":"https:\/\/tinte-toneri.hr\/en\/wp-json\/wp\/v2\/comments?post=6777"}],"wp:featuredmedia":[{"embeddable":true,"href":"https:\/\/tinte-toneri.hr\/en\/wp-json\/wp\/v2\/media\/6264"}],"wp:attachment":[{"href":"https:\/\/tinte-toneri.hr\/en\/wp-json\/wp\/v2\/media?parent=6777"}],"wp:term":[{"taxonomy":"product_brand","embeddable":true,"href":"https:\/\/tinte-toneri.hr\/en\/wp-json\/wp\/v2\/product_brand?post=6777"},{"taxonomy":"product_cat","embeddable":true,"href":"https:\/\/tinte-toneri.hr\/en\/wp-json\/wp\/v2\/product_cat?post=6777"},{"taxonomy":"product_tag","embeddable":true,"href":"https:\/\/tinte-toneri.hr\/en\/wp-json\/wp\/v2\/product_tag?post=6777"}],"curies":[{"name":"wp","href":"https:\/\/api.w.org\/{rel}","templated":true}]}}