{"id":6819,"date":"2024-01-13T11:03:56","date_gmt":"2024-01-13T11:03:56","guid":{"rendered":"https:\/\/tinte-toneri.hr\/?post_type=product&#038;p=6819"},"modified":"2024-09-17T09:50:39","modified_gmt":"2024-09-17T09:50:39","slug":"hp-305xl-3ym62ae-black-original-tinta","status":"publish","type":"product","link":"https:\/\/tinte-toneri.hr\/en\/shop\/tinte\/original-tinte\/hp-305xl-3ym62ae-black-original-tinta\/","title":{"rendered":"HP 305XL (3YM62AE) Black original tinta"},"content":{"rendered":"<div class=\"elementor-element elementor-element-40973e9 elementor-widget elementor-widget-woocommerce-product-content\" data-id=\"40973e9\" data-element_type=\"widget\" data-widget_type=\"woocommerce-product-content.default\">\n<div class=\"elementor-widget-container\">\n<div class=\"elementor-element elementor-element-40973e9 elementor-widget elementor-widget-woocommerce-product-content\" data-id=\"40973e9\" data-element_type=\"widget\" data-widget_type=\"woocommerce-product-content.default\">\n<div class=\"elementor-widget-container\">\n<div class=\"elementor-element elementor-element-40973e9 elementor-widget elementor-widget-woocommerce-product-content\" data-id=\"40973e9\" data-element_type=\"widget\" data-widget_type=\"woocommerce-product-content.default\">\n<div class=\"elementor-widget-container\">\n<p>Originalna tinta HP 305XL (3YM62AE)<span style=\"color: red;\">\u00a0<\/span>pru\u017ea izuzetno precizan ispis, stranicu za stranicom, kako bi va\u0161i dokumenti bili jasni i o\u0161tri. Ova tinta je dizajnirana da radi bez problema svaki put, bez obzira na va\u0161e zahtjeve.<\/p>\n<p>&nbsp;<\/p>\n<p>HP 305XL (3YM62AE)<span style=\"color: red;\">\u00a0<\/span>tinta je visoko pouzdan proizvod koji vam omogu\u0107uje postizanje izvrsnih rezultata tiska. Ovaj originalni proizvod osigurava dosljednost boja i dugotrajnost tiska, bez obzira jeste li kod ku\u0107e ili na poslu.<\/p>\n<p>&nbsp;<\/p>\n<p>Naru\u010divanje originalne tinte HP 305XL (3YM62AE)<span style=\"color: red;\">\u00a0<\/span>iz na\u0161eg web shopa je jednostavno i sigurno. Pru\u017eamo vam autenti\u010dne proizvode koji dolaze direktno od proizvo\u0111a\u010da. Iskoristite prednosti vrhunske kvalitete i pouzdanosti originalnih HP tinti i osigurajte izvanredne rezultate tiska za sve svoje potrebe.<\/p>\n<\/div>\n<\/div>\n<\/div>\n<\/div>\n<\/div>\n<div class=\"elementor-widget-container\">\n<div class=\"elementor-element elementor-element-40973e9 elementor-widget elementor-widget-woocommerce-product-content\" data-id=\"40973e9\" data-element_type=\"widget\" data-widget_type=\"woocommerce-product-content.default\">\n<div class=\"elementor-widget-container\">\n<div class=\"elementor-element elementor-element-40973e9 elementor-widget elementor-widget-woocommerce-product-content\" data-id=\"40973e9\" data-element_type=\"widget\" data-widget_type=\"woocommerce-product-content.default\">\n<div class=\"elementor-widget-container\">\n<p>&nbsp;<\/p>\n<p>&nbsp;<\/p>\n<\/div>\n<div class=\"elementor-widget-container\">\n<p>HP 305XL (3YM62AE) Black original tinta radi sa:<\/p>\n<p>&nbsp;<\/p>\n<\/div>\n<div class=\"elementor-widget-container\">\n<p>HP DeskJet 2320<\/p>\n<p>HP DeskJet 2700<\/p>\n<p>HP DeskJet 2710<\/p>\n<p>HP DeskJet 2710 e<\/p>\n<p>HP DeskJet 2720<\/p>\n<p>HP DeskJet 2720 e<\/p>\n<p>HP DeskJet 2721<\/p>\n<p>HP DeskJet 2721 e<\/p>\n<p>HP DeskJet 2722<\/p>\n<p>HP DeskJet 2722 e<\/p>\n<p>HP DeskJet 2723<\/p>\n<p>HP DeskJet 2723 e<\/p>\n<p>HP DeskJet 2724<\/p>\n<p>HP DeskJet 2732<\/p>\n<p>HP DeskJet 2752<\/p>\n<p>HP DeskJet 2755<\/p>\n<p>HP DeskJet 2755 e<\/p>\n<p>HP DeskJet 2820 e<\/p>\n<p>HP DeskJet 4220 e<\/p>\n<p>HP DeskJet Plus 4100<\/p>\n<p>HP DeskJet Plus 4110<\/p>\n<p>HP DeskJet Plus 4110 e<\/p>\n<p>HP DeskJet Plus 4120<\/p>\n<p>HP DeskJet Plus 4120 e<\/p>\n<p>HP DeskJet Plus 4121<\/p>\n<p>HP DeskJet Plus 4122<\/p>\n<p>HP DeskJet Plus 4122 e<\/p>\n<p>HP DeskJet Plus 4130<\/p>\n<p>HP DeskJet Plus 4130 e<\/p>\n<p>HP DeskJet Plus 4132<\/p>\n<p>HP DeskJet Plus 4140<\/p>\n<p>HP DeskJet Plus 4152<\/p>\n<p>HP DeskJet Plus 4155<\/p>\n<p>HP DeskJet Plus 4158<\/p>\n<p>&nbsp;<\/p>\n<p>HP Envy 6010<\/p>\n<p>HP Envy 6010 e<\/p>\n<p>HP Envy 6012<\/p>\n<p>HP Envy 6015<\/p>\n<p>HP Envy 6020<\/p>\n<p>HP Envy 6020 e<\/p>\n<p>HP Envy 6022<\/p>\n<p>HP Envy 6022 e<\/p>\n<p>HP Envy 6030<\/p>\n<p>HP Envy 6030 e<\/p>\n<p>HP Envy 6032<\/p>\n<p>HP Envy 6032 e<\/p>\n<p>HP Envy 6055<\/p>\n<p>HP Envy Pro 6400<\/p>\n<p>HP Envy Pro 6400 e<\/p>\n<p>HP Envy Pro 6420<\/p>\n<p>HP Envy Pro 6420 e<\/p>\n<p>HP Envy Pro 6422<\/p>\n<p>HP Envy Pro 6430<\/p>\n<p>HP Envy Pro 6430 e<\/p>\n<p>HP Envy Pro 6432<\/p>\n<p>HP Envy Pro 6432 e<\/p>\n<p>HP Envy Pro 6452<\/p>\n<p>HP Envy Pro 6452 e<\/p>\n<p>HP Envy Pro 6454<\/p>\n<p>HP Envy Pro 6455<\/p>\n<p>HP Envy Pro 6455 e<\/p>\n<p>HP Envy Pro 6458<\/p>\n<p>HP Envy Pro 6475<\/p>\n<p>&nbsp;<\/p>\n<\/div>\n<\/div>\n<div class=\"elementor-element elementor-element-c073661 elementor-widget elementor-widget-spacer\" data-id=\"c073661\" data-element_type=\"widget\" data-widget_type=\"spacer.default\">\n<div class=\"elementor-widget-container\">\n<div class=\"elementor-spacer\">\n<div class=\"elementor-spacer-inner\"><\/div>\n<\/div>\n<\/div>\n<\/div>\n<\/div>\n<\/div>\n<\/div>\n<\/div>","protected":false},"excerpt":{"rendered":"<p>Originalna tinta HP 305XL (3YM62AE)\u00a0pru\u017ea izuzetno precizan ispis, stranicu za stranicom, kako bi va\u0161i dokumenti bili jasni i o\u0161tri. Ova tinta je dizajnirana da radi bez problema svaki put, bez obzira na va\u0161e zahtjeve. &nbsp; HP 305XL (3YM62AE)\u00a0tinta je visoko pouzdan proizvod koji vam omogu\u0107uje postizanje izvrsnih rezultata tiska. Ovaj originalni proizvod osigurava dosljednost boja [&hellip;]<\/p>\n","protected":false},"featured_media":6820,"comment_status":"open","ping_status":"closed","template":"","meta":{"om_disable_all_campaigns":false,"_monsterinsights_skip_tracking":false,"_monsterinsights_sitenote_active":false,"_monsterinsights_sitenote_note":"","_monsterinsights_sitenote_category":0,"_uf_show_specific_survey":0,"_uf_disable_surveys":false},"product_brand":[],"product_cat":[27,21],"product_tag":[],"class_list":{"0":"post-6819","1":"product","2":"type-product","3":"status-publish","4":"has-post-thumbnail","6":"product_cat-original-tinte","7":"product_cat-tinte","9":"first","10":"instock","11":"taxable","12":"shipping-taxable","13":"purchasable","14":"product-type-simple"},"aioseo_notices":[],"yoast_head":"<!-- This site is optimized with the Yoast SEO plugin v27.4 - https:\/\/yoast.com\/product\/yoast-seo-wordpress\/ -->\n<title>HP 305XL (3YM62AE) Black original tinta - TNT<\/title>\n<meta name=\"description\" content=\"HP 305XL (3YM62AE) Black original tinta za: HP DeskJet 2723 - HP DeskJet Plus 4158 - HP Envy 6030 e - HP Envy Pro 6432 e - HP Envy Pro 6455 ...\" \/>\n<meta name=\"robots\" content=\"index, follow, max-snippet:-1, max-image-preview:large, max-video-preview:-1\" \/>\n<link rel=\"canonical\" href=\"https:\/\/tinte-toneri.hr\/en\/shop\/tinte\/original-tinte\/hp-305xl-3ym62ae-black-original-tinta\/\" \/>\n<meta property=\"og:locale\" content=\"en_US\" \/>\n<meta property=\"og:type\" content=\"article\" \/>\n<meta property=\"og:title\" content=\"HP 305XL (3YM62AE) Black original tinta - TNT\" \/>\n<meta property=\"og:description\" content=\"HP 305XL (3YM62AE) Black original tinta za: HP DeskJet 2723 - HP DeskJet Plus 4158 - HP Envy 6030 e - HP Envy Pro 6432 e - HP Envy Pro 6455 ...\" \/>\n<meta property=\"og:url\" content=\"https:\/\/tinte-toneri.hr\/en\/shop\/tinte\/original-tinte\/hp-305xl-3ym62ae-black-original-tinta\/\" \/>\n<meta property=\"og:site_name\" content=\"TNT\" \/>\n<meta property=\"article:modified_time\" content=\"2024-09-17T09:50:39+00:00\" \/>\n<meta property=\"og:image\" content=\"https:\/\/tinte-toneri.hr\/wp-content\/uploads\/2024\/01\/HP-305XL-3YM62AE-Black-original-tinta.jpg\" \/>\n\t<meta property=\"og:image:width\" content=\"300\" \/>\n\t<meta property=\"og:image:height\" content=\"242\" \/>\n\t<meta property=\"og:image:type\" content=\"image\/jpeg\" \/>\n<meta name=\"twitter:card\" content=\"summary_large_image\" \/>\n<meta name=\"twitter:label1\" content=\"Est. reading time\" \/>\n\t<meta name=\"twitter:data1\" content=\"2 minutes\" \/>\n<script type=\"application\/ld+json\" class=\"yoast-schema-graph\">{\"@context\":\"https:\\\/\\\/schema.org\",\"@graph\":[{\"@type\":\"WebPage\",\"@id\":\"https:\\\/\\\/tinte-toneri.hr\\\/en\\\/shop\\\/tinte\\\/original-tinte\\\/hp-305xl-3ym62ae-black-original-tinta\\\/\",\"url\":\"https:\\\/\\\/tinte-toneri.hr\\\/en\\\/shop\\\/tinte\\\/original-tinte\\\/hp-305xl-3ym62ae-black-original-tinta\\\/\",\"name\":\"HP 305XL (3YM62AE) Black original tinta - TNT\",\"isPartOf\":{\"@id\":\"https:\\\/\\\/tinte-toneri.hr\\\/#website\"},\"primaryImageOfPage\":{\"@id\":\"https:\\\/\\\/tinte-toneri.hr\\\/en\\\/shop\\\/tinte\\\/original-tinte\\\/hp-305xl-3ym62ae-black-original-tinta\\\/#primaryimage\"},\"image\":{\"@id\":\"https:\\\/\\\/tinte-toneri.hr\\\/en\\\/shop\\\/tinte\\\/original-tinte\\\/hp-305xl-3ym62ae-black-original-tinta\\\/#primaryimage\"},\"thumbnailUrl\":\"https:\\\/\\\/tinte-toneri.hr\\\/wp-content\\\/uploads\\\/2024\\\/01\\\/HP-305XL-3YM62AE-Black-original-tinta.jpg\",\"datePublished\":\"2024-01-13T11:03:56+00:00\",\"dateModified\":\"2024-09-17T09:50:39+00:00\",\"description\":\"HP 305XL (3YM62AE) Black original tinta za: HP DeskJet 2723 - HP DeskJet Plus 4158 - HP Envy 6030 e - HP Envy Pro 6432 e - HP Envy Pro 6455 ...\",\"breadcrumb\":{\"@id\":\"https:\\\/\\\/tinte-toneri.hr\\\/en\\\/shop\\\/tinte\\\/original-tinte\\\/hp-305xl-3ym62ae-black-original-tinta\\\/#breadcrumb\"},\"inLanguage\":\"en-US\",\"potentialAction\":[{\"@type\":\"ReadAction\",\"target\":[\"https:\\\/\\\/tinte-toneri.hr\\\/en\\\/shop\\\/tinte\\\/original-tinte\\\/hp-305xl-3ym62ae-black-original-tinta\\\/\"]}]},{\"@type\":\"ImageObject\",\"inLanguage\":\"en-US\",\"@id\":\"https:\\\/\\\/tinte-toneri.hr\\\/en\\\/shop\\\/tinte\\\/original-tinte\\\/hp-305xl-3ym62ae-black-original-tinta\\\/#primaryimage\",\"url\":\"https:\\\/\\\/tinte-toneri.hr\\\/wp-content\\\/uploads\\\/2024\\\/01\\\/HP-305XL-3YM62AE-Black-original-tinta.jpg\",\"contentUrl\":\"https:\\\/\\\/tinte-toneri.hr\\\/wp-content\\\/uploads\\\/2024\\\/01\\\/HP-305XL-3YM62AE-Black-original-tinta.jpg\",\"width\":300,\"height\":242},{\"@type\":\"BreadcrumbList\",\"@id\":\"https:\\\/\\\/tinte-toneri.hr\\\/en\\\/shop\\\/tinte\\\/original-tinte\\\/hp-305xl-3ym62ae-black-original-tinta\\\/#breadcrumb\",\"itemListElement\":[{\"@type\":\"ListItem\",\"position\":1,\"name\":\"Po\u010detna stranica\",\"item\":\"https:\\\/\\\/tinte-toneri.hr\\\/\"},{\"@type\":\"ListItem\",\"position\":2,\"name\":\"Shop\",\"item\":\"https:\\\/\\\/tinte-toneri.hr\\\/shop\\\/\"},{\"@type\":\"ListItem\",\"position\":3,\"name\":\"HP 305XL (3YM62AE) Black original tinta\"}]},{\"@type\":\"WebSite\",\"@id\":\"https:\\\/\\\/tinte-toneri.hr\\\/#website\",\"url\":\"https:\\\/\\\/tinte-toneri.hr\\\/\",\"name\":\"TNT\",\"description\":\"Tinte i toneri\",\"publisher\":{\"@id\":\"https:\\\/\\\/tinte-toneri.hr\\\/#organization\"},\"potentialAction\":[{\"@type\":\"SearchAction\",\"target\":{\"@type\":\"EntryPoint\",\"urlTemplate\":\"https:\\\/\\\/tinte-toneri.hr\\\/?s={search_term_string}\"},\"query-input\":{\"@type\":\"PropertyValueSpecification\",\"valueRequired\":true,\"valueName\":\"search_term_string\"}}],\"inLanguage\":\"en-US\"},{\"@type\":\"Organization\",\"@id\":\"https:\\\/\\\/tinte-toneri.hr\\\/#organization\",\"name\":\"TNT Global\",\"url\":\"https:\\\/\\\/tinte-toneri.hr\\\/\",\"logo\":{\"@type\":\"ImageObject\",\"inLanguage\":\"en-US\",\"@id\":\"https:\\\/\\\/tinte-toneri.hr\\\/#\\\/schema\\\/logo\\\/image\\\/\",\"url\":\"https:\\\/\\\/tinte-toneri.hr\\\/wp-content\\\/uploads\\\/2023\\\/10\\\/cropped-Logo1-removebg.png\",\"contentUrl\":\"https:\\\/\\\/tinte-toneri.hr\\\/wp-content\\\/uploads\\\/2023\\\/10\\\/cropped-Logo1-removebg.png\",\"width\":2124,\"height\":2129,\"caption\":\"TNT Global\"},\"image\":{\"@id\":\"https:\\\/\\\/tinte-toneri.hr\\\/#\\\/schema\\\/logo\\\/image\\\/\"}}]}<\/script>\n<!-- \/ Yoast SEO plugin. -->","yoast_head_json":{"title":"HP 305XL (3YM62AE) Black original tinta - TNT","description":"HP 305XL (3YM62AE) Black original tinta za: HP DeskJet 2723 - HP DeskJet Plus 4158 - HP Envy 6030 e - HP Envy Pro 6432 e - HP Envy Pro 6455 ...","robots":{"index":"index","follow":"follow","max-snippet":"max-snippet:-1","max-image-preview":"max-image-preview:large","max-video-preview":"max-video-preview:-1"},"canonical":"https:\/\/tinte-toneri.hr\/en\/shop\/tinte\/original-tinte\/hp-305xl-3ym62ae-black-original-tinta\/","og_locale":"en_US","og_type":"article","og_title":"HP 305XL (3YM62AE) Black original tinta - TNT","og_description":"HP 305XL (3YM62AE) Black original tinta za: HP DeskJet 2723 - HP DeskJet Plus 4158 - HP Envy 6030 e - HP Envy Pro 6432 e - HP Envy Pro 6455 ...","og_url":"https:\/\/tinte-toneri.hr\/en\/shop\/tinte\/original-tinte\/hp-305xl-3ym62ae-black-original-tinta\/","og_site_name":"TNT","article_modified_time":"2024-09-17T09:50:39+00:00","og_image":[{"width":300,"height":242,"url":"https:\/\/tinte-toneri.hr\/wp-content\/uploads\/2024\/01\/HP-305XL-3YM62AE-Black-original-tinta.jpg","type":"image\/jpeg"}],"twitter_card":"summary_large_image","twitter_misc":{"Est. reading time":"2 minutes"},"schema":{"@context":"https:\/\/schema.org","@graph":[{"@type":"WebPage","@id":"https:\/\/tinte-toneri.hr\/en\/shop\/tinte\/original-tinte\/hp-305xl-3ym62ae-black-original-tinta\/","url":"https:\/\/tinte-toneri.hr\/en\/shop\/tinte\/original-tinte\/hp-305xl-3ym62ae-black-original-tinta\/","name":"HP 305XL (3YM62AE) Black original tinta - TNT","isPartOf":{"@id":"https:\/\/tinte-toneri.hr\/#website"},"primaryImageOfPage":{"@id":"https:\/\/tinte-toneri.hr\/en\/shop\/tinte\/original-tinte\/hp-305xl-3ym62ae-black-original-tinta\/#primaryimage"},"image":{"@id":"https:\/\/tinte-toneri.hr\/en\/shop\/tinte\/original-tinte\/hp-305xl-3ym62ae-black-original-tinta\/#primaryimage"},"thumbnailUrl":"https:\/\/tinte-toneri.hr\/wp-content\/uploads\/2024\/01\/HP-305XL-3YM62AE-Black-original-tinta.jpg","datePublished":"2024-01-13T11:03:56+00:00","dateModified":"2024-09-17T09:50:39+00:00","description":"HP 305XL (3YM62AE) Black original tinta za: HP DeskJet 2723 - HP DeskJet Plus 4158 - HP Envy 6030 e - HP Envy Pro 6432 e - HP Envy Pro 6455 ...","breadcrumb":{"@id":"https:\/\/tinte-toneri.hr\/en\/shop\/tinte\/original-tinte\/hp-305xl-3ym62ae-black-original-tinta\/#breadcrumb"},"inLanguage":"en-US","potentialAction":[{"@type":"ReadAction","target":["https:\/\/tinte-toneri.hr\/en\/shop\/tinte\/original-tinte\/hp-305xl-3ym62ae-black-original-tinta\/"]}]},{"@type":"ImageObject","inLanguage":"en-US","@id":"https:\/\/tinte-toneri.hr\/en\/shop\/tinte\/original-tinte\/hp-305xl-3ym62ae-black-original-tinta\/#primaryimage","url":"https:\/\/tinte-toneri.hr\/wp-content\/uploads\/2024\/01\/HP-305XL-3YM62AE-Black-original-tinta.jpg","contentUrl":"https:\/\/tinte-toneri.hr\/wp-content\/uploads\/2024\/01\/HP-305XL-3YM62AE-Black-original-tinta.jpg","width":300,"height":242},{"@type":"BreadcrumbList","@id":"https:\/\/tinte-toneri.hr\/en\/shop\/tinte\/original-tinte\/hp-305xl-3ym62ae-black-original-tinta\/#breadcrumb","itemListElement":[{"@type":"ListItem","position":1,"name":"Po\u010detna stranica","item":"https:\/\/tinte-toneri.hr\/"},{"@type":"ListItem","position":2,"name":"Shop","item":"https:\/\/tinte-toneri.hr\/shop\/"},{"@type":"ListItem","position":3,"name":"HP 305XL (3YM62AE) Black original tinta"}]},{"@type":"WebSite","@id":"https:\/\/tinte-toneri.hr\/#website","url":"https:\/\/tinte-toneri.hr\/","name":"TNT","description":"Tinte i toneri","publisher":{"@id":"https:\/\/tinte-toneri.hr\/#organization"},"potentialAction":[{"@type":"SearchAction","target":{"@type":"EntryPoint","urlTemplate":"https:\/\/tinte-toneri.hr\/?s={search_term_string}"},"query-input":{"@type":"PropertyValueSpecification","valueRequired":true,"valueName":"search_term_string"}}],"inLanguage":"en-US"},{"@type":"Organization","@id":"https:\/\/tinte-toneri.hr\/#organization","name":"TNT Global","url":"https:\/\/tinte-toneri.hr\/","logo":{"@type":"ImageObject","inLanguage":"en-US","@id":"https:\/\/tinte-toneri.hr\/#\/schema\/logo\/image\/","url":"https:\/\/tinte-toneri.hr\/wp-content\/uploads\/2023\/10\/cropped-Logo1-removebg.png","contentUrl":"https:\/\/tinte-toneri.hr\/wp-content\/uploads\/2023\/10\/cropped-Logo1-removebg.png","width":2124,"height":2129,"caption":"TNT Global"},"image":{"@id":"https:\/\/tinte-toneri.hr\/#\/schema\/logo\/image\/"}}]}},"jetpack_sharing_enabled":true,"_links":{"self":[{"href":"https:\/\/tinte-toneri.hr\/en\/wp-json\/wp\/v2\/product\/6819","targetHints":{"allow":["GET"]}}],"collection":[{"href":"https:\/\/tinte-toneri.hr\/en\/wp-json\/wp\/v2\/product"}],"about":[{"href":"https:\/\/tinte-toneri.hr\/en\/wp-json\/wp\/v2\/types\/product"}],"replies":[{"embeddable":true,"href":"https:\/\/tinte-toneri.hr\/en\/wp-json\/wp\/v2\/comments?post=6819"}],"wp:featuredmedia":[{"embeddable":true,"href":"https:\/\/tinte-toneri.hr\/en\/wp-json\/wp\/v2\/media\/6820"}],"wp:attachment":[{"href":"https:\/\/tinte-toneri.hr\/en\/wp-json\/wp\/v2\/media?parent=6819"}],"wp:term":[{"taxonomy":"product_brand","embeddable":true,"href":"https:\/\/tinte-toneri.hr\/en\/wp-json\/wp\/v2\/product_brand?post=6819"},{"taxonomy":"product_cat","embeddable":true,"href":"https:\/\/tinte-toneri.hr\/en\/wp-json\/wp\/v2\/product_cat?post=6819"},{"taxonomy":"product_tag","embeddable":true,"href":"https:\/\/tinte-toneri.hr\/en\/wp-json\/wp\/v2\/product_tag?post=6819"}],"curies":[{"name":"wp","href":"https:\/\/api.w.org\/{rel}","templated":true}]}}