{"id":6852,"date":"2024-01-25T09:16:50","date_gmt":"2024-01-25T09:16:50","guid":{"rendered":"https:\/\/tinte-toneri.hr\/?post_type=product&#038;p=6852"},"modified":"2024-09-23T06:49:54","modified_gmt":"2024-09-23T06:49:54","slug":"tnt-zamjenski-toner-canon-t08-black-kopiraj","status":"publish","type":"product","link":"https:\/\/tinte-toneri.hr\/en\/shop\/toneri\/zamjenski-toneri\/tnt-zamjenski-toner-canon-t08-black-kopiraj\/","title":{"rendered":"TNT zamjenski toner Canon T08 Black"},"content":{"rendered":"<p>Zamjenski toner Canon T08 je visokokvalitetni toner koji je kompatibilan s Canon laserskim pisa\u010dima. Ovaj toner osigurava iznimnu kvalitetu ispisa, s bogatim crnim bojama i o\u0161trim detaljima koji \u0107e impresionirati va\u0161e klijente ili korisnike.<\/p>\n<p>&nbsp;<\/p>\n<p>Kori\u0161tenje ovog zamjenskog tonera Canon T08 omogu\u0107it \u0107e vam da izvu\u010dete maksimum iz va\u0161eg Canon laserskog pisa\u010da, bez obzira koristite li ga u poslovnom ili ku\u0107nom okru\u017eenju. Ovaj toner je jednostavan za instalaciju i koristi se jednako jednostavno kao i originalni Canon toner.<\/p>\n<p>&nbsp;<\/p>\n<p>Zamjenski toner Canon T08 je izuzetno izdr\u017eljiv i pru\u017ea vam dugotrajnu u\u010dinkovitost s izvrsnom razinom ispisne sposobnosti. Ovaj toner nudi vam visoku razinu pouzdanosti i performansi, \u0161to zna\u010di da \u0107e vam va\u0161i dokumenti biti ispisani brzo, bez mrlja i sa savr\u0161enom \u010disto\u0107om.<\/p>\n<p>&nbsp;<\/p>\n<p>Svakako biste trebali razmotriti zamjenu svog postoje\u0107eg tonera s ovim zamjenskim tonerom Canon T08 kako biste dobili vrhunske performanse po povoljnoj cijeni. To je izvrsna opcija za bilo koju tvrtku ili pojedinca koji tra\u017ee toner koji \u0107e im omogu\u0107iti visokokvalitetne ispisne mogu\u0107nosti bez skupih tro\u0161kova. Naru\u010dite svoj toner ve\u0107 danas i u\u017eivajte u vrhunskoj kvaliteti ispisa uz u\u0161tedu novca.<\/p>\n<p>&nbsp;<\/p>\n<p>Zamjenski toner Canon T08 je kompatibilan sa:<\/p>\n<p>&nbsp;<\/p>\n<p>Canon i-SENSYS X 1200 Series<\/p>\n<p>Canon i-SENSYS X 1238 II P<\/p>\n<p>Canon i-SENSYS X 1238 II Series<\/p>\n<p>Canon i-SENSYS X 1238 P<\/p>\n<p>Canon i-SENSYS X 1238 P II<\/p>\n<p>Canon i-SENSYS X 1238 Pr<\/p>\n<p>Canon i-SENSYS X 1238 Pr II<\/p>\n<p>Canon i-SENSYS X 1238 Series<\/p>\n<p>Canon i-SENSYS X 1238 i<\/p>\n<p>Canon i-SENSYS X 1238 iF<\/p>\n<p>Canon i-SENSYS X 1238 iF II<\/p>\n<p>Canon i-SENSYS X 1238 i II<\/p>\n<p>Canon imageCLASS X MF 1238 Series<\/p>","protected":false},"excerpt":{"rendered":"<p>Zamjenski toner Canon T08 je visokokvalitetni toner koji je kompatibilan s Canon laserskim pisa\u010dima. Ovaj toner osigurava iznimnu kvalitetu ispisa, s bogatim crnim bojama i o\u0161trim detaljima koji \u0107e impresionirati va\u0161e klijente ili korisnike. &nbsp; Kori\u0161tenje ovog zamjenskog tonera Canon T08 omogu\u0107it \u0107e vam da izvu\u010dete maksimum iz va\u0161eg Canon laserskog pisa\u010da, bez obzira koristite [&hellip;]<\/p>\n","protected":false},"featured_media":6264,"comment_status":"open","ping_status":"closed","template":"","meta":{"om_disable_all_campaigns":false,"_monsterinsights_skip_tracking":false,"_monsterinsights_sitenote_active":false,"_monsterinsights_sitenote_note":"","_monsterinsights_sitenote_category":0,"_uf_show_specific_survey":0,"_uf_disable_surveys":false},"product_brand":[],"product_cat":[22,24],"product_tag":[],"class_list":{"0":"post-6852","1":"product","2":"type-product","3":"status-publish","4":"has-post-thumbnail","6":"product_cat-toneri","7":"product_cat-zamjenski-toneri","9":"first","10":"instock","11":"taxable","12":"shipping-taxable","13":"purchasable","14":"product-type-simple"},"aioseo_notices":[],"yoast_head":"<!-- This site is optimized with the Yoast SEO plugin v27.4 - https:\/\/yoast.com\/product\/yoast-seo-wordpress\/ -->\n<title>TNT zamjenski toner Canon T08 Black - TNT<\/title>\n<meta name=\"description\" content=\"Zamjenski toner Canon T08 Black za: Canon i-SENSYS X 1200 Series - Canon i-SENSYS X 1238 II Series - Canon i-SENSYS X 1238 Series ...\" \/>\n<meta name=\"robots\" content=\"index, follow, max-snippet:-1, max-image-preview:large, max-video-preview:-1\" \/>\n<link rel=\"canonical\" href=\"https:\/\/tinte-toneri.hr\/en\/shop\/toneri\/zamjenski-toneri\/tnt-zamjenski-toner-canon-t08-black-kopiraj\/\" \/>\n<meta property=\"og:locale\" content=\"en_US\" \/>\n<meta property=\"og:type\" content=\"article\" \/>\n<meta property=\"og:title\" content=\"TNT zamjenski toner Canon T08 Black - TNT\" \/>\n<meta property=\"og:description\" content=\"Zamjenski toner Canon T08 Black za: Canon i-SENSYS X 1200 Series - Canon i-SENSYS X 1238 II Series - Canon i-SENSYS X 1238 Series ...\" \/>\n<meta property=\"og:url\" content=\"https:\/\/tinte-toneri.hr\/en\/shop\/toneri\/zamjenski-toneri\/tnt-zamjenski-toner-canon-t08-black-kopiraj\/\" \/>\n<meta property=\"og:site_name\" content=\"TNT\" \/>\n<meta property=\"article:modified_time\" content=\"2024-09-23T06:49:54+00:00\" \/>\n<meta property=\"og:image\" content=\"https:\/\/tinte-toneri.hr\/wp-content\/uploads\/2023\/12\/Zamjenski-toner-black.png\" \/>\n\t<meta property=\"og:image:width\" content=\"2022\" \/>\n\t<meta property=\"og:image:height\" content=\"1376\" \/>\n\t<meta property=\"og:image:type\" content=\"image\/png\" \/>\n<meta name=\"twitter:card\" content=\"summary_large_image\" \/>\n<meta name=\"twitter:label1\" content=\"Est. reading time\" \/>\n\t<meta name=\"twitter:data1\" content=\"2 minutes\" \/>\n<script type=\"application\/ld+json\" class=\"yoast-schema-graph\">{\"@context\":\"https:\\\/\\\/schema.org\",\"@graph\":[{\"@type\":\"WebPage\",\"@id\":\"https:\\\/\\\/tinte-toneri.hr\\\/shop\\\/toneri\\\/zamjenski-toneri\\\/tnt-zamjenski-toner-canon-t08-black-kopiraj\\\/\",\"url\":\"https:\\\/\\\/tinte-toneri.hr\\\/shop\\\/toneri\\\/zamjenski-toneri\\\/tnt-zamjenski-toner-canon-t08-black-kopiraj\\\/\",\"name\":\"TNT zamjenski toner Canon T08 Black - TNT\",\"isPartOf\":{\"@id\":\"https:\\\/\\\/tinte-toneri.hr\\\/#website\"},\"primaryImageOfPage\":{\"@id\":\"https:\\\/\\\/tinte-toneri.hr\\\/shop\\\/toneri\\\/zamjenski-toneri\\\/tnt-zamjenski-toner-canon-t08-black-kopiraj\\\/#primaryimage\"},\"image\":{\"@id\":\"https:\\\/\\\/tinte-toneri.hr\\\/shop\\\/toneri\\\/zamjenski-toneri\\\/tnt-zamjenski-toner-canon-t08-black-kopiraj\\\/#primaryimage\"},\"thumbnailUrl\":\"https:\\\/\\\/tinte-toneri.hr\\\/wp-content\\\/uploads\\\/2023\\\/12\\\/Zamjenski-toner-black.png\",\"datePublished\":\"2024-01-25T09:16:50+00:00\",\"dateModified\":\"2024-09-23T06:49:54+00:00\",\"description\":\"Zamjenski toner Canon T08 Black za: Canon i-SENSYS X 1200 Series - Canon i-SENSYS X 1238 II Series - Canon i-SENSYS X 1238 Series ...\",\"breadcrumb\":{\"@id\":\"https:\\\/\\\/tinte-toneri.hr\\\/shop\\\/toneri\\\/zamjenski-toneri\\\/tnt-zamjenski-toner-canon-t08-black-kopiraj\\\/#breadcrumb\"},\"inLanguage\":\"en-US\",\"potentialAction\":[{\"@type\":\"ReadAction\",\"target\":[\"https:\\\/\\\/tinte-toneri.hr\\\/shop\\\/toneri\\\/zamjenski-toneri\\\/tnt-zamjenski-toner-canon-t08-black-kopiraj\\\/\"]}]},{\"@type\":\"ImageObject\",\"inLanguage\":\"en-US\",\"@id\":\"https:\\\/\\\/tinte-toneri.hr\\\/shop\\\/toneri\\\/zamjenski-toneri\\\/tnt-zamjenski-toner-canon-t08-black-kopiraj\\\/#primaryimage\",\"url\":\"https:\\\/\\\/tinte-toneri.hr\\\/wp-content\\\/uploads\\\/2023\\\/12\\\/Zamjenski-toner-black.png\",\"contentUrl\":\"https:\\\/\\\/tinte-toneri.hr\\\/wp-content\\\/uploads\\\/2023\\\/12\\\/Zamjenski-toner-black.png\",\"width\":2022,\"height\":1376},{\"@type\":\"BreadcrumbList\",\"@id\":\"https:\\\/\\\/tinte-toneri.hr\\\/shop\\\/toneri\\\/zamjenski-toneri\\\/tnt-zamjenski-toner-canon-t08-black-kopiraj\\\/#breadcrumb\",\"itemListElement\":[{\"@type\":\"ListItem\",\"position\":1,\"name\":\"Po\u010detna stranica\",\"item\":\"https:\\\/\\\/tinte-toneri.hr\\\/\"},{\"@type\":\"ListItem\",\"position\":2,\"name\":\"Shop\",\"item\":\"https:\\\/\\\/tinte-toneri.hr\\\/shop\\\/\"},{\"@type\":\"ListItem\",\"position\":3,\"name\":\"TNT zamjenski toner Canon T08 Black\"}]},{\"@type\":\"WebSite\",\"@id\":\"https:\\\/\\\/tinte-toneri.hr\\\/#website\",\"url\":\"https:\\\/\\\/tinte-toneri.hr\\\/\",\"name\":\"TNT\",\"description\":\"Tinte i toneri\",\"publisher\":{\"@id\":\"https:\\\/\\\/tinte-toneri.hr\\\/#organization\"},\"potentialAction\":[{\"@type\":\"SearchAction\",\"target\":{\"@type\":\"EntryPoint\",\"urlTemplate\":\"https:\\\/\\\/tinte-toneri.hr\\\/?s={search_term_string}\"},\"query-input\":{\"@type\":\"PropertyValueSpecification\",\"valueRequired\":true,\"valueName\":\"search_term_string\"}}],\"inLanguage\":\"en-US\"},{\"@type\":\"Organization\",\"@id\":\"https:\\\/\\\/tinte-toneri.hr\\\/#organization\",\"name\":\"TNT Global\",\"url\":\"https:\\\/\\\/tinte-toneri.hr\\\/\",\"logo\":{\"@type\":\"ImageObject\",\"inLanguage\":\"en-US\",\"@id\":\"https:\\\/\\\/tinte-toneri.hr\\\/#\\\/schema\\\/logo\\\/image\\\/\",\"url\":\"https:\\\/\\\/tinte-toneri.hr\\\/wp-content\\\/uploads\\\/2023\\\/10\\\/cropped-Logo1-removebg.png\",\"contentUrl\":\"https:\\\/\\\/tinte-toneri.hr\\\/wp-content\\\/uploads\\\/2023\\\/10\\\/cropped-Logo1-removebg.png\",\"width\":2124,\"height\":2129,\"caption\":\"TNT Global\"},\"image\":{\"@id\":\"https:\\\/\\\/tinte-toneri.hr\\\/#\\\/schema\\\/logo\\\/image\\\/\"}}]}<\/script>\n<!-- \/ Yoast SEO plugin. -->","yoast_head_json":{"title":"TNT zamjenski toner Canon T08 Black - TNT","description":"Zamjenski toner Canon T08 Black za: Canon i-SENSYS X 1200 Series - Canon i-SENSYS X 1238 II Series - Canon i-SENSYS X 1238 Series ...","robots":{"index":"index","follow":"follow","max-snippet":"max-snippet:-1","max-image-preview":"max-image-preview:large","max-video-preview":"max-video-preview:-1"},"canonical":"https:\/\/tinte-toneri.hr\/en\/shop\/toneri\/zamjenski-toneri\/tnt-zamjenski-toner-canon-t08-black-kopiraj\/","og_locale":"en_US","og_type":"article","og_title":"TNT zamjenski toner Canon T08 Black - TNT","og_description":"Zamjenski toner Canon T08 Black za: Canon i-SENSYS X 1200 Series - Canon i-SENSYS X 1238 II Series - Canon i-SENSYS X 1238 Series ...","og_url":"https:\/\/tinte-toneri.hr\/en\/shop\/toneri\/zamjenski-toneri\/tnt-zamjenski-toner-canon-t08-black-kopiraj\/","og_site_name":"TNT","article_modified_time":"2024-09-23T06:49:54+00:00","og_image":[{"width":2022,"height":1376,"url":"https:\/\/tinte-toneri.hr\/wp-content\/uploads\/2023\/12\/Zamjenski-toner-black.png","type":"image\/png"}],"twitter_card":"summary_large_image","twitter_misc":{"Est. reading time":"2 minutes"},"schema":{"@context":"https:\/\/schema.org","@graph":[{"@type":"WebPage","@id":"https:\/\/tinte-toneri.hr\/shop\/toneri\/zamjenski-toneri\/tnt-zamjenski-toner-canon-t08-black-kopiraj\/","url":"https:\/\/tinte-toneri.hr\/shop\/toneri\/zamjenski-toneri\/tnt-zamjenski-toner-canon-t08-black-kopiraj\/","name":"TNT zamjenski toner Canon T08 Black - TNT","isPartOf":{"@id":"https:\/\/tinte-toneri.hr\/#website"},"primaryImageOfPage":{"@id":"https:\/\/tinte-toneri.hr\/shop\/toneri\/zamjenski-toneri\/tnt-zamjenski-toner-canon-t08-black-kopiraj\/#primaryimage"},"image":{"@id":"https:\/\/tinte-toneri.hr\/shop\/toneri\/zamjenski-toneri\/tnt-zamjenski-toner-canon-t08-black-kopiraj\/#primaryimage"},"thumbnailUrl":"https:\/\/tinte-toneri.hr\/wp-content\/uploads\/2023\/12\/Zamjenski-toner-black.png","datePublished":"2024-01-25T09:16:50+00:00","dateModified":"2024-09-23T06:49:54+00:00","description":"Zamjenski toner Canon T08 Black za: Canon i-SENSYS X 1200 Series - Canon i-SENSYS X 1238 II Series - Canon i-SENSYS X 1238 Series ...","breadcrumb":{"@id":"https:\/\/tinte-toneri.hr\/shop\/toneri\/zamjenski-toneri\/tnt-zamjenski-toner-canon-t08-black-kopiraj\/#breadcrumb"},"inLanguage":"en-US","potentialAction":[{"@type":"ReadAction","target":["https:\/\/tinte-toneri.hr\/shop\/toneri\/zamjenski-toneri\/tnt-zamjenski-toner-canon-t08-black-kopiraj\/"]}]},{"@type":"ImageObject","inLanguage":"en-US","@id":"https:\/\/tinte-toneri.hr\/shop\/toneri\/zamjenski-toneri\/tnt-zamjenski-toner-canon-t08-black-kopiraj\/#primaryimage","url":"https:\/\/tinte-toneri.hr\/wp-content\/uploads\/2023\/12\/Zamjenski-toner-black.png","contentUrl":"https:\/\/tinte-toneri.hr\/wp-content\/uploads\/2023\/12\/Zamjenski-toner-black.png","width":2022,"height":1376},{"@type":"BreadcrumbList","@id":"https:\/\/tinte-toneri.hr\/shop\/toneri\/zamjenski-toneri\/tnt-zamjenski-toner-canon-t08-black-kopiraj\/#breadcrumb","itemListElement":[{"@type":"ListItem","position":1,"name":"Po\u010detna stranica","item":"https:\/\/tinte-toneri.hr\/"},{"@type":"ListItem","position":2,"name":"Shop","item":"https:\/\/tinte-toneri.hr\/shop\/"},{"@type":"ListItem","position":3,"name":"TNT zamjenski toner Canon T08 Black"}]},{"@type":"WebSite","@id":"https:\/\/tinte-toneri.hr\/#website","url":"https:\/\/tinte-toneri.hr\/","name":"TNT","description":"Tinte i toneri","publisher":{"@id":"https:\/\/tinte-toneri.hr\/#organization"},"potentialAction":[{"@type":"SearchAction","target":{"@type":"EntryPoint","urlTemplate":"https:\/\/tinte-toneri.hr\/?s={search_term_string}"},"query-input":{"@type":"PropertyValueSpecification","valueRequired":true,"valueName":"search_term_string"}}],"inLanguage":"en-US"},{"@type":"Organization","@id":"https:\/\/tinte-toneri.hr\/#organization","name":"TNT Global","url":"https:\/\/tinte-toneri.hr\/","logo":{"@type":"ImageObject","inLanguage":"en-US","@id":"https:\/\/tinte-toneri.hr\/#\/schema\/logo\/image\/","url":"https:\/\/tinte-toneri.hr\/wp-content\/uploads\/2023\/10\/cropped-Logo1-removebg.png","contentUrl":"https:\/\/tinte-toneri.hr\/wp-content\/uploads\/2023\/10\/cropped-Logo1-removebg.png","width":2124,"height":2129,"caption":"TNT Global"},"image":{"@id":"https:\/\/tinte-toneri.hr\/#\/schema\/logo\/image\/"}}]}},"jetpack_sharing_enabled":true,"_links":{"self":[{"href":"https:\/\/tinte-toneri.hr\/en\/wp-json\/wp\/v2\/product\/6852","targetHints":{"allow":["GET"]}}],"collection":[{"href":"https:\/\/tinte-toneri.hr\/en\/wp-json\/wp\/v2\/product"}],"about":[{"href":"https:\/\/tinte-toneri.hr\/en\/wp-json\/wp\/v2\/types\/product"}],"replies":[{"embeddable":true,"href":"https:\/\/tinte-toneri.hr\/en\/wp-json\/wp\/v2\/comments?post=6852"}],"wp:featuredmedia":[{"embeddable":true,"href":"https:\/\/tinte-toneri.hr\/en\/wp-json\/wp\/v2\/media\/6264"}],"wp:attachment":[{"href":"https:\/\/tinte-toneri.hr\/en\/wp-json\/wp\/v2\/media?parent=6852"}],"wp:term":[{"taxonomy":"product_brand","embeddable":true,"href":"https:\/\/tinte-toneri.hr\/en\/wp-json\/wp\/v2\/product_brand?post=6852"},{"taxonomy":"product_cat","embeddable":true,"href":"https:\/\/tinte-toneri.hr\/en\/wp-json\/wp\/v2\/product_cat?post=6852"},{"taxonomy":"product_tag","embeddable":true,"href":"https:\/\/tinte-toneri.hr\/en\/wp-json\/wp\/v2\/product_tag?post=6852"}],"curies":[{"name":"wp","href":"https:\/\/api.w.org\/{rel}","templated":true}]}}