{"id":6854,"date":"2024-01-25T11:11:02","date_gmt":"2024-01-25T11:11:02","guid":{"rendered":"https:\/\/tinte-toneri.hr\/?post_type=product&#038;p=6854"},"modified":"2024-09-17T09:50:37","modified_gmt":"2024-09-17T09:50:37","slug":"zamjenska-tinta-hp-651-c2p11ae-tricolor","status":"publish","type":"product","link":"https:\/\/tinte-toneri.hr\/en\/shop\/tinte\/zamjenske-tinte\/zamjenska-tinta-hp-651-c2p11ae-tricolor\/","title":{"rendered":"Zamjenska tinta HP 651 (C2P11AE) Tricolor"},"content":{"rendered":"<p>Zamjenska tinta HP 651 (C2P11AE) je visokokvalitetna tinta koja je kompatibilna s HP tintnim pisa\u010dima. Ova tinta osigurava iznimnu kvalitetu ispisa, s bogatim bojama i o\u0161trim detaljima koji \u0107e impresionirati va\u0161e klijente ili korisnike.<\/p>\n<p>&nbsp;<\/p>\n<p>&nbsp;<\/p>\n<p>Kori\u0161tenje ove zamjenske tinte HP 651 (C2P11AE) omogu\u0107it \u0107e vam da izvu\u010dete maksimum iz va\u0161eg HP tintnog pisa\u010da, bez obzira koristite li ga u poslovnom ili ku\u0107nom okru\u017eenju. Ova tinta je jednostavna za instalaciju i koristi se jednako jednostavno kao i originalna HP tinta.<\/p>\n<p>&nbsp;<\/p>\n<p>&nbsp;<\/p>\n<p>Zamjenska tinta HP 651 (C2P11AE) je izuzetno izdr\u017eljiva i pru\u017ea vam dugotrajnu u\u010dinkovitost s izvrsnom razinom ispisne sposobnosti. Ova tinta nudi vam visoku razinu pouzdanosti i performansi, \u0161to zna\u010di da \u0107e va\u0161i dokumenti biti ispisani brzo, bez mrlja i sa savr\u0161enom \u010disto\u0107om.<\/p>\n<p>&nbsp;<\/p>\n<p>&nbsp;<\/p>\n<p>Svakako biste trebali razmotriti zamjenu svoje postoje\u0107e tinte s ovom zamjenskom tintom HP 651 (C2P11AE) kako biste dobili vrhunske performanse po povoljnoj cijeni. To je izvrsna opcija za bilo koju tvrtku ili pojedinca koji tra\u017ee tintu koja \u0107e im omogu\u0107iti visokokvalitetne ispisne mogu\u0107nosti bez skupih tro\u0161kova. Naru\u010dite svoju tintu ve\u0107 danas i u\u017eivajte u vrhunskoj kvaliteti ispisa uz u\u0161tedu novca.<\/p>\n<p>&nbsp;<\/p>\n<p>Proizvod je kompatibilan sa:<\/p>\n<p>HP Deskjet Ink Advantage 5575<\/p>\n<p>HP Deskjet Ink Advantage 5645<\/p>\n<p>HP OfficeJet 202 Mobile<\/p>\n<p>HP OfficeJet 252 Mobile<\/p>\n<p>&nbsp;<\/p>","protected":false},"excerpt":{"rendered":"<p>Zamjenska tinta HP 651 (C2P11AE) je visokokvalitetna tinta koja je kompatibilna s HP tintnim pisa\u010dima. Ova tinta osigurava iznimnu kvalitetu ispisa, s bogatim bojama i o\u0161trim detaljima koji \u0107e impresionirati va\u0161e klijente ili korisnike. &nbsp; &nbsp; Kori\u0161tenje ove zamjenske tinte HP 651 (C2P11AE) omogu\u0107it \u0107e vam da izvu\u010dete maksimum iz va\u0161eg HP tintnog pisa\u010da, bez [&hellip;]<\/p>\n","protected":false},"featured_media":6263,"comment_status":"open","ping_status":"closed","template":"","meta":{"om_disable_all_campaigns":false,"_monsterinsights_skip_tracking":false,"_monsterinsights_sitenote_active":false,"_monsterinsights_sitenote_note":"","_monsterinsights_sitenote_category":0,"_uf_show_specific_survey":0,"_uf_disable_surveys":false},"product_brand":[],"product_cat":[21,28],"product_tag":[],"class_list":{"0":"post-6854","1":"product","2":"type-product","3":"status-publish","4":"has-post-thumbnail","6":"product_cat-tinte","7":"product_cat-zamjenske-tinte","9":"first","10":"instock","11":"taxable","12":"shipping-taxable","13":"purchasable","14":"product-type-simple"},"aioseo_notices":[],"yoast_head":"<!-- This site is optimized with the Yoast SEO plugin v27.4 - https:\/\/yoast.com\/product\/yoast-seo-wordpress\/ -->\n<title>Zamjenska tinta HP 651 (C2P11AE) Tricolor - TNT<\/title>\n<meta name=\"description\" content=\"Zamjenska tinta HP 651 (C2P11AE) Tricolor za: HP Deskjet Ink Advantage 5575 - HP Deskjet Ink Advantage 5645 - HP OfficeJet 202 Mobile - 252 Mobile\" \/>\n<meta name=\"robots\" content=\"index, follow, max-snippet:-1, max-image-preview:large, max-video-preview:-1\" \/>\n<link rel=\"canonical\" href=\"https:\/\/tinte-toneri.hr\/en\/shop\/tinte\/zamjenske-tinte\/zamjenska-tinta-hp-651-c2p11ae-tricolor\/\" \/>\n<meta property=\"og:locale\" content=\"en_US\" \/>\n<meta property=\"og:type\" content=\"article\" \/>\n<meta property=\"og:title\" content=\"Zamjenska tinta HP 651 (C2P11AE) Tricolor - TNT\" \/>\n<meta property=\"og:description\" content=\"Zamjenska tinta HP 651 (C2P11AE) Tricolor za: HP Deskjet Ink Advantage 5575 - HP Deskjet Ink Advantage 5645 - HP OfficeJet 202 Mobile - 252 Mobile\" \/>\n<meta property=\"og:url\" content=\"https:\/\/tinte-toneri.hr\/en\/shop\/tinte\/zamjenske-tinte\/zamjenska-tinta-hp-651-c2p11ae-tricolor\/\" \/>\n<meta property=\"og:site_name\" content=\"TNT\" \/>\n<meta property=\"article:modified_time\" content=\"2024-09-17T09:50:37+00:00\" \/>\n<meta property=\"og:image\" content=\"https:\/\/tinte-toneri.hr\/wp-content\/uploads\/2023\/12\/Zamjenska-tinta-768x1024.png\" \/>\n\t<meta property=\"og:image:width\" content=\"768\" \/>\n\t<meta property=\"og:image:height\" content=\"1024\" \/>\n\t<meta property=\"og:image:type\" content=\"image\/png\" \/>\n<meta name=\"twitter:card\" content=\"summary_large_image\" \/>\n<meta name=\"twitter:label1\" content=\"Est. reading time\" \/>\n\t<meta name=\"twitter:data1\" content=\"2 minutes\" \/>\n<script type=\"application\/ld+json\" class=\"yoast-schema-graph\">{\"@context\":\"https:\\\/\\\/schema.org\",\"@graph\":[{\"@type\":\"WebPage\",\"@id\":\"https:\\\/\\\/tinte-toneri.hr\\\/shop\\\/tinte\\\/zamjenske-tinte\\\/zamjenska-tinta-hp-651-c2p11ae-tricolor\\\/\",\"url\":\"https:\\\/\\\/tinte-toneri.hr\\\/shop\\\/tinte\\\/zamjenske-tinte\\\/zamjenska-tinta-hp-651-c2p11ae-tricolor\\\/\",\"name\":\"Zamjenska tinta HP 651 (C2P11AE) Tricolor - TNT\",\"isPartOf\":{\"@id\":\"https:\\\/\\\/tinte-toneri.hr\\\/#website\"},\"primaryImageOfPage\":{\"@id\":\"https:\\\/\\\/tinte-toneri.hr\\\/shop\\\/tinte\\\/zamjenske-tinte\\\/zamjenska-tinta-hp-651-c2p11ae-tricolor\\\/#primaryimage\"},\"image\":{\"@id\":\"https:\\\/\\\/tinte-toneri.hr\\\/shop\\\/tinte\\\/zamjenske-tinte\\\/zamjenska-tinta-hp-651-c2p11ae-tricolor\\\/#primaryimage\"},\"thumbnailUrl\":\"https:\\\/\\\/tinte-toneri.hr\\\/wp-content\\\/uploads\\\/2023\\\/12\\\/Zamjenska-tinta.png\",\"datePublished\":\"2024-01-25T11:11:02+00:00\",\"dateModified\":\"2024-09-17T09:50:37+00:00\",\"description\":\"Zamjenska tinta HP 651 (C2P11AE) Tricolor za: HP Deskjet Ink Advantage 5575 - HP Deskjet Ink Advantage 5645 - HP OfficeJet 202 Mobile - 252 Mobile\",\"breadcrumb\":{\"@id\":\"https:\\\/\\\/tinte-toneri.hr\\\/shop\\\/tinte\\\/zamjenske-tinte\\\/zamjenska-tinta-hp-651-c2p11ae-tricolor\\\/#breadcrumb\"},\"inLanguage\":\"en-US\",\"potentialAction\":[{\"@type\":\"ReadAction\",\"target\":[\"https:\\\/\\\/tinte-toneri.hr\\\/shop\\\/tinte\\\/zamjenske-tinte\\\/zamjenska-tinta-hp-651-c2p11ae-tricolor\\\/\"]}]},{\"@type\":\"ImageObject\",\"inLanguage\":\"en-US\",\"@id\":\"https:\\\/\\\/tinte-toneri.hr\\\/shop\\\/tinte\\\/zamjenske-tinte\\\/zamjenska-tinta-hp-651-c2p11ae-tricolor\\\/#primaryimage\",\"url\":\"https:\\\/\\\/tinte-toneri.hr\\\/wp-content\\\/uploads\\\/2023\\\/12\\\/Zamjenska-tinta.png\",\"contentUrl\":\"https:\\\/\\\/tinte-toneri.hr\\\/wp-content\\\/uploads\\\/2023\\\/12\\\/Zamjenska-tinta.png\",\"width\":3000,\"height\":4000},{\"@type\":\"BreadcrumbList\",\"@id\":\"https:\\\/\\\/tinte-toneri.hr\\\/shop\\\/tinte\\\/zamjenske-tinte\\\/zamjenska-tinta-hp-651-c2p11ae-tricolor\\\/#breadcrumb\",\"itemListElement\":[{\"@type\":\"ListItem\",\"position\":1,\"name\":\"Po\u010detna stranica\",\"item\":\"https:\\\/\\\/tinte-toneri.hr\\\/\"},{\"@type\":\"ListItem\",\"position\":2,\"name\":\"Shop\",\"item\":\"https:\\\/\\\/tinte-toneri.hr\\\/shop\\\/\"},{\"@type\":\"ListItem\",\"position\":3,\"name\":\"Zamjenska tinta HP 651 (C2P11AE) Tricolor\"}]},{\"@type\":\"WebSite\",\"@id\":\"https:\\\/\\\/tinte-toneri.hr\\\/#website\",\"url\":\"https:\\\/\\\/tinte-toneri.hr\\\/\",\"name\":\"TNT\",\"description\":\"Tinte i toneri\",\"publisher\":{\"@id\":\"https:\\\/\\\/tinte-toneri.hr\\\/#organization\"},\"potentialAction\":[{\"@type\":\"SearchAction\",\"target\":{\"@type\":\"EntryPoint\",\"urlTemplate\":\"https:\\\/\\\/tinte-toneri.hr\\\/?s={search_term_string}\"},\"query-input\":{\"@type\":\"PropertyValueSpecification\",\"valueRequired\":true,\"valueName\":\"search_term_string\"}}],\"inLanguage\":\"en-US\"},{\"@type\":\"Organization\",\"@id\":\"https:\\\/\\\/tinte-toneri.hr\\\/#organization\",\"name\":\"TNT Global\",\"url\":\"https:\\\/\\\/tinte-toneri.hr\\\/\",\"logo\":{\"@type\":\"ImageObject\",\"inLanguage\":\"en-US\",\"@id\":\"https:\\\/\\\/tinte-toneri.hr\\\/#\\\/schema\\\/logo\\\/image\\\/\",\"url\":\"https:\\\/\\\/tinte-toneri.hr\\\/wp-content\\\/uploads\\\/2023\\\/10\\\/cropped-Logo1-removebg.png\",\"contentUrl\":\"https:\\\/\\\/tinte-toneri.hr\\\/wp-content\\\/uploads\\\/2023\\\/10\\\/cropped-Logo1-removebg.png\",\"width\":2124,\"height\":2129,\"caption\":\"TNT Global\"},\"image\":{\"@id\":\"https:\\\/\\\/tinte-toneri.hr\\\/#\\\/schema\\\/logo\\\/image\\\/\"}}]}<\/script>\n<!-- \/ Yoast SEO plugin. -->","yoast_head_json":{"title":"Zamjenska tinta HP 651 (C2P11AE) Tricolor - TNT","description":"Zamjenska tinta HP 651 (C2P11AE) Tricolor za: HP Deskjet Ink Advantage 5575 - HP Deskjet Ink Advantage 5645 - HP OfficeJet 202 Mobile - 252 Mobile","robots":{"index":"index","follow":"follow","max-snippet":"max-snippet:-1","max-image-preview":"max-image-preview:large","max-video-preview":"max-video-preview:-1"},"canonical":"https:\/\/tinte-toneri.hr\/en\/shop\/tinte\/zamjenske-tinte\/zamjenska-tinta-hp-651-c2p11ae-tricolor\/","og_locale":"en_US","og_type":"article","og_title":"Zamjenska tinta HP 651 (C2P11AE) Tricolor - TNT","og_description":"Zamjenska tinta HP 651 (C2P11AE) Tricolor za: HP Deskjet Ink Advantage 5575 - HP Deskjet Ink Advantage 5645 - HP OfficeJet 202 Mobile - 252 Mobile","og_url":"https:\/\/tinte-toneri.hr\/en\/shop\/tinte\/zamjenske-tinte\/zamjenska-tinta-hp-651-c2p11ae-tricolor\/","og_site_name":"TNT","article_modified_time":"2024-09-17T09:50:37+00:00","og_image":[{"width":768,"height":1024,"url":"https:\/\/tinte-toneri.hr\/wp-content\/uploads\/2023\/12\/Zamjenska-tinta-768x1024.png","type":"image\/png"}],"twitter_card":"summary_large_image","twitter_misc":{"Est. reading time":"2 minutes"},"schema":{"@context":"https:\/\/schema.org","@graph":[{"@type":"WebPage","@id":"https:\/\/tinte-toneri.hr\/shop\/tinte\/zamjenske-tinte\/zamjenska-tinta-hp-651-c2p11ae-tricolor\/","url":"https:\/\/tinte-toneri.hr\/shop\/tinte\/zamjenske-tinte\/zamjenska-tinta-hp-651-c2p11ae-tricolor\/","name":"Zamjenska tinta HP 651 (C2P11AE) Tricolor - TNT","isPartOf":{"@id":"https:\/\/tinte-toneri.hr\/#website"},"primaryImageOfPage":{"@id":"https:\/\/tinte-toneri.hr\/shop\/tinte\/zamjenske-tinte\/zamjenska-tinta-hp-651-c2p11ae-tricolor\/#primaryimage"},"image":{"@id":"https:\/\/tinte-toneri.hr\/shop\/tinte\/zamjenske-tinte\/zamjenska-tinta-hp-651-c2p11ae-tricolor\/#primaryimage"},"thumbnailUrl":"https:\/\/tinte-toneri.hr\/wp-content\/uploads\/2023\/12\/Zamjenska-tinta.png","datePublished":"2024-01-25T11:11:02+00:00","dateModified":"2024-09-17T09:50:37+00:00","description":"Zamjenska tinta HP 651 (C2P11AE) Tricolor za: HP Deskjet Ink Advantage 5575 - HP Deskjet Ink Advantage 5645 - HP OfficeJet 202 Mobile - 252 Mobile","breadcrumb":{"@id":"https:\/\/tinte-toneri.hr\/shop\/tinte\/zamjenske-tinte\/zamjenska-tinta-hp-651-c2p11ae-tricolor\/#breadcrumb"},"inLanguage":"en-US","potentialAction":[{"@type":"ReadAction","target":["https:\/\/tinte-toneri.hr\/shop\/tinte\/zamjenske-tinte\/zamjenska-tinta-hp-651-c2p11ae-tricolor\/"]}]},{"@type":"ImageObject","inLanguage":"en-US","@id":"https:\/\/tinte-toneri.hr\/shop\/tinte\/zamjenske-tinte\/zamjenska-tinta-hp-651-c2p11ae-tricolor\/#primaryimage","url":"https:\/\/tinte-toneri.hr\/wp-content\/uploads\/2023\/12\/Zamjenska-tinta.png","contentUrl":"https:\/\/tinte-toneri.hr\/wp-content\/uploads\/2023\/12\/Zamjenska-tinta.png","width":3000,"height":4000},{"@type":"BreadcrumbList","@id":"https:\/\/tinte-toneri.hr\/shop\/tinte\/zamjenske-tinte\/zamjenska-tinta-hp-651-c2p11ae-tricolor\/#breadcrumb","itemListElement":[{"@type":"ListItem","position":1,"name":"Po\u010detna stranica","item":"https:\/\/tinte-toneri.hr\/"},{"@type":"ListItem","position":2,"name":"Shop","item":"https:\/\/tinte-toneri.hr\/shop\/"},{"@type":"ListItem","position":3,"name":"Zamjenska tinta HP 651 (C2P11AE) Tricolor"}]},{"@type":"WebSite","@id":"https:\/\/tinte-toneri.hr\/#website","url":"https:\/\/tinte-toneri.hr\/","name":"TNT","description":"Tinte i toneri","publisher":{"@id":"https:\/\/tinte-toneri.hr\/#organization"},"potentialAction":[{"@type":"SearchAction","target":{"@type":"EntryPoint","urlTemplate":"https:\/\/tinte-toneri.hr\/?s={search_term_string}"},"query-input":{"@type":"PropertyValueSpecification","valueRequired":true,"valueName":"search_term_string"}}],"inLanguage":"en-US"},{"@type":"Organization","@id":"https:\/\/tinte-toneri.hr\/#organization","name":"TNT Global","url":"https:\/\/tinte-toneri.hr\/","logo":{"@type":"ImageObject","inLanguage":"en-US","@id":"https:\/\/tinte-toneri.hr\/#\/schema\/logo\/image\/","url":"https:\/\/tinte-toneri.hr\/wp-content\/uploads\/2023\/10\/cropped-Logo1-removebg.png","contentUrl":"https:\/\/tinte-toneri.hr\/wp-content\/uploads\/2023\/10\/cropped-Logo1-removebg.png","width":2124,"height":2129,"caption":"TNT Global"},"image":{"@id":"https:\/\/tinte-toneri.hr\/#\/schema\/logo\/image\/"}}]}},"jetpack_sharing_enabled":true,"_links":{"self":[{"href":"https:\/\/tinte-toneri.hr\/en\/wp-json\/wp\/v2\/product\/6854","targetHints":{"allow":["GET"]}}],"collection":[{"href":"https:\/\/tinte-toneri.hr\/en\/wp-json\/wp\/v2\/product"}],"about":[{"href":"https:\/\/tinte-toneri.hr\/en\/wp-json\/wp\/v2\/types\/product"}],"replies":[{"embeddable":true,"href":"https:\/\/tinte-toneri.hr\/en\/wp-json\/wp\/v2\/comments?post=6854"}],"wp:featuredmedia":[{"embeddable":true,"href":"https:\/\/tinte-toneri.hr\/en\/wp-json\/wp\/v2\/media\/6263"}],"wp:attachment":[{"href":"https:\/\/tinte-toneri.hr\/en\/wp-json\/wp\/v2\/media?parent=6854"}],"wp:term":[{"taxonomy":"product_brand","embeddable":true,"href":"https:\/\/tinte-toneri.hr\/en\/wp-json\/wp\/v2\/product_brand?post=6854"},{"taxonomy":"product_cat","embeddable":true,"href":"https:\/\/tinte-toneri.hr\/en\/wp-json\/wp\/v2\/product_cat?post=6854"},{"taxonomy":"product_tag","embeddable":true,"href":"https:\/\/tinte-toneri.hr\/en\/wp-json\/wp\/v2\/product_tag?post=6854"}],"curies":[{"name":"wp","href":"https:\/\/api.w.org\/{rel}","templated":true}]}}