{"id":6995,"date":"2024-02-08T10:56:31","date_gmt":"2024-02-08T10:56:31","guid":{"rendered":"https:\/\/tinte-toneri.hr\/?post_type=product&#038;p=6995"},"modified":"2024-09-23T06:47:17","modified_gmt":"2024-09-23T06:47:17","slug":"tekuci-sapun-5l","status":"publish","type":"product","link":"https:\/\/tinte-toneri.hr\/en\/shop\/uncategorized\/tekuci-sapun-5l\/","title":{"rendered":"TEKU\u0106I SAPUN 5L"},"content":{"rendered":"<p>Sapun teku\u0107i sa glicerinom professional za pranje ruku i tijela DIWALY 5 litra.<\/p>\n<p>Teku\u0107i sapun za pranje ruku sa pH ugodnim za ko\u017eu.<\/p>\n<p>Za odr\u017eavanje osobne higijene u javnim objektima zdravstvenim ustanovama, hotelima i ugostiteljstvu, \u0161kolskim i pred\u0161kolskim ustanovama.<\/p>","protected":false},"excerpt":{"rendered":"<p>Sapun teku\u0107i sa glicerinom professional za pranje ruku i tijela DIWALY 5 litra. Teku\u0107i sapun za pranje ruku sa pH ugodnim za ko\u017eu. Za odr\u017eavanje osobne higijene u javnim objektima zdravstvenim ustanovama, hotelima i ugostiteljstvu, \u0161kolskim i pred\u0161kolskim ustanovama.<\/p>","protected":false},"featured_media":6996,"comment_status":"open","ping_status":"closed","template":"","meta":{"om_disable_all_campaigns":false,"_monsterinsights_skip_tracking":false,"_monsterinsights_sitenote_active":false,"_monsterinsights_sitenote_note":"","_monsterinsights_sitenote_category":0,"_uf_show_specific_survey":0,"_uf_disable_surveys":false},"product_brand":[],"product_cat":[15],"product_tag":[],"class_list":{"0":"post-6995","1":"product","2":"type-product","3":"status-publish","4":"has-post-thumbnail","6":"product_cat-uncategorized","8":"first","9":"instock","10":"taxable","11":"shipping-taxable","12":"purchasable","13":"product-type-simple"},"aioseo_notices":[],"yoast_head":"<!-- This site is optimized with the Yoast SEO plugin v27.4 - https:\/\/yoast.com\/product\/yoast-seo-wordpress\/ -->\n<title>TEKU\u0106I SAPUN 5L - TNT<\/title>\n<meta name=\"robots\" content=\"index, follow, max-snippet:-1, max-image-preview:large, max-video-preview:-1\" \/>\n<link rel=\"canonical\" href=\"https:\/\/tinte-toneri.hr\/en\/shop\/uncategorized\/tekuci-sapun-5l\/\" \/>\n<meta property=\"og:locale\" content=\"en_US\" \/>\n<meta property=\"og:type\" content=\"article\" \/>\n<meta property=\"og:title\" content=\"TEKU\u0106I SAPUN 5L - TNT\" \/>\n<meta property=\"og:description\" content=\"Sapun teku\u0107i sa glicerinom professional za pranje ruku i tijela DIWALY 5 litra. Teku\u0107i sapun za pranje ruku sa pH ugodnim za ko\u017eu. Za odr\u017eavanje osobne higijene u javnim objektima zdravstvenim ustanovama, hotelima i ugostiteljstvu, \u0161kolskim i pred\u0161kolskim ustanovama.\" \/>\n<meta property=\"og:url\" content=\"https:\/\/tinte-toneri.hr\/en\/shop\/uncategorized\/tekuci-sapun-5l\/\" \/>\n<meta property=\"og:site_name\" content=\"TNT\" \/>\n<meta property=\"article:modified_time\" content=\"2024-09-23T06:47:17+00:00\" \/>\n<meta property=\"og:image\" content=\"https:\/\/tinte-toneri.hr\/wp-content\/uploads\/2024\/02\/Tekuci_sapun_5l_glicerinom_profesional_pranje_ruku_DIWALY_5_litra-1.jpg\" \/>\n\t<meta property=\"og:image:width\" content=\"500\" \/>\n\t<meta property=\"og:image:height\" content=\"500\" \/>\n\t<meta property=\"og:image:type\" content=\"image\/jpeg\" \/>\n<meta name=\"twitter:card\" content=\"summary_large_image\" \/>\n<meta name=\"twitter:label1\" content=\"Est. reading time\" \/>\n\t<meta name=\"twitter:data1\" content=\"1 minute\" \/>\n<script type=\"application\/ld+json\" class=\"yoast-schema-graph\">{\"@context\":\"https:\\\/\\\/schema.org\",\"@graph\":[{\"@type\":\"WebPage\",\"@id\":\"https:\\\/\\\/tinte-toneri.hr\\\/shop\\\/uncategorized\\\/tekuci-sapun-5l\\\/\",\"url\":\"https:\\\/\\\/tinte-toneri.hr\\\/shop\\\/uncategorized\\\/tekuci-sapun-5l\\\/\",\"name\":\"TEKU\u0106I SAPUN 5L - TNT\",\"isPartOf\":{\"@id\":\"https:\\\/\\\/tinte-toneri.hr\\\/#website\"},\"primaryImageOfPage\":{\"@id\":\"https:\\\/\\\/tinte-toneri.hr\\\/shop\\\/uncategorized\\\/tekuci-sapun-5l\\\/#primaryimage\"},\"image\":{\"@id\":\"https:\\\/\\\/tinte-toneri.hr\\\/shop\\\/uncategorized\\\/tekuci-sapun-5l\\\/#primaryimage\"},\"thumbnailUrl\":\"https:\\\/\\\/tinte-toneri.hr\\\/wp-content\\\/uploads\\\/2024\\\/02\\\/Tekuci_sapun_5l_glicerinom_profesional_pranje_ruku_DIWALY_5_litra-1.jpg\",\"datePublished\":\"2024-02-08T10:56:31+00:00\",\"dateModified\":\"2024-09-23T06:47:17+00:00\",\"breadcrumb\":{\"@id\":\"https:\\\/\\\/tinte-toneri.hr\\\/shop\\\/uncategorized\\\/tekuci-sapun-5l\\\/#breadcrumb\"},\"inLanguage\":\"en-US\",\"potentialAction\":[{\"@type\":\"ReadAction\",\"target\":[\"https:\\\/\\\/tinte-toneri.hr\\\/shop\\\/uncategorized\\\/tekuci-sapun-5l\\\/\"]}]},{\"@type\":\"ImageObject\",\"inLanguage\":\"en-US\",\"@id\":\"https:\\\/\\\/tinte-toneri.hr\\\/shop\\\/uncategorized\\\/tekuci-sapun-5l\\\/#primaryimage\",\"url\":\"https:\\\/\\\/tinte-toneri.hr\\\/wp-content\\\/uploads\\\/2024\\\/02\\\/Tekuci_sapun_5l_glicerinom_profesional_pranje_ruku_DIWALY_5_litra-1.jpg\",\"contentUrl\":\"https:\\\/\\\/tinte-toneri.hr\\\/wp-content\\\/uploads\\\/2024\\\/02\\\/Tekuci_sapun_5l_glicerinom_profesional_pranje_ruku_DIWALY_5_litra-1.jpg\",\"width\":500,\"height\":500,\"caption\":\"Sapun teku\u0107i sa glicerinom professional za pranje ruku DIWALY 5 litara\"},{\"@type\":\"BreadcrumbList\",\"@id\":\"https:\\\/\\\/tinte-toneri.hr\\\/shop\\\/uncategorized\\\/tekuci-sapun-5l\\\/#breadcrumb\",\"itemListElement\":[{\"@type\":\"ListItem\",\"position\":1,\"name\":\"Po\u010detna stranica\",\"item\":\"https:\\\/\\\/tinte-toneri.hr\\\/\"},{\"@type\":\"ListItem\",\"position\":2,\"name\":\"Shop\",\"item\":\"https:\\\/\\\/tinte-toneri.hr\\\/shop\\\/\"},{\"@type\":\"ListItem\",\"position\":3,\"name\":\"TEKU\u0106I SAPUN 5L\"}]},{\"@type\":\"WebSite\",\"@id\":\"https:\\\/\\\/tinte-toneri.hr\\\/#website\",\"url\":\"https:\\\/\\\/tinte-toneri.hr\\\/\",\"name\":\"TNT\",\"description\":\"Tinte i toneri\",\"publisher\":{\"@id\":\"https:\\\/\\\/tinte-toneri.hr\\\/#organization\"},\"potentialAction\":[{\"@type\":\"SearchAction\",\"target\":{\"@type\":\"EntryPoint\",\"urlTemplate\":\"https:\\\/\\\/tinte-toneri.hr\\\/?s={search_term_string}\"},\"query-input\":{\"@type\":\"PropertyValueSpecification\",\"valueRequired\":true,\"valueName\":\"search_term_string\"}}],\"inLanguage\":\"en-US\"},{\"@type\":\"Organization\",\"@id\":\"https:\\\/\\\/tinte-toneri.hr\\\/#organization\",\"name\":\"TNT Global\",\"url\":\"https:\\\/\\\/tinte-toneri.hr\\\/\",\"logo\":{\"@type\":\"ImageObject\",\"inLanguage\":\"en-US\",\"@id\":\"https:\\\/\\\/tinte-toneri.hr\\\/#\\\/schema\\\/logo\\\/image\\\/\",\"url\":\"https:\\\/\\\/tinte-toneri.hr\\\/wp-content\\\/uploads\\\/2023\\\/10\\\/cropped-Logo1-removebg.png\",\"contentUrl\":\"https:\\\/\\\/tinte-toneri.hr\\\/wp-content\\\/uploads\\\/2023\\\/10\\\/cropped-Logo1-removebg.png\",\"width\":2124,\"height\":2129,\"caption\":\"TNT Global\"},\"image\":{\"@id\":\"https:\\\/\\\/tinte-toneri.hr\\\/#\\\/schema\\\/logo\\\/image\\\/\"}}]}<\/script>\n<!-- \/ Yoast SEO plugin. -->","yoast_head_json":{"title":"TEKU\u0106I SAPUN 5L - TNT","robots":{"index":"index","follow":"follow","max-snippet":"max-snippet:-1","max-image-preview":"max-image-preview:large","max-video-preview":"max-video-preview:-1"},"canonical":"https:\/\/tinte-toneri.hr\/en\/shop\/uncategorized\/tekuci-sapun-5l\/","og_locale":"en_US","og_type":"article","og_title":"TEKU\u0106I SAPUN 5L - TNT","og_description":"Sapun teku\u0107i sa glicerinom professional za pranje ruku i tijela DIWALY 5 litra. Teku\u0107i sapun za pranje ruku sa pH ugodnim za ko\u017eu. Za odr\u017eavanje osobne higijene u javnim objektima zdravstvenim ustanovama, hotelima i ugostiteljstvu, \u0161kolskim i pred\u0161kolskim ustanovama.","og_url":"https:\/\/tinte-toneri.hr\/en\/shop\/uncategorized\/tekuci-sapun-5l\/","og_site_name":"TNT","article_modified_time":"2024-09-23T06:47:17+00:00","og_image":[{"width":500,"height":500,"url":"https:\/\/tinte-toneri.hr\/wp-content\/uploads\/2024\/02\/Tekuci_sapun_5l_glicerinom_profesional_pranje_ruku_DIWALY_5_litra-1.jpg","type":"image\/jpeg"}],"twitter_card":"summary_large_image","twitter_misc":{"Est. reading time":"1 minute"},"schema":{"@context":"https:\/\/schema.org","@graph":[{"@type":"WebPage","@id":"https:\/\/tinte-toneri.hr\/shop\/uncategorized\/tekuci-sapun-5l\/","url":"https:\/\/tinte-toneri.hr\/shop\/uncategorized\/tekuci-sapun-5l\/","name":"TEKU\u0106I SAPUN 5L - TNT","isPartOf":{"@id":"https:\/\/tinte-toneri.hr\/#website"},"primaryImageOfPage":{"@id":"https:\/\/tinte-toneri.hr\/shop\/uncategorized\/tekuci-sapun-5l\/#primaryimage"},"image":{"@id":"https:\/\/tinte-toneri.hr\/shop\/uncategorized\/tekuci-sapun-5l\/#primaryimage"},"thumbnailUrl":"https:\/\/tinte-toneri.hr\/wp-content\/uploads\/2024\/02\/Tekuci_sapun_5l_glicerinom_profesional_pranje_ruku_DIWALY_5_litra-1.jpg","datePublished":"2024-02-08T10:56:31+00:00","dateModified":"2024-09-23T06:47:17+00:00","breadcrumb":{"@id":"https:\/\/tinte-toneri.hr\/shop\/uncategorized\/tekuci-sapun-5l\/#breadcrumb"},"inLanguage":"en-US","potentialAction":[{"@type":"ReadAction","target":["https:\/\/tinte-toneri.hr\/shop\/uncategorized\/tekuci-sapun-5l\/"]}]},{"@type":"ImageObject","inLanguage":"en-US","@id":"https:\/\/tinte-toneri.hr\/shop\/uncategorized\/tekuci-sapun-5l\/#primaryimage","url":"https:\/\/tinte-toneri.hr\/wp-content\/uploads\/2024\/02\/Tekuci_sapun_5l_glicerinom_profesional_pranje_ruku_DIWALY_5_litra-1.jpg","contentUrl":"https:\/\/tinte-toneri.hr\/wp-content\/uploads\/2024\/02\/Tekuci_sapun_5l_glicerinom_profesional_pranje_ruku_DIWALY_5_litra-1.jpg","width":500,"height":500,"caption":"Sapun teku\u0107i sa glicerinom professional za pranje ruku DIWALY 5 litara"},{"@type":"BreadcrumbList","@id":"https:\/\/tinte-toneri.hr\/shop\/uncategorized\/tekuci-sapun-5l\/#breadcrumb","itemListElement":[{"@type":"ListItem","position":1,"name":"Po\u010detna stranica","item":"https:\/\/tinte-toneri.hr\/"},{"@type":"ListItem","position":2,"name":"Shop","item":"https:\/\/tinte-toneri.hr\/shop\/"},{"@type":"ListItem","position":3,"name":"TEKU\u0106I SAPUN 5L"}]},{"@type":"WebSite","@id":"https:\/\/tinte-toneri.hr\/#website","url":"https:\/\/tinte-toneri.hr\/","name":"TNT","description":"Tinte i toneri","publisher":{"@id":"https:\/\/tinte-toneri.hr\/#organization"},"potentialAction":[{"@type":"SearchAction","target":{"@type":"EntryPoint","urlTemplate":"https:\/\/tinte-toneri.hr\/?s={search_term_string}"},"query-input":{"@type":"PropertyValueSpecification","valueRequired":true,"valueName":"search_term_string"}}],"inLanguage":"en-US"},{"@type":"Organization","@id":"https:\/\/tinte-toneri.hr\/#organization","name":"TNT Global","url":"https:\/\/tinte-toneri.hr\/","logo":{"@type":"ImageObject","inLanguage":"en-US","@id":"https:\/\/tinte-toneri.hr\/#\/schema\/logo\/image\/","url":"https:\/\/tinte-toneri.hr\/wp-content\/uploads\/2023\/10\/cropped-Logo1-removebg.png","contentUrl":"https:\/\/tinte-toneri.hr\/wp-content\/uploads\/2023\/10\/cropped-Logo1-removebg.png","width":2124,"height":2129,"caption":"TNT Global"},"image":{"@id":"https:\/\/tinte-toneri.hr\/#\/schema\/logo\/image\/"}}]}},"jetpack_sharing_enabled":true,"_links":{"self":[{"href":"https:\/\/tinte-toneri.hr\/en\/wp-json\/wp\/v2\/product\/6995","targetHints":{"allow":["GET"]}}],"collection":[{"href":"https:\/\/tinte-toneri.hr\/en\/wp-json\/wp\/v2\/product"}],"about":[{"href":"https:\/\/tinte-toneri.hr\/en\/wp-json\/wp\/v2\/types\/product"}],"replies":[{"embeddable":true,"href":"https:\/\/tinte-toneri.hr\/en\/wp-json\/wp\/v2\/comments?post=6995"}],"wp:featuredmedia":[{"embeddable":true,"href":"https:\/\/tinte-toneri.hr\/en\/wp-json\/wp\/v2\/media\/6996"}],"wp:attachment":[{"href":"https:\/\/tinte-toneri.hr\/en\/wp-json\/wp\/v2\/media?parent=6995"}],"wp:term":[{"taxonomy":"product_brand","embeddable":true,"href":"https:\/\/tinte-toneri.hr\/en\/wp-json\/wp\/v2\/product_brand?post=6995"},{"taxonomy":"product_cat","embeddable":true,"href":"https:\/\/tinte-toneri.hr\/en\/wp-json\/wp\/v2\/product_cat?post=6995"},{"taxonomy":"product_tag","embeddable":true,"href":"https:\/\/tinte-toneri.hr\/en\/wp-json\/wp\/v2\/product_tag?post=6995"}],"curies":[{"name":"wp","href":"https:\/\/api.w.org\/{rel}","templated":true}]}}