{"id":7071,"date":"2024-02-11T20:37:10","date_gmt":"2024-02-11T20:37:10","guid":{"rendered":"https:\/\/tinte-toneri.hr\/?post_type=product&#038;p=7071"},"modified":"2024-09-23T06:47:14","modified_gmt":"2024-09-23T06:47:14","slug":"gsm-bez-klora-sredstvo-za-strojno-pranje-suda-125kg","status":"publish","type":"product","link":"https:\/\/tinte-toneri.hr\/en\/shop\/uncategorized\/gsm-bez-klora-sredstvo-za-strojno-pranje-suda-125kg\/","title":{"rendered":"GSM BEZ KLORA SREDSTVO ZA STROJNO PRANJE SU\u0110A 12,5kg"},"content":{"rendered":"<p>Za pranje posu\u0111a otpornog na lu\u017eine, ner\u0111aju\u0107eg \u010delika, plastike otporne na vru\u0107inu i porculan sa stabilnom dekoracijom, Izuzetne osobine odstranjivanja masti i nestanka proteina.<\/p>\n<p>&nbsp;<\/p>","protected":false},"excerpt":{"rendered":"<p>Za pranje posu\u0111a otpornog na lu\u017eine, ner\u0111aju\u0107eg \u010delika, plastike otporne na vru\u0107inu i porculan sa stabilnom dekoracijom, Izuzetne osobine odstranjivanja masti i nestanka proteina. &nbsp;<\/p>","protected":false},"featured_media":7041,"comment_status":"open","ping_status":"closed","template":"","meta":{"om_disable_all_campaigns":false,"_monsterinsights_skip_tracking":false,"_monsterinsights_sitenote_active":false,"_monsterinsights_sitenote_note":"","_monsterinsights_sitenote_category":0,"_uf_show_specific_survey":0,"_uf_disable_surveys":false},"product_brand":[],"product_cat":[15],"product_tag":[],"class_list":{"0":"post-7071","1":"product","2":"type-product","3":"status-publish","4":"has-post-thumbnail","6":"product_cat-uncategorized","8":"first","9":"instock","10":"taxable","11":"shipping-taxable","12":"purchasable","13":"product-type-simple"},"aioseo_notices":[],"yoast_head":"<!-- This site is optimized with the Yoast SEO plugin v27.4 - https:\/\/yoast.com\/product\/yoast-seo-wordpress\/ -->\n<title>GSM BEZ KLORA SREDSTVO ZA STROJNO PRANJE SU\u0110A 12,5kg - TNT<\/title>\n<meta name=\"robots\" content=\"index, follow, max-snippet:-1, max-image-preview:large, max-video-preview:-1\" \/>\n<link rel=\"canonical\" href=\"https:\/\/tinte-toneri.hr\/en\/shop\/uncategorized\/gsm-bez-klora-sredstvo-za-strojno-pranje-suda-125kg\/\" \/>\n<meta property=\"og:locale\" content=\"en_US\" \/>\n<meta property=\"og:type\" content=\"article\" \/>\n<meta property=\"og:title\" content=\"GSM BEZ KLORA SREDSTVO ZA STROJNO PRANJE SU\u0110A 12,5kg - TNT\" \/>\n<meta property=\"og:description\" content=\"Za pranje posu\u0111a otpornog na lu\u017eine, ner\u0111aju\u0107eg \u010delika, plastike otporne na vru\u0107inu i porculan sa stabilnom dekoracijom, Izuzetne osobine odstranjivanja masti i nestanka proteina. &nbsp;\" \/>\n<meta property=\"og:url\" content=\"https:\/\/tinte-toneri.hr\/en\/shop\/uncategorized\/gsm-bez-klora-sredstvo-za-strojno-pranje-suda-125kg\/\" \/>\n<meta property=\"og:site_name\" content=\"TNT\" \/>\n<meta property=\"article:modified_time\" content=\"2024-09-23T06:47:14+00:00\" \/>\n<meta property=\"og:image\" content=\"https:\/\/tinte-toneri.hr\/wp-content\/uploads\/2024\/02\/GSM-BEZ-KLORA.jpg\" \/>\n\t<meta property=\"og:image:width\" content=\"1000\" \/>\n\t<meta property=\"og:image:height\" content=\"1000\" \/>\n\t<meta property=\"og:image:type\" content=\"image\/jpeg\" \/>\n<meta name=\"twitter:card\" content=\"summary_large_image\" \/>\n<meta name=\"twitter:label1\" content=\"Est. reading time\" \/>\n\t<meta name=\"twitter:data1\" content=\"1 minute\" \/>\n<script type=\"application\/ld+json\" class=\"yoast-schema-graph\">{\"@context\":\"https:\\\/\\\/schema.org\",\"@graph\":[{\"@type\":\"WebPage\",\"@id\":\"https:\\\/\\\/tinte-toneri.hr\\\/shop\\\/uncategorized\\\/gsm-bez-klora-sredstvo-za-strojno-pranje-suda-125kg\\\/\",\"url\":\"https:\\\/\\\/tinte-toneri.hr\\\/shop\\\/uncategorized\\\/gsm-bez-klora-sredstvo-za-strojno-pranje-suda-125kg\\\/\",\"name\":\"GSM BEZ KLORA SREDSTVO ZA STROJNO PRANJE SU\u0110A 12,5kg - TNT\",\"isPartOf\":{\"@id\":\"https:\\\/\\\/tinte-toneri.hr\\\/#website\"},\"primaryImageOfPage\":{\"@id\":\"https:\\\/\\\/tinte-toneri.hr\\\/shop\\\/uncategorized\\\/gsm-bez-klora-sredstvo-za-strojno-pranje-suda-125kg\\\/#primaryimage\"},\"image\":{\"@id\":\"https:\\\/\\\/tinte-toneri.hr\\\/shop\\\/uncategorized\\\/gsm-bez-klora-sredstvo-za-strojno-pranje-suda-125kg\\\/#primaryimage\"},\"thumbnailUrl\":\"https:\\\/\\\/tinte-toneri.hr\\\/wp-content\\\/uploads\\\/2024\\\/02\\\/GSM-BEZ-KLORA.jpg\",\"datePublished\":\"2024-02-11T20:37:10+00:00\",\"dateModified\":\"2024-09-23T06:47:14+00:00\",\"breadcrumb\":{\"@id\":\"https:\\\/\\\/tinte-toneri.hr\\\/shop\\\/uncategorized\\\/gsm-bez-klora-sredstvo-za-strojno-pranje-suda-125kg\\\/#breadcrumb\"},\"inLanguage\":\"en-US\",\"potentialAction\":[{\"@type\":\"ReadAction\",\"target\":[\"https:\\\/\\\/tinte-toneri.hr\\\/shop\\\/uncategorized\\\/gsm-bez-klora-sredstvo-za-strojno-pranje-suda-125kg\\\/\"]}]},{\"@type\":\"ImageObject\",\"inLanguage\":\"en-US\",\"@id\":\"https:\\\/\\\/tinte-toneri.hr\\\/shop\\\/uncategorized\\\/gsm-bez-klora-sredstvo-za-strojno-pranje-suda-125kg\\\/#primaryimage\",\"url\":\"https:\\\/\\\/tinte-toneri.hr\\\/wp-content\\\/uploads\\\/2024\\\/02\\\/GSM-BEZ-KLORA.jpg\",\"contentUrl\":\"https:\\\/\\\/tinte-toneri.hr\\\/wp-content\\\/uploads\\\/2024\\\/02\\\/GSM-BEZ-KLORA.jpg\",\"width\":1000,\"height\":1000},{\"@type\":\"BreadcrumbList\",\"@id\":\"https:\\\/\\\/tinte-toneri.hr\\\/shop\\\/uncategorized\\\/gsm-bez-klora-sredstvo-za-strojno-pranje-suda-125kg\\\/#breadcrumb\",\"itemListElement\":[{\"@type\":\"ListItem\",\"position\":1,\"name\":\"Po\u010detna stranica\",\"item\":\"https:\\\/\\\/tinte-toneri.hr\\\/\"},{\"@type\":\"ListItem\",\"position\":2,\"name\":\"Shop\",\"item\":\"https:\\\/\\\/tinte-toneri.hr\\\/shop\\\/\"},{\"@type\":\"ListItem\",\"position\":3,\"name\":\"GSM BEZ KLORA SREDSTVO ZA STROJNO PRANJE SU\u0110A 12,5kg\"}]},{\"@type\":\"WebSite\",\"@id\":\"https:\\\/\\\/tinte-toneri.hr\\\/#website\",\"url\":\"https:\\\/\\\/tinte-toneri.hr\\\/\",\"name\":\"TNT\",\"description\":\"Tinte i toneri\",\"publisher\":{\"@id\":\"https:\\\/\\\/tinte-toneri.hr\\\/#organization\"},\"potentialAction\":[{\"@type\":\"SearchAction\",\"target\":{\"@type\":\"EntryPoint\",\"urlTemplate\":\"https:\\\/\\\/tinte-toneri.hr\\\/?s={search_term_string}\"},\"query-input\":{\"@type\":\"PropertyValueSpecification\",\"valueRequired\":true,\"valueName\":\"search_term_string\"}}],\"inLanguage\":\"en-US\"},{\"@type\":\"Organization\",\"@id\":\"https:\\\/\\\/tinte-toneri.hr\\\/#organization\",\"name\":\"TNT Global\",\"url\":\"https:\\\/\\\/tinte-toneri.hr\\\/\",\"logo\":{\"@type\":\"ImageObject\",\"inLanguage\":\"en-US\",\"@id\":\"https:\\\/\\\/tinte-toneri.hr\\\/#\\\/schema\\\/logo\\\/image\\\/\",\"url\":\"https:\\\/\\\/tinte-toneri.hr\\\/wp-content\\\/uploads\\\/2023\\\/10\\\/cropped-Logo1-removebg.png\",\"contentUrl\":\"https:\\\/\\\/tinte-toneri.hr\\\/wp-content\\\/uploads\\\/2023\\\/10\\\/cropped-Logo1-removebg.png\",\"width\":2124,\"height\":2129,\"caption\":\"TNT Global\"},\"image\":{\"@id\":\"https:\\\/\\\/tinte-toneri.hr\\\/#\\\/schema\\\/logo\\\/image\\\/\"}}]}<\/script>\n<!-- \/ Yoast SEO plugin. -->","yoast_head_json":{"title":"GSM BEZ KLORA SREDSTVO ZA STROJNO PRANJE SU\u0110A 12,5kg - TNT","robots":{"index":"index","follow":"follow","max-snippet":"max-snippet:-1","max-image-preview":"max-image-preview:large","max-video-preview":"max-video-preview:-1"},"canonical":"https:\/\/tinte-toneri.hr\/en\/shop\/uncategorized\/gsm-bez-klora-sredstvo-za-strojno-pranje-suda-125kg\/","og_locale":"en_US","og_type":"article","og_title":"GSM BEZ KLORA SREDSTVO ZA STROJNO PRANJE SU\u0110A 12,5kg - TNT","og_description":"Za pranje posu\u0111a otpornog na lu\u017eine, ner\u0111aju\u0107eg \u010delika, plastike otporne na vru\u0107inu i porculan sa stabilnom dekoracijom, Izuzetne osobine odstranjivanja masti i nestanka proteina. &nbsp;","og_url":"https:\/\/tinte-toneri.hr\/en\/shop\/uncategorized\/gsm-bez-klora-sredstvo-za-strojno-pranje-suda-125kg\/","og_site_name":"TNT","article_modified_time":"2024-09-23T06:47:14+00:00","og_image":[{"width":1000,"height":1000,"url":"https:\/\/tinte-toneri.hr\/wp-content\/uploads\/2024\/02\/GSM-BEZ-KLORA.jpg","type":"image\/jpeg"}],"twitter_card":"summary_large_image","twitter_misc":{"Est. reading time":"1 minute"},"schema":{"@context":"https:\/\/schema.org","@graph":[{"@type":"WebPage","@id":"https:\/\/tinte-toneri.hr\/shop\/uncategorized\/gsm-bez-klora-sredstvo-za-strojno-pranje-suda-125kg\/","url":"https:\/\/tinte-toneri.hr\/shop\/uncategorized\/gsm-bez-klora-sredstvo-za-strojno-pranje-suda-125kg\/","name":"GSM BEZ KLORA SREDSTVO ZA STROJNO PRANJE SU\u0110A 12,5kg - TNT","isPartOf":{"@id":"https:\/\/tinte-toneri.hr\/#website"},"primaryImageOfPage":{"@id":"https:\/\/tinte-toneri.hr\/shop\/uncategorized\/gsm-bez-klora-sredstvo-za-strojno-pranje-suda-125kg\/#primaryimage"},"image":{"@id":"https:\/\/tinte-toneri.hr\/shop\/uncategorized\/gsm-bez-klora-sredstvo-za-strojno-pranje-suda-125kg\/#primaryimage"},"thumbnailUrl":"https:\/\/tinte-toneri.hr\/wp-content\/uploads\/2024\/02\/GSM-BEZ-KLORA.jpg","datePublished":"2024-02-11T20:37:10+00:00","dateModified":"2024-09-23T06:47:14+00:00","breadcrumb":{"@id":"https:\/\/tinte-toneri.hr\/shop\/uncategorized\/gsm-bez-klora-sredstvo-za-strojno-pranje-suda-125kg\/#breadcrumb"},"inLanguage":"en-US","potentialAction":[{"@type":"ReadAction","target":["https:\/\/tinte-toneri.hr\/shop\/uncategorized\/gsm-bez-klora-sredstvo-za-strojno-pranje-suda-125kg\/"]}]},{"@type":"ImageObject","inLanguage":"en-US","@id":"https:\/\/tinte-toneri.hr\/shop\/uncategorized\/gsm-bez-klora-sredstvo-za-strojno-pranje-suda-125kg\/#primaryimage","url":"https:\/\/tinte-toneri.hr\/wp-content\/uploads\/2024\/02\/GSM-BEZ-KLORA.jpg","contentUrl":"https:\/\/tinte-toneri.hr\/wp-content\/uploads\/2024\/02\/GSM-BEZ-KLORA.jpg","width":1000,"height":1000},{"@type":"BreadcrumbList","@id":"https:\/\/tinte-toneri.hr\/shop\/uncategorized\/gsm-bez-klora-sredstvo-za-strojno-pranje-suda-125kg\/#breadcrumb","itemListElement":[{"@type":"ListItem","position":1,"name":"Po\u010detna stranica","item":"https:\/\/tinte-toneri.hr\/"},{"@type":"ListItem","position":2,"name":"Shop","item":"https:\/\/tinte-toneri.hr\/shop\/"},{"@type":"ListItem","position":3,"name":"GSM BEZ KLORA SREDSTVO ZA STROJNO PRANJE SU\u0110A 12,5kg"}]},{"@type":"WebSite","@id":"https:\/\/tinte-toneri.hr\/#website","url":"https:\/\/tinte-toneri.hr\/","name":"TNT","description":"Tinte i toneri","publisher":{"@id":"https:\/\/tinte-toneri.hr\/#organization"},"potentialAction":[{"@type":"SearchAction","target":{"@type":"EntryPoint","urlTemplate":"https:\/\/tinte-toneri.hr\/?s={search_term_string}"},"query-input":{"@type":"PropertyValueSpecification","valueRequired":true,"valueName":"search_term_string"}}],"inLanguage":"en-US"},{"@type":"Organization","@id":"https:\/\/tinte-toneri.hr\/#organization","name":"TNT Global","url":"https:\/\/tinte-toneri.hr\/","logo":{"@type":"ImageObject","inLanguage":"en-US","@id":"https:\/\/tinte-toneri.hr\/#\/schema\/logo\/image\/","url":"https:\/\/tinte-toneri.hr\/wp-content\/uploads\/2023\/10\/cropped-Logo1-removebg.png","contentUrl":"https:\/\/tinte-toneri.hr\/wp-content\/uploads\/2023\/10\/cropped-Logo1-removebg.png","width":2124,"height":2129,"caption":"TNT Global"},"image":{"@id":"https:\/\/tinte-toneri.hr\/#\/schema\/logo\/image\/"}}]}},"jetpack_sharing_enabled":true,"_links":{"self":[{"href":"https:\/\/tinte-toneri.hr\/en\/wp-json\/wp\/v2\/product\/7071","targetHints":{"allow":["GET"]}}],"collection":[{"href":"https:\/\/tinte-toneri.hr\/en\/wp-json\/wp\/v2\/product"}],"about":[{"href":"https:\/\/tinte-toneri.hr\/en\/wp-json\/wp\/v2\/types\/product"}],"replies":[{"embeddable":true,"href":"https:\/\/tinte-toneri.hr\/en\/wp-json\/wp\/v2\/comments?post=7071"}],"wp:featuredmedia":[{"embeddable":true,"href":"https:\/\/tinte-toneri.hr\/en\/wp-json\/wp\/v2\/media\/7041"}],"wp:attachment":[{"href":"https:\/\/tinte-toneri.hr\/en\/wp-json\/wp\/v2\/media?parent=7071"}],"wp:term":[{"taxonomy":"product_brand","embeddable":true,"href":"https:\/\/tinte-toneri.hr\/en\/wp-json\/wp\/v2\/product_brand?post=7071"},{"taxonomy":"product_cat","embeddable":true,"href":"https:\/\/tinte-toneri.hr\/en\/wp-json\/wp\/v2\/product_cat?post=7071"},{"taxonomy":"product_tag","embeddable":true,"href":"https:\/\/tinte-toneri.hr\/en\/wp-json\/wp\/v2\/product_tag?post=7071"}],"curies":[{"name":"wp","href":"https:\/\/api.w.org\/{rel}","templated":true}]}}